{"id":5120,"date":"2024-08-20T10:39:29","date_gmt":"2024-08-20T08:39:29","guid":{"rendered":"https:\/\/miritglas.com\/?post_type=product&#038;p=5120"},"modified":"2025-04-09T13:02:07","modified_gmt":"2025-04-09T11:02:07","slug":"dubrit","status":"publish","type":"product","link":"https:\/\/miritglas.com\/sv\/produkter\/dubrit\/","title":{"rendered":"Dubrit"},"content":{"rendered":"\t\t<div data-elementor-type=\"wp-post\" data-elementor-id=\"5120\" class=\"elementor elementor-5120 elementor-5098\" data-elementor-post-type=\"product\">\n\t\t\t\t<div class=\"elementor-element elementor-element-37e0864a e-flex e-con-boxed e-con e-parent\" data-id=\"37e0864a\" data-element_type=\"container\" data-e-type=\"container\">\n\t\t\t\t\t<div class=\"e-con-inner\">\n\t\t<div class=\"elementor-element elementor-element-7f3bdc3a e-con-full e-flex e-con e-child\" data-id=\"7f3bdc3a\" data-element_type=\"container\" data-e-type=\"container\">\n\t\t\t\t<div class=\"elementor-element elementor-element-1099c826 elementor-widget elementor-widget-text-editor\" data-id=\"1099c826\" data-element_type=\"widget\" data-e-type=\"widget\" data-widget_type=\"text-editor.default\">\n\t\t\t\t<div class=\"elementor-widget-container\">\n\t\t\t\t\t\t\t\t\t<h2>Dubrit \u2013 Specialtillverkade Skipsf\u00f6nster<\/h2>\n<p>I \u00f6ver 40 \u00e5r har Mirit Glas tillverkat ko\u00f6gon och andra skipsf\u00f6nster under v\u00e5rt eget varum\u00e4rke, Dubrit.<\/p>\n<p>Dubrit-f\u00f6nstren \u00e4r tillverkade av <a href=\"https:\/\/miritglas.com\/sv\/produkter\/hardat-glas\/\">h\u00e4rdat glas<\/a> och designade f\u00f6r att st\u00e5 emot de h\u00e5rda f\u00f6rh\u00e5llandena till sj\u00f6ss. Vi \u00e4r ocks\u00e5 certifierade enligt den maritima ISO-standarden 614:2012, vilket inneb\u00e4r att v\u00e5ra skipsf\u00f6nster \u00e4r producerade f\u00f6r att uppfylla strikta internationella s\u00e4kerhets- och kvalitetskrav.<\/p>\n<p>Hos Mirit Glas tillverkar vi s\u00e4rskilt mindre skipsf\u00f6nster f\u00f6r kommersiella fartyg.<\/p>\n<p>Vi kan tillverka f\u00f6nstren i tjocklekar fr\u00e5n 6 mm till 25 mm f\u00f6r att m\u00f6ta de krav som st\u00e4lls p\u00e5 f\u00f6nstren.<\/p>\n<p>Dubrit-skipsf\u00f6nster \u00e4r idealiska f\u00f6r kommersiella fartyg, inklusive fiskeb\u00e5tar, fraktfartyg och offshore-unders\u00f6kningsfartyg. Med en l\u00e5ng tradition av att tillverka mindre f\u00f6nster och ko\u00f6gon har Mirit Glas kunnat f\u00f6rse m\u00e5nga fartyg med f\u00f6nster som \u00e4r byggda f\u00f6r att t\u00e5la havets pr\u00f6vningar och s\u00e4kerst\u00e4lla maximal s\u00e4kerhet och klarhet under alla f\u00f6rh\u00e5llanden.<\/p>\n\t\t\t\t\t\t\t\t<\/div>\n\t\t\t\t<\/div>\n\t\t\t\t<div class=\"elementor-element elementor-element-34416c0 elementor-widget elementor-widget-button\" data-id=\"34416c0\" data-element_type=\"widget\" data-e-type=\"widget\" data-widget_type=\"button.default\">\n\t\t\t\t<div class=\"elementor-widget-container\">\n\t\t\t\t\t\t\t\t\t<div class=\"elementor-button-wrapper\">\n\t\t\t\t\t<a class=\"elementor-button elementor-button-link elementor-size-md\" href=\"https:\/\/miritglas.com\/sv\/kontakta-oss\/\">\n\t\t\t\t\t\t<span class=\"elementor-button-content-wrapper\">\n\t\t\t\t\t\t\t\t\t<span class=\"elementor-button-text\">Kontakta oss idag<\/span>\n\t\t\t\t\t<\/span>\n\t\t\t\t\t<\/a>\n\t\t\t\t<\/div>\n\t\t\t\t\t\t\t\t<\/div>\n\t\t\t\t<\/div>\n\t\t\t\t<\/div>\n\t\t<div class=\"elementor-element elementor-element-6e485db8 e-con-full e-flex e-con e-child\" data-id=\"6e485db8\" data-element_type=\"container\" data-e-type=\"container\">\n\t\t\t\t<div class=\"elementor-element elementor-element-1338bbc2 elementor-absolute elementor-widget elementor-widget-image\" data-id=\"1338bbc2\" data-element_type=\"widget\" data-e-type=\"widget\" data-settings=\"{&quot;_position&quot;:&quot;absolute&quot;}\" data-widget_type=\"image.default\">\n\t\t\t\t<div class=\"elementor-widget-container\">\n\t\t\t\t\t\t\t\t\t\t\t\t\t\t\t<img fetchpriority=\"high\" decoding=\"async\" width=\"230\" height=\"230\" src=\"https:\/\/miritglas.com\/wp-content\/uploads\/2023\/08\/logo-icon.png\" class=\"attachment-medium size-medium wp-image-169\" alt=\"Mirit glas logo.\" srcset=\"https:\/\/miritglas.com\/wp-content\/uploads\/2023\/08\/logo-icon.png 230w, https:\/\/miritglas.com\/wp-content\/uploads\/2023\/08\/logo-icon-150x150.png 150w\" sizes=\"(max-width: 230px) 100vw, 230px\" title=\"\">\t\t\t\t\t\t\t\t\t\t\t\t\t\t\t<\/div>\n\t\t\t\t<\/div>\n\t\t\t\t<div class=\"elementor-element elementor-element-1298b185 elementor-widget elementor-widget-image\" data-id=\"1298b185\" data-element_type=\"widget\" data-e-type=\"widget\" data-widget_type=\"image.default\">\n\t\t\t\t<div class=\"elementor-widget-container\">\n\t\t\t\t\t\t\t\t\t\t\t\t\t\t\t<img decoding=\"async\" width=\"766\" height=\"1024\" src=\"https:\/\/miritglas.com\/wp-content\/uploads\/2024\/08\/20240109_143020-766x1024.jpg\" class=\"attachment-large size-large wp-image-5107\" alt=\"Dubrit til skibsruder som ko\u00f8jer\" srcset=\"https:\/\/miritglas.com\/wp-content\/uploads\/2024\/08\/20240109_143020-766x1024.jpg 766w, https:\/\/miritglas.com\/wp-content\/uploads\/2024\/08\/20240109_143020-224x300.jpg 224w, https:\/\/miritglas.com\/wp-content\/uploads\/2024\/08\/20240109_143020-768x1027.jpg 768w, https:\/\/miritglas.com\/wp-content\/uploads\/2024\/08\/20240109_143020-1149x1536.jpg 1149w, https:\/\/miritglas.com\/wp-content\/uploads\/2024\/08\/20240109_143020-1532x2048.jpg 1532w, https:\/\/miritglas.com\/wp-content\/uploads\/2024\/08\/20240109_143020.jpg 1915w\" sizes=\"(max-width: 766px) 100vw, 766px\" title=\"\">\t\t\t\t\t\t\t\t\t\t\t\t\t\t\t<\/div>\n\t\t\t\t<\/div>\n\t\t\t\t<\/div>\n\t\t\t\t\t<\/div>\n\t\t\t\t<\/div>\n\t\t\t\t<\/div>\n\t\t","protected":false},"featured_media":5107,"template":"","class_list":["post-5120","product","type-product","status-publish","has-post-thumbnail","hentry"],"acf":[],"_links":{"self":[{"href":"https:\/\/miritglas.com\/sv\/wp-json\/wp\/v2\/product\/5120","targetHints":{"allow":["GET"]}}],"collection":[{"href":"https:\/\/miritglas.com\/sv\/wp-json\/wp\/v2\/product"}],"about":[{"href":"https:\/\/miritglas.com\/sv\/wp-json\/wp\/v2\/types\/product"}],"version-history":[{"count":6,"href":"https:\/\/miritglas.com\/sv\/wp-json\/wp\/v2\/product\/5120\/revisions"}],"predecessor-version":[{"id":5617,"href":"https:\/\/miritglas.com\/sv\/wp-json\/wp\/v2\/product\/5120\/revisions\/5617"}],"wp:featuredmedia":[{"embeddable":true,"href":"https:\/\/miritglas.com\/sv\/wp-json\/wp\/v2\/media\/5107"}],"wp:attachment":[{"href":"https:\/\/miritglas.com\/sv\/wp-json\/wp\/v2\/media?parent=5120"}],"curies":[{"name":"wp","href":"https:\/\/api.w.org\/{rel}","templated":true}]}}