{"id":3535,"date":"2025-11-10T12:18:48","date_gmt":"2025-11-10T11:18:48","guid":{"rendered":"https:\/\/miritglas.com\/?post_type=product&#038;p=3535"},"modified":"2025-04-28T15:45:28","modified_gmt":"2025-04-28T13:45:28","slug":"glasror-och-glasstavar","status":"publish","type":"product","link":"https:\/\/miritglas.com\/sv\/produkter\/glasror-och-glasstavar\/","title":{"rendered":"Glasr\u00f6r och glasstavar"},"content":{"rendered":"\t\t<div data-elementor-type=\"wp-post\" data-elementor-id=\"3535\" class=\"elementor elementor-3535 elementor-3525\" data-elementor-post-type=\"product\">\n\t\t\t\t<div class=\"elementor-element elementor-element-37aa5de8 e-flex e-con-boxed e-con e-parent\" data-id=\"37aa5de8\" data-element_type=\"container\" data-e-type=\"container\">\n\t\t\t\t\t<div class=\"e-con-inner\">\n\t\t<div class=\"elementor-element elementor-element-4b454493 e-con-full e-flex e-con e-parent\" data-id=\"4b454493\" data-element_type=\"container\" data-e-type=\"container\">\n\t\t\t\t<div class=\"elementor-element elementor-element-4b8c37b2 elementor-widget elementor-widget-text-editor\" data-id=\"4b8c37b2\" data-element_type=\"widget\" data-e-type=\"widget\" data-widget_type=\"text-editor.default\">\n\t\t\t\t<div class=\"elementor-widget-container\">\n\t\t\t\t\t\t\t\t\t<h2>Glasr\u00f6r och glasstavar<\/h2>\n<p><strong>Mirit Glas har ett av det st\u00f6rsta och mest v\u00e4lsorterade utbud av glasr\u00f6r och glasstavar i Norden och vi arbetar p\u00e5 best\u00e4llning<\/strong><\/p>\n<p>Tack vare v\u00e5rt m\u00e5ngsidiga utbud levererar Mirit Glas glasr\u00f6r og glasstavar till allt ifr\u00e5n laboratorier och industrier, till designf\u00f6retag. Glasen anv\u00e4nds framf\u00f6r allt f\u00f6r industriella processer, bl.a. f\u00f6r olje- och vattenniv\u00e5glas i fartyg, tankar, kompressorer m.m. Glasr\u00f6ren g\u00f6r det m\u00f6jligt att \u00f6vervaka processen och kan d\u00e4rf\u00f6r anv\u00e4ndas i m\u00e5nga olika slags produktion.<\/p>\n<p>Vill du veta mer om vad vi kan g\u00f6ra f\u00f6r dig? Kontakta oss och f\u00e5 en offert p\u00e5 glasproduktion eller bearbetning av glas.<\/p>\n\t\t\t\t\t\t\t\t<\/div>\n\t\t\t\t<\/div>\n\t\t\t\t<div class=\"elementor-element elementor-element-477af47c elementor-widget elementor-widget-button\" data-id=\"477af47c\" data-element_type=\"widget\" data-e-type=\"widget\" data-widget_type=\"button.default\">\n\t\t\t\t<div class=\"elementor-widget-container\">\n\t\t\t\t\t\t\t\t\t<div class=\"elementor-button-wrapper\">\n\t\t\t\t\t<a class=\"elementor-button elementor-button-link elementor-size-md\" href=\"https:\/\/miritglas.com\/sv\/kontakta-oss\/\">\n\t\t\t\t\t\t<span class=\"elementor-button-content-wrapper\">\n\t\t\t\t\t\t\t\t\t<span class=\"elementor-button-text\">Kontakta oss idag<\/span>\n\t\t\t\t\t<\/span>\n\t\t\t\t\t<\/a>\n\t\t\t\t<\/div>\n\t\t\t\t\t\t\t\t<\/div>\n\t\t\t\t<\/div>\n\t\t\t\t<\/div>\n\t\t<div class=\"elementor-element elementor-element-576d5e18 e-con-full e-flex e-con e-parent\" data-id=\"576d5e18\" data-element_type=\"container\" data-e-type=\"container\">\n\t\t\t\t<div class=\"elementor-element elementor-element-6cdeb849 elementor-absolute elementor-widget elementor-widget-image\" data-id=\"6cdeb849\" data-element_type=\"widget\" data-e-type=\"widget\" data-settings=\"{&quot;_position&quot;:&quot;absolute&quot;}\" data-widget_type=\"image.default\">\n\t\t\t\t<div class=\"elementor-widget-container\">\n\t\t\t\t\t\t\t\t\t\t\t\t\t\t\t<img fetchpriority=\"high\" decoding=\"async\" width=\"230\" height=\"230\" src=\"https:\/\/miritglas.com\/wp-content\/uploads\/2023\/08\/logo-icon.png\" class=\"attachment-medium size-medium wp-image-169\" alt=\"Mirit glas logo.\" srcset=\"https:\/\/miritglas.com\/wp-content\/uploads\/2023\/08\/logo-icon.png 230w, https:\/\/miritglas.com\/wp-content\/uploads\/2023\/08\/logo-icon-150x150.png 150w\" sizes=\"(max-width: 230px) 100vw, 230px\" title=\"\">\t\t\t\t\t\t\t\t\t\t\t\t\t\t\t<\/div>\n\t\t\t\t<\/div>\n\t\t<div class=\"elementor-element elementor-element-44802d36 e-flex e-con-boxed e-con e-parent\" data-id=\"44802d36\" data-element_type=\"container\" data-e-type=\"container\" data-settings=\"{&quot;background_background&quot;:&quot;classic&quot;}\">\n\t\t\t\t\t<div class=\"e-con-inner\">\n\t\t\t\t<div class=\"elementor-element elementor-element-4979d15e elementor-widget elementor-widget-text-editor\" data-id=\"4979d15e\" data-element_type=\"widget\" data-e-type=\"widget\" data-widget_type=\"text-editor.default\">\n\t\t\t\t<div class=\"elementor-widget-container\">\n\t\t\t\t\t\t\t\t\t<h4>Kortfattat<\/h4>\r\n<ul>\r\n \t<li class=\"li1\"><span class=\"s2\">Kan anv\u00e4ndas f\u00f6r industriella processer<\/span><\/li>\r\n \t<li class=\"li1\"><span class=\"s2\">Kan anv\u00e4ndas f\u00f6r elektronisk belysning och f\u00f6r levande ljus<\/span><\/li>\r\n \t<li class=\"li1\"><span class=\"s2\">Kan v\u00e4rmebehandlas om du vill ha en s\u00e4rskild form<\/span><\/li>\r\n \t<li class=\"li1\"><span class=\"s2\">Levereras efter individuella behov, t.ex. med borrade h\u00e5l, utsk\u00e4rningar och s\u00e4rskilda kantbearbetningar<\/span><\/li>\r\n \t<li class=\"li1\"><span class=\"s2\">Snabb leverans av glasr\u00f6r fr\u00e5n \u00d8\u00a03\u2013400\u00a0mm<\/span><\/li>\r\n<\/ul>\t\t\t\t\t\t\t\t<\/div>\n\t\t\t\t<\/div>\n\t\t\t\t\t<\/div>\n\t\t\t\t<\/div>\n\t\t\t\t<\/div>\n\t\t\t\t\t<\/div>\n\t\t\t\t<\/div>\n\t\t<div class=\"elementor-element elementor-element-36c4c73c e-flex e-con-boxed e-con e-parent\" data-id=\"36c4c73c\" data-element_type=\"container\" data-e-type=\"container\" data-settings=\"{&quot;background_background&quot;:&quot;classic&quot;}\">\n\t\t\t\t\t<div class=\"e-con-inner\">\n\t\t<div class=\"elementor-element elementor-element-7d2d6e33 e-con-full e-flex e-con e-parent\" data-id=\"7d2d6e33\" data-element_type=\"container\" data-e-type=\"container\">\n\t\t\t\t<div class=\"elementor-element elementor-element-598bddca elementor-widget elementor-widget-text-editor\" data-id=\"598bddca\" data-element_type=\"widget\" data-e-type=\"widget\" data-widget_type=\"text-editor.default\">\n\t\t\t\t<div class=\"elementor-widget-container\">\n\t\t\t\t\t\t\t\t\t<h3>Glasets egenskaper<\/h3>\n<p>Vi har alltid som standard ett brett utbud av tjocklekar och storlekar av\u00a0<a href=\"https:\/\/miritglas.com\/se\/produkt\/borosilikatglas\/\">borosilikatglas<\/a>\u00a0p\u00e5 lager, vilket inneb\u00e4r att \u00a0vi kan leverera snabbt.\u00a0Vi er lagerf\u00f8rende i glasr\u00f8r fra \u00f83 mm \u2013 \u00f8400 mm. Glar\u00f8r og glasst\u00e6nger udf\u00f8rt i borosilikatglas har mange forskellige anvendelsesomr\u00e5der, da glasset er resistent over for kemikalier og temperaturforskelle.\u00a0Glasr\u00f6r och glasst\u00e4nger finns ocks\u00e5 i\u00a0<a href=\"https:\/\/miritglas.com\/se\/produkt\/kvartsglas\/\">kvarts<\/a>\/ och\u00a0<a href=\"https:\/\/miritglas.com\/se\/produkt\/floatglas\/\">sodaglas<\/a>\u00a0(vanligt glas). Dessutom erbjuder vi vissa r\u00f6r i rektangul\u00e4ra former.<\/p>\n\t\t\t\t\t\t\t\t<\/div>\n\t\t\t\t<\/div>\n\t\t\t\t<\/div>\n\t\t<div class=\"elementor-element elementor-element-1df91e00 e-con-full e-flex e-con e-parent\" data-id=\"1df91e00\" data-element_type=\"container\" data-e-type=\"container\">\n\t\t\t\t<div class=\"elementor-element elementor-element-2f0413c6 elementor-widget elementor-widget-image\" data-id=\"2f0413c6\" data-element_type=\"widget\" data-e-type=\"widget\" data-widget_type=\"image.default\">\n\t\t\t\t<div class=\"elementor-widget-container\">\n\t\t\t\t\t\t\t\t\t\t\t\t\t\t\t<img decoding=\"async\" width=\"768\" height=\"549\" src=\"https:\/\/miritglas.com\/wp-content\/uploads\/2023\/08\/glasror_og_stanger-768x549.webp\" class=\"attachment-medium_large size-medium_large wp-image-324\" alt=\"Glass tubes in all shapes and sizes\" srcset=\"https:\/\/miritglas.com\/wp-content\/uploads\/2023\/08\/glasror_og_stanger-768x549.webp 768w, https:\/\/miritglas.com\/wp-content\/uploads\/2023\/08\/glasror_og_stanger-300x214.webp 300w, https:\/\/miritglas.com\/wp-content\/uploads\/2023\/08\/glasror_og_stanger-1024x732.webp 1024w, https:\/\/miritglas.com\/wp-content\/uploads\/2023\/08\/glasror_og_stanger-1536x1098.webp 1536w, https:\/\/miritglas.com\/wp-content\/uploads\/2023\/08\/glasror_og_stanger-2048x1464.webp 2048w\" sizes=\"(max-width: 768px) 100vw, 768px\" title=\"\">\t\t\t\t\t\t\t\t\t\t\t\t\t\t\t<\/div>\n\t\t\t\t<\/div>\n\t\t<div class=\"elementor-element elementor-element-555130d2 e-flex e-con-boxed e-con e-parent\" data-id=\"555130d2\" data-element_type=\"container\" data-e-type=\"container\" data-settings=\"{&quot;background_background&quot;:&quot;classic&quot;}\">\n\t\t\t\t\t<div class=\"e-con-inner\">\n\t\t\t\t<div class=\"elementor-element elementor-element-55831590 elementor-widget elementor-widget-text-editor\" data-id=\"55831590\" data-element_type=\"widget\" data-e-type=\"widget\" data-widget_type=\"text-editor.default\">\n\t\t\t\t<div class=\"elementor-widget-container\">\n\t\t\t\t\t\t\t\t\t<h4>Specialanpassning<\/h4>\n<p>Mirit Glas levererar efter m\u00e5tt i hela Skandinavien. Om det \u00e4r br\u00e5ttom erbjuder vi \u00e4ven leverans samma dag. Vill du veta mer om hur v\u00e5ra glasr\u00f6r och glasst\u00e4nger kan vara r\u00e4tt l\u00f6sning f\u00f6r dig \u00e4r du v\u00e4lkommen att kontakta oss, s\u00e5 hittar vi r\u00e4tt l\u00f6sning f\u00f6r era behov.<\/p>\n<p>Vi levererar en bred palett av glasprodukter som tillverkas p\u00e5 best\u00e4llning. Samtidigt har vi ett av Danmarks mest v\u00e4lsorterade r\u00e5varulager.<\/p>\n\t\t\t\t\t\t\t\t<\/div>\n\t\t\t\t<\/div>\n\t\t\t\t\t<\/div>\n\t\t\t\t<\/div>\n\t\t\t\t<\/div>\n\t\t\t\t\t<\/div>\n\t\t\t\t<\/div>\n\t\t\t\t<\/div>\n\t\t","protected":false},"featured_media":324,"template":"","class_list":["post-3535","product","type-product","status-publish","has-post-thumbnail","hentry"],"acf":[],"_links":{"self":[{"href":"https:\/\/miritglas.com\/sv\/wp-json\/wp\/v2\/product\/3535","targetHints":{"allow":["GET"]}}],"collection":[{"href":"https:\/\/miritglas.com\/sv\/wp-json\/wp\/v2\/product"}],"about":[{"href":"https:\/\/miritglas.com\/sv\/wp-json\/wp\/v2\/types\/product"}],"version-history":[{"count":2,"href":"https:\/\/miritglas.com\/sv\/wp-json\/wp\/v2\/product\/3535\/revisions"}],"predecessor-version":[{"id":5760,"href":"https:\/\/miritglas.com\/sv\/wp-json\/wp\/v2\/product\/3535\/revisions\/5760"}],"wp:featuredmedia":[{"embeddable":true,"href":"https:\/\/miritglas.com\/sv\/wp-json\/wp\/v2\/media\/324"}],"wp:attachment":[{"href":"https:\/\/miritglas.com\/sv\/wp-json\/wp\/v2\/media?parent=3535"}],"curies":[{"name":"wp","href":"https:\/\/api.w.org\/{rel}","templated":true}]}}