{"id":3136,"date":"2023-08-09T11:30:52","date_gmt":"2023-08-09T09:30:52","guid":{"rendered":"https:\/\/miritglas.com\/produkter\/uv-glas\/"},"modified":"2023-09-19T17:59:47","modified_gmt":"2023-09-19T15:59:47","slug":"uv-glas","status":"publish","type":"product","link":"https:\/\/miritglas.com\/sv\/produkter\/uv-glas\/","title":{"rendered":"UV-glas"},"content":{"rendered":"\t\t<div data-elementor-type=\"wp-post\" data-elementor-id=\"3136\" class=\"elementor elementor-3136 elementor-306\" data-elementor-post-type=\"product\">\n\t\t\t\t<div class=\"elementor-element elementor-element-273572c8 e-flex e-con-boxed e-con e-parent\" data-id=\"273572c8\" data-element_type=\"container\" data-e-type=\"container\">\n\t\t\t\t\t<div class=\"e-con-inner\">\n\t\t<div class=\"elementor-element elementor-element-1baaab5e e-con-full e-flex e-con e-parent\" data-id=\"1baaab5e\" data-element_type=\"container\" data-e-type=\"container\">\n\t\t\t\t<div class=\"elementor-element elementor-element-27823fa8 elementor-widget elementor-widget-text-editor\" data-id=\"27823fa8\" data-element_type=\"widget\" data-e-type=\"widget\" data-widget_type=\"text-editor.default\">\n\t\t\t\t<div class=\"elementor-widget-container\">\n\t\t\t\t\t\t\t\t\t<h2>UV-glas<\/h2>\n<p>Ultraviolett ljus (UV-ljus) \u00e4r b\u00e5de anv\u00e4ndbart och skadligt. D\u00e4rf\u00f6r finns det b\u00e5de glas som skyddar mot UV-ljus och glas som ser till att s\u00e5 mycket UV-ljus som m\u00f6jligt tr\u00e4nger igenom. Mirit Glas tillverkar glas f\u00f6r alla typer av UV-ljusl\u00f6sningar.<\/p>\n<p>Vanligtvis n\u00e4r du vill skydda dig mot UV-ljus anv\u00e4nder du en l\u00f6sning med\u00a0<a href=\"https:\/\/miritglas.com\/se\/produkt\/laminerat-glas\/\">laminerat glas<\/a>. Om du d\u00e4remot vill g\u00f6ra en l\u00f6sning som kr\u00e4ver s\u00e5 mycket ultraviolett ljus som m\u00f6jligt anv\u00e4nder du\u00a0<a href=\"https:\/\/miritglas.com\/se\/produkt\/kvartsglas\/\">kvartsglas<\/a>, gjort av ren kvartssand.<\/p>\n<p>N\u00e4r man pratar om UV-ljus \u00e4r det oftast ljus i spektrumet fr\u00e5n 100 till 400nm (nanometer). Det finns ocks\u00e5 extremt UV-ljus, som ligger mellan 21 och 121 nm (nanometer).<\/p>\n<p>Mirit Glas s\u00e4ljer glas som kan anv\u00e4ndas i b\u00e5de enkla och mer avancerade UV-l\u00f6sningar.<\/p>\n<p>Ett exempel p\u00e5 en l\u00f6sning d\u00e4r Mirit Glas levererar glas kan vara en UV-desinfektionsl\u00f6sning. Kvartsglas anv\u00e4nds vanligtvis h\u00e4r f\u00f6r att skydda UV-lamporna i desinfektionskammaren. Medan laminerat glas g\u00f6r det m\u00f6jligt att \u00f6vervaka processen fr\u00e5n utsidan, eftersom det f\u00f6rhindrar att de skadliga UV-str\u00e5larna lyser igenom och p\u00e5 de anst\u00e4llda som \u00f6vervakar systemet.<\/p>\n<p>Vill du veta mer om vad vi kan erbjuda? Kontakta d\u00e5 Mirit Glas och f\u00e5 ett erbjudande p\u00e5 exakt vilken typ av glas som ska anv\u00e4ndas i din UV-l\u00f6sning.<\/p>\n\t\t\t\t\t\t\t\t<\/div>\n\t\t\t\t<\/div>\n\t\t\t\t<div class=\"elementor-element elementor-element-64b62401 elementor-widget elementor-widget-button\" data-id=\"64b62401\" data-element_type=\"widget\" data-e-type=\"widget\" data-widget_type=\"button.default\">\n\t\t\t\t<div class=\"elementor-widget-container\">\n\t\t\t\t\t\t\t\t\t<div class=\"elementor-button-wrapper\">\n\t\t\t\t\t<a class=\"elementor-button elementor-button-link elementor-size-md\" href=\"https:\/\/miritglas.com\/sv\/kontakta-oss\/\">\n\t\t\t\t\t\t<span class=\"elementor-button-content-wrapper\">\n\t\t\t\t\t\t\t\t\t<span class=\"elementor-button-text\">Kontakta oss idag<\/span>\n\t\t\t\t\t<\/span>\n\t\t\t\t\t<\/a>\n\t\t\t\t<\/div>\n\t\t\t\t\t\t\t\t<\/div>\n\t\t\t\t<\/div>\n\t\t\t\t<\/div>\n\t\t<div class=\"elementor-element elementor-element-51349851 e-con-full e-flex e-con e-parent\" data-id=\"51349851\" data-element_type=\"container\" data-e-type=\"container\">\n\t\t\t\t<div class=\"elementor-element elementor-element-731a7780 elementor-absolute elementor-widget elementor-widget-image\" data-id=\"731a7780\" data-element_type=\"widget\" data-e-type=\"widget\" data-settings=\"{&quot;_position&quot;:&quot;absolute&quot;}\" data-widget_type=\"image.default\">\n\t\t\t\t<div class=\"elementor-widget-container\">\n\t\t\t\t\t\t\t\t\t\t\t\t\t\t\t<img fetchpriority=\"high\" decoding=\"async\" width=\"230\" height=\"230\" src=\"https:\/\/miritglas.com\/wp-content\/uploads\/2023\/08\/logo-icon.png\" class=\"attachment-medium size-medium wp-image-169\" alt=\"Mirit glas logo.\" srcset=\"https:\/\/miritglas.com\/wp-content\/uploads\/2023\/08\/logo-icon.png 230w, https:\/\/miritglas.com\/wp-content\/uploads\/2023\/08\/logo-icon-150x150.png 150w\" sizes=\"(max-width: 230px) 100vw, 230px\" title=\"\">\t\t\t\t\t\t\t\t\t\t\t\t\t\t\t<\/div>\n\t\t\t\t<\/div>\n\t\t\t\t<div class=\"elementor-element elementor-element-66876efc elementor-widget elementor-widget-image\" data-id=\"66876efc\" data-element_type=\"widget\" data-e-type=\"widget\" data-widget_type=\"image.default\">\n\t\t\t\t<div class=\"elementor-widget-container\">\n\t\t\t\t\t\t\t\t\t\t\t\t<figure class=\"wp-caption\">\n\t\t\t\t\t\t\t\t\t\t<img decoding=\"async\" src=\"https:\/\/miritglas.com\/wp-content\/uploads\/elementor\/thumbs\/uv-lys-some-qbhdh17a6pm01r8mv1qterm56pdwk21xcl8qtnae7k.jpeg\" title=\"uv-lys-some\" alt=\"uv-glas. B\u00e5de til mest muligt uv-lys komme igennem eller til at holde mest muligt UV-lys inde\" loading=\"lazy\" \/>\t\t\t\t\t\t\t\t\t\t\t<figcaption class=\"widget-image-caption wp-caption-text\">UV-glas \u00e4r ett tvetydigt ord, som anv\u00e4nds b\u00e5de om glas som skyddar mot UV-str\u00e5lar och om glas som l\u00e5ter s\u00e5 mycket UV-ljus som m\u00f6jligt tr\u00e4nga in.<\/figcaption>\n\t\t\t\t\t\t\t\t\t\t<\/figure>\n\t\t\t\t\t\t\t\t\t<\/div>\n\t\t\t\t<\/div>\n\t\t\t\t<\/div>\n\t\t\t\t\t<\/div>\n\t\t\t\t<\/div>\n\t\t\t\t<\/div>\n\t\t","protected":false},"featured_media":2146,"template":"","class_list":["post-3136","product","type-product","status-publish","has-post-thumbnail","hentry"],"acf":[],"_links":{"self":[{"href":"https:\/\/miritglas.com\/sv\/wp-json\/wp\/v2\/product\/3136","targetHints":{"allow":["GET"]}}],"collection":[{"href":"https:\/\/miritglas.com\/sv\/wp-json\/wp\/v2\/product"}],"about":[{"href":"https:\/\/miritglas.com\/sv\/wp-json\/wp\/v2\/types\/product"}],"version-history":[{"count":2,"href":"https:\/\/miritglas.com\/sv\/wp-json\/wp\/v2\/product\/3136\/revisions"}],"predecessor-version":[{"id":3522,"href":"https:\/\/miritglas.com\/sv\/wp-json\/wp\/v2\/product\/3136\/revisions\/3522"}],"wp:featuredmedia":[{"embeddable":true,"href":"https:\/\/miritglas.com\/sv\/wp-json\/wp\/v2\/media\/2146"}],"wp:attachment":[{"href":"https:\/\/miritglas.com\/sv\/wp-json\/wp\/v2\/media?parent=3136"}],"curies":[{"name":"wp","href":"https:\/\/api.w.org\/{rel}","templated":true}]}}