{"id":3132,"date":"2023-08-09T11:30:46","date_gmt":"2023-08-09T09:30:46","guid":{"rendered":"https:\/\/miritglas.com\/produkter\/tekniskt-glas\/"},"modified":"2023-09-19T17:59:39","modified_gmt":"2023-09-19T15:59:39","slug":"tekniskt-glas","status":"publish","type":"product","link":"https:\/\/miritglas.com\/sv\/produkter\/tekniskt-glas\/","title":{"rendered":"Tekniskt glas"},"content":{"rendered":"\t\t<div data-elementor-type=\"wp-post\" data-elementor-id=\"3132\" class=\"elementor elementor-3132 elementor-305\" data-elementor-post-type=\"product\">\n\t\t\t\t<div class=\"elementor-element elementor-element-77ba3917 e-flex e-con-boxed e-con e-parent\" data-id=\"77ba3917\" data-element_type=\"container\" data-e-type=\"container\">\n\t\t\t\t\t<div class=\"e-con-inner\">\n\t\t<div class=\"elementor-element elementor-element-6623cb2e e-con-full e-flex e-con e-parent\" data-id=\"6623cb2e\" data-element_type=\"container\" data-e-type=\"container\">\n\t\t\t\t<div class=\"elementor-element elementor-element-7a1b334 elementor-widget elementor-widget-text-editor\" data-id=\"7a1b334\" data-element_type=\"widget\" data-e-type=\"widget\" data-widget_type=\"text-editor.default\">\n\t\t\t\t<div class=\"elementor-widget-container\">\n\t\t\t\t\t\t\t\t\t<h2>Tekniskt glas \u2013 F\u00f6r mer \u00e4n bara syns skull<\/h2>\n<p>Tekniskt glas \u00e4r glas med speciella egenskaper. Genom bearbetning kan vanligt glas f\u00e5 egenskaper, som antingen har stor betydelse f\u00f6r s\u00e4kerheten, eller som funktion i slutf\u00f6randet av en viss anv\u00e4ndning eller design.<\/p>\n<p>Mirit Glas \u00e4r specialiserat p\u00e5 bearbetning av glas, och med v\u00e5rt mycket v\u00e4lsorterade r\u00e5varulager av tekniskt glas, kan vi alltid hitta en l\u00f6sning till v\u00e5ra kunder.<\/p>\n\t\t\t\t\t\t\t\t<\/div>\n\t\t\t\t<\/div>\n\t\t\t\t<div class=\"elementor-element elementor-element-56cefebb elementor-widget elementor-widget-button\" data-id=\"56cefebb\" data-element_type=\"widget\" data-e-type=\"widget\" data-widget_type=\"button.default\">\n\t\t\t\t<div class=\"elementor-widget-container\">\n\t\t\t\t\t\t\t\t\t<div class=\"elementor-button-wrapper\">\n\t\t\t\t\t<a class=\"elementor-button elementor-button-link elementor-size-md\" href=\"https:\/\/miritglas.com\/sv\/kontakta-oss\/\">\n\t\t\t\t\t\t<span class=\"elementor-button-content-wrapper\">\n\t\t\t\t\t\t\t\t\t<span class=\"elementor-button-text\">Kontakta oss idag<\/span>\n\t\t\t\t\t<\/span>\n\t\t\t\t\t<\/a>\n\t\t\t\t<\/div>\n\t\t\t\t\t\t\t\t<\/div>\n\t\t\t\t<\/div>\n\t\t\t\t<\/div>\n\t\t<div class=\"elementor-element elementor-element-7de951cb e-con-full e-flex e-con e-parent\" data-id=\"7de951cb\" data-element_type=\"container\" data-e-type=\"container\">\n\t\t\t\t<div class=\"elementor-element elementor-element-1e038aba elementor-absolute elementor-widget elementor-widget-image\" data-id=\"1e038aba\" data-element_type=\"widget\" data-e-type=\"widget\" data-settings=\"{&quot;_position&quot;:&quot;absolute&quot;}\" data-widget_type=\"image.default\">\n\t\t\t\t<div class=\"elementor-widget-container\">\n\t\t\t\t\t\t\t\t\t\t\t\t\t\t\t<img fetchpriority=\"high\" decoding=\"async\" width=\"230\" height=\"230\" src=\"https:\/\/miritglas.com\/wp-content\/uploads\/2023\/08\/logo-icon.png\" class=\"attachment-medium size-medium wp-image-169\" alt=\"Mirit glas logo.\" srcset=\"https:\/\/miritglas.com\/wp-content\/uploads\/2023\/08\/logo-icon.png 230w, https:\/\/miritglas.com\/wp-content\/uploads\/2023\/08\/logo-icon-150x150.png 150w\" sizes=\"(max-width: 230px) 100vw, 230px\" title=\"\">\t\t\t\t\t\t\t\t\t\t\t\t\t\t\t<\/div>\n\t\t\t\t<\/div>\n\t\t\t\t<div class=\"elementor-element elementor-element-70b7c1fa elementor-widget elementor-widget-image\" data-id=\"70b7c1fa\" data-element_type=\"widget\" data-e-type=\"widget\" data-widget_type=\"image.default\">\n\t\t\t\t<div class=\"elementor-widget-container\">\n\t\t\t\t\t\t\t\t\t\t\t\t\t\t\t<img decoding=\"async\" width=\"576\" height=\"576\" src=\"https:\/\/miritglas.com\/wp-content\/uploads\/2023\/08\/tekniskglas-1.jpg\" class=\"attachment-large size-large wp-image-2138\" alt=\"teknisk glas er et s\u00e6rligt glas. Sikkerheden er i top. Glas til produkter, ikke produktion.\" srcset=\"https:\/\/miritglas.com\/wp-content\/uploads\/2023\/08\/tekniskglas-1.jpg 576w, https:\/\/miritglas.com\/wp-content\/uploads\/2023\/08\/tekniskglas-1-300x300.jpg 300w, https:\/\/miritglas.com\/wp-content\/uploads\/2023\/08\/tekniskglas-1-150x150.jpg 150w\" sizes=\"(max-width: 576px) 100vw, 576px\" title=\"\">\t\t\t\t\t\t\t\t\t\t\t\t\t\t\t<\/div>\n\t\t\t\t<\/div>\n\t\t\t\t<\/div>\n\t\t\t\t\t<\/div>\n\t\t\t\t<\/div>\n\t\t<div class=\"elementor-element elementor-element-3de65dd6 e-flex e-con-boxed e-con e-parent\" data-id=\"3de65dd6\" data-element_type=\"container\" data-e-type=\"container\" data-settings=\"{&quot;background_background&quot;:&quot;classic&quot;}\">\n\t\t\t\t\t<div class=\"e-con-inner\">\n\t\t<div class=\"elementor-element elementor-element-12760108 e-con-full e-flex e-con e-parent\" data-id=\"12760108\" data-element_type=\"container\" data-e-type=\"container\">\n\t\t\t\t<div class=\"elementor-element elementor-element-44118dda elementor-widget elementor-widget-text-editor\" data-id=\"44118dda\" data-element_type=\"widget\" data-e-type=\"widget\" data-widget_type=\"text-editor.default\">\n\t\t\t\t<div class=\"elementor-widget-container\">\n\t\t\t\t\t\t\t\t\t<h3>Vi hittar r\u00e4tt l\u00f6sning f\u00f6r dig<\/h3>\n<p>N\u00e4r vi hj\u00e4lper v\u00e5ra kunder att hitta r\u00e4tt l\u00f6sning, v\u00e4rderar vi utifr\u00e5n anv\u00e4ndarspecifikationen vilka egenskaper som kr\u00e4vs.<\/p>\n<h4>Mekaniska &amp; optiska egenskaper av tekniskt glas:<\/h4>\n<p>Glasets styrka och flexibilitet kan \u00f6kas genom h\u00e4rdning (se eventuellt\u00a0<a href=\"https:\/\/miritglas.com\/se\/produkt\/hardat-glas\/\">h\u00e4rdat glas<\/a>\u00a0och\u00a0<a href=\"https:\/\/miritglas.com\/se\/produkt\/kemiskt-haerdat-glas\/\">kemiskt h\u00e4rdat glas<\/a>).<\/p>\n<p>\u00d6verf\u00f6ring av v\u00e5gl\u00e4ngder. Det kan vara b\u00e5de blockering och framh\u00e4vning. Inklusive IR- och UV-v\u00e5gl\u00e4ngder, antireflekterande glas, specialslipat glas eller f\u00f6r att d\u00e4mpa radioaktiva str\u00e5lar, som exempelvis blyglas.<\/p>\n<h4>Kemiska &amp; elektriska egenskaper:<\/h4>\n<p>Vad glaset ska kunna t\u00e5la av t.ex. starka kemikalier.<\/p>\n<p>De flesta typer av glas kan anv\u00e4ndas som elektriska isolatorer och med vissa bel\u00e4ggningar kan man ocks\u00e5 anv\u00e4nda glaset som elektrisk ledare.<\/p>\n\t\t\t\t\t\t\t\t<\/div>\n\t\t\t\t<\/div>\n\t\t\t\t<\/div>\n\t\t\t\t\t<\/div>\n\t\t\t\t<\/div>\n\t\t<div class=\"elementor-element elementor-element-21990917 e-flex e-con-boxed e-con e-parent\" data-id=\"21990917\" data-element_type=\"container\" data-e-type=\"container\" data-settings=\"{&quot;background_background&quot;:&quot;classic&quot;}\">\n\t\t\t\t\t<div class=\"e-con-inner\">\n\t\t<div class=\"elementor-element elementor-element-67a3c39c e-con-full e-flex e-con e-parent\" data-id=\"67a3c39c\" data-element_type=\"container\" data-e-type=\"container\">\n\t\t\t\t<div class=\"elementor-element elementor-element-23a1171f elementor-widget elementor-widget-text-editor\" data-id=\"23a1171f\" data-element_type=\"widget\" data-e-type=\"widget\" data-widget_type=\"text-editor.default\">\n\t\t\t\t<div class=\"elementor-widget-container\">\n\t\t\t\t\t\t\t\t\t<h3>M\u00e5nga m\u00f6jligheter<\/h3>\n<p>Det finns m\u00e5nga m\u00f6jligheter i tekniskt glas. T.ex.:<\/p>\n\t\t\t\t\t\t\t\t<\/div>\n\t\t\t\t<\/div>\n\t\t\t\t<div class=\"elementor-element elementor-element-5bb4d02d elementor-widget elementor-widget-text-editor\" data-id=\"5bb4d02d\" data-element_type=\"widget\" data-e-type=\"widget\" data-widget_type=\"text-editor.default\">\n\t\t\t\t<div class=\"elementor-widget-container\">\n\t\t\t\t\t\t\t\t\t<ul>\n<li><a href=\"https:\/\/miritglas.com\/se\/produkt\/kvartsglas\/\">Kvartsglas<\/a><\/li>\n<li>Antireflekterande glas med belagd yta eller ultrafin brottyta<\/li>\n<li><a href=\"https:\/\/miritglas.com\/se\/raavaror\/\">Supertunt\/ tjockt glas<\/a><\/li>\n<li><a href=\"https:\/\/miritglas.com\/se\/produkt\/displayglas\/\">Instrumentglas<\/a><\/li>\n<li><a href=\"https:\/\/miritglas.com\/se\/raavaror\/\">Glasm\u00e5lning<\/a><\/li>\n<li><a href=\"https:\/\/miritglas.com\/se\/produkt\/displayglas\/\">Displayglas<\/a><\/li>\n<li>mm.<\/li>\n<\/ul>\n\t\t\t\t\t\t\t\t<\/div>\n\t\t\t\t<\/div>\n\t\t\t\t<div class=\"elementor-element elementor-element-425398db elementor-widget elementor-widget-text-editor\" data-id=\"425398db\" data-element_type=\"widget\" data-e-type=\"widget\" data-widget_type=\"text-editor.default\">\n\t\t\t\t<div class=\"elementor-widget-container\">\n\t\t\t\t\t\t\t\t\t<p>Alla dessa typer av\u00a0<a href=\"https:\/\/miritglas.com\/se\/raavaror\/\">glasr\u00e5varor<\/a>\u00a0har Mirit Glas som st\u00e4ndiga hyllvaror i v\u00e5rt lager.<\/p>\n\t\t\t\t\t\t\t\t<\/div>\n\t\t\t\t<\/div>\n\t\t\t\t<\/div>\n\t\t\t\t\t<\/div>\n\t\t\t\t<\/div>\n\t\t\t\t<\/div>\n\t\t","protected":false},"featured_media":340,"template":"","class_list":["post-3132","product","type-product","status-publish","has-post-thumbnail","hentry"],"acf":[],"_links":{"self":[{"href":"https:\/\/miritglas.com\/sv\/wp-json\/wp\/v2\/product\/3132","targetHints":{"allow":["GET"]}}],"collection":[{"href":"https:\/\/miritglas.com\/sv\/wp-json\/wp\/v2\/product"}],"about":[{"href":"https:\/\/miritglas.com\/sv\/wp-json\/wp\/v2\/types\/product"}],"version-history":[{"count":2,"href":"https:\/\/miritglas.com\/sv\/wp-json\/wp\/v2\/product\/3132\/revisions"}],"predecessor-version":[{"id":3459,"href":"https:\/\/miritglas.com\/sv\/wp-json\/wp\/v2\/product\/3132\/revisions\/3459"}],"wp:featuredmedia":[{"embeddable":true,"href":"https:\/\/miritglas.com\/sv\/wp-json\/wp\/v2\/media\/340"}],"wp:attachment":[{"href":"https:\/\/miritglas.com\/sv\/wp-json\/wp\/v2\/media?parent=3132"}],"curies":[{"name":"wp","href":"https:\/\/api.w.org\/{rel}","templated":true}]}}