{"id":3128,"date":"2023-08-09T11:30:39","date_gmt":"2023-08-09T09:30:39","guid":{"rendered":"https:\/\/miritglas.com\/produkter\/synglas\/"},"modified":"2025-07-23T12:24:42","modified_gmt":"2025-07-23T10:24:42","slug":"synglas","status":"publish","type":"product","link":"https:\/\/miritglas.com\/sv\/produkter\/synglas\/","title":{"rendered":"Synglas"},"content":{"rendered":"\t\t<div data-elementor-type=\"wp-post\" data-elementor-id=\"3128\" class=\"elementor elementor-3128 elementor-304\" data-elementor-post-type=\"product\">\n\t\t\t\t<div class=\"elementor-element elementor-element-61bc4afd e-flex e-con-boxed e-con e-parent\" data-id=\"61bc4afd\" data-element_type=\"container\" data-e-type=\"container\">\n\t\t\t\t\t<div class=\"e-con-inner\">\n\t\t<div class=\"elementor-element elementor-element-dec3d30 e-con-full e-flex e-con e-parent\" data-id=\"dec3d30\" data-element_type=\"container\" data-e-type=\"container\">\n\t\t\t\t<div class=\"elementor-element elementor-element-5cf17fb2 elementor-widget elementor-widget-text-editor\" data-id=\"5cf17fb2\" data-element_type=\"widget\" data-e-type=\"widget\" data-widget_type=\"text-editor.default\">\n\t\t\t\t<div class=\"elementor-widget-container\">\n\t\t\t\t\t\t\t\t\t<h2 class=\"p1\">Synglas \u2013 F\u00f6r inspektion av industriella processer<\/h2>\n<p>Synglas kallas ocks\u00e5 siktglas och anv\u00e4nds f\u00f6r att inspektera eller \u00f6vervaka en process med t.ex. v\u00e4tska i en beh\u00e5llare. Med synglas kan man se in utifr\u00e5n och kontrollera att gaser, m\u00e4ngder, temperaturer, f\u00e4rger eller processer \u00e4r som avsett samtidigt som mediet h\u00e5ller sig inne i beh\u00e5llaren.<\/p>\n<p>Mirit Glas levererar synglas p\u00e5 m\u00e5l \u00f6ver hela Skandinavien, och n\u00e4r det \u00e4r br\u00e5dskande, erbjuder vi \u00e4ven leverans samma dag.<\/p>\n<p>Om du vill veta mer om hur synglas kan vara r\u00e4tt l\u00f6sning f\u00f6r dig, \u00e4r du v\u00e4lkommen att kontakta oss.<\/p>\n\t\t\t\t\t\t\t\t<\/div>\n\t\t\t\t<\/div>\n\t\t\t\t<div class=\"elementor-element elementor-element-72ca9f95 elementor-widget elementor-widget-button\" data-id=\"72ca9f95\" data-element_type=\"widget\" data-e-type=\"widget\" data-widget_type=\"button.default\">\n\t\t\t\t<div class=\"elementor-widget-container\">\n\t\t\t\t\t\t\t\t\t<div class=\"elementor-button-wrapper\">\n\t\t\t\t\t<a class=\"elementor-button elementor-button-link elementor-size-md\" href=\"https:\/\/miritglas.com\/sv\/kontakta-oss\/\">\n\t\t\t\t\t\t<span class=\"elementor-button-content-wrapper\">\n\t\t\t\t\t\t\t\t\t<span class=\"elementor-button-text\">Kontakta oss idag<\/span>\n\t\t\t\t\t<\/span>\n\t\t\t\t\t<\/a>\n\t\t\t\t<\/div>\n\t\t\t\t\t\t\t\t<\/div>\n\t\t\t\t<\/div>\n\t\t\t\t<\/div>\n\t\t<div class=\"elementor-element elementor-element-3e304b79 e-con-full e-flex e-con e-parent\" data-id=\"3e304b79\" data-element_type=\"container\" data-e-type=\"container\">\n\t\t\t\t<div class=\"elementor-element elementor-element-713b2b5b elementor-absolute elementor-widget elementor-widget-image\" data-id=\"713b2b5b\" data-element_type=\"widget\" data-e-type=\"widget\" data-settings=\"{&quot;_position&quot;:&quot;absolute&quot;}\" data-widget_type=\"image.default\">\n\t\t\t\t<div class=\"elementor-widget-container\">\n\t\t\t\t\t\t\t\t\t\t\t\t\t\t\t<img fetchpriority=\"high\" decoding=\"async\" width=\"230\" height=\"230\" src=\"https:\/\/miritglas.com\/wp-content\/uploads\/2023\/08\/logo-icon.png\" class=\"attachment-medium size-medium wp-image-169\" alt=\"Mirit glas logo.\" srcset=\"https:\/\/miritglas.com\/wp-content\/uploads\/2023\/08\/logo-icon.png 230w, https:\/\/miritglas.com\/wp-content\/uploads\/2023\/08\/logo-icon-150x150.png 150w\" sizes=\"(max-width: 230px) 100vw, 230px\" title=\"\">\t\t\t\t\t\t\t\t\t\t\t\t\t\t\t<\/div>\n\t\t\t\t<\/div>\n\t\t\t\t<div class=\"elementor-element elementor-element-7fe8e238 elementor-widget elementor-widget-image\" data-id=\"7fe8e238\" data-element_type=\"widget\" data-e-type=\"widget\" data-widget_type=\"image.default\">\n\t\t\t\t<div class=\"elementor-widget-container\">\n\t\t\t\t\t\t\t\t\t\t\t\t\t\t\t<img decoding=\"async\" width=\"800\" height=\"572\" src=\"https:\/\/miritglas.com\/wp-content\/uploads\/2023\/08\/skueglas-1024x732.jpg\" class=\"attachment-large size-large wp-image-2130\" alt=\"skueglas leveret af mirit glas. din leverand\u00f8r af glas p\u00e5 m\u00e5l.\" srcset=\"https:\/\/miritglas.com\/wp-content\/uploads\/2023\/08\/skueglas-1024x732.jpg 1024w, https:\/\/miritglas.com\/wp-content\/uploads\/2023\/08\/skueglas-300x214.jpg 300w, https:\/\/miritglas.com\/wp-content\/uploads\/2023\/08\/skueglas-768x549.jpg 768w, https:\/\/miritglas.com\/wp-content\/uploads\/2023\/08\/skueglas-1536x1097.jpg 1536w, https:\/\/miritglas.com\/wp-content\/uploads\/2023\/08\/skueglas-2048x1463.jpg 2048w\" sizes=\"(max-width: 800px) 100vw, 800px\" title=\"\">\t\t\t\t\t\t\t\t\t\t\t\t\t\t\t<\/div>\n\t\t\t\t<\/div>\n\t\t\t\t<\/div>\n\t\t\t\t\t<\/div>\n\t\t\t\t<\/div>\n\t\t<div class=\"elementor-element elementor-element-5523d8c7 e-flex e-con-boxed e-con e-parent\" data-id=\"5523d8c7\" data-element_type=\"container\" data-e-type=\"container\" data-settings=\"{&quot;background_background&quot;:&quot;classic&quot;}\">\n\t\t\t\t\t<div class=\"e-con-inner\">\n\t\t<div class=\"elementor-element elementor-element-46a96647 e-con-full e-flex e-con e-parent\" data-id=\"46a96647\" data-element_type=\"container\" data-e-type=\"container\">\n\t\t\t\t<div class=\"elementor-element elementor-element-58655054 elementor-widget elementor-widget-text-editor\" data-id=\"58655054\" data-element_type=\"widget\" data-e-type=\"widget\" data-widget_type=\"text-editor.default\">\n\t\t\t\t<div class=\"elementor-widget-container\">\n\t\t\t\t\t\t\t\t\t<h3>Synglas \u2013 Egenskaper &amp; Funktioner<\/h3>\r\nSiktglas anv\u00e4nds oftast f\u00f6r att h\u00e5lla instrument eller m\u00e4tapparater \u00e5tskilda fr\u00e5n industriella processer och f\u00f6r att \u00f6vervaka t.ex.\r\n<ul>\r\n \t<li>Flytande v\u00e4tskor: t.ex. olja, vatten, kemikalier eller flytande livsmedel<\/li>\r\n \t<li>Fasta massor och material som s\u00e4d i en s\u00e4dessilo eller cement i en blandare<\/li>\r\n \t<li>F\u00f6rbr\u00e4nningsprocesser med h\u00f6ga temperaturer (f\u00f6r att explosionss\u00e4kra omr\u00e5den)<\/li>\r\n \t<li>Frysprocesser vid frostgrader<\/li>\r\n \t<li>Luft, gaser eller v\u00e4rme \u2013 eventuellt under tryck\/vakuum (t.ex. en vakuumkammare).<\/li>\r\n<\/ul>\r\nSynglas kallas \u00e4ven f\u00f6r inspektionsglas, niv\u00e5f\u00f6nster eller inspektionsf\u00f6nster.\r\n\r\nM\u00e5nga branscher anv\u00e4nder sig av siktglas, bl.a. f\u00f6r livsmedel, inom processindustri samt inom medicinal-, offshore-, marin- och transportbranschen (bil, b\u00e5t och flyg).\r\n\r\nMirit Glas har levererat synglas till f\u00f6retag i hela Skandinavien i mer \u00e4n 60 \u00e5r och p\u00e5 s\u00e5 s\u00e4tt bidragit till att effektivisera en l\u00e5ng rad processer. Se t.ex. hur\u00a0<a href=\"https:\/\/miritglas.com\/se\/cases\/\" target=\"_blank\" rel=\"noopener\">Swire Blue Ocean<\/a>\u00a0[E1] sparade 75 underh\u00e5llsdagar \u00e5rligen genom att byta ut pluggar i st\u00e5l mot glas fr\u00e5n Mirit Glas.\t\t\t\t\t\t\t\t<\/div>\n\t\t\t\t<\/div>\n\t\t\t\t<\/div>\n\t\t<div class=\"elementor-element elementor-element-acfd342 e-con-full e-flex e-con e-parent\" data-id=\"acfd342\" data-element_type=\"container\" data-e-type=\"container\">\n\t\t<div class=\"elementor-element elementor-element-2950d324 e-flex e-con-boxed e-con e-parent\" data-id=\"2950d324\" data-element_type=\"container\" data-e-type=\"container\" data-settings=\"{&quot;background_background&quot;:&quot;classic&quot;}\">\n\t\t\t\t\t<div class=\"e-con-inner\">\n\t\t\t\t<div class=\"elementor-element elementor-element-42333bed elementor-widget elementor-widget-text-editor\" data-id=\"42333bed\" data-element_type=\"widget\" data-e-type=\"widget\" data-widget_type=\"text-editor.default\">\n\t\t\t\t<div class=\"elementor-widget-container\">\n\t\t\t\t\t\t\t\t\t<h4>SPECIALANPASSNING<\/h4>\n<p>Bearbetning och specialutveckling kan utf\u00f6ras hos Mirit Glas. Man kan t.ex. ge glaset en antismutsbehandling s\u00e5 att olja och andra medier inte sitter fast p\u00e5 glaset utan glider av. D\u00e5 \u00e4r processen alltid fullt synlig.<\/p>\n<p>Vi kan \u00e4ven\u00a0<a href=\"https:\/\/miritglas.com\/se\/produkt\/skraddarsydda-glasvaror\/\" target=\"_blank\" rel=\"noopener\">trycka<\/a>\u00a0n\u00e4stan allt p\u00e5 glaset om man t.ex. vill ha m\u00e4tsteg. Vi kan dessutom utf\u00f6ra\u00a0<a href=\"https:\/\/miritglas.com\/se\/produkt\/hardat-glas\/\" target=\"_blank\" rel=\"noopener\">b\u00f6jning<\/a>\u00a0s\u00e5 att synglaset blir v\u00e4lvt. Glaset kan \u00e4ven bearbetas och sk\u00e4ras till i\u00a0<a href=\"https:\/\/miritglas.com\/se\/produkt\/skraddarsydda-glasvaror\/\" target=\"_blank\" rel=\"noopener\">form<\/a>\u00a0eller med en s\u00e4rskild\u00a0<a href=\"https:\/\/miritglas.com\/se\/produkt\/skraddarsydda-glasvaror\/\" target=\"_blank\" rel=\"noopener\">kant<\/a>\u00a0efter behov.<\/p>\n\t\t\t\t\t\t\t\t<\/div>\n\t\t\t\t<\/div>\n\t\t\t\t\t<\/div>\n\t\t\t\t<\/div>\n\t\t\t\t<\/div>\n\t\t\t\t\t<\/div>\n\t\t\t\t<\/div>\n\t\t<div class=\"elementor-element elementor-element-51232868 e-flex e-con-boxed e-con e-parent\" data-id=\"51232868\" data-element_type=\"container\" data-e-type=\"container\">\n\t\t\t\t\t<div class=\"e-con-inner\">\n\t\t<div class=\"elementor-element elementor-element-556f92f7 e-con-full e-flex e-con e-parent\" data-id=\"556f92f7\" data-element_type=\"container\" data-e-type=\"container\">\n\t\t\t\t<div class=\"elementor-element elementor-element-64012a9 elementor-widget elementor-widget-image\" data-id=\"64012a9\" data-element_type=\"widget\" data-e-type=\"widget\" data-widget_type=\"image.default\">\n\t\t\t\t<div class=\"elementor-widget-container\">\n\t\t\t\t\t\t\t\t\t\t\t\t\t\t\t<img decoding=\"async\" width=\"575\" height=\"604\" src=\"https:\/\/miritglas.com\/wp-content\/uploads\/2023\/08\/haerdet-sikkerhedsglas.png\" class=\"attachment-large size-large wp-image-2122\" alt=\"h\u00e6rdet sikkerhedsglas og beskyttelsesglas fra mirit glas\" srcset=\"https:\/\/miritglas.com\/wp-content\/uploads\/2023\/08\/haerdet-sikkerhedsglas.png 575w, https:\/\/miritglas.com\/wp-content\/uploads\/2023\/08\/haerdet-sikkerhedsglas-286x300.png 286w\" sizes=\"(max-width: 575px) 100vw, 575px\" title=\"\">\t\t\t\t\t\t\t\t\t\t\t\t\t\t\t<\/div>\n\t\t\t\t<\/div>\n\t\t\t\t<\/div>\n\t\t<div class=\"elementor-element elementor-element-78488811 e-con-full e-flex e-con e-parent\" data-id=\"78488811\" data-element_type=\"container\" data-e-type=\"container\">\n\t\t\t\t<div class=\"elementor-element elementor-element-73a85bef elementor-widget elementor-widget-text-editor\" data-id=\"73a85bef\" data-element_type=\"widget\" data-e-type=\"widget\" data-widget_type=\"text-editor.default\">\n\t\t\t\t<div class=\"elementor-widget-container\">\n\t\t\t\t\t\t\t\t\t<h3>Uppfyller standarder<\/h3>\n<p>Oavsett vilket medium som ska inspekteras via synglaset anpassas synglaset till specifika behov och krav och tillverkas sj\u00e4lvklart enligt godk\u00e4nda standarder.<\/p>\n<ul>\n<li>Runda synglas: uppfyller DIN 8902 eller DIN 7080<\/li>\n<li>Synglas med avrundade kanter eller rektangul\u00e4ra synglas: uppfyller DIN 8903 eller DIN 7081<\/li>\n<li>Synglas med s\u00e4rskild behandling: t.ex. s\u00e4rskilda utsk\u00e4rningar eller h\u00e5l<\/li>\n<li>Synglas i andra glasmaterial: exempelvis\u00a0<a href=\"https:\/\/miritglas.com\/se\/produkt\/kvartsglas\/\" target=\"_blank\" rel=\"noopener\">kvartsglas<\/a>,\u00a0<a href=\"https:\/\/miritglas.com\/se\/produkt\/safirglas\/\" target=\"_blank\" rel=\"noopener\">safirglas<\/a>\u00a0eller\u00a0<a href=\"https:\/\/miritglas.com\/se\/produkt\/keramiskt-glas\/\" target=\"_blank\" rel=\"noopener\">keramiskt glas<\/a>\u00a0som t.ex.\u00a0<a href=\"https:\/\/miritglas.com\/se\/produkt\/keramiskt-glas\/\" target=\"_blank\" rel=\"noopener\">Robax<\/a>\u00a0eller\u00a0<a href=\"https:\/\/miritglas.com\/se\/produkt\/keramiskt-glas\/\" target=\"_blank\" rel=\"noopener\">Neoceram<\/a><\/li>\n<\/ul>\n<p>Synglas fr\u00e5n Mirit Glas kan best\u00e4llas med diverse certifikat, t.ex. certifikat EN 10204 typ 2.2 och certifikat EN 10204 typ 3.1 samt \u00f6verensst\u00e4mmelsef\u00f6rklaring f\u00f6r livsmedel (EG) nr 1935\/2004.<\/p>\n<p>Vi kan \u00e4ven tillverka packningar efter skr\u00e4ddarsydda m\u00e5tt och leverera dem tillsammans med synglaset.<\/p>\n\t\t\t\t\t\t\t\t<\/div>\n\t\t\t\t<\/div>\n\t\t\t\t<div class=\"elementor-element elementor-element-79f5ced4 elementor-widget elementor-widget-button\" data-id=\"79f5ced4\" data-element_type=\"widget\" data-e-type=\"widget\" data-widget_type=\"button.default\">\n\t\t\t\t<div class=\"elementor-widget-container\">\n\t\t\t\t\t\t\t\t\t<div class=\"elementor-button-wrapper\">\n\t\t\t\t\t<a class=\"elementor-button elementor-button-link elementor-size-md\" href=\"https:\/\/miritglas.com\/sv\/kontakta-oss\/\">\n\t\t\t\t\t\t<span class=\"elementor-button-content-wrapper\">\n\t\t\t\t\t\t\t\t\t<span class=\"elementor-button-text\">Kontakta oss idag<\/span>\n\t\t\t\t\t<\/span>\n\t\t\t\t\t<\/a>\n\t\t\t\t<\/div>\n\t\t\t\t\t\t\t\t<\/div>\n\t\t\t\t<\/div>\n\t\t\t\t<\/div>\n\t\t\t\t\t<\/div>\n\t\t\t\t<\/div>\n\t\t<div class=\"elementor-element elementor-element-49f920b7 e-flex e-con-boxed e-con e-parent\" data-id=\"49f920b7\" data-element_type=\"container\" data-e-type=\"container\" data-settings=\"{&quot;background_background&quot;:&quot;classic&quot;}\">\n\t\t\t\t\t<div class=\"e-con-inner\">\n\t\t<div class=\"elementor-element elementor-element-4b27c5b1 e-con-full e-flex e-con e-parent\" data-id=\"4b27c5b1\" data-element_type=\"container\" data-e-type=\"container\">\n\t\t\t\t<div class=\"elementor-element elementor-element-2c3d4be elementor-widget elementor-widget-text-editor\" data-id=\"2c3d4be\" data-element_type=\"widget\" data-e-type=\"widget\" data-widget_type=\"text-editor.default\">\n\t\t\t\t<div class=\"elementor-widget-container\">\n\t\t\t\t\t\t\t\t\t<h3>Viktiga punkter f\u00f6r r\u00e4tt val av synglas<\/h3>\n<p><strong>1. Temperaturer<\/strong><br \/>\nDIN\u00a08902 och DIN\u00a08903 kan anv\u00e4ndas vid temperaturer upp till 150 resp. 100\u00a0\u00b0C. DIN\u00a07080 och DIN\u00a07081 t\u00e5l h\u00f6gre temperaturer, \u00e4nda upp till 280\u00a0\u00b0C. H\u00f6gt tryck p\u00e5verkar vilka temperatur glaset t\u00e5l.<\/p>\n<p><strong>2. Tryck<\/strong><br \/>\nMirit Glas har m\u00e5nga olika glastjocklekar p\u00e5 lager. Om vi k\u00e4nner till glasets diameter och synliga innerdiameter (den del av glaset som inte t\u00e4cks av fl\u00e4nsen) kan vi hitta r\u00e4tt tjocklek s\u00e5 att glaset klarar det \u00f6nskade trycket.<\/p>\n<p><strong>3. Mediet bakom glaset<\/strong><br \/>\nFinns det kemikalier, oljor eller n\u00e5got annat i beh\u00e5llaren? Vilken process f\u00f6rsigg\u00e5r bakom glaset? Glas brukar vara resistent mot de flesta kemikalier, men \u00e5nga under tryck \u00e4r ett exempel p\u00e5 en process som \u00e4r mycket aggressiv mot vanligt glas. D\u00e5 m\u00e5ste s\u00e4rskilda \u00e5tg\u00e4rder vidtas.<\/p>\n<p><strong>4.\u00a0 Till\u00e4mpningen<\/strong><\/p>\n<p>Varf\u00f6r beh\u00f6vs ett synglas? Ska man \u201dbara\u201d kunna titta in visuellt eller finns det elektroniska sensorer som ska kunna m\u00e4ta genom glaset? I s\u00e5 fall m\u00e5ste vi vara observanta p\u00e5 transmissionen vid vissa v\u00e5gl\u00e4ngder.<\/p>\n\t\t\t\t\t\t\t\t<\/div>\n\t\t\t\t<\/div>\n\t\t\t\t<div class=\"elementor-element elementor-element-5fdd321a elementor-widget elementor-widget-button\" data-id=\"5fdd321a\" data-element_type=\"widget\" data-e-type=\"widget\" data-widget_type=\"button.default\">\n\t\t\t\t<div class=\"elementor-widget-container\">\n\t\t\t\t\t\t\t\t\t<div class=\"elementor-button-wrapper\">\n\t\t\t\t\t<a class=\"elementor-button elementor-button-link elementor-size-md\" href=\"https:\/\/miritglas.com\/sv\/kontakta-oss\/\">\n\t\t\t\t\t\t<span class=\"elementor-button-content-wrapper\">\n\t\t\t\t\t\t\t\t\t<span class=\"elementor-button-text\">Kontakta oss idag<\/span>\n\t\t\t\t\t<\/span>\n\t\t\t\t\t<\/a>\n\t\t\t\t<\/div>\n\t\t\t\t\t\t\t\t<\/div>\n\t\t\t\t<\/div>\n\t\t\t\t<\/div>\n\t\t<div class=\"elementor-element elementor-element-bbd4ec4 e-con-full e-flex e-con e-parent\" data-id=\"bbd4ec4\" data-element_type=\"container\" data-e-type=\"container\">\n\t\t<div class=\"elementor-element elementor-element-53af9ee7 e-flex e-con-boxed e-con e-parent\" data-id=\"53af9ee7\" data-element_type=\"container\" data-e-type=\"container\" data-settings=\"{&quot;background_background&quot;:&quot;classic&quot;}\">\n\t\t\t\t\t<div class=\"e-con-inner\">\n\t\t\t\t<div class=\"elementor-element elementor-element-6841ed70 elementor-widget elementor-widget-text-editor\" data-id=\"6841ed70\" data-element_type=\"widget\" data-e-type=\"widget\" data-widget_type=\"text-editor.default\">\n\t\t\t\t<div class=\"elementor-widget-container\">\n\t\t\t\t\t\t\t\t\t<h4>VAD \u00c4R ETT SYNGLAS?<\/h4>\n<p>Ett synglas \u00e4r en vanlig term f\u00f6r ett glas som anv\u00e4nds f\u00f6r att f\u00e5 en \u00f6verblick \u00f6ver en process. Det kan vara ett vattenkokareglas d\u00e4r man kan titta in i en vattenkokare. Det kan ocks\u00e5 vara ett glasr\u00f6r som ger \u00f6verblick \u00f6ver oljefl\u00f6det eller ett glas som g\u00f6r det m\u00f6jligt att titta in i en spannm\u00e5lstorkanl\u00e4ggning. Synglas finns i m\u00e5nga varianter. Gemensamt f\u00f6r dem \u00e4r att de l\u00e5ter dig se annars dolda delar av en produktion.<\/p>\n<h4>\u00c4R BENSINR\u00d6R ETT SYNGLAS?<\/h4>\n<p>Synglas \u00e4r ett brett begrepp f\u00f6r ett r\u00f6r eller glas som anv\u00e4nds f\u00f6r att h\u00e5lla koll p\u00e5 bland annat en process, en v\u00e4tska eller en f\u00f6rbr\u00e4nning.<\/p>\n<h4>\u00c4R ETT SYNGLAS ALLTID GJORT AV VANLIGT GLAS?<\/h4>\n<p>Ett synglas \u00e4r gjort av den typ av glas som \u00e4r vettigt. M\u00e5nga synglas \u00e4r till exempel gjorda av borosilikatglas. Andra \u00e4r gjorda som v\u00e4rmerutor f\u00f6r att f\u00f6rhindra imma. Vissa synglas \u00e4r gjorda av Robax som \u00e4r v\u00e4ldigt v\u00e4rmebest\u00e4ndigt eftersom syftet \u00e4r att \u00f6vervaka en f\u00f6rbr\u00e4nning.<\/p>\n<h4>\u00c4R SYNGLAS ALLTID RUNDA?<\/h4>\n<p>Ett synglas kan vara fyrkantigt, runt eller vara ett glasr\u00f6r. Synglas \u00e4r gjorda f\u00f6r att passa situationen. M\u00e5nga av synglasen som Mirit Glas tillverkar \u00e4r inte runda, avl\u00e5nga, figurerade eller fyrkantiga.<\/p>\n\t\t\t\t\t\t\t\t<\/div>\n\t\t\t\t<\/div>\n\t\t\t\t\t<\/div>\n\t\t\t\t<\/div>\n\t\t\t\t<\/div>\n\t\t\t\t\t<\/div>\n\t\t\t\t<\/div>\n\t\t\t\t<\/div>\n\t\t","protected":false},"featured_media":336,"template":"","class_list":["post-3128","product","type-product","status-publish","has-post-thumbnail","hentry"],"acf":[],"_links":{"self":[{"href":"https:\/\/miritglas.com\/sv\/wp-json\/wp\/v2\/product\/3128","targetHints":{"allow":["GET"]}}],"collection":[{"href":"https:\/\/miritglas.com\/sv\/wp-json\/wp\/v2\/product"}],"about":[{"href":"https:\/\/miritglas.com\/sv\/wp-json\/wp\/v2\/types\/product"}],"version-history":[{"count":3,"href":"https:\/\/miritglas.com\/sv\/wp-json\/wp\/v2\/product\/3128\/revisions"}],"predecessor-version":[{"id":5900,"href":"https:\/\/miritglas.com\/sv\/wp-json\/wp\/v2\/product\/3128\/revisions\/5900"}],"wp:featuredmedia":[{"embeddable":true,"href":"https:\/\/miritglas.com\/sv\/wp-json\/wp\/v2\/media\/336"}],"wp:attachment":[{"href":"https:\/\/miritglas.com\/sv\/wp-json\/wp\/v2\/media?parent=3128"}],"curies":[{"name":"wp","href":"https:\/\/api.w.org\/{rel}","templated":true}]}}