{"id":3115,"date":"2023-08-09T11:30:33","date_gmt":"2023-08-09T09:30:33","guid":{"rendered":"https:\/\/miritglas.com\/produkter\/saekerhetsglas\/"},"modified":"2023-10-31T16:03:25","modified_gmt":"2023-10-31T15:03:25","slug":"sakerhetsglas","status":"publish","type":"product","link":"https:\/\/miritglas.com\/sv\/produkter\/sakerhetsglas\/","title":{"rendered":"S\u00e4kerhetsglas"},"content":{"rendered":"\t\t<div data-elementor-type=\"wp-post\" data-elementor-id=\"3115\" class=\"elementor elementor-3115 elementor-303\" data-elementor-post-type=\"product\">\n\t\t\t\t<div class=\"elementor-element elementor-element-75ac5cb7 e-flex e-con-boxed e-con e-parent\" data-id=\"75ac5cb7\" data-element_type=\"container\" data-e-type=\"container\">\n\t\t\t\t\t<div class=\"e-con-inner\">\n\t\t<div class=\"elementor-element elementor-element-57e30329 e-con-full e-flex e-con e-parent\" data-id=\"57e30329\" data-element_type=\"container\" data-e-type=\"container\">\n\t\t\t\t<div class=\"elementor-element elementor-element-6434f432 elementor-widget elementor-widget-text-editor\" data-id=\"6434f432\" data-element_type=\"widget\" data-e-type=\"widget\" data-widget_type=\"text-editor.default\">\n\t\t\t\t<div class=\"elementor-widget-container\">\n\t\t\t\t\t\t\t\t\t<h2>S\u00e4kerhetsglas \u2013 Den t\u00e5liga produkten som anv\u00e4nds som skydd<\/h2>\n<p>Mirit Glas levererar s\u00e4kerhetsglas till industrier.<\/p>\n<p>S\u00e4kerhetsglas b\u00f6r anv\u00e4ndas \u00f6verallt d\u00e4r risken f\u00f6r personskada vid br\u00e4ckage \u00e4r stor. S\u00e4kerhetsglas \u00e4r allts\u00e5 den r\u00e4tta produkten f\u00f6r anv\u00e4ndning i t.ex. bilar, maskiner, v\u00e4ggar, d\u00f6rrar, duschkabiner och andra former av avsk\u00e4rmning. Laminerat s\u00e4kerhetsglas kan \u00e4ven anv\u00e4ndas f\u00f6r att utest\u00e4nga o\u00f6nskade element, eftersom det \u00e4r s\u00e5 motst\u00e5ndskraftigt.<\/p>\n<p>Kontakta Mirit Glas f\u00f6r att h\u00f6ra mer om hur s\u00e4kerhetsglas kan vara en bra l\u00f6sning f\u00f6r dig.<\/p>\n\t\t\t\t\t\t\t\t<\/div>\n\t\t\t\t<\/div>\n\t\t\t\t<div class=\"elementor-element elementor-element-4691a104 elementor-widget elementor-widget-button\" data-id=\"4691a104\" data-element_type=\"widget\" data-e-type=\"widget\" data-widget_type=\"button.default\">\n\t\t\t\t<div class=\"elementor-widget-container\">\n\t\t\t\t\t\t\t\t\t<div class=\"elementor-button-wrapper\">\n\t\t\t\t\t<a class=\"elementor-button elementor-button-link elementor-size-md\" href=\"https:\/\/miritglas.com\/sv\/kontakta-oss\/\">\n\t\t\t\t\t\t<span class=\"elementor-button-content-wrapper\">\n\t\t\t\t\t\t\t\t\t<span class=\"elementor-button-text\">Kontakta oss idag<\/span>\n\t\t\t\t\t<\/span>\n\t\t\t\t\t<\/a>\n\t\t\t\t<\/div>\n\t\t\t\t\t\t\t\t<\/div>\n\t\t\t\t<\/div>\n\t\t\t\t<\/div>\n\t\t<div class=\"elementor-element elementor-element-68c3adc1 e-con-full e-flex e-con e-parent\" data-id=\"68c3adc1\" data-element_type=\"container\" data-e-type=\"container\">\n\t\t\t\t<div class=\"elementor-element elementor-element-3a98f390 elementor-absolute elementor-widget elementor-widget-image\" data-id=\"3a98f390\" data-element_type=\"widget\" data-e-type=\"widget\" data-settings=\"{&quot;_position&quot;:&quot;absolute&quot;}\" data-widget_type=\"image.default\">\n\t\t\t\t<div class=\"elementor-widget-container\">\n\t\t\t\t\t\t\t\t\t\t\t\t\t\t\t<img fetchpriority=\"high\" decoding=\"async\" width=\"230\" height=\"230\" src=\"https:\/\/miritglas.com\/wp-content\/uploads\/2023\/08\/logo-icon.png\" class=\"attachment-medium size-medium wp-image-169\" alt=\"Mirit glas logo.\" srcset=\"https:\/\/miritglas.com\/wp-content\/uploads\/2023\/08\/logo-icon.png 230w, https:\/\/miritglas.com\/wp-content\/uploads\/2023\/08\/logo-icon-150x150.png 150w\" sizes=\"(max-width: 230px) 100vw, 230px\" title=\"\">\t\t\t\t\t\t\t\t\t\t\t\t\t\t\t<\/div>\n\t\t\t\t<\/div>\n\t\t<div class=\"elementor-element elementor-element-300d2e0e e-flex e-con-boxed e-con e-parent\" data-id=\"300d2e0e\" data-element_type=\"container\" data-e-type=\"container\" data-settings=\"{&quot;background_background&quot;:&quot;classic&quot;}\">\n\t\t\t\t\t<div class=\"e-con-inner\">\n\t\t\t\t<div class=\"elementor-element elementor-element-6d1a672 elementor-widget elementor-widget-text-editor\" data-id=\"6d1a672\" data-element_type=\"widget\" data-e-type=\"widget\" data-widget_type=\"text-editor.default\">\n\t\t\t\t<div class=\"elementor-widget-container\">\n\t\t\t\t\t\t\t\t\t<h4 class=\"p1\">KORTFATTAT<\/h4>\n<ul>\n<li class=\"li1\"><span class=\"s2\">Kan anv\u00e4ndas som skyddsglas<\/span><\/li>\n<li class=\"li1\"><span class=\"s2\">Minskad risk f\u00f6r personskador vid brott<\/span><\/li>\n<li class=\"li1\"><span class=\"s2\">Mycket motst\u00e5ndskraftigt<\/span><\/li>\n<li class=\"li1\"><span class=\"s2\">Kan anv\u00e4ndas f\u00f6r skotts\u00e4kert glas<\/span><\/li>\n<li class=\"li1\"><span class=\"s2\">Ljudisolerande effekt<\/span><\/li>\n<li class=\"li2\"><span class=\"s2\">Blockerar 99\u00a0% av solens UV-str\u00e5lar<\/span><\/li>\n<\/ul>\n\t\t\t\t\t\t\t\t<\/div>\n\t\t\t\t<\/div>\n\t\t\t\t\t<\/div>\n\t\t\t\t<\/div>\n\t\t\t\t<\/div>\n\t\t\t\t\t<\/div>\n\t\t\t\t<\/div>\n\t\t<div class=\"elementor-element elementor-element-58a2e3c4 e-flex e-con-boxed e-con e-parent\" data-id=\"58a2e3c4\" data-element_type=\"container\" data-e-type=\"container\" data-settings=\"{&quot;background_background&quot;:&quot;classic&quot;}\">\n\t\t\t\t\t<div class=\"e-con-inner\">\n\t\t<div class=\"elementor-element elementor-element-e80e9d9 e-con-full e-flex e-con e-parent\" data-id=\"e80e9d9\" data-element_type=\"container\" data-e-type=\"container\">\n\t\t\t\t<div class=\"elementor-element elementor-element-58bfe693 elementor-widget elementor-widget-image\" data-id=\"58bfe693\" data-element_type=\"widget\" data-e-type=\"widget\" data-widget_type=\"image.default\">\n\t\t\t\t<div class=\"elementor-widget-container\">\n\t\t\t\t\t\t\t\t\t\t\t\t\t\t\t<img decoding=\"async\" width=\"575\" height=\"604\" src=\"https:\/\/miritglas.com\/wp-content\/uploads\/2023\/08\/haerdet-sikkerhedsglas.png\" class=\"attachment-large size-large wp-image-2122\" alt=\"h\u00e6rdet sikkerhedsglas og beskyttelsesglas fra mirit glas\" srcset=\"https:\/\/miritglas.com\/wp-content\/uploads\/2023\/08\/haerdet-sikkerhedsglas.png 575w, https:\/\/miritglas.com\/wp-content\/uploads\/2023\/08\/haerdet-sikkerhedsglas-286x300.png 286w\" sizes=\"(max-width: 575px) 100vw, 575px\" title=\"\">\t\t\t\t\t\t\t\t\t\t\t\t\t\t\t<\/div>\n\t\t\t\t<\/div>\n\t\t\t\t<\/div>\n\t\t<div class=\"elementor-element elementor-element-21f70f0e e-con-full e-flex e-con e-parent\" data-id=\"21f70f0e\" data-element_type=\"container\" data-e-type=\"container\">\n\t\t\t\t<div class=\"elementor-element elementor-element-77da72be elementor-widget elementor-widget-text-editor\" data-id=\"77da72be\" data-element_type=\"widget\" data-e-type=\"widget\" data-widget_type=\"text-editor.default\">\n\t\t\t\t<div class=\"elementor-widget-container\">\n\t\t\t\t\t\t\t\t\t<h3>H\u00e4rdat sikkerhedsglas<\/h3>\n<p>H\u00e4rdat glas \u00e4r 4-6 g\u00e5nger starkare \u00e4n vanligt glas och splittras i sm\u00e5 trubbiga bitar vid br\u00e4ckage. Det \u00e4r de d\u00e4r sm\u00e5 trubbiga granulaten som g\u00f6r att h\u00e4rdat glas kategoriseras som s\u00e4kerhetsglas.<\/p>\n\t\t\t\t\t\t\t\t<\/div>\n\t\t\t\t<\/div>\n\t\t\t\t<div class=\"elementor-element elementor-element-34c40b66 elementor-widget elementor-widget-button\" data-id=\"34c40b66\" data-element_type=\"widget\" data-e-type=\"widget\" data-widget_type=\"button.default\">\n\t\t\t\t<div class=\"elementor-widget-container\">\n\t\t\t\t\t\t\t\t\t<div class=\"elementor-button-wrapper\">\n\t\t\t\t\t<a class=\"elementor-button elementor-button-link elementor-size-md\" href=\"https:\/\/miritglas.com\/sv\/kontakta-oss\/\">\n\t\t\t\t\t\t<span class=\"elementor-button-content-wrapper\">\n\t\t\t\t\t\t\t\t\t<span class=\"elementor-button-text\">Kontakta oss idag<\/span>\n\t\t\t\t\t<\/span>\n\t\t\t\t\t<\/a>\n\t\t\t\t<\/div>\n\t\t\t\t\t\t\t\t<\/div>\n\t\t\t\t<\/div>\n\t\t\t\t<\/div>\n\t\t\t\t\t<\/div>\n\t\t\t\t<\/div>\n\t\t<div class=\"elementor-element elementor-element-0d53ab5 e-flex e-con-boxed e-con e-parent\" data-id=\"0d53ab5\" data-element_type=\"container\" data-e-type=\"container\">\n\t\t\t\t\t<div class=\"e-con-inner\">\n\t\t<div class=\"elementor-element elementor-element-0303efe e-con-full e-flex e-con e-parent\" data-id=\"0303efe\" data-element_type=\"container\" data-e-type=\"container\">\n\t\t\t\t<div class=\"elementor-element elementor-element-b120457 elementor-widget elementor-widget-text-editor\" data-id=\"b120457\" data-element_type=\"widget\" data-e-type=\"widget\" data-widget_type=\"text-editor.default\">\n\t\t\t\t<div class=\"elementor-widget-container\">\n\t\t\t\t\t\t\t\t\t<h3 class=\"p1\">Laminerat glas<\/h3>\n<p>Laminerat glas g\u00e5r s\u00f6nder som vanligt glas, men p.g.a. lamineringen h\u00e4nger bitarna ihop, ist\u00e4llet f\u00f6r att flyga \u00e5t alla h\u00e5ll. Det \u00e4r denna egenskap som g\u00f6r laminerat glas till s\u00e4kerhetsglas.<\/p>\n<p>Vanligt laminerat glas best\u00e5r av tv\u00e5 glasskivor med vanlig 0.38 mm folie emellan, som h\u00e5ller ihop glasskivorna. Laminerat glas finns som standardskivor i olika tjocklekar, men man kan \u00e4ven folielaminera ihop tv\u00e5 utskurna glasskivor och h\u00e4r \u00e4r det m\u00f6jligt att l\u00e4gga flera folier mellan glasen och d\u00e4rmed ytterligare st\u00e4rka glaset.<\/p>\n<p>Laminatet som anv\u00e4nds till vanligt laminerat glas t\u00e5l upp till ca 70 \u00b0C.<\/p>\n<p>Man kan \u00f6ka b\u00e5de antalet glas och antalet folier. Det \u00e4r t.ex. den h\u00e4r metoden som anv\u00e4nds f\u00f6r att g\u00f6ra skotts\u00e4kert glas.<\/p>\n<p>Till sist har laminerat glas en ljudisolerande effekt och det blockerar 99 % av solens UV-str\u00e5lar.<\/p>\n\t\t\t\t\t\t\t\t<\/div>\n\t\t\t\t<\/div>\n\t\t\t\t<div class=\"elementor-element elementor-element-a062782 elementor-widget elementor-widget-button\" data-id=\"a062782\" data-element_type=\"widget\" data-e-type=\"widget\" data-widget_type=\"button.default\">\n\t\t\t\t<div class=\"elementor-widget-container\">\n\t\t\t\t\t\t\t\t\t<div class=\"elementor-button-wrapper\">\n\t\t\t\t\t<a class=\"elementor-button elementor-button-link elementor-size-md\" href=\"https:\/\/miritglas.com\/sv\/kontakta-oss\/\">\n\t\t\t\t\t\t<span class=\"elementor-button-content-wrapper\">\n\t\t\t\t\t\t\t\t\t<span class=\"elementor-button-text\">Kontakta oss idag<\/span>\n\t\t\t\t\t<\/span>\n\t\t\t\t\t<\/a>\n\t\t\t\t<\/div>\n\t\t\t\t\t\t\t\t<\/div>\n\t\t\t\t<\/div>\n\t\t\t\t<\/div>\n\t\t<div class=\"elementor-element elementor-element-a4e1436 e-con-full e-flex e-con e-parent\" data-id=\"a4e1436\" data-element_type=\"container\" data-e-type=\"container\">\n\t\t\t\t<div class=\"elementor-element elementor-element-d109e5a elementor-absolute elementor-widget elementor-widget-image\" data-id=\"d109e5a\" data-element_type=\"widget\" data-e-type=\"widget\" data-settings=\"{&quot;_position&quot;:&quot;absolute&quot;}\" data-widget_type=\"image.default\">\n\t\t\t\t<div class=\"elementor-widget-container\">\n\t\t\t\t\t\t\t\t\t\t\t\t\t\t\t<img fetchpriority=\"high\" decoding=\"async\" width=\"230\" height=\"230\" src=\"https:\/\/miritglas.com\/wp-content\/uploads\/2023\/08\/logo-icon.png\" class=\"attachment-medium size-medium wp-image-169\" alt=\"Mirit glas logo.\" srcset=\"https:\/\/miritglas.com\/wp-content\/uploads\/2023\/08\/logo-icon.png 230w, https:\/\/miritglas.com\/wp-content\/uploads\/2023\/08\/logo-icon-150x150.png 150w\" sizes=\"(max-width: 230px) 100vw, 230px\" title=\"\">\t\t\t\t\t\t\t\t\t\t\t\t\t\t\t<\/div>\n\t\t\t\t<\/div>\n\t\t<div class=\"elementor-element elementor-element-3eba4a9 e-flex e-con-boxed e-con e-parent\" data-id=\"3eba4a9\" data-element_type=\"container\" data-e-type=\"container\" data-settings=\"{&quot;background_background&quot;:&quot;classic&quot;}\">\n\t\t\t\t\t<div class=\"e-con-inner\">\n\t\t\t\t<div class=\"elementor-element elementor-element-4039a15 elementor-widget elementor-widget-text-editor\" data-id=\"4039a15\" data-element_type=\"widget\" data-e-type=\"widget\" data-widget_type=\"text-editor.default\">\n\t\t\t\t<div class=\"elementor-widget-container\">\n\t\t\t\t\t\t\t\t\t<h4><strong>H\u00c4RDAT LAMINERAT GLAS<\/strong><\/h4>\n<p>Den starkaste l\u00f6sningen \u00e4r att kombinera tv\u00e5 sorters s\u00e4kerhetsglas och f\u00e5 ett glas som \u00e4r b\u00e5de h\u00e4rdat och laminerat. Detta glas har n\u00e4mligen alla de b\u00e4sta egenskaperna fr\u00e5n de tv\u00e5 andra s\u00e4kerhetsglassorterna: Sj\u00e4lva glaset st\u00e4rks av h\u00e4rdningen och lamineringen f\u00f6rs\u00e4krar att glaset h\u00e4nger ihop n\u00e4r det splittras.<\/p>\n\t\t\t\t\t\t\t\t<\/div>\n\t\t\t\t<\/div>\n\t\t\t\t\t<\/div>\n\t\t\t\t<\/div>\n\t\t\t\t<\/div>\n\t\t\t\t\t<\/div>\n\t\t\t\t<\/div>\n\t\t\t\t<\/div>\n\t\t","protected":false},"featured_media":2122,"template":"","class_list":["post-3115","product","type-product","status-publish","has-post-thumbnail","hentry"],"acf":[],"_links":{"self":[{"href":"https:\/\/miritglas.com\/sv\/wp-json\/wp\/v2\/product\/3115","targetHints":{"allow":["GET"]}}],"collection":[{"href":"https:\/\/miritglas.com\/sv\/wp-json\/wp\/v2\/product"}],"about":[{"href":"https:\/\/miritglas.com\/sv\/wp-json\/wp\/v2\/types\/product"}],"version-history":[{"count":2,"href":"https:\/\/miritglas.com\/sv\/wp-json\/wp\/v2\/product\/3115\/revisions"}],"predecessor-version":[{"id":3471,"href":"https:\/\/miritglas.com\/sv\/wp-json\/wp\/v2\/product\/3115\/revisions\/3471"}],"wp:featuredmedia":[{"embeddable":true,"href":"https:\/\/miritglas.com\/sv\/wp-json\/wp\/v2\/media\/2122"}],"wp:attachment":[{"href":"https:\/\/miritglas.com\/sv\/wp-json\/wp\/v2\/media?parent=3115"}],"curies":[{"name":"wp","href":"https:\/\/api.w.org\/{rel}","templated":true}]}}