{"id":3107,"date":"2023-08-09T11:30:22","date_gmt":"2023-08-09T09:30:22","guid":{"rendered":"https:\/\/miritglas.com\/produkter\/laminerat-glas\/"},"modified":"2023-09-19T17:59:46","modified_gmt":"2023-09-19T15:59:46","slug":"laminerat-glas","status":"publish","type":"product","link":"https:\/\/miritglas.com\/sv\/produkter\/laminerat-glas\/","title":{"rendered":"Laminerat Glas"},"content":{"rendered":"\t\t<div data-elementor-type=\"wp-post\" data-elementor-id=\"3107\" class=\"elementor elementor-3107 elementor-301\" data-elementor-post-type=\"product\">\n\t\t\t\t<div class=\"elementor-element elementor-element-6835307 e-flex e-con-boxed e-con e-parent\" data-id=\"6835307\" data-element_type=\"container\" data-e-type=\"container\">\n\t\t\t\t\t<div class=\"e-con-inner\">\n\t\t<div class=\"elementor-element elementor-element-42d6c30f e-con-full e-flex e-con e-parent\" data-id=\"42d6c30f\" data-element_type=\"container\" data-e-type=\"container\">\n\t\t\t\t<div class=\"elementor-element elementor-element-5d887d41 elementor-widget elementor-widget-text-editor\" data-id=\"5d887d41\" data-element_type=\"widget\" data-e-type=\"widget\" data-widget_type=\"text-editor.default\">\n\t\t\t\t<div class=\"elementor-widget-container\">\n\t\t\t\t\t\t\t\t\t<h2>Laminerat glas \u00e4r glas med m\u00e5nga egenskaper<\/h2>\n<p><strong>Laminerat glas anv\u00e4nds ofta f\u00f6r glasl\u00f6sningar d\u00e4r glaset m\u00e5ste ha extra egenskaper. Det kan vara s\u00e4kerhetsglas i en produktion, synglas som m\u00e5ste ha olika egenskaper p\u00e5 varje sida av glaset eller glas som har ljudisolerande egenskaper.<\/strong><\/p>\n<p>Mirit Glas tillverkar laminerat glas som \u00e4r anpassat efter v\u00e5ra kunders behov och \u00f6nskem\u00e5l. Det \u00e4r d\u00e4rf\u00f6r vi levererar till m\u00e5nga olika professionella l\u00f6sningar. Det kan vara laminerat glas f\u00f6r att anv\u00e4ndas som s\u00e4kerhetsglas i en produktion. Eller s\u00e5 kan det vara ett laminerat glas med inlagd v\u00e4rme, vilket g\u00f6r det m\u00f6jligt att se en process med stora temperaturskillnader.<\/p>\n<p>Mirit Glas kan producera laminerat glas som \u00e4r anpassat till kundens l\u00f6sning. Vi tillverkar glas f\u00f6r b\u00e5de prototyper och i st\u00f6rre serieproduktioner. V\u00e5ra kunder kommer fr\u00e5n ett brett spektrum av branscher. Vi levererar till oljeindustrin, varv, livsmedelsf\u00f6retag, medicinska f\u00f6retag, arkitekter och tillverkare av produktionsanl\u00e4ggningar f\u00f6r att bara n\u00e4mna n\u00e5gra. Vi levererar ocks\u00e5 till sm\u00e5f\u00f6retag som beh\u00f6ver bara ett glas eller tv\u00e5.<\/p>\n<p>Vi \u00e4r experter p\u00e5 laminerat glas f\u00f6r f\u00f6retag. Kontakta oss f\u00f6r en l\u00f6sning.<\/p>\n\t\t\t\t\t\t\t\t<\/div>\n\t\t\t\t<\/div>\n\t\t\t\t<div class=\"elementor-element elementor-element-4eeeac27 elementor-widget elementor-widget-button\" data-id=\"4eeeac27\" data-element_type=\"widget\" data-e-type=\"widget\" data-widget_type=\"button.default\">\n\t\t\t\t<div class=\"elementor-widget-container\">\n\t\t\t\t\t\t\t\t\t<div class=\"elementor-button-wrapper\">\n\t\t\t\t\t<a class=\"elementor-button elementor-button-link elementor-size-md\" href=\"https:\/\/miritglas.com\/sv\/kontakta-oss\/\">\n\t\t\t\t\t\t<span class=\"elementor-button-content-wrapper\">\n\t\t\t\t\t\t\t\t\t<span class=\"elementor-button-text\">Kontakta oss idag<\/span>\n\t\t\t\t\t<\/span>\n\t\t\t\t\t<\/a>\n\t\t\t\t<\/div>\n\t\t\t\t\t\t\t\t<\/div>\n\t\t\t\t<\/div>\n\t\t\t\t<\/div>\n\t\t<div class=\"elementor-element elementor-element-6dfdabce e-con-full e-flex e-con e-parent\" data-id=\"6dfdabce\" data-element_type=\"container\" data-e-type=\"container\">\n\t\t\t\t<div class=\"elementor-element elementor-element-644476b5 elementor-absolute elementor-widget elementor-widget-image\" data-id=\"644476b5\" data-element_type=\"widget\" data-e-type=\"widget\" data-settings=\"{&quot;_position&quot;:&quot;absolute&quot;}\" data-widget_type=\"image.default\">\n\t\t\t\t<div class=\"elementor-widget-container\">\n\t\t\t\t\t\t\t\t\t\t\t\t\t\t\t<img fetchpriority=\"high\" decoding=\"async\" width=\"230\" height=\"230\" src=\"https:\/\/miritglas.com\/wp-content\/uploads\/2023\/08\/logo-icon.png\" class=\"attachment-medium size-medium wp-image-169\" alt=\"Mirit glas logo.\" srcset=\"https:\/\/miritglas.com\/wp-content\/uploads\/2023\/08\/logo-icon.png 230w, https:\/\/miritglas.com\/wp-content\/uploads\/2023\/08\/logo-icon-150x150.png 150w\" sizes=\"(max-width: 230px) 100vw, 230px\" title=\"\">\t\t\t\t\t\t\t\t\t\t\t\t\t\t\t<\/div>\n\t\t\t\t<\/div>\n\t\t\t\t<div class=\"elementor-element elementor-element-35d5e620 elementor-widget elementor-widget-image\" data-id=\"35d5e620\" data-element_type=\"widget\" data-e-type=\"widget\" data-widget_type=\"image.default\">\n\t\t\t\t<div class=\"elementor-widget-container\">\n\t\t\t\t\t\t\t\t\t\t\t\t<figure class=\"wp-caption\">\n\t\t\t\t\t\t\t\t\t\t<img decoding=\"async\" src=\"https:\/\/miritglas.com\/wp-content\/uploads\/elementor\/thumbs\/vakuumlaminering-6-4-qbhc4c6a4oy8kzz07hzlqjzhb3ecsjqizkk6slhmk0.jpg\" title=\"vakuumlaminering-6-4\" alt=\"Lamineret glas. To glasplader lamineres sammen ved hj\u00e6lp af vakuum.\" loading=\"lazy\" \/>\t\t\t\t\t\t\t\t\t\t\t<figcaption class=\"widget-image-caption wp-caption-text\">To glasplader lamineres sammen ved hj\u00e6lp af vakuum.\n<\/figcaption>\n\t\t\t\t\t\t\t\t\t\t<\/figure>\n\t\t\t\t\t\t\t\t\t<\/div>\n\t\t\t\t<\/div>\n\t\t\t\t<\/div>\n\t\t\t\t\t<\/div>\n\t\t\t\t<\/div>\n\t\t<div class=\"elementor-element elementor-element-1c100d3 e-flex e-con-boxed e-con e-parent\" data-id=\"1c100d3\" data-element_type=\"container\" data-e-type=\"container\" data-settings=\"{&quot;background_background&quot;:&quot;classic&quot;}\">\n\t\t\t\t\t<div class=\"e-con-inner\">\n\t\t<div class=\"elementor-element elementor-element-d5fe95a e-con-full e-flex e-con e-parent\" data-id=\"d5fe95a\" data-element_type=\"container\" data-e-type=\"container\">\n\t\t\t\t<div class=\"elementor-element elementor-element-5dae4267 elementor-widget elementor-widget-image\" data-id=\"5dae4267\" data-element_type=\"widget\" data-e-type=\"widget\" data-widget_type=\"image.default\">\n\t\t\t\t<div class=\"elementor-widget-container\">\n\t\t\t\t\t\t\t\t\t\t\t\t\t\t\t<img decoding=\"async\" src=\"https:\/\/miritglas.com\/wp-content\/uploads\/elementor\/thumbs\/mirit-lamineret-qbhc8n9ngcujsnpq1v11nyujbo5x2lu8kw7az93o1c.jpg\" title=\"mirit-lamineret\" alt=\"mirit glas fremstiller lamineret glas til beskyttelse og andet i erhverv og industri.\" loading=\"lazy\" \/>\t\t\t\t\t\t\t\t\t\t\t\t\t\t\t<\/div>\n\t\t\t\t<\/div>\n\t\t\t\t<\/div>\n\t\t<div class=\"elementor-element elementor-element-1032910c e-con-full e-flex e-con e-parent\" data-id=\"1032910c\" data-element_type=\"container\" data-e-type=\"container\">\n\t\t\t\t<div class=\"elementor-element elementor-element-3132574f elementor-widget elementor-widget-text-editor\" data-id=\"3132574f\" data-element_type=\"widget\" data-e-type=\"widget\" data-widget_type=\"text-editor.default\">\n\t\t\t\t<div class=\"elementor-widget-container\">\n\t\t\t\t\t\t\t\t\t<h4>Vad \u00e4r laminerat glas<\/h4>\n<p>Laminerat glas best\u00e5r av tv\u00e5 eller flera lager av glas, som f\u00f6renas med mellanlager av en folie.<\/p>\n<p>Folien \u00e4r vanligtvis 0,38 mm eller 0,76 mm tjock, men de enskilda glas- och folieskikten kan ha olika tjocklekar beroende p\u00e5 kraven f\u00f6r den f\u00e4rdiga glaskonstruktionen, precis som de enskilda glaslagren kan skilja sig fr\u00e5n tekniskt glas som borosilikatglas och kemiskt h\u00e4rdat glas. till vanligare som floatglas och h\u00e4rdat glas. Det \u00e4r ocks\u00e5 m\u00f6jligt att laminera kr\u00f6kt glas.<\/p>\n<p>Det \u00e4r ocks\u00e5 m\u00f6jligt att placera f\u00e4rgade folier eller folier med struktur mellan glasen f\u00f6r att uppn\u00e5 en effekt.<\/p>\n<p>F\u00f6rdelen med laminerat glas \u00e4r m\u00e5nga. Om glaset g\u00e5r s\u00f6nder kommer det att h\u00e5lla ihop och d\u00e4rf\u00f6r kan det kategoriseras som s\u00e4kerhetsglas \u00e4ven om det inte \u00e4r h\u00e4rdat glas som konstruktionen best\u00e5r av. Laminerat glas \u00e4r i allm\u00e4nhet ocks\u00e5 mycket UV-h\u00e4mmande och kan d\u00e4rf\u00f6r ocks\u00e5 anv\u00e4ndas framf\u00f6r omr\u00e5den d\u00e4r du inte vill ha UV-ljus.<\/p>\n\t\t\t\t\t\t\t\t<\/div>\n\t\t\t\t<\/div>\n\t\t\t\t<\/div>\n\t\t\t\t\t<\/div>\n\t\t\t\t<\/div>\n\t\t<div class=\"elementor-element elementor-element-3e797c7 e-flex e-con-boxed e-con e-parent\" data-id=\"3e797c7\" data-element_type=\"container\" data-e-type=\"container\">\n\t\t\t\t\t<div class=\"e-con-inner\">\n\t\t<div class=\"elementor-element elementor-element-3044963 e-con-full e-flex e-con e-parent\" data-id=\"3044963\" data-element_type=\"container\" data-e-type=\"container\">\n\t\t\t\t<div class=\"elementor-element elementor-element-d72c9bb elementor-widget elementor-widget-text-editor\" data-id=\"d72c9bb\" data-element_type=\"widget\" data-e-type=\"widget\" data-widget_type=\"text-editor.default\">\n\t\t\t\t<div class=\"elementor-widget-container\">\n\t\t\t\t\t\t\t\t\t<h3>Glas med egenskaper<\/h3>\n<p>Laminerat glas anv\u00e4nds ofta i s\u00e4kerhetsglas eftersom det h\u00e5lls ihop n\u00e4r laminerat glas g\u00e5r s\u00f6nder. Detta kan ses i vindrutan p\u00e5 bilrutorna, d\u00e4r glaset, om glaset g\u00e5r s\u00f6nder, h\u00e5lls samman av laminatet. I vissa fall lamineras flera glas tillsammans f\u00f6r att g\u00f6ra glaset extra starkt. I sj\u00e4lva verket \u00e4r processen att s\u00e4tta ihop flera lager av glas och i vissa fall plast tillsammans den metod som anv\u00e4nds vid tillverkning av skotts\u00e4kra f\u00f6nster.<\/p>\n<h4>H\u00e5rda milj\u00f6er<\/h4>\n<p>Laminerat glas anv\u00e4nds ofta n\u00e4r glaset ska anv\u00e4ndas under h\u00e5rda eller extrema f\u00f6rh\u00e5llanden. Ett f\u00f6nster f\u00f6r lastbilar \u00e4r ett exempel. Det kan vara lastbilar eller arbetsmaskiner som arbetar under extremt svala f\u00f6rh\u00e5llanden som beh\u00f6ver ett uppv\u00e4rmt f\u00f6nster f\u00f6r att undvika dagg, medan f\u00f6nstret ocks\u00e5 \u00e4r ett s\u00e4kerhetsglas<\/p>\n<p>\u00c4ven i produktionssammanhang anv\u00e4nds laminerat glas ofta som en l\u00f6sning. Detta kan vara om du vill \u00f6vervaka en produktion d\u00e4r t.ex. Glaset \u00e5 ena sidan m\u00e5ste kunna skydda mot kemikalier, medan laminering s\u00e4kerst\u00e4ller att glaset \u00e4r starkt och inte g\u00e5r s\u00f6nder.<\/p>\n<h4>Laminerat glas kan anpassas<\/h4>\n<p>I vissa situationer r\u00e4cker inte ett rakt glas. Vi kan ocks\u00e5 leverera kr\u00f6kt laminerat glas, som vanligtvis anv\u00e4nds f\u00f6r avsk\u00e4rmning av maskiner och specialrutor.<br \/>\nB\u00e5de vanligt h\u00e4rdat glas och kemiskt h\u00e4rdat glas lamineras ofta f\u00f6r att ge glaset extra egenskaper. Ett exempel \u00e4r att laminerat glas kan anv\u00e4ndas n\u00e4r vi vill kunna \u00f6vervaka UV-l\u00f6sningar utan att uts\u00e4ttas f\u00f6r skadlig UV-str\u00e5lning. D\u00e4r kvartsglas \u00e4r perfekt f\u00f6r att l\u00e5ta UV-ljus passera kan laminerat glas filtrera bort UV-ljus.<\/p>\n<p>Vi tillverkar ocks\u00e5 mycket tunt kemiskt h\u00e4rdat glas, som om det lamineras tillsammans kan vara s\u00e4kerhetsgodk\u00e4nt. H\u00e4r \u00e4r m\u00f6jligheterna m\u00e5nga, b\u00e5de som mycket tunt s\u00e4kert glas f\u00f6r bildsk\u00e4rmar som displayglas, och f\u00f6r att laminera blyglas tillsammans s\u00e5 att det blir ett s\u00e4kerhetsglas som kan skydda mot radioaktiva str\u00e5lar.<\/p>\n<p>Laminerat glas \u00e4r inte bara f\u00f6r s\u00e4kerhet. Lamination kan ocks\u00e5 ge ett glas toner och struktur. (se l\u00e4ngre upp i texten)<\/p>\n<p>Sist men inte minst kan du ocks\u00e5 anv\u00e4nda laminering f\u00f6r att skydda elektronik genom att laminera elektriskt skyddande n\u00e4t mellan tv\u00e5 eller flera glasbitar och d\u00e4rigenom uppn\u00e5 EMC-skydd.<\/p>\n\t\t\t\t\t\t\t\t<\/div>\n\t\t\t\t<\/div>\n\t\t\t\t<\/div>\n\t\t\t\t\t<\/div>\n\t\t\t\t<\/div>\n\t\t\t\t<\/div>\n\t\t","protected":false},"featured_media":2100,"template":"","class_list":["post-3107","product","type-product","status-publish","has-post-thumbnail","hentry"],"acf":[],"_links":{"self":[{"href":"https:\/\/miritglas.com\/sv\/wp-json\/wp\/v2\/product\/3107","targetHints":{"allow":["GET"]}}],"collection":[{"href":"https:\/\/miritglas.com\/sv\/wp-json\/wp\/v2\/product"}],"about":[{"href":"https:\/\/miritglas.com\/sv\/wp-json\/wp\/v2\/types\/product"}],"version-history":[{"count":2,"href":"https:\/\/miritglas.com\/sv\/wp-json\/wp\/v2\/product\/3107\/revisions"}],"predecessor-version":[{"id":3514,"href":"https:\/\/miritglas.com\/sv\/wp-json\/wp\/v2\/product\/3107\/revisions\/3514"}],"wp:featuredmedia":[{"embeddable":true,"href":"https:\/\/miritglas.com\/sv\/wp-json\/wp\/v2\/media\/2100"}],"wp:attachment":[{"href":"https:\/\/miritglas.com\/sv\/wp-json\/wp\/v2\/media?parent=3107"}],"curies":[{"name":"wp","href":"https:\/\/api.w.org\/{rel}","templated":true}]}}