{"id":3103,"date":"2023-08-09T11:30:16","date_gmt":"2023-08-09T09:30:16","guid":{"rendered":"https:\/\/miritglas.com\/produkter\/kvartsglas\/"},"modified":"2023-09-19T17:59:44","modified_gmt":"2023-09-19T15:59:44","slug":"kvartsglas","status":"publish","type":"product","link":"https:\/\/miritglas.com\/sv\/produkter\/kvartsglas\/","title":{"rendered":"Kvartsglas"},"content":{"rendered":"\t\t<div data-elementor-type=\"wp-post\" data-elementor-id=\"3103\" class=\"elementor elementor-3103 elementor-300\" data-elementor-post-type=\"product\">\n\t\t\t\t<div class=\"elementor-element elementor-element-f4da18d e-flex e-con-boxed e-con e-parent\" data-id=\"f4da18d\" data-element_type=\"container\" data-e-type=\"container\">\n\t\t\t\t\t<div class=\"e-con-inner\">\n\t\t<div class=\"elementor-element elementor-element-6abd769e e-con-full e-flex e-con e-parent\" data-id=\"6abd769e\" data-element_type=\"container\" data-e-type=\"container\">\n\t\t\t\t<div class=\"elementor-element elementor-element-74a3e9bf elementor-widget elementor-widget-text-editor\" data-id=\"74a3e9bf\" data-element_type=\"widget\" data-e-type=\"widget\" data-widget_type=\"text-editor.default\">\n\t\t\t\t<div class=\"elementor-widget-container\">\n\t\t\t\t\t\t\t\t\t<h2>Kvartsglas \u2013 Det mycket rena materialet med de bra genomsl\u00e4ppningsegenskaperna<\/h2>\n<p>Mirit Glas levererar kvartsglas till industrier.<\/p>\n<p>Kvartsglas anv\u00e4nds i m\u00e5nga industriella sammanhang. P.g.a. kvartsens renhet, genomsl\u00e4ppnings\u00e4mnen och resistens mot h\u00f6ga temperaturer anv\u00e4nds den till allt fr\u00e5n vattenrensning med UV-ljus, till ljusledarkablar och\u00a0<a href=\"https:\/\/miritglas.com\/se\/produkt\/synglas\/\">synglas<\/a>.<\/p>\n<p>Kontakta Mirit Glas om du har n\u00e5gra fr\u00e5gor eller vill veta mer om hur glasset kan vara l\u00f6sningen f\u00f6r dig.<\/p>\n\t\t\t\t\t\t\t\t<\/div>\n\t\t\t\t<\/div>\n\t\t\t\t<div class=\"elementor-element elementor-element-72dff4a8 elementor-widget elementor-widget-button\" data-id=\"72dff4a8\" data-element_type=\"widget\" data-e-type=\"widget\" data-widget_type=\"button.default\">\n\t\t\t\t<div class=\"elementor-widget-container\">\n\t\t\t\t\t\t\t\t\t<div class=\"elementor-button-wrapper\">\n\t\t\t\t\t<a class=\"elementor-button elementor-button-link elementor-size-md\" href=\"https:\/\/miritglas.com\/sv\/kontakta-oss\/\">\n\t\t\t\t\t\t<span class=\"elementor-button-content-wrapper\">\n\t\t\t\t\t\t\t\t\t<span class=\"elementor-button-text\">Kontakta oss idag<\/span>\n\t\t\t\t\t<\/span>\n\t\t\t\t\t<\/a>\n\t\t\t\t<\/div>\n\t\t\t\t\t\t\t\t<\/div>\n\t\t\t\t<\/div>\n\t\t\t\t<\/div>\n\t\t<div class=\"elementor-element elementor-element-5e671c34 e-con-full e-flex e-con e-parent\" data-id=\"5e671c34\" data-element_type=\"container\" data-e-type=\"container\">\n\t\t\t\t<div class=\"elementor-element elementor-element-212cdd40 elementor-absolute elementor-widget elementor-widget-image\" data-id=\"212cdd40\" data-element_type=\"widget\" data-e-type=\"widget\" data-settings=\"{&quot;_position&quot;:&quot;absolute&quot;}\" data-widget_type=\"image.default\">\n\t\t\t\t<div class=\"elementor-widget-container\">\n\t\t\t\t\t\t\t\t\t\t\t\t\t\t\t<img fetchpriority=\"high\" decoding=\"async\" width=\"230\" height=\"230\" src=\"https:\/\/miritglas.com\/wp-content\/uploads\/2023\/08\/logo-icon.png\" class=\"attachment-medium size-medium wp-image-169\" alt=\"Mirit glas logo.\" srcset=\"https:\/\/miritglas.com\/wp-content\/uploads\/2023\/08\/logo-icon.png 230w, https:\/\/miritglas.com\/wp-content\/uploads\/2023\/08\/logo-icon-150x150.png 150w\" sizes=\"(max-width: 230px) 100vw, 230px\" title=\"\">\t\t\t\t\t\t\t\t\t\t\t\t\t\t\t<\/div>\n\t\t\t\t<\/div>\n\t\t\t\t<div class=\"elementor-element elementor-element-1093d92f elementor-widget elementor-widget-image\" data-id=\"1093d92f\" data-element_type=\"widget\" data-e-type=\"widget\" data-widget_type=\"image.default\">\n\t\t\t\t<div class=\"elementor-widget-container\">\n\t\t\t\t\t\t\t\t\t\t\t\t\t\t\t<img decoding=\"async\" width=\"800\" height=\"526\" src=\"https:\/\/miritglas.com\/wp-content\/uploads\/2023\/08\/kvartsglas-e1559814430302.jpeg\" class=\"attachment-large size-large wp-image-2085\" alt=\"Quartz glass\" srcset=\"https:\/\/miritglas.com\/wp-content\/uploads\/2023\/08\/kvartsglas-e1559814430302.jpeg 997w, https:\/\/miritglas.com\/wp-content\/uploads\/2023\/08\/kvartsglas-e1559814430302-300x197.jpeg 300w, https:\/\/miritglas.com\/wp-content\/uploads\/2023\/08\/kvartsglas-e1559814430302-768x505.jpeg 768w\" sizes=\"(max-width: 800px) 100vw, 800px\" title=\"\">\t\t\t\t\t\t\t\t\t\t\t\t\t\t\t<\/div>\n\t\t\t\t<\/div>\n\t\t\t\t<\/div>\n\t\t\t\t\t<\/div>\n\t\t\t\t<\/div>\n\t\t<div class=\"elementor-element elementor-element-5d9149d6 e-flex e-con-boxed e-con e-parent\" data-id=\"5d9149d6\" data-element_type=\"container\" data-e-type=\"container\" data-settings=\"{&quot;background_background&quot;:&quot;classic&quot;}\">\n\t\t\t\t\t<div class=\"e-con-inner\">\n\t\t<div class=\"elementor-element elementor-element-5c947068 e-con-full e-flex e-con e-parent\" data-id=\"5c947068\" data-element_type=\"container\" data-e-type=\"container\">\n\t\t\t\t<div class=\"elementor-element elementor-element-7b6d60d5 elementor-widget elementor-widget-text-editor\" data-id=\"7b6d60d5\" data-element_type=\"widget\" data-e-type=\"widget\" data-widget_type=\"text-editor.default\">\n\t\t\t\t<div class=\"elementor-widget-container\">\n\t\t\t\t\t\t\t\t\t<h3>Kvartsglassets egenskaper<\/h3>\n<p>Kvartsglas har en rad fantastiska egenskaper. Glaset t\u00e5l temperaturer \u00f6ver 1000 \u2103 och har en h\u00f6g genomsl\u00e4ppning fr\u00e5n UV-omr\u00e5det (ultraviolett ljus) till IR-omr\u00e5det (infrar\u00f6tt ljus). Kvartsglas finns b\u00e5de som rutor och som\u00a0<a href=\"https:\/\/miritglas.com\/se\/produkt\/glasror-och-glasstavar\/\">r\u00f6r, samt st\u00e4nger<\/a>.<\/p>\n<p>Kvartsglas kan inte h\u00e4rdas d\u00e5 det har en extremt l\u00e5g utvidgningskoefficient och \u00e4r d\u00e4rf\u00f6r resistent mot h\u00f6ga temperaturskillnader.<\/p>\n<p>Kvartsglas kan delas in i tre huvudtyper:<\/p>\n<ul>\n<li>Fused quartz<\/li>\n<li>Synthetic quartz<\/li>\n<li>Fused silica satin<\/li>\n<\/ul>\n<p>Fused quartz \u00e4r naturligt kvartsglas som framst\u00e4lls av +99 % specialsand, som sm\u00e4lter vid mycket h\u00f6g temperatur. Fused quartz \u00e4r den mest anv\u00e4nda kvartsglassorten och kallas d\u00e4rf\u00f6r ocks\u00e5 f\u00f6r vanligt kvartsglas eller naturligt kvartsglas.<\/p>\n<p>Synthetic quartz \u00e4r som namnet anger ett \u201csyntetiskt\u201d kvartsglas. Syntetiskt kvartsglas har samma egenskaper som naturligt kvartsglas (fused quartz). Det \u00e4r bara b\u00e4ttre. Syntetiskt kvartsglas har en o\u00f6vertr\u00e4ffad renhet och en \u00e4nnu b\u00e4ttre genomsl\u00e4ppning i den l\u00e5ga delen av UV-spektrumet.<\/p>\n<p>Fused silica satin kallas ocks\u00e5 satinkvarts f\u00f6r att glaset inte \u00e4r transparent, men matt. Satinkvarts finns framf\u00f6rallt som r\u00f6r.<\/p>\n\t\t\t\t\t\t\t\t<\/div>\n\t\t\t\t<\/div>\n\t\t\t\t<div class=\"elementor-element elementor-element-4ac371fc elementor-widget elementor-widget-button\" data-id=\"4ac371fc\" data-element_type=\"widget\" data-e-type=\"widget\" data-widget_type=\"button.default\">\n\t\t\t\t<div class=\"elementor-widget-container\">\n\t\t\t\t\t\t\t\t\t<div class=\"elementor-button-wrapper\">\n\t\t\t\t\t<a class=\"elementor-button elementor-button-link elementor-size-md\" href=\"https:\/\/miritglas.com\/sv\/kontakta-oss\/\">\n\t\t\t\t\t\t<span class=\"elementor-button-content-wrapper\">\n\t\t\t\t\t\t\t\t\t<span class=\"elementor-button-text\">Kontakta oss idag<\/span>\n\t\t\t\t\t<\/span>\n\t\t\t\t\t<\/a>\n\t\t\t\t<\/div>\n\t\t\t\t\t\t\t\t<\/div>\n\t\t\t\t<\/div>\n\t\t\t\t<\/div>\n\t\t<div class=\"elementor-element elementor-element-4969ab7a e-con-full e-flex e-con e-parent\" data-id=\"4969ab7a\" data-element_type=\"container\" data-e-type=\"container\">\n\t\t<div class=\"elementor-element elementor-element-177a1e13 e-flex e-con-boxed e-con e-parent\" data-id=\"177a1e13\" data-element_type=\"container\" data-e-type=\"container\" data-settings=\"{&quot;background_background&quot;:&quot;classic&quot;}\">\n\t\t\t\t\t<div class=\"e-con-inner\">\n\t\t\t\t<div class=\"elementor-element elementor-element-8cdba39 elementor-widget elementor-widget-text-editor\" data-id=\"8cdba39\" data-element_type=\"widget\" data-e-type=\"widget\" data-widget_type=\"text-editor.default\">\n\t\t\t\t<div class=\"elementor-widget-container\">\n\t\t\t\t\t\t\t\t\t<h4>KORTFATTAT<\/h4>\n<ul>\n<li class=\"li1\"><span class=\"s2\">T\u00e5l temperaturer \u00f6ver 1\u00a0000\u00a0\u00b0C<\/span><\/li>\n<li class=\"li1\"><span class=\"s2\">Har h\u00f6g transmission fr\u00e5n UV-omr\u00e5det (ultraviolett ljus) till IR-omr\u00e5det (infrar\u00f6tt ljus)<\/span><\/li>\n<li class=\"li1\"><span class=\"s2\">Finns b\u00e5de som plattor och som<a href=\"https:\/\/miritglas.com\/se\/produkt\/glasror-och-glasstavar\/\">\u00a0<span class=\"s3\">glasr\u00f6r och glasst\u00e4nger<\/span><\/a><\/span><\/li>\n<li class=\"li2\"><span class=\"s2\">Kan tillverkas i b\u00e5de matt och transparent kvalitet<\/span><\/li>\n<\/ul>\n\t\t\t\t\t\t\t\t<\/div>\n\t\t\t\t<\/div>\n\t\t\t\t\t<\/div>\n\t\t\t\t<\/div>\n\t\t\t\t<\/div>\n\t\t\t\t\t<\/div>\n\t\t\t\t<\/div>\n\t\t<div class=\"elementor-element elementor-element-66294fe5 e-flex e-con-boxed e-con e-parent\" data-id=\"66294fe5\" data-element_type=\"container\" data-e-type=\"container\">\n\t\t\t\t\t<div class=\"e-con-inner\">\n\t\t<div class=\"elementor-element elementor-element-4185a77c e-con-full e-flex e-con e-parent\" data-id=\"4185a77c\" data-element_type=\"container\" data-e-type=\"container\">\n\t\t\t\t<div class=\"elementor-element elementor-element-10c403e3 elementor-widget elementor-widget-text-editor\" data-id=\"10c403e3\" data-element_type=\"widget\" data-e-type=\"widget\" data-widget_type=\"text-editor.default\">\n\t\t\t\t<div class=\"elementor-widget-container\">\n\t\t\t\t\t\t\t\t\t<p>Mirit Glas\u00a0erbjuder<\/p>\n<h4>Naturligt kvarts<\/h4>\n<p>I lager har vi rutor fr\u00e5n 1-5 mm i tjocklek, samt\u00a0<a href=\"https:\/\/miritglas.com\/se\/produkt\/glasror-och-glasstavar\/\">glasr\u00f6r och glasst\u00e4nger<\/a>\u00a0i vissa diametrar. Rutor i tjocklek \u00f6ver 5 mm \u00e4r best\u00e4llningsvaror, d\u00e5 dessa ska sk\u00e4ras ut ur block i \u00f6nskade tjocklek och sedan ska poleras f\u00f6r att f\u00e5 en klar yta.<\/p>\n<h4>Syntetisk kvarts<\/h4>\n<p>Syntetisk kvarts \u00e4r vanligtvis en best\u00e4llningsvara p.g.a. r\u00e5varupriset. Vi har dock n\u00e5gra r\u00f6r i lager.<\/p>\n<h4>Satinkvarts<\/h4>\n<p>Vi har utvalda storlekar p\u00e5 r\u00f6r i lager.<\/p>\n<p>Vi kan ocks\u00e5 bearbeta kvarts p\u00e5 en rad olika s\u00e4tt efter \u00f6nskem\u00e5l:<\/p>\n<ul>\n<li>Form, h\u00e5l och hack<\/li>\n<li>Kantbearbetning<\/li>\n<li>Sandbl\u00e4string<\/li>\n<li>UV-limning<\/li>\n<li>M\u00e5lning<\/li>\n<li>Silkescreentryck<\/li>\n<li>B\u00f6jning \u2013 det \u00e4r m\u00f6jligt att b\u00f6ja kvartsglas, men det kr\u00e4ver mycket h\u00f6ga temperaturer och \u00e4r d\u00e4rf\u00f6r en komplicerad process.<\/li>\n<\/ul>\n<p>Det \u00e4r, som sagt, inte m\u00f6jligt att termiskt h\u00e4rda kvartsglas, d\u00e5 det \u00e4r resistent mot h\u00f6ga temperaturskillnader. Glasset kan inte heller h\u00e4rdas kemiskt, d\u00e5 det inte inneh\u00e5ller n\u00e5got natrium (se eventuellt\u00a0<a href=\"https:\/\/miritglas.com\/se\/produkt\/hardat-glas\/\">h\u00e4rdat glas<\/a>\u00a0och\u00a0<a href=\"https:\/\/miritglas.com\/se\/produkt\/kemiskt-haerdat-glas\/\">kemiskt h\u00e4rdat glas<\/a>).<\/p>\n<p>Kontakta oss om du har fr\u00e5gor, eller beh\u00f6ver mer information om kvartsglas.<\/p>\n\t\t\t\t\t\t\t\t<\/div>\n\t\t\t\t<\/div>\n\t\t\t\t<\/div>\n\t\t<div class=\"elementor-element elementor-element-7fe21853 e-con-full e-flex e-con e-parent\" data-id=\"7fe21853\" data-element_type=\"container\" data-e-type=\"container\">\n\t\t\t\t<div class=\"elementor-element elementor-element-1205af8 elementor-widget elementor-widget-text-editor\" data-id=\"1205af8\" data-element_type=\"widget\" data-e-type=\"widget\" data-widget_type=\"text-editor.default\">\n\t\t\t\t<div class=\"elementor-widget-container\">\n\t\t\t\t\t\t\t\t\t<h3>Vad \u00e4r kvartsglas?<\/h3>\n<p>Kvartsglas \u00e4r tillverkat av kvarts, som \u00e4r ett stabilt kristallint material som best\u00e5r av kisel- och syreatomer (kiseldioxid). Kisel \u00e4r, efter syre, just det material som har n\u00e4st h\u00f6gst f\u00f6rekomst i jordskorpan.<\/p>\n<p>Kvartsglas \u00e4r ett av de mest anv\u00e4ndbara och v\u00e4rdefulla materialen i vetenskapens och industrins v\u00e4rld. En av egenskaperna som g\u00f6r kvartsglas s\u00e4rskilt attraktivt \u00e4r dess l\u00e5ga v\u00e4rmeutvidgningskoefficient. Detta g\u00f6r att kvartsglas \u00e4r extremt v\u00e4rmebest\u00e4ndigt och d\u00e4rf\u00f6r l\u00e4mpar sig som siktglas i h\u00f6gtemperaturmilj\u00f6er.<\/p>\n<p>Kvartsglas \u00e4r tillverkat av kvartssand, som har en o\u00f6vertr\u00e4ffad kemisk renhet j\u00e4mf\u00f6rt med andra liknande material. Kemisk renhet \u00e4r v\u00e4sentlig i flera branscher som arbetar med h\u00f6gteknologi. D\u00e4rf\u00f6r \u00e4r kvartsglas v\u00e4rdefullt f\u00f6r f\u00f6retag som beh\u00f6ver det optimala materialet vad g\u00e4ller optisk transmission.<\/p>\n<p>I kvartsglas \u00e4r ljus\u00f6verf\u00f6ringen \u00f6ppen i ett mycket st\u00f6rre spektrum \u00e4n i andra typer av glas. Detta g\u00f6r kvartsglaset sj\u00e4lvklart f\u00f6r anv\u00e4ndning i processer d\u00e4r UV-ljus anv\u00e4nds. Det kan till exempel vara genom en UV-h\u00e4rdning av lim\/lack eller en desinfektionsprocess d\u00e4r du beh\u00f6ver skydda din ljusk\u00e4lla. F\u00f6r dessa \u00e4ndam\u00e5l \u2013 och m\u00e5nga fler \u2013 har vi p\u00e5 Mirit Glas m\u00f6jlighet att tillverka produkter i kvartsglas i dimensioner och kvantiteter som m\u00f6ter dina behov.<\/p>\n\t\t\t\t\t\t\t\t<\/div>\n\t\t\t\t<\/div>\n\t\t\t\t<div class=\"elementor-element elementor-element-1ca29a9 elementor-widget elementor-widget-button\" data-id=\"1ca29a9\" data-element_type=\"widget\" data-e-type=\"widget\" data-widget_type=\"button.default\">\n\t\t\t\t<div class=\"elementor-widget-container\">\n\t\t\t\t\t\t\t\t\t<div class=\"elementor-button-wrapper\">\n\t\t\t\t\t<a class=\"elementor-button elementor-button-link elementor-size-md\" href=\"https:\/\/miritglas.com\/sv\/kontakta-oss\/\">\n\t\t\t\t\t\t<span class=\"elementor-button-content-wrapper\">\n\t\t\t\t\t\t\t\t\t<span class=\"elementor-button-text\">Kontakta oss idag<\/span>\n\t\t\t\t\t<\/span>\n\t\t\t\t\t<\/a>\n\t\t\t\t<\/div>\n\t\t\t\t\t\t\t\t<\/div>\n\t\t\t\t<\/div>\n\t\t\t\t<\/div>\n\t\t\t\t\t<\/div>\n\t\t\t\t<\/div>\n\t\t\t\t<\/div>\n\t\t","protected":false},"featured_media":332,"template":"","class_list":["post-3103","product","type-product","status-publish","has-post-thumbnail","hentry"],"acf":[],"_links":{"self":[{"href":"https:\/\/miritglas.com\/sv\/wp-json\/wp\/v2\/product\/3103","targetHints":{"allow":["GET"]}}],"collection":[{"href":"https:\/\/miritglas.com\/sv\/wp-json\/wp\/v2\/product"}],"about":[{"href":"https:\/\/miritglas.com\/sv\/wp-json\/wp\/v2\/types\/product"}],"version-history":[{"count":2,"href":"https:\/\/miritglas.com\/sv\/wp-json\/wp\/v2\/product\/3103\/revisions"}],"predecessor-version":[{"id":3497,"href":"https:\/\/miritglas.com\/sv\/wp-json\/wp\/v2\/product\/3103\/revisions\/3497"}],"wp:featuredmedia":[{"embeddable":true,"href":"https:\/\/miritglas.com\/sv\/wp-json\/wp\/v2\/media\/332"}],"wp:attachment":[{"href":"https:\/\/miritglas.com\/sv\/wp-json\/wp\/v2\/media?parent=3103"}],"curies":[{"name":"wp","href":"https:\/\/api.w.org\/{rel}","templated":true}]}}