{"id":3099,"date":"2023-08-09T11:30:05","date_gmt":"2023-08-09T09:30:05","guid":{"rendered":"https:\/\/miritglas.com\/produkter\/keramiskt-glas\/"},"modified":"2023-09-19T17:59:44","modified_gmt":"2023-09-19T15:59:44","slug":"keramiskt-glas","status":"publish","type":"product","link":"https:\/\/miritglas.com\/sv\/produkter\/keramiskt-glas\/","title":{"rendered":"Keramiskt glas"},"content":{"rendered":"\t\t<div data-elementor-type=\"wp-post\" data-elementor-id=\"3099\" class=\"elementor elementor-3099 elementor-299\" data-elementor-post-type=\"product\">\n\t\t\t\t<div class=\"elementor-element elementor-element-71b06ae e-flex e-con-boxed e-con e-parent\" data-id=\"71b06ae\" data-element_type=\"container\" data-e-type=\"container\">\n\t\t\t\t\t<div class=\"e-con-inner\">\n\t\t<div class=\"elementor-element elementor-element-6e31a8bd e-con-full e-flex e-con e-parent\" data-id=\"6e31a8bd\" data-element_type=\"container\" data-e-type=\"container\">\n\t\t\t\t<div class=\"elementor-element elementor-element-18a14b8f elementor-widget elementor-widget-text-editor\" data-id=\"18a14b8f\" data-element_type=\"widget\" data-e-type=\"widget\" data-widget_type=\"text-editor.default\">\n\t\t\t\t<div class=\"elementor-widget-container\">\n\t\t\t\t\t\t\t\t\t<h2>Materialet som t\u00e5l h\u00f6ga temperaturer under l\u00e5ng tid<\/h2>\n<p>Mirit Glas levererar keramiskt glas till industrier.<\/p>\n<p>Vi kan leverera keramiskt glas i tjocklekarna 3, 4 och 5 mm. Vi kan \u00e4ven leverera keramiskt glas som \u00e4r v\u00e4lvt, men d\u00e5 det \u00e4r en komplicerad process, f\u00e5r du r\u00e4kna med l\u00e4ngre leveranstid.<\/p>\n<p>Du \u00e4r varmt v\u00e4lkommen att kontakta oss f\u00f6r att h\u00f6ra mer om keramiskt glas och l\u00e5t oss ta reda p\u00e5 om det passar dina behov.<\/p>\n\t\t\t\t\t\t\t\t<\/div>\n\t\t\t\t<\/div>\n\t\t\t\t<div class=\"elementor-element elementor-element-67866c89 elementor-widget elementor-widget-button\" data-id=\"67866c89\" data-element_type=\"widget\" data-e-type=\"widget\" data-widget_type=\"button.default\">\n\t\t\t\t<div class=\"elementor-widget-container\">\n\t\t\t\t\t\t\t\t\t<div class=\"elementor-button-wrapper\">\n\t\t\t\t\t<a class=\"elementor-button elementor-button-link elementor-size-md\" href=\"https:\/\/miritglas.com\/sv\/kontakta-oss\/\">\n\t\t\t\t\t\t<span class=\"elementor-button-content-wrapper\">\n\t\t\t\t\t\t\t\t\t<span class=\"elementor-button-text\">Kontakta oss idag<\/span>\n\t\t\t\t\t<\/span>\n\t\t\t\t\t<\/a>\n\t\t\t\t<\/div>\n\t\t\t\t\t\t\t\t<\/div>\n\t\t\t\t<\/div>\n\t\t\t\t<\/div>\n\t\t<div class=\"elementor-element elementor-element-1ca1ba45 e-con-full e-flex e-con e-parent\" data-id=\"1ca1ba45\" data-element_type=\"container\" data-e-type=\"container\">\n\t\t\t\t<div class=\"elementor-element elementor-element-464d7450 elementor-absolute elementor-widget elementor-widget-image\" data-id=\"464d7450\" data-element_type=\"widget\" data-e-type=\"widget\" data-settings=\"{&quot;_position&quot;:&quot;absolute&quot;}\" data-widget_type=\"image.default\">\n\t\t\t\t<div class=\"elementor-widget-container\">\n\t\t\t\t\t\t\t\t\t\t\t\t\t\t\t<img fetchpriority=\"high\" decoding=\"async\" width=\"230\" height=\"230\" src=\"https:\/\/miritglas.com\/wp-content\/uploads\/2023\/08\/logo-icon.png\" class=\"attachment-medium size-medium wp-image-169\" alt=\"Mirit glas logo.\" srcset=\"https:\/\/miritglas.com\/wp-content\/uploads\/2023\/08\/logo-icon.png 230w, https:\/\/miritglas.com\/wp-content\/uploads\/2023\/08\/logo-icon-150x150.png 150w\" sizes=\"(max-width: 230px) 100vw, 230px\" title=\"\">\t\t\t\t\t\t\t\t\t\t\t\t\t\t\t<\/div>\n\t\t\t\t<\/div>\n\t\t\t\t<div class=\"elementor-element elementor-element-7d132c elementor-widget elementor-widget-video\" data-id=\"7d132c\" data-element_type=\"widget\" data-e-type=\"widget\" data-settings=\"{&quot;youtube_url&quot;:&quot;https:\\\/\\\/www.youtube.com\\\/watch?v=LWWEYCBj0Zg&quot;,&quot;yt_privacy&quot;:&quot;yes&quot;,&quot;lazy_load&quot;:&quot;yes&quot;,&quot;show_image_overlay&quot;:&quot;yes&quot;,&quot;image_overlay&quot;:{&quot;url&quot;:&quot;https:\\\/\\\/miritglas.com\\\/wp-content\\\/uploads\\\/2023\\\/08\\\/LWWEYCBj0Zg.jpeg&quot;,&quot;id&quot;:2067,&quot;size&quot;:&quot;&quot;,&quot;alt&quot;:&quot;&quot;,&quot;source&quot;:&quot;library&quot;},&quot;video_type&quot;:&quot;youtube&quot;,&quot;controls&quot;:&quot;yes&quot;}\" data-widget_type=\"video.default\">\n\t\t\t\t<div class=\"elementor-widget-container\">\n\t\t\t\t\t\t\t<div class=\"elementor-wrapper elementor-open-inline\">\n\t\t\t<div class=\"elementor-video\"><\/div>\t\t\t\t<div class=\"elementor-custom-embed-image-overlay\" style=\"background-image: url(https:\/\/miritglas.com\/wp-content\/uploads\/2023\/08\/LWWEYCBj0Zg.jpeg);\">\n\t\t\t\t\t\t\t\t\t\t\t\t\t\t\t\t<div class=\"elementor-custom-embed-play\" role=\"button\" aria-label=\"Spela videoklipp\" tabindex=\"0\">\n\t\t\t\t\t\t\t<svg aria-hidden=\"true\" class=\"e-font-icon-svg e-eicon-play\" viewBox=\"0 0 1000 1000\" xmlns=\"http:\/\/www.w3.org\/2000\/svg\"><path d=\"M838 162C746 71 633 25 500 25 371 25 258 71 163 162 71 254 25 367 25 500 25 633 71 746 163 837 254 929 367 979 500 979 633 979 746 933 838 837 929 746 975 633 975 500 975 367 929 254 838 162M808 192C892 279 933 379 933 500 933 621 892 725 808 808 725 892 621 938 500 938 379 938 279 896 196 808 113 725 67 621 67 500 67 379 108 279 196 192 279 108 383 62 500 62 621 62 721 108 808 192M438 392V642L642 517 438 392Z\"><\/path><\/svg>\t\t\t\t\t\t<\/div>\n\t\t\t\t\t\t\t\t\t<\/div>\n\t\t\t\t\t<\/div>\n\t\t\t\t\t\t<\/div>\n\t\t\t\t<\/div>\n\t\t\t\t<\/div>\n\t\t\t\t\t<\/div>\n\t\t\t\t<\/div>\n\t\t<div class=\"elementor-element elementor-element-7325ade e-flex e-con-boxed e-con e-parent\" data-id=\"7325ade\" data-element_type=\"container\" data-e-type=\"container\" data-settings=\"{&quot;background_background&quot;:&quot;classic&quot;}\">\n\t\t\t\t\t<div class=\"e-con-inner\">\n\t\t<div class=\"elementor-element elementor-element-29168715 e-con-full e-flex e-con e-parent\" data-id=\"29168715\" data-element_type=\"container\" data-e-type=\"container\">\n\t\t\t\t<div class=\"elementor-element elementor-element-6519d299 elementor-widget elementor-widget-text-editor\" data-id=\"6519d299\" data-element_type=\"widget\" data-e-type=\"widget\" data-widget_type=\"text-editor.default\">\n\t\t\t\t<div class=\"elementor-widget-container\">\n\t\t\t\t\t\t\t\t\t<h3>Vanlig anv\u00e4ndning<\/h3>\n<p>Keramiskt glas anv\u00e4nds vanligtvis i samband med h\u00f6ga temperaturer, bl.a. som\u00a0<a href=\"https:\/\/miritglas.com\/se\/produkt\/synglas\/\">synglas\u00a0<\/a>vid aluminiumf\u00f6rbr\u00e4nning, till spisplattor och br\u00e4nnugnar. Glaset kan ocks\u00e5 anv\u00e4ndas till att st\u00e4nga ute UV-ljus, d\u00e5 det l\u00e5ter bara en liten del av det \u00f6vre UV-ljuset tr\u00e4nga igenom. Materialet \u00e4r d\u00e4rf\u00f6r bl.a. l\u00e4mpligt f\u00f6r anv\u00e4ndning framf\u00f6r ljusk\u00e4llor med h\u00f6ga temperaturer, d\u00e5 det kan f\u00f6rhindra att saker som bilder, kl\u00e4der, golv, m.m. bleks.<\/p>\n\t\t\t\t\t\t\t\t<\/div>\n\t\t\t\t<\/div>\n\t\t\t\t<div class=\"elementor-element elementor-element-39858dad elementor-widget elementor-widget-button\" data-id=\"39858dad\" data-element_type=\"widget\" data-e-type=\"widget\" data-widget_type=\"button.default\">\n\t\t\t\t<div class=\"elementor-widget-container\">\n\t\t\t\t\t\t\t\t\t<div class=\"elementor-button-wrapper\">\n\t\t\t\t\t<a class=\"elementor-button elementor-button-link elementor-size-md\" href=\"https:\/\/miritglas.com\/sv\/kontakta-oss\/\">\n\t\t\t\t\t\t<span class=\"elementor-button-content-wrapper\">\n\t\t\t\t\t\t\t\t\t<span class=\"elementor-button-text\">Kontakta oss idag<\/span>\n\t\t\t\t\t<\/span>\n\t\t\t\t\t<\/a>\n\t\t\t\t<\/div>\n\t\t\t\t\t\t\t\t<\/div>\n\t\t\t\t<\/div>\n\t\t\t\t<\/div>\n\t\t<div class=\"elementor-element elementor-element-5644c4b1 e-con-full e-flex e-con e-parent\" data-id=\"5644c4b1\" data-element_type=\"container\" data-e-type=\"container\">\n\t\t<div class=\"elementor-element elementor-element-58039e8d e-flex e-con-boxed e-con e-parent\" data-id=\"58039e8d\" data-element_type=\"container\" data-e-type=\"container\" data-settings=\"{&quot;background_background&quot;:&quot;classic&quot;}\">\n\t\t\t\t\t<div class=\"e-con-inner\">\n\t\t\t\t<div class=\"elementor-element elementor-element-3afd3e16 elementor-widget elementor-widget-text-editor\" data-id=\"3afd3e16\" data-element_type=\"widget\" data-e-type=\"widget\" data-widget_type=\"text-editor.default\">\n\t\t\t\t<div class=\"elementor-widget-container\">\n\t\t\t\t\t\t\t\t\t<h4>GLASETS EGENSKAPER<\/h4>\n<p>Keramiskt glas \u2013 som Robax eller Neoceram \u2013 har en otrolig styrka vid v\u00e4rmep\u00e5verkan \u2013 b\u00e5de vid pl\u00f6tslig termisk chock och under l\u00e5ngvarig drift vid h\u00f6ga temperaturer. Glaset t\u00e5l ca<br \/>\n560 \u2103 i 5000 timmar och 760 \u2103 i 5 timmar.<\/p>\n<p>L\u00e4gg m\u00e4rka till att keramiskt glas har en svagt gulaktig ton och verkar d\u00e4rf\u00f6r inte s\u00e5 klart som vanligt glas.<\/p>\n\t\t\t\t\t\t\t\t<\/div>\n\t\t\t\t<\/div>\n\t\t\t\t\t<\/div>\n\t\t\t\t<\/div>\n\t\t\t\t<\/div>\n\t\t\t\t\t<\/div>\n\t\t\t\t<\/div>\n\t\t<div class=\"elementor-element elementor-element-63e6092e e-flex e-con-boxed e-con e-parent\" data-id=\"63e6092e\" data-element_type=\"container\" data-e-type=\"container\" data-settings=\"{&quot;background_background&quot;:&quot;classic&quot;}\">\n\t\t\t\t\t<div class=\"e-con-inner\">\n\t\t<div class=\"elementor-element elementor-element-73ea794 e-con-full e-flex e-con e-parent\" data-id=\"73ea794\" data-element_type=\"container\" data-e-type=\"container\">\n\t\t\t\t<div class=\"elementor-element elementor-element-29f1a0f3 elementor-widget elementor-widget-text-editor\" data-id=\"29f1a0f3\" data-element_type=\"widget\" data-e-type=\"widget\" data-widget_type=\"text-editor.default\">\n\t\t\t\t<div class=\"elementor-widget-container\">\n\t\t\t\t\t\t\t\t\t<h3><strong>Mirit Glas erbjuder<\/strong><\/h3>\n<p>Keramiskt glas kan bearbetas som vanligt glas:<\/p>\n\t\t\t\t\t\t\t\t<\/div>\n\t\t\t\t<\/div>\n\t\t\t\t<div class=\"elementor-element elementor-element-6bb478e elementor-widget elementor-widget-text-editor\" data-id=\"6bb478e\" data-element_type=\"widget\" data-e-type=\"widget\" data-widget_type=\"text-editor.default\">\n\t\t\t\t<div class=\"elementor-widget-container\">\n\t\t\t\t\t\t\t\t\t<ul>\n<li>Form, h\u00e5l och hack<\/li>\n<li>Kantbearbetning<\/li>\n<li>Sandbl\u00e4string<\/li>\n<li>M\u00e5lning<\/li>\n<li>Silkescreentryck<\/li>\n<li>Det kan b\u00f6jas, men det \u00e4r en r\u00e4tt komplicerad process.<\/li>\n<\/ul>\n\t\t\t\t\t\t\t\t<\/div>\n\t\t\t\t<\/div>\n\t\t\t\t<div class=\"elementor-element elementor-element-32802fc6 elementor-widget elementor-widget-text-editor\" data-id=\"32802fc6\" data-element_type=\"widget\" data-e-type=\"widget\" data-widget_type=\"text-editor.default\">\n\t\t\t\t<div class=\"elementor-widget-container\">\n\t\t\t\t\t\t\t\t\t<p>Notera att glasset inte kan h\u00e4rdas termiskt eftersom det \u00e4r s\u00e5 v\u00e4rmet\u00e5ligt. Det kan inte heller h\u00e4rdas kemiskt.<\/p>\n<p>Du \u00e4r varmt v\u00e4lkommen att kontakta oss f\u00f6r mer information.<\/p>\n\t\t\t\t\t\t\t\t<\/div>\n\t\t\t\t<\/div>\n\t\t\t\t<\/div>\n\t\t\t\t\t<\/div>\n\t\t\t\t<\/div>\n\t\t\t\t<\/div>\n\t\t","protected":false},"featured_media":6214,"template":"","class_list":["post-3099","product","type-product","status-publish","has-post-thumbnail","hentry"],"acf":[],"_links":{"self":[{"href":"https:\/\/miritglas.com\/sv\/wp-json\/wp\/v2\/product\/3099","targetHints":{"allow":["GET"]}}],"collection":[{"href":"https:\/\/miritglas.com\/sv\/wp-json\/wp\/v2\/product"}],"about":[{"href":"https:\/\/miritglas.com\/sv\/wp-json\/wp\/v2\/types\/product"}],"version-history":[{"count":2,"href":"https:\/\/miritglas.com\/sv\/wp-json\/wp\/v2\/product\/3099\/revisions"}],"predecessor-version":[{"id":3500,"href":"https:\/\/miritglas.com\/sv\/wp-json\/wp\/v2\/product\/3099\/revisions\/3500"}],"wp:featuredmedia":[{"embeddable":true,"href":"https:\/\/miritglas.com\/sv\/wp-json\/wp\/v2\/media\/6214"}],"wp:attachment":[{"href":"https:\/\/miritglas.com\/sv\/wp-json\/wp\/v2\/media?parent=3099"}],"curies":[{"name":"wp","href":"https:\/\/api.w.org\/{rel}","templated":true}]}}