{"id":3090,"date":"2023-08-09T11:29:52","date_gmt":"2023-08-09T09:29:52","guid":{"rendered":"https:\/\/miritglas.com\/produkter\/jaernfattigt-glas\/"},"modified":"2023-09-19T17:59:44","modified_gmt":"2023-09-19T15:59:44","slug":"jaernfattigt-glas","status":"publish","type":"product","link":"https:\/\/miritglas.com\/sv\/produkter\/jaernfattigt-glas\/","title":{"rendered":"J\u00e4rnfattigt glas"},"content":{"rendered":"\t\t<div data-elementor-type=\"wp-post\" data-elementor-id=\"3090\" class=\"elementor elementor-3090 elementor-297\" data-elementor-post-type=\"product\">\n\t\t\t\t<div class=\"elementor-element elementor-element-eb15ef7 e-flex e-con-boxed e-con e-parent\" data-id=\"eb15ef7\" data-element_type=\"container\" data-e-type=\"container\">\n\t\t\t\t\t<div class=\"e-con-inner\">\n\t\t<div class=\"elementor-element elementor-element-7f436d e-con-full e-flex e-con e-parent\" data-id=\"7f436d\" data-element_type=\"container\" data-e-type=\"container\">\n\t\t\t\t<div class=\"elementor-element elementor-element-2e421fef elementor-widget elementor-widget-text-editor\" data-id=\"2e421fef\" data-element_type=\"widget\" data-e-type=\"widget\" data-widget_type=\"text-editor.default\">\n\t\t\t\t<div class=\"elementor-widget-container\">\n\t\t\t\t\t\t\t\t\t<h2>J\u00e4rnfattigt glas har lite mer transmission och \u00e4r lite klarare \u00e4n vanligt glas<\/h2>\n<p>J\u00e4rnfattigt glas har h\u00f6gre ljus- och UV-transmission \u00e4n vanligt glas p\u00e5 grund av en l\u00e4gre j\u00e4rnhalt (j\u00e4rnoxid).<\/p>\n<p>Anv\u00e4ndningsomr\u00e5dena \u00e4r omfattande: j\u00e4rnfattigt glas anv\u00e4nds i allt fr\u00e5n solcells- till designindustrin. J\u00e4rnhalten i vanligt glas ger glaset en svag gr\u00f6nton som syns tydligt n\u00e4r man ser glaset fr\u00e5n sidan. J\u00e4rnfattigt glas \u00e4r neutralare i f\u00e4rgen.<\/p>\n<p>Mirit Glas erbjuder olika typer av j\u00e4rnfattig glasbearbetning. Kontakta oss f\u00f6r att h\u00f6ra mer.<\/p>\n\t\t\t\t\t\t\t\t<\/div>\n\t\t\t\t<\/div>\n\t\t\t\t<div class=\"elementor-element elementor-element-131b825f elementor-widget elementor-widget-button\" data-id=\"131b825f\" data-element_type=\"widget\" data-e-type=\"widget\" data-widget_type=\"button.default\">\n\t\t\t\t<div class=\"elementor-widget-container\">\n\t\t\t\t\t\t\t\t\t<div class=\"elementor-button-wrapper\">\n\t\t\t\t\t<a class=\"elementor-button elementor-button-link elementor-size-md\" href=\"https:\/\/miritglas.com\/sv\/kontakta-oss\/\">\n\t\t\t\t\t\t<span class=\"elementor-button-content-wrapper\">\n\t\t\t\t\t\t\t\t\t<span class=\"elementor-button-text\">Kontakta oss idag<\/span>\n\t\t\t\t\t<\/span>\n\t\t\t\t\t<\/a>\n\t\t\t\t<\/div>\n\t\t\t\t\t\t\t\t<\/div>\n\t\t\t\t<\/div>\n\t\t\t\t<\/div>\n\t\t<div class=\"elementor-element elementor-element-11829f0e e-con-full e-flex e-con e-parent\" data-id=\"11829f0e\" data-element_type=\"container\" data-e-type=\"container\">\n\t\t\t\t<div class=\"elementor-element elementor-element-7e6ac5c3 elementor-absolute elementor-widget elementor-widget-image\" data-id=\"7e6ac5c3\" data-element_type=\"widget\" data-e-type=\"widget\" data-settings=\"{&quot;_position&quot;:&quot;absolute&quot;}\" data-widget_type=\"image.default\">\n\t\t\t\t<div class=\"elementor-widget-container\">\n\t\t\t\t\t\t\t\t\t\t\t\t\t\t\t<img fetchpriority=\"high\" decoding=\"async\" width=\"230\" height=\"230\" src=\"https:\/\/miritglas.com\/wp-content\/uploads\/2023\/08\/logo-icon.png\" class=\"attachment-medium size-medium wp-image-169\" alt=\"Mirit glas logo.\" srcset=\"https:\/\/miritglas.com\/wp-content\/uploads\/2023\/08\/logo-icon.png 230w, https:\/\/miritglas.com\/wp-content\/uploads\/2023\/08\/logo-icon-150x150.png 150w\" sizes=\"(max-width: 230px) 100vw, 230px\" title=\"\">\t\t\t\t\t\t\t\t\t\t\t\t\t\t\t<\/div>\n\t\t\t\t<\/div>\n\t\t\t\t<div class=\"elementor-element elementor-element-4cd89e46 elementor-widget elementor-widget-video\" data-id=\"4cd89e46\" data-element_type=\"widget\" data-e-type=\"widget\" data-settings=\"{&quot;youtube_url&quot;:&quot;https:\\\/\\\/www.youtube.com\\\/watch?v=ML5daXPhmPQ&quot;,&quot;yt_privacy&quot;:&quot;yes&quot;,&quot;lazy_load&quot;:&quot;yes&quot;,&quot;show_image_overlay&quot;:&quot;yes&quot;,&quot;image_overlay&quot;:{&quot;url&quot;:&quot;https:\\\/\\\/miritglas.com\\\/wp-content\\\/uploads\\\/2023\\\/08\\\/ML5daXPhmPQ.jpeg&quot;,&quot;id&quot;:1831,&quot;size&quot;:&quot;&quot;,&quot;alt&quot;:&quot;&quot;,&quot;source&quot;:&quot;library&quot;},&quot;video_type&quot;:&quot;youtube&quot;,&quot;controls&quot;:&quot;yes&quot;}\" data-widget_type=\"video.default\">\n\t\t\t\t<div class=\"elementor-widget-container\">\n\t\t\t\t\t\t\t<div class=\"elementor-wrapper elementor-open-inline\">\n\t\t\t<div class=\"elementor-video\"><\/div>\t\t\t\t<div class=\"elementor-custom-embed-image-overlay\" style=\"background-image: url(https:\/\/miritglas.com\/wp-content\/uploads\/2023\/08\/ML5daXPhmPQ.jpeg);\">\n\t\t\t\t\t\t\t\t\t\t\t\t\t\t\t\t<div class=\"elementor-custom-embed-play\" role=\"button\" aria-label=\"Spela videoklipp\" tabindex=\"0\">\n\t\t\t\t\t\t\t<svg aria-hidden=\"true\" class=\"e-font-icon-svg e-eicon-play\" viewBox=\"0 0 1000 1000\" xmlns=\"http:\/\/www.w3.org\/2000\/svg\"><path d=\"M838 162C746 71 633 25 500 25 371 25 258 71 163 162 71 254 25 367 25 500 25 633 71 746 163 837 254 929 367 979 500 979 633 979 746 933 838 837 929 746 975 633 975 500 975 367 929 254 838 162M808 192C892 279 933 379 933 500 933 621 892 725 808 808 725 892 621 938 500 938 379 938 279 896 196 808 113 725 67 621 67 500 67 379 108 279 196 192 279 108 383 62 500 62 621 62 721 108 808 192M438 392V642L642 517 438 392Z\"><\/path><\/svg>\t\t\t\t\t\t<\/div>\n\t\t\t\t\t\t\t\t\t<\/div>\n\t\t\t\t\t<\/div>\n\t\t\t\t\t\t<\/div>\n\t\t\t\t<\/div>\n\t\t\t\t<\/div>\n\t\t\t\t\t<\/div>\n\t\t\t\t<\/div>\n\t\t<div class=\"elementor-element elementor-element-57437843 e-flex e-con-boxed e-con e-parent\" data-id=\"57437843\" data-element_type=\"container\" data-e-type=\"container\" data-settings=\"{&quot;background_background&quot;:&quot;classic&quot;}\">\n\t\t\t\t\t<div class=\"e-con-inner\">\n\t\t<div class=\"elementor-element elementor-element-174dd610 e-con-full e-flex e-con e-parent\" data-id=\"174dd610\" data-element_type=\"container\" data-e-type=\"container\">\n\t\t\t\t<div class=\"elementor-element elementor-element-2117422a elementor-widget elementor-widget-text-editor\" data-id=\"2117422a\" data-element_type=\"widget\" data-e-type=\"widget\" data-widget_type=\"text-editor.default\">\n\t\t\t\t<div class=\"elementor-widget-container\">\n\t\t\t\t\t\t\t\t\t<h3>Glasets\u00a0egenskaper<\/h3>\n<p>Solcellsindustrin anv\u00e4nder j\u00e4rnfattigt glas f\u00f6r att solpanelerna ska f\u00e5 b\u00e4ttre ljusgenomsl\u00e4pp eftersom den l\u00e5ga j\u00e4rnhalten till\u00e5ter h\u00f6gre ljustransmission.<br \/>\nTill skillnad fr\u00e5n vanligt glas sl\u00e4pper j\u00e4rnfattigt glas dessutom in en del UV-B-str\u00e5lar. Det \u00e4r anledningen till att man inte blir brun genom vanligt glas men kan bli det genom j\u00e4rnfattigt glas.<\/p>\n<p>Designindustrin anv\u00e4nder j\u00e4rnfattigt glas bl.a. f\u00f6r att det \u00e4r optimalt n\u00e4r man ska trycka f\u00e4rger p\u00e5 glas. Glaset \u00e4r n\u00e4stan f\u00e4rgneutralt, s\u00e5 resultatet f\u00e5r helt r\u00e4tt f\u00e4rgnyans. Om man d\u00e4remot trycker f\u00e4rg p\u00e5 vanligt glas f\u00e5r resultatet en svag gr\u00f6naktig ton.<\/p>\n<p>J\u00e4rnfattigt glas tillverkas i tjocklekar fr\u00e5n 2 till 19 mm. Den gr\u00f6na f\u00e4rgskillnaden syns tydligare ju tjockare glaset \u00e4r, och tittar man fr\u00e5n sidan \u00e4r det ingen tvekan om saken. Vissa f\u00f6redrar den svaga gr\u00f6ntonen medan andra vill undvika den. Mirit Glas erbjuder b\u00e5da varianterna.<\/p>\n<h3>Ultrawhite, Optiwhite, Diamant-glas och Starphire<\/h3>\n<p>K\u00e4rt barn har m\u00e5nga namn. J\u00e4rnfattigt glas kallas bl.a. ocks\u00e5 f\u00f6r Optiwhite-glas, Diamant-glas, extra klart glas, Ultrawhite och Starphire. Gemensamt f\u00f6r alla \u00e4r den l\u00e4gre j\u00e4rnhalten (Fe<sub>2<\/sub>0<sub>3<\/sub>) som ger ett klarare glas.<\/p>\n\t\t\t\t\t\t\t\t<\/div>\n\t\t\t\t<\/div>\n\t\t\t\t<\/div>\n\t\t<div class=\"elementor-element elementor-element-33ee20c6 e-con-full e-flex e-con e-parent\" data-id=\"33ee20c6\" data-element_type=\"container\" data-e-type=\"container\">\n\t\t\t\t<div class=\"elementor-element elementor-element-5fd1d971 elementor-widget elementor-widget-image\" data-id=\"5fd1d971\" data-element_type=\"widget\" data-e-type=\"widget\" data-widget_type=\"image.default\">\n\t\t\t\t<div class=\"elementor-widget-container\">\n\t\t\t\t\t\t\t\t\t\t\t\t<figure class=\"wp-caption\">\n\t\t\t\t\t\t\t\t\t\t<img decoding=\"async\" width=\"779\" height=\"584\" src=\"https:\/\/miritglas.com\/wp-content\/uploads\/2023\/08\/almindeligt-floatglas.jpg\" class=\"attachment-large size-large wp-image-1941\" alt=\"float glas\" srcset=\"https:\/\/miritglas.com\/wp-content\/uploads\/2023\/08\/almindeligt-floatglas.jpg 779w, https:\/\/miritglas.com\/wp-content\/uploads\/2023\/08\/almindeligt-floatglas-300x225.jpg 300w, https:\/\/miritglas.com\/wp-content\/uploads\/2023\/08\/almindeligt-floatglas-768x576.jpg 768w\" sizes=\"(max-width: 779px) 100vw, 779px\" title=\"\">\t\t\t\t\t\t\t\t\t\t\t<figcaption class=\"widget-image-caption wp-caption-text\">Almindeligt floatglas<\/figcaption>\n\t\t\t\t\t\t\t\t\t\t<\/figure>\n\t\t\t\t\t\t\t\t\t<\/div>\n\t\t\t\t<\/div>\n\t\t\t\t<div class=\"elementor-element elementor-element-c0b95fd elementor-widget elementor-widget-image\" data-id=\"c0b95fd\" data-element_type=\"widget\" data-e-type=\"widget\" data-widget_type=\"image.default\">\n\t\t\t\t<div class=\"elementor-widget-container\">\n\t\t\t\t\t\t\t\t\t\t\t\t<figure class=\"wp-caption\">\n\t\t\t\t\t\t\t\t\t\t<img decoding=\"async\" width=\"779\" height=\"584\" src=\"https:\/\/miritglas.com\/wp-content\/uploads\/2023\/08\/jernfattigt-glas.jpeg\" class=\"attachment-large size-large wp-image-2026\" alt=\"jernfattigt glas sikrer transmission og klarhed.\" srcset=\"https:\/\/miritglas.com\/wp-content\/uploads\/2023\/08\/jernfattigt-glas.jpeg 779w, https:\/\/miritglas.com\/wp-content\/uploads\/2023\/08\/jernfattigt-glas-300x225.jpeg 300w, https:\/\/miritglas.com\/wp-content\/uploads\/2023\/08\/jernfattigt-glas-768x576.jpeg 768w\" sizes=\"(max-width: 779px) 100vw, 779px\" title=\"\">\t\t\t\t\t\t\t\t\t\t\t<figcaption class=\"widget-image-caption wp-caption-text\">Jernfattigt glas<\/figcaption>\n\t\t\t\t\t\t\t\t\t\t<\/figure>\n\t\t\t\t\t\t\t\t\t<\/div>\n\t\t\t\t<\/div>\n\t\t\t\t<\/div>\n\t\t\t\t\t<\/div>\n\t\t\t\t<\/div>\n\t\t<div class=\"elementor-element elementor-element-378c2641 e-flex e-con-boxed e-con e-parent\" data-id=\"378c2641\" data-element_type=\"container\" data-e-type=\"container\" data-settings=\"{&quot;background_background&quot;:&quot;classic&quot;}\">\n\t\t\t\t\t<div class=\"e-con-inner\">\n\t\t<div class=\"elementor-element elementor-element-35561e05 e-con-full e-flex e-con e-parent\" data-id=\"35561e05\" data-element_type=\"container\" data-e-type=\"container\">\n\t\t\t\t<div class=\"elementor-element elementor-element-6a10e037 elementor-widget elementor-widget-text-editor\" data-id=\"6a10e037\" data-element_type=\"widget\" data-e-type=\"widget\" data-widget_type=\"text-editor.default\">\n\t\t\t\t<div class=\"elementor-widget-container\">\n\t\t\t\t\t\t\t\t\t<h3>Mirit Glas kan bearbeta j\u00e4rnfattigt glas p\u00e5 flera olika s\u00e4tt:<\/h3>\n\t\t\t\t\t\t\t\t<\/div>\n\t\t\t\t<\/div>\n\t\t\t\t<div class=\"elementor-element elementor-element-1f7fa99b elementor-widget elementor-widget-text-editor\" data-id=\"1f7fa99b\" data-element_type=\"widget\" data-e-type=\"widget\" data-widget_type=\"text-editor.default\">\n\t\t\t\t<div class=\"elementor-widget-container\">\n\t\t\t\t\t\t\t\t\t<ul>\n<li>Form, h\u00e5l och hack<\/li>\n<li>Kantbearbetning<\/li>\n<li>Sandbl\u00e4string<\/li>\n<li>UV-limning<\/li>\n<li>M\u00e5lning<\/li>\n<li>Silkescreentryck<\/li>\n<li>Termisk h\u00e4rdning<\/li>\n<li>Kemisk h\u00e4rdning<\/li>\n<li>B\u00f6jning<\/li>\n<li>Laminering<\/li>\n<\/ul>\n\t\t\t\t\t\t\t\t<\/div>\n\t\t\t\t<\/div>\n\t\t\t\t<div class=\"elementor-element elementor-element-1b87c48a elementor-widget elementor-widget-text-editor\" data-id=\"1b87c48a\" data-element_type=\"widget\" data-e-type=\"widget\" data-widget_type=\"text-editor.default\">\n\t\t\t\t<div class=\"elementor-widget-container\">\n\t\t\t\t\t\t\t\t\t<p>Vill du veta mer om j\u00e4rnfattigt glas \u00e4r du varmt v\u00e4lkommen att kontakta oss\u00a0p\u00e5\u00a0<a href=\"mailto:post@mirit.dk\">post@mirit.dk<\/a>\u00a0eller <a href=\"tel:+4544944449\">+4544944449<\/a>.<\/p>\n\t\t\t\t\t\t\t\t<\/div>\n\t\t\t\t<\/div>\n\t\t\t\t<\/div>\n\t\t\t\t\t<\/div>\n\t\t\t\t<\/div>\n\t\t\t\t<\/div>\n\t\t","protected":false},"featured_media":2026,"template":"","class_list":["post-3090","product","type-product","status-publish","has-post-thumbnail","hentry"],"acf":[],"_links":{"self":[{"href":"https:\/\/miritglas.com\/sv\/wp-json\/wp\/v2\/product\/3090","targetHints":{"allow":["GET"]}}],"collection":[{"href":"https:\/\/miritglas.com\/sv\/wp-json\/wp\/v2\/product"}],"about":[{"href":"https:\/\/miritglas.com\/sv\/wp-json\/wp\/v2\/types\/product"}],"version-history":[{"count":2,"href":"https:\/\/miritglas.com\/sv\/wp-json\/wp\/v2\/product\/3090\/revisions"}],"predecessor-version":[{"id":3505,"href":"https:\/\/miritglas.com\/sv\/wp-json\/wp\/v2\/product\/3090\/revisions\/3505"}],"wp:featuredmedia":[{"embeddable":true,"href":"https:\/\/miritglas.com\/sv\/wp-json\/wp\/v2\/media\/2026"}],"wp:attachment":[{"href":"https:\/\/miritglas.com\/sv\/wp-json\/wp\/v2\/media?parent=3090"}],"curies":[{"name":"wp","href":"https:\/\/api.w.org\/{rel}","templated":true}]}}