{"id":3086,"date":"2023-08-09T11:29:42","date_gmt":"2023-08-09T09:29:42","guid":{"rendered":"https:\/\/miritglas.com\/produkter\/haerdat-glas\/"},"modified":"2023-10-31T15:59:05","modified_gmt":"2023-10-31T14:59:05","slug":"hardat-glas","status":"publish","type":"product","link":"https:\/\/miritglas.com\/sv\/produkter\/hardat-glas\/","title":{"rendered":"H\u00e4rdat glas"},"content":{"rendered":"\t\t<div data-elementor-type=\"wp-post\" data-elementor-id=\"3086\" class=\"elementor elementor-3086 elementor-296\" data-elementor-post-type=\"product\">\n\t\t\t\t<div class=\"elementor-element elementor-element-157dea9a e-flex e-con-boxed e-con e-parent\" data-id=\"157dea9a\" data-element_type=\"container\" data-e-type=\"container\">\n\t\t\t\t\t<div class=\"e-con-inner\">\n\t\t<div class=\"elementor-element elementor-element-42db1f6f e-con-full e-flex e-con e-parent\" data-id=\"42db1f6f\" data-element_type=\"container\" data-e-type=\"container\">\n\t\t\t\t<div class=\"elementor-element elementor-element-6ace4526 elementor-widget elementor-widget-text-editor\" data-id=\"6ace4526\" data-element_type=\"widget\" data-e-type=\"widget\" data-widget_type=\"text-editor.default\">\n\t\t\t\t<div class=\"elementor-widget-container\">\n\t\t\t\t\t\t\t\t\t<h2>H\u00e4rdat glas \u00e4r en stark l\u00f6sning f\u00f6r s\u00e4kerhetens skull<\/h2>\n<p>Mirit Glas producerar h\u00e4rdat glas f\u00f6r alla typer av \u00e4ndam\u00e5l och levererar bl. a. till industrier och f\u00f6retag, som anv\u00e4nder sig av\u00a0<a href=\"http:\/\/miritglas.com\/se\/produkt\/sakerhetsglas\/\">s\u00e4kerhetsglas<\/a>.<br \/>\nH\u00e4rdat glas anv\u00e4nds inom flera olika omr\u00e5den.Gemensamt f\u00f6r dem \u00e4r kravet p\u00e5 en glasl\u00f6sning som har st\u00f6rre motst\u00e5ndskraft mot temperaturer och tryck \u00e4n vad obehandlat glas har samt att glaset granulerar i sm\u00e5 ofarliga bitar om det g\u00e5r s\u00f6nder.<\/p>\n<p>Mirit Glas har f\u00f6rm\u00e5gan att h\u00e4rda glas fr\u00e5n 3 mm i tjocklek till 25 mm.<\/p>\n<p>Kontakta Mirit Glas f\u00f6r att f\u00e5 veta mer om h\u00e4rdat glas och hur det kan vara en bra l\u00f6sning f\u00f6r dig.<\/p>\n\t\t\t\t\t\t\t\t<\/div>\n\t\t\t\t<\/div>\n\t\t\t\t<div class=\"elementor-element elementor-element-2541d899 elementor-widget elementor-widget-button\" data-id=\"2541d899\" data-element_type=\"widget\" data-e-type=\"widget\" data-widget_type=\"button.default\">\n\t\t\t\t<div class=\"elementor-widget-container\">\n\t\t\t\t\t\t\t\t\t<div class=\"elementor-button-wrapper\">\n\t\t\t\t\t<a class=\"elementor-button elementor-button-link elementor-size-md\" href=\"https:\/\/miritglas.com\/sv\/kontakta-oss\/\">\n\t\t\t\t\t\t<span class=\"elementor-button-content-wrapper\">\n\t\t\t\t\t\t\t\t\t<span class=\"elementor-button-text\">Kontakta oss idag<\/span>\n\t\t\t\t\t<\/span>\n\t\t\t\t\t<\/a>\n\t\t\t\t<\/div>\n\t\t\t\t\t\t\t\t<\/div>\n\t\t\t\t<\/div>\n\t\t\t\t<\/div>\n\t\t<div class=\"elementor-element elementor-element-503f5848 e-con-full e-flex e-con e-parent\" data-id=\"503f5848\" data-element_type=\"container\" data-e-type=\"container\">\n\t\t\t\t<div class=\"elementor-element elementor-element-7ee86bd7 elementor-absolute elementor-widget elementor-widget-image\" data-id=\"7ee86bd7\" data-element_type=\"widget\" data-e-type=\"widget\" data-settings=\"{&quot;_position&quot;:&quot;absolute&quot;}\" data-widget_type=\"image.default\">\n\t\t\t\t<div class=\"elementor-widget-container\">\n\t\t\t\t\t\t\t\t\t\t\t\t\t\t\t<img fetchpriority=\"high\" decoding=\"async\" width=\"230\" height=\"230\" src=\"https:\/\/miritglas.com\/wp-content\/uploads\/2023\/08\/logo-icon.png\" class=\"attachment-medium size-medium wp-image-169\" alt=\"Mirit glas logo.\" srcset=\"https:\/\/miritglas.com\/wp-content\/uploads\/2023\/08\/logo-icon.png 230w, https:\/\/miritglas.com\/wp-content\/uploads\/2023\/08\/logo-icon-150x150.png 150w\" sizes=\"(max-width: 230px) 100vw, 230px\" title=\"\">\t\t\t\t\t\t\t\t\t\t\t\t\t\t\t<\/div>\n\t\t\t\t<\/div>\n\t\t<div class=\"elementor-element elementor-element-5c6b9610 e-flex e-con-boxed e-con e-parent\" data-id=\"5c6b9610\" data-element_type=\"container\" data-e-type=\"container\" data-settings=\"{&quot;background_background&quot;:&quot;classic&quot;}\">\n\t\t\t\t\t<div class=\"e-con-inner\">\n\t\t\t\t<div class=\"elementor-element elementor-element-55ddfcbe elementor-widget elementor-widget-text-editor\" data-id=\"55ddfcbe\" data-element_type=\"widget\" data-e-type=\"widget\" data-widget_type=\"text-editor.default\">\n\t\t\t\t<div class=\"elementor-widget-container\">\n\t\t\t\t\t\t\t\t\t<h4>GLASSETS EGENSKAPER<\/h4>\n<ul>\n<li class=\"li1\"><span class=\"s2\">H\u00f6g motst\u00e5ndskraft mot tryck<\/span><\/li>\n<li class=\"li1\"><span class=\"s2\">T\u00e5l temperaturskillnader upp till ca 250 grader<\/span><\/li>\n<li class=\"li1\"><span class=\"s2\">Ofarliga glassk\u00e4rvor vid brott eftersom glaset granulerar i sm\u00e5 oskarpa granulat<\/span><\/li>\n<li class=\"li2\"><span class=\"s2\">Anv\u00e4nds ofta f\u00f6r s\u00e4kerhetsglas<\/span><\/li>\n<\/ul>\n\t\t\t\t\t\t\t\t<\/div>\n\t\t\t\t<\/div>\n\t\t\t\t\t<\/div>\n\t\t\t\t<\/div>\n\t\t\t\t<\/div>\n\t\t\t\t\t<\/div>\n\t\t\t\t<\/div>\n\t\t<div class=\"elementor-element elementor-element-a11f23 e-flex e-con-boxed e-con e-parent\" data-id=\"a11f23\" data-element_type=\"container\" data-e-type=\"container\" data-settings=\"{&quot;background_background&quot;:&quot;classic&quot;}\">\n\t\t\t\t\t<div class=\"e-con-inner\">\n\t\t<div class=\"elementor-element elementor-element-641bafa9 e-con-full e-flex e-con e-parent\" data-id=\"641bafa9\" data-element_type=\"container\" data-e-type=\"container\">\n\t\t\t\t<div class=\"elementor-element elementor-element-6461834f elementor-widget elementor-widget-text-editor\" data-id=\"6461834f\" data-element_type=\"widget\" data-e-type=\"widget\" data-widget_type=\"text-editor.default\">\n\t\t\t\t<div class=\"elementor-widget-container\">\n\t\t\t\t\t\t\t\t\t<h3>Stor brytstyrka<\/h3>\n<p>Mirit Glas var det f\u00f6rsta f\u00f6retaget i Danmark som producerade h\u00e4rdat glas. Vi \u00e4r fortfarande en av landets fr\u00e4msta experter p\u00e5 omr\u00e5det. Som Skandinaviens enda f\u00f6retag kan vi dessutom erbjuda\u00a0<a href=\"https:\/\/miritglas.com\/se\/produkt\/kemiskt-haerdat-glas\/\"><span class=\"s2\">kemiskt h\u00e4rdat glas<\/span><\/a>.<\/p>\n<p>H\u00e4rdat glas \u00e4r flera g\u00e5nger starkare \u00e4n oh\u00e4rdat glas. T.ex. har 5 mm tjockt h\u00e4rdat glas samma brytstyrka som 12 mm tjockt obehandlat glas. Glas \u00e4r betydligt mer s\u00e5rbart f\u00f6r drag- \u00e4n tryckkrafter och sprickor uppst\u00e5r ofta p\u00e5 ytan. Men d\u00e5 h\u00e4rdat glas har trycksp\u00e4nningar i ytskiktet, skjuts den kritiska sp\u00e4nningspunkten upp och st\u00f6rre tryck beh\u00f6vs, f\u00f6r att glaset ska g\u00e5 s\u00f6nder.<\/p>\n<h3>S\u00e4kerhet<\/h3>\n<p>N\u00e4r h\u00e4rdat glas krossas, granulerar det i sm\u00e5 ofarliga bitar. H\u00e4rdat glas kan d\u00e4rf\u00f6r med stor f\u00f6rdel anv\u00e4ndas som\u00a0<a href=\"http:\/\/miritglas.com\/se\/produkt\/sakerhetsglas\/\">s\u00e4kerhetsglas<\/a>, p\u00e5 platser d\u00e4r vanliga glassk\u00e4rvor ifr\u00e5n vanligt glas kan orsaka\u00a0personskador. Ytterligare kan man f\u00f6rebygga sprickor eller spridning av glasbitar, genom att laminera ihop tv\u00e5 stycken av h\u00e4rdade glasskivor. N\u00e4r laminerat glas krossas h\u00e5ller det n\u00e4mligen ihop som en sammanh\u00e4ngande enhet.<\/p>\n<h3>Termisk motst\u00e5ndskraft<\/h3>\n<p>H\u00e4rdat glas t\u00e5l temperaturskillnader p\u00e5 upp mot 250 grader och passar d\u00e4rf\u00f6r extra bra, d\u00e4r vanligt glas spricker p\u00e5 grund av oj\u00e4mna temperaturer. Vanligt glas t\u00e5l temperaturskillnader p\u00e5 upp mot 40 grader.<br \/>\nMirit Glas levererar \u00e4ven glastyper som t\u00e5ler \u00e4nnu h\u00f6gre temperaturskillnader \u00e4n h\u00e4rdat glas.<\/p>\n\t\t\t\t\t\t\t\t<\/div>\n\t\t\t\t<\/div>\n\t\t\t\t<\/div>\n\t\t<div class=\"elementor-element elementor-element-661b49f e-con-full e-flex e-con e-parent\" data-id=\"661b49f\" data-element_type=\"container\" data-e-type=\"container\">\n\t\t\t\t<div class=\"elementor-element elementor-element-4ddae723 elementor-widget elementor-widget-image\" data-id=\"4ddae723\" data-element_type=\"widget\" data-e-type=\"widget\" data-widget_type=\"image.default\">\n\t\t\t\t<div class=\"elementor-widget-container\">\n\t\t\t\t\t\t\t\t\t\t\t\t\t\t\t<img decoding=\"async\" width=\"800\" height=\"572\" src=\"https:\/\/miritglas.com\/wp-content\/uploads\/2023\/08\/haerdet-glas-1024x732.jpg\" class=\"attachment-large size-large wp-image-2006\" alt=\"H\u00e6rdet glas p\u00e5 m\u00e5l og p\u00e5 bestilling.\" srcset=\"https:\/\/miritglas.com\/wp-content\/uploads\/2023\/08\/haerdet-glas-1024x732.jpg 1024w, https:\/\/miritglas.com\/wp-content\/uploads\/2023\/08\/haerdet-glas-300x214.jpg 300w, https:\/\/miritglas.com\/wp-content\/uploads\/2023\/08\/haerdet-glas-768x549.jpg 768w, https:\/\/miritglas.com\/wp-content\/uploads\/2023\/08\/haerdet-glas-1536x1097.jpg 1536w, https:\/\/miritglas.com\/wp-content\/uploads\/2023\/08\/haerdet-glas-2048x1463.jpg 2048w\" sizes=\"(max-width: 800px) 100vw, 800px\" title=\"\">\t\t\t\t\t\t\t\t\t\t\t\t\t\t\t<\/div>\n\t\t\t\t<\/div>\n\t\t\t\t<\/div>\n\t\t\t\t\t<\/div>\n\t\t\t\t<\/div>\n\t\t<div class=\"elementor-element elementor-element-9e87556 e-flex e-con-boxed e-con e-parent\" data-id=\"9e87556\" data-element_type=\"container\" data-e-type=\"container\">\n\t\t\t\t\t<div class=\"e-con-inner\">\n\t\t<div class=\"elementor-element elementor-element-589e8e5 e-con-full e-flex e-con e-parent\" data-id=\"589e8e5\" data-element_type=\"container\" data-e-type=\"container\">\n\t\t\t\t<div class=\"elementor-element elementor-element-20bfb00 elementor-widget elementor-widget-image\" data-id=\"20bfb00\" data-element_type=\"widget\" data-e-type=\"widget\" data-widget_type=\"image.default\">\n\t\t\t\t<div class=\"elementor-widget-container\">\n\t\t\t\t\t\t\t\t\t\t\t\t\t\t\t<img decoding=\"async\" width=\"800\" height=\"571\" src=\"https:\/\/miritglas.com\/wp-content\/uploads\/2023\/08\/polariserings_apperat_til_haerdet_glas.jpg\" class=\"attachment-large size-large wp-image-3079\" alt=\"polariseringsapparat til h\u00e6rdet glas\" srcset=\"https:\/\/miritglas.com\/wp-content\/uploads\/2023\/08\/polariserings_apperat_til_haerdet_glas.jpg 1024w, https:\/\/miritglas.com\/wp-content\/uploads\/2023\/08\/polariserings_apperat_til_haerdet_glas-300x214.jpg 300w, https:\/\/miritglas.com\/wp-content\/uploads\/2023\/08\/polariserings_apperat_til_haerdet_glas-768x548.jpg 768w\" sizes=\"(max-width: 800px) 100vw, 800px\" title=\"\">\t\t\t\t\t\t\t\t\t\t\t\t\t\t\t<\/div>\n\t\t\t\t<\/div>\n\t\t\t\t<\/div>\n\t\t<div class=\"elementor-element elementor-element-0abf5ed e-con-full e-flex e-con e-parent\" data-id=\"0abf5ed\" data-element_type=\"container\" data-e-type=\"container\">\n\t\t\t\t<div class=\"elementor-element elementor-element-7a1921d elementor-widget elementor-widget-text-editor\" data-id=\"7a1921d\" data-element_type=\"widget\" data-e-type=\"widget\" data-widget_type=\"text-editor.default\">\n\t\t\t\t<div class=\"elementor-widget-container\">\n\t\t\t\t\t\t\t\t\t<h3>Mer om glash\u00e4rdning<\/h3>\n<p>Allt f\u00f6rarbete p\u00e5 glaset, som tillsk\u00e4rning, h\u00e5lborrning, utsk\u00e4rning f\u00f6r beslag samt kantbearbetning, g\u00f6rs f\u00f6re h\u00e4rdningen eftersom h\u00e4rdat glas inte kan bearbetas lika l\u00e4tt.<\/p>\n<p>Under h\u00e4rdningsprocessen uts\u00e4tts glaset f\u00f6r mycket starka p\u00e5frestningar. F\u00f6rst v\u00e4rms glaset upp till ca 660\u00b0 C och d\u00e4refter kyls det snabbt ned med luft. D\u00e5 ytskiktet svalnar snabbare \u00e4n glasets mitt, uppst\u00e5r best\u00e5ende trycksp\u00e4nningar i ytan och dragsp\u00e4nningar i mitten. Man kan se att glaset er h\u00e4rdat genom polariserat ljus, som g\u00f6r att sp\u00e4nningsn\u00e4tet blir synligt.<\/p>\n\t\t\t\t\t\t\t\t<\/div>\n\t\t\t\t<\/div>\n\t\t\t\t<div class=\"elementor-element elementor-element-4711746 elementor-widget elementor-widget-button\" data-id=\"4711746\" data-element_type=\"widget\" data-e-type=\"widget\" data-widget_type=\"button.default\">\n\t\t\t\t<div class=\"elementor-widget-container\">\n\t\t\t\t\t\t\t\t\t<div class=\"elementor-button-wrapper\">\n\t\t\t\t\t<a class=\"elementor-button elementor-button-link elementor-size-md\" href=\"https:\/\/miritglas.com\/sv\/kontakta-oss\/\">\n\t\t\t\t\t\t<span class=\"elementor-button-content-wrapper\">\n\t\t\t\t\t\t\t\t\t<span class=\"elementor-button-text\">Kontakta oss idag<\/span>\n\t\t\t\t\t<\/span>\n\t\t\t\t\t<\/a>\n\t\t\t\t<\/div>\n\t\t\t\t\t\t\t\t<\/div>\n\t\t\t\t<\/div>\n\t\t\t\t<\/div>\n\t\t\t\t\t<\/div>\n\t\t\t\t<\/div>\n\t\t\t\t<\/div>\n\t\t","protected":false},"featured_media":328,"template":"","class_list":["post-3086","product","type-product","status-publish","has-post-thumbnail","hentry"],"acf":[],"_links":{"self":[{"href":"https:\/\/miritglas.com\/sv\/wp-json\/wp\/v2\/product\/3086","targetHints":{"allow":["GET"]}}],"collection":[{"href":"https:\/\/miritglas.com\/sv\/wp-json\/wp\/v2\/product"}],"about":[{"href":"https:\/\/miritglas.com\/sv\/wp-json\/wp\/v2\/types\/product"}],"version-history":[{"count":2,"href":"https:\/\/miritglas.com\/sv\/wp-json\/wp\/v2\/product\/3086\/revisions"}],"predecessor-version":[{"id":3479,"href":"https:\/\/miritglas.com\/sv\/wp-json\/wp\/v2\/product\/3086\/revisions\/3479"}],"wp:featuredmedia":[{"embeddable":true,"href":"https:\/\/miritglas.com\/sv\/wp-json\/wp\/v2\/media\/328"}],"wp:attachment":[{"href":"https:\/\/miritglas.com\/sv\/wp-json\/wp\/v2\/media?parent=3086"}],"curies":[{"name":"wp","href":"https:\/\/api.w.org\/{rel}","templated":true}]}}