{"id":3074,"date":"2023-08-09T11:29:28","date_gmt":"2023-08-09T09:29:28","guid":{"rendered":"https:\/\/miritglas.com\/produkter\/skraeddarsydda-glasvaror\/"},"modified":"2025-04-28T15:46:35","modified_gmt":"2025-04-28T13:46:35","slug":"skraddarsydda-glasvaror","status":"publish","type":"product","link":"https:\/\/miritglas.com\/sv\/produkter\/skraddarsydda-glasvaror\/","title":{"rendered":"Skr\u00e4ddarsydda glasvaror"},"content":{"rendered":"\t\t<div data-elementor-type=\"wp-post\" data-elementor-id=\"3074\" class=\"elementor elementor-3074 elementor-294\" data-elementor-post-type=\"product\">\n\t\t\t\t<div class=\"elementor-element elementor-element-6df22cf3 e-flex e-con-boxed e-con e-parent\" data-id=\"6df22cf3\" data-element_type=\"container\" data-e-type=\"container\">\n\t\t\t\t\t<div class=\"e-con-inner\">\n\t\t<div class=\"elementor-element elementor-element-16e722aa e-con-full e-flex e-con e-parent\" data-id=\"16e722aa\" data-element_type=\"container\" data-e-type=\"container\">\n\t\t\t\t<div class=\"elementor-element elementor-element-7051969 elementor-widget elementor-widget-text-editor\" data-id=\"7051969\" data-element_type=\"widget\" data-e-type=\"widget\" data-widget_type=\"text-editor.default\">\n\t\t\t\t<div class=\"elementor-widget-container\">\n\t\t\t\t\t\t\t\t\t<h2>Olika glasprodukter och glaskonstruktioner tillverkas efter dina behov<\/h2>\n<p>Vi levererar s\u00e4rskilda glaskonstruktioner s\u00e5som f\u00f6retagslogotyper i glas eller handbl\u00e5sta glassk\u00e5lar till f\u00f6retag.<\/p>\n<p>Glasprodukter fr\u00e5n Mirit Glas omfattar allt fr\u00e5n funktionella glassk\u00e5lar inom l\u00e4kemedelsbranschen till designat glas.<\/p>\n<p>Kontakta Mirit Glas A\/S p\u00e5 +45 4494 4449 eller post@mirit.dk s\u00e5 kommer vi att hitta r\u00e4tt glasprodukt.<\/p>\n\t\t\t\t\t\t\t\t<\/div>\n\t\t\t\t<\/div>\n\t\t\t\t<div class=\"elementor-element elementor-element-7b5a349a elementor-widget elementor-widget-button\" data-id=\"7b5a349a\" data-element_type=\"widget\" data-e-type=\"widget\" data-widget_type=\"button.default\">\n\t\t\t\t<div class=\"elementor-widget-container\">\n\t\t\t\t\t\t\t\t\t<div class=\"elementor-button-wrapper\">\n\t\t\t\t\t<a class=\"elementor-button elementor-button-link elementor-size-md\" href=\"https:\/\/miritglas.com\/sv\/kontakta-oss\/\">\n\t\t\t\t\t\t<span class=\"elementor-button-content-wrapper\">\n\t\t\t\t\t\t\t\t\t<span class=\"elementor-button-text\">Kontakta oss idag<\/span>\n\t\t\t\t\t<\/span>\n\t\t\t\t\t<\/a>\n\t\t\t\t<\/div>\n\t\t\t\t\t\t\t\t<\/div>\n\t\t\t\t<\/div>\n\t\t\t\t<\/div>\n\t\t<div class=\"elementor-element elementor-element-cfa6a5d e-con-full e-flex e-con e-parent\" data-id=\"cfa6a5d\" data-element_type=\"container\" data-e-type=\"container\">\n\t\t\t\t<div class=\"elementor-element elementor-element-12c944d9 elementor-absolute elementor-widget elementor-widget-image\" data-id=\"12c944d9\" data-element_type=\"widget\" data-e-type=\"widget\" data-settings=\"{&quot;_position&quot;:&quot;absolute&quot;}\" data-widget_type=\"image.default\">\n\t\t\t\t<div class=\"elementor-widget-container\">\n\t\t\t\t\t\t\t\t\t\t\t\t\t\t\t<img fetchpriority=\"high\" decoding=\"async\" width=\"230\" height=\"230\" src=\"https:\/\/miritglas.com\/wp-content\/uploads\/2023\/08\/logo-icon.png\" class=\"attachment-medium size-medium wp-image-169\" alt=\"Mirit glas logo.\" srcset=\"https:\/\/miritglas.com\/wp-content\/uploads\/2023\/08\/logo-icon.png 230w, https:\/\/miritglas.com\/wp-content\/uploads\/2023\/08\/logo-icon-150x150.png 150w\" sizes=\"(max-width: 230px) 100vw, 230px\" title=\"\">\t\t\t\t\t\t\t\t\t\t\t\t\t\t\t<\/div>\n\t\t\t\t<\/div>\n\t\t\t\t<div class=\"elementor-element elementor-element-5388ba68 elementor-widget elementor-widget-image\" data-id=\"5388ba68\" data-element_type=\"widget\" data-e-type=\"widget\" data-widget_type=\"image.default\">\n\t\t\t\t<div class=\"elementor-widget-container\">\n\t\t\t\t\t\t\t\t\t\t\t\t\t\t\t<img decoding=\"async\" width=\"800\" height=\"571\" src=\"https:\/\/miritglas.com\/wp-content\/uploads\/2023\/08\/glasvarer1.jpeg\" class=\"attachment-large size-large wp-image-1998\" alt=\"Glasvarer efter opgave. Diverse glasopgaver og konstruktioner fremstilles efter \u00f8nsker og behov.\" srcset=\"https:\/\/miritglas.com\/wp-content\/uploads\/2023\/08\/glasvarer1.jpeg 1024w, https:\/\/miritglas.com\/wp-content\/uploads\/2023\/08\/glasvarer1-300x214.jpeg 300w, https:\/\/miritglas.com\/wp-content\/uploads\/2023\/08\/glasvarer1-768x548.jpeg 768w\" sizes=\"(max-width: 800px) 100vw, 800px\" title=\"\">\t\t\t\t\t\t\t\t\t\t\t\t\t\t\t<\/div>\n\t\t\t\t<\/div>\n\t\t\t\t<\/div>\n\t\t\t\t\t<\/div>\n\t\t\t\t<\/div>\n\t\t\t\t<\/div>\n\t\t","protected":false},"featured_media":1998,"template":"","class_list":["post-3074","product","type-product","status-publish","has-post-thumbnail","hentry"],"acf":[],"_links":{"self":[{"href":"https:\/\/miritglas.com\/sv\/wp-json\/wp\/v2\/product\/3074","targetHints":{"allow":["GET"]}}],"collection":[{"href":"https:\/\/miritglas.com\/sv\/wp-json\/wp\/v2\/product"}],"about":[{"href":"https:\/\/miritglas.com\/sv\/wp-json\/wp\/v2\/types\/product"}],"version-history":[{"count":3,"href":"https:\/\/miritglas.com\/sv\/wp-json\/wp\/v2\/product\/3074\/revisions"}],"predecessor-version":[{"id":5761,"href":"https:\/\/miritglas.com\/sv\/wp-json\/wp\/v2\/product\/3074\/revisions\/5761"}],"wp:featuredmedia":[{"embeddable":true,"href":"https:\/\/miritglas.com\/sv\/wp-json\/wp\/v2\/media\/1998"}],"wp:attachment":[{"href":"https:\/\/miritglas.com\/sv\/wp-json\/wp\/v2\/media?parent=3074"}],"curies":[{"name":"wp","href":"https:\/\/api.w.org\/{rel}","templated":true}]}}