{"id":3070,"date":"2023-08-09T11:29:21","date_gmt":"2023-08-09T09:29:21","guid":{"rendered":"https:\/\/miritglas.com\/produkter\/glasstavar\/"},"modified":"2024-04-17T11:36:29","modified_gmt":"2024-04-17T09:36:29","slug":"glasstavar","status":"publish","type":"product","link":"https:\/\/miritglas.com\/sv\/produkter\/glasstavar\/","title":{"rendered":"Glasstavar"},"content":{"rendered":"\t\t<div data-elementor-type=\"wp-post\" data-elementor-id=\"3070\" class=\"elementor elementor-3070 elementor-293\" data-elementor-post-type=\"product\">\n\t\t\t\t<div class=\"elementor-element elementor-element-32b3c55b e-flex e-con-boxed e-con e-parent\" data-id=\"32b3c55b\" data-element_type=\"container\" data-e-type=\"container\">\n\t\t\t\t\t<div class=\"e-con-inner\">\n\t\t<div class=\"elementor-element elementor-element-6f587ed1 e-con-full e-flex e-con e-parent\" data-id=\"6f587ed1\" data-element_type=\"container\" data-e-type=\"container\">\n\t\t\t\t<div class=\"elementor-element elementor-element-616fffbd elementor-widget elementor-widget-text-editor\" data-id=\"616fffbd\" data-element_type=\"widget\" data-e-type=\"widget\" data-widget_type=\"text-editor.default\">\n\t\t\t\t<div class=\"elementor-widget-container\">\n\t\t\t\t\t\t\t\t\t<h2>Glasstavar och glasspinne f\u00f6r design och speciall\u00f6sningar<\/h2>\n<p>Mirit Glas levererar glasstavar till design och industri. Vi har ett m\u00e5ngsidigt och kanske det mest v\u00e4lsorterade lager av glasstavar i Norden som vi \u00e4ven bearbetar efter kundens \u00f6nskem\u00e5l.<\/p>\n<p>Glasstavar \u00e4r en variant av glas som mest anv\u00e4nds f\u00f6r design. Det kan ocks\u00e5 finnas speciella f\u00f6rh\u00e5llanden som g\u00f6r glasstavar idealiska f\u00f6r att l\u00f6sa ett problem inom industrin. Ibland kan det vara s\u00e5 att en glasstav \u00e4r mer l\u00e4mpad f\u00f6r att l\u00f6sa ett problem \u00e4n till exempel ett glasr\u00f6r som ocks\u00e5 ofta anv\u00e4nds f\u00f6r belysning och design.<\/p>\n<p>V\u00e5rt lager \u00e4r inriktat p\u00e5 glasstavar i massivt borosilikatglas fr\u00e5n \u00f83 till \u00f830. Borosilikatglas, med sin temperaturbest\u00e4ndighet och motst\u00e5ndskraft mot kemikalier, \u00e4r ett idealiskt och m\u00e5ngsidigt glas att anv\u00e4nda inom industrin.<\/p>\n<p>I vissa fall, som n\u00e4r det g\u00e4ller speciella UV-l\u00f6sningar, \u00e4r det vettigt att anv\u00e4nda glasstavar i kvartsglas.<\/p>\n<p>Det \u00e4r fr\u00e4mst n\u00e4r det kommer till belysning som det finns en efterfr\u00e5gan p\u00e5 glasstavar eller glasstavar.<\/p>\n<p>Vi har levererat glasstavar till l\u00f6sningar d\u00e4r de ing\u00e5r i allt fr\u00e5n belysningsl\u00f6sningar till k\u00f6k och v\u00e4rmesystem<\/p>\n<p>Om glasstavar kan vara l\u00f6sningen. S\u00e5 kontakta oss idag f\u00f6r att f\u00e5 veta mer om anv\u00e4ndningen av glasstavar.<\/p>\n\t\t\t\t\t\t\t\t<\/div>\n\t\t\t\t<\/div>\n\t\t\t\t<div class=\"elementor-element elementor-element-7e2f78a elementor-widget elementor-widget-button\" data-id=\"7e2f78a\" data-element_type=\"widget\" data-e-type=\"widget\" data-widget_type=\"button.default\">\n\t\t\t\t<div class=\"elementor-widget-container\">\n\t\t\t\t\t\t\t\t\t<div class=\"elementor-button-wrapper\">\n\t\t\t\t\t<a class=\"elementor-button elementor-button-link elementor-size-md\" href=\"https:\/\/miritglas.com\/sv\/kontakta-oss\/\">\n\t\t\t\t\t\t<span class=\"elementor-button-content-wrapper\">\n\t\t\t\t\t\t\t\t\t<span class=\"elementor-button-text\">Kontakta oss idag<\/span>\n\t\t\t\t\t<\/span>\n\t\t\t\t\t<\/a>\n\t\t\t\t<\/div>\n\t\t\t\t\t\t\t\t<\/div>\n\t\t\t\t<\/div>\n\t\t\t\t<\/div>\n\t\t<div class=\"elementor-element elementor-element-24e28cf7 e-con-full e-flex e-con e-parent\" data-id=\"24e28cf7\" data-element_type=\"container\" data-e-type=\"container\">\n\t\t\t\t<div class=\"elementor-element elementor-element-7d4614af elementor-absolute elementor-widget elementor-widget-image\" data-id=\"7d4614af\" data-element_type=\"widget\" data-e-type=\"widget\" data-settings=\"{&quot;_position&quot;:&quot;absolute&quot;}\" data-widget_type=\"image.default\">\n\t\t\t\t<div class=\"elementor-widget-container\">\n\t\t\t\t\t\t\t\t\t\t\t\t\t\t\t<img fetchpriority=\"high\" decoding=\"async\" width=\"230\" height=\"230\" src=\"https:\/\/miritglas.com\/wp-content\/uploads\/2023\/08\/logo-icon.png\" class=\"attachment-medium size-medium wp-image-169\" alt=\"Mirit glas logo.\" srcset=\"https:\/\/miritglas.com\/wp-content\/uploads\/2023\/08\/logo-icon.png 230w, https:\/\/miritglas.com\/wp-content\/uploads\/2023\/08\/logo-icon-150x150.png 150w\" sizes=\"(max-width: 230px) 100vw, 230px\" title=\"\">\t\t\t\t\t\t\t\t\t\t\t\t\t\t\t<\/div>\n\t\t\t\t<\/div>\n\t\t\t\t<div class=\"elementor-element elementor-element-74d6e8b elementor-widget elementor-widget-image\" data-id=\"74d6e8b\" data-element_type=\"widget\" data-e-type=\"widget\" data-widget_type=\"image.default\">\n\t\t\t\t<div class=\"elementor-widget-container\">\n\t\t\t\t\t\t\t\t\t\t\t\t\t\t\t<img decoding=\"async\" width=\"564\" height=\"306\" src=\"https:\/\/miritglas.com\/wp-content\/uploads\/2023\/08\/glasstaenger-low-res.jpg\" class=\"attachment-large size-large wp-image-1990\" alt=\"glasst\u00e6nger og glasstave til design og indsutri\" srcset=\"https:\/\/miritglas.com\/wp-content\/uploads\/2023\/08\/glasstaenger-low-res.jpg 564w, https:\/\/miritglas.com\/wp-content\/uploads\/2023\/08\/glasstaenger-low-res-300x163.jpg 300w\" sizes=\"(max-width: 564px) 100vw, 564px\" title=\"\">\t\t\t\t\t\t\t\t\t\t\t\t\t\t\t<\/div>\n\t\t\t\t<\/div>\n\t\t\t\t<\/div>\n\t\t\t\t\t<\/div>\n\t\t\t\t<\/div>\n\t\t<div class=\"elementor-element elementor-element-6c4c89c6 e-flex e-con-boxed e-con e-parent\" data-id=\"6c4c89c6\" data-element_type=\"container\" data-e-type=\"container\" data-settings=\"{&quot;background_background&quot;:&quot;classic&quot;}\">\n\t\t\t\t\t<div class=\"e-con-inner\">\n\t\t<div class=\"elementor-element elementor-element-3ebf91bc e-con-full e-flex e-con e-parent\" data-id=\"3ebf91bc\" data-element_type=\"container\" data-e-type=\"container\">\n\t\t\t\t<div class=\"elementor-element elementor-element-47ee89c4 elementor-widget elementor-widget-text-editor\" data-id=\"47ee89c4\" data-element_type=\"widget\" data-e-type=\"widget\" data-widget_type=\"text-editor.default\">\n\t\t\t\t<div class=\"elementor-widget-container\">\n\t\t\t\t\t\t\t\t\t<h2>Glasstavar och glasspinne endast f\u00f6r f\u00f6retag<\/h2>\n<p>Vi arbetar i f\u00f6rsta hand med glasstavar i borosilikatglas och ibland kvartsglas. Det \u00e4r glastyper som l\u00e4mpar sig f\u00f6r aff\u00e4rsl\u00f6sningar.<\/p>\n<p><a href=\"https:\/\/miritglas.com\/se\/produkt\/borosilikatglas\/\">Borsilikatglas<\/a>\u00a0\u00e4r temperaturbest\u00e4ndigt. I praktiken inneb\u00e4r det att glaset t\u00e5l stora temperatursv\u00e4ngningar. Det t\u00e5l \u00e4ven starka kemikalier och \u00e4r mer rept\u00e5ligt \u00e4n vanligt glas. I milj\u00f6er d\u00e4r man till exempel st\u00e4dar med starka reng\u00f6ringsmedel \u00e4r det d\u00e4rf\u00f6r praktiskt att anv\u00e4nda borosilikatglas. Det g\u00e4ller \u00e4ven andra milj\u00f6er d\u00e4r glaset uts\u00e4tts f\u00f6r kemikalier, v\u00e4rme\/kyla eller riskerar att repas f\u00f6r snabbt.<\/p>\n<p>L\u00e4s mer om v\u00e5ra glasr\u00e5varor <a href=\"https:\/\/miritglas.com\/sv\/raavaror\/\">h\u00e4r.<\/a><\/p>\n\t\t\t\t\t\t\t\t<\/div>\n\t\t\t\t<\/div>\n\t\t\t\t<div class=\"elementor-element elementor-element-565695b1 elementor-widget elementor-widget-button\" data-id=\"565695b1\" data-element_type=\"widget\" data-e-type=\"widget\" data-widget_type=\"button.default\">\n\t\t\t\t<div class=\"elementor-widget-container\">\n\t\t\t\t\t\t\t\t\t<div class=\"elementor-button-wrapper\">\n\t\t\t\t\t<a class=\"elementor-button elementor-button-link elementor-size-md\" href=\"https:\/\/miritglas.com\/sv\/kontakta-oss\/\">\n\t\t\t\t\t\t<span class=\"elementor-button-content-wrapper\">\n\t\t\t\t\t\t\t\t\t<span class=\"elementor-button-text\">Kontakta oss idag<\/span>\n\t\t\t\t\t<\/span>\n\t\t\t\t\t<\/a>\n\t\t\t\t<\/div>\n\t\t\t\t\t\t\t\t<\/div>\n\t\t\t\t<\/div>\n\t\t\t\t<\/div>\n\t\t\t\t\t<\/div>\n\t\t\t\t<\/div>\n\t\t\t\t<\/div>\n\t\t","protected":false},"featured_media":1990,"template":"","class_list":["post-3070","product","type-product","status-publish","has-post-thumbnail","hentry"],"acf":[],"_links":{"self":[{"href":"https:\/\/miritglas.com\/sv\/wp-json\/wp\/v2\/product\/3070","targetHints":{"allow":["GET"]}}],"collection":[{"href":"https:\/\/miritglas.com\/sv\/wp-json\/wp\/v2\/product"}],"about":[{"href":"https:\/\/miritglas.com\/sv\/wp-json\/wp\/v2\/types\/product"}],"version-history":[{"count":4,"href":"https:\/\/miritglas.com\/sv\/wp-json\/wp\/v2\/product\/3070\/revisions"}],"predecessor-version":[{"id":4837,"href":"https:\/\/miritglas.com\/sv\/wp-json\/wp\/v2\/product\/3070\/revisions\/4837"}],"wp:featuredmedia":[{"embeddable":true,"href":"https:\/\/miritglas.com\/sv\/wp-json\/wp\/v2\/media\/1990"}],"wp:attachment":[{"href":"https:\/\/miritglas.com\/sv\/wp-json\/wp\/v2\/media?parent=3070"}],"curies":[{"name":"wp","href":"https:\/\/api.w.org\/{rel}","templated":true}]}}