{"id":3066,"date":"2023-08-09T11:29:14","date_gmt":"2023-08-09T09:29:14","guid":{"rendered":"https:\/\/miritglas.com\/produkter\/glasroer\/"},"modified":"2023-10-31T16:03:10","modified_gmt":"2023-10-31T15:03:10","slug":"glasror","status":"publish","type":"product","link":"https:\/\/miritglas.com\/sv\/produkter\/glasror\/","title":{"rendered":"Glasr\u00f6r"},"content":{"rendered":"\t\t<div data-elementor-type=\"wp-post\" data-elementor-id=\"3066\" class=\"elementor elementor-3066 elementor-292\" data-elementor-post-type=\"product\">\n\t\t\t\t<div class=\"elementor-element elementor-element-4ea1decf e-flex e-con-boxed e-con e-parent\" data-id=\"4ea1decf\" data-element_type=\"container\" data-e-type=\"container\">\n\t\t\t\t\t<div class=\"e-con-inner\">\n\t\t<div class=\"elementor-element elementor-element-4ec16532 e-con-full e-flex e-con e-parent\" data-id=\"4ec16532\" data-element_type=\"container\" data-e-type=\"container\">\n\t\t\t\t<div class=\"elementor-element elementor-element-3c0f0db5 elementor-widget elementor-widget-text-editor\" data-id=\"3c0f0db5\" data-element_type=\"widget\" data-e-type=\"widget\" data-widget_type=\"text-editor.default\">\n\t\t\t\t<div class=\"elementor-widget-container\">\n\t\t\t\t\t\t\t\t\t<h2>Glasr\u00f6r f\u00f6r alla industrier<\/h2>\n<p><strong>Mirit Glas bearbetar glasr\u00f6r f\u00f6r alla \u00e4ndam\u00e5l och har ett av Nordens st\u00f6rsta och mest v\u00e4lsorterade lager av glasr\u00f6r<\/strong><\/p>\n<p>Mirit Glas \u00e4r en leverant\u00f6r av glasr\u00f6r till allt fr\u00e5n laboratorier och industri till designf\u00f6retag. R\u00f6ren anv\u00e4nds fr\u00e4mst f\u00f6r industriella processer, bland annat f\u00f6r olje- och vattenniv\u00e5glas i fartyg, tankar, kompressorer m.m. Glasr\u00f6ren g\u00f6r det m\u00f6jligt att \u00f6vervaka processen och \u00e4r d\u00e4rf\u00f6r applicerbara i m\u00e5nga olika produktionsformer.<\/p>\n<p>Inom design anv\u00e4nds glasr\u00f6r bland annat f\u00f6r belysning \u2013 b\u00e5de f\u00f6r elektronisk belysning och f\u00f6r ljus.<\/p>\n<p>Eftersom vi endast levererar till f\u00f6retag \u00e4r det fr\u00e4mst glasr\u00f6r av\u00a0<a href=\"https:\/\/miritglas.com\/se\/produkt\/borosilikatglas\/\">borosilikatglas<\/a>\u00a0och och\u00a0<a href=\"https:\/\/miritglas.com\/se\/produkt\/kvartsglas\/\">kvartsglas<\/a>\u00a0levererar vi, d\u00e5 de \u00e4r starkare och har egenskaper som bland annat l\u00e4mpar sig f\u00f6r m\u00e5nga industriella \u00e4ndam\u00e5l.<\/p>\n<p>Vi s\u00e4ljer \u00e4ven\u00a0<a href=\"https:\/\/miritglas.com\/se\/produkt\/glasstavar\/\">glasstavar.<\/a><\/p>\n<p>Kontakta oss idag f\u00f6r att f\u00e5 veta mer om glasr\u00f6r och glasstavar samt glasets potentiella anv\u00e4ndningsomr\u00e5den.<\/p>\n\t\t\t\t\t\t\t\t<\/div>\n\t\t\t\t<\/div>\n\t\t\t\t<div class=\"elementor-element elementor-element-45ce13c9 elementor-widget elementor-widget-button\" data-id=\"45ce13c9\" data-element_type=\"widget\" data-e-type=\"widget\" data-widget_type=\"button.default\">\n\t\t\t\t<div class=\"elementor-widget-container\">\n\t\t\t\t\t\t\t\t\t<div class=\"elementor-button-wrapper\">\n\t\t\t\t\t<a class=\"elementor-button elementor-button-link elementor-size-md\" href=\"https:\/\/miritglas.com\/sv\/kontakta-oss\/\">\n\t\t\t\t\t\t<span class=\"elementor-button-content-wrapper\">\n\t\t\t\t\t\t\t\t\t<span class=\"elementor-button-text\">Kontakta oss idag<\/span>\n\t\t\t\t\t<\/span>\n\t\t\t\t\t<\/a>\n\t\t\t\t<\/div>\n\t\t\t\t\t\t\t\t<\/div>\n\t\t\t\t<\/div>\n\t\t\t\t<\/div>\n\t\t<div class=\"elementor-element elementor-element-7e9ab308 e-con-full e-flex e-con e-parent\" data-id=\"7e9ab308\" data-element_type=\"container\" data-e-type=\"container\">\n\t\t\t\t<div class=\"elementor-element elementor-element-4cddb394 elementor-absolute elementor-widget elementor-widget-image\" data-id=\"4cddb394\" data-element_type=\"widget\" data-e-type=\"widget\" data-settings=\"{&quot;_position&quot;:&quot;absolute&quot;}\" data-widget_type=\"image.default\">\n\t\t\t\t<div class=\"elementor-widget-container\">\n\t\t\t\t\t\t\t\t\t\t\t\t\t\t\t<img fetchpriority=\"high\" decoding=\"async\" width=\"230\" height=\"230\" src=\"https:\/\/miritglas.com\/wp-content\/uploads\/2023\/08\/logo-icon.png\" class=\"attachment-medium size-medium wp-image-169\" alt=\"Mirit glas logo.\" srcset=\"https:\/\/miritglas.com\/wp-content\/uploads\/2023\/08\/logo-icon.png 230w, https:\/\/miritglas.com\/wp-content\/uploads\/2023\/08\/logo-icon-150x150.png 150w\" sizes=\"(max-width: 230px) 100vw, 230px\" title=\"\">\t\t\t\t\t\t\t\t\t\t\t\t\t\t\t<\/div>\n\t\t\t\t<\/div>\n\t\t\t\t<div class=\"elementor-element elementor-element-660b31ea elementor-widget elementor-widget-image\" data-id=\"660b31ea\" data-element_type=\"widget\" data-e-type=\"widget\" data-widget_type=\"image.default\">\n\t\t\t\t<div class=\"elementor-widget-container\">\n\t\t\t\t\t\t\t\t\t\t\t\t\t\t\t<img decoding=\"async\" width=\"800\" height=\"450\" src=\"https:\/\/miritglas.com\/wp-content\/uploads\/2023\/08\/glasror-1024x576.jpg\" class=\"attachment-large size-large wp-image-1982\" alt=\"Supplier of Glass tubes in all shapes and sizes - Mirit Glas\" srcset=\"https:\/\/miritglas.com\/wp-content\/uploads\/2023\/08\/glasror-1024x576.jpg 1024w, https:\/\/miritglas.com\/wp-content\/uploads\/2023\/08\/glasror-300x169.jpg 300w, https:\/\/miritglas.com\/wp-content\/uploads\/2023\/08\/glasror-768x432.jpg 768w, https:\/\/miritglas.com\/wp-content\/uploads\/2023\/08\/glasror-1536x864.jpg 1536w, https:\/\/miritglas.com\/wp-content\/uploads\/2023\/08\/glasror-2048x1152.jpg 2048w\" sizes=\"(max-width: 800px) 100vw, 800px\" title=\"\">\t\t\t\t\t\t\t\t\t\t\t\t\t\t\t<\/div>\n\t\t\t\t<\/div>\n\t\t<div class=\"elementor-element elementor-element-42c9b915 e-flex e-con-boxed e-con e-parent\" data-id=\"42c9b915\" data-element_type=\"container\" data-e-type=\"container\" data-settings=\"{&quot;background_background&quot;:&quot;classic&quot;}\">\n\t\t\t\t\t<div class=\"e-con-inner\">\n\t\t\t\t<div class=\"elementor-element elementor-element-6e570ede elementor-widget elementor-widget-text-editor\" data-id=\"6e570ede\" data-element_type=\"widget\" data-e-type=\"widget\" data-widget_type=\"text-editor.default\">\n\t\t\t\t<div class=\"elementor-widget-container\">\n\t\t\t\t\t\t\t\t\t<h4>I KORTHET OM V\u00c5RA GLASR\u00d6R<\/h4>\n<ul>\n<li class=\"p1\">Kan anv\u00e4ndas f\u00f6r industriella processer<\/li>\n<li class=\"p1\">Kan anv\u00e4ndas f\u00f6r elektronisk belysning och f\u00f6r ljus<\/li>\n<li class=\"p1\">Kan v\u00e4rmebehandlas om en speciell form \u00f6nskas<\/li>\n<li class=\"p1\">Levereras efter individuella behov, t.ex. med borrade h\u00e5l, utsk\u00e4rningar och speciell kantbearbetning<\/li>\n<li class=\"p1\">Snabb leverans av glasr\u00f6r fr\u00e5n \u00f83 mm \u2013 \u00f8400 mm<\/li>\n<\/ul>\n\t\t\t\t\t\t\t\t<\/div>\n\t\t\t\t<\/div>\n\t\t\t\t\t<\/div>\n\t\t\t\t<\/div>\n\t\t\t\t<\/div>\n\t\t\t\t\t<\/div>\n\t\t\t\t<\/div>\n\t\t<div class=\"elementor-element elementor-element-7c7c0bd8 e-flex e-con-boxed e-con e-parent\" data-id=\"7c7c0bd8\" data-element_type=\"container\" data-e-type=\"container\" data-settings=\"{&quot;background_background&quot;:&quot;classic&quot;}\">\n\t\t\t\t\t<div class=\"e-con-inner\">\n\t\t<div class=\"elementor-element elementor-element-44ad2b22 e-con-full e-flex e-con e-parent\" data-id=\"44ad2b22\" data-element_type=\"container\" data-e-type=\"container\">\n\t\t\t\t<div class=\"elementor-element elementor-element-cd65b65 elementor-widget elementor-widget-text-editor\" data-id=\"cd65b65\" data-element_type=\"widget\" data-e-type=\"widget\" data-widget_type=\"text-editor.default\">\n\t\t\t\t<div class=\"elementor-widget-container\">\n\t\t\t\t\t\t\t\t\t<h3>Glasr\u00f6rens tekniska egenskaper och funktioner<\/h3>\n<p>I lager har vi som standard ett brett urval av storlekar och tjocklekar i\u00a0<a href=\"https:\/\/miritglas.com\/se\/produkt\/borosilikatglas\/\">borosilikatglas\u00a0<\/a>(\u00e4ven k\u00e4nt som Pyrex, Tempax, Simax och Duran), vilket g\u00f6r att vi kan leverera snabbt utan att kompromissa med kvaliteten. Borosilikatglas t\u00e5l h\u00f6g v\u00e4rme.<\/p>\n<p>Vi lagerf\u00f6r glasr\u00f6r fr\u00e5n \u00f83 mm \u2013 \u00f8400 mm. Glasr\u00f6r och glasstavar av borosilikatglas har m\u00e5nga olika anv\u00e4ndningsomr\u00e5den, d\u00e5 glaset \u00e4r resistent mot kemikalier och temperaturskillnader.<\/p>\n<p>Borosilikatglasr\u00f6r \u00e4r en stark produkt som har varit industristandard i m\u00e5nga olika branscher. P\u00e5 Mirit Glas har vi l\u00e5ng erfarenhet av att tillverka och leverera glasr\u00f6r i borosilikatglas i m\u00e5nga olika utf\u00f6randen. V\u00e5ra tekniska konsulter hj\u00e4lper dig d\u00e4rf\u00f6r g\u00e4rna att hitta just det glasr\u00f6r som b\u00e4st passar dina aktuella behov. Vi hoppas d\u00e4rf\u00f6r att du h\u00f6r av dig om du har fr\u00e5gor om glasr\u00f6r av n\u00e5got slag \u2013 f\u00f6r med v\u00e5r expertis inom tekniskt glas \u00e4r vi bland de b\u00e4sta p\u00e5 att hitta r\u00e4tt l\u00f6sning f\u00f6r dig.<\/p>\n<p>Glasr\u00f6r och glasstavar finns \u00e4ven i\u00a0<a href=\"https:\/\/miritglas.com\/se\/produkt\/kvartsglas\/\">quartz-<\/a>\u00a0och\u00a0<a href=\"https:\/\/miritglas.com\/se\/produkt\/floatglas\/\">soda limeglas<\/a>\u00a0(vanligt glas). Vi kan \u00e4ven erbjuda vissa r\u00f6r i rektangul\u00e4ra former. Kvartsglasr\u00f6r \u00e4r ett av de mest v\u00e4rdefulla verktygen inom modern vetenskap och industri. Anledningen till detta \u00e4r att glasr\u00f6ren eller stavarna av kvartsglas har n\u00e5gra helt o\u00f6vertr\u00e4ffade egenskaper, det g\u00e4ller bland annat ljusgenomsl\u00e4pplighet, kemisk renhet och v\u00e4rmebest\u00e4ndighet. D\u00e4rf\u00f6r anv\u00e4nds kvartsglasr\u00f6r oftast i milj\u00f6er d\u00e4r arbete utf\u00f6rs under h\u00f6ga temperaturer eller i f\u00f6retag som arbetar med avancerad teknik, d\u00e4r kemisk renhet \u00e4r v\u00e4sentlig eller n\u00e4r UV-ljus m\u00e5ste \u00f6verf\u00f6ras. F\u00f6r den typen av \u00e4ndam\u00e5l \u2013 och m\u00e5nga fler \u2013 har vi m\u00f6jlighet att tillverka glasr\u00f6r, stavar och andra kr\u00e4vande glasprodukter i kvartsglas i de m\u00e5tt och m\u00e4ngder du beh\u00f6ver.<\/p>\n\t\t\t\t\t\t\t\t<\/div>\n\t\t\t\t<\/div>\n\t\t\t\t<\/div>\n\t\t<div class=\"elementor-element elementor-element-20cddd40 e-con-full e-flex e-con e-parent\" data-id=\"20cddd40\" data-element_type=\"container\" data-e-type=\"container\">\n\t\t\t\t<div class=\"elementor-element elementor-element-2b04a2a2 elementor-widget elementor-widget-image\" data-id=\"2b04a2a2\" data-element_type=\"widget\" data-e-type=\"widget\" data-widget_type=\"image.default\">\n\t\t\t\t<div class=\"elementor-widget-container\">\n\t\t\t\t\t\t\t\t\t\t\t\t\t\t\t<img decoding=\"async\" width=\"800\" height=\"572\" src=\"https:\/\/miritglas.com\/wp-content\/uploads\/2023\/08\/glasror_og_stanger-1024x732.webp\" class=\"attachment-large size-large wp-image-324\" alt=\"Glass tubes in all shapes and sizes\" srcset=\"https:\/\/miritglas.com\/wp-content\/uploads\/2023\/08\/glasror_og_stanger-1024x732.webp 1024w, https:\/\/miritglas.com\/wp-content\/uploads\/2023\/08\/glasror_og_stanger-300x214.webp 300w, https:\/\/miritglas.com\/wp-content\/uploads\/2023\/08\/glasror_og_stanger-768x549.webp 768w, https:\/\/miritglas.com\/wp-content\/uploads\/2023\/08\/glasror_og_stanger-1536x1098.webp 1536w, https:\/\/miritglas.com\/wp-content\/uploads\/2023\/08\/glasror_og_stanger-2048x1464.webp 2048w\" sizes=\"(max-width: 800px) 100vw, 800px\" title=\"\">\t\t\t\t\t\t\t\t\t\t\t\t\t\t\t<\/div>\n\t\t\t\t<\/div>\n\t\t\t\t<div class=\"elementor-element elementor-element-1b080261 elementor-widget elementor-widget-text-editor\" data-id=\"1b080261\" data-element_type=\"widget\" data-e-type=\"widget\" data-widget_type=\"text-editor.default\">\n\t\t\t\t<div class=\"elementor-widget-container\">\n\t\t\t\t\t\t\t\t\t<h3>Specialanpassning av glasr\u00f6r<\/h3>\n<p>Vi levererar glasr\u00f6r och glasstavar efter individuella behov, t.ex. med borrade h\u00e5l, utsk\u00e4rningar och speciell kantbearbetning. R\u00f6r och st\u00e4nger kan v\u00e4rmebearbetas om en speciell form \u00f6nskas.<\/p>\n<p>Mirit Glas levererar i hela Skandinavien och n\u00e4r det \u00e4r br\u00e5dskande erbjuder vi \u00e4ven leverans samma dag. Vill du h\u00f6ra mer om hur v\u00e5ra glasr\u00f6r och glasstavar kan vara den r\u00e4tta l\u00f6sningen f\u00f6r dig \u00e4r du v\u00e4lkommen att kontakta oss. D\u00e5 hittar vi r\u00e4tt l\u00f6sning f\u00f6r dina behov.<\/p>\n\t\t\t\t\t\t\t\t<\/div>\n\t\t\t\t<\/div>\n\t\t\t\t<div class=\"elementor-element elementor-element-a75c32b elementor-widget elementor-widget-button\" data-id=\"a75c32b\" data-element_type=\"widget\" data-e-type=\"widget\" data-widget_type=\"button.default\">\n\t\t\t\t<div class=\"elementor-widget-container\">\n\t\t\t\t\t\t\t\t\t<div class=\"elementor-button-wrapper\">\n\t\t\t\t\t<a class=\"elementor-button elementor-button-link elementor-size-md\" href=\"https:\/\/miritglas.com\/sv\/kontakta-oss\/\">\n\t\t\t\t\t\t<span class=\"elementor-button-content-wrapper\">\n\t\t\t\t\t\t\t\t\t<span class=\"elementor-button-text\">Kontakta oss idag<\/span>\n\t\t\t\t\t<\/span>\n\t\t\t\t\t<\/a>\n\t\t\t\t<\/div>\n\t\t\t\t\t\t\t\t<\/div>\n\t\t\t\t<\/div>\n\t\t\t\t<\/div>\n\t\t\t\t\t<\/div>\n\t\t\t\t<\/div>\n\t\t\t\t<\/div>\n\t\t","protected":false},"featured_media":324,"template":"","class_list":["post-3066","product","type-product","status-publish","has-post-thumbnail","hentry"],"acf":[],"_links":{"self":[{"href":"https:\/\/miritglas.com\/sv\/wp-json\/wp\/v2\/product\/3066","targetHints":{"allow":["GET"]}}],"collection":[{"href":"https:\/\/miritglas.com\/sv\/wp-json\/wp\/v2\/product"}],"about":[{"href":"https:\/\/miritglas.com\/sv\/wp-json\/wp\/v2\/types\/product"}],"version-history":[{"count":2,"href":"https:\/\/miritglas.com\/sv\/wp-json\/wp\/v2\/product\/3066\/revisions"}],"predecessor-version":[{"id":3524,"href":"https:\/\/miritglas.com\/sv\/wp-json\/wp\/v2\/product\/3066\/revisions\/3524"}],"wp:featuredmedia":[{"embeddable":true,"href":"https:\/\/miritglas.com\/sv\/wp-json\/wp\/v2\/media\/324"}],"wp:attachment":[{"href":"https:\/\/miritglas.com\/sv\/wp-json\/wp\/v2\/media?parent=3066"}],"curies":[{"name":"wp","href":"https:\/\/api.w.org\/{rel}","templated":true}]}}