{"id":3058,"date":"2023-08-09T11:28:58","date_gmt":"2023-08-09T09:28:58","guid":{"rendered":"https:\/\/miritglas.com\/produkter\/livsmedel-godkaent-glas\/"},"modified":"2025-10-27T10:28:37","modified_gmt":"2025-10-27T09:28:37","slug":"livsmedel-godkant-glas","status":"publish","type":"product","link":"https:\/\/miritglas.com\/sv\/produkter\/livsmedel-godkant-glas\/","title":{"rendered":"Livsmedel-godk\u00e4nt glas"},"content":{"rendered":"\t\t<div data-elementor-type=\"wp-post\" data-elementor-id=\"3058\" class=\"elementor elementor-3058 elementor-290\" data-elementor-post-type=\"product\">\n\t\t\t\t<div class=\"elementor-element elementor-element-7ea365f e-flex e-con-boxed e-con e-parent\" data-id=\"7ea365f\" data-element_type=\"container\" data-e-type=\"container\">\n\t\t\t\t\t<div class=\"e-con-inner\">\n\t\t<div class=\"elementor-element elementor-element-7921fd70 e-con-full e-flex e-con e-child\" data-id=\"7921fd70\" data-element_type=\"container\" data-e-type=\"container\">\n\t\t\t\t<div class=\"elementor-element elementor-element-5cf6de0d elementor-widget elementor-widget-text-editor\" data-id=\"5cf6de0d\" data-element_type=\"widget\" data-e-type=\"widget\" data-widget_type=\"text-editor.default\">\n\t\t\t\t<div class=\"elementor-widget-container\">\n\t\t\t\t\t\t\t\t\t<h2>FKM-godk\u00e4nt glas \u2013 n\u00e4r glas och livsmedel kommer i kontakt med varandra<\/h2>\n<p>Mirit Glas A\/S har f\u00e5tt ett godk\u00e4nnande fr\u00e5n danska Livsmedelsverket, F\u00f8devarestyrelsen, s\u00e5 att v\u00e5rt f\u00f6retag nu kan leverera glas som f\u00e5r anv\u00e4ndas vid livsmedelskontakt. Glasen \u00e4r i kategorin FKM, som uppfyller danska och europeiska lagkrav.<\/p>\n<p>Kontakta oss f\u00f6r att h\u00f6ra mer om denna l\u00f6sning.<\/p>\n\t\t\t\t\t\t\t\t<\/div>\n\t\t\t\t<\/div>\n\t\t\t\t<div class=\"elementor-element elementor-element-255de021 elementor-widget elementor-widget-button\" data-id=\"255de021\" data-element_type=\"widget\" data-e-type=\"widget\" data-widget_type=\"button.default\">\n\t\t\t\t<div class=\"elementor-widget-container\">\n\t\t\t\t\t\t\t\t\t<div class=\"elementor-button-wrapper\">\n\t\t\t\t\t<a class=\"elementor-button elementor-button-link elementor-size-md\" href=\"https:\/\/miritglas.com\/sv\/kontakta-oss\/\">\n\t\t\t\t\t\t<span class=\"elementor-button-content-wrapper\">\n\t\t\t\t\t\t\t\t\t<span class=\"elementor-button-text\">Kontakta oss idag<\/span>\n\t\t\t\t\t<\/span>\n\t\t\t\t\t<\/a>\n\t\t\t\t<\/div>\n\t\t\t\t\t\t\t\t<\/div>\n\t\t\t\t<\/div>\n\t\t\t\t<\/div>\n\t\t<div class=\"elementor-element elementor-element-6db61a78 e-con-full e-flex e-con e-child\" data-id=\"6db61a78\" data-element_type=\"container\" data-e-type=\"container\">\n\t\t\t\t<div class=\"elementor-element elementor-element-19e9223f elementor-absolute elementor-widget elementor-widget-image\" data-id=\"19e9223f\" data-element_type=\"widget\" data-e-type=\"widget\" data-settings=\"{&quot;_position&quot;:&quot;absolute&quot;}\" data-widget_type=\"image.default\">\n\t\t\t\t<div class=\"elementor-widget-container\">\n\t\t\t\t\t\t\t\t\t\t\t\t\t\t\t<img fetchpriority=\"high\" decoding=\"async\" width=\"230\" height=\"230\" src=\"https:\/\/miritglas.com\/wp-content\/uploads\/2023\/08\/logo-icon.png\" class=\"attachment-medium size-medium wp-image-169\" alt=\"Mirit glas logo.\" srcset=\"https:\/\/miritglas.com\/wp-content\/uploads\/2023\/08\/logo-icon.png 230w, https:\/\/miritglas.com\/wp-content\/uploads\/2023\/08\/logo-icon-150x150.png 150w\" sizes=\"(max-width: 230px) 100vw, 230px\" title=\"\">\t\t\t\t\t\t\t\t\t\t\t\t\t\t\t<\/div>\n\t\t\t\t<\/div>\n\t\t\t\t<div class=\"elementor-element elementor-element-65a0add7 elementor-widget elementor-widget-image\" data-id=\"65a0add7\" data-element_type=\"widget\" data-e-type=\"widget\" data-widget_type=\"image.default\">\n\t\t\t\t<div class=\"elementor-widget-container\">\n\t\t\t\t\t\t\t\t\t\t\t\t\t\t\t<img decoding=\"async\" width=\"262\" height=\"300\" src=\"https:\/\/miritglas.com\/wp-content\/uploads\/2023\/08\/EU_food_contact_material_symbol_text-262x300.png\" class=\"attachment-medium size-medium wp-image-1958\" alt=\"EU_food_contact_material_symbol_text - f\u00f8devarekontaktmateriale\" srcset=\"https:\/\/miritglas.com\/wp-content\/uploads\/2023\/08\/EU_food_contact_material_symbol_text-262x300.png 262w, https:\/\/miritglas.com\/wp-content\/uploads\/2023\/08\/EU_food_contact_material_symbol_text-894x1024.png 894w, https:\/\/miritglas.com\/wp-content\/uploads\/2023\/08\/EU_food_contact_material_symbol_text-768x879.png 768w, https:\/\/miritglas.com\/wp-content\/uploads\/2023\/08\/EU_food_contact_material_symbol_text-1342x1536.png 1342w, https:\/\/miritglas.com\/wp-content\/uploads\/2023\/08\/EU_food_contact_material_symbol_text-1789x2048.png 1789w, https:\/\/miritglas.com\/wp-content\/uploads\/2023\/08\/EU_food_contact_material_symbol_text.png 2028w\" sizes=\"(max-width: 262px) 100vw, 262px\" title=\"\">\t\t\t\t\t\t\t\t\t\t\t\t\t\t\t<\/div>\n\t\t\t\t<\/div>\n\t\t\t\t<div class=\"elementor-element elementor-element-fa0c502 elementor-widget elementor-widget-image\" data-id=\"fa0c502\" data-element_type=\"widget\" data-e-type=\"widget\" data-widget_type=\"image.default\">\n\t\t\t\t<div class=\"elementor-widget-container\">\n\t\t\t\t\t\t\t\t\t\t\t\t\t\t\t<img decoding=\"async\" src=\"https:\/\/miritglas.com\/wp-content\/uploads\/2023\/08\/smiley.svg\" class=\"attachment-full size-full wp-image-1962\" alt=\"smiley - elite - logo til f\u00f8devarekontaktmateriale\" title=\"\">\t\t\t\t\t\t\t\t\t\t\t\t\t\t\t<\/div>\n\t\t\t\t<\/div>\n\t\t\t\t<\/div>\n\t\t\t\t\t<\/div>\n\t\t\t\t<\/div>\n\t\t<div class=\"elementor-element elementor-element-23c072cf e-flex e-con-boxed e-con e-parent\" data-id=\"23c072cf\" data-element_type=\"container\" data-e-type=\"container\" data-settings=\"{&quot;background_background&quot;:&quot;classic&quot;}\">\n\t\t\t\t\t<div class=\"e-con-inner\">\n\t\t<div class=\"elementor-element elementor-element-d5088e4 e-con-full e-flex e-con e-child\" data-id=\"d5088e4\" data-element_type=\"container\" data-e-type=\"container\">\n\t\t\t\t<div class=\"elementor-element elementor-element-1547ab65 elementor-widget elementor-widget-text-editor\" data-id=\"1547ab65\" data-element_type=\"widget\" data-e-type=\"widget\" data-widget_type=\"text-editor.default\">\n\t\t\t\t<div class=\"elementor-widget-container\">\n\t\t\t\t\t\t\t\t\t<h3>Vi erbjuder<\/h3>\n<p class=\"p1\"><span class=\"s1\"><a href=\"https:\/\/miritglas.com\/se\/produkt\/synglas\/\">Synglas<\/a><\/span><span class=\"s2\">\u00a0f\u00f6r livsmedelskontakt har varit huvudfokus, men nu finns det \u00e4ven m\u00f6jlighet att andra glas\u00e4mnen som ska anv\u00e4ndas f\u00f6r direkt eller indirekt kontakt med livsmedel kan levereras.<\/span><\/p>\n<p class=\"p1\"><span class=\"s2\">Vi kan erbjuda \u00e4mnen av\u00a0<a href=\"https:\/\/miritglas.com\/se\/produkt\/floatglas\/\">natriumkalkglas<\/a><span class=\"s1\">\u00a0(vanligtvis kallat\u00a0<\/span><span class=\"s1\">floatglas<\/span>\u00a0eller kalksodaglas) och av\u00a0<a href=\"https:\/\/miritglas.com\/se\/produkt\/borosilikatglas\/\"><span class=\"s1\">borosilikatglas<\/span><\/a>.<\/span><\/p>\n<p class=\"p1\"><span class=\"s2\">V\u00e5ra\u00a0<a href=\"https:\/\/miritglas.com\/se\/produkt\/synglas\/\"><span class=\"s1\">synglas<\/span><\/a>\u00a0tillverkade av vanligt glas st\u00e4mplas enl. DIN 8902 eller DIN 8903. S<span class=\"s1\">ynglas<\/span>\u00a0i borosilikatglas st\u00e4mplas enl. DIN 7081 eller enl. DIN 7080.\u00a0<\/span><span class=\"s2\">Detta\u00a0<span class=\"s1\">synglas<\/span>\u00a0anv\u00e4nds i industrin,\u00a0<\/span><span lang=\"sv\">vilket \u00e4r\u00a0<span class=\"s2\">huvudanledningen till att vi ans\u00f6kte om FKM-godk\u00e4nnande<\/span><\/span><\/p>\n<p class=\"p1\"><strong>Declaration Of Compliance \u2013 Food Contact Material<\/strong><\/p>\n<p class=\"p1\"><span class=\"s2\">Vid leveranser av livsmedelskontaktmaterial inneh\u00e5ller ordern ett certifikat: \u201dDeclaration Of Compliance \u2013 Food Contact Material\u201d. Detta certifikat inneh\u00e5ller r\u00e5glas-ID med uppgifter till kunden om anv\u00e4nt r\u00e5glas s\u00e5 att fullst\u00e4ndig sp\u00e5rbarhet s\u00e4kerst\u00e4lls, vilket kr\u00e4vs f\u00f6r livsmedelskontaktmaterial.<\/span><\/p>\n<p class=\"p1\"><span class=\"s2\">F\u00f6r att f\u00e5 denna sp\u00e5rbarhet ska kunderna anteckna var produkterna fr\u00e5n Mirit Glas A\/S anv\u00e4nds s\u00e5 att r\u00e5varu-ID-nummer kan upplysas vid eventuella reklamationer. Det \u00e4r allts\u00e5 viktigt att de utf\u00e4rdade certifikaten sparas p\u00e5 ett tillf\u00f6rlitligt s\u00e4tt.<\/span><\/p>\n<p>Nedan hittar du en kopia av kontrollrapporten fr\u00e5n danska Livsmedelsverket (F\u00f8devarestyrelsen). Du kan h\u00e4mta den senaste kontrollrapporten h\u00e4r:\u00a0<a href=\"https:\/\/www.findsmiley.dk\/Sider\/Search.aspx?k=mirit%20glas\" target=\"_blank\" rel=\"noopener\"><span class=\"s1\">L\u00e4nk till findsmiley<\/span><\/a><\/p>\n\t\t\t\t\t\t\t\t<\/div>\n\t\t\t\t<\/div>\n\t\t\t\t<\/div>\n\t\t<div class=\"elementor-element elementor-element-6e300a4c e-con-full e-flex e-con e-child\" data-id=\"6e300a4c\" data-element_type=\"container\" data-e-type=\"container\">\n\t\t\t\t<div class=\"elementor-element elementor-element-5c3cab6e elementor-widget elementor-widget-image\" data-id=\"5c3cab6e\" data-element_type=\"widget\" data-e-type=\"widget\" data-widget_type=\"image.default\">\n\t\t\t\t<div class=\"elementor-widget-container\">\n\t\t\t\t\t\t\t\t\t\t\t\t\t\t\t<img decoding=\"async\" width=\"726\" height=\"1024\" src=\"https:\/\/miritglas.com\/wp-content\/uploads\/2023\/08\/smiley-2025-726x1024.jpg\" class=\"attachment-large size-large wp-image-6155\" alt=\"\" srcset=\"https:\/\/miritglas.com\/wp-content\/uploads\/2023\/08\/smiley-2025-726x1024.jpg 726w, https:\/\/miritglas.com\/wp-content\/uploads\/2023\/08\/smiley-2025-213x300.jpg 213w, https:\/\/miritglas.com\/wp-content\/uploads\/2023\/08\/smiley-2025-768x1084.jpg 768w, https:\/\/miritglas.com\/wp-content\/uploads\/2023\/08\/smiley-2025.jpg 1016w\" sizes=\"(max-width: 726px) 100vw, 726px\" title=\"\">\t\t\t\t\t\t\t\t\t\t\t\t\t\t\t<\/div>\n\t\t\t\t<\/div>\n\t\t\t\t<\/div>\n\t\t\t\t\t<\/div>\n\t\t\t\t<\/div>\n\t\t\t\t<\/div>\n\t\t","protected":false},"featured_media":1958,"template":"","class_list":["post-3058","product","type-product","status-publish","has-post-thumbnail","hentry"],"acf":[],"_links":{"self":[{"href":"https:\/\/miritglas.com\/sv\/wp-json\/wp\/v2\/product\/3058","targetHints":{"allow":["GET"]}}],"collection":[{"href":"https:\/\/miritglas.com\/sv\/wp-json\/wp\/v2\/product"}],"about":[{"href":"https:\/\/miritglas.com\/sv\/wp-json\/wp\/v2\/types\/product"}],"version-history":[{"count":6,"href":"https:\/\/miritglas.com\/sv\/wp-json\/wp\/v2\/product\/3058\/revisions"}],"predecessor-version":[{"id":6167,"href":"https:\/\/miritglas.com\/sv\/wp-json\/wp\/v2\/product\/3058\/revisions\/6167"}],"wp:featuredmedia":[{"embeddable":true,"href":"https:\/\/miritglas.com\/sv\/wp-json\/wp\/v2\/media\/1958"}],"wp:attachment":[{"href":"https:\/\/miritglas.com\/sv\/wp-json\/wp\/v2\/media?parent=3058"}],"curies":[{"name":"wp","href":"https:\/\/api.w.org\/{rel}","templated":true}]}}