{"id":3054,"date":"2023-08-09T11:28:51","date_gmt":"2023-08-09T09:28:51","guid":{"rendered":"https:\/\/miritglas.com\/produkter\/floatglas\/"},"modified":"2024-07-05T11:44:52","modified_gmt":"2024-07-05T09:44:52","slug":"floatglas","status":"publish","type":"product","link":"https:\/\/miritglas.com\/sv\/produkter\/floatglas\/","title":{"rendered":"Floatglas"},"content":{"rendered":"\t\t<div data-elementor-type=\"wp-post\" data-elementor-id=\"3054\" class=\"elementor elementor-3054 elementor-289\" data-elementor-post-type=\"product\">\n\t\t\t\t<div class=\"elementor-element elementor-element-200210a0 e-flex e-con-boxed e-con e-parent\" data-id=\"200210a0\" data-element_type=\"container\" data-e-type=\"container\">\n\t\t\t\t\t<div class=\"e-con-inner\">\n\t\t<div class=\"elementor-element elementor-element-1e2e2db6 e-con-full e-flex e-con e-child\" data-id=\"1e2e2db6\" data-element_type=\"container\" data-e-type=\"container\">\n\t\t\t\t<div class=\"elementor-element elementor-element-3a774e elementor-widget elementor-widget-text-editor\" data-id=\"3a774e\" data-element_type=\"widget\" data-e-type=\"widget\" data-widget_type=\"text-editor.default\">\n\t\t\t\t<div class=\"elementor-widget-container\">\n\t\t\t\t\t\t\t\t\t<h2>Floatglas \u2013 Materialet som anv\u00e4nds \u00f6verallt<\/h2>\n<p>Mirit Glas levererar floatglas till industrier. Floatglas anv\u00e4nds \u00f6verallt. I allt fr\u00e5n d\u00f6rrar och f\u00f6nster till belysnings- och avsk\u00e4rmningsglas.<\/p>\n<p>Namnet floatglas syftar p\u00e5 framst\u00e4llningsprocessen. Processen uppfanns p\u00e5 1950-talet d\u00e5 man gick fr\u00e5n att \u201drulla\u201d glaset till att sm\u00e4lta det flytande glaset p\u00e5 ett tennunderlag. Genom att l\u00e5ta glaset flyta ut p\u00e5 tennet, d\u00e4r det sprids och planas ut med hj\u00e4lp av tyngdkraften, kan man skapa en finare och mer enhetlig yta och tjocklek p\u00e5 glaset.<\/p>\n<p>Vi har floatglas i storlekarna 1, 2, 3, 4, 5, 6, 8, 10, 12, 15, 19 och 25 mm i lager.<\/p>\n<p>Vi levererar floatglas i olika storlekar och kan garantera dig en unik l\u00f6sning f\u00f6r dina behov. Kontakta oss f\u00f6r att h\u00f6ra mer.<\/p>\n\t\t\t\t\t\t\t\t<\/div>\n\t\t\t\t<\/div>\n\t\t\t\t<div class=\"elementor-element elementor-element-18d6c51 elementor-widget elementor-widget-button\" data-id=\"18d6c51\" data-element_type=\"widget\" data-e-type=\"widget\" data-widget_type=\"button.default\">\n\t\t\t\t<div class=\"elementor-widget-container\">\n\t\t\t\t\t\t\t\t\t<div class=\"elementor-button-wrapper\">\n\t\t\t\t\t<a class=\"elementor-button elementor-button-link elementor-size-md\" href=\"https:\/\/miritglas.com\/sv\/kontakta-oss\/\">\n\t\t\t\t\t\t<span class=\"elementor-button-content-wrapper\">\n\t\t\t\t\t\t\t\t\t<span class=\"elementor-button-text\">Kontakta oss idag<\/span>\n\t\t\t\t\t<\/span>\n\t\t\t\t\t<\/a>\n\t\t\t\t<\/div>\n\t\t\t\t\t\t\t\t<\/div>\n\t\t\t\t<\/div>\n\t\t\t\t<\/div>\n\t\t<div class=\"elementor-element elementor-element-6aa3e1e8 e-con-full e-flex e-con e-child\" data-id=\"6aa3e1e8\" data-element_type=\"container\" data-e-type=\"container\">\n\t\t\t\t<div class=\"elementor-element elementor-element-824490 elementor-absolute elementor-widget elementor-widget-image\" data-id=\"824490\" data-element_type=\"widget\" data-e-type=\"widget\" data-settings=\"{&quot;_position&quot;:&quot;absolute&quot;}\" data-widget_type=\"image.default\">\n\t\t\t\t<div class=\"elementor-widget-container\">\n\t\t\t\t\t\t\t\t\t\t\t\t\t\t\t<img fetchpriority=\"high\" decoding=\"async\" width=\"230\" height=\"230\" src=\"https:\/\/miritglas.com\/wp-content\/uploads\/2023\/08\/logo-icon.png\" class=\"attachment-medium size-medium wp-image-169\" alt=\"Mirit glas logo.\" srcset=\"https:\/\/miritglas.com\/wp-content\/uploads\/2023\/08\/logo-icon.png 230w, https:\/\/miritglas.com\/wp-content\/uploads\/2023\/08\/logo-icon-150x150.png 150w\" sizes=\"(max-width: 230px) 100vw, 230px\" title=\"\">\t\t\t\t\t\t\t\t\t\t\t\t\t\t\t<\/div>\n\t\t\t\t<\/div>\n\t\t\t\t<div class=\"elementor-element elementor-element-4a3f3a13 elementor-widget elementor-widget-video\" data-id=\"4a3f3a13\" data-element_type=\"widget\" data-e-type=\"widget\" data-settings=\"{&quot;youtube_url&quot;:&quot;https:\\\/\\\/www.youtube.com\\\/watch?v=ML5daXPhmPQ&quot;,&quot;show_image_overlay&quot;:&quot;yes&quot;,&quot;image_overlay&quot;:{&quot;url&quot;:&quot;https:\\\/\\\/miritglas.com\\\/wp-content\\\/uploads\\\/2023\\\/08\\\/ML5daXPhmPQ.jpeg&quot;,&quot;id&quot;:1834,&quot;size&quot;:&quot;&quot;,&quot;alt&quot;:&quot;&quot;,&quot;source&quot;:&quot;library&quot;},&quot;video_type&quot;:&quot;youtube&quot;,&quot;controls&quot;:&quot;yes&quot;}\" data-widget_type=\"video.default\">\n\t\t\t\t<div class=\"elementor-widget-container\">\n\t\t\t\t\t\t\t<div class=\"elementor-wrapper elementor-open-inline\">\n\t\t\t<div class=\"elementor-video\"><\/div>\t\t\t\t<div class=\"elementor-custom-embed-image-overlay\" style=\"background-image: url(https:\/\/miritglas.com\/wp-content\/uploads\/2023\/08\/ML5daXPhmPQ.jpeg);\">\n\t\t\t\t\t\t\t\t\t\t\t\t\t\t\t\t<div class=\"elementor-custom-embed-play\" role=\"button\" aria-label=\"Spela videoklipp\" tabindex=\"0\">\n\t\t\t\t\t\t\t<svg aria-hidden=\"true\" class=\"e-font-icon-svg e-eicon-play\" viewBox=\"0 0 1000 1000\" xmlns=\"http:\/\/www.w3.org\/2000\/svg\"><path d=\"M838 162C746 71 633 25 500 25 371 25 258 71 163 162 71 254 25 367 25 500 25 633 71 746 163 837 254 929 367 979 500 979 633 979 746 933 838 837 929 746 975 633 975 500 975 367 929 254 838 162M808 192C892 279 933 379 933 500 933 621 892 725 808 808 725 892 621 938 500 938 379 938 279 896 196 808 113 725 67 621 67 500 67 379 108 279 196 192 279 108 383 62 500 62 621 62 721 108 808 192M438 392V642L642 517 438 392Z\"><\/path><\/svg>\t\t\t\t\t\t<\/div>\n\t\t\t\t\t\t\t\t\t<\/div>\n\t\t\t\t\t<\/div>\n\t\t\t\t\t\t<\/div>\n\t\t\t\t<\/div>\n\t\t\t\t<\/div>\n\t\t\t\t\t<\/div>\n\t\t\t\t<\/div>\n\t\t<div class=\"elementor-element elementor-element-9a7ec9c e-flex e-con-boxed e-con e-parent\" data-id=\"9a7ec9c\" data-element_type=\"container\" data-e-type=\"container\" data-settings=\"{&quot;background_background&quot;:&quot;classic&quot;}\">\n\t\t\t\t\t<div class=\"e-con-inner\">\n\t\t<div class=\"elementor-element elementor-element-1926e67 e-con-full e-flex e-con e-child\" data-id=\"1926e67\" data-element_type=\"container\" data-e-type=\"container\">\n\t\t\t\t<div class=\"elementor-element elementor-element-23cb594 elementor-widget elementor-widget-text-editor\" data-id=\"23cb594\" data-element_type=\"widget\" data-e-type=\"widget\" data-widget_type=\"text-editor.default\">\n\t\t\t\t<div class=\"elementor-widget-container\">\n\t\t\t\t\t\t\t\t\t<h3>Glasets egenskaper<\/h3>\n<p>Floatglas t\u00e5l bara en temperaturskillnad p\u00e5 40 \u2103 och om glaset g\u00e5r s\u00f6nder, splittras det i spetsiga och vassa bitar. Om man vill undvika att det splittras vid br\u00e4ckage kan man\u00a0<a href=\"https:\/\/miritglas.com\/sv\/produkter\/hardat-glas\/\">h\u00e4rda det<\/a>. H\u00e4rdning av glasset medf\u00f6r att glaset finf\u00f6rdelas som korn om det g\u00e5r s\u00f6nder.<\/p>\n<p>Vanligt floatglas har en gr\u00f6naktig ton p.g.a. glasets inneh\u00e5ll af j\u00e4rn. Den gr\u00f6naktiga tonen syns mest i kanten och blir tydligare om glasets tjocklek \u00f6kas.<\/p>\n<p>Genom att minska inneh\u00e5ll av j\u00e4rn i glaset kan man \u00e4ndra dess f\u00e4rgton till en punkt d\u00e5 glaset blir kristallklart. Detta kallas ocks\u00e5<a href=\"https:\/\/miritglas.com\/se\/produkt\/jaernfattigt-glas\/\">\u00a0j\u00e4rnfattigt glas<\/a>. Men det g\u00f6r framst\u00e4llningsprocessen dyrare och resulterar d\u00e4rf\u00f6r i en dyrare r\u00e5vara.<\/p>\n\t\t\t\t\t\t\t\t<\/div>\n\t\t\t\t<\/div>\n\t\t\t\t<\/div>\n\t\t<div class=\"elementor-element elementor-element-7b4af70 e-con-full e-flex e-con e-child\" data-id=\"7b4af70\" data-element_type=\"container\" data-e-type=\"container\">\n\t\t<div class=\"elementor-element elementor-element-5e43167 e-flex e-con-boxed e-con e-child\" data-id=\"5e43167\" data-element_type=\"container\" data-e-type=\"container\" data-settings=\"{&quot;background_background&quot;:&quot;classic&quot;}\">\n\t\t\t\t\t<div class=\"e-con-inner\">\n\t\t\t\t<div class=\"elementor-element elementor-element-d9d771a elementor-widget elementor-widget-text-editor\" data-id=\"d9d771a\" data-element_type=\"widget\" data-e-type=\"widget\" data-widget_type=\"text-editor.default\">\n\t\t\t\t<div class=\"elementor-widget-container\">\n\t\t\t\t\t\t\t\t\t<h4>KALK-SODA-SILIKATGLAS, NATRIUMKALKGLAS OCH SODAGLAS<\/h4>\n<p>Floatglas \u00e4r det utbredda namnet p\u00e5 vanligt glas. Det g\u00e5r ocks\u00e5 under beteckningen kalk-soda-silikatglas, natriumkalkglas och sodaglas, men i dagligt tal kallas det floatglas \u2013 eller bara vanligt glas.<\/p>\n\t\t\t\t\t\t\t\t<\/div>\n\t\t\t\t<\/div>\n\t\t\t\t\t<\/div>\n\t\t\t\t<\/div>\n\t\t\t\t<\/div>\n\t\t\t\t\t<\/div>\n\t\t\t\t<\/div>\n\t\t<div class=\"elementor-element elementor-element-7ce8b8b e-flex e-con-boxed e-con e-parent\" data-id=\"7ce8b8b\" data-element_type=\"container\" data-e-type=\"container\">\n\t\t\t\t\t<div class=\"e-con-inner\">\n\t\t<div class=\"elementor-element elementor-element-1775f78 e-con-full e-flex e-con e-child\" data-id=\"1775f78\" data-element_type=\"container\" data-e-type=\"container\">\n\t\t\t\t<div class=\"elementor-element elementor-element-4d360c4 elementor-widget elementor-widget-text-editor\" data-id=\"4d360c4\" data-element_type=\"widget\" data-e-type=\"widget\" data-widget_type=\"text-editor.default\">\n\t\t\t\t<div class=\"elementor-widget-container\">\n\t\t\t\t\t\t\t\t\t<h3>Vilka \u00e4r f\u00f6rdelarna med att anv\u00e4nda floatglas?<\/h3>\n<p>Floatglas \u00e4r ett mycket anv\u00e4ndbart material som \u00e4r relativt l\u00e4tt att arbeta med, och kan d\u00e4rf\u00f6r anv\u00e4ndas i en l\u00e5ng rad funktioner som passar m\u00e5nga olika applikationer. Det finns ocks\u00e5 m\u00e5nga metoder f\u00f6r efterbehandling av floatglas, som kan s\u00e4kerst\u00e4lla att det f\u00e5r ett mycket specifikt utseende. D\u00e4rf\u00f6r anv\u00e4nds till exempel floatglas f\u00f6r visning, d\u00e4r unika produkter utan problem kan presenteras genom rutor av det klara floatglaset, vars estetiska m\u00f6jligheter g\u00f6r det till det optimala materialet f\u00f6r den h\u00e4r typen av uppgifter.<\/p>\n\t\t\t\t\t\t\t\t<\/div>\n\t\t\t\t<\/div>\n\t\t\t\t<\/div>\n\t\t<div class=\"elementor-element elementor-element-f28df08 e-con-full e-flex e-con e-child\" data-id=\"f28df08\" data-element_type=\"container\" data-e-type=\"container\">\n\t\t\t\t<div class=\"elementor-element elementor-element-d81507a elementor-absolute elementor-widget elementor-widget-image\" data-id=\"d81507a\" data-element_type=\"widget\" data-e-type=\"widget\" data-settings=\"{&quot;_position&quot;:&quot;absolute&quot;}\" data-widget_type=\"image.default\">\n\t\t\t\t<div class=\"elementor-widget-container\">\n\t\t\t\t\t\t\t\t\t\t\t\t\t\t\t<img fetchpriority=\"high\" decoding=\"async\" width=\"230\" height=\"230\" src=\"https:\/\/miritglas.com\/wp-content\/uploads\/2023\/08\/logo-icon.png\" class=\"attachment-medium size-medium wp-image-169\" alt=\"Mirit glas logo.\" srcset=\"https:\/\/miritglas.com\/wp-content\/uploads\/2023\/08\/logo-icon.png 230w, https:\/\/miritglas.com\/wp-content\/uploads\/2023\/08\/logo-icon-150x150.png 150w\" sizes=\"(max-width: 230px) 100vw, 230px\" title=\"\">\t\t\t\t\t\t\t\t\t\t\t\t\t\t\t<\/div>\n\t\t\t\t<\/div>\n\t\t\t\t<div class=\"elementor-element elementor-element-61af829 elementor-widget elementor-widget-image\" data-id=\"61af829\" data-element_type=\"widget\" data-e-type=\"widget\" data-widget_type=\"image.default\">\n\t\t\t\t<div class=\"elementor-widget-container\">\n\t\t\t\t\t\t\t\t\t\t\t\t\t\t\t<img decoding=\"async\" width=\"779\" height=\"584\" src=\"https:\/\/miritglas.com\/wp-content\/uploads\/2023\/08\/almindeligt-floatglas.jpg\" class=\"attachment-large size-large wp-image-1941\" alt=\"float glas\" srcset=\"https:\/\/miritglas.com\/wp-content\/uploads\/2023\/08\/almindeligt-floatglas.jpg 779w, https:\/\/miritglas.com\/wp-content\/uploads\/2023\/08\/almindeligt-floatglas-300x225.jpg 300w, https:\/\/miritglas.com\/wp-content\/uploads\/2023\/08\/almindeligt-floatglas-768x576.jpg 768w\" sizes=\"(max-width: 779px) 100vw, 779px\" title=\"\">\t\t\t\t\t\t\t\t\t\t\t\t\t\t\t<\/div>\n\t\t\t\t<\/div>\n\t\t\t\t<\/div>\n\t\t\t\t\t<\/div>\n\t\t\t\t<\/div>\n\t\t<div class=\"elementor-element elementor-element-32610afb e-flex e-con-boxed e-con e-parent\" data-id=\"32610afb\" data-element_type=\"container\" data-e-type=\"container\" data-settings=\"{&quot;background_background&quot;:&quot;classic&quot;}\">\n\t\t\t\t\t<div class=\"e-con-inner\">\n\t\t<div class=\"elementor-element elementor-element-24ecb361 e-con-full e-flex e-con e-child\" data-id=\"24ecb361\" data-element_type=\"container\" data-e-type=\"container\">\n\t\t\t\t<div class=\"elementor-element elementor-element-65128ade elementor-widget elementor-widget-text-editor\" data-id=\"65128ade\" data-element_type=\"widget\" data-e-type=\"widget\" data-widget_type=\"text-editor.default\">\n\t\t\t\t<div class=\"elementor-widget-container\">\n\t\t\t\t\t\t\t\t\t<h3>Mirit glas erbjuder<\/h3>\n<p>Vi kan bearbeta floatglas p\u00e5 en rad olika s\u00e4tt:<\/p>\n\t\t\t\t\t\t\t\t<\/div>\n\t\t\t\t<\/div>\n\t\t\t\t<div class=\"elementor-element elementor-element-139e4077 elementor-widget elementor-widget-text-editor\" data-id=\"139e4077\" data-element_type=\"widget\" data-e-type=\"widget\" data-widget_type=\"text-editor.default\">\n\t\t\t\t<div class=\"elementor-widget-container\">\n\t\t\t\t\t\t\t\t\t<ul>\n<li>Form, h\u00e5l och hack<\/li>\n<li>Kantbearbetning<\/li>\n<li>Sandbl\u00e4string<\/li>\n<li>UV-limning<\/li>\n<li>M\u00e5lning<\/li>\n<li>Silkescreentryck<\/li>\n<li><a href=\"https:\/\/miritglas.com\/se\/produkt\/bojt-glas\/\">B\u00f6jt glas<\/a><\/li>\n<li><a href=\"https:\/\/miritglas.com\/se\/produkt\/laminerat-glas\/\">Laminering<\/a><\/li>\n<li><a href=\"https:\/\/miritglas.com\/se\/produkt\/bojt-glas\/\">V\u00e4lvt och h\u00e4rdat floatglas<\/a><\/li>\n<\/ul>\n\t\t\t\t\t\t\t\t<\/div>\n\t\t\t\t<\/div>\n\t\t\t\t<div class=\"elementor-element elementor-element-3cb6f17d elementor-widget elementor-widget-text-editor\" data-id=\"3cb6f17d\" data-element_type=\"widget\" data-e-type=\"widget\" data-widget_type=\"text-editor.default\">\n\t\t\t\t<div class=\"elementor-widget-container\">\n\t\t\t\t\t\t\t\t\t<p>Vi kan\u00a0<a href=\"https:\/\/miritglas.com\/se\/produkt\/haerdat-glas\/\">termiskt h\u00e4rda<\/a>\u00a0glaset ner till 3 mm, vilket betyder att glaset inte l\u00e4ngre splittras i spetsiga och vassa bitar utan ist\u00e4llet finf\u00f6rdelas i sm\u00e5 trubbiga bitar, som man, t.ex., k\u00e4nner igen fr\u00e5n bilens sidoruta.<\/p>\n<p>Det \u00e4r ocks\u00e5 m\u00f6jligt att\u00a0<a href=\"https:\/\/miritglas.com\/se\/produkt\/kemiskt-haerdat-glas\/\">kemiskt h\u00e4rda<\/a>\u00a0glaset som \u00e4r tunnare \u00e4n 3 mm.<\/p>\n<p>Du \u00e4r v\u00e4lkommen att kontakta oss f\u00f6r mer information om glaset.<\/p>\n\t\t\t\t\t\t\t\t<\/div>\n\t\t\t\t<\/div>\n\t\t\t\t<\/div>\n\t\t\t\t\t<\/div>\n\t\t\t\t<\/div>\n\t\t\t\t<\/div>\n\t\t","protected":false},"featured_media":1941,"template":"","class_list":["post-3054","product","type-product","status-publish","has-post-thumbnail","hentry"],"acf":[],"_links":{"self":[{"href":"https:\/\/miritglas.com\/sv\/wp-json\/wp\/v2\/product\/3054","targetHints":{"allow":["GET"]}}],"collection":[{"href":"https:\/\/miritglas.com\/sv\/wp-json\/wp\/v2\/product"}],"about":[{"href":"https:\/\/miritglas.com\/sv\/wp-json\/wp\/v2\/types\/product"}],"version-history":[{"count":7,"href":"https:\/\/miritglas.com\/sv\/wp-json\/wp\/v2\/product\/3054\/revisions"}],"predecessor-version":[{"id":5012,"href":"https:\/\/miritglas.com\/sv\/wp-json\/wp\/v2\/product\/3054\/revisions\/5012"}],"wp:featuredmedia":[{"embeddable":true,"href":"https:\/\/miritglas.com\/sv\/wp-json\/wp\/v2\/media\/1941"}],"wp:attachment":[{"href":"https:\/\/miritglas.com\/sv\/wp-json\/wp\/v2\/media?parent=3054"}],"curies":[{"name":"wp","href":"https:\/\/api.w.org\/{rel}","templated":true}]}}