{"id":3046,"date":"2023-08-09T11:28:35","date_gmt":"2023-08-09T09:28:35","guid":{"rendered":"https:\/\/miritglas.com\/produkter\/duran-glas\/"},"modified":"2024-02-20T11:08:28","modified_gmt":"2024-02-20T10:08:28","slug":"duran-glas","status":"publish","type":"product","link":"https:\/\/miritglas.com\/sv\/produkter\/duran-glas\/","title":{"rendered":"Duran-glas"},"content":{"rendered":"\t\t<div data-elementor-type=\"wp-post\" data-elementor-id=\"3046\" class=\"elementor elementor-3046 elementor-287\" data-elementor-post-type=\"product\">\n\t\t\t\t<div class=\"elementor-element elementor-element-365bb89 e-flex e-con-boxed e-con e-parent\" data-id=\"365bb89\" data-element_type=\"container\" data-e-type=\"container\">\n\t\t\t\t\t<div class=\"e-con-inner\">\n\t\t<div class=\"elementor-element elementor-element-74900272 e-con-full e-flex e-con e-child\" data-id=\"74900272\" data-element_type=\"container\" data-e-type=\"container\">\n\t\t\t\t<div class=\"elementor-element elementor-element-c55f57d elementor-widget elementor-widget-text-editor\" data-id=\"c55f57d\" data-element_type=\"widget\" data-e-type=\"widget\" data-widget_type=\"text-editor.default\">\n\t\t\t\t<div class=\"elementor-widget-container\">\n\t\t\t\t\t\t\t\t\t<h2>Duranglas \u00e4r resistent mot kemikalier och temperaturskillnader<\/h2>\n<p>Duranglas, Pyrex, Tempax, Simax och Borosilikat. M\u00e5nga namn f\u00f6r samma produkt. Mirit Glas levererar duran-glas till industrier.<\/p>\n<p>Mirit Glas har plana skivor p\u00e5 0,7 mm-25 mm och\u00a0<a href=\"https:\/\/miritglas.com\/sv\/produkter\/glasror\/\">glasr\u00f6r fr\u00e5n \u00f83 mm-\u00f8400 mm<\/a>\u00a0i lager. Glaset anv\u00e4nds huvudsakligen f\u00f6r mer tekniska till\u00e4mpningar och finns d\u00e4rf\u00f6r i fler tjocklekar och varianter \u00e4n vanligt\u00a0<a href=\"https:\/\/miritglas.com\/sv\/produkter\/floatglas\/\">sodaglas<\/a>.<br \/>\nVi erbjuder \u00e4van duran-glas med lasyr om det \u00f6nskas.<\/p>\n<p>Kontakta Mirit Glas f\u00f6r att h\u00f6ra mer om duran-glas och hur det kan vara en bra l\u00f6sning f\u00f6r dig.<\/p>\n\t\t\t\t\t\t\t\t<\/div>\n\t\t\t\t<\/div>\n\t\t\t\t<div class=\"elementor-element elementor-element-523a1303 elementor-widget elementor-widget-button\" data-id=\"523a1303\" data-element_type=\"widget\" data-e-type=\"widget\" data-widget_type=\"button.default\">\n\t\t\t\t<div class=\"elementor-widget-container\">\n\t\t\t\t\t\t\t\t\t<div class=\"elementor-button-wrapper\">\n\t\t\t\t\t<a class=\"elementor-button elementor-button-link elementor-size-md\" href=\"https:\/\/miritglas.com\/sv\/kontakta-oss\/\">\n\t\t\t\t\t\t<span class=\"elementor-button-content-wrapper\">\n\t\t\t\t\t\t\t\t\t<span class=\"elementor-button-text\">Kontakta oss idag<\/span>\n\t\t\t\t\t<\/span>\n\t\t\t\t\t<\/a>\n\t\t\t\t<\/div>\n\t\t\t\t\t\t\t\t<\/div>\n\t\t\t\t<\/div>\n\t\t\t\t<\/div>\n\t\t<div class=\"elementor-element elementor-element-4e1d805e e-con-full e-flex e-con e-child\" data-id=\"4e1d805e\" data-element_type=\"container\" data-e-type=\"container\">\n\t\t\t\t<div class=\"elementor-element elementor-element-410666eb elementor-absolute elementor-widget elementor-widget-image\" data-id=\"410666eb\" data-element_type=\"widget\" data-e-type=\"widget\" data-settings=\"{&quot;_position&quot;:&quot;absolute&quot;}\" data-widget_type=\"image.default\">\n\t\t\t\t<div class=\"elementor-widget-container\">\n\t\t\t\t\t\t\t\t\t\t\t\t\t\t\t<img fetchpriority=\"high\" decoding=\"async\" width=\"230\" height=\"230\" src=\"https:\/\/miritglas.com\/wp-content\/uploads\/2023\/08\/logo-icon.png\" class=\"attachment-medium size-medium wp-image-169\" alt=\"Mirit glas logo.\" srcset=\"https:\/\/miritglas.com\/wp-content\/uploads\/2023\/08\/logo-icon.png 230w, https:\/\/miritglas.com\/wp-content\/uploads\/2023\/08\/logo-icon-150x150.png 150w\" sizes=\"(max-width: 230px) 100vw, 230px\" title=\"\">\t\t\t\t\t\t\t\t\t\t\t\t\t\t\t<\/div>\n\t\t\t\t<\/div>\n\t\t<div class=\"elementor-element elementor-element-45d1bc08 e-flex e-con-boxed e-con e-child\" data-id=\"45d1bc08\" data-element_type=\"container\" data-e-type=\"container\" data-settings=\"{&quot;background_background&quot;:&quot;classic&quot;}\">\n\t\t\t\t\t<div class=\"e-con-inner\">\n\t\t\t\t<div class=\"elementor-element elementor-element-2167a58a elementor-widget elementor-widget-text-editor\" data-id=\"2167a58a\" data-element_type=\"widget\" data-e-type=\"widget\" data-widget_type=\"text-editor.default\">\n\t\t\t\t<div class=\"elementor-widget-container\">\n\t\t\t\t\t\t\t\t\t<h4>VANLIG ANV\u00c4NDNING<\/h4>\n<p>Duran-glas anv\u00e4nds m\u00e5nga st\u00e4llen \u2013 fr\u00e5n\u00a0<a href=\"https:\/\/miritglas.com\/sv\/produkter\/synglas\/\">synglas<\/a>\u00a0och laboratorieutrustning, till\u00a0<a target=\"_blank\" href=\"http:\/\/miritglas.dk\/sv\/produkter\/belysningsglas-och-lampglas\" rel=\"noopener\">belysningsglas<\/a>\u00a0och diverse industriartiklar.<\/p>\n<p>Glasets l\u00e5ga utvidgningskoefficient, betyder att det klarar stora temperaturskillnader och \u00e4r d\u00e4rf\u00f6r speciellt v\u00e4l l\u00e4mpat f\u00f6r h\u00f6g v\u00e4rme. Dess h\u00f6ga kemiska resistens g\u00f6r duran-glas dessutom s\u00e4rskilt l\u00e4mpligt att anv\u00e4nda i samband med starka kemikalier.<em>\u00a0<\/em><\/p>\n\t\t\t\t\t\t\t\t<\/div>\n\t\t\t\t<\/div>\n\t\t\t\t\t<\/div>\n\t\t\t\t<\/div>\n\t\t\t\t<\/div>\n\t\t\t\t\t<\/div>\n\t\t\t\t<\/div>\n\t\t<div class=\"elementor-element elementor-element-680b60a2 e-flex e-con-boxed e-con e-parent\" data-id=\"680b60a2\" data-element_type=\"container\" data-e-type=\"container\" data-settings=\"{&quot;background_background&quot;:&quot;classic&quot;}\">\n\t\t\t\t\t<div class=\"e-con-inner\">\n\t\t<div class=\"elementor-element elementor-element-4a16feed e-con-full e-flex e-con e-child\" data-id=\"4a16feed\" data-element_type=\"container\" data-e-type=\"container\">\n\t\t\t\t<div class=\"elementor-element elementor-element-54cb305c elementor-widget elementor-widget-text-editor\" data-id=\"54cb305c\" data-element_type=\"widget\" data-e-type=\"widget\" data-widget_type=\"text-editor.default\">\n\t\t\t\t<div class=\"elementor-widget-container\">\n\t\t\t\t\t\t\t\t\t<h3>Glasets egenskaper<\/h3>\n<p>Duranglas g\u00e5r ocks\u00e5 under namnen Pyrex, Tempax, Simax och Borosilikatglas,\u00a0<span lang=\"sv\">och n\u00e4r det g\u00e4ller platt duranglas kallas det ofta borofloat.<\/span><\/p>\n<p>Det som g\u00f6r duran-glas till n\u00e5got speciellt, \u00e4r glasets resistens mot stora temperaturskillnader och h\u00e5llbarheten mot starka kemikalier. Duranglas har en enast\u00e5ende korrosionsbest\u00e4ndighet och f\u00f6rblir neutralt, \u00e4ven vid kontakt med mycket starka kemikalier. Bara n\u00e5gra f\u00e5 kemikalier, kan medf\u00f6ra en m\u00e4rkbar korrosion p\u00e5 glasytan vid h\u00f6ga temperatureer, n\u00e4mligen fluorv\u00e4tesyra, koncentrerad fosforsyra och starka kaustika l\u00f6sningar vid h\u00f6ga temperarturer. Vid rumstemperatur t\u00e5l duranglas kaustika l\u00f6sningskoncentrationer p\u00e5 upp till 30 %).<\/p>\n<p>Duranglas har en bra genomsl\u00e4ppning p\u00e5 +90 % fr\u00e5n 380 nm (synligt ljus) till 2000 nm (infrar\u00f6tt ljus).<\/p>\n\t\t\t\t\t\t\t\t<\/div>\n\t\t\t\t<\/div>\n\t\t\t\t<\/div>\n\t\t<div class=\"elementor-element elementor-element-7243003d e-con-full e-flex e-con e-child\" data-id=\"7243003d\" data-element_type=\"container\" data-e-type=\"container\">\n\t\t\t\t<div class=\"elementor-element elementor-element-6e74bd04 elementor-widget elementor-widget-image\" data-id=\"6e74bd04\" data-element_type=\"widget\" data-e-type=\"widget\" data-widget_type=\"image.default\">\n\t\t\t\t<div class=\"elementor-widget-container\">\n\t\t\t\t\t\t\t\t\t\t\t\t\t\t\t<img decoding=\"async\" src=\"https:\/\/miritglas.com\/wp-content\/uploads\/elementor\/thumbs\/borosilikatglas_landskab-qbfn2jvec4c1yqi89muxwh1ukl8w5b3gqr0zd2y3ww.jpeg\" title=\"borosilikatglas_landskab\" alt=\"Mirit glas are borosilicate glass suppliers, and we can be of help to anyone looking for borosilicate glass\" loading=\"lazy\" \/>\t\t\t\t\t\t\t\t\t\t\t\t\t\t\t<\/div>\n\t\t\t\t<\/div>\n\t\t\t\t<\/div>\n\t\t\t\t\t<\/div>\n\t\t\t\t<\/div>\n\t\t<div class=\"elementor-element elementor-element-21f9d1a6 e-flex e-con-boxed e-con e-parent\" data-id=\"21f9d1a6\" data-element_type=\"container\" data-e-type=\"container\" data-settings=\"{&quot;background_background&quot;:&quot;classic&quot;}\">\n\t\t\t\t\t<div class=\"e-con-inner\">\n\t\t<div class=\"elementor-element elementor-element-62853c63 e-con-full e-flex e-con e-child\" data-id=\"62853c63\" data-element_type=\"container\" data-e-type=\"container\">\n\t\t\t\t<div class=\"elementor-element elementor-element-40062948 elementor-widget elementor-widget-text-editor\" data-id=\"40062948\" data-element_type=\"widget\" data-e-type=\"widget\" data-widget_type=\"text-editor.default\">\n\t\t\t\t<div class=\"elementor-widget-container\">\n\t\t\t\t\t\t\t\t\t<h3>Mirit Glas erbjuder<\/h3>\n<p>Vi kan bearbeta duranglas p\u00e5 f\u00f6ljande s\u00e4tt:<\/p>\n\t\t\t\t\t\t\t\t<\/div>\n\t\t\t\t<\/div>\n\t\t\t\t<div class=\"elementor-element elementor-element-2a1202a4 elementor-widget elementor-widget-text-editor\" data-id=\"2a1202a4\" data-element_type=\"widget\" data-e-type=\"widget\" data-widget_type=\"text-editor.default\">\n\t\t\t\t<div class=\"elementor-widget-container\">\n\t\t\t\t\t\t\t\t\t<ul>\n<li>Form, h\u00e5l och hack<\/li>\n<li>Kantbearbetning<\/li>\n<li>Sandbl\u00e4string<\/li>\n<li>UV-limning<\/li>\n<li>M\u00e5lning<\/li>\n<li>Silkescreentryck<\/li>\n<li>Duranglas kan\u00a0<a href=\"https:\/\/miritglas.com\/sv\/produkter\/haerdat-glas\/\">h\u00e4rdas termiskt<\/a>. H\u00e4rdningen ger det \u00e4nnu st\u00f6rre resistens mot temperaturskillnader och det blir kraftigare och s\u00e4krare vid eventuellt br\u00e4ckage.<\/li>\n<li><a href=\"https:\/\/miritglas.com\/sv\/produkter\/bojt-glas\/\">B\u00f6jt glas<\/a><\/li>\n<li>Laminering<\/li>\n<li>Lasyr. Det \u00e4r m\u00f6jligt att p\u00e5verka glasets genomtr\u00e4nglighet och reflektion med olika ytbehandlingar (lasyrer). I det avseendet kan man t.ex., st\u00e4nga ute det \u201ckalla\u201d ljuset, eller minimera reflektionerna vid en best\u00e4md v\u00e5gl\u00e4ngd, i en best\u00e4md vinkel.<\/li>\n<\/ul>\n\t\t\t\t\t\t\t\t<\/div>\n\t\t\t\t<\/div>\n\t\t\t\t<div class=\"elementor-element elementor-element-4a808729 elementor-widget elementor-widget-text-editor\" data-id=\"4a808729\" data-element_type=\"widget\" data-e-type=\"widget\" data-widget_type=\"text-editor.default\">\n\t\t\t\t<div class=\"elementor-widget-container\">\n\t\t\t\t\t\t\t\t\t<p>Duranglas kan inte\u00a0<a href=\"https:\/\/miritglas.com\/sv\/produkter\/kemiskt-haerdat-glas\/\">h\u00e4rdas kemiskt<\/a>, eftersom inneh\u00e5llet av natrium \u00e4r f\u00f6r l\u00e5gt.<\/p>\n<p>Du \u00e4r varmt v\u00e4lkommen att kontakta oss f\u00f6r mer information om duranglas.<\/p>\n\t\t\t\t\t\t\t\t<\/div>\n\t\t\t\t<\/div>\n\t\t\t\t<\/div>\n\t\t\t\t\t<\/div>\n\t\t\t\t<\/div>\n\t\t\t\t<\/div>\n\t\t","protected":false},"featured_media":1799,"template":"","class_list":["post-3046","product","type-product","status-publish","has-post-thumbnail","hentry"],"acf":[],"_links":{"self":[{"href":"https:\/\/miritglas.com\/sv\/wp-json\/wp\/v2\/product\/3046","targetHints":{"allow":["GET"]}}],"collection":[{"href":"https:\/\/miritglas.com\/sv\/wp-json\/wp\/v2\/product"}],"about":[{"href":"https:\/\/miritglas.com\/sv\/wp-json\/wp\/v2\/types\/product"}],"version-history":[{"count":3,"href":"https:\/\/miritglas.com\/sv\/wp-json\/wp\/v2\/product\/3046\/revisions"}],"predecessor-version":[{"id":4460,"href":"https:\/\/miritglas.com\/sv\/wp-json\/wp\/v2\/product\/3046\/revisions\/4460"}],"wp:featuredmedia":[{"embeddable":true,"href":"https:\/\/miritglas.com\/sv\/wp-json\/wp\/v2\/media\/1799"}],"wp:attachment":[{"href":"https:\/\/miritglas.com\/sv\/wp-json\/wp\/v2\/media?parent=3046"}],"curies":[{"name":"wp","href":"https:\/\/api.w.org\/{rel}","templated":true}]}}