{"id":3042,"date":"2023-08-09T11:28:29","date_gmt":"2023-08-09T09:28:29","guid":{"rendered":"https:\/\/miritglas.com\/produkter\/display-glas\/"},"modified":"2025-04-28T15:48:19","modified_gmt":"2025-04-28T13:48:19","slug":"displayglas","status":"publish","type":"product","link":"https:\/\/miritglas.com\/sv\/produkter\/displayglas\/","title":{"rendered":"Display-Glas"},"content":{"rendered":"\t\t<div data-elementor-type=\"wp-post\" data-elementor-id=\"3042\" class=\"elementor elementor-3042 elementor-286\" data-elementor-post-type=\"product\">\n\t\t\t\t<div class=\"elementor-element elementor-element-533db2aa e-flex e-con-boxed e-con e-parent\" data-id=\"533db2aa\" data-element_type=\"container\" data-e-type=\"container\">\n\t\t\t\t\t<div class=\"e-con-inner\">\n\t\t<div class=\"elementor-element elementor-element-367a70db e-con-full e-flex e-con e-parent\" data-id=\"367a70db\" data-element_type=\"container\" data-e-type=\"container\">\n\t\t\t\t<div class=\"elementor-element elementor-element-80462d9 elementor-widget elementor-widget-text-editor\" data-id=\"80462d9\" data-element_type=\"widget\" data-e-type=\"widget\" data-widget_type=\"text-editor.default\">\n\t\t\t\t<div class=\"elementor-widget-container\">\n\t\t\t\t\t\t\t\t\t<h2>Mirit Glas kan g\u00f6ra supertunt glas extremt starkt och flexibelt, kallat displayglas<\/h2>\n<p>Vi tillverkar efter dina behov och har ett brett urval av olika glastyper som l\u00e4mpar sig v\u00e4l f\u00f6r displayer.<\/p>\n<p>Som det enda f\u00f6retaget i Skandinavien tillverkar Mirit Glas kemiskt h\u00e4rdat glas ner till 0,55 mm tjocklek (Kemirit\u00a9). Vi kan \u00e4ven erbjuda termiskt h\u00e4rdat glas fr\u00e5n 3 mm och upp\u00e5t.<\/p>\n<p>Kontakta Mirit Glas f\u00f6r att h\u00f6ra mer om m\u00f6jligheterna inom displayglas.<\/p>\n\t\t\t\t\t\t\t\t<\/div>\n\t\t\t\t<\/div>\n\t\t\t\t<div class=\"elementor-element elementor-element-73617df0 elementor-widget elementor-widget-button\" data-id=\"73617df0\" data-element_type=\"widget\" data-e-type=\"widget\" data-widget_type=\"button.default\">\n\t\t\t\t<div class=\"elementor-widget-container\">\n\t\t\t\t\t\t\t\t\t<div class=\"elementor-button-wrapper\">\n\t\t\t\t\t<a class=\"elementor-button elementor-button-link elementor-size-md\" href=\"https:\/\/miritglas.com\/sv\/kontakta-oss\/\">\n\t\t\t\t\t\t<span class=\"elementor-button-content-wrapper\">\n\t\t\t\t\t\t\t\t\t<span class=\"elementor-button-text\">Kontakta oss idag<\/span>\n\t\t\t\t\t<\/span>\n\t\t\t\t\t<\/a>\n\t\t\t\t<\/div>\n\t\t\t\t\t\t\t\t<\/div>\n\t\t\t\t<\/div>\n\t\t\t\t<\/div>\n\t\t<div class=\"elementor-element elementor-element-5621be4d e-con-full e-flex e-con e-parent\" data-id=\"5621be4d\" data-element_type=\"container\" data-e-type=\"container\">\n\t\t\t\t<div class=\"elementor-element elementor-element-d13608d elementor-absolute elementor-widget elementor-widget-global elementor-global-634 elementor-widget-image\" data-id=\"d13608d\" data-element_type=\"widget\" data-e-type=\"widget\" data-settings=\"{&quot;_position&quot;:&quot;absolute&quot;}\" data-widget_type=\"image.default\">\n\t\t\t\t<div class=\"elementor-widget-container\">\n\t\t\t\t\t\t\t\t\t\t\t\t\t\t\t<img fetchpriority=\"high\" decoding=\"async\" width=\"230\" height=\"230\" src=\"https:\/\/miritglas.com\/wp-content\/uploads\/2023\/08\/logo-icon.png\" class=\"attachment-medium size-medium wp-image-169\" alt=\"Mirit glas logo.\" srcset=\"https:\/\/miritglas.com\/wp-content\/uploads\/2023\/08\/logo-icon.png 230w, https:\/\/miritglas.com\/wp-content\/uploads\/2023\/08\/logo-icon-150x150.png 150w\" sizes=\"(max-width: 230px) 100vw, 230px\" title=\"\">\t\t\t\t\t\t\t\t\t\t\t\t\t\t\t<\/div>\n\t\t\t\t<\/div>\n\t\t\t\t<div class=\"elementor-element elementor-element-4ff9182a elementor-widget elementor-widget-image\" data-id=\"4ff9182a\" data-element_type=\"widget\" data-e-type=\"widget\" data-widget_type=\"image.default\">\n\t\t\t\t<div class=\"elementor-widget-container\">\n\t\t\t\t\t\t\t\t\t\t\t\t\t\t\t<img decoding=\"async\" width=\"650\" height=\"576\" src=\"https:\/\/miritglas.com\/wp-content\/uploads\/2023\/08\/displayglass-2.jpg\" class=\"attachment-large size-large wp-image-1830\" alt=\"\" srcset=\"https:\/\/miritglas.com\/wp-content\/uploads\/2023\/08\/displayglass-2.jpg 650w, https:\/\/miritglas.com\/wp-content\/uploads\/2023\/08\/displayglass-2-300x266.jpg 300w\" sizes=\"(max-width: 650px) 100vw, 650px\" title=\"\">\t\t\t\t\t\t\t\t\t\t\t\t\t\t\t<\/div>\n\t\t\t\t<\/div>\n\t\t\t\t<\/div>\n\t\t\t\t\t<\/div>\n\t\t\t\t<\/div>\n\t\t<div class=\"elementor-element elementor-element-0c8ac7a e-flex e-con-boxed e-con e-parent\" data-id=\"0c8ac7a\" data-element_type=\"container\" data-e-type=\"container\" data-settings=\"{&quot;background_background&quot;:&quot;classic&quot;}\">\n\t\t\t\t\t<div class=\"e-con-inner\">\n\t\t<div class=\"elementor-element elementor-element-3d01cf2 e-con-full e-flex e-con e-parent\" data-id=\"3d01cf2\" data-element_type=\"container\" data-e-type=\"container\">\n\t\t\t\t<div class=\"elementor-element elementor-element-473a52e elementor-widget elementor-widget-text-editor\" data-id=\"473a52e\" data-element_type=\"widget\" data-e-type=\"widget\" data-widget_type=\"text-editor.default\">\n\t\t\t\t<div class=\"elementor-widget-container\">\n\t\t\t\t\t\t\t\t\t<h3>Anv\u00e4ndningsomr\u00e5den<\/h3>\n<p>Glas spelar en allt viktigare roll i t.ex. elektroniska apparater \u2013 b\u00e5de som element inuti och utanp\u00e5.<br \/>\nDisplayglas anv\u00e4nds i m\u00e5nga branscher, bl.a. inom elektronik, medicinalindustri, transport (bilar, b\u00e5tar, fartyg, flyg), h\u00e4lsa och undervisning.<\/p>\n<p>Displayglas kan t\u00e4nkas in i produktdesignen fr\u00e5n f\u00f6rsta b\u00f6rjan och st\u00e5 ensamt eller s\u00e5 kan det monteras framf\u00f6r befintliga plastsk\u00e4rmar. Det betyder att displayglas kan ing\u00e5 b\u00e5de vid nyutveckling och vidareutveckling och f\u00f6rb\u00e4ttra prestanda, styrka eller s\u00e4kerhet i samband med anv\u00e4ndning av vanligt glas eller plast.<\/p>\n<p>Displayglas kallas \u00e4ven displaypanelglas, coverglas, skyddsglas till sk\u00e4rmar, instrumentglas, sk\u00e4rmglas, glas till peksk\u00e4rmar eller touchscreenglas. Vad det \u00e4n g\u00e4ller har vi p\u00e5 Mirit Glas ett n\u00e4ra samarbete med v\u00e5ra kunder f\u00f6r att utveckla kr\u00e4vande high-performance-displayglas.<\/p>\n\t\t\t\t\t\t\t\t<\/div>\n\t\t\t\t<\/div>\n\t\t\t\t<div class=\"elementor-element elementor-element-81f0f9f elementor-widget elementor-widget-button\" data-id=\"81f0f9f\" data-element_type=\"widget\" data-e-type=\"widget\" data-widget_type=\"button.default\">\n\t\t\t\t<div class=\"elementor-widget-container\">\n\t\t\t\t\t\t\t\t\t<div class=\"elementor-button-wrapper\">\n\t\t\t\t\t<a class=\"elementor-button elementor-button-link elementor-size-md\" href=\"https:\/\/miritglas.com\/sv\/kontakta-oss\/\">\n\t\t\t\t\t\t<span class=\"elementor-button-content-wrapper\">\n\t\t\t\t\t\t\t\t\t<span class=\"elementor-button-text\">Kontakta oss idag<\/span>\n\t\t\t\t\t<\/span>\n\t\t\t\t\t<\/a>\n\t\t\t\t<\/div>\n\t\t\t\t\t\t\t\t<\/div>\n\t\t\t\t<\/div>\n\t\t\t\t<\/div>\n\t\t<div class=\"elementor-element elementor-element-43261b0 e-con-full e-flex e-con e-parent\" data-id=\"43261b0\" data-element_type=\"container\" data-e-type=\"container\">\n\t\t<div class=\"elementor-element elementor-element-918fd1f e-flex e-con-boxed e-con e-parent\" data-id=\"918fd1f\" data-element_type=\"container\" data-e-type=\"container\" data-settings=\"{&quot;background_background&quot;:&quot;classic&quot;}\">\n\t\t\t\t\t<div class=\"e-con-inner\">\n\t\t\t\t<div class=\"elementor-element elementor-element-2d2201c elementor-widget elementor-widget-text-editor\" data-id=\"2d2201c\" data-element_type=\"widget\" data-e-type=\"widget\" data-widget_type=\"text-editor.default\">\n\t\t\t\t<div class=\"elementor-widget-container\">\n\t\t\t\t\t\t\t\t\t<h4>Displayglas anv\u00e4nds typiskt f\u00f6r att skydda elektronik, t.ex. f\u00f6r:<\/h4>\n<ul>\n<li>Orienteringssk\u00e4rmar, infost\u00e4ll, infosk\u00e4rmar<\/li>\n<li>Datorsk\u00e4rmar och surfplattor<\/li>\n<li>S\u00e4kerhetsmaskiner, t.ex. identifieringskameror f\u00f6r ansiktsigenk\u00e4nning eller handavtrycksskanning<\/li>\n<li>Industrimaskiner, t.ex. moderna sk\u00f6rdetr\u00f6skor som har skyddsglas framf\u00f6r sina kameror<\/li>\n<li>Navigationssk\u00e4rmar till navigationssystem p\u00e5 t.ex. b\u00e5tar och fartyg<\/li>\n<li>Diverse pekknappar.<\/li>\n<\/ul>\n\t\t\t\t\t\t\t\t<\/div>\n\t\t\t\t<\/div>\n\t\t\t\t\t<\/div>\n\t\t\t\t<\/div>\n\t\t\t\t<\/div>\n\t\t\t\t\t<\/div>\n\t\t\t\t<\/div>\n\t\t<div class=\"elementor-element elementor-element-18b2039 e-flex e-con-boxed e-con e-parent\" data-id=\"18b2039\" data-element_type=\"container\" data-e-type=\"container\">\n\t\t\t\t\t<div class=\"e-con-inner\">\n\t\t<div class=\"elementor-element elementor-element-1916e9f e-con-full e-flex e-con e-parent\" data-id=\"1916e9f\" data-element_type=\"container\" data-e-type=\"container\">\n\t\t\t\t<div class=\"elementor-element elementor-element-2ade6a5 elementor-widget elementor-widget-text-editor\" data-id=\"2ade6a5\" data-element_type=\"widget\" data-e-type=\"widget\" data-widget_type=\"text-editor.default\">\n\t\t\t\t<div class=\"elementor-widget-container\">\n\t\t\t\t\t\t\t\t\t<h3>M\u00e5nga bra egenskaper med displayglas<\/h3>\n<p><b>L\u00e4ngre h\u00e5llbarhet<br \/>\n<\/b>Displayglas h\u00e5ller mycket b\u00e4ttre \u00e4n plastl\u00f6sningar och anv\u00e4nds ofta ist\u00e4llet f\u00f6r plast som inte t\u00e5l kraftiga reng\u00f6ringsmedel, l\u00e4tt blir repade, inte t\u00e5l v\u00e4rme och blir \u201dsk\u00f6rt\u201d med tiden.<\/p>\n<p><b>Flexibelt och b\u00f6jligt<br \/>\n<\/b>Vanligt glas har en b\u00f6jstyrka p\u00e5 40 MPa. Termiskt h\u00e4rdat glas har en b\u00f6jstyrka p\u00e5 120 MPa. Med kemisk h\u00e4rdning kan vi komma upp p\u00e5 b\u00f6jstyrkor \u00f6ver 650 MPa. Se demonstration:<\/p>\n<p><b>Bra transmission och f\u00e4rg\u00e5tergivelse<br \/>\n<\/b>S\u00e4rskilda bearbetningsmetoder kan g\u00f6ra displayglaset mer eller mindre matt, ge det antireflexegenskaper och andra egenskaper man vill ha.<br \/>\nMirit Glas har b\u00e5de ytbehandlade (antireflex) och ytetsade (antiglare) r\u00e5varor p\u00e5 lager \u2013 b\u00e5da med h\u00f6g ljustransmission och exakt f\u00e4rg\u00e5tergivelse.<\/p>\n<p><b>Responsivitet<br \/>\n<\/b>Displayglaset reagerar effektivt vid tryck eller ber\u00f6ring.<\/p>\n<p><b>T\u00e5l h\u00f6ga temperaturer<br \/>\n<\/b>T\u00e5l upp till 250\u00b0 temperaturskillnader.<\/p>\n\t\t\t\t\t\t\t\t<\/div>\n\t\t\t\t<\/div>\n\t\t\t\t<\/div>\n\t\t<div class=\"elementor-element elementor-element-da15d60 e-con-full e-flex e-con e-parent\" data-id=\"da15d60\" data-element_type=\"container\" data-e-type=\"container\">\n\t\t\t\t<div class=\"elementor-element elementor-element-f7bd67b elementor-absolute elementor-widget elementor-widget-global elementor-global-634 elementor-widget-image\" data-id=\"f7bd67b\" data-element_type=\"widget\" data-e-type=\"widget\" data-settings=\"{&quot;_position&quot;:&quot;absolute&quot;}\" data-widget_type=\"image.default\">\n\t\t\t\t<div class=\"elementor-widget-container\">\n\t\t\t\t\t\t\t\t\t\t\t\t\t\t\t<img fetchpriority=\"high\" decoding=\"async\" width=\"230\" height=\"230\" src=\"https:\/\/miritglas.com\/wp-content\/uploads\/2023\/08\/logo-icon.png\" class=\"attachment-medium size-medium wp-image-169\" alt=\"Mirit glas logo.\" srcset=\"https:\/\/miritglas.com\/wp-content\/uploads\/2023\/08\/logo-icon.png 230w, https:\/\/miritglas.com\/wp-content\/uploads\/2023\/08\/logo-icon-150x150.png 150w\" sizes=\"(max-width: 230px) 100vw, 230px\" title=\"\">\t\t\t\t\t\t\t\t\t\t\t\t\t\t\t<\/div>\n\t\t\t\t<\/div>\n\t\t\t\t<div class=\"elementor-element elementor-element-60a60b8 elementor-widget elementor-widget-video\" data-id=\"60a60b8\" data-element_type=\"widget\" data-e-type=\"widget\" data-settings=\"{&quot;youtube_url&quot;:&quot;https:\\\/\\\/www.youtube.com\\\/watch?v=ML5daXPhmPQ&quot;,&quot;yt_privacy&quot;:&quot;yes&quot;,&quot;lazy_load&quot;:&quot;yes&quot;,&quot;show_image_overlay&quot;:&quot;yes&quot;,&quot;image_overlay&quot;:{&quot;url&quot;:&quot;https:\\\/\\\/miritglas.com\\\/wp-content\\\/uploads\\\/2023\\\/08\\\/ML5daXPhmPQ.jpeg&quot;,&quot;id&quot;:1834,&quot;size&quot;:&quot;&quot;,&quot;alt&quot;:&quot;&quot;,&quot;source&quot;:&quot;library&quot;},&quot;video_type&quot;:&quot;youtube&quot;,&quot;controls&quot;:&quot;yes&quot;}\" data-widget_type=\"video.default\">\n\t\t\t\t<div class=\"elementor-widget-container\">\n\t\t\t\t\t\t\t<div class=\"elementor-wrapper elementor-open-inline\">\n\t\t\t<div class=\"elementor-video\"><\/div>\t\t\t\t<div class=\"elementor-custom-embed-image-overlay\" style=\"background-image: url(https:\/\/miritglas.com\/wp-content\/uploads\/2023\/08\/ML5daXPhmPQ.jpeg);\">\n\t\t\t\t\t\t\t\t\t\t\t\t\t\t\t\t<div class=\"elementor-custom-embed-play\" role=\"button\" aria-label=\"Spela videoklipp\" tabindex=\"0\">\n\t\t\t\t\t\t\t<svg aria-hidden=\"true\" class=\"e-font-icon-svg e-eicon-play\" viewBox=\"0 0 1000 1000\" xmlns=\"http:\/\/www.w3.org\/2000\/svg\"><path d=\"M838 162C746 71 633 25 500 25 371 25 258 71 163 162 71 254 25 367 25 500 25 633 71 746 163 837 254 929 367 979 500 979 633 979 746 933 838 837 929 746 975 633 975 500 975 367 929 254 838 162M808 192C892 279 933 379 933 500 933 621 892 725 808 808 725 892 621 938 500 938 379 938 279 896 196 808 113 725 67 621 67 500 67 379 108 279 196 192 279 108 383 62 500 62 621 62 721 108 808 192M438 392V642L642 517 438 392Z\"><\/path><\/svg>\t\t\t\t\t\t<\/div>\n\t\t\t\t\t\t\t\t\t<\/div>\n\t\t\t\t\t<\/div>\n\t\t\t\t\t\t<\/div>\n\t\t\t\t<\/div>\n\t\t\t\t<\/div>\n\t\t\t\t\t<\/div>\n\t\t\t\t<\/div>\n\t\t\t\t<\/div>\n\t\t","protected":false},"featured_media":320,"template":"","class_list":["post-3042","product","type-product","status-publish","has-post-thumbnail","hentry"],"acf":[],"_links":{"self":[{"href":"https:\/\/miritglas.com\/sv\/wp-json\/wp\/v2\/product\/3042","targetHints":{"allow":["GET"]}}],"collection":[{"href":"https:\/\/miritglas.com\/sv\/wp-json\/wp\/v2\/product"}],"about":[{"href":"https:\/\/miritglas.com\/sv\/wp-json\/wp\/v2\/types\/product"}],"version-history":[{"count":3,"href":"https:\/\/miritglas.com\/sv\/wp-json\/wp\/v2\/product\/3042\/revisions"}],"predecessor-version":[{"id":5763,"href":"https:\/\/miritglas.com\/sv\/wp-json\/wp\/v2\/product\/3042\/revisions\/5763"}],"wp:featuredmedia":[{"embeddable":true,"href":"https:\/\/miritglas.com\/sv\/wp-json\/wp\/v2\/media\/320"}],"wp:attachment":[{"href":"https:\/\/miritglas.com\/sv\/wp-json\/wp\/v2\/media?parent=3042"}],"curies":[{"name":"wp","href":"https:\/\/api.w.org\/{rel}","templated":true}]}}