{"id":3038,"date":"2023-08-09T11:28:19","date_gmt":"2023-08-09T09:28:19","guid":{"rendered":"https:\/\/miritglas.com\/produkter\/bjoet-glas\/"},"modified":"2025-03-12T10:37:38","modified_gmt":"2025-03-12T09:37:38","slug":"bojt-glas","status":"publish","type":"product","link":"https:\/\/miritglas.com\/sv\/produkter\/bojt-glas\/","title":{"rendered":"B\u00f6jt glas"},"content":{"rendered":"\t\t<div data-elementor-type=\"wp-post\" data-elementor-id=\"3038\" class=\"elementor elementor-3038 elementor-285\" data-elementor-post-type=\"product\">\n\t\t\t\t<div class=\"elementor-element elementor-element-365f4f39 e-flex e-con-boxed e-con e-parent\" data-id=\"365f4f39\" data-element_type=\"container\" data-e-type=\"container\">\n\t\t\t\t\t<div class=\"e-con-inner\">\n\t\t<div class=\"elementor-element elementor-element-308e6673 e-con-full e-flex e-con e-child\" data-id=\"308e6673\" data-element_type=\"container\" data-e-type=\"container\">\n\t\t\t\t<div class=\"elementor-element elementor-element-1ae6b27d elementor-widget elementor-widget-text-editor\" data-id=\"1ae6b27d\" data-element_type=\"widget\" data-e-type=\"widget\" data-widget_type=\"text-editor.default\">\n\t\t\t\t<div class=\"elementor-widget-container\">\n\t\t\t\t\t\t\t\t\t<h2>Vid tillverkningen av b\u00f6jt och rundat glas, kr\u00e4vs det att b\u00e5de tekniken och utrustningen fungerar<\/h2>\n<p>F\u00f6r att kunna runda glas, m\u00e5ste det f\u00f6rst v\u00e4rmas upp till 600\u00b0C, \u00a0s\u00e5 att glaset blir tillr\u00e4ckligt mjukt. H\u00e4refter kan glaset dras till \u00f6nskad form genom tyngdkraft, eller formas med mekaniskt tryck.<\/p>\n<p>F\u00f6r att \u00f6ka styrkan p\u00e5 det rundade glas, kan man laminera ihop tv\u00e5 glasbitar och om h\u00e4rdat glas anv\u00e4ndas, kan man uppn\u00e5 den maximala styrka och s\u00e4kerhet. Rundat glas, rundat <a href=\"https:\/\/miritglas.com\/sv\/produkter\/hardat-glas\/\">h\u00e4rdat glas<\/a> och rundat <a href=\"https:\/\/miritglas.com\/se\/produkt\/saekerhetsglas\/\">h\u00e4rdat\/laminerat<\/a>\u00a0glas kan tillverkas i antingen ett glas eller i serieproduktion.<\/p>\n<p>Normalt anv\u00e4nds rundat h\u00e4rdat glas som sidorutor p\u00e5 bussar, rutor p\u00e5 lastbilar och p\u00e5 olika maskiner samt i byggnader med speciella f\u00f6nsterl\u00f6sningar, som t.ex glasdiskar.<\/p>\n<p>Vare sig det \u00e4r rundat glas, rundat h\u00e4rdat glas eller laminerat glas ni s\u00f6ker, kontakta Mirit Glas, s\u00e5 hitter vi den b\u00e4sta l\u00f6sningen till era behov.<\/p>\n<p class=\"p1\">V\u00e5re glasseksperter st\u00e5r klare til hjelpe deg med \u00e5 velge riktig materiale. Kontakt oss for mer informasjon om mulighetene med buet glass.<\/p>\n\t\t\t\t\t\t\t\t<\/div>\n\t\t\t\t<\/div>\n\t\t\t\t<div class=\"elementor-element elementor-element-18d66902 elementor-widget elementor-widget-button\" data-id=\"18d66902\" data-element_type=\"widget\" data-e-type=\"widget\" data-widget_type=\"button.default\">\n\t\t\t\t<div class=\"elementor-widget-container\">\n\t\t\t\t\t\t\t\t\t<div class=\"elementor-button-wrapper\">\n\t\t\t\t\t<a class=\"elementor-button elementor-button-link elementor-size-md\" href=\"https:\/\/miritglas.com\/sv\/kontakta-oss\/\">\n\t\t\t\t\t\t<span class=\"elementor-button-content-wrapper\">\n\t\t\t\t\t\t\t\t\t<span class=\"elementor-button-text\">Kontakta oss idag<\/span>\n\t\t\t\t\t<\/span>\n\t\t\t\t\t<\/a>\n\t\t\t\t<\/div>\n\t\t\t\t\t\t\t\t<\/div>\n\t\t\t\t<\/div>\n\t\t\t\t<\/div>\n\t\t<div class=\"elementor-element elementor-element-6f161be0 e-con-full e-flex e-con e-child\" data-id=\"6f161be0\" data-element_type=\"container\" data-e-type=\"container\">\n\t\t\t\t<div class=\"elementor-element elementor-element-7fb28d52 elementor-absolute elementor-widget elementor-widget-global elementor-global-634 elementor-widget-image\" data-id=\"7fb28d52\" data-element_type=\"widget\" data-e-type=\"widget\" data-settings=\"{&quot;_position&quot;:&quot;absolute&quot;}\" data-widget_type=\"image.default\">\n\t\t\t\t<div class=\"elementor-widget-container\">\n\t\t\t\t\t\t\t\t\t\t\t\t\t\t\t<img fetchpriority=\"high\" decoding=\"async\" width=\"230\" height=\"230\" src=\"https:\/\/miritglas.com\/wp-content\/uploads\/2023\/08\/logo-icon.png\" class=\"attachment-medium size-medium wp-image-169\" alt=\"Mirit glas logo.\" srcset=\"https:\/\/miritglas.com\/wp-content\/uploads\/2023\/08\/logo-icon.png 230w, https:\/\/miritglas.com\/wp-content\/uploads\/2023\/08\/logo-icon-150x150.png 150w\" sizes=\"(max-width: 230px) 100vw, 230px\" title=\"\">\t\t\t\t\t\t\t\t\t\t\t\t\t\t\t<\/div>\n\t\t\t\t<\/div>\n\t\t\t\t<div class=\"elementor-element elementor-element-52c2f830 elementor-widget elementor-widget-image\" data-id=\"52c2f830\" data-element_type=\"widget\" data-e-type=\"widget\" data-widget_type=\"image.default\">\n\t\t\t\t<div class=\"elementor-widget-container\">\n\t\t\t\t\t\t\t\t\t\t\t\t\t\t\t<img decoding=\"async\" width=\"800\" height=\"572\" src=\"https:\/\/miritglas.com\/wp-content\/uploads\/2023\/08\/buet-og-haerdet-glas.png\" class=\"attachment-large size-large wp-image-1814\" alt=\"bent glass and curved glass supplier, Mirit Glas\" srcset=\"https:\/\/miritglas.com\/wp-content\/uploads\/2023\/08\/buet-og-haerdet-glas.png 1000w, https:\/\/miritglas.com\/wp-content\/uploads\/2023\/08\/buet-og-haerdet-glas-300x215.png 300w, https:\/\/miritglas.com\/wp-content\/uploads\/2023\/08\/buet-og-haerdet-glas-768x549.png 768w\" sizes=\"(max-width: 800px) 100vw, 800px\" title=\"\">\t\t\t\t\t\t\t\t\t\t\t\t\t\t\t<\/div>\n\t\t\t\t<\/div>\n\t\t\t\t<\/div>\n\t\t\t\t\t<\/div>\n\t\t\t\t<\/div>\n\t\t<div class=\"elementor-element elementor-element-456568dd e-flex e-con-boxed e-con e-parent\" data-id=\"456568dd\" data-element_type=\"container\" data-e-type=\"container\" data-settings=\"{&quot;background_background&quot;:&quot;classic&quot;}\">\n\t\t\t\t\t<div class=\"e-con-inner\">\n\t\t<div class=\"elementor-element elementor-element-7055ba11 e-con-full e-flex e-con e-child\" data-id=\"7055ba11\" data-element_type=\"container\" data-e-type=\"container\">\n\t\t\t\t<div class=\"elementor-element elementor-element-27995a1d elementor-widget elementor-widget-text-editor\" data-id=\"27995a1d\" data-element_type=\"widget\" data-e-type=\"widget\" data-widget_type=\"text-editor.default\">\n\t\t\t\t<div class=\"elementor-widget-container\">\n\t\t\t\t\t\t\t\t\t<h2>Oavsett dina behov, hittar vi en l\u00f6sning<\/h2>\n<p>Vi levererar en bred palett av glasprodukter som tillverkas p\u00e5 best\u00e4llning. Samtidigt har vi ett av Danmarks mest v\u00e4lsorterade r\u00e5varulager.<\/p>\n<p>Vi beh\u00f6ver f\u00f6ljande m\u00e5tt f\u00f6r att kunna ber\u00e4kna glaset:<\/p>\n<ul>\n<li>L\u00e4ngd och glastjocklek<\/li>\n<li>Antingen m\u00e5tt Korda och Radie, Korda och Pilh\u00f6jd eller m\u00e5tt Radie och Vinkel i grader.<\/li>\n<\/ul>\n\t\t\t\t\t\t\t\t<\/div>\n\t\t\t\t<\/div>\n\t\t\t\t<div class=\"elementor-element elementor-element-1132629f elementor-widget elementor-widget-button\" data-id=\"1132629f\" data-element_type=\"widget\" data-e-type=\"widget\" data-widget_type=\"button.default\">\n\t\t\t\t<div class=\"elementor-widget-container\">\n\t\t\t\t\t\t\t\t\t<div class=\"elementor-button-wrapper\">\n\t\t\t\t\t<a class=\"elementor-button elementor-button-link elementor-size-md\" href=\"https:\/\/miritglas.com\/sv\/kontakta-oss\/\">\n\t\t\t\t\t\t<span class=\"elementor-button-content-wrapper\">\n\t\t\t\t\t\t\t\t\t<span class=\"elementor-button-text\">Kontakta oss idag<\/span>\n\t\t\t\t\t<\/span>\n\t\t\t\t\t<\/a>\n\t\t\t\t<\/div>\n\t\t\t\t\t\t\t\t<\/div>\n\t\t\t\t<\/div>\n\t\t\t\t<\/div>\n\t\t<div class=\"elementor-element elementor-element-1fb2f1ca e-con-full e-flex e-con e-child\" data-id=\"1fb2f1ca\" data-element_type=\"container\" data-e-type=\"container\">\n\t\t<div class=\"elementor-element elementor-element-78fcaefd e-flex e-con-boxed e-con e-child\" data-id=\"78fcaefd\" data-element_type=\"container\" data-e-type=\"container\" data-settings=\"{&quot;background_background&quot;:&quot;classic&quot;}\">\n\t\t\t\t\t<div class=\"e-con-inner\">\n\t\t\t\t<div class=\"elementor-element elementor-element-9b8e178 elementor-widget elementor-widget-image\" data-id=\"9b8e178\" data-element_type=\"widget\" data-e-type=\"widget\" data-widget_type=\"image.default\">\n\t\t\t\t<div class=\"elementor-widget-container\">\n\t\t\t\t\t\t\t\t\t\t\t\t\t\t\t<img decoding=\"async\" width=\"480\" height=\"484\" src=\"https:\/\/miritglas.com\/wp-content\/uploads\/2023\/08\/Buet-glas-svensk.jpg\" class=\"attachment-large size-large wp-image-5487\" alt=\"\" srcset=\"https:\/\/miritglas.com\/wp-content\/uploads\/2023\/08\/Buet-glas-svensk.jpg 480w, https:\/\/miritglas.com\/wp-content\/uploads\/2023\/08\/Buet-glas-svensk-298x300.jpg 298w, https:\/\/miritglas.com\/wp-content\/uploads\/2023\/08\/Buet-glas-svensk-150x150.jpg 150w\" sizes=\"(max-width: 480px) 100vw, 480px\" title=\"\">\t\t\t\t\t\t\t\t\t\t\t\t\t\t\t<\/div>\n\t\t\t\t<\/div>\n\t\t\t\t\t<\/div>\n\t\t\t\t<\/div>\n\t\t\t\t<\/div>\n\t\t\t\t\t<\/div>\n\t\t\t\t<\/div>\n\t\t\t\t<\/div>\n\t\t","protected":false},"featured_media":1814,"template":"","class_list":["post-3038","product","type-product","status-publish","has-post-thumbnail","hentry"],"acf":[],"_links":{"self":[{"href":"https:\/\/miritglas.com\/sv\/wp-json\/wp\/v2\/product\/3038","targetHints":{"allow":["GET"]}}],"collection":[{"href":"https:\/\/miritglas.com\/sv\/wp-json\/wp\/v2\/product"}],"about":[{"href":"https:\/\/miritglas.com\/sv\/wp-json\/wp\/v2\/types\/product"}],"version-history":[{"count":9,"href":"https:\/\/miritglas.com\/sv\/wp-json\/wp\/v2\/product\/3038\/revisions"}],"predecessor-version":[{"id":5493,"href":"https:\/\/miritglas.com\/sv\/wp-json\/wp\/v2\/product\/3038\/revisions\/5493"}],"wp:featuredmedia":[{"embeddable":true,"href":"https:\/\/miritglas.com\/sv\/wp-json\/wp\/v2\/media\/1814"}],"wp:attachment":[{"href":"https:\/\/miritglas.com\/sv\/wp-json\/wp\/v2\/media?parent=3038"}],"curies":[{"name":"wp","href":"https:\/\/api.w.org\/{rel}","templated":true}]}}