{"id":3030,"date":"2023-08-09T11:27:54","date_gmt":"2023-08-09T09:27:54","guid":{"rendered":"https:\/\/miritglas.com\/produkter\/blyglas-foer-industriellt-och-medicinskt-bruk\/"},"modified":"2023-09-19T17:59:40","modified_gmt":"2023-09-19T15:59:40","slug":"blyglas","status":"publish","type":"product","link":"https:\/\/miritglas.com\/sv\/produkter\/blyglas\/","title":{"rendered":"Blyglas til industriel og medicinsk brug"},"content":{"rendered":"\t\t<div data-elementor-type=\"wp-post\" data-elementor-id=\"3030\" class=\"elementor elementor-3030 elementor-283\" data-elementor-post-type=\"product\">\n\t\t\t\t<div class=\"elementor-element elementor-element-358fe3aa e-flex e-con-boxed e-con e-parent\" data-id=\"358fe3aa\" data-element_type=\"container\" data-e-type=\"container\">\n\t\t\t\t\t<div class=\"e-con-inner\">\n\t\t<div class=\"elementor-element elementor-element-766cb6 e-con-full e-flex e-con e-parent\" data-id=\"766cb6\" data-element_type=\"container\" data-e-type=\"container\">\n\t\t\t\t<div class=\"elementor-element elementor-element-f408323 elementor-widget elementor-widget-text-editor\" data-id=\"f408323\" data-element_type=\"widget\" data-e-type=\"widget\" data-widget_type=\"text-editor.default\">\n\t\t\t\t<div class=\"elementor-widget-container\">\n\t\t\t\t\t\t\t\t\t<h2>Materialet som stoppar radioaktiv str\u00e5lning<\/h2>\n<p>Blyglas \u00e4r s\u00e4rskilt anv\u00e4ndbart, n\u00e4r man beh\u00f6ver f\u00f6lja processer, d\u00e4r det arbetas med radioaktiv str\u00e5lning.<\/p>\n<p>Som utg\u00e5ngspunkt levererar vi blyglas med tjocklek upp till 11-13 mm, med en blyekvivalens p\u00e5 3,5 mm vid en r\u00f6ntgensp\u00e4nning p\u00e5 150 kV.<br \/>\nDet \u00e4r m\u00f6jligt att skaffa tjockare blyglas om det beh\u00f6vs, men d\u00e5 f\u00e5r man r\u00e4kna med l\u00e4ngre leveranstid.<\/p>\n<p>Blyglas kan sk\u00e4ras efter m\u00e5tt med olika h\u00e5l och former. Blyglas kan inte h\u00e4rdas \u2013 varken kemiskt eller termiskt. Men det \u00e4r d\u00e4remot m\u00f6jligt att laminera ihop blyglas och d\u00e4rmed g\u00f6ra det till\u00a0<a href=\"https:\/\/miritglas.com\/sv\/produkter\/sikkerhedsglas\/\">s\u00e4kerhetsglas<\/a>.<\/p>\n\t\t\t\t\t\t\t\t<\/div>\n\t\t\t\t<\/div>\n\t\t\t\t<div class=\"elementor-element elementor-element-6f672d7c elementor-widget elementor-widget-button\" data-id=\"6f672d7c\" data-element_type=\"widget\" data-e-type=\"widget\" data-widget_type=\"button.default\">\n\t\t\t\t<div class=\"elementor-widget-container\">\n\t\t\t\t\t\t\t\t\t<div class=\"elementor-button-wrapper\">\n\t\t\t\t\t<a class=\"elementor-button elementor-button-link elementor-size-md\" href=\"https:\/\/miritglas.com\/sv\/kontakta-oss\/\">\n\t\t\t\t\t\t<span class=\"elementor-button-content-wrapper\">\n\t\t\t\t\t\t\t\t\t<span class=\"elementor-button-text\">Kontakta oss idag<\/span>\n\t\t\t\t\t<\/span>\n\t\t\t\t\t<\/a>\n\t\t\t\t<\/div>\n\t\t\t\t\t\t\t\t<\/div>\n\t\t\t\t<\/div>\n\t\t\t\t<\/div>\n\t\t<div class=\"elementor-element elementor-element-65efb9e1 e-con-full e-flex e-con e-parent\" data-id=\"65efb9e1\" data-element_type=\"container\" data-e-type=\"container\">\n\t\t\t\t<div class=\"elementor-element elementor-element-5764eb53 elementor-absolute elementor-widget elementor-widget-global elementor-global-634 elementor-widget-image\" data-id=\"5764eb53\" data-element_type=\"widget\" data-e-type=\"widget\" data-settings=\"{&quot;_position&quot;:&quot;absolute&quot;}\" data-widget_type=\"image.default\">\n\t\t\t\t<div class=\"elementor-widget-container\">\n\t\t\t\t\t\t\t\t\t\t\t\t\t\t\t<img fetchpriority=\"high\" decoding=\"async\" width=\"230\" height=\"230\" src=\"https:\/\/miritglas.com\/wp-content\/uploads\/2023\/08\/logo-icon.png\" class=\"attachment-medium size-medium wp-image-169\" alt=\"Mirit glas logo.\" srcset=\"https:\/\/miritglas.com\/wp-content\/uploads\/2023\/08\/logo-icon.png 230w, https:\/\/miritglas.com\/wp-content\/uploads\/2023\/08\/logo-icon-150x150.png 150w\" sizes=\"(max-width: 230px) 100vw, 230px\" title=\"\">\t\t\t\t\t\t\t\t\t\t\t\t\t\t\t<\/div>\n\t\t\t\t<\/div>\n\t\t<div class=\"elementor-element elementor-element-e64d233 e-flex e-con-boxed e-con e-parent\" data-id=\"e64d233\" data-element_type=\"container\" data-e-type=\"container\" data-settings=\"{&quot;background_background&quot;:&quot;classic&quot;}\">\n\t\t\t\t\t<div class=\"e-con-inner\">\n\t\t\t\t<div class=\"elementor-element elementor-element-bfccf7a elementor-widget elementor-widget-text-editor\" data-id=\"bfccf7a\" data-element_type=\"widget\" data-e-type=\"widget\" data-widget_type=\"text-editor.default\">\n\t\t\t\t<div class=\"elementor-widget-container\">\n\t\t\t\t\t\t\t\t\t<h4>KORTFATTAT<\/h4>\n<ul>\n<li class=\"li1\"><span class=\"s2\">Skyddar mot radioaktiva str\u00e5lar<\/span><\/li>\n<li class=\"li1\"><span class=\"s2\">Svagt gulaktig f\u00e4rgnyans (beroende p\u00e5 glasets tjocklek)<\/span><\/li>\n<li class=\"li1\"><span class=\"s2\">Kan sk\u00e4ras till efter m\u00e5tt<\/span><\/li>\n<li class=\"li1\"><span class=\"s2\">Kan anv\u00e4ndas som s\u00e4kerhetsglas med hj\u00e4lp av laminering<\/span><\/li>\n<li class=\"li2\"><span class=\"s2\">Snabb leverans av tjocklekar upp till 13 mm<\/span><\/li>\n<\/ul>\n\t\t\t\t\t\t\t\t<\/div>\n\t\t\t\t<\/div>\n\t\t\t\t\t<\/div>\n\t\t\t\t<\/div>\n\t\t\t\t<\/div>\n\t\t\t\t\t<\/div>\n\t\t\t\t<\/div>\n\t\t<div class=\"elementor-element elementor-element-738feb7 e-flex e-con-boxed e-con e-parent\" data-id=\"738feb7\" data-element_type=\"container\" data-e-type=\"container\" data-settings=\"{&quot;background_background&quot;:&quot;classic&quot;}\">\n\t\t\t\t\t<div class=\"e-con-inner\">\n\t\t<div class=\"elementor-element elementor-element-c872010 e-con-full e-flex e-con e-parent\" data-id=\"c872010\" data-element_type=\"container\" data-e-type=\"container\">\n\t\t\t\t<div class=\"elementor-element elementor-element-a08e9a3 elementor-widget elementor-widget-text-editor\" data-id=\"a08e9a3\" data-element_type=\"widget\" data-e-type=\"widget\" data-widget_type=\"text-editor.default\">\n\t\t\t\t<div class=\"elementor-widget-container\">\n\t\t\t\t\t\t\t\t\t<h3>Glasets egenskaper<\/h3>\n<p>Blyglas skyddar mot radioaktiva str\u00e5lar og beroende p\u00e5 r\u00e5glasets tjocklek, kan man uppn\u00e5 olika skyddsniv\u00e5er.<\/p>\n<p>Blyglas inneh\u00e5ller ca 48 % bly. Glaset \u00e4r genomskinligt, men har en svagt gulaktig ton, som \u00f6kas med glasets tjocklek. Detta betyder att ju tjockare blyglas \u00e4r, desto mindre genomskinlighet \u00e4r det.<\/p>\n<p>Glas\u00e4mnet som skyddar mot str\u00e5lning kallas \u201dblyekvivalens\u201d och h\u00e4nvisar till en blyplattas tjocklek med motsvarande skydd. Ju h\u00f6gre blyekvivalens desto, mer skydd. Blyekvivalensen p\u00e5verkas av r\u00f6ntgenstr\u00e5larnas sp\u00e4nning, s\u00e5 det kan vara n\u00f6dv\u00e4ndigt att \u00f6ka glasets tjocklek f\u00f6r att uppn\u00e5 \u00f6nskat skydd.<\/p>\n<p>Ett blyglas med en tjocklek p\u00e5 7-8,5 mm, har till exempel har en blyekvivalens p\u00e5 2,1 mm vid en r\u00f6ntgensp\u00e4nning p\u00e5 150 kV. \u00d6kas sp\u00e4nningen, faller blyekvivalensen.<\/p>\n\t\t\t\t\t\t\t\t<\/div>\n\t\t\t\t<\/div>\n\t\t\t\t<\/div>\n\t\t\t\t\t<\/div>\n\t\t\t\t<\/div>\n\t\t<div class=\"elementor-element elementor-element-04c9ab3 e-flex e-con-boxed e-con e-parent\" data-id=\"04c9ab3\" data-element_type=\"container\" data-e-type=\"container\">\n\t\t\t\t\t<div class=\"e-con-inner\">\n\t\t<div class=\"elementor-element elementor-element-4419495 e-con-full e-flex e-con e-parent\" data-id=\"4419495\" data-element_type=\"container\" data-e-type=\"container\">\n\t\t\t\t<div class=\"elementor-element elementor-element-6de2165 elementor-widget elementor-widget-text-editor\" data-id=\"6de2165\" data-element_type=\"widget\" data-e-type=\"widget\" data-widget_type=\"text-editor.default\">\n\t\t\t\t<div class=\"elementor-widget-container\">\n\t\t\t\t\t\t\t\t\t<h3>Det \u00e4r d\u00e4rf\u00f6r blyglas \u00e4r ett viktigt material<\/h3>\n<p>\u00c4ven om str\u00e5lning anv\u00e4nds f\u00f6r att diagnostisera och behandla olika typer av sjukdomar, \u00e4r kontinuerlig exponering f\u00f6r r\u00f6ntgenstr\u00e5lar inte ofarlig f\u00f6r m\u00e4nniskor. F\u00f6r vanliga patienter som bara uts\u00e4tts f\u00f6r denna typ av str\u00e5lning \u00e4r problemet inte s\u00e5 stort de f\u00e5 g\u00e5nger de kan r\u00f6ntgas i livet. Men f\u00f6r en r\u00f6ntgenfotograf eller en forskare som arbetar med str\u00e5lning i sitt dagliga arbete \u00e4r det f\u00f6rst\u00e5s mycket st\u00f6rre risk f\u00f6r best\u00e5ende skador p\u00e5 v\u00e4vnaden. Det \u00e4r d\u00e4rf\u00f6r viktigt att dessa personer \u00e4r ordentligt skyddade med blyglas och andra tekniska \u00e5tg\u00e4rder.<\/p>\n<p>S\u00e4rskilt \u00f6gonen, som \u00e4r bland de mest utsatta organen p\u00e5 kroppen, \u00e4r viktiga att skydda. Och \u00e4ven om str\u00e5lningen inte omedelbart kan k\u00e4nnas p\u00e5 n\u00e5got s\u00e4tt, betyder det inte att vissa ol\u00e4mpliga saker inte h\u00e4nder med kroppen. Str\u00e5lningen som uppst\u00e5r via r\u00f6ntgenfotografering \u00e4r tillr\u00e4ckligt stark f\u00f6r att p\u00e5verka atomernas stabilitet. Och det \u00e4r d\u00e4rf\u00f6r det \u00e4r just viktigt att skydda sig mot p\u00e5verkan av str\u00e5lar genom vissa glasrutor av blyhaltigt glas och\/eller speciella typer av glas\u00f6gon, \u00e4ven om man naturligt f\u00f6rs\u00f6ker minska spridningen av str\u00e5lning i den h\u00e4r typen av processer.<\/p>\n\t\t\t\t\t\t\t\t<\/div>\n\t\t\t\t<\/div>\n\t\t\t\t<div class=\"elementor-element elementor-element-d7cccbf elementor-widget elementor-widget-button\" data-id=\"d7cccbf\" data-element_type=\"widget\" data-e-type=\"widget\" data-widget_type=\"button.default\">\n\t\t\t\t<div class=\"elementor-widget-container\">\n\t\t\t\t\t\t\t\t\t<div class=\"elementor-button-wrapper\">\n\t\t\t\t\t<a class=\"elementor-button elementor-button-link elementor-size-md\" href=\"https:\/\/miritglas.com\/sv\/kontakta-oss\/\">\n\t\t\t\t\t\t<span class=\"elementor-button-content-wrapper\">\n\t\t\t\t\t\t\t\t\t<span class=\"elementor-button-text\">Kontakta oss idag<\/span>\n\t\t\t\t\t<\/span>\n\t\t\t\t\t<\/a>\n\t\t\t\t<\/div>\n\t\t\t\t\t\t\t\t<\/div>\n\t\t\t\t<\/div>\n\t\t\t\t<\/div>\n\t\t<div class=\"elementor-element elementor-element-fcc42c8 e-con-full e-flex e-con e-parent\" data-id=\"fcc42c8\" data-element_type=\"container\" data-e-type=\"container\">\n\t\t\t\t<div class=\"elementor-element elementor-element-d06ae9f elementor-absolute elementor-widget elementor-widget-global elementor-global-634 elementor-widget-image\" data-id=\"d06ae9f\" data-element_type=\"widget\" data-e-type=\"widget\" data-settings=\"{&quot;_position&quot;:&quot;absolute&quot;}\" data-widget_type=\"image.default\">\n\t\t\t\t<div class=\"elementor-widget-container\">\n\t\t\t\t\t\t\t\t\t\t\t\t\t\t\t<img fetchpriority=\"high\" decoding=\"async\" width=\"230\" height=\"230\" src=\"https:\/\/miritglas.com\/wp-content\/uploads\/2023\/08\/logo-icon.png\" class=\"attachment-medium size-medium wp-image-169\" alt=\"Mirit glas logo.\" srcset=\"https:\/\/miritglas.com\/wp-content\/uploads\/2023\/08\/logo-icon.png 230w, https:\/\/miritglas.com\/wp-content\/uploads\/2023\/08\/logo-icon-150x150.png 150w\" sizes=\"(max-width: 230px) 100vw, 230px\" title=\"\">\t\t\t\t\t\t\t\t\t\t\t\t\t\t\t<\/div>\n\t\t\t\t<\/div>\n\t\t<div class=\"elementor-element elementor-element-a915ff0 e-flex e-con-boxed e-con e-parent\" data-id=\"a915ff0\" data-element_type=\"container\" data-e-type=\"container\" data-settings=\"{&quot;background_background&quot;:&quot;classic&quot;}\">\n\t\t\t\t\t<div class=\"e-con-inner\">\n\t\t\t\t<div class=\"elementor-element elementor-element-262cf8b elementor-widget elementor-widget-text-editor\" data-id=\"262cf8b\" data-element_type=\"widget\" data-e-type=\"widget\" data-widget_type=\"text-editor.default\">\n\t\t\t\t<div class=\"elementor-widget-container\">\n\t\t\t\t\t\t\t\t\t<h4>Blyekvivalens \u00e4r f\u00f6rm\u00e5gan att skydda m\u00e4nniskor fr\u00e5n skadlig str\u00e5lning<\/h4>\n<p>Blyglas inneh\u00e5ller ca. 48% bly. Glaset \u00e4r genomskinligt, men har en svagt gulaktig ton som \u00f6kar med glasets tjocklek. Ju tjockare glas, desto mindre genomskinlighet \u00e4r det i glaset.<\/p>\n<p>Glasets f\u00f6rm\u00e5ga att skydda mot str\u00e5lning kallas blyekvivalens och avser tjockleken p\u00e5 en blyplatta med motsvarande skydd. Ju h\u00f6gre blyekvivalens, desto mer skydd ger glaset. Blyekvivalensen p\u00e5verkas av r\u00f6ntgenstr\u00e5lningens sp\u00e4nning, s\u00e5 det kan vara n\u00f6dv\u00e4ndigt att \u00f6ka tjockleken p\u00e5 glaset f\u00f6r att uppn\u00e5 \u00f6nskat skydd.<\/p>\n<p>Till exempel kommer ett blyglas med en tjocklek p\u00e5 7-8,5 mm att ha en blyekvivalens p\u00e5 2,1 mm vid en r\u00f6ntgensp\u00e4nning p\u00e5 150k V. \u00d6kas sp\u00e4nningen minskar blyekvivalensen.<\/p>\n\t\t\t\t\t\t\t\t<\/div>\n\t\t\t\t<\/div>\n\t\t\t\t\t<\/div>\n\t\t\t\t<\/div>\n\t\t\t\t<\/div>\n\t\t\t\t\t<\/div>\n\t\t\t\t<\/div>\n\t\t\t\t<\/div>\n\t\t","protected":false},"featured_media":0,"template":"","class_list":["post-3030","product","type-product","status-publish","hentry"],"acf":[],"_links":{"self":[{"href":"https:\/\/miritglas.com\/sv\/wp-json\/wp\/v2\/product\/3030","targetHints":{"allow":["GET"]}}],"collection":[{"href":"https:\/\/miritglas.com\/sv\/wp-json\/wp\/v2\/product"}],"about":[{"href":"https:\/\/miritglas.com\/sv\/wp-json\/wp\/v2\/types\/product"}],"version-history":[{"count":3,"href":"https:\/\/miritglas.com\/sv\/wp-json\/wp\/v2\/product\/3030\/revisions"}],"predecessor-version":[{"id":3465,"href":"https:\/\/miritglas.com\/sv\/wp-json\/wp\/v2\/product\/3030\/revisions\/3465"}],"wp:attachment":[{"href":"https:\/\/miritglas.com\/sv\/wp-json\/wp\/v2\/media?parent=3030"}],"curies":[{"name":"wp","href":"https:\/\/api.w.org\/{rel}","templated":true}]}}