{"id":3026,"date":"2023-08-09T11:27:45","date_gmt":"2023-08-09T09:27:45","guid":{"rendered":"https:\/\/miritglas.com\/produkter\/skyddglas-for-lasersvetsning\/"},"modified":"2023-09-19T17:59:40","modified_gmt":"2023-09-19T15:59:40","slug":"skyddsglas","status":"publish","type":"product","link":"https:\/\/miritglas.com\/sv\/produkter\/skyddsglas\/","title":{"rendered":"Skyddsglas for lasersvetsning"},"content":{"rendered":"\t\t<div data-elementor-type=\"wp-post\" data-elementor-id=\"3026\" class=\"elementor elementor-3026 elementor-282\" data-elementor-post-type=\"product\">\n\t\t\t\t<div class=\"elementor-element elementor-element-2c362744 e-flex e-con-boxed e-con e-parent\" data-id=\"2c362744\" data-element_type=\"container\" data-e-type=\"container\">\n\t\t\t\t\t<div class=\"e-con-inner\">\n\t\t<div class=\"elementor-element elementor-element-5e15fee6 e-con-full e-flex e-con e-parent\" data-id=\"5e15fee6\" data-element_type=\"container\" data-e-type=\"container\">\n\t\t\t\t<div class=\"elementor-element elementor-element-5c07262d elementor-widget elementor-widget-text-editor\" data-id=\"5c07262d\" data-element_type=\"widget\" data-e-type=\"widget\" data-widget_type=\"text-editor.default\">\n\t\t\t\t<div class=\"elementor-widget-container\">\n\t\t\t\t\t\t\t\t\t<h2>Skyddsglas for lasersvetsning<\/h2>\n<p>Skyddsglas \u2013 Filter Glas f\u00f6r linsen genom lasersvetsning<\/p>\n<p>Mirit Glas tillverkar skyddsglas i individuella storlekar f\u00f6r lasersvetsning. V\u00e5ra filterglas f\u00f6r lasersvetsning \u00e4r optimerade till 1 064 nm och t\u00e5l en effekt upp till 900 watt.<\/p>\n<p>Kontakta oss s\u00e5 tillverkar vi era skyddsglas f\u00f6r lasersvetsning<\/p>\n\t\t\t\t\t\t\t\t<\/div>\n\t\t\t\t<\/div>\n\t\t\t\t<div class=\"elementor-element elementor-element-2c8607b elementor-widget elementor-widget-button\" data-id=\"2c8607b\" data-element_type=\"widget\" data-e-type=\"widget\" data-widget_type=\"button.default\">\n\t\t\t\t<div class=\"elementor-widget-container\">\n\t\t\t\t\t\t\t\t\t<div class=\"elementor-button-wrapper\">\n\t\t\t\t\t<a class=\"elementor-button elementor-button-link elementor-size-md\" href=\"https:\/\/miritglas.com\/sv\/kontakta-oss\/\">\n\t\t\t\t\t\t<span class=\"elementor-button-content-wrapper\">\n\t\t\t\t\t\t\t\t\t<span class=\"elementor-button-text\">Kontakta oss idag<\/span>\n\t\t\t\t\t<\/span>\n\t\t\t\t\t<\/a>\n\t\t\t\t<\/div>\n\t\t\t\t\t\t\t\t<\/div>\n\t\t\t\t<\/div>\n\t\t\t\t<\/div>\n\t\t<div class=\"elementor-element elementor-element-46c5a2ef e-con-full e-flex e-con e-parent\" data-id=\"46c5a2ef\" data-element_type=\"container\" data-e-type=\"container\">\n\t\t\t\t<div class=\"elementor-element elementor-element-367eecd2 elementor-absolute elementor-widget elementor-widget-image\" data-id=\"367eecd2\" data-element_type=\"widget\" data-e-type=\"widget\" data-settings=\"{&quot;_position&quot;:&quot;absolute&quot;}\" data-widget_type=\"image.default\">\n\t\t\t\t<div class=\"elementor-widget-container\">\n\t\t\t\t\t\t\t\t\t\t\t\t\t\t\t<img fetchpriority=\"high\" decoding=\"async\" width=\"230\" height=\"230\" src=\"https:\/\/miritglas.com\/wp-content\/uploads\/2023\/08\/logo-icon.png\" class=\"attachment-medium size-medium wp-image-169\" alt=\"Mirit glas logo.\" srcset=\"https:\/\/miritglas.com\/wp-content\/uploads\/2023\/08\/logo-icon.png 230w, https:\/\/miritglas.com\/wp-content\/uploads\/2023\/08\/logo-icon-150x150.png 150w\" sizes=\"(max-width: 230px) 100vw, 230px\" title=\"\">\t\t\t\t\t\t\t\t\t\t\t\t\t\t\t<\/div>\n\t\t\t\t<\/div>\n\t\t\t\t<div class=\"elementor-element elementor-element-7b2fa90 elementor-widget elementor-widget-video\" data-id=\"7b2fa90\" data-element_type=\"widget\" data-e-type=\"widget\" data-settings=\"{&quot;youtube_url&quot;:&quot;https:\\\/\\\/www.youtube.com\\\/watch?v=yiulr69YeH4&quot;,&quot;show_image_overlay&quot;:&quot;yes&quot;,&quot;image_overlay&quot;:{&quot;url&quot;:&quot;https:\\\/\\\/miritglas.com\\\/wp-content\\\/uploads\\\/2023\\\/08\\\/yiulr69YeH4.png&quot;,&quot;id&quot;:1768,&quot;size&quot;:&quot;&quot;,&quot;alt&quot;:&quot;&quot;,&quot;source&quot;:&quot;library&quot;},&quot;video_type&quot;:&quot;youtube&quot;,&quot;controls&quot;:&quot;yes&quot;}\" data-widget_type=\"video.default\">\n\t\t\t\t<div class=\"elementor-widget-container\">\n\t\t\t\t\t\t\t<div class=\"elementor-wrapper elementor-open-inline\">\n\t\t\t<div class=\"elementor-video\"><\/div>\t\t\t\t<div class=\"elementor-custom-embed-image-overlay\" style=\"background-image: url(https:\/\/miritglas.com\/wp-content\/uploads\/2023\/08\/yiulr69YeH4.png);\">\n\t\t\t\t\t\t\t\t\t\t\t\t\t\t\t\t<div class=\"elementor-custom-embed-play\" role=\"button\" aria-label=\"Spela videoklipp\" tabindex=\"0\">\n\t\t\t\t\t\t\t<svg aria-hidden=\"true\" class=\"e-font-icon-svg e-eicon-play\" viewBox=\"0 0 1000 1000\" xmlns=\"http:\/\/www.w3.org\/2000\/svg\"><path d=\"M838 162C746 71 633 25 500 25 371 25 258 71 163 162 71 254 25 367 25 500 25 633 71 746 163 837 254 929 367 979 500 979 633 979 746 933 838 837 929 746 975 633 975 500 975 367 929 254 838 162M808 192C892 279 933 379 933 500 933 621 892 725 808 808 725 892 621 938 500 938 379 938 279 896 196 808 113 725 67 621 67 500 67 379 108 279 196 192 279 108 383 62 500 62 621 62 721 108 808 192M438 392V642L642 517 438 392Z\"><\/path><\/svg>\t\t\t\t\t\t<\/div>\n\t\t\t\t\t\t\t\t\t<\/div>\n\t\t\t\t\t<\/div>\n\t\t\t\t\t\t<\/div>\n\t\t\t\t<\/div>\n\t\t\t\t<\/div>\n\t\t\t\t\t<\/div>\n\t\t\t\t<\/div>\n\t\t<div class=\"elementor-element elementor-element-452000b e-flex e-con-boxed e-con e-parent\" data-id=\"452000b\" data-element_type=\"container\" data-e-type=\"container\" data-settings=\"{&quot;background_background&quot;:&quot;classic&quot;}\">\n\t\t\t\t\t<div class=\"e-con-inner\">\n\t\t<div class=\"elementor-element elementor-element-718951e e-con-full e-flex e-con e-parent\" data-id=\"718951e\" data-element_type=\"container\" data-e-type=\"container\">\n\t\t\t\t<div class=\"elementor-element elementor-element-49f87cf elementor-widget elementor-widget-text-editor\" data-id=\"49f87cf\" data-element_type=\"widget\" data-e-type=\"widget\" data-widget_type=\"text-editor.default\">\n\t\t\t\t<div class=\"elementor-widget-container\">\n\t\t\t\t\t\t\t\t\t<h3>Glasets\u00a0egenskaper<\/span><\/h3>\n<p>Glaset, som skyddar linsen fr\u00e5n lasern, blir smutsigt efter en tid och g\u00f6r att mindre laserljus tr\u00e4nger igenom. Man kan tv\u00e4ttas bort en del av smutsen, men inte allt. Svetsloppor kan t.ex. br\u00e4nna fast i glaset och d\u00e5 dette med tiden minskar laserns effekt, b\u00f6r glaset som skyddar linsen bytas regelbundet.<\/p>\n<p>F\u00f6ljande bild visar ett skyddsglas f\u00f6r lasersvetsning.\u00a0Glaset kommer att ha en svag f\u00e4rgreflektion fr\u00e5n bel\u00e4ggningen som l\u00e4ggs p\u00e5 glaset f\u00f6r att optimera \u00f6verf\u00f6ringen av laserljus vid 1 064 nm.<\/p>\n\t\t\t\t\t\t\t\t<\/div>\n\t\t\t\t<\/div>\n\t\t\t\t<\/div>\n\t\t<div class=\"elementor-element elementor-element-0af9271 e-con-full e-flex e-con e-parent\" data-id=\"0af9271\" data-element_type=\"container\" data-e-type=\"container\">\n\t\t\t\t<div class=\"elementor-element elementor-element-99891c3 elementor-widget elementor-widget-image\" data-id=\"99891c3\" data-element_type=\"widget\" data-e-type=\"widget\" data-widget_type=\"image.default\">\n\t\t\t\t<div class=\"elementor-widget-container\">\n\t\t\t\t\t\t\t\t\t\t\t\t\t\t\t<img decoding=\"async\" width=\"800\" height=\"600\" src=\"https:\/\/miritglas.com\/wp-content\/uploads\/2023\/08\/beskyttelsesglas-til-lasersvejsning.jpeg\" class=\"attachment-large size-large wp-image-1779\" alt=\"Beskyttelsesglas til lasersvejsning\" srcset=\"https:\/\/miritglas.com\/wp-content\/uploads\/2023\/08\/beskyttelsesglas-til-lasersvejsning.jpeg 1024w, https:\/\/miritglas.com\/wp-content\/uploads\/2023\/08\/beskyttelsesglas-til-lasersvejsning-300x225.jpeg 300w, https:\/\/miritglas.com\/wp-content\/uploads\/2023\/08\/beskyttelsesglas-til-lasersvejsning-768x576.jpeg 768w\" sizes=\"(max-width: 800px) 100vw, 800px\" title=\"\">\t\t\t\t\t\t\t\t\t\t\t\t\t\t\t<\/div>\n\t\t\t\t<\/div>\n\t\t\t\t<\/div>\n\t\t\t\t\t<\/div>\n\t\t\t\t<\/div>\n\t\t\t\t<\/div>\n\t\t","protected":false},"featured_media":1779,"template":"","class_list":["post-3026","product","type-product","status-publish","has-post-thumbnail","hentry"],"acf":[],"_links":{"self":[{"href":"https:\/\/miritglas.com\/sv\/wp-json\/wp\/v2\/product\/3026","targetHints":{"allow":["GET"]}}],"collection":[{"href":"https:\/\/miritglas.com\/sv\/wp-json\/wp\/v2\/product"}],"about":[{"href":"https:\/\/miritglas.com\/sv\/wp-json\/wp\/v2\/types\/product"}],"version-history":[{"count":3,"href":"https:\/\/miritglas.com\/sv\/wp-json\/wp\/v2\/product\/3026\/revisions"}],"predecessor-version":[{"id":3477,"href":"https:\/\/miritglas.com\/sv\/wp-json\/wp\/v2\/product\/3026\/revisions\/3477"}],"wp:featuredmedia":[{"embeddable":true,"href":"https:\/\/miritglas.com\/sv\/wp-json\/wp\/v2\/media\/1779"}],"wp:attachment":[{"href":"https:\/\/miritglas.com\/sv\/wp-json\/wp\/v2\/media?parent=3026"}],"curies":[{"name":"wp","href":"https:\/\/api.w.org\/{rel}","templated":true}]}}