{"id":3022,"date":"2023-08-09T11:27:36","date_gmt":"2023-08-09T09:27:36","guid":{"rendered":"https:\/\/miritglas.com\/produkter\/belysningsglas-och-lampglas\/"},"modified":"2025-04-28T15:50:23","modified_gmt":"2025-04-28T13:50:23","slug":"belysningsglas-och-lampglas","status":"publish","type":"product","link":"https:\/\/miritglas.com\/sv\/produkter\/belysningsglas-och-lampglas\/","title":{"rendered":"Belysningsglas och lampglas"},"content":{"rendered":"\t\t<div data-elementor-type=\"wp-post\" data-elementor-id=\"3022\" class=\"elementor elementor-3022 elementor-281\" data-elementor-post-type=\"product\">\n\t\t\t\t<div class=\"elementor-element elementor-element-17a2d0d2 e-flex e-con-boxed e-con e-parent\" data-id=\"17a2d0d2\" data-element_type=\"container\" data-e-type=\"container\">\n\t\t\t\t\t<div class=\"e-con-inner\">\n\t\t<div class=\"elementor-element elementor-element-4e58ef9f e-con-full e-flex e-con e-parent\" data-id=\"4e58ef9f\" data-element_type=\"container\" data-e-type=\"container\">\n\t\t\t\t<div class=\"elementor-element elementor-element-31569cad elementor-widget elementor-widget-text-editor\" data-id=\"31569cad\" data-element_type=\"widget\" data-e-type=\"widget\" data-widget_type=\"text-editor.default\">\n\t\t\t\t<div class=\"elementor-widget-container\">\n\t\t\t\t\t\t\t\t\t<h2>Belysningsglas som full\u00e4ndar designen och st\u00f6der funktionerna<\/h2>\n<p>Mirit Glas \u00e4r experter p\u00e5 glasl\u00f6sningar f\u00f6r belysning och levererar till b\u00e5de sm\u00e5 och stora lamptillverkare i Danmark och utomlands.<\/p>\n<p>Kontakta Mirit Glas s\u00e5 att vi kan hitta r\u00e4tt glasl\u00f8sning f\u00f6r dina lampor.<\/p>\n\t\t\t\t\t\t\t\t<\/div>\n\t\t\t\t<\/div>\n\t\t\t\t<div class=\"elementor-element elementor-element-5166fe0c elementor-widget elementor-widget-button\" data-id=\"5166fe0c\" data-element_type=\"widget\" data-e-type=\"widget\" data-widget_type=\"button.default\">\n\t\t\t\t<div class=\"elementor-widget-container\">\n\t\t\t\t\t\t\t\t\t<div class=\"elementor-button-wrapper\">\n\t\t\t\t\t<a class=\"elementor-button elementor-button-link elementor-size-md\" href=\"https:\/\/miritglas.com\/sv\/kontakta-oss\/\">\n\t\t\t\t\t\t<span class=\"elementor-button-content-wrapper\">\n\t\t\t\t\t\t\t\t\t<span class=\"elementor-button-text\">Kontakta oss idag<\/span>\n\t\t\t\t\t<\/span>\n\t\t\t\t\t<\/a>\n\t\t\t\t<\/div>\n\t\t\t\t\t\t\t\t<\/div>\n\t\t\t\t<\/div>\n\t\t\t\t<\/div>\n\t\t<div class=\"elementor-element elementor-element-5cd505e e-con-full e-flex e-con e-parent\" data-id=\"5cd505e\" data-element_type=\"container\" data-e-type=\"container\">\n\t\t\t\t<div class=\"elementor-element elementor-element-350752b elementor-absolute elementor-widget elementor-widget-global elementor-global-634 elementor-widget-image\" data-id=\"350752b\" data-element_type=\"widget\" data-e-type=\"widget\" data-settings=\"{&quot;_position&quot;:&quot;absolute&quot;}\" data-widget_type=\"image.default\">\n\t\t\t\t<div class=\"elementor-widget-container\">\n\t\t\t\t\t\t\t\t\t\t\t\t\t\t\t<img fetchpriority=\"high\" decoding=\"async\" width=\"230\" height=\"230\" src=\"https:\/\/miritglas.com\/wp-content\/uploads\/2023\/08\/logo-icon.png\" class=\"attachment-medium size-medium wp-image-169\" alt=\"Mirit glas logo.\" srcset=\"https:\/\/miritglas.com\/wp-content\/uploads\/2023\/08\/logo-icon.png 230w, https:\/\/miritglas.com\/wp-content\/uploads\/2023\/08\/logo-icon-150x150.png 150w\" sizes=\"(max-width: 230px) 100vw, 230px\" title=\"\">\t\t\t\t\t\t\t\t\t\t\t\t\t\t\t<\/div>\n\t\t\t\t<\/div>\n\t\t<div class=\"elementor-element elementor-element-52a94511 e-flex e-con-boxed e-con e-parent\" data-id=\"52a94511\" data-element_type=\"container\" data-e-type=\"container\" data-settings=\"{&quot;background_background&quot;:&quot;classic&quot;}\">\n\t\t\t\t\t<div class=\"e-con-inner\">\n\t\t\t\t<div class=\"elementor-element elementor-element-5947b8f2 elementor-widget elementor-widget-text-editor\" data-id=\"5947b8f2\" data-element_type=\"widget\" data-e-type=\"widget\" data-widget_type=\"text-editor.default\">\n\t\t\t\t<div class=\"elementor-widget-container\">\n\t\t\t\t\t\t\t\t\t<h4>Belysningsglas anpassat efter dina behov<\/h4>\n<ul>\n<li>F\u00e4rgat glas<\/li>\n<li>Diffuserat glas<\/li>\n<li>H\u00f6g ljustransmission<\/li>\n<li>Resistent mot stora temperaturskillnader<\/li>\n<li>Glass\u00a0f\u00f6r livsmedelskontakt<\/li>\n<li>Filtrering av v\u00e5gl\u00e4ngder<\/li>\n<li>Handbl\u00e5st glas<\/li>\n<\/ul>\n\t\t\t\t\t\t\t\t<\/div>\n\t\t\t\t<\/div>\n\t\t\t\t\t<\/div>\n\t\t\t\t<\/div>\n\t\t\t\t<\/div>\n\t\t\t\t\t<\/div>\n\t\t\t\t<\/div>\n\t\t<div class=\"elementor-element elementor-element-fd463de e-flex e-con-boxed e-con e-parent\" data-id=\"fd463de\" data-element_type=\"container\" data-e-type=\"container\" data-settings=\"{&quot;background_background&quot;:&quot;classic&quot;}\">\n\t\t\t\t\t<div class=\"e-con-inner\">\n\t\t<div class=\"elementor-element elementor-element-1c3f503 e-flex e-con-boxed e-con e-parent\" data-id=\"1c3f503\" data-element_type=\"container\" data-e-type=\"container\">\n\t\t\t\t\t<div class=\"e-con-inner\">\n\t\t\t\t<div class=\"elementor-element elementor-element-6b7013e elementor-widget elementor-widget-text-editor\" data-id=\"6b7013e\" data-element_type=\"widget\" data-e-type=\"widget\" data-widget_type=\"text-editor.default\">\n\t\t\t\t<div class=\"elementor-widget-container\">\n\t\t\t\t\t\t\t\t\t<h3>Exempel p\u00e5 belysningsglas fr\u00e5n Mirit Glas:<\/h3>\n<h4><strong>Diffuserat eller f\u00e4rgat ljus<\/strong><\/h4>\n<p>Kan vara b\u00e5de en fr\u00e5ga om stil eller funktionalitet. Glaset kan mattas av etsning eller sandbl\u00e4string s\u00e5 att ljusk\u00e4llor d\u00f6ljs och\/eller ljuset sprids.<br \/>\nDet finns olika typer av f\u00e4rgat glas och om man vill ha en s\u00e4rskild f\u00e4rg, \u00e4r det m\u00f6jligt att trycka glaset med semitransparent f\u00e4rg.<\/p>\n<h4><strong>H\u00f6g ljustransmission<\/strong><\/h4>\n<p>Glaset skyddar ljusk\u00e4llan samt skyddar och f\u00f6rhindrar oavsiktlig kontakt, samtidigt som det till\u00e5ter maximal transmission av synligt ljus.<\/p>\n<h4><strong>H\u00e4rdning av belysningsglas<\/strong><\/h4>\n<p><a href=\"https:\/\/miritglas.com\/sv\/produkter\/haerdet-glas\/\">H\u00e4rdat glas<\/a>\u00a0\u00e4r ett bra val n\u00e4r man prioriterar s\u00e4kerhet. H\u00e4rdat glas \u00e4r ocks\u00e5 resistent mot stora temperaturskillnader och \u00e4r betydligt starkare \u00e4n oh\u00e4rdat.<\/p>\n<h4><strong>Filtrering av v\u00e5gl\u00e4ngder<\/strong><\/h4>\n<p>Behandling av glas som antingen begr\u00e4nsar eller stoppar vissa v\u00e5gl\u00e4ngder av ljus, t.ex. UV-str\u00e5lar, f\u00f6r att f\u00f6rhindra blekning av material eller att mat snabbt f\u00f6rst\u00f6rs.<br \/>\nBel\u00e4ggning av glaset kan framh\u00e4va eller tona ner vissa v\u00e5gl\u00e4ngder f\u00f6r att framh\u00e4va vissa f\u00e4rger.<\/p>\n<h4><strong>Handbl\u00e5st glas<\/strong><\/h4>\n<p>Vi samarbetar med olika f\u00f6retag som handbl\u00e5ser glas och vi v\u00e4ljer den mest l\u00e4mpliga partnern beroende p\u00e5 uppgift.<\/p>\n<h4>Belagd v\u00e4rmeruta\/v\u00e4rmeglas<\/h4>\n<p>Allteftersom man byter ut gl\u00f6dlamporna mot LED-ljusk\u00e4llor, i synnerhet p\u00e5 utomhusbelysningen, kan det f\u00f6rekomma perioder d\u00e5 is, sn\u00f6, dagg och liknande p\u00e5verkar ljusets genomsl\u00e4pplighet. Detta problem kan avhj\u00e4lpas genom att anv\u00e4nda\u00a0<a href=\"https:\/\/miritglas.com\/sv\/produkter\/varmerutor\/\">v\u00e4rmerutor\/v\u00e4rmeglas<\/a>\u00a0som tillverkats med belagt glas.<\/p>\n\t\t\t\t\t\t\t\t<\/div>\n\t\t\t\t<\/div>\n\t\t\t\t\t<\/div>\n\t\t\t\t<\/div>\n\t\t\t\t\t<\/div>\n\t\t\t\t<\/div>\n\t\t<div class=\"elementor-element elementor-element-2e7dc697 e-flex e-con-boxed e-con e-parent\" data-id=\"2e7dc697\" data-element_type=\"container\" data-e-type=\"container\">\n\t\t\t\t\t<div class=\"e-con-inner\">\n\t\t<div class=\"elementor-element elementor-element-4577fddd e-con-full e-flex e-con e-parent\" data-id=\"4577fddd\" data-element_type=\"container\" data-e-type=\"container\">\n\t\t\t\t<div class=\"elementor-element elementor-element-12e049f elementor-widget elementor-widget-text-editor\" data-id=\"12e049f\" data-element_type=\"widget\" data-e-type=\"widget\" data-widget_type=\"text-editor.default\">\n\t\t\t\t<div class=\"elementor-widget-container\">\n\t\t\t\t\t\t\t\t\t<h3>Den r\u00e4tta l\u00f6sningen f\u00f6r ett specifikt behov<\/h3>\n<p>N\u00e4r kravet p\u00e5 belysningsglas \u00e4r mer \u00e4n bara den stilistiska utformningen, finns det flera olika alternativ. Mirit Glas ger sj\u00e4lvklart professionell r\u00e5dgivning vid oklarheter.<\/p>\n<p>Belysningsglas kan fungera som en del av en lampas design eller ha egenskaper som ger lampan en speciell funktion. Mirit Glas tillhandah\u00e5ller alla typer av specialiserade belysningsglas och lampglas och vi ser till att v\u00e5ra kunder f\u00e5r den l\u00f6sning som ger den \u00f6nskade slutprodukt.<\/p>\n\t\t\t\t\t\t\t\t<\/div>\n\t\t\t\t<\/div>\n\t\t\t\t<div class=\"elementor-element elementor-element-60e50a98 elementor-widget elementor-widget-button\" data-id=\"60e50a98\" data-element_type=\"widget\" data-e-type=\"widget\" data-widget_type=\"button.default\">\n\t\t\t\t<div class=\"elementor-widget-container\">\n\t\t\t\t\t\t\t\t\t<div class=\"elementor-button-wrapper\">\n\t\t\t\t\t<a class=\"elementor-button elementor-button-link elementor-size-md\" href=\"https:\/\/miritglas.com\/sv\/kontakta-oss\/\">\n\t\t\t\t\t\t<span class=\"elementor-button-content-wrapper\">\n\t\t\t\t\t\t\t\t\t<span class=\"elementor-button-text\">Kontakta oss idag<\/span>\n\t\t\t\t\t<\/span>\n\t\t\t\t\t<\/a>\n\t\t\t\t<\/div>\n\t\t\t\t\t\t\t\t<\/div>\n\t\t\t\t<\/div>\n\t\t\t\t<\/div>\n\t\t<div class=\"elementor-element elementor-element-5ee9813 e-con-full e-flex e-con e-parent\" data-id=\"5ee9813\" data-element_type=\"container\" data-e-type=\"container\">\n\t\t\t\t<div class=\"elementor-element elementor-element-3b14492 elementor-widget elementor-widget-image\" data-id=\"3b14492\" data-element_type=\"widget\" data-e-type=\"widget\" data-widget_type=\"image.default\">\n\t\t\t\t<div class=\"elementor-widget-container\">\n\t\t\t\t\t\t\t\t\t\t\t\t\t\t\t<img decoding=\"async\" width=\"800\" height=\"572\" src=\"https:\/\/miritglas.com\/wp-content\/uploads\/2023\/08\/beslysningsglas.png\" class=\"attachment-large size-large wp-image-1761\" alt=\"belysningsglas og lampeglas til pragmatisk design der underst\u00f8tter erhvervs- og inustrifuntioner.\" srcset=\"https:\/\/miritglas.com\/wp-content\/uploads\/2023\/08\/beslysningsglas.png 1000w, https:\/\/miritglas.com\/wp-content\/uploads\/2023\/08\/beslysningsglas-300x215.png 300w, https:\/\/miritglas.com\/wp-content\/uploads\/2023\/08\/beslysningsglas-768x549.png 768w\" sizes=\"(max-width: 800px) 100vw, 800px\" title=\"\">\t\t\t\t\t\t\t\t\t\t\t\t\t\t\t<\/div>\n\t\t\t\t<\/div>\n\t\t\t\t<\/div>\n\t\t\t\t\t<\/div>\n\t\t\t\t<\/div>\n\t\t\t\t<\/div>\n\t\t","protected":false},"featured_media":1761,"template":"","class_list":["post-3022","product","type-product","status-publish","has-post-thumbnail","hentry"],"acf":[],"_links":{"self":[{"href":"https:\/\/miritglas.com\/sv\/wp-json\/wp\/v2\/product\/3022","targetHints":{"allow":["GET"]}}],"collection":[{"href":"https:\/\/miritglas.com\/sv\/wp-json\/wp\/v2\/product"}],"about":[{"href":"https:\/\/miritglas.com\/sv\/wp-json\/wp\/v2\/types\/product"}],"version-history":[{"count":3,"href":"https:\/\/miritglas.com\/sv\/wp-json\/wp\/v2\/product\/3022\/revisions"}],"predecessor-version":[{"id":5764,"href":"https:\/\/miritglas.com\/sv\/wp-json\/wp\/v2\/product\/3022\/revisions\/5764"}],"wp:featuredmedia":[{"embeddable":true,"href":"https:\/\/miritglas.com\/sv\/wp-json\/wp\/v2\/media\/1761"}],"wp:attachment":[{"href":"https:\/\/miritglas.com\/sv\/wp-json\/wp\/v2\/media?parent=3022"}],"curies":[{"name":"wp","href":"https:\/\/api.w.org\/{rel}","templated":true}]}}