{"id":2917,"date":"2023-08-23T16:20:49","date_gmt":"2023-08-23T14:20:49","guid":{"rendered":"https:\/\/miritglas.com\/det-gamla-arkivet\/"},"modified":"2023-09-19T08:10:57","modified_gmt":"2023-09-19T06:10:57","slug":"det-gamla-arkivet","status":"publish","type":"page","link":"https:\/\/miritglas.com\/sv\/det-gamla-arkivet\/","title":{"rendered":"Det gamla arkivet"},"content":{"rendered":"\t\t<div data-elementor-type=\"wp-page\" data-elementor-id=\"2917\" class=\"elementor elementor-2917 elementor-1340\" data-elementor-post-type=\"page\">\n\t\t\t\t<div class=\"elementor-element elementor-element-158e4cd e-flex e-con-boxed e-con e-parent\" data-id=\"158e4cd\" data-element_type=\"container\" data-e-type=\"container\">\n\t\t\t\t\t<div class=\"e-con-inner\">\n\t\t<div class=\"elementor-element elementor-element-2de5a10 e-flex e-con-boxed e-con e-parent\" data-id=\"2de5a10\" data-element_type=\"container\" data-e-type=\"container\">\n\t\t\t\t\t<div class=\"e-con-inner\">\n\t\t\t\t<div class=\"elementor-element elementor-element-42525ef elementor-widget elementor-widget-text-editor\" data-id=\"42525ef\" data-element_type=\"widget\" data-e-type=\"widget\" data-widget_type=\"text-editor.default\">\n\t\t\t\t<div class=\"elementor-widget-container\">\n\t\t\t\t\t\t\t\t\t<h2>V\u00e5r historia<\/h2>\n<p>H\u00e4r i den gamla arkivet kan du l\u00e4sa om Miritglas genom tiden. Klicka p\u00e5 bilderna f\u00f6r att se de gamla tidskrifterna.<\/p>\n<p>Mirit Glas \u00e4r \u00e4n idag en av Nordens ledande glasproducenter. Om du vill veta mer om hur vi kan ta fram l\u00f6sningar \u00e5t dig \u00e4r du mycket v\u00e4lkommen att kontakta oss.<\/p>\n\t\t\t\t\t\t\t\t<\/div>\n\t\t\t\t<\/div>\n\t\t\t\t<div class=\"elementor-element elementor-element-7950e1c elementor-widget elementor-widget-button\" data-id=\"7950e1c\" data-element_type=\"widget\" data-e-type=\"widget\" data-widget_type=\"button.default\">\n\t\t\t\t<div class=\"elementor-widget-container\">\n\t\t\t\t\t\t\t\t\t<div class=\"elementor-button-wrapper\">\n\t\t\t\t\t<a class=\"elementor-button elementor-button-link elementor-size-md\" href=\"https:\/\/miritglas.com\/sv\/kontakta-oss\/\">\n\t\t\t\t\t\t<span class=\"elementor-button-content-wrapper\">\n\t\t\t\t\t\t\t\t\t<span class=\"elementor-button-text\">Kontakta oss idag<\/span>\n\t\t\t\t\t<\/span>\n\t\t\t\t\t<\/a>\n\t\t\t\t<\/div>\n\t\t\t\t\t\t\t\t<\/div>\n\t\t\t\t<\/div>\n\t\t\t\t\t<\/div>\n\t\t\t\t<\/div>\n\t\t\t\t\t<\/div>\n\t\t\t\t<\/div>\n\t\t<div class=\"elementor-element elementor-element-681e277 e-flex e-con-boxed e-con e-parent\" data-id=\"681e277\" data-element_type=\"container\" data-e-type=\"container\" data-settings=\"{&quot;background_background&quot;:&quot;classic&quot;}\">\n\t\t\t\t\t<div class=\"e-con-inner\">\n\t\t<div class=\"elementor-element elementor-element-4093190 e-con-full e-flex e-con e-parent\" data-id=\"4093190\" data-element_type=\"container\" data-e-type=\"container\">\n\t\t\t\t<div class=\"elementor-element elementor-element-d7b272a elementor-widget elementor-widget-text-editor\" data-id=\"d7b272a\" data-element_type=\"widget\" data-e-type=\"widget\" data-widget_type=\"text-editor.default\">\n\t\t\t\t<div class=\"elementor-widget-container\">\n\t\t\t\t\t\t\t\t\t<h3><strong>I MIRIT-processen uts\u00e4tts glaset f\u00f6r mycket kraftiga p\u00e5verkningar<\/strong><\/h3>\r\nF\u00f6rst v\u00e4rms glaset upp n\u00e4stan till den kritiska temperaturen och sedan \u201dsnabbfryses\u201d det med tryckluft.\r\n\r\nUnder denna process \u201dv\u00e4vs\u201d glaset igenom av starka sp\u00e4nningar \u2013 det f\u00f6rsp\u00e4nns. D\u00e5 \u00f6kar glasets brottstyrka med upp till 3\u201310 g\u00e5nger j\u00e4mf\u00f6rt med den ursprungliga styrkan. Du kan kontrollera att glaset har genomg\u00e5tt MIRIT-processen genom att betrakta det i polariserat ljus. D\u00e5 ser du sp\u00e4nningsn\u00e4tet\u2026\t\t\t\t\t\t\t\t<\/div>\n\t\t\t\t<\/div>\n\t\t\t\t<\/div>\n\t\t<div class=\"elementor-element elementor-element-ad694ab e-con-full e-flex e-con e-parent\" data-id=\"ad694ab\" data-element_type=\"container\" data-e-type=\"container\">\n\t\t\t\t<div class=\"elementor-element elementor-element-2aada4b elementor-widget elementor-widget-image\" data-id=\"2aada4b\" data-element_type=\"widget\" data-e-type=\"widget\" data-widget_type=\"image.default\">\n\t\t\t\t<div class=\"elementor-widget-container\">\n\t\t\t\t\t\t\t\t\t\t\t\t\t\t\t\t<a href=\"https:\/\/miritglas.com\/wp-content\/uploads\/2023\/08\/brochure-Mirit.pdf\">\n\t\t\t\t\t\t\t<img fetchpriority=\"high\" decoding=\"async\" width=\"210\" height=\"300\" src=\"https:\/\/miritglas.com\/wp-content\/uploads\/2023\/08\/arkiv-1-210x300.jpg\" class=\"attachment-medium size-medium wp-image-1354\" alt=\"\" srcset=\"https:\/\/miritglas.com\/wp-content\/uploads\/2023\/08\/arkiv-1-210x300.jpg 210w, https:\/\/miritglas.com\/wp-content\/uploads\/2023\/08\/arkiv-1.jpg 717w\" sizes=\"(max-width: 210px) 100vw, 210px\" title=\"\">\t\t\t\t\t\t\t\t<\/a>\n\t\t\t\t\t\t\t\t\t\t\t\t\t\t\t<\/div>\n\t\t\t\t<\/div>\n\t\t\t\t<\/div>\n\t\t\t\t\t<\/div>\n\t\t\t\t<\/div>\n\t\t<div class=\"elementor-element elementor-element-8711f66 e-flex e-con-boxed e-con e-parent\" data-id=\"8711f66\" data-element_type=\"container\" data-e-type=\"container\">\n\t\t\t\t\t<div class=\"e-con-inner\">\n\t\t<div class=\"elementor-element elementor-element-b65aa59 e-con-full e-flex e-con e-parent\" data-id=\"b65aa59\" data-element_type=\"container\" data-e-type=\"container\">\n\t\t\t\t<div class=\"elementor-element elementor-element-64d394a elementor-widget elementor-widget-text-editor\" data-id=\"64d394a\" data-element_type=\"widget\" data-e-type=\"widget\" data-widget_type=\"text-editor.default\">\n\t\t\t\t<div class=\"elementor-widget-container\">\n\t\t\t\t\t\t\t\t\t<h3><strong>Danmarks ledande glash\u00e4rdningsfirma<\/strong><\/h3>\n<p>Bes\u00f6k p\u00e5 ett litet industrif\u00f6retag som \u00e4r en fin symbol f\u00f6r vad dansk industri och dess arbetare \u00f6nskade sig \u00e5r 1955 Hur vanligt glas ombildas och h\u00e4rdas med hj\u00e4lp av elv\u00e4rme och kall luft\u2026<\/p>\n\t\t\t\t\t\t\t\t<\/div>\n\t\t\t\t<\/div>\n\t\t\t\t<\/div>\n\t\t<div class=\"elementor-element elementor-element-b251e8c e-con-full e-flex e-con e-parent\" data-id=\"b251e8c\" data-element_type=\"container\" data-e-type=\"container\">\n\t\t\t\t<div class=\"elementor-element elementor-element-857284a elementor-widget elementor-widget-image\" data-id=\"857284a\" data-element_type=\"widget\" data-e-type=\"widget\" data-widget_type=\"image.default\">\n\t\t\t\t<div class=\"elementor-widget-container\">\n\t\t\t\t\t\t\t\t\t\t\t\t\t\t\t\t<a href=\"https:\/\/miritglas.com\/wp-content\/uploads\/2023\/08\/2_Dansk_Teknisk_Tidsskrift_1955-1.pdf\">\n\t\t\t\t\t\t\t<img decoding=\"async\" width=\"210\" height=\"300\" src=\"https:\/\/miritglas.com\/wp-content\/uploads\/2023\/08\/arkiv-2-210x300.jpg\" class=\"attachment-medium size-medium wp-image-1361\" alt=\"\" srcset=\"https:\/\/miritglas.com\/wp-content\/uploads\/2023\/08\/arkiv-2-210x300.jpg 210w, https:\/\/miritglas.com\/wp-content\/uploads\/2023\/08\/arkiv-2.jpg 717w\" sizes=\"(max-width: 210px) 100vw, 210px\" title=\"\">\t\t\t\t\t\t\t\t<\/a>\n\t\t\t\t\t\t\t\t\t\t\t\t\t\t\t<\/div>\n\t\t\t\t<\/div>\n\t\t\t\t<\/div>\n\t\t\t\t\t<\/div>\n\t\t\t\t<\/div>\n\t\t<div class=\"elementor-element elementor-element-da2a4f3 e-flex e-con-boxed e-con e-parent\" data-id=\"da2a4f3\" data-element_type=\"container\" data-e-type=\"container\" data-settings=\"{&quot;background_background&quot;:&quot;classic&quot;}\">\n\t\t\t\t\t<div class=\"e-con-inner\">\n\t\t<div class=\"elementor-element elementor-element-20ca59a e-con-full e-flex e-con e-parent\" data-id=\"20ca59a\" data-element_type=\"container\" data-e-type=\"container\">\n\t\t\t\t<div class=\"elementor-element elementor-element-e1c42be elementor-widget elementor-widget-text-editor\" data-id=\"e1c42be\" data-element_type=\"widget\" data-e-type=\"widget\" data-widget_type=\"text-editor.default\">\n\t\t\t\t<div class=\"elementor-widget-container\">\n\t\t\t\t\t\t\t\t\t<h3><strong>MIRIT GLAS<\/strong><\/h3>\n<p>I v\u00e5r facktidskrift f\u00f6r september 1955 n\u00e4mns Danmarks f\u00f6rsta glash\u00e4rdningsfirma som startades i blygsam skala i hantverksbyn i k\u00f6penhamnsstadsdelen Valby av civilingenj\u00f6r Annard Michelsen. N\u00e4r fabriken \u00e5terigen n\u00e4mns \u00e4r det f\u00f6r att den i och med flytten till en egen byggnad i Herlev utanf\u00f6r K\u00f6penhamn drygt ett \u00e5r tidigare har \u00f6kat sin kapacitet avsev\u00e4rt\u2026<\/p>\n\t\t\t\t\t\t\t\t<\/div>\n\t\t\t\t<\/div>\n\t\t\t\t<\/div>\n\t\t<div class=\"elementor-element elementor-element-5ffd533 e-con-full e-flex e-con e-parent\" data-id=\"5ffd533\" data-element_type=\"container\" data-e-type=\"container\">\n\t\t\t\t<div class=\"elementor-element elementor-element-f3908a9 elementor-widget elementor-widget-image\" data-id=\"f3908a9\" data-element_type=\"widget\" data-e-type=\"widget\" data-widget_type=\"image.default\">\n\t\t\t\t<div class=\"elementor-widget-container\">\n\t\t\t\t\t\t\t\t\t\t\t\t\t\t\t\t<a href=\"https:\/\/miritglas.com\/wp-content\/uploads\/2023\/08\/2_Glarmestersvenden_1958-1.pdf\">\n\t\t\t\t\t\t\t<img decoding=\"async\" width=\"210\" height=\"300\" src=\"https:\/\/miritglas.com\/wp-content\/uploads\/2023\/08\/arkiv-3-210x300.jpg\" class=\"attachment-medium size-medium wp-image-1365\" alt=\"\" srcset=\"https:\/\/miritglas.com\/wp-content\/uploads\/2023\/08\/arkiv-3-210x300.jpg 210w, https:\/\/miritglas.com\/wp-content\/uploads\/2023\/08\/arkiv-3.jpg 717w\" sizes=\"(max-width: 210px) 100vw, 210px\" title=\"\">\t\t\t\t\t\t\t\t<\/a>\n\t\t\t\t\t\t\t\t\t\t\t\t\t\t\t<\/div>\n\t\t\t\t<\/div>\n\t\t\t\t<\/div>\n\t\t\t\t\t<\/div>\n\t\t\t\t<\/div>\n\t\t\t\t<\/div>\n\t\t","protected":false},"excerpt":{"rendered":"<p>V\u00e5r historia H\u00e4r i den gamla arkivet kan du l\u00e4sa om Miritglas genom tiden. Klicka p\u00e5 bilderna f\u00f6r att se de gamla tidskrifterna. Mirit Glas \u00e4r \u00e4n idag en av Nordens ledande glasproducenter. Om du vill veta mer om hur vi kan ta fram l\u00f6sningar \u00e5t dig \u00e4r du mycket v\u00e4lkommen att kontakta oss. Kontakta [&hellip;]<\/p>\n","protected":false},"author":1,"featured_media":0,"parent":0,"menu_order":0,"comment_status":"closed","ping_status":"closed","template":"","meta":{"_acf_changed":false,"footnotes":""},"class_list":["post-2917","page","type-page","status-publish","hentry"],"acf":[],"_links":{"self":[{"href":"https:\/\/miritglas.com\/sv\/wp-json\/wp\/v2\/pages\/2917","targetHints":{"allow":["GET"]}}],"collection":[{"href":"https:\/\/miritglas.com\/sv\/wp-json\/wp\/v2\/pages"}],"about":[{"href":"https:\/\/miritglas.com\/sv\/wp-json\/wp\/v2\/types\/page"}],"author":[{"embeddable":true,"href":"https:\/\/miritglas.com\/sv\/wp-json\/wp\/v2\/users\/1"}],"replies":[{"embeddable":true,"href":"https:\/\/miritglas.com\/sv\/wp-json\/wp\/v2\/comments?post=2917"}],"version-history":[{"count":4,"href":"https:\/\/miritglas.com\/sv\/wp-json\/wp\/v2\/pages\/2917\/revisions"}],"predecessor-version":[{"id":3349,"href":"https:\/\/miritglas.com\/sv\/wp-json\/wp\/v2\/pages\/2917\/revisions\/3349"}],"wp:attachment":[{"href":"https:\/\/miritglas.com\/sv\/wp-json\/wp\/v2\/media?parent=2917"}],"curies":[{"name":"wp","href":"https:\/\/api.w.org\/{rel}","templated":true}]}}