{"id":2913,"date":"2023-08-22T16:41:42","date_gmt":"2023-08-22T14:41:42","guid":{"rendered":"https:\/\/miritglas.com\/iso-9001-certificering\/"},"modified":"2023-12-21T10:22:30","modified_gmt":"2023-12-21T09:22:30","slug":"iso-9001-certificering","status":"publish","type":"page","link":"https:\/\/miritglas.com\/sv\/iso-9001-certificering\/","title":{"rendered":"ISO 9001-certificering"},"content":{"rendered":"\t\t<div data-elementor-type=\"wp-page\" data-elementor-id=\"2913\" class=\"elementor elementor-2913 elementor-990\" data-elementor-post-type=\"page\">\n\t\t\t\t<div class=\"elementor-element elementor-element-3dd3e960 e-flex e-con-boxed e-con e-parent\" data-id=\"3dd3e960\" data-element_type=\"container\" data-e-type=\"container\">\n\t\t\t\t\t<div class=\"e-con-inner\">\n\t\t<div class=\"elementor-element elementor-element-5318f1fa e-con-full e-flex e-con e-child\" data-id=\"5318f1fa\" data-element_type=\"container\" data-e-type=\"container\">\n\t\t\t\t<div class=\"elementor-element elementor-element-397027eb elementor-widget elementor-widget-text-editor\" data-id=\"397027eb\" data-element_type=\"widget\" data-e-type=\"widget\" data-widget_type=\"text-editor.default\">\n\t\t\t\t<div class=\"elementor-widget-container\">\n\t\t\t\t\t\t\t\t\t<h2>Mirit Glas \u00e4r ISO 9001:2015-certifierat<\/h2>\n<p><strong>Vi lever upp till nutidens standarder s\u00e5 att vi kan leverera r\u00e4tt glas som g\u00f6r v\u00e5ra kunder konkurrenskraftiga.<\/strong><\/p>\n<p>Den moderna v\u00e4rlden kr\u00e4ver fokus p\u00e5 kvalitet och kvalitetshantering. D\u00e4rf\u00f6r har Mirit Glas tagit steget att bli ISO 9001:2015-certifierat.<\/p>\n<p>V\u00e5ra kunder vill ha l\u00f6sningar som \u00e4r specialanpassade f\u00f6r dem, och h\u00e4r kan Mirit Glas g\u00f6ra skillnad.<br \/>\nN\u00e4r v\u00e5ra konsulter pratar med kunderna s\u00e5 handlar det ofta om att kunderna beh\u00f6ver specialglas. D\u00e4rf\u00f6r m\u00e5ste vi ta reda p\u00e5 exakt i vilken situation glaset ska anv\u00e4ndas. Ska glaset kunna klara stora temperaturskillnader? Ska det kunna klara kraftiga kemikalier? Ska de kunna b\u00f6jas eller sk\u00e4ras till i en s\u00e4rskilt form?<\/p>\n<p>N\u00e4r den ena ordern skiljer sig mycket fr\u00e5n den f\u00f6reg\u00e5ende ger det verkligen mening att fokusera p\u00e5 kvalitetshantering. Det hj\u00e4lper v\u00e5r ISO-certifiering oss med.<\/p>\n\t\t\t\t\t\t\t\t<\/div>\n\t\t\t\t<\/div>\n\t\t\t\t<div class=\"elementor-element elementor-element-4a8fc65 elementor-widget elementor-widget-text-editor\" data-id=\"4a8fc65\" data-element_type=\"widget\" data-e-type=\"widget\" data-widget_type=\"text-editor.default\">\n\t\t\t\t<div class=\"elementor-widget-container\">\n\t\t\t\t\t\t\t\t\t<h3>Exakta specifikationer<\/h3>\n<p>Det f\u00f6rsta v\u00e5ra konsulter i samarbete med kunderna fokuserar p\u00e5 \u00e4r att ta reda p\u00e5 exakt vilket glas kunden beh\u00f6ver \u2013 allts\u00e5 vilka dimensioner och egenskaper glaset ska ha. M\u00e5nga g\u00e5nger kr\u00e4ver det en grundlig dialog eftersom ett glas inte alltid bara \u00e4r ett glas. Ibland ska ett synglas \u00e4ven vara en v\u00e4rmeruta f\u00f6r att f\u00f6rhindra imma. Andra glas kr\u00e4ver en noggrann behandling f\u00f6r att passa in i kundens l\u00f6sning. Alltfler glas ska \u00e4ven levereras med ett certifikat som dokumenterar vad glaset klarar.<\/p>\n<p>V\u00e5r kvalitetss\u00e4kring handlar ocks\u00e5 om tillverkningen. F\u00f6r n\u00e4r konsulternas dialog med kunderna \u00e4r f\u00e4rdig s\u00e5 vidtar tillverkningen f\u00f6r att framst\u00e4lla glasen. De ska oftast antingen sk\u00e4ras till, <a href=\"https:\/\/miritglas.com\/sv\/produkter\/hardat-glas\/\">h\u00e4rdas<\/a>, <a href=\"https:\/\/miritglas.com\/sv\/produkter\/laminerat-glas\/\">lamineras<\/a>, <a href=\"https:\/\/miritglas.com\/sv\/produkter\/bojt-glas\/\">b\u00f6jas<\/a> eller bearbetas p\u00e5 mer \u00e4n ett s\u00e4tt. I produktionen jobbar vi med b\u00e5de stora order d\u00e4r m\u00e5nga glas ska bearbetas p\u00e5 exakt samma s\u00e4tt, och med sm\u00e5 order d\u00e4r glasen typiskt m\u00e5ste specialbearbetas med s\u00e4rskilda krav p\u00e5 form och h\u00e5llbarhet.<\/p>\n\t\t\t\t\t\t\t\t<\/div>\n\t\t\t\t<\/div>\n\t\t\t\t<div class=\"elementor-element elementor-element-132d6c0 elementor-widget elementor-widget-image\" data-id=\"132d6c0\" data-element_type=\"widget\" data-e-type=\"widget\" data-widget_type=\"image.default\">\n\t\t\t\t<div class=\"elementor-widget-container\">\n\t\t\t\t\t\t\t\t\t\t\t\t\t\t\t<img fetchpriority=\"high\" decoding=\"async\" width=\"800\" height=\"450\" src=\"https:\/\/miritglas.com\/wp-content\/uploads\/2023\/08\/keld-ISO-web-1024x576.jpg\" class=\"attachment-large size-large wp-image-1016\" alt=\"\" srcset=\"https:\/\/miritglas.com\/wp-content\/uploads\/2023\/08\/keld-ISO-web-1024x576.jpg 1024w, https:\/\/miritglas.com\/wp-content\/uploads\/2023\/08\/keld-ISO-web-300x169.jpg 300w, https:\/\/miritglas.com\/wp-content\/uploads\/2023\/08\/keld-ISO-web-768x432.jpg 768w, https:\/\/miritglas.com\/wp-content\/uploads\/2023\/08\/keld-ISO-web-1536x864.jpg 1536w, https:\/\/miritglas.com\/wp-content\/uploads\/2023\/08\/keld-ISO-web-2048x1152.jpg 2048w\" sizes=\"(max-width: 800px) 100vw, 800px\" title=\"\">\t\t\t\t\t\t\t\t\t\t\t\t\t\t\t<\/div>\n\t\t\t\t<\/div>\n\t\t\t\t<div class=\"elementor-element elementor-element-052117f elementor-widget elementor-widget-text-editor\" data-id=\"052117f\" data-element_type=\"widget\" data-e-type=\"widget\" data-widget_type=\"text-editor.default\">\n\t\t\t\t<div class=\"elementor-widget-container\">\n\t\t\t\t\t\t\t\t\t<h3>Kvalitet p\u00e5 alla niv\u00e5er<\/h3>\n<p>Med ISO 9001:2015-certifieringen kan vi dokumentera b\u00e5de gentemot kunderna och oss sj\u00e4lva att vi har koll p\u00e5 v\u00e5r kvalitet. B\u00e5de i produktion och i f\u00f6rs\u00e4ljning. Certifieringen visar att vi har koll p\u00e5 v\u00e5ra processer och rutiner och att vi kan leverera glas i den kvalitet som v\u00e5ra kunder efterfr\u00e5gar. Oavsett om det \u00e4r fr\u00e5ga om kemiskt h\u00e4rdat, b\u00f6jt eller laminerat glas eller glas med dragen kant s\u00e5 har vi kvalitetss\u00e4krat v\u00e5ra processer s\u00e5 att vi kan leverera glas till v\u00e5ra kunder som precis som vi agerar i en modern v\u00e4rld d\u00e4r vi snabbt m\u00e5ste kunna anpassa v\u00e5r produktion efter behoven.<\/p>\n\t\t\t\t\t\t\t\t<\/div>\n\t\t\t\t<\/div>\n\t\t\t\t<div class=\"elementor-element elementor-element-431481d9 elementor-widget elementor-widget-button\" data-id=\"431481d9\" data-element_type=\"widget\" data-e-type=\"widget\" data-widget_type=\"button.default\">\n\t\t\t\t<div class=\"elementor-widget-container\">\n\t\t\t\t\t\t\t\t\t<div class=\"elementor-button-wrapper\">\n\t\t\t\t\t<a class=\"elementor-button elementor-button-link elementor-size-md\" href=\"https:\/\/miritglas.com\/sv\/kontakta-oss\/\">\n\t\t\t\t\t\t<span class=\"elementor-button-content-wrapper\">\n\t\t\t\t\t\t\t\t\t<span class=\"elementor-button-text\">Kontakta oss idag<\/span>\n\t\t\t\t\t<\/span>\n\t\t\t\t\t<\/a>\n\t\t\t\t<\/div>\n\t\t\t\t\t\t\t\t<\/div>\n\t\t\t\t<\/div>\n\t\t\t\t<\/div>\n\t\t<div class=\"elementor-element elementor-element-228a44f8 e-con-full e-flex e-con e-child\" data-id=\"228a44f8\" data-element_type=\"container\" data-e-type=\"container\">\n\t\t\t\t<div class=\"elementor-element elementor-element-3a6727de elementor-absolute elementor-widget elementor-widget-global elementor-global-634 elementor-widget-image\" data-id=\"3a6727de\" data-element_type=\"widget\" data-e-type=\"widget\" data-settings=\"{&quot;_position&quot;:&quot;absolute&quot;}\" data-widget_type=\"image.default\">\n\t\t\t\t<div class=\"elementor-widget-container\">\n\t\t\t\t\t\t\t\t\t\t\t\t\t\t\t<img decoding=\"async\" width=\"230\" height=\"230\" src=\"https:\/\/miritglas.com\/wp-content\/uploads\/2023\/08\/logo-icon.png\" class=\"attachment-medium size-medium wp-image-169\" alt=\"Mirit glas logo.\" srcset=\"https:\/\/miritglas.com\/wp-content\/uploads\/2023\/08\/logo-icon.png 230w, https:\/\/miritglas.com\/wp-content\/uploads\/2023\/08\/logo-icon-150x150.png 150w\" sizes=\"(max-width: 230px) 100vw, 230px\" title=\"\">\t\t\t\t\t\t\t\t\t\t\t\t\t\t\t<\/div>\n\t\t\t\t<\/div>\n\t\t\t\t<div class=\"elementor-element elementor-element-63d7eef elementor-widget elementor-widget-image\" data-id=\"63d7eef\" data-element_type=\"widget\" data-e-type=\"widget\" data-widget_type=\"image.default\">\n\t\t\t\t<div class=\"elementor-widget-container\">\n\t\t\t\t\t\t\t\t\t\t\t\t\t\t\t<img decoding=\"async\" width=\"768\" height=\"576\" src=\"https:\/\/miritglas.com\/wp-content\/uploads\/2023\/08\/miriam-jens-iso-certicifikat-768x576.jpeg\" class=\"attachment-medium_large size-medium_large wp-image-1001\" alt=\"\" srcset=\"https:\/\/miritglas.com\/wp-content\/uploads\/2023\/08\/miriam-jens-iso-certicifikat-768x576.jpeg 768w, https:\/\/miritglas.com\/wp-content\/uploads\/2023\/08\/miriam-jens-iso-certicifikat-300x225.jpeg 300w, https:\/\/miritglas.com\/wp-content\/uploads\/2023\/08\/miriam-jens-iso-certicifikat-1024x768.jpeg 1024w, https:\/\/miritglas.com\/wp-content\/uploads\/2023\/08\/miriam-jens-iso-certicifikat-1536x1152.jpeg 1536w, https:\/\/miritglas.com\/wp-content\/uploads\/2023\/08\/miriam-jens-iso-certicifikat.jpeg 2016w\" sizes=\"(max-width: 768px) 100vw, 768px\" title=\"\">\t\t\t\t\t\t\t\t\t\t\t\t\t\t\t<\/div>\n\t\t\t\t<\/div>\n\t\t<div class=\"elementor-element elementor-element-3ccc7952 e-flex e-con-boxed e-con e-child\" data-id=\"3ccc7952\" data-element_type=\"container\" data-e-type=\"container\" data-settings=\"{&quot;background_background&quot;:&quot;classic&quot;}\">\n\t\t\t\t\t<div class=\"e-con-inner\">\n\t\t\t\t<div class=\"elementor-element elementor-element-4d67d598 elementor-widget elementor-widget-text-editor\" data-id=\"4d67d598\" data-element_type=\"widget\" data-e-type=\"widget\" data-widget_type=\"text-editor.default\">\n\t\t\t\t<div class=\"elementor-widget-container\">\n\t\t\t\t\t\t\t\t\t<h4>V\u00c5RA KUNDER M\u00c5STE KUNNA LITA P\u00c5 OSS<\/h4>\n<p>V\u00e5r vd Jens Milbrat har tillsammans med teknisk assistent Miriam Hartmann jobbat h\u00e5rt under hela 2020 f\u00f6r att ISO 9001:015-certifiera Mirit Glas. Frukten av arbetet ska komma v\u00e5ra kunder till godo. ISO-certifieringen s\u00e4kerst\u00e4ller att vi forts\u00e4tter att f\u00f6rb\u00e4ttra v\u00e5ra rutiner och procedurer s\u00e5 att vi kan uppr\u00e4tth\u00e5lla leveranss\u00e4kerheten och kvaliteten.<\/p>\n<p>\u201dCertifieringen g\u00f6r att vi fortl\u00f6pande f\u00f6rb\u00e4ttrar oss. Vi vill g\u00e4rna vara en p\u00e5litlig partner f\u00f6r v\u00e5ra kunder. Vi ska leverera till \u00f6verenskommen tid och i \u00f6verenskommen kvalitet. Samtidigt kan vi med v\u00e5r ISO-certifiering nu \u00e4ven leverera till en rad kunder som kr\u00e4ver att deras leverant\u00f6rer \u00e4r ISO-certifierade\u201d, f\u00f6rklarar vd:n Jens Milbrat.<\/p>\n<p>Som specialiserad glasleverant\u00f6r till n\u00e4ringslivet ska Mirit kunna leverera de glasl\u00f6sningar som g\u00f6r skillnad ute hos kunderna. Arbetet med ISO-certifieringen inneb\u00e4r att Mirit Glas nu har f\u00e5tt en \u00e4nnu st\u00f6rre \u00f6verblick \u00f6ver produktionen och h\u00e4danefter kan arbeta \u00e4nnu mer rationellt.<\/p>\n<p>Helt konkret handlar det bland annat om att validera den v\u00e4xande maskinparken s\u00e5 att vi s\u00e4kerst\u00e4ller att v\u00e5ra CNC-styrda maskiner och robotar \u00e4ven forts\u00e4ttningsvis kan leverera glasprodukter med enhetlig och h\u00f6g kvalitet. I kombination med \u00f6verblicken \u00f6ver hela v\u00e5r process fr\u00e5n f\u00f6rs\u00e4ljning till produktion g\u00f6r det oss till en trov\u00e4rdig och stabil partner.<\/p>\n<p>Certifieringen \u00e4r, tillsammans med <a href=\"https:\/\/miritglas.com\/sv\/produkter\/livsmedel-godkant-glas\/\">FKM-godk\u00e4nnandet (F\u00f8devare Kontakt Materiale, material f\u00f6r livsmedelskontakt)<\/a> som vi nyligen erh\u00f6ll, ett led i v\u00e5r str\u00e4van efter att kunna tillhandah\u00e5lla de produkter, den dokumentation och den kvalitet som kunderna efterfr\u00e5gar.<\/p>\n\t\t\t\t\t\t\t\t<\/div>\n\t\t\t\t<\/div>\n\t\t\t\t<div class=\"elementor-element elementor-element-efa1a0b elementor-widget elementor-widget-image\" data-id=\"efa1a0b\" data-element_type=\"widget\" data-e-type=\"widget\" data-widget_type=\"image.default\">\n\t\t\t\t<div class=\"elementor-widget-container\">\n\t\t\t\t\t\t\t\t\t\t\t\t<figure class=\"wp-caption\">\n\t\t\t\t\t\t\t\t\t\t\t<a href=\"https:\/\/miritglas.com\/wp-content\/uploads\/2023\/12\/2023-Certificate-ISO-9001-ENG-Mirit-Glas-AS-3.jpg\" data-elementor-open-lightbox=\"yes\" data-e-action-hash=\"#elementor-action%3Aaction%3Dlightbox%26settings%3DeyJpZCI6NDE3NiwidXJsIjoiaHR0cHM6XC9cL21pcml0Z2xhcy5jb21cL3dwLWNvbnRlbnRcL3VwbG9hZHNcLzIwMjNcLzEyXC8yMDIzLUNlcnRpZmljYXRlLUlTTy05MDAxLUVORy1NaXJpdC1HbGFzLUFTLTMuanBnIn0%3D\">\n\t\t\t\t\t\t\t<img loading=\"lazy\" decoding=\"async\" width=\"212\" height=\"300\" src=\"https:\/\/miritglas.com\/wp-content\/uploads\/2023\/12\/2023-Certificate-ISO-9001-ENG-Mirit-Glas-AS-3-212x300.jpg\" class=\"attachment-medium size-medium wp-image-4176\" alt=\"Mirit Glas A\/S dansk ISO 9001-2015-certifikat\" srcset=\"https:\/\/miritglas.com\/wp-content\/uploads\/2023\/12\/2023-Certificate-ISO-9001-ENG-Mirit-Glas-AS-3-212x300.jpg 212w, https:\/\/miritglas.com\/wp-content\/uploads\/2023\/12\/2023-Certificate-ISO-9001-ENG-Mirit-Glas-AS-3-724x1024.jpg 724w, https:\/\/miritglas.com\/wp-content\/uploads\/2023\/12\/2023-Certificate-ISO-9001-ENG-Mirit-Glas-AS-3-768x1087.jpg 768w, https:\/\/miritglas.com\/wp-content\/uploads\/2023\/12\/2023-Certificate-ISO-9001-ENG-Mirit-Glas-AS-3-1085x1536.jpg 1085w, https:\/\/miritglas.com\/wp-content\/uploads\/2023\/12\/2023-Certificate-ISO-9001-ENG-Mirit-Glas-AS-3-1447x2048.jpg 1447w, https:\/\/miritglas.com\/wp-content\/uploads\/2023\/12\/2023-Certificate-ISO-9001-ENG-Mirit-Glas-AS-3.jpg 1809w\" sizes=\"(max-width: 212px) 100vw, 212px\" title=\"\">\t\t\t\t\t\t\t\t<\/a>\n\t\t\t\t\t\t\t\t\t\t\t<figcaption class=\"widget-image-caption wp-caption-text\">Klicka f\u00f6r st\u00f6rre bild.<\/figcaption>\n\t\t\t\t\t\t\t\t\t\t<\/figure>\n\t\t\t\t\t\t\t\t\t<\/div>\n\t\t\t\t<\/div>\n\t\t\t\t\t<\/div>\n\t\t\t\t<\/div>\n\t\t\t\t<\/div>\n\t\t\t\t\t<\/div>\n\t\t\t\t<\/div>\n\t\t<div class=\"elementor-element elementor-element-2c59809e e-flex e-con-boxed e-con e-parent\" data-id=\"2c59809e\" data-element_type=\"container\" data-e-type=\"container\" data-settings=\"{&quot;background_background&quot;:&quot;classic&quot;}\">\n\t\t\t\t\t<div class=\"e-con-inner\">\n\t\t<div class=\"elementor-element elementor-element-3d001d75 e-flex e-con-boxed e-con e-child\" data-id=\"3d001d75\" data-element_type=\"container\" data-e-type=\"container\">\n\t\t\t\t\t<div class=\"e-con-inner\">\n\t\t\t\t<div class=\"elementor-element elementor-element-0bb14a5 elementor-widget elementor-widget-image\" data-id=\"0bb14a5\" data-element_type=\"widget\" data-e-type=\"widget\" data-widget_type=\"image.default\">\n\t\t\t\t<div class=\"elementor-widget-container\">\n\t\t\t\t\t\t\t\t\t\t\t\t\t\t\t<img loading=\"lazy\" decoding=\"async\" width=\"1536\" height=\"807\" src=\"https:\/\/miritglas.com\/wp-content\/uploads\/2023\/08\/mirit-iso-i-glas-1536x807.jpeg\" class=\"attachment-1536x1536 size-1536x1536 wp-image-1023\" alt=\"Mirit Glas er ISO 9001:2015-certificeret\" srcset=\"https:\/\/miritglas.com\/wp-content\/uploads\/2023\/08\/mirit-iso-i-glas-1536x807.jpeg 1536w, https:\/\/miritglas.com\/wp-content\/uploads\/2023\/08\/mirit-iso-i-glas-300x158.jpeg 300w, https:\/\/miritglas.com\/wp-content\/uploads\/2023\/08\/mirit-iso-i-glas-1024x538.jpeg 1024w, https:\/\/miritglas.com\/wp-content\/uploads\/2023\/08\/mirit-iso-i-glas-768x403.jpeg 768w, https:\/\/miritglas.com\/wp-content\/uploads\/2023\/08\/mirit-iso-i-glas-2048x1076.jpeg 2048w\" sizes=\"(max-width: 1536px) 100vw, 1536px\" title=\"\">\t\t\t\t\t\t\t\t\t\t\t\t\t\t\t<\/div>\n\t\t\t\t<\/div>\n\t\t\t\t<div class=\"elementor-element elementor-element-2fb8132b elementor-widget elementor-widget-text-editor\" data-id=\"2fb8132b\" data-element_type=\"widget\" data-e-type=\"widget\" data-widget_type=\"text-editor.default\">\n\t\t\t\t<div class=\"elementor-widget-container\">\n\t\t\t\t\t\t\t\t\t<h3>S\u00e5 kommer f\u00f6rb\u00e4ttringarna kunderna till godo<\/h3>\n<p>Som allsidig och specialiserad leverant\u00f6r av glasl\u00f6sningar \u00e4r ISO-certifieringen ett naturligt steg f\u00f6r Mirit Glas. Den ska s\u00e4kerst\u00e4lla att vi \u00e4ven i framtiden kan f\u00f6rse v\u00e5ra kunder med b\u00e4st t\u00e4nkbara kvalitet \u2013 b\u00e5de n\u00e4r det g\u00e4ller bearbetning men \u00e4ven n\u00e4r det g\u00e4ller leveranshastighet och leveranss\u00e4kerhet.<\/p>\n<p>Tillsammans med certifieringsspecialisten Intertek har Mirit Glas kartlagt rutiner och procedurer f\u00f6r att s\u00e4kerst\u00e4lla att vi kan forts\u00e4tta att fokusera p\u00e5 kvalitet n\u00e4r vi ska leverera glas till v\u00e5ra kunder.<\/p>\n<p>I praktiken inneb\u00e4r det att vi fr\u00e5n den f\u00f6rsta dialogen med kunderna tills de f\u00e4rdiga glasen levereras har total koll p\u00e5 processen.<\/p>\n<p><strong>Vi hanterar standarder och br\u00e5dskande leveranser<\/strong><\/p>\n<p>N\u00e4r en kund best\u00e4ller synglas som lever upp till en DIN-norm eller en ISO-standard s\u00e5 vet alla i hela kedjan hur en s\u00e5dan order ska effektueras.<\/p>\n<p>D\u00e4rf\u00f6r kan vi ta emot br\u00e5dskande order om olyckan \u00e4r framme och ett f\u00f6retag m\u00e5ste stoppa produktionen tills de f\u00e5r ett s\u00e4rskilt synglas som \u00e4r avg\u00f6rande f\u00f6r produktionen.<\/p>\n<p>\u00d6verblicken inneb\u00e4r \u00e4ven att vi i produktionen utan problem kan v\u00e4xla fr\u00e5n att tillverka <a href=\"https:\/\/miritglas.com\/sv\/produkter\/synglas\/\">synglas<\/a> till att leverera <a href=\"https:\/\/miritglas.com\/sv\/produkter\/sakerhetsglas\/\">s\u00e4kerhetsglas<\/a> f\u00f6r r\u00e4ddningsb\u00e5tar eller <a href=\"https:\/\/miritglas.com\/sv\/produkter\/kemiskt-haerdat-glas\/\">kemiskt h\u00e4rdat gla<\/a>s som ska anv\u00e4ndas till infostativ eller andra digital signage-l\u00f6sningar ute hos v\u00e5ra kunder.<\/p>\n<p>V\u00e5ra konsulter ser till att de har n\u00f6dv\u00e4ndiga specifikationer. I produktionen inneb\u00e4r valideringen av v\u00e5r maskinpark, tillsammans med de fastst\u00e4llda rutinerna, att vi p\u00e5 ett rationellt s\u00e4tt kan tillverka och leverera glas f\u00f6r alla slags aff\u00e4rsl\u00f6sningar<\/p>\n\t\t\t\t\t\t\t\t<\/div>\n\t\t\t\t<\/div>\n\t\t\t\t\t<\/div>\n\t\t\t\t<\/div>\n\t\t\t\t\t<\/div>\n\t\t\t\t<\/div>\n\t\t\t\t<\/div>\n\t\t","protected":false},"excerpt":{"rendered":"<p>Mirit Glas \u00e4r ISO 9001:2015-certifierat Vi lever upp till nutidens standarder s\u00e5 att vi kan leverera r\u00e4tt glas som g\u00f6r v\u00e5ra kunder konkurrenskraftiga. Den moderna v\u00e4rlden kr\u00e4ver fokus p\u00e5 kvalitet och kvalitetshantering. D\u00e4rf\u00f6r har Mirit Glas tagit steget att bli ISO 9001:2015-certifierat. V\u00e5ra kunder vill ha l\u00f6sningar som \u00e4r specialanpassade f\u00f6r dem, och h\u00e4r kan [&hellip;]<\/p>\n","protected":false},"author":1,"featured_media":1023,"parent":0,"menu_order":0,"comment_status":"closed","ping_status":"closed","template":"","meta":{"_acf_changed":false,"footnotes":""},"class_list":["post-2913","page","type-page","status-publish","has-post-thumbnail","hentry"],"acf":[],"_links":{"self":[{"href":"https:\/\/miritglas.com\/sv\/wp-json\/wp\/v2\/pages\/2913","targetHints":{"allow":["GET"]}}],"collection":[{"href":"https:\/\/miritglas.com\/sv\/wp-json\/wp\/v2\/pages"}],"about":[{"href":"https:\/\/miritglas.com\/sv\/wp-json\/wp\/v2\/types\/page"}],"author":[{"embeddable":true,"href":"https:\/\/miritglas.com\/sv\/wp-json\/wp\/v2\/users\/1"}],"replies":[{"embeddable":true,"href":"https:\/\/miritglas.com\/sv\/wp-json\/wp\/v2\/comments?post=2913"}],"version-history":[{"count":7,"href":"https:\/\/miritglas.com\/sv\/wp-json\/wp\/v2\/pages\/2913\/revisions"}],"predecessor-version":[{"id":4225,"href":"https:\/\/miritglas.com\/sv\/wp-json\/wp\/v2\/pages\/2913\/revisions\/4225"}],"wp:featuredmedia":[{"embeddable":true,"href":"https:\/\/miritglas.com\/sv\/wp-json\/wp\/v2\/media\/1023"}],"wp:attachment":[{"href":"https:\/\/miritglas.com\/sv\/wp-json\/wp\/v2\/media?parent=2913"}],"curies":[{"name":"wp","href":"https:\/\/api.w.org\/{rel}","templated":true}]}}