{"id":2907,"date":"2023-08-22T16:31:23","date_gmt":"2023-08-22T14:31:23","guid":{"rendered":"https:\/\/miritglas.com\/braadskande-leverans\/"},"modified":"2023-09-19T14:36:51","modified_gmt":"2023-09-19T12:36:51","slug":"braadskande-leverans","status":"publish","type":"page","link":"https:\/\/miritglas.com\/sv\/braadskande-leverans\/","title":{"rendered":"Br\u00e5dskande leverans"},"content":{"rendered":"\t\t<div data-elementor-type=\"wp-page\" data-elementor-id=\"2907\" class=\"elementor elementor-2907 elementor-980\" data-elementor-post-type=\"page\">\n\t\t\t\t<div class=\"elementor-element elementor-element-31d985f2 e-flex e-con-boxed e-con e-parent\" data-id=\"31d985f2\" data-element_type=\"container\" data-e-type=\"container\">\n\t\t\t\t\t<div class=\"e-con-inner\">\n\t\t<div class=\"elementor-element elementor-element-2a5e2725 e-con-full e-flex e-con e-parent\" data-id=\"2a5e2725\" data-element_type=\"container\" data-e-type=\"container\">\n\t\t\t\t<div class=\"elementor-element elementor-element-6c4edc84 elementor-widget elementor-widget-text-editor\" data-id=\"6c4edc84\" data-element_type=\"widget\" data-e-type=\"widget\" data-widget_type=\"text-editor.default\">\n\t\t\t\t<div class=\"elementor-widget-container\">\n\t\t\t\t\t\t\t\t\t<h2>Br\u00e5dskande leverans \u2013 n\u00e4r det \u00e4r kritiskt<\/h2>\r\nVi upplever regelbundet att v\u00e5ra kunder \u00e4r i akut behov av ett speciellt glas \u2013 antingen p\u00e5 grund av haveri eller av andra sk\u00e4l. P\u00e5 Mirit Glas \u00e4r vi stolta \u00f6ver att hj\u00e4lpa v\u00e5ra kunder och \u00e4r ocks\u00e5 redo f\u00f6r en akut leverans om ett pl\u00f6tsligt behov uppst\u00e5r hos v\u00e5ra kunder.\r\nP\u00e5 grund av v\u00e5ra v\u00e4lsorterade r\u00e5varulager, m\u00e5nga \u00e5rs erfarenhet och v\u00e5r flexibla produktionsapparat har vi m\u00f6jlighet att erbjuda br\u00e5dskande leveranser av m\u00e5nga typer av uppgifter.\r\n\r\nD\u00e4rf\u00f6r har vi under m\u00e5nga \u00e5r varit en f\u00f6redragen leverant\u00f6r n\u00e4r ett pl\u00f6tsligt behov av en akut leverans uppst\u00e5r.\t\t\t\t\t\t\t\t<\/div>\n\t\t\t\t<\/div>\n\t\t\t\t<div class=\"elementor-element elementor-element-1244bd94 elementor-widget elementor-widget-button\" data-id=\"1244bd94\" data-element_type=\"widget\" data-e-type=\"widget\" data-widget_type=\"button.default\">\n\t\t\t\t<div class=\"elementor-widget-container\">\n\t\t\t\t\t\t\t\t\t<div class=\"elementor-button-wrapper\">\n\t\t\t\t\t<a class=\"elementor-button elementor-button-link elementor-size-md\" href=\"https:\/\/miritglas.com\/sv\/kontakta-oss\/\">\n\t\t\t\t\t\t<span class=\"elementor-button-content-wrapper\">\n\t\t\t\t\t\t\t\t\t<span class=\"elementor-button-text\">Kontakta oss idag<\/span>\n\t\t\t\t\t<\/span>\n\t\t\t\t\t<\/a>\n\t\t\t\t<\/div>\n\t\t\t\t\t\t\t\t<\/div>\n\t\t\t\t<\/div>\n\t\t\t\t<\/div>\n\t\t<div class=\"elementor-element elementor-element-25ab9234 e-con-full e-flex e-con e-parent\" data-id=\"25ab9234\" data-element_type=\"container\" data-e-type=\"container\">\n\t\t\t\t<div class=\"elementor-element elementor-element-5ca076f6 elementor-absolute elementor-widget elementor-widget-global elementor-global-634 elementor-widget-image\" data-id=\"5ca076f6\" data-element_type=\"widget\" data-e-type=\"widget\" data-settings=\"{&quot;_position&quot;:&quot;absolute&quot;}\" data-widget_type=\"image.default\">\n\t\t\t\t<div class=\"elementor-widget-container\">\n\t\t\t\t\t\t\t\t\t\t\t\t\t\t\t<img fetchpriority=\"high\" decoding=\"async\" width=\"230\" height=\"230\" src=\"https:\/\/miritglas.com\/wp-content\/uploads\/2023\/08\/logo-icon.png\" class=\"attachment-medium size-medium wp-image-169\" alt=\"Mirit glas logo.\" srcset=\"https:\/\/miritglas.com\/wp-content\/uploads\/2023\/08\/logo-icon.png 230w, https:\/\/miritglas.com\/wp-content\/uploads\/2023\/08\/logo-icon-150x150.png 150w\" sizes=\"(max-width: 230px) 100vw, 230px\" title=\"\">\t\t\t\t\t\t\t\t\t\t\t\t\t\t\t<\/div>\n\t\t\t\t<\/div>\n\t\t<div class=\"elementor-element elementor-element-4f22b3d6 e-flex e-con-boxed e-con e-parent\" data-id=\"4f22b3d6\" data-element_type=\"container\" data-e-type=\"container\" data-settings=\"{&quot;background_background&quot;:&quot;classic&quot;}\">\n\t\t\t\t\t<div class=\"e-con-inner\">\n\t\t\t\t<div class=\"elementor-element elementor-element-4d8e619 elementor-widget elementor-widget-image\" data-id=\"4d8e619\" data-element_type=\"widget\" data-e-type=\"widget\" data-widget_type=\"image.default\">\n\t\t\t\t<div class=\"elementor-widget-container\">\n\t\t\t\t\t\t\t\t\t\t\t\t\t\t\t<img decoding=\"async\" width=\"300\" height=\"254\" src=\"https:\/\/miritglas.com\/wp-content\/uploads\/2023\/08\/mirit-haste-kanin-300x254.jpeg\" class=\"attachment-medium size-medium wp-image-985\" alt=\"Hastelevering glas | Glasproducentens ekspres-service for hurtig produktion og levering af specialglas efter ordre med kort varsel, designet til akutte projektbehov, kunder med deadlines eller hasteopgaver hvor standard leveringstid ikke er tilstr\u00e6kkelig.\" srcset=\"https:\/\/miritglas.com\/wp-content\/uploads\/2023\/08\/mirit-haste-kanin-300x254.jpeg 300w, https:\/\/miritglas.com\/wp-content\/uploads\/2023\/08\/mirit-haste-kanin.jpeg 709w\" sizes=\"(max-width: 300px) 100vw, 300px\" title=\"\">\t\t\t\t\t\t\t\t\t\t\t\t\t\t\t<\/div>\n\t\t\t\t<\/div>\n\t\t\t\t<div class=\"elementor-element elementor-element-46ecd19d elementor-widget elementor-widget-text-editor\" data-id=\"46ecd19d\" data-element_type=\"widget\" data-e-type=\"widget\" data-widget_type=\"text-editor.default\">\n\t\t\t\t<div class=\"elementor-widget-container\">\n\t\t\t\t\t\t\t\t\t<p>Snabbt glas kallar vi det n\u00e4r saker m\u00e5ste g\u00e5 snabbt. Kontakta oss s\u00e5 ordnar vi br\u00e5dskande leverans av glas<\/p>\n\t\t\t\t\t\t\t\t<\/div>\n\t\t\t\t<\/div>\n\t\t\t\t\t<\/div>\n\t\t\t\t<\/div>\n\t\t\t\t<\/div>\n\t\t\t\t\t<\/div>\n\t\t\t\t<\/div>\n\t\t\t\t<\/div>\n\t\t","protected":false},"excerpt":{"rendered":"<p>Br\u00e5dskande leverans \u2013 n\u00e4r det \u00e4r kritiskt Vi upplever regelbundet att v\u00e5ra kunder \u00e4r i akut behov av ett speciellt glas \u2013 antingen p\u00e5 grund av haveri eller av andra sk\u00e4l. P\u00e5 Mirit Glas \u00e4r vi stolta \u00f6ver att hj\u00e4lpa v\u00e5ra kunder och \u00e4r ocks\u00e5 redo f\u00f6r en akut leverans om ett pl\u00f6tsligt behov uppst\u00e5r [&hellip;]<\/p>\n","protected":false},"author":1,"featured_media":985,"parent":0,"menu_order":0,"comment_status":"closed","ping_status":"closed","template":"","meta":{"_acf_changed":false,"footnotes":""},"class_list":["post-2907","page","type-page","status-publish","has-post-thumbnail","hentry"],"acf":[],"_links":{"self":[{"href":"https:\/\/miritglas.com\/sv\/wp-json\/wp\/v2\/pages\/2907","targetHints":{"allow":["GET"]}}],"collection":[{"href":"https:\/\/miritglas.com\/sv\/wp-json\/wp\/v2\/pages"}],"about":[{"href":"https:\/\/miritglas.com\/sv\/wp-json\/wp\/v2\/types\/page"}],"author":[{"embeddable":true,"href":"https:\/\/miritglas.com\/sv\/wp-json\/wp\/v2\/users\/1"}],"replies":[{"embeddable":true,"href":"https:\/\/miritglas.com\/sv\/wp-json\/wp\/v2\/comments?post=2907"}],"version-history":[{"count":6,"href":"https:\/\/miritglas.com\/sv\/wp-json\/wp\/v2\/pages\/2907\/revisions"}],"predecessor-version":[{"id":3446,"href":"https:\/\/miritglas.com\/sv\/wp-json\/wp\/v2\/pages\/2907\/revisions\/3446"}],"wp:featuredmedia":[{"embeddable":true,"href":"https:\/\/miritglas.com\/sv\/wp-json\/wp\/v2\/media\/985"}],"wp:attachment":[{"href":"https:\/\/miritglas.com\/sv\/wp-json\/wp\/v2\/media?parent=2907"}],"curies":[{"name":"wp","href":"https:\/\/api.w.org\/{rel}","templated":true}]}}