{"id":2903,"date":"2023-08-22T14:56:45","date_gmt":"2023-08-22T12:56:45","guid":{"rendered":"https:\/\/miritglas.com\/om-mirit\/"},"modified":"2023-11-13T12:45:58","modified_gmt":"2023-11-13T11:45:58","slug":"om-mirit","status":"publish","type":"page","link":"https:\/\/miritglas.com\/sv\/om-mirit\/","title":{"rendered":"Om Mirit"},"content":{"rendered":"\t\t<div data-elementor-type=\"wp-page\" data-elementor-id=\"2903\" class=\"elementor elementor-2903 elementor-889\" data-elementor-post-type=\"page\">\n\t\t\t\t<div class=\"elementor-element elementor-element-107b2d3 e-flex e-con-boxed e-con e-parent\" data-id=\"107b2d3\" data-element_type=\"container\" data-e-type=\"container\">\n\t\t\t\t\t<div class=\"e-con-inner\">\n\t\t<div class=\"elementor-element elementor-element-5c0d2dc8 e-con-full e-flex e-con e-parent\" data-id=\"5c0d2dc8\" data-element_type=\"container\" data-e-type=\"container\">\n\t\t\t\t<div class=\"elementor-element elementor-element-7b22229e elementor-widget elementor-widget-text-editor\" data-id=\"7b22229e\" data-element_type=\"widget\" data-e-type=\"widget\" data-widget_type=\"text-editor.default\">\n\t\t\t\t<div class=\"elementor-widget-container\">\n\t\t\t\t\t\t\t\t\t<h2>Vi vill vara den professionella marknadens valda leverant\u00f6r av individuella glasl\u00f6sningar.<\/h2>\r\nMirit Glas \u00e4r mer \u00e4n ett traditionellt tillverkningsf\u00f6retag. Vi \u00e4r en kontraktstillverkare och ett tj\u00e4nste- och handelsf\u00f6retag som levererar b\u00e5de stora serier och mycket sm\u00e5 enskilda delar.\r\n\r\nVi tillhandah\u00e5ller ett brett sortiment av glasprodukter som alla tillverkas p\u00e5 best\u00e4llning. Samtidigt har vi ocks\u00e5 ett av Danmarks mest v\u00e4lsorterade r\u00e5varulager.\r\n\r\nVill du veta mer om vad Mirit Glas kan g\u00f6ra f\u00f6r dig? Kontakta oss h\u00e4r.\t\t\t\t\t\t\t\t<\/div>\n\t\t\t\t<\/div>\n\t\t\t\t<div class=\"elementor-element elementor-element-33b68f42 elementor-widget elementor-widget-button\" data-id=\"33b68f42\" data-element_type=\"widget\" data-e-type=\"widget\" data-widget_type=\"button.default\">\n\t\t\t\t<div class=\"elementor-widget-container\">\n\t\t\t\t\t\t\t\t\t<div class=\"elementor-button-wrapper\">\n\t\t\t\t\t<a class=\"elementor-button elementor-button-link elementor-size-md\" href=\"https:\/\/miritglas.com\/sv\/kontakta-oss\/\">\n\t\t\t\t\t\t<span class=\"elementor-button-content-wrapper\">\n\t\t\t\t\t\t\t\t\t<span class=\"elementor-button-text\">Kontakta oss idag<\/span>\n\t\t\t\t\t<\/span>\n\t\t\t\t\t<\/a>\n\t\t\t\t<\/div>\n\t\t\t\t\t\t\t\t<\/div>\n\t\t\t\t<\/div>\n\t\t\t\t<\/div>\n\t\t<div class=\"elementor-element elementor-element-50c2d220 e-con-full e-flex e-con e-parent\" data-id=\"50c2d220\" data-element_type=\"container\" data-e-type=\"container\">\n\t\t\t\t<div class=\"elementor-element elementor-element-5dca73bd elementor-absolute elementor-widget elementor-widget-global elementor-global-634 elementor-widget-image\" data-id=\"5dca73bd\" data-element_type=\"widget\" data-e-type=\"widget\" data-settings=\"{&quot;_position&quot;:&quot;absolute&quot;}\" data-widget_type=\"image.default\">\n\t\t\t\t<div class=\"elementor-widget-container\">\n\t\t\t\t\t\t\t\t\t\t\t\t\t\t\t<img fetchpriority=\"high\" decoding=\"async\" width=\"230\" height=\"230\" src=\"https:\/\/miritglas.com\/wp-content\/uploads\/2023\/08\/logo-icon.png\" class=\"attachment-medium size-medium wp-image-169\" alt=\"Mirit glas logo.\" srcset=\"https:\/\/miritglas.com\/wp-content\/uploads\/2023\/08\/logo-icon.png 230w, https:\/\/miritglas.com\/wp-content\/uploads\/2023\/08\/logo-icon-150x150.png 150w\" sizes=\"(max-width: 230px) 100vw, 230px\" title=\"\">\t\t\t\t\t\t\t\t\t\t\t\t\t\t\t<\/div>\n\t\t\t\t<\/div>\n\t\t\t\t<div class=\"elementor-element elementor-element-b45dc29 elementor-widget elementor-widget-video\" data-id=\"b45dc29\" data-element_type=\"widget\" data-e-type=\"widget\" data-settings=\"{&quot;youtube_url&quot;:&quot;https:\\\/\\\/www.youtube.com\\\/watch?v=nERL-dPnT0U&quot;,&quot;yt_privacy&quot;:&quot;yes&quot;,&quot;lazy_load&quot;:&quot;yes&quot;,&quot;show_image_overlay&quot;:&quot;yes&quot;,&quot;image_overlay&quot;:{&quot;url&quot;:&quot;https:\\\/\\\/miritglas.com\\\/wp-content\\\/uploads\\\/2023\\\/08\\\/VIDEO-Mirit-Glas-\\u2013-Skandinaviens-foretrukne-glasleverandoer.jpg&quot;,&quot;id&quot;:891,&quot;size&quot;:&quot;&quot;,&quot;alt&quot;:&quot;&quot;,&quot;source&quot;:&quot;library&quot;},&quot;video_type&quot;:&quot;youtube&quot;,&quot;controls&quot;:&quot;yes&quot;}\" data-widget_type=\"video.default\">\n\t\t\t\t<div class=\"elementor-widget-container\">\n\t\t\t\t\t\t\t<div class=\"elementor-wrapper elementor-open-inline\">\n\t\t\t<div class=\"elementor-video\"><\/div>\t\t\t\t<div class=\"elementor-custom-embed-image-overlay\" style=\"background-image: url(https:\/\/miritglas.com\/wp-content\/uploads\/2023\/08\/VIDEO-Mirit-Glas-\u2013-Skandinaviens-foretrukne-glasleverandoer.jpg);\">\n\t\t\t\t\t\t\t\t\t\t\t\t\t\t\t\t<div class=\"elementor-custom-embed-play\" role=\"button\" aria-label=\"Spela videoklipp\" tabindex=\"0\">\n\t\t\t\t\t\t\t<svg aria-hidden=\"true\" class=\"e-font-icon-svg e-eicon-play\" viewBox=\"0 0 1000 1000\" xmlns=\"http:\/\/www.w3.org\/2000\/svg\"><path d=\"M838 162C746 71 633 25 500 25 371 25 258 71 163 162 71 254 25 367 25 500 25 633 71 746 163 837 254 929 367 979 500 979 633 979 746 933 838 837 929 746 975 633 975 500 975 367 929 254 838 162M808 192C892 279 933 379 933 500 933 621 892 725 808 808 725 892 621 938 500 938 379 938 279 896 196 808 113 725 67 621 67 500 67 379 108 279 196 192 279 108 383 62 500 62 621 62 721 108 808 192M438 392V642L642 517 438 392Z\"><\/path><\/svg>\t\t\t\t\t\t<\/div>\n\t\t\t\t\t\t\t\t\t<\/div>\n\t\t\t\t\t<\/div>\n\t\t\t\t\t\t<\/div>\n\t\t\t\t<\/div>\n\t\t\t\t<\/div>\n\t\t\t\t\t<\/div>\n\t\t\t\t<\/div>\n\t\t<div class=\"elementor-element elementor-element-28e195ed e-flex e-con-boxed e-con e-parent\" data-id=\"28e195ed\" data-element_type=\"container\" data-e-type=\"container\" data-settings=\"{&quot;background_background&quot;:&quot;classic&quot;}\">\n\t\t\t\t\t<div class=\"e-con-inner\">\n\t\t<div class=\"elementor-element elementor-element-a04c800 e-flex e-con-boxed e-con e-parent\" data-id=\"a04c800\" data-element_type=\"container\" data-e-type=\"container\">\n\t\t\t\t\t<div class=\"e-con-inner\">\n\t\t\t\t<div class=\"elementor-element elementor-element-1f29247 elementor-widget elementor-widget-text-editor\" data-id=\"1f29247\" data-element_type=\"widget\" data-e-type=\"widget\" data-widget_type=\"text-editor.default\">\n\t\t\t\t<div class=\"elementor-widget-container\">\n\t\t\t\t\t\t\t\t\t<p><strong>L\u00f6sningsorienterad<\/strong><br \/>\nVi levererar l\u00f6sningar till v\u00e5ra kunder eftersom vi s\u00e4tter oss in i deras specifika behov. Med gedigen kunskap om materialet glas, engagemang och kunskap om marknaden, \u00e4r vi en innovativ och kreativ sparringpartner som hittar de b\u00e4sta l\u00f6sningarna tillsammans med v\u00e5ra kunder. Skulle det h\u00e4nda att vi inte kan tillverka en specifik vara, vet vi n\u00e5gon som kan. Det \u00e4r d\u00e4rf\u00f6r v\u00e5ra kunder aldrig kontaktar oss f\u00f6rg\u00e4ves.<\/p>\n<p><strong>Flexibilitet<\/strong><br \/>\nSom kontraktstillverkande leverant\u00f6r till hela den skandinaviska marknaden, vet vi att flexibilitet \u00e4r viktigt. Detta g\u00e4ller b\u00e5de f\u00f6r best\u00e4llningens utformning och leveranstid; vi \u00e4r inte bundna till fasta normer, utan finner tillsammans med v\u00e5ra kunder det som passar b\u00e4st.<\/p>\n<p>V\u00e5r CNC-maskinpark har kapacitet att tillverka stora serier men \u00e4ven storlekar och antal som \u00e4r f\u00f6r sm\u00e5 f\u00f6r traditionella f\u00f6retag inom glasbranchen.<\/p>\n<p>Dessutom kan vi frig\u00f6ra en del av v\u00e5r produktionsanl\u00e4ggning f\u00f6r snabbleveranser.<\/p>\n<p><strong>Leveranss\u00e4kerhet<\/strong><br \/>\nVi h\u00e5ller vad vi lovar. Vi levererar den \u00f6verenskomna l\u00f6sningen till det \u00f6verenskomna priset och p\u00e5 avtalad tid. Mirit glass m\u00e5ng\u00e5riga erfarenhet av br\u00e5dskande leveranser g\u00f6r att f\u00f6retaget pr\u00e4glas av leveransviljan i tid.<\/p>\n<p><strong>Gennem tre generationer<\/strong><br \/>\nMiritMirit Glas \u00e4r till 100 % privat\u00e4gt och var\u00a0<a href=\"https:\/\/miritglas.com\/se\/det-gamle-arkiv\/\">Danmarks f\u00f6rsta glash\u00e4rdningsf\u00f6retag som bildades 1952<\/a>. Idag har vi huvudkontor i K\u00f6penhamn och produktion i s\u00f6dra Jylland.<\/p>\n<p>I v\u00e5r produktion anv\u00e4nder vi v\u00e5ra helautomatiserade CNC-maskiner, men alltid med respekt f\u00f6r hantverket. Vi kan glasets fysiologi och m\u00f6jligheter. Det \u00e4r den hantverkstradition, den kompetens och den erfarenhet genom tre generationer, som gett Mirit Glas dess rykte som den b\u00e4sta leverant\u00f6ren av individuella glasl\u00f6sningar f\u00f6r den professionella marknaden.<\/p>\n\t\t\t\t\t\t\t\t<\/div>\n\t\t\t\t<\/div>\n\t\t\t\t\t<\/div>\n\t\t\t\t<\/div>\n\t\t\t\t\t<\/div>\n\t\t\t\t<\/div>\n\t\t<div class=\"elementor-element elementor-element-2e2752a e-flex e-con-boxed e-con e-parent\" data-id=\"2e2752a\" data-element_type=\"container\" data-e-type=\"container\">\n\t\t\t\t\t<div class=\"e-con-inner\">\n\t\t<div class=\"elementor-element elementor-element-10b7059 e-con-full e-flex e-con e-parent\" data-id=\"10b7059\" data-element_type=\"container\" data-e-type=\"container\">\n\t\t\t\t<div class=\"elementor-element elementor-element-7793609 elementor-widget elementor-widget-text-editor\" data-id=\"7793609\" data-element_type=\"widget\" data-e-type=\"widget\" data-widget_type=\"text-editor.default\">\n\t\t\t\t<div class=\"elementor-widget-container\">\n\t\t\t\t\t\t\t\t\t<h3>Mirit Glas \u00e4r ISO-certifierad<\/h3>\n<p>Vi arbetar st\u00e4ndigt med att f\u00f6rb\u00e4ttra v\u00e5ra processer, v\u00e4rderingar och rutiner. I forts\u00e4ttningen p\u00e5 detta har <a href=\"https:\/\/miritglas.com\/sv\/iso-9001-certificering\/\">Mirit Glas blivit ISO 9001-certifierad<\/a>.<\/p>\n<p>ISO 9001 \u00e4r en internationell standard f\u00f6r kvalitetsledning. Det anv\u00e4nds f\u00f6r att implementera, underh\u00e5lla och utveckla ett kvalitetsledningssystem f\u00f6r att leda f\u00f6retaget och s\u00e4kerst\u00e4lla att kvaliteten \u00e4r i enlighet med de angivna kraven.<\/p>\n<p>ISO 9001-certifieringen ska bland annat bidra till att s\u00e4kerst\u00e4lla en effektiv f\u00f6rvaltning och strukturerad kunddialog, s\u00e5 att vi kan ge b\u00e4sta service till v\u00e5ra kunder.<\/p>\n<p>Vill du veta mer om vad Mirit Glas kan g\u00f6ra f\u00f6r dig? Kontakta oss d\u00e5 h\u00e4r.<\/p>\n\t\t\t\t\t\t\t\t<\/div>\n\t\t\t\t<\/div>\n\t\t\t\t<div class=\"elementor-element elementor-element-959d3fe elementor-widget elementor-widget-button\" data-id=\"959d3fe\" data-element_type=\"widget\" data-e-type=\"widget\" data-widget_type=\"button.default\">\n\t\t\t\t<div class=\"elementor-widget-container\">\n\t\t\t\t\t\t\t\t\t<div class=\"elementor-button-wrapper\">\n\t\t\t\t\t<a class=\"elementor-button elementor-button-link elementor-size-md\" href=\"https:\/\/miritglas.com\/sv\/kontakta-oss\/\">\n\t\t\t\t\t\t<span class=\"elementor-button-content-wrapper\">\n\t\t\t\t\t\t\t\t\t<span class=\"elementor-button-text\">Kontakta oss idag<\/span>\n\t\t\t\t\t<\/span>\n\t\t\t\t\t<\/a>\n\t\t\t\t<\/div>\n\t\t\t\t\t\t\t\t<\/div>\n\t\t\t\t<\/div>\n\t\t\t\t<\/div>\n\t\t<div class=\"elementor-element elementor-element-52111d6 e-con-full e-flex e-con e-parent\" data-id=\"52111d6\" data-element_type=\"container\" data-e-type=\"container\">\n\t\t\t\t<div class=\"elementor-element elementor-element-bef9070 elementor-widget elementor-widget-video\" data-id=\"bef9070\" data-element_type=\"widget\" data-e-type=\"widget\" data-settings=\"{&quot;youtube_url&quot;:&quot;https:\\\/\\\/www.youtube.com\\\/watch?v=nERL-dPnT0U&quot;,&quot;yt_privacy&quot;:&quot;yes&quot;,&quot;lazy_load&quot;:&quot;yes&quot;,&quot;show_image_overlay&quot;:&quot;yes&quot;,&quot;image_overlay&quot;:{&quot;url&quot;:&quot;https:\\\/\\\/miritglas.com\\\/wp-content\\\/uploads\\\/2023\\\/08\\\/VIDEO-Mirit-Glas-\\u2013-Skandinaviens-foretrukne-glasleverandoer.jpg&quot;,&quot;id&quot;:891,&quot;size&quot;:&quot;&quot;,&quot;alt&quot;:&quot;&quot;,&quot;source&quot;:&quot;library&quot;},&quot;video_type&quot;:&quot;youtube&quot;,&quot;controls&quot;:&quot;yes&quot;}\" data-widget_type=\"video.default\">\n\t\t\t\t<div class=\"elementor-widget-container\">\n\t\t\t\t\t\t\t<div class=\"elementor-wrapper elementor-open-inline\">\n\t\t\t<div class=\"elementor-video\"><\/div>\t\t\t\t<div class=\"elementor-custom-embed-image-overlay\" style=\"background-image: url(https:\/\/miritglas.com\/wp-content\/uploads\/2023\/08\/VIDEO-Mirit-Glas-\u2013-Skandinaviens-foretrukne-glasleverandoer.jpg);\">\n\t\t\t\t\t\t\t\t\t\t\t\t\t\t\t\t<div class=\"elementor-custom-embed-play\" role=\"button\" aria-label=\"Spela videoklipp\" tabindex=\"0\">\n\t\t\t\t\t\t\t<svg aria-hidden=\"true\" class=\"e-font-icon-svg e-eicon-play\" viewBox=\"0 0 1000 1000\" xmlns=\"http:\/\/www.w3.org\/2000\/svg\"><path d=\"M838 162C746 71 633 25 500 25 371 25 258 71 163 162 71 254 25 367 25 500 25 633 71 746 163 837 254 929 367 979 500 979 633 979 746 933 838 837 929 746 975 633 975 500 975 367 929 254 838 162M808 192C892 279 933 379 933 500 933 621 892 725 808 808 725 892 621 938 500 938 379 938 279 896 196 808 113 725 67 621 67 500 67 379 108 279 196 192 279 108 383 62 500 62 621 62 721 108 808 192M438 392V642L642 517 438 392Z\"><\/path><\/svg>\t\t\t\t\t\t<\/div>\n\t\t\t\t\t\t\t\t\t<\/div>\n\t\t\t\t\t<\/div>\n\t\t\t\t\t\t<\/div>\n\t\t\t\t<\/div>\n\t\t\t\t<\/div>\n\t\t\t\t\t<\/div>\n\t\t\t\t<\/div>\n\t\t\t\t<\/div>\n\t\t","protected":false},"excerpt":{"rendered":"<p>Vi vill vara den professionella marknadens valda leverant\u00f6r av individuella glasl\u00f6sningar. Mirit Glas \u00e4r mer \u00e4n ett traditionellt tillverkningsf\u00f6retag. Vi \u00e4r en kontraktstillverkare och ett tj\u00e4nste- och handelsf\u00f6retag som levererar b\u00e5de stora serier och mycket sm\u00e5 enskilda delar. Vi tillhandah\u00e5ller ett brett sortiment av glasprodukter som alla tillverkas p\u00e5 best\u00e4llning. Samtidigt har vi ocks\u00e5 ett [&hellip;]<\/p>\n","protected":false},"author":1,"featured_media":0,"parent":0,"menu_order":0,"comment_status":"closed","ping_status":"closed","template":"","meta":{"_acf_changed":false,"footnotes":""},"class_list":["post-2903","page","type-page","status-publish","hentry"],"acf":[],"_links":{"self":[{"href":"https:\/\/miritglas.com\/sv\/wp-json\/wp\/v2\/pages\/2903","targetHints":{"allow":["GET"]}}],"collection":[{"href":"https:\/\/miritglas.com\/sv\/wp-json\/wp\/v2\/pages"}],"about":[{"href":"https:\/\/miritglas.com\/sv\/wp-json\/wp\/v2\/types\/page"}],"author":[{"embeddable":true,"href":"https:\/\/miritglas.com\/sv\/wp-json\/wp\/v2\/users\/1"}],"replies":[{"embeddable":true,"href":"https:\/\/miritglas.com\/sv\/wp-json\/wp\/v2\/comments?post=2903"}],"version-history":[{"count":5,"href":"https:\/\/miritglas.com\/sv\/wp-json\/wp\/v2\/pages\/2903\/revisions"}],"predecessor-version":[{"id":4124,"href":"https:\/\/miritglas.com\/sv\/wp-json\/wp\/v2\/pages\/2903\/revisions\/4124"}],"wp:attachment":[{"href":"https:\/\/miritglas.com\/sv\/wp-json\/wp\/v2\/media?parent=2903"}],"curies":[{"name":"wp","href":"https:\/\/api.w.org\/{rel}","templated":true}]}}