{"id":2899,"date":"2024-08-11T15:38:38","date_gmt":"2024-08-11T13:38:38","guid":{"rendered":"https:\/\/miritglas.com\/produktion\/"},"modified":"2024-04-08T12:12:30","modified_gmt":"2024-04-08T10:12:30","slug":"glasproduktion","status":"publish","type":"page","link":"https:\/\/miritglas.com\/sv\/glasproduktion\/","title":{"rendered":"Produktion"},"content":{"rendered":"\t\t<div data-elementor-type=\"wp-page\" data-elementor-id=\"2899\" class=\"elementor elementor-2899 elementor-847\" data-elementor-post-type=\"page\">\n\t\t\t\t<div class=\"elementor-element elementor-element-64ed7c2d e-flex e-con-boxed e-con e-parent\" data-id=\"64ed7c2d\" data-element_type=\"container\" data-e-type=\"container\">\n\t\t\t\t\t<div class=\"e-con-inner\">\n\t\t<div class=\"elementor-element elementor-element-53da2df1 e-con-full e-flex e-con e-child\" data-id=\"53da2df1\" data-element_type=\"container\" data-e-type=\"container\">\n\t\t\t\t<div class=\"elementor-element elementor-element-c733da8 elementor-widget elementor-widget-text-editor\" data-id=\"c733da8\" data-element_type=\"widget\" data-e-type=\"widget\" data-widget_type=\"text-editor.default\">\n\t\t\t\t<div class=\"elementor-widget-container\">\n\t\t\t\t\t\t\t\t\t<h2>Glasproduktion och behandling av glas<\/h2>\r\n<strong>Mirit Glas \u00e4r specialister p\u00e5 glasproduktion och bearbeta glas<\/strong>\r\nP\u00e5 Mirit Glas \u00e4r vi specialister p\u00e5 glas, produktion och bearbetning av det. Vi levererar b\u00e5de enskilda glas med s\u00e4rskilda specifikationer och hela serier med flera tusen enheter. V\u00e5ran fabrik har personal och CNC-maskiner som \u00e4r enast\u00e5ende i Danmark.\t\t\t\t\t\t\t\t<\/div>\n\t\t\t\t<\/div>\n\t\t\t\t<div class=\"elementor-element elementor-element-380dc46a elementor-widget elementor-widget-button\" data-id=\"380dc46a\" data-element_type=\"widget\" data-e-type=\"widget\" data-widget_type=\"button.default\">\n\t\t\t\t<div class=\"elementor-widget-container\">\n\t\t\t\t\t\t\t\t\t<div class=\"elementor-button-wrapper\">\n\t\t\t\t\t<a class=\"elementor-button elementor-button-link elementor-size-md\" href=\"https:\/\/miritglas.com\/sv\/kontakta-oss\/\">\n\t\t\t\t\t\t<span class=\"elementor-button-content-wrapper\">\n\t\t\t\t\t\t\t\t\t<span class=\"elementor-button-text\">Kontakta oss idag<\/span>\n\t\t\t\t\t<\/span>\n\t\t\t\t\t<\/a>\n\t\t\t\t<\/div>\n\t\t\t\t\t\t\t\t<\/div>\n\t\t\t\t<\/div>\n\t\t\t\t<\/div>\n\t\t<div class=\"elementor-element elementor-element-464b207d e-con-full e-flex e-con e-child\" data-id=\"464b207d\" data-element_type=\"container\" data-e-type=\"container\">\n\t\t\t\t<div class=\"elementor-element elementor-element-20299609 elementor-absolute elementor-widget elementor-widget-global elementor-global-634 elementor-widget-image\" data-id=\"20299609\" data-element_type=\"widget\" data-e-type=\"widget\" data-settings=\"{&quot;_position&quot;:&quot;absolute&quot;}\" data-widget_type=\"image.default\">\n\t\t\t\t<div class=\"elementor-widget-container\">\n\t\t\t\t\t\t\t\t\t\t\t\t\t\t\t<img fetchpriority=\"high\" decoding=\"async\" width=\"230\" height=\"230\" src=\"https:\/\/miritglas.com\/wp-content\/uploads\/2023\/08\/logo-icon.png\" class=\"attachment-medium size-medium wp-image-169\" alt=\"Mirit glas logo.\" srcset=\"https:\/\/miritglas.com\/wp-content\/uploads\/2023\/08\/logo-icon.png 230w, https:\/\/miritglas.com\/wp-content\/uploads\/2023\/08\/logo-icon-150x150.png 150w\" sizes=\"(max-width: 230px) 100vw, 230px\" title=\"\">\t\t\t\t\t\t\t\t\t\t\t\t\t\t\t<\/div>\n\t\t\t\t<\/div>\n\t\t\t\t<div class=\"elementor-element elementor-element-4b55fe0 elementor-widget elementor-widget-video\" data-id=\"4b55fe0\" data-element_type=\"widget\" data-e-type=\"widget\" data-settings=\"{&quot;youtube_url&quot;:&quot;https:\\\/\\\/www.youtube.com\\\/watch?v=jijRh9D983Y&quot;,&quot;yt_privacy&quot;:&quot;yes&quot;,&quot;lazy_load&quot;:&quot;yes&quot;,&quot;show_image_overlay&quot;:&quot;yes&quot;,&quot;image_overlay&quot;:{&quot;url&quot;:&quot;https:\\\/\\\/miritglas.com\\\/wp-content\\\/uploads\\\/2023\\\/08\\\/mirit-video-produktion.jpeg&quot;,&quot;id&quot;:907,&quot;size&quot;:&quot;&quot;,&quot;alt&quot;:&quot;&quot;,&quot;source&quot;:&quot;library&quot;},&quot;video_type&quot;:&quot;youtube&quot;,&quot;controls&quot;:&quot;yes&quot;}\" data-widget_type=\"video.default\">\n\t\t\t\t<div class=\"elementor-widget-container\">\n\t\t\t\t\t\t\t<div class=\"elementor-wrapper elementor-open-inline\">\n\t\t\t<div class=\"elementor-video\"><\/div>\t\t\t\t<div class=\"elementor-custom-embed-image-overlay\" style=\"background-image: url(https:\/\/miritglas.com\/wp-content\/uploads\/2023\/08\/mirit-video-produktion.jpeg);\">\n\t\t\t\t\t\t\t\t\t\t\t\t\t\t\t\t<div class=\"elementor-custom-embed-play\" role=\"button\" aria-label=\"Spela videoklipp\" tabindex=\"0\">\n\t\t\t\t\t\t\t<svg aria-hidden=\"true\" class=\"e-font-icon-svg e-eicon-play\" viewBox=\"0 0 1000 1000\" xmlns=\"http:\/\/www.w3.org\/2000\/svg\"><path d=\"M838 162C746 71 633 25 500 25 371 25 258 71 163 162 71 254 25 367 25 500 25 633 71 746 163 837 254 929 367 979 500 979 633 979 746 933 838 837 929 746 975 633 975 500 975 367 929 254 838 162M808 192C892 279 933 379 933 500 933 621 892 725 808 808 725 892 621 938 500 938 379 938 279 896 196 808 113 725 67 621 67 500 67 379 108 279 196 192 279 108 383 62 500 62 621 62 721 108 808 192M438 392V642L642 517 438 392Z\"><\/path><\/svg>\t\t\t\t\t\t<\/div>\n\t\t\t\t\t\t\t\t\t<\/div>\n\t\t\t\t\t<\/div>\n\t\t\t\t\t\t<\/div>\n\t\t\t\t<\/div>\n\t\t<div class=\"elementor-element elementor-element-65b3b053 e-flex e-con-boxed e-con e-child\" data-id=\"65b3b053\" data-element_type=\"container\" data-e-type=\"container\" data-settings=\"{&quot;background_background&quot;:&quot;classic&quot;}\">\n\t\t\t\t\t<div class=\"e-con-inner\">\n\t\t\t\t<div class=\"elementor-element elementor-element-5d21a812 elementor-widget elementor-widget-text-editor\" data-id=\"5d21a812\" data-element_type=\"widget\" data-e-type=\"widget\" data-widget_type=\"text-editor.default\">\n\t\t\t\t<div class=\"elementor-widget-container\">\n\t\t\t\t\t\t\t\t\t<p>V\u00e5rt arbete k\u00e4nnetecknas av gedigen fackkunskap, kombinerad med de nyaste teknologiska m\u00f6jligheterna. Vi har god k\u00e5nnedom til glasets fysiologi och vi vet vad som ska till f\u00f6r att du \u2013 som kund \u2013 ska f\u00e5 det b\u00e4sta resultatet. Oavsett vad du beh\u00f6ver s\u00e5 hitter vi en l\u00f6sning.<\/p>\n<p>Vi levererar en bred palett av glasprodukter som tillverkas p\u00e5 best\u00e4llning. Samtidigt har vi ett av Danmarks mest v\u00e4lsorterade r\u00e5varulager.<\/p>\n<p>Vill du veta mer om vad Mirit Glas kan g\u00f6ra f\u00f6r dig? Kontakta oss och f\u00e5 en offert p\u00e5 glasproduktion eller bearbetning av glas.<\/p>\n\t\t\t\t\t\t\t\t<\/div>\n\t\t\t\t<\/div>\n\t\t\t\t\t<\/div>\n\t\t\t\t<\/div>\n\t\t\t\t<\/div>\n\t\t\t\t\t<\/div>\n\t\t\t\t<\/div>\n\t\t<div class=\"elementor-element elementor-element-63bbb5 e-flex e-con-boxed e-con e-parent\" data-id=\"63bbb5\" data-element_type=\"container\" data-e-type=\"container\" data-settings=\"{&quot;background_background&quot;:&quot;classic&quot;}\">\n\t\t\t\t\t<div class=\"e-con-inner\">\n\t\t<div class=\"elementor-element elementor-element-616e936 e-flex e-con-boxed e-con e-child\" data-id=\"616e936\" data-element_type=\"container\" data-e-type=\"container\">\n\t\t\t\t\t<div class=\"e-con-inner\">\n\t\t\t\t<div class=\"elementor-element elementor-element-7f7cd2cf elementor-widget elementor-widget-text-editor\" data-id=\"7f7cd2cf\" data-element_type=\"widget\" data-e-type=\"widget\" data-widget_type=\"text-editor.default\">\n\t\t\t\t<div class=\"elementor-widget-container\">\n\t\t\t\t\t\t\t\t\t<h3>Framtidsklar produktion<\/h3>\n<p>V\u00e5rt arbete med glastillverkning pr\u00e4glas av gedigen yrkeskunskap kombinerat med de senaste tekniska m\u00f6jligheterna. Vi kan glasets fysiologi och vi vet vad som beh\u00f6vs f\u00f6r att du \u2013 som kund \u2013 ska f\u00e5 det optimala resultatet. Oavsett ditt behov hittar vi en l\u00f6sning.<\/p>\n<p>Vi levererar ett brett sortiment av glasprodukter som alla tillverkas p\u00e5 best\u00e4llning. Samtidigt har vi ocks\u00e5 ett av Danmarks mest v\u00e4lsorterade r\u00e5varulager.<\/p>\n<p>Vill du veta mer om vad Mirit Glas kan g\u00f6ra f\u00f6r dig? Kontakta oss och f\u00e5 ett erbjudande p\u00e5 glastillverkning eller glasbearbetning.<\/p>\n\t\t\t\t\t\t\t\t<\/div>\n\t\t\t\t<\/div>\n\t\t\t\t<div class=\"elementor-element elementor-element-393ce2d elementor-widget elementor-widget-image\" data-id=\"393ce2d\" data-element_type=\"widget\" data-e-type=\"widget\" data-widget_type=\"image.default\">\n\t\t\t\t<div class=\"elementor-widget-container\">\n\t\t\t\t\t\t\t\t\t\t\t\t\t\t\t<img decoding=\"async\" width=\"1410\" height=\"792\" src=\"https:\/\/miritglas.com\/wp-content\/uploads\/2023\/08\/skaermbillede.png\" class=\"attachment-1536x1536 size-1536x1536 wp-image-2434\" alt=\"Mirit glas er glasproducent og kan det meste indenfor glasproduktion. Bearbejdning af glas er vores speciale og st\u00e5r klar til sp\u00e6ndende opgaver og nye udfordringer i vores fremtidsklare produktion\" srcset=\"https:\/\/miritglas.com\/wp-content\/uploads\/2023\/08\/skaermbillede.png 1410w, https:\/\/miritglas.com\/wp-content\/uploads\/2023\/08\/skaermbillede-300x169.png 300w, https:\/\/miritglas.com\/wp-content\/uploads\/2023\/08\/skaermbillede-1024x575.png 1024w, https:\/\/miritglas.com\/wp-content\/uploads\/2023\/08\/skaermbillede-768x431.png 768w\" sizes=\"(max-width: 1410px) 100vw, 1410px\" title=\"\">\t\t\t\t\t\t\t\t\t\t\t\t\t\t\t<\/div>\n\t\t\t\t<\/div>\n\t\t\t\t\t<\/div>\n\t\t\t\t<\/div>\n\t\t\t\t\t<\/div>\n\t\t\t\t<\/div>\n\t\t<div class=\"elementor-element elementor-element-247e4cba e-flex e-con-boxed e-con e-parent\" data-id=\"247e4cba\" data-element_type=\"container\" data-e-type=\"container\" data-settings=\"{&quot;background_background&quot;:&quot;classic&quot;}\">\n\t\t\t\t\t<div class=\"e-con-inner\">\n\t\t<div class=\"elementor-element elementor-element-7a9fcf82 e-con-full e-flex e-con e-child\" data-id=\"7a9fcf82\" data-element_type=\"container\" data-e-type=\"container\">\n\t\t\t\t<div class=\"elementor-element elementor-element-42d7b9fd elementor-widget elementor-widget-text-editor\" data-id=\"42d7b9fd\" data-element_type=\"widget\" data-e-type=\"widget\" data-widget_type=\"text-editor.default\">\n\t\t\t\t<div class=\"elementor-widget-container\">\n\t\t\t\t\t\t\t\t\t<h3>Exempel p\u00e5 tillsk\u00e4rningsm\u00f6jligheter och bearbetningssorter<\/h3>\n<p><strong>Tillsk\u00e4rning:<\/strong><\/p>\n\t\t\t\t\t\t\t\t<\/div>\n\t\t\t\t<\/div>\n\t\t\t\t<div class=\"elementor-element elementor-element-21d0d183 elementor-widget elementor-widget-text-editor\" data-id=\"21d0d183\" data-element_type=\"widget\" data-e-type=\"widget\" data-widget_type=\"text-editor.default\">\n\t\t\t\t<div class=\"elementor-widget-container\">\n\t\t\t\t\t\t\t\t\t<ul>\n<li>Sk\u00e4rhjul<\/li>\n<li>Diamants\u00e5g<\/li>\n<li>CNC-sk\u00e4rbord<\/li>\n<li>Vattenstr\u00e5lesk\u00e4rning<\/li>\n<li>V\u00e4rmespr\u00e4ngning<\/li>\n<\/ul>\n\t\t\t\t\t\t\t\t<\/div>\n\t\t\t\t<\/div>\n\t\t\t\t<div class=\"elementor-element elementor-element-50ff9248 elementor-widget elementor-widget-text-editor\" data-id=\"50ff9248\" data-element_type=\"widget\" data-e-type=\"widget\" data-widget_type=\"text-editor.default\">\n\t\t\t\t<div class=\"elementor-widget-container\">\n\t\t\t\t\t\t\t\t\t<p>Tillsk\u00e4rningen g\u00e5r fr\u00e5n manuella sk\u00e4rningar till CNC-styrda sk\u00e4rningar.<\/p>\n<p><strong>Bearbetning:<\/strong><\/p>\n\t\t\t\t\t\t\t\t<\/div>\n\t\t\t\t<\/div>\n\t\t\t\t<div class=\"elementor-element elementor-element-da0418e elementor-widget elementor-widget-text-editor\" data-id=\"da0418e\" data-element_type=\"widget\" data-e-type=\"widget\" data-widget_type=\"text-editor.default\">\n\t\t\t\t<div class=\"elementor-widget-container\">\n\t\t\t\t\t\t\t\t\t<ul>\n<li>I former samt h\u00e5l och hack efter \u00f6nskem\u00e5l.<\/li>\n<li>Kanter (snitt, gl\u00e4ttade, matta, polerade och fasetterade)<\/li>\n<li>Sandbl\u00e4string<\/li>\n<li>UV-limning<\/li>\n<li>M\u00e5lning<\/li>\n<li>Silkescreentryck<\/li>\n<li><a href=\"https:\/\/miritglas.com\/sv\/produkter\/hardat-glas\/\">Termisk h\u00e4rdning<\/a><\/li>\n<li><a href=\"https:\/\/miritglas.com\/sv\/produkter\/kemiskt-haerdat-glas\/\">Kemisk h\u00e4rdning<\/a><\/li>\n<li><a href=\"https:\/\/miritglas.com\/sv\/produkter\/bojt-glas\/\">B\u00f6jning av glas<\/a><\/li>\n<li><a href=\"https:\/\/miritglas.com\/sv\/produkter\/sakerhetsglas\/\">Laminering<\/a><\/li>\n<li><a href=\"https:\/\/miritglas.com\/sv\/produkter\/varmerutor\/\">Tillverkning av v\u00e4rmef\u00f6nster<\/a><\/li>\n<li><a href=\"https:\/\/miritglas.com\/sv\/produkter\/bojt-glas\/\">B\u00f6jt glas<\/a><\/li>\n<li><a href=\"https:\/\/miritglas.com\/sv\/produkter\/hardat-glas\/\">B\u00f6jt h\u00e4rdat glas<\/a><\/li>\n<\/ul>\n\t\t\t\t\t\t\t\t<\/div>\n\t\t\t\t<\/div>\n\t\t\t\t<\/div>\n\t\t\t\t\t<\/div>\n\t\t\t\t<\/div>\n\t\t\t\t<\/div>\n\t\t","protected":false},"excerpt":{"rendered":"<p>Glasproduktion och behandling av glas Mirit Glas \u00e4r specialister p\u00e5 glasproduktion och bearbeta glas P\u00e5 Mirit Glas \u00e4r vi specialister p\u00e5 glas, produktion och bearbetning av det. Vi levererar b\u00e5de enskilda glas med s\u00e4rskilda specifikationer och hela serier med flera tusen enheter. V\u00e5ran fabrik har personal och CNC-maskiner som \u00e4r enast\u00e5ende i Danmark. Kontakta oss [&hellip;]<\/p>\n","protected":false},"author":1,"featured_media":2434,"parent":0,"menu_order":0,"comment_status":"closed","ping_status":"closed","template":"","meta":{"_acf_changed":false,"footnotes":""},"class_list":["post-2899","page","type-page","status-publish","has-post-thumbnail","hentry"],"acf":[],"_links":{"self":[{"href":"https:\/\/miritglas.com\/sv\/wp-json\/wp\/v2\/pages\/2899","targetHints":{"allow":["GET"]}}],"collection":[{"href":"https:\/\/miritglas.com\/sv\/wp-json\/wp\/v2\/pages"}],"about":[{"href":"https:\/\/miritglas.com\/sv\/wp-json\/wp\/v2\/types\/page"}],"author":[{"embeddable":true,"href":"https:\/\/miritglas.com\/sv\/wp-json\/wp\/v2\/users\/1"}],"replies":[{"embeddable":true,"href":"https:\/\/miritglas.com\/sv\/wp-json\/wp\/v2\/comments?post=2899"}],"version-history":[{"count":5,"href":"https:\/\/miritglas.com\/sv\/wp-json\/wp\/v2\/pages\/2899\/revisions"}],"predecessor-version":[{"id":4822,"href":"https:\/\/miritglas.com\/sv\/wp-json\/wp\/v2\/pages\/2899\/revisions\/4822"}],"wp:featuredmedia":[{"embeddable":true,"href":"https:\/\/miritglas.com\/sv\/wp-json\/wp\/v2\/media\/2434"}],"wp:attachment":[{"href":"https:\/\/miritglas.com\/sv\/wp-json\/wp\/v2\/media?parent=2899"}],"curies":[{"name":"wp","href":"https:\/\/api.w.org\/{rel}","templated":true}]}}