{"id":2893,"date":"2023-08-10T13:12:27","date_gmt":"2023-08-10T11:12:27","guid":{"rendered":"https:\/\/miritglas.com\/raavaror\/"},"modified":"2025-02-26T12:59:09","modified_gmt":"2025-02-26T11:59:09","slug":"raavaror","status":"publish","type":"page","link":"https:\/\/miritglas.com\/sv\/raavaror\/","title":{"rendered":"R\u00e5varor"},"content":{"rendered":"\t\t<div data-elementor-type=\"wp-page\" data-elementor-id=\"2893\" class=\"elementor elementor-2893 elementor-560\" data-elementor-post-type=\"page\">\n\t\t\t\t<div class=\"elementor-element elementor-element-5c11e32 e-flex e-con-boxed e-con e-parent\" data-id=\"5c11e32\" data-element_type=\"container\" data-e-type=\"container\">\n\t\t\t\t\t<div class=\"e-con-inner\">\n\t\t<div class=\"elementor-element elementor-element-1c02148 e-con-full e-flex e-con e-child\" data-id=\"1c02148\" data-element_type=\"container\" data-e-type=\"container\">\n\t\t\t\t<div class=\"elementor-element elementor-element-cff4f83 elementor-widget elementor-widget-text-editor\" data-id=\"cff4f83\" data-element_type=\"widget\" data-e-type=\"widget\" data-widget_type=\"text-editor.default\">\n\t\t\t\t<div class=\"elementor-widget-container\">\n\t\t\t\t\t\t\t\t\t<h2>V\u00e4lsorterat r\u00e5varulager och internationella underleverant\u00f6rer<\/h2>\n<p>Mirit Glas har ett av Danmarks mest v\u00e4lsorterade r\u00e5varulager, med ett brett urval av olika sorters glas och tjocklekar fr\u00e5n 0,1 mm till 40 mm. Vi har \u00e4ven <a href=\"https:\/\/miritglas.com\/sv\/produkter\/glasror\/\">glasr\u00f6r<\/a> och glasst\u00e4nger i m\u00e5nga olika glastyper och dimensioner.<\/p>\n<p>Kontakta Mirit Glas om du vill h\u00f6ra mer om vad vi kan erbjuda dig.<\/p>\n<h4><strong>Mirit Glas \u2013 Vi hj\u00e4lper dig<\/strong><\/h4>\n<p>Ut\u00f6ver v\u00e5rt omfattande r\u00e5varulager, har vi ett v\u00e4letablerat n\u00e4tverk best\u00e5ende av internationella underleverant\u00f6rer och producenter, som hj\u00e4lper oss att s\u00e5 tag p\u00e5 det som vi inte redan har i lager.<\/p>\n\t\t\t\t\t\t\t\t<\/div>\n\t\t\t\t<\/div>\n\t\t\t\t<div class=\"elementor-element elementor-element-d19b35b elementor-widget elementor-widget-button\" data-id=\"d19b35b\" data-element_type=\"widget\" data-e-type=\"widget\" data-widget_type=\"button.default\">\n\t\t\t\t<div class=\"elementor-widget-container\">\n\t\t\t\t\t\t\t\t\t<div class=\"elementor-button-wrapper\">\n\t\t\t\t\t<a class=\"elementor-button elementor-button-link elementor-size-md\" href=\"https:\/\/miritglas.com\/sv\/kontakta-oss\/\">\n\t\t\t\t\t\t<span class=\"elementor-button-content-wrapper\">\n\t\t\t\t\t\t\t\t\t<span class=\"elementor-button-text\">Kontakta oss idag<\/span>\n\t\t\t\t\t<\/span>\n\t\t\t\t\t<\/a>\n\t\t\t\t<\/div>\n\t\t\t\t\t\t\t\t<\/div>\n\t\t\t\t<\/div>\n\t\t\t\t<\/div>\n\t\t<div class=\"elementor-element elementor-element-c9f1af1 e-con-full e-flex e-con e-child\" data-id=\"c9f1af1\" data-element_type=\"container\" data-e-type=\"container\">\n\t\t\t\t<div class=\"elementor-element elementor-element-634 elementor-absolute elementor-widget elementor-widget-global elementor-global-634 elementor-widget-image\" data-id=\"634\" data-element_type=\"widget\" data-e-type=\"widget\" data-settings=\"{&quot;_position&quot;:&quot;absolute&quot;}\" data-widget_type=\"image.default\">\n\t\t\t\t<div class=\"elementor-widget-container\">\n\t\t\t\t\t\t\t\t\t\t\t\t\t\t\t<img fetchpriority=\"high\" decoding=\"async\" width=\"230\" height=\"230\" src=\"https:\/\/miritglas.com\/wp-content\/uploads\/2023\/08\/logo-icon.png\" class=\"attachment-medium size-medium wp-image-169\" alt=\"Mirit glas logo.\" srcset=\"https:\/\/miritglas.com\/wp-content\/uploads\/2023\/08\/logo-icon.png 230w, https:\/\/miritglas.com\/wp-content\/uploads\/2023\/08\/logo-icon-150x150.png 150w\" sizes=\"(max-width: 230px) 100vw, 230px\" title=\"\">\t\t\t\t\t\t\t\t\t\t\t\t\t\t\t<\/div>\n\t\t\t\t<\/div>\n\t\t<div class=\"elementor-element elementor-element-a30e2ba e-flex e-con-boxed e-con e-child\" data-id=\"a30e2ba\" data-element_type=\"container\" data-e-type=\"container\" data-settings=\"{&quot;background_background&quot;:&quot;classic&quot;}\">\n\t\t\t\t\t<div class=\"e-con-inner\">\n\t\t\t\t<div class=\"elementor-element elementor-element-188e648 elementor-widget elementor-widget-text-editor\" data-id=\"188e648\" data-element_type=\"widget\" data-e-type=\"widget\" data-widget_type=\"text-editor.default\">\n\t\t\t\t<div class=\"elementor-widget-container\">\n\t\t\t\t\t\t\t\t\t<p>Kombinationen av v\u00e5rt stora r\u00e5varulager, v\u00e5rt m\u00e5ng\u00e5riga samarbete med duktiga underleverant\u00f6rer och v\u00e5ra m\u00f6jligheter att erbjuda unika bearbetningar, betyder att vi kan leverera individuella l\u00f6sningar till n\u00e4stan alla sorters uppdrag. Och kan vi inte sj\u00e4lva leverera den r\u00e4tta l\u00f6sningen, har vi alltid k\u00e4nnedom til n\u00e5gon som kan.<\/p>\n<p>Oavsett vad du har f\u00f6r behov s\u00e5 kan vi hj\u00e4lpa dig.<\/p>\n<article class=\"w-full text-token-text-primary focus-visible:outline-2 focus-visible:outline-offset-[-4px]\" dir=\"auto\" data-testid=\"conversation-turn-5\" data-scroll-anchor=\"true\">\n<div class=\"m-auto text-base py-[18px] px-6\">\n<div class=\"mx-auto flex flex-1 text-base gap-4 md:gap-5 lg:gap-6 md:max-w-3xl\">\n<div class=\"group\/conversation-turn relative flex w-full min-w-0 flex-col agent-turn @xs\/thread:px-0 @sm\/thread:px-1.5 @md\/thread:px-4\">\n<div class=\"flex-col gap-1 md:gap-3\">\n<div class=\"flex max-w-full flex-col flex-grow\">\n<div class=\"min-h-8 text-message relative flex w-full flex-col items-end gap-2 whitespace-normal break-words text-start [.text-message+&amp;]:mt-5\" dir=\"auto\" data-message-author-role=\"assistant\" data-message-id=\"fb614f66-6d52-466d-b35e-9817b83a5c67\" data-message-model-slug=\"gpt-4o-mini\">\n<div class=\"flex w-full flex-col gap-1 empty:hidden first:pt-[3px]\">\n<div class=\"markdown prose w-full break-words dark:prose-invert light\">\n<p data-start=\"0\" data-end=\"48\" data-is-last-node=\"\" data-is-only-node=\"\">L\u00e4s mer om v\u00e5ra olika former av bearbetning <a href=\"https:\/\/miritglas.com\/sv\/glasproduktion\/\">h\u00e4r.<\/a><\/p>\n<\/div>\n<\/div>\n<\/div>\n<\/div>\n<\/div>\n<\/div>\n<\/div>\n<\/div>\n<\/article>\n<div class=\"pointer-events-none h-px w-px\" aria-hidden=\"true\" data-edge=\"true\"><\/div>\n\t\t\t\t\t\t\t\t<\/div>\n\t\t\t\t<\/div>\n\t\t\t\t\t<\/div>\n\t\t\t\t<\/div>\n\t\t\t\t<\/div>\n\t\t\t\t\t<\/div>\n\t\t\t\t<\/div>\n\t\t<div class=\"elementor-element elementor-element-07f7f9b e-flex e-con-boxed e-con e-parent\" data-id=\"07f7f9b\" data-element_type=\"container\" data-e-type=\"container\" data-settings=\"{&quot;background_background&quot;:&quot;classic&quot;}\">\n\t\t\t\t\t<div class=\"e-con-inner\">\n\t\t<div class=\"elementor-element elementor-element-c2d4338 e-flex e-con-boxed e-con e-child\" data-id=\"c2d4338\" data-element_type=\"container\" data-e-type=\"container\">\n\t\t\t\t\t<div class=\"e-con-inner\">\n\t\t\t\t<div class=\"elementor-element elementor-element-3c90766 elementor-widget elementor-widget-text-editor\" data-id=\"3c90766\" data-element_type=\"widget\" data-e-type=\"widget\" data-widget_type=\"text-editor.default\">\n\t\t\t\t<div class=\"elementor-widget-container\">\n\t\t\t\t\t\t\t\t\t<h2>Exempel p\u00e5 r\u00e5varulagret<\/h2>\n\t\t\t\t\t\t\t\t<\/div>\n\t\t\t\t<\/div>\n\t\t\t\t<div class=\"elementor-element elementor-element-4cd13f1 elementor-widget elementor-widget-text-editor\" data-id=\"4cd13f1\" data-element_type=\"widget\" data-e-type=\"widget\" data-widget_type=\"text-editor.default\">\n\t\t\t\t<div class=\"elementor-widget-container\">\n\t\t\t\t\t\t\t\t\t<ul>\n<li>Glastjocklekar fr\u00e5n 0,1 mm till 40 mm<\/li>\n<li><a href=\"https:\/\/miritglas.com\/sv\/produkter\/floatglas\/\">Floatglas<\/a><\/li>\n<li>V\u00e4rmet\u00e5ligt glas<\/li>\n<li><a href=\"https:\/\/miritglas.com\/sv\/produkter\/borosilikatglas\/\">Borosilikatglas<\/a><\/li>\n<li><a href=\"https:\/\/miritglas.com\/sv\/produkter\/duran-glas\/\">Duran-glas<\/a><\/li>\n<li><a href=\"https:\/\/miritglas.com\/sv\/produkter\/keramiskt-glas\/\">Keramiskt glas<\/a><\/li>\n<li><a href=\"https:\/\/miritglas.com\/sv\/produkter\/kvartsglas\/\">Kvartsglas<\/a><\/li>\n<li>F\u00e4rgat glas (transparent)<\/li>\n<li>Svart glas<\/li>\n<li>Opalglas<\/li>\n<li><a href=\"https:\/\/miritglas.com\/sv\/produkter\/jaernfattigt-glas\/\">J\u00e4rnfattigt glas<\/a><\/li>\n<li>Filterglas<\/li>\n<li><a href=\"https:\/\/miritglas.com\/sv\/produkter\/germanium-glas\/\">Germanium<\/a><\/li>\n<li><a href=\"https:\/\/miritglas.com\/sv\/produkter\/blyglas\/\">Blyglas<\/a><\/li>\n<li>Speglar<\/li>\n<li>Ornamentglas<\/li>\n<li>Tr\u00e5dglas<\/li>\n<li>Laserat glas<\/li>\n<li>Etsat glas\/matt glas<\/li>\n<li><a href=\"https:\/\/miritglas.com\/sv\/produkter\/glasror\/\">Glasr\u00f6r<\/a><\/li>\n<li>Olika plastmaterial (PC och PMMA)<\/li>\n<li><a href=\"https:\/\/miritglas.com\/sv\/produkter\/laminerat-glas\/\">Laminerat glas<\/a><\/li>\n<li><a href=\"https:\/\/miritglas.com\/sv\/produkter\/safirglas\/\">Safirglas<\/a><\/li>\n<\/ul>\n\t\t\t\t\t\t\t\t<\/div>\n\t\t\t\t<\/div>\n\t\t\t\t\t<\/div>\n\t\t\t\t<\/div>\n\t\t\t\t\t<\/div>\n\t\t\t\t<\/div>\n\t\t\t\t<\/div>\n\t\t","protected":false},"excerpt":{"rendered":"<p>V\u00e4lsorterat r\u00e5varulager och internationella underleverant\u00f6rer Mirit Glas har ett av Danmarks mest v\u00e4lsorterade r\u00e5varulager, med ett brett urval av olika sorters glas och tjocklekar fr\u00e5n 0,1 mm till 40 mm. Vi har \u00e4ven glasr\u00f6r och glasst\u00e4nger i m\u00e5nga olika glastyper och dimensioner. Kontakta Mirit Glas om du vill h\u00f6ra mer om vad vi kan erbjuda [&hellip;]<\/p>\n","protected":false},"author":1,"featured_media":894,"parent":0,"menu_order":0,"comment_status":"closed","ping_status":"closed","template":"","meta":{"_acf_changed":false,"footnotes":""},"class_list":["post-2893","page","type-page","status-publish","has-post-thumbnail","hentry"],"acf":[],"_links":{"self":[{"href":"https:\/\/miritglas.com\/sv\/wp-json\/wp\/v2\/pages\/2893","targetHints":{"allow":["GET"]}}],"collection":[{"href":"https:\/\/miritglas.com\/sv\/wp-json\/wp\/v2\/pages"}],"about":[{"href":"https:\/\/miritglas.com\/sv\/wp-json\/wp\/v2\/types\/page"}],"author":[{"embeddable":true,"href":"https:\/\/miritglas.com\/sv\/wp-json\/wp\/v2\/users\/1"}],"replies":[{"embeddable":true,"href":"https:\/\/miritglas.com\/sv\/wp-json\/wp\/v2\/comments?post=2893"}],"version-history":[{"count":4,"href":"https:\/\/miritglas.com\/sv\/wp-json\/wp\/v2\/pages\/2893\/revisions"}],"predecessor-version":[{"id":5398,"href":"https:\/\/miritglas.com\/sv\/wp-json\/wp\/v2\/pages\/2893\/revisions\/5398"}],"wp:featuredmedia":[{"embeddable":true,"href":"https:\/\/miritglas.com\/sv\/wp-json\/wp\/v2\/media\/894"}],"wp:attachment":[{"href":"https:\/\/miritglas.com\/sv\/wp-json\/wp\/v2\/media?parent=2893"}],"curies":[{"name":"wp","href":"https:\/\/api.w.org\/{rel}","templated":true}]}}