{"id":5118,"date":"2024-08-20T10:39:29","date_gmt":"2024-08-20T08:39:29","guid":{"rendered":"https:\/\/miritglas.com\/?post_type=product&#038;p=5118"},"modified":"2025-04-09T13:02:07","modified_gmt":"2025-04-09T11:02:07","slug":"dubrit","status":"publish","type":"product","link":"https:\/\/miritglas.com\/no\/produkter\/dubrit\/","title":{"rendered":"Dubrit"},"content":{"rendered":"\t\t<div data-elementor-type=\"wp-post\" data-elementor-id=\"5118\" class=\"elementor elementor-5118 elementor-5098\" data-elementor-post-type=\"product\">\n\t\t\t\t<div class=\"elementor-element elementor-element-37e0864a e-flex e-con-boxed e-con e-parent\" data-id=\"37e0864a\" data-element_type=\"container\" data-e-type=\"container\">\n\t\t\t\t\t<div class=\"e-con-inner\">\n\t\t<div class=\"elementor-element elementor-element-7f3bdc3a e-con-full e-flex e-con e-child\" data-id=\"7f3bdc3a\" data-element_type=\"container\" data-e-type=\"container\">\n\t\t\t\t<div class=\"elementor-element elementor-element-1099c826 elementor-widget elementor-widget-text-editor\" data-id=\"1099c826\" data-element_type=\"widget\" data-e-type=\"widget\" data-widget_type=\"text-editor.default\">\n\t\t\t\t<div class=\"elementor-widget-container\">\n\t\t\t\t\t\t\t\t\t<h2>Dubrit \u2013 Spesialproduserte Skipsvinduer<\/h2>\n<p>I over 40 \u00e5r har Mirit Glas produsert ko\u00f8yer og andre skipsvinduer under v\u00e5rt eget varemerke, Dubrit.<\/p>\n<p>Dubrit-vinduene er laget av <a href=\"https:\/\/miritglas.com\/no\/produkter\/herdet-glass\/\">herdet glass<\/a> og er designet for \u00e5 t\u00e5le de t\u00f8ffe forholdene p\u00e5 sj\u00f8en. Vi er ogs\u00e5 sertifisert i henhold til den maritime ISO-standarden 614:2012, noe som betyr at v\u00e5re skipsvinduer er produsert for \u00e5 oppfylle strenge internasjonale sikkerhets- og kvalitetskrav.<\/p>\n<p>Hos Mirit Glas produserer vi spesielt mindre skipsvinduer til kommersielle fart\u00f8yer.<\/p>\n<p>Vi kan produsere vinduene i tykkelser fra 6 mm til 25 mm for \u00e5 m\u00f8te de krav som stilles til vinduene.<\/p>\n<p>Dubrit-skipsvinduer er ideelle for kommersielle fart\u00f8yer, inkludert fiskeb\u00e5ter, frakteskip og offshore-unders\u00f8kelsesfart\u00f8yer. Med en lang tradisjon for produksjon av mindre vinduer og ko\u00f8yer, har Mirit Glas kunnet betjene mange fart\u00f8yer med vinduer som er bygget for \u00e5 t\u00e5le havets pr\u00f8velser og sikre maksimal sikkerhet og klarhet under alle forhold.<\/p>\n\t\t\t\t\t\t\t\t<\/div>\n\t\t\t\t<\/div>\n\t\t\t\t<div class=\"elementor-element elementor-element-34416c0 elementor-widget elementor-widget-button\" data-id=\"34416c0\" data-element_type=\"widget\" data-e-type=\"widget\" data-widget_type=\"button.default\">\n\t\t\t\t<div class=\"elementor-widget-container\">\n\t\t\t\t\t\t\t\t\t<div class=\"elementor-button-wrapper\">\n\t\t\t\t\t<a class=\"elementor-button elementor-button-link elementor-size-md\" href=\"https:\/\/miritglas.com\/no\/kontakt-oss\/\">\n\t\t\t\t\t\t<span class=\"elementor-button-content-wrapper\">\n\t\t\t\t\t\t\t\t\t<span class=\"elementor-button-text\">Kontakt oss i dag<\/span>\n\t\t\t\t\t<\/span>\n\t\t\t\t\t<\/a>\n\t\t\t\t<\/div>\n\t\t\t\t\t\t\t\t<\/div>\n\t\t\t\t<\/div>\n\t\t\t\t<\/div>\n\t\t<div class=\"elementor-element elementor-element-6e485db8 e-con-full e-flex e-con e-child\" data-id=\"6e485db8\" data-element_type=\"container\" data-e-type=\"container\">\n\t\t\t\t<div class=\"elementor-element elementor-element-1338bbc2 elementor-absolute elementor-widget elementor-widget-image\" data-id=\"1338bbc2\" data-element_type=\"widget\" data-e-type=\"widget\" data-settings=\"{&quot;_position&quot;:&quot;absolute&quot;}\" data-widget_type=\"image.default\">\n\t\t\t\t<div class=\"elementor-widget-container\">\n\t\t\t\t\t\t\t\t\t\t\t\t\t\t\t<img fetchpriority=\"high\" decoding=\"async\" width=\"230\" height=\"230\" src=\"https:\/\/miritglas.com\/wp-content\/uploads\/2023\/08\/logo-icon.png\" class=\"attachment-medium size-medium wp-image-168\" alt=\"Mirit glas logo.\" srcset=\"https:\/\/miritglas.com\/wp-content\/uploads\/2023\/08\/logo-icon.png 230w, https:\/\/miritglas.com\/wp-content\/uploads\/2023\/08\/logo-icon-150x150.png 150w\" sizes=\"(max-width: 230px) 100vw, 230px\" title=\"\">\t\t\t\t\t\t\t\t\t\t\t\t\t\t\t<\/div>\n\t\t\t\t<\/div>\n\t\t\t\t<div class=\"elementor-element elementor-element-1298b185 elementor-widget elementor-widget-image\" data-id=\"1298b185\" data-element_type=\"widget\" data-e-type=\"widget\" data-widget_type=\"image.default\">\n\t\t\t\t<div class=\"elementor-widget-container\">\n\t\t\t\t\t\t\t\t\t\t\t\t\t\t\t<img decoding=\"async\" width=\"766\" height=\"1024\" src=\"https:\/\/miritglas.com\/wp-content\/uploads\/2024\/08\/20240109_143020-766x1024.jpg\" class=\"attachment-large size-large wp-image-5106\" alt=\"Dubrit til skibsruder som ko\u00f8jer\" srcset=\"https:\/\/miritglas.com\/wp-content\/uploads\/2024\/08\/20240109_143020-766x1024.jpg 766w, https:\/\/miritglas.com\/wp-content\/uploads\/2024\/08\/20240109_143020-224x300.jpg 224w, https:\/\/miritglas.com\/wp-content\/uploads\/2024\/08\/20240109_143020-768x1027.jpg 768w, https:\/\/miritglas.com\/wp-content\/uploads\/2024\/08\/20240109_143020-1149x1536.jpg 1149w, https:\/\/miritglas.com\/wp-content\/uploads\/2024\/08\/20240109_143020-1532x2048.jpg 1532w, https:\/\/miritglas.com\/wp-content\/uploads\/2024\/08\/20240109_143020.jpg 1915w\" sizes=\"(max-width: 766px) 100vw, 766px\" title=\"\">\t\t\t\t\t\t\t\t\t\t\t\t\t\t\t<\/div>\n\t\t\t\t<\/div>\n\t\t\t\t<\/div>\n\t\t\t\t\t<\/div>\n\t\t\t\t<\/div>\n\t\t\t\t<\/div>\n\t\t","protected":false},"featured_media":5106,"template":"","class_list":["post-5118","product","type-product","status-publish","has-post-thumbnail","hentry"],"acf":[],"_links":{"self":[{"href":"https:\/\/miritglas.com\/no\/wp-json\/wp\/v2\/product\/5118","targetHints":{"allow":["GET"]}}],"collection":[{"href":"https:\/\/miritglas.com\/no\/wp-json\/wp\/v2\/product"}],"about":[{"href":"https:\/\/miritglas.com\/no\/wp-json\/wp\/v2\/types\/product"}],"version-history":[{"count":6,"href":"https:\/\/miritglas.com\/no\/wp-json\/wp\/v2\/product\/5118\/revisions"}],"predecessor-version":[{"id":5616,"href":"https:\/\/miritglas.com\/no\/wp-json\/wp\/v2\/product\/5118\/revisions\/5616"}],"wp:featuredmedia":[{"embeddable":true,"href":"https:\/\/miritglas.com\/no\/wp-json\/wp\/v2\/media\/5106"}],"wp:attachment":[{"href":"https:\/\/miritglas.com\/no\/wp-json\/wp\/v2\/media?parent=5118"}],"curies":[{"name":"wp","href":"https:\/\/api.w.org\/{rel}","templated":true}]}}