{"id":3533,"date":"2025-11-10T12:18:48","date_gmt":"2025-11-10T11:18:48","guid":{"rendered":"https:\/\/miritglas.com\/?post_type=product&#038;p=3533"},"modified":"2025-04-28T15:41:57","modified_gmt":"2025-04-28T13:41:57","slug":"glassror-og-glassstenger","status":"publish","type":"product","link":"https:\/\/miritglas.com\/no\/produkter\/glassror-og-glassstenger\/","title":{"rendered":"Glassr\u00f8r og glassstenger"},"content":{"rendered":"\t\t<div data-elementor-type=\"wp-post\" data-elementor-id=\"3533\" class=\"elementor elementor-3533 elementor-3525\" data-elementor-post-type=\"product\">\n\t\t\t\t<div class=\"elementor-element elementor-element-37aa5de8 e-flex e-con-boxed e-con e-parent\" data-id=\"37aa5de8\" data-element_type=\"container\" data-e-type=\"container\">\n\t\t\t\t\t<div class=\"e-con-inner\">\n\t\t<div class=\"elementor-element elementor-element-4b454493 e-con-full e-flex e-con e-parent\" data-id=\"4b454493\" data-element_type=\"container\" data-e-type=\"container\">\n\t\t\t\t<div class=\"elementor-element elementor-element-4b8c37b2 elementor-widget elementor-widget-text-editor\" data-id=\"4b8c37b2\" data-element_type=\"widget\" data-e-type=\"widget\" data-widget_type=\"text-editor.default\">\n\t\t\t\t<div class=\"elementor-widget-container\">\n\t\t\t\t\t\t\t\t\t<h2>Glassr\u00f8r og glassstenger\u00a0<span lang=\"no\">til alle bransjer<\/span><\/h2>\n<p><strong>Mirit Glas har en av de st\u00f8rste og mest velfylte butikkene av glassr\u00f8r og glassstenger i Norden, og vi bearbeider p\u00e5 bestilling<\/strong><\/p>\n<p>Takket v\u00e6re v\u00e5rt store utvalg er Mirit Glas leverand\u00f8r til alt fra laboratorier og industri til designbedrifter. Glassene brukes spesielt til industrielle prosesser, bl.a. til olje- og vannstandsglass i skip, tanker, kompressorer m.m. Glassr\u00f8rene gj\u00f8r det mulig \u00e5 overv\u00e5ke prosesser, og er derfor anvendelige i mange forskjellige produksjonstyper.<\/p>\n<p>I designbransjen brukes glassr\u00f8r blant annet til belysning \u2013 b\u00e5de elektronisk belysning og levende lys. Borsilikatglass t\u00e5ler h\u00f8ye temperaturer.<\/p>\n<p>Hvis du vil vite mer om hvordan v\u00e5re glassr\u00f8r og glassstenger kan v\u00e6re den riktige l\u00f8sningen for deg, er du velkommen til \u00e5 kontakte oss. S\u00e5 hjelper vi dere med \u00e5 finne den rette l\u00f8sningen til deres behov.<\/p>\n\t\t\t\t\t\t\t\t<\/div>\n\t\t\t\t<\/div>\n\t\t\t\t<div class=\"elementor-element elementor-element-477af47c elementor-widget elementor-widget-button\" data-id=\"477af47c\" data-element_type=\"widget\" data-e-type=\"widget\" data-widget_type=\"button.default\">\n\t\t\t\t<div class=\"elementor-widget-container\">\n\t\t\t\t\t\t\t\t\t<div class=\"elementor-button-wrapper\">\n\t\t\t\t\t<a class=\"elementor-button elementor-button-link elementor-size-md\" href=\"https:\/\/miritglas.com\/no\/kontakt-oss\/\">\n\t\t\t\t\t\t<span class=\"elementor-button-content-wrapper\">\n\t\t\t\t\t\t\t\t\t<span class=\"elementor-button-text\">Kontakt oss i dag<\/span>\n\t\t\t\t\t<\/span>\n\t\t\t\t\t<\/a>\n\t\t\t\t<\/div>\n\t\t\t\t\t\t\t\t<\/div>\n\t\t\t\t<\/div>\n\t\t\t\t<\/div>\n\t\t<div class=\"elementor-element elementor-element-576d5e18 e-con-full e-flex e-con e-parent\" data-id=\"576d5e18\" data-element_type=\"container\" data-e-type=\"container\">\n\t\t\t\t<div class=\"elementor-element elementor-element-6cdeb849 elementor-absolute elementor-widget elementor-widget-image\" data-id=\"6cdeb849\" data-element_type=\"widget\" data-e-type=\"widget\" data-settings=\"{&quot;_position&quot;:&quot;absolute&quot;}\" data-widget_type=\"image.default\">\n\t\t\t\t<div class=\"elementor-widget-container\">\n\t\t\t\t\t\t\t\t\t\t\t\t\t\t\t<img fetchpriority=\"high\" decoding=\"async\" width=\"230\" height=\"230\" src=\"https:\/\/miritglas.com\/wp-content\/uploads\/2023\/08\/logo-icon.png\" class=\"attachment-medium size-medium wp-image-168\" alt=\"Mirit glas logo.\" srcset=\"https:\/\/miritglas.com\/wp-content\/uploads\/2023\/08\/logo-icon.png 230w, https:\/\/miritglas.com\/wp-content\/uploads\/2023\/08\/logo-icon-150x150.png 150w\" sizes=\"(max-width: 230px) 100vw, 230px\" title=\"\">\t\t\t\t\t\t\t\t\t\t\t\t\t\t\t<\/div>\n\t\t\t\t<\/div>\n\t\t<div class=\"elementor-element elementor-element-44802d36 e-flex e-con-boxed e-con e-parent\" data-id=\"44802d36\" data-element_type=\"container\" data-e-type=\"container\" data-settings=\"{&quot;background_background&quot;:&quot;classic&quot;}\">\n\t\t\t\t\t<div class=\"e-con-inner\">\n\t\t\t\t<div class=\"elementor-element elementor-element-4979d15e elementor-widget elementor-widget-text-editor\" data-id=\"4979d15e\" data-element_type=\"widget\" data-e-type=\"widget\" data-widget_type=\"text-editor.default\">\n\t\t\t\t<div class=\"elementor-widget-container\">\n\t\t\t\t\t\t\t\t\t<h4>Kort om v\u00e5re glassr\u00f8r<\/h4>\r\n<ul>\r\n \t<li class=\"li1\"><span class=\"s2\">Kan anv\u00e4ndas f\u00f6r industriella processer<\/span><\/li>\r\n \t<li class=\"li1\"><span class=\"s2\">Kan anv\u00e4ndas f\u00f6r elektronisk belysning och f\u00f6r levande ljus<\/span><\/li>\r\n \t<li class=\"li1\"><span class=\"s2\">Kan v\u00e4rmebehandlas om du vill ha en s\u00e4rskild form<\/span><\/li>\r\n \t<li class=\"li1\"><span class=\"s2\">Levereras efter individuella behov, t.ex. med borrade h\u00e5l, utsk\u00e4rningar och s\u00e4rskilda kantbearbetningar<\/span><\/li>\r\n \t<li class=\"li1\"><span class=\"s2\">Snabb leverans av glasr\u00f6r fr\u00e5n \u00d8\u00a03\u2013400\u00a0mm<\/span><\/li>\r\n<\/ul>\t\t\t\t\t\t\t\t<\/div>\n\t\t\t\t<\/div>\n\t\t\t\t\t<\/div>\n\t\t\t\t<\/div>\n\t\t\t\t<\/div>\n\t\t\t\t\t<\/div>\n\t\t\t\t<\/div>\n\t\t<div class=\"elementor-element elementor-element-36c4c73c e-flex e-con-boxed e-con e-parent\" data-id=\"36c4c73c\" data-element_type=\"container\" data-e-type=\"container\" data-settings=\"{&quot;background_background&quot;:&quot;classic&quot;}\">\n\t\t\t\t\t<div class=\"e-con-inner\">\n\t\t<div class=\"elementor-element elementor-element-7d2d6e33 e-con-full e-flex e-con e-parent\" data-id=\"7d2d6e33\" data-element_type=\"container\" data-e-type=\"container\">\n\t\t\t\t<div class=\"elementor-element elementor-element-598bddca elementor-widget elementor-widget-text-editor\" data-id=\"598bddca\" data-element_type=\"widget\" data-e-type=\"widget\" data-widget_type=\"text-editor.default\">\n\t\t\t\t<div class=\"elementor-widget-container\">\n\t\t\t\t\t\t\t\t\t<h3 class=\"p1\">Glassets egenskaper<\/h3>\n<p>P\u00e5 lager har vi som standard en rekke st\u00f8rrelser og tykkelser av\u00a0<a href=\"https:\/\/miritglas.com\/no\/produkt\/borosilikatglass\/\">borsilikatglass<\/a>, noe som betyr at vi kan levere raskt. Vi lagerf\u00f8rer glassr\u00f8r fra \u00f83 mm \u2013 \u00f8400 mm. Glassr\u00f8r og glassstenger utf\u00f8rt i borsilikatglass har mange forskjellige bruksomr\u00e5der, ettersom glasset er motstandsdyktig mot kjemikalier og temperaturforskjeller. Glassr\u00f8r og glassstenger finnes ogs\u00e5 i <a href=\"https:\/\/miritglas.com\/no\/produkt\/kvartsglass\/\">kvarts-<\/a>\u00a0og\u00a0<a href=\"https:\/\/miritglas.com\/no\/produkt\/floatglas\/\">natronkalkglass<\/a>\u00a0(vanlig glass). Vi tilbyr ogs\u00e5 visse r\u00f8r med rektangul\u00e6re former.<\/p>\n\t\t\t\t\t\t\t\t<\/div>\n\t\t\t\t<\/div>\n\t\t\t\t<\/div>\n\t\t<div class=\"elementor-element elementor-element-1df91e00 e-con-full e-flex e-con e-parent\" data-id=\"1df91e00\" data-element_type=\"container\" data-e-type=\"container\">\n\t\t\t\t<div class=\"elementor-element elementor-element-2f0413c6 elementor-widget elementor-widget-image\" data-id=\"2f0413c6\" data-element_type=\"widget\" data-e-type=\"widget\" data-widget_type=\"image.default\">\n\t\t\t\t<div class=\"elementor-widget-container\">\n\t\t\t\t\t\t\t\t\t\t\t\t\t\t\t<img decoding=\"async\" width=\"768\" height=\"549\" src=\"https:\/\/miritglas.com\/wp-content\/uploads\/2023\/08\/glasror_og_stanger-768x549.webp\" class=\"attachment-medium_large size-medium_large wp-image-323\" alt=\"Glass tubes in all shapes and sizes\" srcset=\"https:\/\/miritglas.com\/wp-content\/uploads\/2023\/08\/glasror_og_stanger-768x549.webp 768w, https:\/\/miritglas.com\/wp-content\/uploads\/2023\/08\/glasror_og_stanger-300x214.webp 300w, https:\/\/miritglas.com\/wp-content\/uploads\/2023\/08\/glasror_og_stanger-1024x732.webp 1024w, https:\/\/miritglas.com\/wp-content\/uploads\/2023\/08\/glasror_og_stanger-1536x1098.webp 1536w, https:\/\/miritglas.com\/wp-content\/uploads\/2023\/08\/glasror_og_stanger-2048x1464.webp 2048w\" sizes=\"(max-width: 768px) 100vw, 768px\" title=\"\">\t\t\t\t\t\t\t\t\t\t\t\t\t\t\t<\/div>\n\t\t\t\t<\/div>\n\t\t<div class=\"elementor-element elementor-element-555130d2 e-flex e-con-boxed e-con e-parent\" data-id=\"555130d2\" data-element_type=\"container\" data-e-type=\"container\" data-settings=\"{&quot;background_background&quot;:&quot;classic&quot;}\">\n\t\t\t\t\t<div class=\"e-con-inner\">\n\t\t\t\t<div class=\"elementor-element elementor-element-55831590 elementor-widget elementor-widget-text-editor\" data-id=\"55831590\" data-element_type=\"widget\" data-e-type=\"widget\" data-widget_type=\"text-editor.default\">\n\t\t\t\t<div class=\"elementor-widget-container\">\n\t\t\t\t\t\t\t\t\t<h4>Spesialtilpasning<\/h4>\n<p>Vi leverer glass som passer til individuelle behov, f.eks. med borede hull, utskj\u00e6ringer og spesielle kantbearbeidninger. Hvis det er \u00f8nskelig med en spesiell form kan r\u00f8r og stenger varmebehandles.<\/p>\n<p>Mirit Glas leverer etter m\u00e5l i hele Skandinavia, og n\u00e5r det haster som mest, kan vi levere samme dag.<\/p>\n\t\t\t\t\t\t\t\t<\/div>\n\t\t\t\t<\/div>\n\t\t\t\t\t<\/div>\n\t\t\t\t<\/div>\n\t\t\t\t<\/div>\n\t\t\t\t\t<\/div>\n\t\t\t\t<\/div>\n\t\t\t\t<\/div>\n\t\t","protected":false},"featured_media":323,"template":"","class_list":["post-3533","product","type-product","status-publish","has-post-thumbnail","hentry"],"acf":[],"_links":{"self":[{"href":"https:\/\/miritglas.com\/no\/wp-json\/wp\/v2\/product\/3533","targetHints":{"allow":["GET"]}}],"collection":[{"href":"https:\/\/miritglas.com\/no\/wp-json\/wp\/v2\/product"}],"about":[{"href":"https:\/\/miritglas.com\/no\/wp-json\/wp\/v2\/types\/product"}],"version-history":[{"count":2,"href":"https:\/\/miritglas.com\/no\/wp-json\/wp\/v2\/product\/3533\/revisions"}],"predecessor-version":[{"id":5757,"href":"https:\/\/miritglas.com\/no\/wp-json\/wp\/v2\/product\/3533\/revisions\/5757"}],"wp:featuredmedia":[{"embeddable":true,"href":"https:\/\/miritglas.com\/no\/wp-json\/wp\/v2\/media\/323"}],"wp:attachment":[{"href":"https:\/\/miritglas.com\/no\/wp-json\/wp\/v2\/media?parent=3533"}],"curies":[{"name":"wp","href":"https:\/\/api.w.org\/{rel}","templated":true}]}}