{"id":3134,"date":"2023-08-09T11:30:52","date_gmt":"2023-08-09T09:30:52","guid":{"rendered":"https:\/\/miritglas.com\/produkter\/uv-glass\/"},"modified":"2025-04-28T15:42:21","modified_gmt":"2025-04-28T13:42:21","slug":"uv-glass","status":"publish","type":"product","link":"https:\/\/miritglas.com\/no\/produkter\/uv-glass\/","title":{"rendered":"UV-glass"},"content":{"rendered":"\t\t<div data-elementor-type=\"wp-post\" data-elementor-id=\"3134\" class=\"elementor elementor-3134 elementor-306\" data-elementor-post-type=\"product\">\n\t\t\t\t<div class=\"elementor-element elementor-element-273572c8 e-flex e-con-boxed e-con e-parent\" data-id=\"273572c8\" data-element_type=\"container\" data-e-type=\"container\">\n\t\t\t\t\t<div class=\"e-con-inner\">\n\t\t<div class=\"elementor-element elementor-element-1baaab5e e-con-full e-flex e-con e-parent\" data-id=\"1baaab5e\" data-element_type=\"container\" data-e-type=\"container\">\n\t\t\t\t<div class=\"elementor-element elementor-element-27823fa8 elementor-widget elementor-widget-text-editor\" data-id=\"27823fa8\" data-element_type=\"widget\" data-e-type=\"widget\" data-widget_type=\"text-editor.default\">\n\t\t\t\t<div class=\"elementor-widget-container\">\n\t\t\t\t\t\t\t\t\t<h2>UV glass<\/h2>\n<p>Ultrafiolett lys (UV-lys) er b\u00e5de nyttig og skadelig. Derfor finnes det b\u00e5de glass som beskytter mot UV-lys og glass som s\u00f8rger for at mest mulig UV-lys trenger gjennom. Mirit Glas produserer glass for alle typer UV-lysl\u00f8sninger.<\/p>\n<p>Vanligvis n\u00e5r du vil beskytte deg mot UV-lys, bruker du en l\u00f8sning med\u00a0<a href=\"https:\/\/miritglas.com\/no\/produkt\/laminert-glass\/\">laminert glass<\/a>. Skal du derimot lage en l\u00f8sning som krever mest mulig ultrafiolett lys, bruker du\u00a0<a href=\"https:\/\/miritglas.com\/no\/produkt\/kvartsglass\/\">kvartsglass<\/a>, laget av ren kvartssand.<\/p>\n<p>N\u00e5r man snakker om UV-lys er det oftest lys i spekteret fra 100 til 400nm (nanometer). Det er ogs\u00e5 ekstremt UV-lys, som ligger mellom 21 og 121 nm (nanometer).<\/p>\n<p>Mirit Glas selger glass som kan brukes i b\u00e5de enkle og mer avanserte UV-l\u00f8sninger.<\/p>\n<p>Et eksempel p\u00e5 en l\u00f8sning hvor Mirit Glas leverer glass kan v\u00e6re en UV-desinfeksjonsl\u00f8sning. Kvartsglass brukes typisk her for \u00e5 beskytte UV-p\u00e6rene i desinfeksjonskammeret. Mens laminert glass gj\u00f8r det mulig \u00e5 overv\u00e5ke prosessen fra utsiden, fordi det hindrer de skadelige UV-str\u00e5lene i \u00e5 skinne gjennom og inn p\u00e5 de ansatte som overv\u00e5ker systemet.<\/p>\n<p>Vil du vite mer om hva vi kan tilby? Ta s\u00e5 kontakt med Mirit Glas og f\u00e5 tilbud p\u00e5 akkurat den type glass som skal brukes i din UV-l\u00f8sning.<\/p>\n\t\t\t\t\t\t\t\t<\/div>\n\t\t\t\t<\/div>\n\t\t\t\t<div class=\"elementor-element elementor-element-64b62401 elementor-widget elementor-widget-button\" data-id=\"64b62401\" data-element_type=\"widget\" data-e-type=\"widget\" data-widget_type=\"button.default\">\n\t\t\t\t<div class=\"elementor-widget-container\">\n\t\t\t\t\t\t\t\t\t<div class=\"elementor-button-wrapper\">\n\t\t\t\t\t<a class=\"elementor-button elementor-button-link elementor-size-md\" href=\"https:\/\/miritglas.com\/no\/kontakt-oss\/\">\n\t\t\t\t\t\t<span class=\"elementor-button-content-wrapper\">\n\t\t\t\t\t\t\t\t\t<span class=\"elementor-button-text\">Kontakt oss i dag<\/span>\n\t\t\t\t\t<\/span>\n\t\t\t\t\t<\/a>\n\t\t\t\t<\/div>\n\t\t\t\t\t\t\t\t<\/div>\n\t\t\t\t<\/div>\n\t\t\t\t<\/div>\n\t\t<div class=\"elementor-element elementor-element-51349851 e-con-full e-flex e-con e-parent\" data-id=\"51349851\" data-element_type=\"container\" data-e-type=\"container\">\n\t\t\t\t<div class=\"elementor-element elementor-element-731a7780 elementor-absolute elementor-widget elementor-widget-image\" data-id=\"731a7780\" data-element_type=\"widget\" data-e-type=\"widget\" data-settings=\"{&quot;_position&quot;:&quot;absolute&quot;}\" data-widget_type=\"image.default\">\n\t\t\t\t<div class=\"elementor-widget-container\">\n\t\t\t\t\t\t\t\t\t\t\t\t\t\t\t<img decoding=\"async\" src=\"https:\/\/miritglas.com\/wp-content\/uploads\/2023\/08\/logo-icon.png\" title=\"\" alt=\"\" loading=\"lazy\">\t\t\t\t\t\t\t\t\t\t\t\t\t\t\t<\/div>\n\t\t\t\t<\/div>\n\t\t\t\t<div class=\"elementor-element elementor-element-66876efc elementor-widget elementor-widget-image\" data-id=\"66876efc\" data-element_type=\"widget\" data-e-type=\"widget\" data-widget_type=\"image.default\">\n\t\t\t\t<div class=\"elementor-widget-container\">\n\t\t\t\t\t\t\t\t\t\t\t\t<figure class=\"wp-caption\">\n\t\t\t\t\t\t\t\t\t\t<img decoding=\"async\" src=\"https:\/\/miritglas.com\/wp-content\/uploads\/elementor\/thumbs\/uv-lys-some-qbhdh17a6pm01r8mv1qterm56pdwk21xcl8qtnae7k.jpeg\" title=\"uv-lys-some\" alt=\"uv-glas. B\u00e5de til mest muligt uv-lys komme igennem eller til at holde mest muligt UV-lys inde\" loading=\"lazy\" \/>\t\t\t\t\t\t\t\t\t\t\t<figcaption class=\"widget-image-caption wp-caption-text\">UV-glass er et flertydig ord, som brukes b\u00e5de om glass som beskytter mot UV-str\u00e5ler og om glass som lar s\u00e5 mye UV-lys som mulig trenge inn.<\/figcaption>\n\t\t\t\t\t\t\t\t\t\t<\/figure>\n\t\t\t\t\t\t\t\t\t<\/div>\n\t\t\t\t<\/div>\n\t\t\t\t<\/div>\n\t\t\t\t\t<\/div>\n\t\t\t\t<\/div>\n\t\t\t\t<\/div>\n\t\t","protected":false},"featured_media":2145,"template":"","class_list":["post-3134","product","type-product","status-publish","has-post-thumbnail","hentry"],"acf":[],"_links":{"self":[{"href":"https:\/\/miritglas.com\/no\/wp-json\/wp\/v2\/product\/3134","targetHints":{"allow":["GET"]}}],"collection":[{"href":"https:\/\/miritglas.com\/no\/wp-json\/wp\/v2\/product"}],"about":[{"href":"https:\/\/miritglas.com\/no\/wp-json\/wp\/v2\/types\/product"}],"version-history":[{"count":3,"href":"https:\/\/miritglas.com\/no\/wp-json\/wp\/v2\/product\/3134\/revisions"}],"predecessor-version":[{"id":5758,"href":"https:\/\/miritglas.com\/no\/wp-json\/wp\/v2\/product\/3134\/revisions\/5758"}],"wp:featuredmedia":[{"embeddable":true,"href":"https:\/\/miritglas.com\/no\/wp-json\/wp\/v2\/media\/2145"}],"wp:attachment":[{"href":"https:\/\/miritglas.com\/no\/wp-json\/wp\/v2\/media?parent=3134"}],"curies":[{"name":"wp","href":"https:\/\/api.w.org\/{rel}","templated":true}]}}