{"id":3130,"date":"2023-08-09T11:30:46","date_gmt":"2023-08-09T09:30:46","guid":{"rendered":"https:\/\/miritglas.com\/produkter\/teknisk-glass\/"},"modified":"2023-09-19T17:59:39","modified_gmt":"2023-09-19T15:59:39","slug":"teknisk-glass","status":"publish","type":"product","link":"https:\/\/miritglas.com\/no\/produkter\/teknisk-glass\/","title":{"rendered":"Teknisk glass"},"content":{"rendered":"\t\t<div data-elementor-type=\"wp-post\" data-elementor-id=\"3130\" class=\"elementor elementor-3130 elementor-305\" data-elementor-post-type=\"product\">\n\t\t\t\t<div class=\"elementor-element elementor-element-77ba3917 e-flex e-con-boxed e-con e-parent\" data-id=\"77ba3917\" data-element_type=\"container\" data-e-type=\"container\">\n\t\t\t\t\t<div class=\"e-con-inner\">\n\t\t<div class=\"elementor-element elementor-element-6623cb2e e-con-full e-flex e-con e-parent\" data-id=\"6623cb2e\" data-element_type=\"container\" data-e-type=\"container\">\n\t\t\t\t<div class=\"elementor-element elementor-element-7a1b334 elementor-widget elementor-widget-text-editor\" data-id=\"7a1b334\" data-element_type=\"widget\" data-e-type=\"widget\" data-widget_type=\"text-editor.default\">\n\t\t\t\t<div class=\"elementor-widget-container\">\n\t\t\t\t\t\t\t\t\t<h2>Teknisk glass \u2013 glass for mer enn bare syns skyld<\/h2>\n<p>Teknisk glass er glass med spesielle egenskaper. Ved behandling kan vanlig glass f\u00e5 egenskaper som har stor betydning for enten sikkerhet eller funksjon, som fullf\u00f8relse av et bestemt bruksomr\u00e5de eller en design.<\/p>\n<p>Mirit Glas spesialiserer seg p\u00e5 behandling av glass, og sammen med v\u00e5rt ekstremt velfylte r\u00e5varelager av teknisk glass, betyr det at vi alltid kan finne en l\u00f8sning til v\u00e5re kunder.<\/p>\n\t\t\t\t\t\t\t\t<\/div>\n\t\t\t\t<\/div>\n\t\t\t\t<div class=\"elementor-element elementor-element-56cefebb elementor-widget elementor-widget-button\" data-id=\"56cefebb\" data-element_type=\"widget\" data-e-type=\"widget\" data-widget_type=\"button.default\">\n\t\t\t\t<div class=\"elementor-widget-container\">\n\t\t\t\t\t\t\t\t\t<div class=\"elementor-button-wrapper\">\n\t\t\t\t\t<a class=\"elementor-button elementor-button-link elementor-size-md\" href=\"https:\/\/miritglas.com\/no\/kontakt-oss\/\">\n\t\t\t\t\t\t<span class=\"elementor-button-content-wrapper\">\n\t\t\t\t\t\t\t\t\t<span class=\"elementor-button-text\">Kontakt oss i dag<\/span>\n\t\t\t\t\t<\/span>\n\t\t\t\t\t<\/a>\n\t\t\t\t<\/div>\n\t\t\t\t\t\t\t\t<\/div>\n\t\t\t\t<\/div>\n\t\t\t\t<\/div>\n\t\t<div class=\"elementor-element elementor-element-7de951cb e-con-full e-flex e-con e-parent\" data-id=\"7de951cb\" data-element_type=\"container\" data-e-type=\"container\">\n\t\t\t\t<div class=\"elementor-element elementor-element-1e038aba elementor-absolute elementor-widget elementor-widget-image\" data-id=\"1e038aba\" data-element_type=\"widget\" data-e-type=\"widget\" data-settings=\"{&quot;_position&quot;:&quot;absolute&quot;}\" data-widget_type=\"image.default\">\n\t\t\t\t<div class=\"elementor-widget-container\">\n\t\t\t\t\t\t\t\t\t\t\t\t\t\t\t<img fetchpriority=\"high\" decoding=\"async\" width=\"230\" height=\"230\" src=\"https:\/\/miritglas.com\/wp-content\/uploads\/2023\/08\/logo-icon.png\" class=\"attachment-medium size-medium wp-image-166\" alt=\"Mirit glas logo. Nordens foretrukne glasleverand\u00f8r \u2013 vi fremstiller efter individuelle behov\" srcset=\"https:\/\/miritglas.com\/wp-content\/uploads\/2023\/08\/logo-icon.png 230w, https:\/\/miritglas.com\/wp-content\/uploads\/2023\/08\/logo-icon-150x150.png 150w\" sizes=\"(max-width: 230px) 100vw, 230px\" title=\"\">\t\t\t\t\t\t\t\t\t\t\t\t\t\t\t<\/div>\n\t\t\t\t<\/div>\n\t\t\t\t<div class=\"elementor-element elementor-element-70b7c1fa elementor-widget elementor-widget-image\" data-id=\"70b7c1fa\" data-element_type=\"widget\" data-e-type=\"widget\" data-widget_type=\"image.default\">\n\t\t\t\t<div class=\"elementor-widget-container\">\n\t\t\t\t\t\t\t\t\t\t\t\t\t\t\t<img decoding=\"async\" width=\"576\" height=\"576\" src=\"https:\/\/miritglas.com\/wp-content\/uploads\/2023\/08\/tekniskglas-1.jpg\" class=\"attachment-large size-large wp-image-2137\" alt=\"teknisk glas er et s\u00e6rligt glas. Sikkerheden er i top. Glas til produkter, ikke produktion.\" srcset=\"https:\/\/miritglas.com\/wp-content\/uploads\/2023\/08\/tekniskglas-1.jpg 576w, https:\/\/miritglas.com\/wp-content\/uploads\/2023\/08\/tekniskglas-1-300x300.jpg 300w, https:\/\/miritglas.com\/wp-content\/uploads\/2023\/08\/tekniskglas-1-150x150.jpg 150w\" sizes=\"(max-width: 576px) 100vw, 576px\" title=\"\">\t\t\t\t\t\t\t\t\t\t\t\t\t\t\t<\/div>\n\t\t\t\t<\/div>\n\t\t\t\t<\/div>\n\t\t\t\t\t<\/div>\n\t\t\t\t<\/div>\n\t\t<div class=\"elementor-element elementor-element-3de65dd6 e-flex e-con-boxed e-con e-parent\" data-id=\"3de65dd6\" data-element_type=\"container\" data-e-type=\"container\" data-settings=\"{&quot;background_background&quot;:&quot;classic&quot;}\">\n\t\t\t\t\t<div class=\"e-con-inner\">\n\t\t<div class=\"elementor-element elementor-element-12760108 e-con-full e-flex e-con e-parent\" data-id=\"12760108\" data-element_type=\"container\" data-e-type=\"container\">\n\t\t\t\t<div class=\"elementor-element elementor-element-44118dda elementor-widget elementor-widget-text-editor\" data-id=\"44118dda\" data-element_type=\"widget\" data-e-type=\"widget\" data-widget_type=\"text-editor.default\">\n\t\t\t\t<div class=\"elementor-widget-container\">\n\t\t\t\t\t\t\t\t\t<h3>Riktig l\u00f8sning for v\u00e5re kunder<\/h3>\n<p>N\u00e5r vi hjelper v\u00e5re kunder \u00e5 finne den riktige l\u00f8sningen, vurderer vi ut fra brukspesifikasjonen hvilke egenskaper som er n\u00f8dvendig:<\/p>\n<h4>Mekaniske egenskaper<\/h4>\n<p>Glassets styrke og fleksibilitet kan \u00f8kes ved herding (se eventuelt herdet glass og kjemisk herdet glass)<\/p>\n<h4>Optiske egenskaper<\/h4>\n<p>Overf\u00f8ring av b\u00f8lgelengder. Det kan v\u00e6re b\u00e5de blokkerende og fremhevende. Inkludert IR- og UV-b\u00f8lgelengder, antirefleksglass, spesialslipt glass eller glass for \u00e5 dempe radioaktive str\u00e5ler, som f.eks. blyglass gj\u00f8r.<\/p>\n<h4>Kjemiske egenskaper<\/h4>\n<p>Hva glasset m\u00e5 kunne motst\u00e5, f.eks. sterke kjemikalier.<\/p>\n<h4>Elektriske egenskaper<\/h4>\n<p>De fleste typer glass kan brukes som elektriske isolatorer, og med enkelte belegg kan man ogs\u00e5 bruke glass som en elektrisk leder.<\/p>\n\t\t\t\t\t\t\t\t<\/div>\n\t\t\t\t<\/div>\n\t\t\t\t<\/div>\n\t\t\t\t\t<\/div>\n\t\t\t\t<\/div>\n\t\t<div class=\"elementor-element elementor-element-21990917 e-flex e-con-boxed e-con e-parent\" data-id=\"21990917\" data-element_type=\"container\" data-e-type=\"container\" data-settings=\"{&quot;background_background&quot;:&quot;classic&quot;}\">\n\t\t\t\t\t<div class=\"e-con-inner\">\n\t\t<div class=\"elementor-element elementor-element-67a3c39c e-con-full e-flex e-con e-parent\" data-id=\"67a3c39c\" data-element_type=\"container\" data-e-type=\"container\">\n\t\t\t\t<div class=\"elementor-element elementor-element-23a1171f elementor-widget elementor-widget-text-editor\" data-id=\"23a1171f\" data-element_type=\"widget\" data-e-type=\"widget\" data-widget_type=\"text-editor.default\">\n\t\t\t\t<div class=\"elementor-widget-container\">\n\t\t\t\t\t\t\t\t\t<h3>Mange muligheder<\/h3>\n<p>Det er mange muligheter i teknisk glass. F.eks.:<\/p>\n\t\t\t\t\t\t\t\t<\/div>\n\t\t\t\t<\/div>\n\t\t\t\t<div class=\"elementor-element elementor-element-5bb4d02d elementor-widget elementor-widget-text-editor\" data-id=\"5bb4d02d\" data-element_type=\"widget\" data-e-type=\"widget\" data-widget_type=\"text-editor.default\">\n\t\t\t\t<div class=\"elementor-widget-container\">\n\t\t\t\t\t\t\t\t\t<ul>\n<li><a href=\"https:\/\/miritglas.com\/no\/produkt\/kvartsglass\/\">Kvartsglass<\/a><\/li>\n<li>Antirefleksglass med belagt overflate eller ultrafin brutt overflate<\/li>\n<li><a href=\"https:\/\/miritglas.com\/no\/raavarer\/\">Ultratynt\/tykt glass<\/a><\/li>\n<li><a href=\"https:\/\/miritglas.com\/no\/produkt\/displayglass\/\">Instrumentglass<\/a><\/li>\n<li><a href=\"https:\/\/miritglas.com\/no\/raavarer\/\">Farget glass<\/a><\/li>\n<li><a href=\"https:\/\/miritglas.com\/no\/produkt\/displayglass\/\">Skjermglass<\/a><\/li>\n<\/ul>\n\t\t\t\t\t\t\t\t<\/div>\n\t\t\t\t<\/div>\n\t\t\t\t<div class=\"elementor-element elementor-element-425398db elementor-widget elementor-widget-text-editor\" data-id=\"425398db\" data-element_type=\"widget\" data-e-type=\"widget\" data-widget_type=\"text-editor.default\">\n\t\t\t\t<div class=\"elementor-widget-container\">\n\t\t\t\t\t\t\t\t\t<p>Disse\u00a0<a href=\"https:\/\/miritglas.com\/no\/raavarer\/\">glass-r\u00e5varetypene<\/a>\u00a0har Mirit Glas som fast hyllevare i v\u00e5rt lager.<\/p>\n\t\t\t\t\t\t\t\t<\/div>\n\t\t\t\t<\/div>\n\t\t\t\t<\/div>\n\t\t\t\t\t<\/div>\n\t\t\t\t<\/div>\n\t\t\t\t<\/div>\n\t\t","protected":false},"featured_media":339,"template":"","class_list":["post-3130","product","type-product","status-publish","has-post-thumbnail","hentry"],"acf":[],"_links":{"self":[{"href":"https:\/\/miritglas.com\/no\/wp-json\/wp\/v2\/product\/3130","targetHints":{"allow":["GET"]}}],"collection":[{"href":"https:\/\/miritglas.com\/no\/wp-json\/wp\/v2\/product"}],"about":[{"href":"https:\/\/miritglas.com\/no\/wp-json\/wp\/v2\/types\/product"}],"version-history":[{"count":2,"href":"https:\/\/miritglas.com\/no\/wp-json\/wp\/v2\/product\/3130\/revisions"}],"predecessor-version":[{"id":3458,"href":"https:\/\/miritglas.com\/no\/wp-json\/wp\/v2\/product\/3130\/revisions\/3458"}],"wp:featuredmedia":[{"embeddable":true,"href":"https:\/\/miritglas.com\/no\/wp-json\/wp\/v2\/media\/339"}],"wp:attachment":[{"href":"https:\/\/miritglas.com\/no\/wp-json\/wp\/v2\/media?parent=3130"}],"curies":[{"name":"wp","href":"https:\/\/api.w.org\/{rel}","templated":true}]}}