{"id":3122,"date":"2023-08-09T11:30:39","date_gmt":"2023-08-09T09:30:39","guid":{"rendered":"https:\/\/miritglas.com\/produkter\/seglass\/"},"modified":"2023-09-19T17:59:40","modified_gmt":"2023-09-19T15:59:40","slug":"seglass","status":"publish","type":"product","link":"https:\/\/miritglas.com\/no\/produkter\/seglass\/","title":{"rendered":"Seglass"},"content":{"rendered":"\t\t<div data-elementor-type=\"wp-post\" data-elementor-id=\"3122\" class=\"elementor elementor-3122 elementor-304\" data-elementor-post-type=\"product\">\n\t\t\t\t<div class=\"elementor-element elementor-element-61bc4afd e-flex e-con-boxed e-con e-parent\" data-id=\"61bc4afd\" data-element_type=\"container\" data-e-type=\"container\">\n\t\t\t\t\t<div class=\"e-con-inner\">\n\t\t<div class=\"elementor-element elementor-element-dec3d30 e-con-full e-flex e-con e-parent\" data-id=\"dec3d30\" data-element_type=\"container\" data-e-type=\"container\">\n\t\t\t\t<div class=\"elementor-element elementor-element-5cf17fb2 elementor-widget elementor-widget-text-editor\" data-id=\"5cf17fb2\" data-element_type=\"widget\" data-e-type=\"widget\" data-widget_type=\"text-editor.default\">\n\t\t\t\t<div class=\"elementor-widget-container\">\n\t\t\t\t\t\t\t\t\t<h2>Seglass brukes til \u00e5 inspisere eller overv\u00e5ke en prosess<\/h2>\n<p>Med seglass kan man overv\u00e5ke prosessen fra utsiden og sikre at gasser, mengde, temperatur eller farge er som \u00f8nsket, samtidig med at mediet holdes inne i beholderen.<\/p>\n<p>Seglass kalles ogs\u00e5 v\u00e6skestandsglass eller kontrollglass.<\/p>\n<p>Seglass brukes i mange bransjer, bl.a. n\u00e6ringsmiddelindustri, prosessindustri, medisinalindustri samt offshore-, marin- og transportindustri (biler, b\u00e5ter, skip og fly).<\/p>\n<p>Mirit Glas har levert seglass til bedrifter over hele Skandinavia i over 60 \u00e5r, og har dermed bidratt til \u00e5 effektivisere en lang rekke prosesser.<\/p>\n\t\t\t\t\t\t\t\t<\/div>\n\t\t\t\t<\/div>\n\t\t\t\t<div class=\"elementor-element elementor-element-72ca9f95 elementor-widget elementor-widget-button\" data-id=\"72ca9f95\" data-element_type=\"widget\" data-e-type=\"widget\" data-widget_type=\"button.default\">\n\t\t\t\t<div class=\"elementor-widget-container\">\n\t\t\t\t\t\t\t\t\t<div class=\"elementor-button-wrapper\">\n\t\t\t\t\t<a class=\"elementor-button elementor-button-link elementor-size-md\" href=\"https:\/\/miritglas.com\/no\/kontakt-oss\/\">\n\t\t\t\t\t\t<span class=\"elementor-button-content-wrapper\">\n\t\t\t\t\t\t\t\t\t<span class=\"elementor-button-text\">Kontakt oss i dag<\/span>\n\t\t\t\t\t<\/span>\n\t\t\t\t\t<\/a>\n\t\t\t\t<\/div>\n\t\t\t\t\t\t\t\t<\/div>\n\t\t\t\t<\/div>\n\t\t\t\t<\/div>\n\t\t<div class=\"elementor-element elementor-element-3e304b79 e-con-full e-flex e-con e-parent\" data-id=\"3e304b79\" data-element_type=\"container\" data-e-type=\"container\">\n\t\t\t\t<div class=\"elementor-element elementor-element-713b2b5b elementor-absolute elementor-widget elementor-widget-image\" data-id=\"713b2b5b\" data-element_type=\"widget\" data-e-type=\"widget\" data-settings=\"{&quot;_position&quot;:&quot;absolute&quot;}\" data-widget_type=\"image.default\">\n\t\t\t\t<div class=\"elementor-widget-container\">\n\t\t\t\t\t\t\t\t\t\t\t\t\t\t\t<img fetchpriority=\"high\" decoding=\"async\" width=\"230\" height=\"230\" src=\"https:\/\/miritglas.com\/wp-content\/uploads\/2023\/08\/logo-icon.png\" class=\"attachment-medium size-medium wp-image-166\" alt=\"Mirit glas logo. Nordens foretrukne glasleverand\u00f8r \u2013 vi fremstiller efter individuelle behov\" srcset=\"https:\/\/miritglas.com\/wp-content\/uploads\/2023\/08\/logo-icon.png 230w, https:\/\/miritglas.com\/wp-content\/uploads\/2023\/08\/logo-icon-150x150.png 150w\" sizes=\"(max-width: 230px) 100vw, 230px\" title=\"\">\t\t\t\t\t\t\t\t\t\t\t\t\t\t\t<\/div>\n\t\t\t\t<\/div>\n\t\t\t\t<div class=\"elementor-element elementor-element-7fe8e238 elementor-widget elementor-widget-image\" data-id=\"7fe8e238\" data-element_type=\"widget\" data-e-type=\"widget\" data-widget_type=\"image.default\">\n\t\t\t\t<div class=\"elementor-widget-container\">\n\t\t\t\t\t\t\t\t\t\t\t\t\t\t\t<img decoding=\"async\" width=\"800\" height=\"572\" src=\"https:\/\/miritglas.com\/wp-content\/uploads\/2023\/08\/skueglas-1024x732.jpg\" class=\"attachment-large size-large wp-image-2129\" alt=\"skueglas leveret af mirit glas. din leverand\u00f8r af glas p\u00e5 m\u00e5l.\" srcset=\"https:\/\/miritglas.com\/wp-content\/uploads\/2023\/08\/skueglas-1024x732.jpg 1024w, https:\/\/miritglas.com\/wp-content\/uploads\/2023\/08\/skueglas-300x214.jpg 300w, https:\/\/miritglas.com\/wp-content\/uploads\/2023\/08\/skueglas-768x549.jpg 768w, https:\/\/miritglas.com\/wp-content\/uploads\/2023\/08\/skueglas-1536x1097.jpg 1536w, https:\/\/miritglas.com\/wp-content\/uploads\/2023\/08\/skueglas-2048x1463.jpg 2048w\" sizes=\"(max-width: 800px) 100vw, 800px\" title=\"\">\t\t\t\t\t\t\t\t\t\t\t\t\t\t\t<\/div>\n\t\t\t\t<\/div>\n\t\t\t\t<\/div>\n\t\t\t\t\t<\/div>\n\t\t\t\t<\/div>\n\t\t<div class=\"elementor-element elementor-element-5523d8c7 e-flex e-con-boxed e-con e-parent\" data-id=\"5523d8c7\" data-element_type=\"container\" data-e-type=\"container\" data-settings=\"{&quot;background_background&quot;:&quot;classic&quot;}\">\n\t\t\t\t\t<div class=\"e-con-inner\">\n\t\t<div class=\"elementor-element elementor-element-46a96647 e-con-full e-flex e-con e-parent\" data-id=\"46a96647\" data-element_type=\"container\" data-e-type=\"container\">\n\t\t\t\t<div class=\"elementor-element elementor-element-58655054 elementor-widget elementor-widget-text-editor\" data-id=\"58655054\" data-element_type=\"widget\" data-e-type=\"widget\" data-widget_type=\"text-editor.default\">\n\t\t\t\t<div class=\"elementor-widget-container\">\n\t\t\t\t\t\t\t\t\t<h3>Seglass\u2019 egenskaper og funksjoner<\/h3>\r\nSeglass brukes vanligvis til \u00e5 holde instrumenter eller m\u00e5leapparater atskilt fra industrielle prosesser og til \u00e5 overv\u00e5ke f.eks.:\r\n<ul>\r\n \t<li>Flytende v\u00e6sker, slik som olje, vann, kjemikalier og flytende n\u00e6ringsmidler<\/li>\r\n \t<li>Faste masser og materialer, slik som korn i en kornsilo eller sement i en sementblander<\/li>\r\n \t<li>Forbrenningsprosesser ved h\u00f8ye temperaturer (for eksplosjonssikring av omr\u00e5der)<\/li>\r\n \t<li>Fryseprosesser ved lave temperaturer<\/li>\r\n \t<li>Luft, gasser eller varme \u2013 ev. under trykk\/vakuum (f.eks. et vakuumkammer)<\/li>\r\n<\/ul>\r\nMange bransjer bruker briller, f.eks. for mat, prosessindustri, medisin, offshore, marine og transport (biler, b\u00e5ter, skip og fly). Ogs\u00e5 mulig \u00e5 bruke for eksplosjonssikre omr\u00e5der.\r\n\r\nMirit Glas har levert seglass til bedrifter i hele Skandinavia i mer enn 60 \u00e5r, og har dermed bidratt til effektiviteten i et stort antall prosesser. Se for eksempel hvordan Swire Blue Ocean sparte 75 vedlikeholdsdager \u00e5rlig ved \u00e5 bytte ut st\u00e5lplugger med glass fra Mirit Glas. Disse skueglassene var gjenget og siktglassflensen var laget av rustfritt.\t\t\t\t\t\t\t\t<\/div>\n\t\t\t\t<\/div>\n\t\t\t\t<\/div>\n\t\t<div class=\"elementor-element elementor-element-acfd342 e-con-full e-flex e-con e-parent\" data-id=\"acfd342\" data-element_type=\"container\" data-e-type=\"container\">\n\t\t<div class=\"elementor-element elementor-element-2950d324 e-flex e-con-boxed e-con e-parent\" data-id=\"2950d324\" data-element_type=\"container\" data-e-type=\"container\" data-settings=\"{&quot;background_background&quot;:&quot;classic&quot;}\">\n\t\t\t\t\t<div class=\"e-con-inner\">\n\t\t\t\t<div class=\"elementor-element elementor-element-42333bed elementor-widget elementor-widget-text-editor\" data-id=\"42333bed\" data-element_type=\"widget\" data-e-type=\"widget\" data-widget_type=\"text-editor.default\">\n\t\t\t\t<div class=\"elementor-widget-container\">\n\t\t\t\t\t\t\t\t\t<h4 class=\"p1\">SPESIALTILPASNING<\/h4>\n<p>Bearbeiding og spesialutvikling er mulig hos Mirit Glas. Vi kan for eksempel tilby behandling med anti-smuss, som gj\u00f8r at olje og andre medier ikke setter seg fast p\u00e5 glasset, men glir av slik at prosessen kan observeres til enhver tid.<\/p>\n<p>Vi kan ogs\u00e5 trykke nesten hva som helst p\u00e5 glasset, f.eks. hvis man \u00f8nsker niv\u00e5angivelser. Det er dessuten mulighet for b\u00f8ying, slik at seglasset blir buet. Glasset kan ogs\u00e5 bearbeides og skj\u00e6res til i \u00f8nsket form eller med spesiell kant etter behov.<\/p>\n\t\t\t\t\t\t\t\t<\/div>\n\t\t\t\t<\/div>\n\t\t\t\t\t<\/div>\n\t\t\t\t<\/div>\n\t\t\t\t<\/div>\n\t\t\t\t\t<\/div>\n\t\t\t\t<\/div>\n\t\t<div class=\"elementor-element elementor-element-51232868 e-flex e-con-boxed e-con e-parent\" data-id=\"51232868\" data-element_type=\"container\" data-e-type=\"container\">\n\t\t\t\t\t<div class=\"e-con-inner\">\n\t\t<div class=\"elementor-element elementor-element-556f92f7 e-con-full e-flex e-con e-parent\" data-id=\"556f92f7\" data-element_type=\"container\" data-e-type=\"container\">\n\t\t\t\t<div class=\"elementor-element elementor-element-64012a9 elementor-widget elementor-widget-image\" data-id=\"64012a9\" data-element_type=\"widget\" data-e-type=\"widget\" data-widget_type=\"image.default\">\n\t\t\t\t<div class=\"elementor-widget-container\">\n\t\t\t\t\t\t\t\t\t\t\t\t\t\t\t<img decoding=\"async\" width=\"575\" height=\"604\" src=\"https:\/\/miritglas.com\/wp-content\/uploads\/2023\/08\/haerdet-sikkerhedsglas.png\" class=\"attachment-large size-large wp-image-2121\" alt=\"h\u00e6rdet sikkerhedsglas og beskyttelsesglas fra mirit glas\" srcset=\"https:\/\/miritglas.com\/wp-content\/uploads\/2023\/08\/haerdet-sikkerhedsglas.png 575w, https:\/\/miritglas.com\/wp-content\/uploads\/2023\/08\/haerdet-sikkerhedsglas-286x300.png 286w\" sizes=\"(max-width: 575px) 100vw, 575px\" title=\"\">\t\t\t\t\t\t\t\t\t\t\t\t\t\t\t<\/div>\n\t\t\t\t<\/div>\n\t\t\t\t<\/div>\n\t\t<div class=\"elementor-element elementor-element-78488811 e-con-full e-flex e-con e-parent\" data-id=\"78488811\" data-element_type=\"container\" data-e-type=\"container\">\n\t\t\t\t<div class=\"elementor-element elementor-element-73a85bef elementor-widget elementor-widget-text-editor\" data-id=\"73a85bef\" data-element_type=\"widget\" data-e-type=\"widget\" data-widget_type=\"text-editor.default\">\n\t\t\t\t<div class=\"elementor-widget-container\">\n\t\t\t\t\t\t\t\t\t<h3 class=\"p1\">Overholder standarder<\/h3>\n<p>Uansett hvilket medium som skal inspiseres via seglasset, tilpasses seglasset konkrete behov og krav, og det produseres naturligvis i henhold til godkjente standarder.<\/p>\n<ul>\n<li>Runde seglass: oppfyller kravene i DIN 8902 eller DIN 7080<\/li>\n<li>Seglass med sirkelslag eller rektangul\u00e6re seglass: oppfyller kravene i DIN 8903 eller DIN 7081<\/li>\n<li>Spesialtilpassede seglass: f.eks. spesielle utskj\u00e6ringer eller hull<\/li>\n<li>Seglass i andre glassmaterialer: f.eks. kvartsglass, safirglass eller keramisk glass som Robax eller Neoceram<\/li>\n<\/ul>\n<p>Seglass fra Mirit Glas kan bestilles med diverse sertifikater, f.eks. materialsertifikat i henhold til EN 10204, type 2.2 og materialsertifikat i henhold til EN 10204, type 3.1 samt samsvarserkl\u00e6ring i henhold til forordning (EF) nr. 1935\/2004 (matkontaktforskriften).<\/p>\n<p>Vi har ogs\u00e5 mulighet til \u00e5 produsere pakninger etter tilpassede m\u00e5l og sende disse sammen med seglasset.<\/p>\n\t\t\t\t\t\t\t\t<\/div>\n\t\t\t\t<\/div>\n\t\t\t\t<div class=\"elementor-element elementor-element-79f5ced4 elementor-widget elementor-widget-button\" data-id=\"79f5ced4\" data-element_type=\"widget\" data-e-type=\"widget\" data-widget_type=\"button.default\">\n\t\t\t\t<div class=\"elementor-widget-container\">\n\t\t\t\t\t\t\t\t\t<div class=\"elementor-button-wrapper\">\n\t\t\t\t\t<a class=\"elementor-button elementor-button-link elementor-size-md\" href=\"https:\/\/miritglas.com\/no\/kontakt-oss\/\">\n\t\t\t\t\t\t<span class=\"elementor-button-content-wrapper\">\n\t\t\t\t\t\t\t\t\t<span class=\"elementor-button-text\">Kontakt oss i dag<\/span>\n\t\t\t\t\t<\/span>\n\t\t\t\t\t<\/a>\n\t\t\t\t<\/div>\n\t\t\t\t\t\t\t\t<\/div>\n\t\t\t\t<\/div>\n\t\t\t\t<\/div>\n\t\t\t\t\t<\/div>\n\t\t\t\t<\/div>\n\t\t<div class=\"elementor-element elementor-element-49f920b7 e-flex e-con-boxed e-con e-parent\" data-id=\"49f920b7\" data-element_type=\"container\" data-e-type=\"container\" data-settings=\"{&quot;background_background&quot;:&quot;classic&quot;}\">\n\t\t\t\t\t<div class=\"e-con-inner\">\n\t\t<div class=\"elementor-element elementor-element-4b27c5b1 e-con-full e-flex e-con e-parent\" data-id=\"4b27c5b1\" data-element_type=\"container\" data-e-type=\"container\">\n\t\t\t\t<div class=\"elementor-element elementor-element-2c3d4be elementor-widget elementor-widget-text-editor\" data-id=\"2c3d4be\" data-element_type=\"widget\" data-e-type=\"widget\" data-widget_type=\"text-editor.default\">\n\t\t\t\t<div class=\"elementor-widget-container\">\n\t\t\t\t\t\t\t\t\t<h3>Viktige faktorer ved valg av seglass<\/h3>\n<p><strong>1. Temperaturer<\/strong><br \/>\nDIN 8902 og DIN 8903 kan brukes ved temperaturer opptil hhv. 150 \u00b0C og 100 \u00b0C. DIN 7080 og DIN 7081 t\u00e5ler h\u00f8yere temperaturer, nemlig helt opptil 280 \u00b0C. H\u00f8yt trykk har innflytelse p\u00e5 hvilken temperatur glasset t\u00e5ler.<\/p>\n<p><strong>2. Trykk<\/strong><br \/>\nMirit Glas har mange forskjellige glasstykkelser p\u00e5 lager. Hvis vi vet hva glassets diameter og lysning (den delen av glasset som ikke er dekket av flensen) er, kan vi finne riktig tykkelse slik at glasset kan motst\u00e5 \u00f8nsket trykk.<\/p>\n<p><strong>3. Mediet bak glasset<\/strong><br \/>\nEr det kjemikalier, olje eller annet i beholderen? Hvilken prosess foreg\u00e5r bak glasset? Glass er generelt motstandsdyktig overfor de fleste kjemikalier, men f.eks. damp under trykk er en sv\u00e6rt aggressiv prosess for vanlig glass, som gj\u00f8r spesielle forholdsregler n\u00f8dvendige.<\/p>\n<p><strong>4. Anvendelsen<\/strong><br \/>\nHvorfor skal det v\u00e6re et seglass? Skal man \u00abbare\u00bb kunne se inn rent visuelt, eller er det elektroniske sensorer som skal kunne m\u00e5le gjennom glasset? I s\u00e5 fall m\u00e5 vi v\u00e6re oppmerksomme p\u00e5 transmisjonen ved bestemte b\u00f8lgelengder.<\/p>\n<p>Mirit Glas leverer seglass etter m\u00e5l i hele Skandinavia, og n\u00e5r det haster som mest, kan vi levere samme dag.<\/p>\n\t\t\t\t\t\t\t\t<\/div>\n\t\t\t\t<\/div>\n\t\t\t\t<div class=\"elementor-element elementor-element-5fdd321a elementor-widget elementor-widget-button\" data-id=\"5fdd321a\" data-element_type=\"widget\" data-e-type=\"widget\" data-widget_type=\"button.default\">\n\t\t\t\t<div class=\"elementor-widget-container\">\n\t\t\t\t\t\t\t\t\t<div class=\"elementor-button-wrapper\">\n\t\t\t\t\t<a class=\"elementor-button elementor-button-link elementor-size-md\" href=\"https:\/\/miritglas.com\/no\/kontakt-oss\/\">\n\t\t\t\t\t\t<span class=\"elementor-button-content-wrapper\">\n\t\t\t\t\t\t\t\t\t<span class=\"elementor-button-text\">Kontakt oss i dag<\/span>\n\t\t\t\t\t<\/span>\n\t\t\t\t\t<\/a>\n\t\t\t\t<\/div>\n\t\t\t\t\t\t\t\t<\/div>\n\t\t\t\t<\/div>\n\t\t\t\t<\/div>\n\t\t<div class=\"elementor-element elementor-element-bbd4ec4 e-con-full e-flex e-con e-parent\" data-id=\"bbd4ec4\" data-element_type=\"container\" data-e-type=\"container\">\n\t\t<div class=\"elementor-element elementor-element-53af9ee7 e-flex e-con-boxed e-con e-parent\" data-id=\"53af9ee7\" data-element_type=\"container\" data-e-type=\"container\" data-settings=\"{&quot;background_background&quot;:&quot;classic&quot;}\">\n\t\t\t\t\t<div class=\"e-con-inner\">\n\t\t\t\t<div class=\"elementor-element elementor-element-6841ed70 elementor-widget elementor-widget-text-editor\" data-id=\"6841ed70\" data-element_type=\"widget\" data-e-type=\"widget\" data-widget_type=\"text-editor.default\">\n\t\t\t\t<div class=\"elementor-widget-container\">\n\t\t\t\t\t\t\t\t\t<h4>HVA ER ET SEGLASS?<\/h4>\n<p>Et seglass er en fellesbetegnelse for et glass som brukes for \u00e5 f\u00e5 oversikt over en prosess. Det kan v\u00e6re et kjeleglass hvor du kan se inn i en kjele. Det kan ogs\u00e5 v\u00e6re et glassr\u00f8r som gir oversikt over oljestr\u00f8m eller et glass som gj\u00f8r det mulig \u00e5 se inn i et kornt\u00f8rkeanlegg. Seglass finnes i mange varianter. Felles for dem er at de gj\u00f8r det mulig \u00e5 se ellers skjulte deler av en produksjon.<\/p>\n<h4>ER ET BENSINR\u00d8R ET SEGLASS?<\/h4>\n<p>Seglass er en vid betegnelse p\u00e5 et r\u00f8r eller glass som brukes for \u00e5 holde \u00f8ye med blant annet en prosess, en v\u00e6ske eller en forbrenning.<\/p>\n<h4>ER ET SEGLASS ALLTID LAGET AV VANLIG GLASS?<\/h4>\n<p>Et seglass er laget av den typen glass som er fornuftig. Mange brilleglass er for eksempel laget av borosilikatglass. Andre er laget som oppvarmede vinduer for \u00e5 hindre dugg. Noen skuebriller er laget av Robax, som er sv\u00e6rt varmebestandig fordi form\u00e5let er \u00e5 overv\u00e5ke en forbrenning.<\/p>\n<h4>ER SEGLASS ALLTID RUNDE?<\/h4>\n<p>Et seglass kan v\u00e6re firkantet, rundt eller et glassr\u00f8r. Synsbriller er produsert for \u00e5 passe situasjonen. Mange av seglassene som Mirit Glas produserer er ikke runde, avlange, formede eller firkantede.<\/p>\n\t\t\t\t\t\t\t\t<\/div>\n\t\t\t\t<\/div>\n\t\t\t\t\t<\/div>\n\t\t\t\t<\/div>\n\t\t\t\t<\/div>\n\t\t\t\t\t<\/div>\n\t\t\t\t<\/div>\n\t\t\t\t<\/div>\n\t\t","protected":false},"featured_media":335,"template":"","class_list":["post-3122","product","type-product","status-publish","has-post-thumbnail","hentry"],"acf":[],"_links":{"self":[{"href":"https:\/\/miritglas.com\/no\/wp-json\/wp\/v2\/product\/3122","targetHints":{"allow":["GET"]}}],"collection":[{"href":"https:\/\/miritglas.com\/no\/wp-json\/wp\/v2\/product"}],"about":[{"href":"https:\/\/miritglas.com\/no\/wp-json\/wp\/v2\/types\/product"}],"version-history":[{"count":6,"href":"https:\/\/miritglas.com\/no\/wp-json\/wp\/v2\/product\/3122\/revisions"}],"predecessor-version":[{"id":3461,"href":"https:\/\/miritglas.com\/no\/wp-json\/wp\/v2\/product\/3122\/revisions\/3461"}],"wp:featuredmedia":[{"embeddable":true,"href":"https:\/\/miritglas.com\/no\/wp-json\/wp\/v2\/media\/335"}],"wp:attachment":[{"href":"https:\/\/miritglas.com\/no\/wp-json\/wp\/v2\/media?parent=3122"}],"curies":[{"name":"wp","href":"https:\/\/api.w.org\/{rel}","templated":true}]}}