{"id":3113,"date":"2023-08-09T11:30:33","date_gmt":"2023-08-09T09:30:33","guid":{"rendered":"https:\/\/miritglas.com\/produkter\/sikkerhetsglass\/"},"modified":"2023-09-19T17:59:40","modified_gmt":"2023-09-19T15:59:40","slug":"sikkerhetsglass","status":"publish","type":"product","link":"https:\/\/miritglas.com\/no\/produkter\/sikkerhetsglass\/","title":{"rendered":"Sikkerhetsglass"},"content":{"rendered":"\t\t<div data-elementor-type=\"wp-post\" data-elementor-id=\"3113\" class=\"elementor elementor-3113 elementor-303\" data-elementor-post-type=\"product\">\n\t\t\t\t<div class=\"elementor-element elementor-element-75ac5cb7 e-flex e-con-boxed e-con e-parent\" data-id=\"75ac5cb7\" data-element_type=\"container\" data-e-type=\"container\">\n\t\t\t\t\t<div class=\"e-con-inner\">\n\t\t<div class=\"elementor-element elementor-element-57e30329 e-con-full e-flex e-con e-parent\" data-id=\"57e30329\" data-element_type=\"container\" data-e-type=\"container\">\n\t\t\t\t<div class=\"elementor-element elementor-element-6434f432 elementor-widget elementor-widget-text-editor\" data-id=\"6434f432\" data-element_type=\"widget\" data-e-type=\"widget\" data-widget_type=\"text-editor.default\">\n\t\t\t\t<div class=\"elementor-widget-container\">\n\t\t\t\t\t\t\t\t\t<h2>Sikkerhetsglass\u2013 det hardf\u00f8re produktet som brukes til beskyttelse<\/h2>\n<p>Mirit Glas leverer sikkerhetsglass til industrien.<\/p>\n<p>Sikkerhetsglass b\u00f8r brukes alle steder, hvor mennesker ellers ville kunne komme til skade, hvis et glass skulle g\u00e5 i stykker. Sikkerhetsglass er alts\u00e5 det riktige produktet til bruk i f.eks. biler, maskiner, vegger, d\u00f8rer, dusjkabinetter og forskjellige former for avskjerming. Men laminert sikkerhetsglass kan ogs\u00e5 brukes til \u00e5 holde u\u00f8nskede elementer ute, fordi det er s\u00e5 motstandsdyktig.<\/p>\n<p>Sikkerhetsglass er tilgjengelig i tre versjoner; herdet glass, laminert glass og herdet laminert glass. Du kan lese mer om forskjellene mellom de tre glassartene under.<\/p>\n\t\t\t\t\t\t\t\t<\/div>\n\t\t\t\t<\/div>\n\t\t\t\t<div class=\"elementor-element elementor-element-4691a104 elementor-widget elementor-widget-button\" data-id=\"4691a104\" data-element_type=\"widget\" data-e-type=\"widget\" data-widget_type=\"button.default\">\n\t\t\t\t<div class=\"elementor-widget-container\">\n\t\t\t\t\t\t\t\t\t<div class=\"elementor-button-wrapper\">\n\t\t\t\t\t<a class=\"elementor-button elementor-button-link elementor-size-md\" href=\"https:\/\/miritglas.com\/no\/kontakt-oss\/\">\n\t\t\t\t\t\t<span class=\"elementor-button-content-wrapper\">\n\t\t\t\t\t\t\t\t\t<span class=\"elementor-button-text\">Kontakt oss i dag<\/span>\n\t\t\t\t\t<\/span>\n\t\t\t\t\t<\/a>\n\t\t\t\t<\/div>\n\t\t\t\t\t\t\t\t<\/div>\n\t\t\t\t<\/div>\n\t\t\t\t<\/div>\n\t\t<div class=\"elementor-element elementor-element-68c3adc1 e-con-full e-flex e-con e-parent\" data-id=\"68c3adc1\" data-element_type=\"container\" data-e-type=\"container\">\n\t\t\t\t<div class=\"elementor-element elementor-element-3a98f390 elementor-absolute elementor-widget elementor-widget-image\" data-id=\"3a98f390\" data-element_type=\"widget\" data-e-type=\"widget\" data-settings=\"{&quot;_position&quot;:&quot;absolute&quot;}\" data-widget_type=\"image.default\">\n\t\t\t\t<div class=\"elementor-widget-container\">\n\t\t\t\t\t\t\t\t\t\t\t\t\t\t\t<img fetchpriority=\"high\" decoding=\"async\" width=\"230\" height=\"230\" src=\"https:\/\/miritglas.com\/wp-content\/uploads\/2023\/08\/logo-icon.png\" class=\"attachment-medium size-medium wp-image-168\" alt=\"Mirit glas logo.\" srcset=\"https:\/\/miritglas.com\/wp-content\/uploads\/2023\/08\/logo-icon.png 230w, https:\/\/miritglas.com\/wp-content\/uploads\/2023\/08\/logo-icon-150x150.png 150w\" sizes=\"(max-width: 230px) 100vw, 230px\" title=\"\">\t\t\t\t\t\t\t\t\t\t\t\t\t\t\t<\/div>\n\t\t\t\t<\/div>\n\t\t<div class=\"elementor-element elementor-element-300d2e0e e-flex e-con-boxed e-con e-parent\" data-id=\"300d2e0e\" data-element_type=\"container\" data-e-type=\"container\" data-settings=\"{&quot;background_background&quot;:&quot;classic&quot;}\">\n\t\t\t\t\t<div class=\"e-con-inner\">\n\t\t\t\t<div class=\"elementor-element elementor-element-6d1a672 elementor-widget elementor-widget-text-editor\" data-id=\"6d1a672\" data-element_type=\"widget\" data-e-type=\"widget\" data-widget_type=\"text-editor.default\">\n\t\t\t\t<div class=\"elementor-widget-container\">\n\t\t\t\t\t\t\t\t\t<h4>KORT OPPSUMMERT<\/h4>\n<ul>\n<li class=\"li1\"><span class=\"s2\">Kan brukes som beskyttelsesglass<\/span><\/li>\n<li class=\"li1\"><span class=\"s2\">Redusert risiko for personfare ved brudd<\/span><\/li>\n<li class=\"li1\"><span class=\"s2\">Sv\u00e6rt motstandsdyktig<\/span><\/li>\n<li class=\"li1\"><span class=\"s2\">Kan brukes til skuddsikkert glass<\/span><\/li>\n<li class=\"li1\"><span class=\"s2\">Lydisolerende effekt<\/span><\/li>\n<li class=\"li2\"><span class=\"s2\">Blokkerer 99\u00a0% av solens UV-str\u00e5ling<\/span><\/li>\n<\/ul>\n\t\t\t\t\t\t\t\t<\/div>\n\t\t\t\t<\/div>\n\t\t\t\t\t<\/div>\n\t\t\t\t<\/div>\n\t\t\t\t<\/div>\n\t\t\t\t\t<\/div>\n\t\t\t\t<\/div>\n\t\t<div class=\"elementor-element elementor-element-58a2e3c4 e-flex e-con-boxed e-con e-parent\" data-id=\"58a2e3c4\" data-element_type=\"container\" data-e-type=\"container\" data-settings=\"{&quot;background_background&quot;:&quot;classic&quot;}\">\n\t\t\t\t\t<div class=\"e-con-inner\">\n\t\t<div class=\"elementor-element elementor-element-e80e9d9 e-con-full e-flex e-con e-parent\" data-id=\"e80e9d9\" data-element_type=\"container\" data-e-type=\"container\">\n\t\t\t\t<div class=\"elementor-element elementor-element-58bfe693 elementor-widget elementor-widget-image\" data-id=\"58bfe693\" data-element_type=\"widget\" data-e-type=\"widget\" data-widget_type=\"image.default\">\n\t\t\t\t<div class=\"elementor-widget-container\">\n\t\t\t\t\t\t\t\t\t\t\t\t\t\t\t<img decoding=\"async\" width=\"575\" height=\"604\" src=\"https:\/\/miritglas.com\/wp-content\/uploads\/2023\/08\/haerdet-sikkerhedsglas.png\" class=\"attachment-large size-large wp-image-2121\" alt=\"h\u00e6rdet sikkerhedsglas og beskyttelsesglas fra mirit glas\" srcset=\"https:\/\/miritglas.com\/wp-content\/uploads\/2023\/08\/haerdet-sikkerhedsglas.png 575w, https:\/\/miritglas.com\/wp-content\/uploads\/2023\/08\/haerdet-sikkerhedsglas-286x300.png 286w\" sizes=\"(max-width: 575px) 100vw, 575px\" title=\"\">\t\t\t\t\t\t\t\t\t\t\t\t\t\t\t<\/div>\n\t\t\t\t<\/div>\n\t\t\t\t<\/div>\n\t\t<div class=\"elementor-element elementor-element-21f70f0e e-con-full e-flex e-con e-parent\" data-id=\"21f70f0e\" data-element_type=\"container\" data-e-type=\"container\">\n\t\t\t\t<div class=\"elementor-element elementor-element-77da72be elementor-widget elementor-widget-text-editor\" data-id=\"77da72be\" data-element_type=\"widget\" data-e-type=\"widget\" data-widget_type=\"text-editor.default\">\n\t\t\t\t<div class=\"elementor-widget-container\">\n\t\t\t\t\t\t\t\t\t<h3>Herdet glass<\/h3>\n<p>Herdet glass er 4-6 ganger sterkere enn vanlig glass og granulerer i sm\u00e5 uskarpe biter ved brudd. Det er disse sm\u00e5 uskarpe granulater som gj\u00f8r at herdet glass kategoriseres som et sikkerhetsglass.<\/p>\n\t\t\t\t\t\t\t\t<\/div>\n\t\t\t\t<\/div>\n\t\t\t\t<div class=\"elementor-element elementor-element-34c40b66 elementor-widget elementor-widget-button\" data-id=\"34c40b66\" data-element_type=\"widget\" data-e-type=\"widget\" data-widget_type=\"button.default\">\n\t\t\t\t<div class=\"elementor-widget-container\">\n\t\t\t\t\t\t\t\t\t<div class=\"elementor-button-wrapper\">\n\t\t\t\t\t<a class=\"elementor-button elementor-button-link elementor-size-md\" href=\"https:\/\/miritglas.com\/no\/kontakt-oss\/\">\n\t\t\t\t\t\t<span class=\"elementor-button-content-wrapper\">\n\t\t\t\t\t\t\t\t\t<span class=\"elementor-button-text\">Kontakt oss i dag<\/span>\n\t\t\t\t\t<\/span>\n\t\t\t\t\t<\/a>\n\t\t\t\t<\/div>\n\t\t\t\t\t\t\t\t<\/div>\n\t\t\t\t<\/div>\n\t\t\t\t<\/div>\n\t\t\t\t\t<\/div>\n\t\t\t\t<\/div>\n\t\t<div class=\"elementor-element elementor-element-0d53ab5 e-flex e-con-boxed e-con e-parent\" data-id=\"0d53ab5\" data-element_type=\"container\" data-e-type=\"container\">\n\t\t\t\t\t<div class=\"e-con-inner\">\n\t\t<div class=\"elementor-element elementor-element-0303efe e-con-full e-flex e-con e-parent\" data-id=\"0303efe\" data-element_type=\"container\" data-e-type=\"container\">\n\t\t\t\t<div class=\"elementor-element elementor-element-b120457 elementor-widget elementor-widget-text-editor\" data-id=\"b120457\" data-element_type=\"widget\" data-e-type=\"widget\" data-widget_type=\"text-editor.default\">\n\t\t\t\t<div class=\"elementor-widget-container\">\n\t\t\t\t\t\t\t\t\t<h3>Laminert glass<\/h3>\n<p>Laminert glass knuses som vanlig glas, men pga. laminatet fortsetter bitene \u00e5 henge sammen i stedet for at fly i alle retninger. Det er denne egenskapen som gj\u00f8r laminert glass til sikkerhetsglass.<\/p>\n<p>Vanlig laminert glass best\u00e5r av to glassflater med typisk 0,38 mm folie mellom, som holder glassdelene sammen. Laminert glass finnes som standardtavler i forskjellige tykkelser, men man kan ogs\u00e5 folielaminere to utsk\u00e5rne glassdeler sammen, og her er det mulig \u00e5 legge flere folier mellom glassene og dermed styrke glasset ytterligere.<\/p>\n<p>Laminatet som brukes til vanlig laminert glas t\u00e5ler opptil ca. 70 \u00b0C.<\/p>\n<p>Man kan \u00f8ke antallet av b\u00e5de glass og folier. Det er f.eks. denne metoden som brukes til \u00e5 lage skuddsikre glass.<\/p>\n<p>Endelig har laminert glass en lydisolerende effekt og blokkerer for 99 % av solens UV-str\u00e5ler.<\/p>\n\t\t\t\t\t\t\t\t<\/div>\n\t\t\t\t<\/div>\n\t\t\t\t<div class=\"elementor-element elementor-element-a062782 elementor-widget elementor-widget-button\" data-id=\"a062782\" data-element_type=\"widget\" data-e-type=\"widget\" data-widget_type=\"button.default\">\n\t\t\t\t<div class=\"elementor-widget-container\">\n\t\t\t\t\t\t\t\t\t<div class=\"elementor-button-wrapper\">\n\t\t\t\t\t<a class=\"elementor-button elementor-button-link elementor-size-md\" href=\"https:\/\/miritglas.com\/no\/kontakt-oss\/\">\n\t\t\t\t\t\t<span class=\"elementor-button-content-wrapper\">\n\t\t\t\t\t\t\t\t\t<span class=\"elementor-button-text\">Kontakt oss i dag<\/span>\n\t\t\t\t\t<\/span>\n\t\t\t\t\t<\/a>\n\t\t\t\t<\/div>\n\t\t\t\t\t\t\t\t<\/div>\n\t\t\t\t<\/div>\n\t\t\t\t<\/div>\n\t\t<div class=\"elementor-element elementor-element-a4e1436 e-con-full e-flex e-con e-parent\" data-id=\"a4e1436\" data-element_type=\"container\" data-e-type=\"container\">\n\t\t\t\t<div class=\"elementor-element elementor-element-d109e5a elementor-absolute elementor-widget elementor-widget-image\" data-id=\"d109e5a\" data-element_type=\"widget\" data-e-type=\"widget\" data-settings=\"{&quot;_position&quot;:&quot;absolute&quot;}\" data-widget_type=\"image.default\">\n\t\t\t\t<div class=\"elementor-widget-container\">\n\t\t\t\t\t\t\t\t\t\t\t\t\t\t\t<img fetchpriority=\"high\" decoding=\"async\" width=\"230\" height=\"230\" src=\"https:\/\/miritglas.com\/wp-content\/uploads\/2023\/08\/logo-icon.png\" class=\"attachment-medium size-medium wp-image-168\" alt=\"Mirit glas logo.\" srcset=\"https:\/\/miritglas.com\/wp-content\/uploads\/2023\/08\/logo-icon.png 230w, https:\/\/miritglas.com\/wp-content\/uploads\/2023\/08\/logo-icon-150x150.png 150w\" sizes=\"(max-width: 230px) 100vw, 230px\" title=\"\">\t\t\t\t\t\t\t\t\t\t\t\t\t\t\t<\/div>\n\t\t\t\t<\/div>\n\t\t<div class=\"elementor-element elementor-element-3eba4a9 e-flex e-con-boxed e-con e-parent\" data-id=\"3eba4a9\" data-element_type=\"container\" data-e-type=\"container\" data-settings=\"{&quot;background_background&quot;:&quot;classic&quot;}\">\n\t\t\t\t\t<div class=\"e-con-inner\">\n\t\t\t\t<div class=\"elementor-element elementor-element-4039a15 elementor-widget elementor-widget-text-editor\" data-id=\"4039a15\" data-element_type=\"widget\" data-e-type=\"widget\" data-widget_type=\"text-editor.default\">\n\t\t\t\t<div class=\"elementor-widget-container\">\n\t\t\t\t\t\t\t\t\t<h3>Herdet laminert glass<\/h3>\n<p>Den sterkeste l\u00f8sningen er \u00e5 kombinere de to typene av sikkerhetsglass og lage et glass, som er b\u00e5de herdet og laminert. Dette glasset har nemlig alle de beste egenskapene fra de to andre typer sikkerhetsglass; selve glasset er styrket av herdningen, og laminatet sikrer at glasset stadig henger sammen n\u00e5r det granulerer.<\/p>\n\t\t\t\t\t\t\t\t<\/div>\n\t\t\t\t<\/div>\n\t\t\t\t\t<\/div>\n\t\t\t\t<\/div>\n\t\t\t\t<\/div>\n\t\t\t\t\t<\/div>\n\t\t\t\t<\/div>\n\t\t\t\t<\/div>\n\t\t","protected":false},"featured_media":2121,"template":"","class_list":["post-3113","product","type-product","status-publish","has-post-thumbnail","hentry"],"acf":[],"_links":{"self":[{"href":"https:\/\/miritglas.com\/no\/wp-json\/wp\/v2\/product\/3113","targetHints":{"allow":["GET"]}}],"collection":[{"href":"https:\/\/miritglas.com\/no\/wp-json\/wp\/v2\/product"}],"about":[{"href":"https:\/\/miritglas.com\/no\/wp-json\/wp\/v2\/types\/product"}],"version-history":[{"count":2,"href":"https:\/\/miritglas.com\/no\/wp-json\/wp\/v2\/product\/3113\/revisions"}],"predecessor-version":[{"id":3470,"href":"https:\/\/miritglas.com\/no\/wp-json\/wp\/v2\/product\/3113\/revisions\/3470"}],"wp:featuredmedia":[{"embeddable":true,"href":"https:\/\/miritglas.com\/no\/wp-json\/wp\/v2\/media\/2121"}],"wp:attachment":[{"href":"https:\/\/miritglas.com\/no\/wp-json\/wp\/v2\/media?parent=3113"}],"curies":[{"name":"wp","href":"https:\/\/api.w.org\/{rel}","templated":true}]}}