{"id":3105,"date":"2023-08-09T11:30:22","date_gmt":"2023-08-09T09:30:22","guid":{"rendered":"https:\/\/miritglas.com\/produkter\/laminert-glass\/"},"modified":"2023-09-19T17:59:46","modified_gmt":"2023-09-19T15:59:46","slug":"laminert-glass","status":"publish","type":"product","link":"https:\/\/miritglas.com\/no\/produkter\/laminert-glass\/","title":{"rendered":"Laminert Glass"},"content":{"rendered":"\t\t<div data-elementor-type=\"wp-post\" data-elementor-id=\"3105\" class=\"elementor elementor-3105 elementor-301\" data-elementor-post-type=\"product\">\n\t\t\t\t<div class=\"elementor-element elementor-element-6835307 e-flex e-con-boxed e-con e-parent\" data-id=\"6835307\" data-element_type=\"container\" data-e-type=\"container\">\n\t\t\t\t\t<div class=\"e-con-inner\">\n\t\t<div class=\"elementor-element elementor-element-42d6c30f e-con-full e-flex e-con e-parent\" data-id=\"42d6c30f\" data-element_type=\"container\" data-e-type=\"container\">\n\t\t\t\t<div class=\"elementor-element elementor-element-5d887d41 elementor-widget elementor-widget-text-editor\" data-id=\"5d887d41\" data-element_type=\"widget\" data-e-type=\"widget\" data-widget_type=\"text-editor.default\">\n\t\t\t\t<div class=\"elementor-widget-container\">\n\t\t\t\t\t\t\t\t\t<h2>Laminert glass har mange egenskaper<\/h2>\n<p><strong>Laminert glass brukes ofte til glassl\u00f8sninger, der glasset m\u00e5 ha ekstra egenskaper. Det kan v\u00e6re\u00a0<a href=\"https:\/\/miritglas.com\/no\/produkt\/sikkerhetsglass\/\">sikkerhetsglass<\/a>\u00a0i en produksjon,\u00a0<a href=\"https:\/\/miritglas.com\/no\/produkt\/seglass\/\">seglass<\/a>\u00a0som m\u00e5 ha forskjellige egenskaper p\u00e5 hver side av glasset eller glass som har lydisolerende egenskaper.<\/strong><\/p>\n<p>Mirit Glas produserer laminert glass, som er tilpasset v\u00e5re kunders behov og \u00f8nsker. Derfor leverer vi til mange forskjellige profesjonelle l\u00f8sninger. Det kan v\u00e6re laminert glass som skal brukes som sikkerhetsglass i en produksjon. Eller det kan v\u00e6re et laminert glass med\u00a0<a href=\"https:\/\/miritglas.com\/no\/produkt\/varmeruter\/\">innlagt varme<\/a>, som gj\u00f8r det mulig \u00e5 observere en prosess med store temperaturforskjeller.<\/p>\n<p>Sentralt i dette er at vi i Mirit Glas kan produsere laminert glass som er tilpasset kundens l\u00f8sning. Vi lager glass til b\u00e5de prototyper og i st\u00f8rre serieproduksjoner. V\u00e5re kunder kommer fra et bredt spekter av bransjer. Vi leverer til oljeindustrien, verft, matvareselskaper, medisinske selskaper, arkitekter og produsenter av produksjonsanlegg for bare \u00e5 nevne noe. Vi leverer ogs\u00e5 til sm\u00e5 bedrifter som trenger bare et glass eller to.<\/p>\n<p>Vi er eksperter p\u00e5 laminert glass for selskaper. Kontakt oss for en l\u00f8sning.<\/p>\n\t\t\t\t\t\t\t\t<\/div>\n\t\t\t\t<\/div>\n\t\t\t\t<div class=\"elementor-element elementor-element-4eeeac27 elementor-widget elementor-widget-button\" data-id=\"4eeeac27\" data-element_type=\"widget\" data-e-type=\"widget\" data-widget_type=\"button.default\">\n\t\t\t\t<div class=\"elementor-widget-container\">\n\t\t\t\t\t\t\t\t\t<div class=\"elementor-button-wrapper\">\n\t\t\t\t\t<a class=\"elementor-button elementor-button-link elementor-size-md\" href=\"https:\/\/miritglas.com\/no\/kontakt-oss\/\">\n\t\t\t\t\t\t<span class=\"elementor-button-content-wrapper\">\n\t\t\t\t\t\t\t\t\t<span class=\"elementor-button-text\">Kontakt oss i dag<\/span>\n\t\t\t\t\t<\/span>\n\t\t\t\t\t<\/a>\n\t\t\t\t<\/div>\n\t\t\t\t\t\t\t\t<\/div>\n\t\t\t\t<\/div>\n\t\t\t\t<\/div>\n\t\t<div class=\"elementor-element elementor-element-6dfdabce e-con-full e-flex e-con e-parent\" data-id=\"6dfdabce\" data-element_type=\"container\" data-e-type=\"container\">\n\t\t\t\t<div class=\"elementor-element elementor-element-644476b5 elementor-absolute elementor-widget elementor-widget-image\" data-id=\"644476b5\" data-element_type=\"widget\" data-e-type=\"widget\" data-settings=\"{&quot;_position&quot;:&quot;absolute&quot;}\" data-widget_type=\"image.default\">\n\t\t\t\t<div class=\"elementor-widget-container\">\n\t\t\t\t\t\t\t\t\t\t\t\t\t\t\t<img fetchpriority=\"high\" decoding=\"async\" width=\"230\" height=\"230\" src=\"https:\/\/miritglas.com\/wp-content\/uploads\/2023\/08\/logo-icon.png\" class=\"attachment-medium size-medium wp-image-168\" alt=\"Mirit glas logo.\" srcset=\"https:\/\/miritglas.com\/wp-content\/uploads\/2023\/08\/logo-icon.png 230w, https:\/\/miritglas.com\/wp-content\/uploads\/2023\/08\/logo-icon-150x150.png 150w\" sizes=\"(max-width: 230px) 100vw, 230px\" title=\"\">\t\t\t\t\t\t\t\t\t\t\t\t\t\t\t<\/div>\n\t\t\t\t<\/div>\n\t\t\t\t<div class=\"elementor-element elementor-element-35d5e620 elementor-widget elementor-widget-image\" data-id=\"35d5e620\" data-element_type=\"widget\" data-e-type=\"widget\" data-widget_type=\"image.default\">\n\t\t\t\t<div class=\"elementor-widget-container\">\n\t\t\t\t\t\t\t\t\t\t\t\t<figure class=\"wp-caption\">\n\t\t\t\t\t\t\t\t\t\t<img decoding=\"async\" src=\"https:\/\/miritglas.com\/wp-content\/uploads\/elementor\/thumbs\/vakuumlaminering-6-4-qbhc4c6a4oy8kzz07hzlqjzhb3ecsjqizkk6slhmk0.jpg\" title=\"vakuumlaminering-6-4\" alt=\"Lamineret glas. To glasplader lamineres sammen ved hj\u00e6lp af vakuum.\" loading=\"lazy\" \/>\t\t\t\t\t\t\t\t\t\t\t<figcaption class=\"widget-image-caption wp-caption-text\">To glasplader lamineres sammen ved hj\u00e6lp af vakuum.\n<\/figcaption>\n\t\t\t\t\t\t\t\t\t\t<\/figure>\n\t\t\t\t\t\t\t\t\t<\/div>\n\t\t\t\t<\/div>\n\t\t\t\t<\/div>\n\t\t\t\t\t<\/div>\n\t\t\t\t<\/div>\n\t\t<div class=\"elementor-element elementor-element-1c100d3 e-flex e-con-boxed e-con e-parent\" data-id=\"1c100d3\" data-element_type=\"container\" data-e-type=\"container\" data-settings=\"{&quot;background_background&quot;:&quot;classic&quot;}\">\n\t\t\t\t\t<div class=\"e-con-inner\">\n\t\t<div class=\"elementor-element elementor-element-d5fe95a e-con-full e-flex e-con e-parent\" data-id=\"d5fe95a\" data-element_type=\"container\" data-e-type=\"container\">\n\t\t\t\t<div class=\"elementor-element elementor-element-5dae4267 elementor-widget elementor-widget-image\" data-id=\"5dae4267\" data-element_type=\"widget\" data-e-type=\"widget\" data-widget_type=\"image.default\">\n\t\t\t\t<div class=\"elementor-widget-container\">\n\t\t\t\t\t\t\t\t\t\t\t\t\t\t\t<img decoding=\"async\" src=\"https:\/\/miritglas.com\/wp-content\/uploads\/elementor\/thumbs\/mirit-lamineret-qbhc8n9ngcujsnpq1v11nyujbo5x2lu8kw7az93o1c.jpg\" title=\"mirit-lamineret\" alt=\"mirit glas fremstiller lamineret glas til beskyttelse og andet i erhverv og industri.\" loading=\"lazy\" \/>\t\t\t\t\t\t\t\t\t\t\t\t\t\t\t<\/div>\n\t\t\t\t<\/div>\n\t\t\t\t<\/div>\n\t\t<div class=\"elementor-element elementor-element-1032910c e-con-full e-flex e-con e-parent\" data-id=\"1032910c\" data-element_type=\"container\" data-e-type=\"container\">\n\t\t\t\t<div class=\"elementor-element elementor-element-3132574f elementor-widget elementor-widget-text-editor\" data-id=\"3132574f\" data-element_type=\"widget\" data-e-type=\"widget\" data-widget_type=\"text-editor.default\">\n\t\t\t\t<div class=\"elementor-widget-container\">\n\t\t\t\t\t\t\t\t\t<h4>Hva er laminert glass?<\/h4>\n<p>Laminert glass best\u00e5r av to eller flere lag med glass, som sammenf\u00f8yes med mellomlag av en folie.<\/p>\n<p>Folien er typisk 0,38 mm eller 0,76 mm tykk, men de enkelte glass- og folielagene kan ha forskjellige tykkelser avhengig av kravene til den ferdige glasskonstruksjonen, akkurat som de enkelte glasslagene kan v\u00e6re forskjellige fra\u00a0<a href=\"https:\/\/miritglas.com\/no\/produkt\/teknisk-glass\/\">teknisk glass<\/a>\u00a0som\u00a0<a href=\"https:\/\/miritglas.com\/no\/produkt\/borosilikatglass\/\">borosilikatglass<\/a>\u00a0og\u00a0<a href=\"https:\/\/miritglas.com\/no\/produkt\/kjemisk-herdet-glass\/\">kjemisk herdet glass<\/a>. til vanligere som float-glass og herdet glass. Det er ogs\u00e5 mulig \u00e5 laminere buet glass.<\/p>\n<p>Det er ogs\u00e5 mulig \u00e5 plassere fargede folier eller folier med struktur mellom glassene for \u00e5 oppn\u00e5 en effekt.<\/p>\n<p>Fordelen med laminert glass er mange, hvis glasset g\u00e5r i stykker, vil det klebe seg sammen og derfor kan det kategoriseres som sikkerhetsglass selv om det ikke er herdet glass konstruksjonen best\u00e5r av. Laminerte glass er generelt ogs\u00e5 veldig UV-hemmende og kan derfor ogs\u00e5 brukes foran omr\u00e5der der du ikke vil ha UV-lys.<\/p>\n\t\t\t\t\t\t\t\t<\/div>\n\t\t\t\t<\/div>\n\t\t\t\t<\/div>\n\t\t\t\t\t<\/div>\n\t\t\t\t<\/div>\n\t\t<div class=\"elementor-element elementor-element-3e797c7 e-flex e-con-boxed e-con e-parent\" data-id=\"3e797c7\" data-element_type=\"container\" data-e-type=\"container\">\n\t\t\t\t\t<div class=\"e-con-inner\">\n\t\t<div class=\"elementor-element elementor-element-3044963 e-con-full e-flex e-con e-parent\" data-id=\"3044963\" data-element_type=\"container\" data-e-type=\"container\">\n\t\t\t\t<div class=\"elementor-element elementor-element-d72c9bb elementor-widget elementor-widget-text-editor\" data-id=\"d72c9bb\" data-element_type=\"widget\" data-e-type=\"widget\" data-widget_type=\"text-editor.default\">\n\t\t\t\t<div class=\"elementor-widget-container\">\n\t\t\t\t\t\t\t\t\t<h3>Glass med egenskaper<\/h3>\n<p>Laminert glass brukes ofte i sikkerhetsglass fordi n\u00e5r laminert glass g\u00e5r i stykker, holdes det sammen. Dette kan sees i frontruten til bilvinduene, der glasset, hvis glasset g\u00e5r i stykker, holdes sammen av laminatet. I noen tilfeller lamineres flere glass sammen for \u00e5 gj\u00f8re glasset ekstra sterkt. Prosessen med \u00e5 sette flere lag glass og i noen tilfeller plast sammen er faktisk metoden som brukes n\u00e5r du lager skuddsikre vinduer.<\/p>\n<h4>Tuffe milj\u00f8er<\/h4>\n<p>Laminerte glass brukes ofte n\u00e5r glasset m\u00e5 b\u00f8yes under t\u00f8ffe eller ekstreme forhold. Vinduer for lastebiler er et eksempel. Det kan v\u00e6re lastebiler eller arbeidsmaskiner som fungerer under ekstremt kule forhold som trenger et oppvarmet vindu for \u00e5 unng\u00e5 dugg, mens vinduet er et sikkerhetsglass<br \/>\nOgs\u00e5 i produksjonssammenheng brukes laminert glass ofte som en l\u00f8sning.<br \/>\nDette kan v\u00e6re hvis du vil overv\u00e5ke en produksjon der glasset p\u00e5 den ene siden for eksempel m\u00e5 kunne beskytte mot kjemikalier, mens laminering s\u00f8rger for at glasset er sterkt og ikke knuses.<\/p>\n<h4>Laminert glass kan tilpasses<\/h4>\n<p>I noen situasjoner er ikke et rett glass nok. Vi kan ogs\u00e5 levere buet laminert glass, som vanligvis brukes til maskinskjermer og spesielle ruter.<br \/>\nB\u00e5de vanlig herdet glass og kjemisk herdet glass lamineres ofte for \u00e5 gi glasset ekstra egenskaper. Et eksempel er at laminert glass kan brukes n\u00e5r vi \u00f8nsker \u00e5 kunne overv\u00e5ke UV-l\u00f8sninger uten \u00e5 bli utsatt for den skadelige UV-str\u00e5lingen. Hvor kvartsglass er perfekt for \u00e5 la UV-lys passere, kan laminert glass filtrere ut UV-lys.<br \/>\nVi lager ogs\u00e5 veldig tynt kjemisk herdet glass, som hvis det er laminert sammen kan v\u00e6re sikkerhetsgodkjent. Her er mulighetene mange, b\u00e5de som veldig tynt trygt glass for skjermer som displayglass, helt over til laminat blyglass sammen slik at det blir et sikkerhetsglass som kan skjerme mot radioaktive str\u00e5ler<br \/>\nLaminerte glass er ikke bare for sikkerhet. Laminering kan ogs\u00e5 gi toner og tekstur til et glass. (se lenger opp i teksten)<br \/>\nSist men ikke minst, kan du ogs\u00e5 bruke laminering for \u00e5 beskytte elektronikk ved \u00e5 laminere elektriske beskyttelsesnett mellom to eller flere glassbiter, og dermed oppn\u00e5 EMC-beskyttelse.<\/p>\n\t\t\t\t\t\t\t\t<\/div>\n\t\t\t\t<\/div>\n\t\t\t\t<\/div>\n\t\t\t\t\t<\/div>\n\t\t\t\t<\/div>\n\t\t\t\t<\/div>\n\t\t","protected":false},"featured_media":2099,"template":"","class_list":["post-3105","product","type-product","status-publish","has-post-thumbnail","hentry"],"acf":[],"_links":{"self":[{"href":"https:\/\/miritglas.com\/no\/wp-json\/wp\/v2\/product\/3105","targetHints":{"allow":["GET"]}}],"collection":[{"href":"https:\/\/miritglas.com\/no\/wp-json\/wp\/v2\/product"}],"about":[{"href":"https:\/\/miritglas.com\/no\/wp-json\/wp\/v2\/types\/product"}],"version-history":[{"count":2,"href":"https:\/\/miritglas.com\/no\/wp-json\/wp\/v2\/product\/3105\/revisions"}],"predecessor-version":[{"id":3513,"href":"https:\/\/miritglas.com\/no\/wp-json\/wp\/v2\/product\/3105\/revisions\/3513"}],"wp:featuredmedia":[{"embeddable":true,"href":"https:\/\/miritglas.com\/no\/wp-json\/wp\/v2\/media\/2099"}],"wp:attachment":[{"href":"https:\/\/miritglas.com\/no\/wp-json\/wp\/v2\/media?parent=3105"}],"curies":[{"name":"wp","href":"https:\/\/api.w.org\/{rel}","templated":true}]}}