{"id":3101,"date":"2023-08-09T11:30:16","date_gmt":"2023-08-09T09:30:16","guid":{"rendered":"https:\/\/miritglas.com\/produkter\/kvartsglass\/"},"modified":"2024-02-20T13:07:29","modified_gmt":"2024-02-20T12:07:29","slug":"kvartsglass","status":"publish","type":"product","link":"https:\/\/miritglas.com\/no\/produkter\/kvartsglass\/","title":{"rendered":"Kvartsglass"},"content":{"rendered":"\t\t<div data-elementor-type=\"wp-post\" data-elementor-id=\"3101\" class=\"elementor elementor-3101 elementor-300\" data-elementor-post-type=\"product\">\n\t\t\t\t<div class=\"elementor-element elementor-element-f4da18d e-flex e-con-boxed e-con e-parent\" data-id=\"f4da18d\" data-element_type=\"container\" data-e-type=\"container\">\n\t\t\t\t\t<div class=\"e-con-inner\">\n\t\t<div class=\"elementor-element elementor-element-6abd769e e-con-full e-flex e-con e-child\" data-id=\"6abd769e\" data-element_type=\"container\" data-e-type=\"container\">\n\t\t\t\t<div class=\"elementor-element elementor-element-74a3e9bf elementor-widget elementor-widget-text-editor\" data-id=\"74a3e9bf\" data-element_type=\"widget\" data-e-type=\"widget\" data-widget_type=\"text-editor.default\">\n\t\t\t\t<div class=\"elementor-widget-container\">\n\t\t\t\t\t\t\t\t\t<h2>Kvartsglass \u2013 er meget rent materiale med gode transmisjonsegenskaper<\/h2>\n<p>Mirit Glas leverer kvartsglass til industrien. Glasset brukes i mange industrielle sammenhenger. Pga. kvartsens renhet, transmisjonsevne og resistens overfor h\u00f8ye temperaturer brukes den til alt fra vannrensning med UV-lys til lyslederkabler og\u00a0<a href=\"https:\/\/miritglas.com\/no\/produkt\/seglass\/\">seglass<\/a>.<\/p>\n<p class=\"p1\">V\u00e5re glasseksperter st\u00e5r klare til hjelpe deg med \u00e5 velge riktig materiale. Kontakt oss for mer informasjon om mulighetene med kvartsglas.<\/p>\n\t\t\t\t\t\t\t\t<\/div>\n\t\t\t\t<\/div>\n\t\t\t\t<div class=\"elementor-element elementor-element-72dff4a8 elementor-widget elementor-widget-button\" data-id=\"72dff4a8\" data-element_type=\"widget\" data-e-type=\"widget\" data-widget_type=\"button.default\">\n\t\t\t\t<div class=\"elementor-widget-container\">\n\t\t\t\t\t\t\t\t\t<div class=\"elementor-button-wrapper\">\n\t\t\t\t\t<a class=\"elementor-button elementor-button-link elementor-size-md\" href=\"https:\/\/miritglas.com\/no\/kontakt-oss\/\">\n\t\t\t\t\t\t<span class=\"elementor-button-content-wrapper\">\n\t\t\t\t\t\t\t\t\t<span class=\"elementor-button-text\">Kontakt oss i dag<\/span>\n\t\t\t\t\t<\/span>\n\t\t\t\t\t<\/a>\n\t\t\t\t<\/div>\n\t\t\t\t\t\t\t\t<\/div>\n\t\t\t\t<\/div>\n\t\t\t\t<\/div>\n\t\t<div class=\"elementor-element elementor-element-5e671c34 e-con-full e-flex e-con e-child\" data-id=\"5e671c34\" data-element_type=\"container\" data-e-type=\"container\">\n\t\t\t\t<div class=\"elementor-element elementor-element-212cdd40 elementor-absolute elementor-widget elementor-widget-image\" data-id=\"212cdd40\" data-element_type=\"widget\" data-e-type=\"widget\" data-settings=\"{&quot;_position&quot;:&quot;absolute&quot;}\" data-widget_type=\"image.default\">\n\t\t\t\t<div class=\"elementor-widget-container\">\n\t\t\t\t\t\t\t\t\t\t\t\t\t\t\t<img fetchpriority=\"high\" decoding=\"async\" width=\"230\" height=\"230\" src=\"https:\/\/miritglas.com\/wp-content\/uploads\/2023\/08\/logo-icon.png\" class=\"attachment-medium size-medium wp-image-168\" alt=\"Mirit glas logo.\" srcset=\"https:\/\/miritglas.com\/wp-content\/uploads\/2023\/08\/logo-icon.png 230w, https:\/\/miritglas.com\/wp-content\/uploads\/2023\/08\/logo-icon-150x150.png 150w\" sizes=\"(max-width: 230px) 100vw, 230px\" title=\"\">\t\t\t\t\t\t\t\t\t\t\t\t\t\t\t<\/div>\n\t\t\t\t<\/div>\n\t\t\t\t<div class=\"elementor-element elementor-element-1093d92f elementor-widget elementor-widget-image\" data-id=\"1093d92f\" data-element_type=\"widget\" data-e-type=\"widget\" data-widget_type=\"image.default\">\n\t\t\t\t<div class=\"elementor-widget-container\">\n\t\t\t\t\t\t\t\t\t\t\t\t\t\t\t<img decoding=\"async\" width=\"800\" height=\"526\" src=\"https:\/\/miritglas.com\/wp-content\/uploads\/2023\/08\/kvartsglas-e1559814430302.jpeg\" class=\"attachment-large size-large wp-image-2084\" alt=\"Quartz glass\" srcset=\"https:\/\/miritglas.com\/wp-content\/uploads\/2023\/08\/kvartsglas-e1559814430302.jpeg 997w, https:\/\/miritglas.com\/wp-content\/uploads\/2023\/08\/kvartsglas-e1559814430302-300x197.jpeg 300w, https:\/\/miritglas.com\/wp-content\/uploads\/2023\/08\/kvartsglas-e1559814430302-768x505.jpeg 768w\" sizes=\"(max-width: 800px) 100vw, 800px\" title=\"\">\t\t\t\t\t\t\t\t\t\t\t\t\t\t\t<\/div>\n\t\t\t\t<\/div>\n\t\t\t\t<\/div>\n\t\t\t\t\t<\/div>\n\t\t\t\t<\/div>\n\t\t<div class=\"elementor-element elementor-element-5d9149d6 e-flex e-con-boxed e-con e-parent\" data-id=\"5d9149d6\" data-element_type=\"container\" data-e-type=\"container\" data-settings=\"{&quot;background_background&quot;:&quot;classic&quot;}\">\n\t\t\t\t\t<div class=\"e-con-inner\">\n\t\t<div class=\"elementor-element elementor-element-5c947068 e-con-full e-flex e-con e-child\" data-id=\"5c947068\" data-element_type=\"container\" data-e-type=\"container\">\n\t\t\t\t<div class=\"elementor-element elementor-element-7b6d60d5 elementor-widget elementor-widget-text-editor\" data-id=\"7b6d60d5\" data-element_type=\"widget\" data-e-type=\"widget\" data-widget_type=\"text-editor.default\">\n\t\t\t\t<div class=\"elementor-widget-container\">\n\t\t\t\t\t\t\t\t\t<h3>Glassets egenskaper<\/h3>\n<p>Kvartsglass har en rekke fantastiske egenskaper: Glasset t\u00e5ler temperaturer over 1000 \u00b0C og har en h\u00f8y transmisjon fra UV-omr\u00e5det (ultrafiolett lys) til IR-omr\u00e5det (infrar\u00f8dt lys). Kvartsglass finnes som plater,\u00a0r\u00f8r og stenger.<\/p>\n<p>Kvartsglass kan ikke herdes, da det har en ekstremt lav utvidelseskoeffisient og derfor er resistent over for h\u00f8ye temperaturforskjeller.<\/p>\n<p>Kvartsglass kan deles opp i tre hovedtyper:<\/p>\n<ul>\n<li>Fused quartz<\/li>\n<li>Synthetic quartz<\/li>\n<li>Fused silica satin<\/li>\n<\/ul>\n<p><strong>Fused quartz<\/strong>\u00a0er naturlig kvartsglass, som fremstilles av +99 % spesiell sand, som smeltes ved sv\u00e6rt h\u00f8y temperatur. Fused quartz er den mest brukte kvartsglasstypen, og kalles derfor ogs\u00e5 vanlig kvartsglass eller naturlig kvartsglass.<\/p>\n<p><strong>Synthetic quartz<\/strong>\u00a0er, som navnet tilsier, et \u201dsyntetisk\u201d kvartsglass. Syntetisk kvartsglass har de samme egenskapene som naturlig kvartsglass (fused quartz). Det er bare bedre. Syntetisk kvartsglass har en uovertruffen renhet og en enda bedre transmisjon i den lave enden av UV-spektret.<\/p>\n<p><strong>Fused silica satin<\/strong>\u00a0kaldes ogs\u00e5 satengkvarts, fordi glasset ikke er transparent, men matt. Satengkvarts finnes hovedsaklig som r\u00f8r.<\/p>\n\t\t\t\t\t\t\t\t<\/div>\n\t\t\t\t<\/div>\n\t\t\t\t<div class=\"elementor-element elementor-element-4ac371fc elementor-widget elementor-widget-button\" data-id=\"4ac371fc\" data-element_type=\"widget\" data-e-type=\"widget\" data-widget_type=\"button.default\">\n\t\t\t\t<div class=\"elementor-widget-container\">\n\t\t\t\t\t\t\t\t\t<div class=\"elementor-button-wrapper\">\n\t\t\t\t\t<a class=\"elementor-button elementor-button-link elementor-size-md\" href=\"https:\/\/miritglas.com\/no\/kontakt-oss\/\">\n\t\t\t\t\t\t<span class=\"elementor-button-content-wrapper\">\n\t\t\t\t\t\t\t\t\t<span class=\"elementor-button-text\">Kontakt oss i dag<\/span>\n\t\t\t\t\t<\/span>\n\t\t\t\t\t<\/a>\n\t\t\t\t<\/div>\n\t\t\t\t\t\t\t\t<\/div>\n\t\t\t\t<\/div>\n\t\t\t\t<\/div>\n\t\t<div class=\"elementor-element elementor-element-4969ab7a e-con-full e-flex e-con e-child\" data-id=\"4969ab7a\" data-element_type=\"container\" data-e-type=\"container\">\n\t\t<div class=\"elementor-element elementor-element-177a1e13 e-flex e-con-boxed e-con e-child\" data-id=\"177a1e13\" data-element_type=\"container\" data-e-type=\"container\" data-settings=\"{&quot;background_background&quot;:&quot;classic&quot;}\">\n\t\t\t\t\t<div class=\"e-con-inner\">\n\t\t\t\t<div class=\"elementor-element elementor-element-8cdba39 elementor-widget elementor-widget-text-editor\" data-id=\"8cdba39\" data-element_type=\"widget\" data-e-type=\"widget\" data-widget_type=\"text-editor.default\">\n\t\t\t\t<div class=\"elementor-widget-container\">\n\t\t\t\t\t\t\t\t\t<h4>KORT OPPSUMMERT<\/h4>\n<ul>\n<li class=\"li1\"><span class=\"s2\">T\u00e5ler temperaturer over 1000\u00a0\u00b0C<\/span><\/li>\n<li class=\"li1\"><span class=\"s2\">Har h\u00f8y transmisjon fra UV-omr\u00e5det (ultrafiolett lys) til IR-omr\u00e5det (infrar\u00f8dt lys)<\/span><\/li>\n<li class=\"li1\"><span class=\"s2\">Finnes b\u00e5de som plater og som\u00a0<span class=\"s4\"><a href=\"https:\/\/miritglas.com\/no\/produkter\/glassror\/\">glassr\u00f8r<\/a> og <a href=\"https:\/\/miritglas.com\/no\/produkter\/glassstenger\/\">glasstenger<\/a><\/span><\/span><\/li>\n<li class=\"li2\"><span class=\"s2\">Kan fremstilles i b\u00e5de matt og gjennomsiktig kvalitet<\/span><\/li>\n<\/ul>\n\t\t\t\t\t\t\t\t<\/div>\n\t\t\t\t<\/div>\n\t\t\t\t\t<\/div>\n\t\t\t\t<\/div>\n\t\t\t\t<\/div>\n\t\t\t\t\t<\/div>\n\t\t\t\t<\/div>\n\t\t<div class=\"elementor-element elementor-element-66294fe5 e-flex e-con-boxed e-con e-parent\" data-id=\"66294fe5\" data-element_type=\"container\" data-e-type=\"container\">\n\t\t\t\t\t<div class=\"e-con-inner\">\n\t\t<div class=\"elementor-element elementor-element-4185a77c e-con-full e-flex e-con e-child\" data-id=\"4185a77c\" data-element_type=\"container\" data-e-type=\"container\">\n\t\t\t\t<div class=\"elementor-element elementor-element-10c403e3 elementor-widget elementor-widget-text-editor\" data-id=\"10c403e3\" data-element_type=\"widget\" data-e-type=\"widget\" data-widget_type=\"text-editor.default\">\n\t\t\t\t<div class=\"elementor-widget-container\">\n\t\t\t\t\t\t\t\t\t<h3>Mirit Glas tilbyr<\/h3>\n<h4>Naturlig kvartsglass<\/h4>\n<p>Vi lagerf\u00f8rer i tavler fra 1-5 mm tykkelse samt\u00a0<a href=\"https:\/\/miritglas.com\/no\/produkter\/glassror\/\">kvartsglassr\u00f8r<\/a>\u00a0og\u00a0<a href=\"https:\/\/miritglas.com\/no\/produkter\/glassstenger\/\">kvartsglasstenger<\/a>\u00a0i enkelte diametre. Tavletykkelser over 5 mm er bestillingsvarer, da disse skal skj\u00e6res ut av blokker i den \u00f8nskede tykkelsen, som deretter skal poleres for at f\u00e5 en klar overflate.<\/p>\n<h4>Syntetisk kvarts<\/h4>\n<p>Syntetisk kvarts er vanligvis en bestillingsvare pga. r\u00e5varens pris. Vi har likevel noe r\u00f8r p\u00e5 lager.<\/p>\n<h4>Satengkvarts<\/h4>\n<p>Vi lagerf\u00f8rer utvalgte st\u00f8rrelser p\u00e5 r\u00f8r.<\/p>\n<p>Vi kan ogs\u00e5 bearbeide kvarts p\u00e5 en rekke m\u00e5ter etter \u00f8nske:<\/p>\n<ul>\n<li>Fasong, hull og hakk<\/li>\n<li>Kantbearbeiding<\/li>\n<li>Sandbl\u00e5sing<\/li>\n<li>UV-liming<\/li>\n<li>Maling<\/li>\n<li>Silketrykk<\/li>\n<li>B\u00f8ying \u2013 det er mulig \u00e5 b\u00f8ye kvartsglass, men det krever meget h\u00f8ye temperaturer og er derfor en komplisert prosess.<\/li>\n<\/ul>\n<p>Det er, som sagt, ikke mulig \u00e5 herde kvartsglas termisk, da det er resistent overfor h\u00f8ye temperaturforskjeller. Kvartsglass kan heller ikke herdes kjemisk, da det ikke inneholder nok natrium (se eventuelt\u00a0<a href=\"https:\/\/miritglas.com\/no\/produkt\/herdet-glass\/\">herdet glass<\/a>\u00a0og\u00a0<a href=\"https:\/\/miritglas.com\/no\/produkt\/kjemisk-herdet-glass\/\">kjemisk herdet glass<\/a>).<\/p>\n<p>Kontakt oss gjerne hvis du har sp\u00f8rsm\u00e5l eller behov for ytterligere opplysninger om kvartsglass<\/p>\n\t\t\t\t\t\t\t\t<\/div>\n\t\t\t\t<\/div>\n\t\t\t\t<\/div>\n\t\t<div class=\"elementor-element elementor-element-7fe21853 e-con-full e-flex e-con e-child\" data-id=\"7fe21853\" data-element_type=\"container\" data-e-type=\"container\">\n\t\t\t\t<div class=\"elementor-element elementor-element-1205af8 elementor-widget elementor-widget-text-editor\" data-id=\"1205af8\" data-element_type=\"widget\" data-e-type=\"widget\" data-widget_type=\"text-editor.default\">\n\t\t\t\t<div class=\"elementor-widget-container\">\n\t\t\t\t\t\t\t\t\t<h3>Hva er kvartsglass?<\/h3>\n<p>Kvartsglass er laget av kvarts, som er et stabilt krystallinsk materiale som best\u00e5r av silisium og oksygenatomer (silisiumdioksid). Silisium er, etter oksygen, nettopp materialet med nest h\u00f8yest forekomst i jordskorpen.<\/p>\n<p>Kvartsglass er et av de mest nyttige og verdifulle materialene i vitenskapens og industriens verden. En av egenskapene som gj\u00f8r kvartsglass spesielt attraktivt, er dets lave varmeutvidelseskoeffisient. Dette betyr at kvartsglass er ekstremt varmebestandig og er derfor egnet som skueglass i h\u00f8ytemperaturmilj\u00f8er.<\/p>\n<p>Kvartsglass er laget av kvartssand, som har en uovertruffen kjemisk renhet sammenlignet med andre lignende materialer. Kjemisk renhet er essensielt i flere bransjer som jobber med h\u00f8yteknologi. Derfor er kvartsglass verdifullt for bedrifter som trenger det optimale materialet med tanke p\u00e5 optisk overf\u00f8ring.<\/p>\n<p>I kvartsglass er lysoverf\u00f8ringen \u00e5pen i et mye st\u00f8rre spektrum enn i andre glasstyper. Dette gj\u00f8r kvartsglasset opplagt for bruk i prosesser hvor det brukes UV-lys. Dette kan for eksempel v\u00e6re gjennom en UV-herding av lim\/lakk eller en desinfeksjonsprosess hvor du skal beskytte lyskilden din. Til disse form\u00e5lene \u2013 og mange flere \u2013 har vi i Mirit Glas muligheten til \u00e5 produsere produkter i kvartsglass i dimensjoner og mengder som dekker dine behov.<\/p>\n\t\t\t\t\t\t\t\t<\/div>\n\t\t\t\t<\/div>\n\t\t\t\t<div class=\"elementor-element elementor-element-1ca29a9 elementor-widget elementor-widget-button\" data-id=\"1ca29a9\" data-element_type=\"widget\" data-e-type=\"widget\" data-widget_type=\"button.default\">\n\t\t\t\t<div class=\"elementor-widget-container\">\n\t\t\t\t\t\t\t\t\t<div class=\"elementor-button-wrapper\">\n\t\t\t\t\t<a class=\"elementor-button elementor-button-link elementor-size-md\" href=\"https:\/\/miritglas.com\/no\/kontakt-oss\/\">\n\t\t\t\t\t\t<span class=\"elementor-button-content-wrapper\">\n\t\t\t\t\t\t\t\t\t<span class=\"elementor-button-text\">Kontakt oss i dag<\/span>\n\t\t\t\t\t<\/span>\n\t\t\t\t\t<\/a>\n\t\t\t\t<\/div>\n\t\t\t\t\t\t\t\t<\/div>\n\t\t\t\t<\/div>\n\t\t\t\t<\/div>\n\t\t\t\t\t<\/div>\n\t\t\t\t<\/div>\n\t\t\t\t<\/div>\n\t\t","protected":false},"featured_media":331,"template":"","class_list":["post-3101","product","type-product","status-publish","has-post-thumbnail","hentry"],"acf":[],"_links":{"self":[{"href":"https:\/\/miritglas.com\/no\/wp-json\/wp\/v2\/product\/3101","targetHints":{"allow":["GET"]}}],"collection":[{"href":"https:\/\/miritglas.com\/no\/wp-json\/wp\/v2\/product"}],"about":[{"href":"https:\/\/miritglas.com\/no\/wp-json\/wp\/v2\/types\/product"}],"version-history":[{"count":3,"href":"https:\/\/miritglas.com\/no\/wp-json\/wp\/v2\/product\/3101\/revisions"}],"predecessor-version":[{"id":4478,"href":"https:\/\/miritglas.com\/no\/wp-json\/wp\/v2\/product\/3101\/revisions\/4478"}],"wp:featuredmedia":[{"embeddable":true,"href":"https:\/\/miritglas.com\/no\/wp-json\/wp\/v2\/media\/331"}],"wp:attachment":[{"href":"https:\/\/miritglas.com\/no\/wp-json\/wp\/v2\/media?parent=3101"}],"curies":[{"name":"wp","href":"https:\/\/api.w.org\/{rel}","templated":true}]}}