{"id":3096,"date":"2023-08-09T11:30:05","date_gmt":"2023-08-09T09:30:05","guid":{"rendered":"https:\/\/miritglas.com\/produkter\/keramisk-glass\/"},"modified":"2023-09-19T17:59:44","modified_gmt":"2023-09-19T15:59:44","slug":"keramisk-glass","status":"publish","type":"product","link":"https:\/\/miritglas.com\/no\/produkter\/keramisk-glass\/","title":{"rendered":"Keramisk glass"},"content":{"rendered":"\t\t<div data-elementor-type=\"wp-post\" data-elementor-id=\"3096\" class=\"elementor elementor-3096 elementor-299\" data-elementor-post-type=\"product\">\n\t\t\t\t<div class=\"elementor-element elementor-element-71b06ae e-flex e-con-boxed e-con e-parent\" data-id=\"71b06ae\" data-element_type=\"container\" data-e-type=\"container\">\n\t\t\t\t\t<div class=\"e-con-inner\">\n\t\t<div class=\"elementor-element elementor-element-6e31a8bd e-con-full e-flex e-con e-parent\" data-id=\"6e31a8bd\" data-element_type=\"container\" data-e-type=\"container\">\n\t\t\t\t<div class=\"elementor-element elementor-element-18a14b8f elementor-widget elementor-widget-text-editor\" data-id=\"18a14b8f\" data-element_type=\"widget\" data-e-type=\"widget\" data-widget_type=\"text-editor.default\">\n\t\t\t\t<div class=\"elementor-widget-container\">\n\t\t\t\t\t\t\t\t\t<h2>Keramisk glass \u2013 materialet som t\u00e5ler h\u00f8ye temperaturer over lang tid<\/h2>\n<p>Mirit Glas leverer keramisk glass til industrien.<\/p>\n<p>Vi kan levere keramisk glass i 3, 4 og 5 mm tykkelse. Vi kan ogs\u00e5 levere keramisk glass som er buet, men da dette er en komplisert prosess, m\u00e5 du beregne ekstra leveringstid.<\/p>\n<p class=\"p1\">V\u00e5re glasseksperter st\u00e5r klare til hjelpe deg med \u00e5 velge riktig materiale. Kontakt oss for mer informasjon om mulighetene med keramisk glass.<\/p>\n\t\t\t\t\t\t\t\t<\/div>\n\t\t\t\t<\/div>\n\t\t\t\t<div class=\"elementor-element elementor-element-67866c89 elementor-widget elementor-widget-button\" data-id=\"67866c89\" data-element_type=\"widget\" data-e-type=\"widget\" data-widget_type=\"button.default\">\n\t\t\t\t<div class=\"elementor-widget-container\">\n\t\t\t\t\t\t\t\t\t<div class=\"elementor-button-wrapper\">\n\t\t\t\t\t<a class=\"elementor-button elementor-button-link elementor-size-md\" href=\"https:\/\/miritglas.com\/no\/kontakt-oss\/\">\n\t\t\t\t\t\t<span class=\"elementor-button-content-wrapper\">\n\t\t\t\t\t\t\t\t\t<span class=\"elementor-button-text\">Kontakt oss i dag<\/span>\n\t\t\t\t\t<\/span>\n\t\t\t\t\t<\/a>\n\t\t\t\t<\/div>\n\t\t\t\t\t\t\t\t<\/div>\n\t\t\t\t<\/div>\n\t\t\t\t<\/div>\n\t\t<div class=\"elementor-element elementor-element-1ca1ba45 e-con-full e-flex e-con e-parent\" data-id=\"1ca1ba45\" data-element_type=\"container\" data-e-type=\"container\">\n\t\t\t\t<div class=\"elementor-element elementor-element-464d7450 elementor-absolute elementor-widget elementor-widget-image\" data-id=\"464d7450\" data-element_type=\"widget\" data-e-type=\"widget\" data-settings=\"{&quot;_position&quot;:&quot;absolute&quot;}\" data-widget_type=\"image.default\">\n\t\t\t\t<div class=\"elementor-widget-container\">\n\t\t\t\t\t\t\t\t\t\t\t\t\t\t\t<img fetchpriority=\"high\" decoding=\"async\" width=\"230\" height=\"230\" src=\"https:\/\/miritglas.com\/wp-content\/uploads\/2023\/08\/logo-icon.png\" class=\"attachment-medium size-medium wp-image-168\" alt=\"Mirit glas logo.\" srcset=\"https:\/\/miritglas.com\/wp-content\/uploads\/2023\/08\/logo-icon.png 230w, https:\/\/miritglas.com\/wp-content\/uploads\/2023\/08\/logo-icon-150x150.png 150w\" sizes=\"(max-width: 230px) 100vw, 230px\" title=\"\">\t\t\t\t\t\t\t\t\t\t\t\t\t\t\t<\/div>\n\t\t\t\t<\/div>\n\t\t\t\t<div class=\"elementor-element elementor-element-7d132c elementor-widget elementor-widget-video\" data-id=\"7d132c\" data-element_type=\"widget\" data-e-type=\"widget\" data-settings=\"{&quot;youtube_url&quot;:&quot;https:\\\/\\\/www.youtube.com\\\/watch?v=LWWEYCBj0Zg&quot;,&quot;yt_privacy&quot;:&quot;yes&quot;,&quot;lazy_load&quot;:&quot;yes&quot;,&quot;show_image_overlay&quot;:&quot;yes&quot;,&quot;image_overlay&quot;:{&quot;url&quot;:&quot;https:\\\/\\\/miritglas.com\\\/wp-content\\\/uploads\\\/2023\\\/08\\\/LWWEYCBj0Zg.jpeg&quot;,&quot;id&quot;:2067,&quot;size&quot;:&quot;&quot;,&quot;alt&quot;:&quot;&quot;,&quot;source&quot;:&quot;library&quot;},&quot;video_type&quot;:&quot;youtube&quot;,&quot;controls&quot;:&quot;yes&quot;}\" data-widget_type=\"video.default\">\n\t\t\t\t<div class=\"elementor-widget-container\">\n\t\t\t\t\t\t\t<div class=\"elementor-wrapper elementor-open-inline\">\n\t\t\t<div class=\"elementor-video\"><\/div>\t\t\t\t<div class=\"elementor-custom-embed-image-overlay\" style=\"background-image: url(https:\/\/miritglas.com\/wp-content\/uploads\/2023\/08\/LWWEYCBj0Zg.jpeg);\">\n\t\t\t\t\t\t\t\t\t\t\t\t\t\t\t\t<div class=\"elementor-custom-embed-play\" role=\"button\" aria-label=\"Start video\" tabindex=\"0\">\n\t\t\t\t\t\t\t<svg aria-hidden=\"true\" class=\"e-font-icon-svg e-eicon-play\" viewBox=\"0 0 1000 1000\" xmlns=\"http:\/\/www.w3.org\/2000\/svg\"><path d=\"M838 162C746 71 633 25 500 25 371 25 258 71 163 162 71 254 25 367 25 500 25 633 71 746 163 837 254 929 367 979 500 979 633 979 746 933 838 837 929 746 975 633 975 500 975 367 929 254 838 162M808 192C892 279 933 379 933 500 933 621 892 725 808 808 725 892 621 938 500 938 379 938 279 896 196 808 113 725 67 621 67 500 67 379 108 279 196 192 279 108 383 62 500 62 621 62 721 108 808 192M438 392V642L642 517 438 392Z\"><\/path><\/svg>\t\t\t\t\t\t<\/div>\n\t\t\t\t\t\t\t\t\t<\/div>\n\t\t\t\t\t<\/div>\n\t\t\t\t\t\t<\/div>\n\t\t\t\t<\/div>\n\t\t\t\t<\/div>\n\t\t\t\t\t<\/div>\n\t\t\t\t<\/div>\n\t\t<div class=\"elementor-element elementor-element-7325ade e-flex e-con-boxed e-con e-parent\" data-id=\"7325ade\" data-element_type=\"container\" data-e-type=\"container\" data-settings=\"{&quot;background_background&quot;:&quot;classic&quot;}\">\n\t\t\t\t\t<div class=\"e-con-inner\">\n\t\t<div class=\"elementor-element elementor-element-29168715 e-con-full e-flex e-con e-parent\" data-id=\"29168715\" data-element_type=\"container\" data-e-type=\"container\">\n\t\t\t\t<div class=\"elementor-element elementor-element-6519d299 elementor-widget elementor-widget-text-editor\" data-id=\"6519d299\" data-element_type=\"widget\" data-e-type=\"widget\" data-widget_type=\"text-editor.default\">\n\t\t\t\t<div class=\"elementor-widget-container\">\n\t\t\t\t\t\t\t\t\t<h3>Typisk bruk<\/h3>\n<p>Keramisk glass brukes typisk i forbindelse med h\u00f8ye temperaturer, bl.a. som\u00a0<a href=\"https:\/\/miritglas.com\/no\/produkt\/seglass\/\">seglass<\/a>\u00a0i aluminiumsforbrenninger, til kokeplater og ovner. Glasset kan ogs\u00e5 brukes til \u00e5 stenge av for UV-lys, da det kun lar en liten del av det \u00f8vre UV-lyset trenge gjennom. Materialet er derfor bl.a. egnet til bruk foran lyskilder (h\u00f8ytemperaturs-lyskilder), da det kan forhindre at ting (bilder, t\u00f8y, gulver mm.) falmer.<\/p>\n\t\t\t\t\t\t\t\t<\/div>\n\t\t\t\t<\/div>\n\t\t\t\t<div class=\"elementor-element elementor-element-39858dad elementor-widget elementor-widget-button\" data-id=\"39858dad\" data-element_type=\"widget\" data-e-type=\"widget\" data-widget_type=\"button.default\">\n\t\t\t\t<div class=\"elementor-widget-container\">\n\t\t\t\t\t\t\t\t\t<div class=\"elementor-button-wrapper\">\n\t\t\t\t\t<a class=\"elementor-button elementor-button-link elementor-size-md\" href=\"https:\/\/miritglas.com\/no\/kontakt-oss\/\">\n\t\t\t\t\t\t<span class=\"elementor-button-content-wrapper\">\n\t\t\t\t\t\t\t\t\t<span class=\"elementor-button-text\">Kontakt oss i dag<\/span>\n\t\t\t\t\t<\/span>\n\t\t\t\t\t<\/a>\n\t\t\t\t<\/div>\n\t\t\t\t\t\t\t\t<\/div>\n\t\t\t\t<\/div>\n\t\t\t\t<\/div>\n\t\t<div class=\"elementor-element elementor-element-5644c4b1 e-con-full e-flex e-con e-parent\" data-id=\"5644c4b1\" data-element_type=\"container\" data-e-type=\"container\">\n\t\t<div class=\"elementor-element elementor-element-58039e8d e-flex e-con-boxed e-con e-parent\" data-id=\"58039e8d\" data-element_type=\"container\" data-e-type=\"container\" data-settings=\"{&quot;background_background&quot;:&quot;classic&quot;}\">\n\t\t\t\t\t<div class=\"e-con-inner\">\n\t\t\t\t<div class=\"elementor-element elementor-element-3afd3e16 elementor-widget elementor-widget-text-editor\" data-id=\"3afd3e16\" data-element_type=\"widget\" data-e-type=\"widget\" data-widget_type=\"text-editor.default\">\n\t\t\t\t<div class=\"elementor-widget-container\">\n\t\t\t\t\t\t\t\t\t<h4>GLASSETS EGENSKAPER<\/h4>\n<p>Keramisk glas \u2013 som Robax eller Neoceram \u2013 har en fantastisk styrke over for varmep\u00e5virkning \u2013 b\u00e5de ved plutselig termisk sjokk og under langvarig drift ved h\u00f8ye temperaturer. Glasset t\u00e5ler ca. 560 \u00b0C i 5000 timer og 760 \u00b0C i 5 timer.Legg merke til at glasset har en svak gullfarget tone og derfor ikke fremst\u00e5r like klart som vanlig glass.<\/p>\n\t\t\t\t\t\t\t\t<\/div>\n\t\t\t\t<\/div>\n\t\t\t\t\t<\/div>\n\t\t\t\t<\/div>\n\t\t\t\t<\/div>\n\t\t\t\t\t<\/div>\n\t\t\t\t<\/div>\n\t\t<div class=\"elementor-element elementor-element-63e6092e e-flex e-con-boxed e-con e-parent\" data-id=\"63e6092e\" data-element_type=\"container\" data-e-type=\"container\" data-settings=\"{&quot;background_background&quot;:&quot;classic&quot;}\">\n\t\t\t\t\t<div class=\"e-con-inner\">\n\t\t<div class=\"elementor-element elementor-element-73ea794 e-con-full e-flex e-con e-parent\" data-id=\"73ea794\" data-element_type=\"container\" data-e-type=\"container\">\n\t\t\t\t<div class=\"elementor-element elementor-element-29f1a0f3 elementor-widget elementor-widget-text-editor\" data-id=\"29f1a0f3\" data-element_type=\"widget\" data-e-type=\"widget\" data-widget_type=\"text-editor.default\">\n\t\t\t\t<div class=\"elementor-widget-container\">\n\t\t\t\t\t\t\t\t\t<h3>Mirit glas tilbyr<\/h3>\n<p>Vi kan levere keramisk glass i 3, 4 og 5 mm tykkelse. Vi kan ogs\u00e5 levere glass som er buet, men da dette er en komplisert prosess, m\u00e5 du beregne ekstra leveringstid.<\/p>\n<p>Glasset kan bearbeides som vanlig glass:<\/p>\n\t\t\t\t\t\t\t\t<\/div>\n\t\t\t\t<\/div>\n\t\t\t\t<div class=\"elementor-element elementor-element-6bb478e elementor-widget elementor-widget-text-editor\" data-id=\"6bb478e\" data-element_type=\"widget\" data-e-type=\"widget\" data-widget_type=\"text-editor.default\">\n\t\t\t\t<div class=\"elementor-widget-container\">\n\t\t\t\t\t\t\t\t\t<ul>\n<li>Fasong, hull og hakk<\/li>\n<li>Kantbearbeidning<\/li>\n<li>Sandbl\u00e5sing<\/li>\n<li>Maling<\/li>\n<li>Silketrykk<\/li>\n<li>Det kan bues, men det er en temmelig komplisert prosess.<\/li>\n<\/ul>\n\t\t\t\t\t\t\t\t<\/div>\n\t\t\t\t<\/div>\n\t\t\t\t<div class=\"elementor-element elementor-element-32802fc6 elementor-widget elementor-widget-text-editor\" data-id=\"32802fc6\" data-element_type=\"widget\" data-e-type=\"widget\" data-widget_type=\"text-editor.default\">\n\t\t\t\t<div class=\"elementor-widget-container\">\n\t\t\t\t\t\t\t\t\t<p>V\u00e6r oppmerksom p\u00e5 at glasset ikke kan herdes termisk, fordi det er s\u00e5 varmebestandig. Det kan heller ikke herdes kjemisk.<\/p>\n<p>Du er hjertelig velkommen til \u00e5 kontakte oss for mer informasjon.<\/p>\n\t\t\t\t\t\t\t\t<\/div>\n\t\t\t\t<\/div>\n\t\t\t\t<\/div>\n\t\t\t\t\t<\/div>\n\t\t\t\t<\/div>\n\t\t\t\t<\/div>\n\t\t","protected":false},"featured_media":6213,"template":"","class_list":["post-3096","product","type-product","status-publish","has-post-thumbnail","hentry"],"acf":[],"_links":{"self":[{"href":"https:\/\/miritglas.com\/no\/wp-json\/wp\/v2\/product\/3096","targetHints":{"allow":["GET"]}}],"collection":[{"href":"https:\/\/miritglas.com\/no\/wp-json\/wp\/v2\/product"}],"about":[{"href":"https:\/\/miritglas.com\/no\/wp-json\/wp\/v2\/types\/product"}],"version-history":[{"count":3,"href":"https:\/\/miritglas.com\/no\/wp-json\/wp\/v2\/product\/3096\/revisions"}],"predecessor-version":[{"id":3499,"href":"https:\/\/miritglas.com\/no\/wp-json\/wp\/v2\/product\/3096\/revisions\/3499"}],"wp:featuredmedia":[{"embeddable":true,"href":"https:\/\/miritglas.com\/no\/wp-json\/wp\/v2\/media\/6213"}],"wp:attachment":[{"href":"https:\/\/miritglas.com\/no\/wp-json\/wp\/v2\/media?parent=3096"}],"curies":[{"name":"wp","href":"https:\/\/api.w.org\/{rel}","templated":true}]}}