{"id":3088,"date":"2023-08-09T11:29:52","date_gmt":"2023-08-09T09:29:52","guid":{"rendered":"https:\/\/miritglas.com\/produkter\/jernfattig-glass\/"},"modified":"2023-09-19T17:59:44","modified_gmt":"2023-09-19T15:59:44","slug":"jernfattig-glass","status":"publish","type":"product","link":"https:\/\/miritglas.com\/no\/produkter\/jernfattig-glass\/","title":{"rendered":"Jernfattig glass"},"content":{"rendered":"\t\t<div data-elementor-type=\"wp-post\" data-elementor-id=\"3088\" class=\"elementor elementor-3088 elementor-297\" data-elementor-post-type=\"product\">\n\t\t\t\t<div class=\"elementor-element elementor-element-eb15ef7 e-flex e-con-boxed e-con e-parent\" data-id=\"eb15ef7\" data-element_type=\"container\" data-e-type=\"container\">\n\t\t\t\t\t<div class=\"e-con-inner\">\n\t\t<div class=\"elementor-element elementor-element-7f436d e-con-full e-flex e-con e-parent\" data-id=\"7f436d\" data-element_type=\"container\" data-e-type=\"container\">\n\t\t\t\t<div class=\"elementor-element elementor-element-2e421fef elementor-widget elementor-widget-text-editor\" data-id=\"2e421fef\" data-element_type=\"widget\" data-e-type=\"widget\" data-widget_type=\"text-editor.default\">\n\t\t\t\t<div class=\"elementor-widget-container\">\n\t\t\t\t\t\t\t\t\t<h2>Jernfattig glass har litte h\u00f8yere transmisjon og er klarere enn vanlig glass<\/h2>\n<p>Jernfattig glass har h\u00f8yere lystransmisjon og UV-transmisjon enn vanlig glass, noe som skyldes et lavere innhold av jern (jernoksid).<\/p>\n<p>Bruksomr\u00e5dene er mange, og jernfattig glass benyttes i alt fra solarindustri til designindustri. Jerninnholdet i vanlig glass gir en svak gr\u00f8nntone som er tydelig n\u00e5r man ser p\u00e5 det fra siden. Jernfattig glass har derimot en mer n\u00f8ytral farge.<\/p>\n<p class=\"p1\">V\u00e5re glasseksperter st\u00e5r klare til hjelpe deg med \u00e5 velge riktig materiale. Kontakt oss for mer informasjon om mulighetene.<\/p>\n\t\t\t\t\t\t\t\t<\/div>\n\t\t\t\t<\/div>\n\t\t\t\t<div class=\"elementor-element elementor-element-131b825f elementor-widget elementor-widget-button\" data-id=\"131b825f\" data-element_type=\"widget\" data-e-type=\"widget\" data-widget_type=\"button.default\">\n\t\t\t\t<div class=\"elementor-widget-container\">\n\t\t\t\t\t\t\t\t\t<div class=\"elementor-button-wrapper\">\n\t\t\t\t\t<a class=\"elementor-button elementor-button-link elementor-size-md\" href=\"https:\/\/miritglas.com\/no\/kontakt-oss\/\">\n\t\t\t\t\t\t<span class=\"elementor-button-content-wrapper\">\n\t\t\t\t\t\t\t\t\t<span class=\"elementor-button-text\">Kontakt oss i dag<\/span>\n\t\t\t\t\t<\/span>\n\t\t\t\t\t<\/a>\n\t\t\t\t<\/div>\n\t\t\t\t\t\t\t\t<\/div>\n\t\t\t\t<\/div>\n\t\t\t\t<\/div>\n\t\t<div class=\"elementor-element elementor-element-11829f0e e-con-full e-flex e-con e-parent\" data-id=\"11829f0e\" data-element_type=\"container\" data-e-type=\"container\">\n\t\t\t\t<div class=\"elementor-element elementor-element-7e6ac5c3 elementor-absolute elementor-widget elementor-widget-image\" data-id=\"7e6ac5c3\" data-element_type=\"widget\" data-e-type=\"widget\" data-settings=\"{&quot;_position&quot;:&quot;absolute&quot;}\" data-widget_type=\"image.default\">\n\t\t\t\t<div class=\"elementor-widget-container\">\n\t\t\t\t\t\t\t\t\t\t\t\t\t\t\t<img fetchpriority=\"high\" decoding=\"async\" width=\"230\" height=\"230\" src=\"https:\/\/miritglas.com\/wp-content\/uploads\/2023\/08\/logo-icon.png\" class=\"attachment-medium size-medium wp-image-168\" alt=\"Mirit glas logo.\" srcset=\"https:\/\/miritglas.com\/wp-content\/uploads\/2023\/08\/logo-icon.png 230w, https:\/\/miritglas.com\/wp-content\/uploads\/2023\/08\/logo-icon-150x150.png 150w\" sizes=\"(max-width: 230px) 100vw, 230px\" title=\"\">\t\t\t\t\t\t\t\t\t\t\t\t\t\t\t<\/div>\n\t\t\t\t<\/div>\n\t\t\t\t<div class=\"elementor-element elementor-element-4cd89e46 elementor-widget elementor-widget-video\" data-id=\"4cd89e46\" data-element_type=\"widget\" data-e-type=\"widget\" data-settings=\"{&quot;youtube_url&quot;:&quot;https:\\\/\\\/www.youtube.com\\\/watch?v=ML5daXPhmPQ&quot;,&quot;yt_privacy&quot;:&quot;yes&quot;,&quot;lazy_load&quot;:&quot;yes&quot;,&quot;show_image_overlay&quot;:&quot;yes&quot;,&quot;image_overlay&quot;:{&quot;url&quot;:&quot;https:\\\/\\\/miritglas.com\\\/wp-content\\\/uploads\\\/2023\\\/08\\\/ML5daXPhmPQ.jpeg&quot;,&quot;id&quot;:1831,&quot;size&quot;:&quot;&quot;,&quot;alt&quot;:&quot;&quot;,&quot;source&quot;:&quot;library&quot;},&quot;video_type&quot;:&quot;youtube&quot;,&quot;controls&quot;:&quot;yes&quot;}\" data-widget_type=\"video.default\">\n\t\t\t\t<div class=\"elementor-widget-container\">\n\t\t\t\t\t\t\t<div class=\"elementor-wrapper elementor-open-inline\">\n\t\t\t<div class=\"elementor-video\"><\/div>\t\t\t\t<div class=\"elementor-custom-embed-image-overlay\" style=\"background-image: url(https:\/\/miritglas.com\/wp-content\/uploads\/2023\/08\/ML5daXPhmPQ.jpeg);\">\n\t\t\t\t\t\t\t\t\t\t\t\t\t\t\t\t<div class=\"elementor-custom-embed-play\" role=\"button\" aria-label=\"Start video\" tabindex=\"0\">\n\t\t\t\t\t\t\t<svg aria-hidden=\"true\" class=\"e-font-icon-svg e-eicon-play\" viewBox=\"0 0 1000 1000\" xmlns=\"http:\/\/www.w3.org\/2000\/svg\"><path d=\"M838 162C746 71 633 25 500 25 371 25 258 71 163 162 71 254 25 367 25 500 25 633 71 746 163 837 254 929 367 979 500 979 633 979 746 933 838 837 929 746 975 633 975 500 975 367 929 254 838 162M808 192C892 279 933 379 933 500 933 621 892 725 808 808 725 892 621 938 500 938 379 938 279 896 196 808 113 725 67 621 67 500 67 379 108 279 196 192 279 108 383 62 500 62 621 62 721 108 808 192M438 392V642L642 517 438 392Z\"><\/path><\/svg>\t\t\t\t\t\t<\/div>\n\t\t\t\t\t\t\t\t\t<\/div>\n\t\t\t\t\t<\/div>\n\t\t\t\t\t\t<\/div>\n\t\t\t\t<\/div>\n\t\t\t\t<\/div>\n\t\t\t\t\t<\/div>\n\t\t\t\t<\/div>\n\t\t<div class=\"elementor-element elementor-element-57437843 e-flex e-con-boxed e-con e-parent\" data-id=\"57437843\" data-element_type=\"container\" data-e-type=\"container\" data-settings=\"{&quot;background_background&quot;:&quot;classic&quot;}\">\n\t\t\t\t\t<div class=\"e-con-inner\">\n\t\t<div class=\"elementor-element elementor-element-174dd610 e-con-full e-flex e-con e-parent\" data-id=\"174dd610\" data-element_type=\"container\" data-e-type=\"container\">\n\t\t\t\t<div class=\"elementor-element elementor-element-2117422a elementor-widget elementor-widget-text-editor\" data-id=\"2117422a\" data-element_type=\"widget\" data-e-type=\"widget\" data-widget_type=\"text-editor.default\">\n\t\t\t\t<div class=\"elementor-widget-container\">\n\t\t\t\t\t\t\t\t\t<h3>Glassets egenskaper<\/h3>\n<p>Solarindustrien bruker jernfattig glass for \u00e5 oppn\u00e5 bedre lysgjennomtrenging p\u00e5 solpaneler, siden det lave innholdet av jern tillater h\u00f8yere lystransmisjon.<\/p>\n<p>I motsetning til vanlig glass slipper jernfattig glass dessuten gjennom litt UV-B-str\u00e5ler. Derfor blir man ikke solbrun gjennom vanlig glass, noe som er mulig gjennom jernfattig glass.<\/p>\n<p>Jernfattig glass brukes i designindustrien, bl.a. fordi det er optimalt til fargetrykk p\u00e5 glass. Glasset er nesten fargen\u00f8ytralt, noe som gir akkurat riktig fargetone. Hvis man trykker farge p\u00e5 vanlig glass, f\u00e5r resultatet et svakt gr\u00f8nnlig skj\u00e6r.<\/p>\n<p>Jernfattig glass produseres i tykkelser fra 2 mm til 19 mm. Den gr\u00f8nne fargeforskjellen blir tydeligere jo tykkere glasset er, og n\u00e5r man ser p\u00e5 det fra siden, er man ikke i tvil. Noen foretrekker det gr\u00f8nnlige skj\u00e6ret, mens andre helst vil unng\u00e5 det \u2013 Mirit Glas kan heldigvis tilby begge varianter.<\/p>\n<h3>Optiwhite, Diamant glass, Ultrawhite og Starphire<\/h3>\n<p>Kj\u00e6rt barn har mange navn. Jernfattig glass blir blant annet ogs\u00e5 kalt Optiwhite glass, Diamant glass, ekstra klart glass, Ultrawhite og Starphire. Felles for alle disse typene er det lave jerninnholdet (Fe<sub>2<\/sub>0<sub>3<\/sub>), som gir et klarere glass.<\/p>\n\t\t\t\t\t\t\t\t<\/div>\n\t\t\t\t<\/div>\n\t\t\t\t<\/div>\n\t\t<div class=\"elementor-element elementor-element-33ee20c6 e-con-full e-flex e-con e-parent\" data-id=\"33ee20c6\" data-element_type=\"container\" data-e-type=\"container\">\n\t\t\t\t<div class=\"elementor-element elementor-element-5fd1d971 elementor-widget elementor-widget-image\" data-id=\"5fd1d971\" data-element_type=\"widget\" data-e-type=\"widget\" data-widget_type=\"image.default\">\n\t\t\t\t<div class=\"elementor-widget-container\">\n\t\t\t\t\t\t\t\t\t\t\t\t<figure class=\"wp-caption\">\n\t\t\t\t\t\t\t\t\t\t<img decoding=\"async\" width=\"779\" height=\"584\" src=\"https:\/\/miritglas.com\/wp-content\/uploads\/2023\/08\/almindeligt-floatglas.jpg\" class=\"attachment-large size-large wp-image-1940\" alt=\"float glas\" srcset=\"https:\/\/miritglas.com\/wp-content\/uploads\/2023\/08\/almindeligt-floatglas.jpg 779w, https:\/\/miritglas.com\/wp-content\/uploads\/2023\/08\/almindeligt-floatglas-300x225.jpg 300w, https:\/\/miritglas.com\/wp-content\/uploads\/2023\/08\/almindeligt-floatglas-768x576.jpg 768w\" sizes=\"(max-width: 779px) 100vw, 779px\" title=\"\">\t\t\t\t\t\t\t\t\t\t\t<figcaption class=\"widget-image-caption wp-caption-text\">Almindeligt floatglas<\/figcaption>\n\t\t\t\t\t\t\t\t\t\t<\/figure>\n\t\t\t\t\t\t\t\t\t<\/div>\n\t\t\t\t<\/div>\n\t\t\t\t<div class=\"elementor-element elementor-element-c0b95fd elementor-widget elementor-widget-image\" data-id=\"c0b95fd\" data-element_type=\"widget\" data-e-type=\"widget\" data-widget_type=\"image.default\">\n\t\t\t\t<div class=\"elementor-widget-container\">\n\t\t\t\t\t\t\t\t\t\t\t\t<figure class=\"wp-caption\">\n\t\t\t\t\t\t\t\t\t\t<img decoding=\"async\" width=\"779\" height=\"584\" src=\"https:\/\/miritglas.com\/wp-content\/uploads\/2023\/08\/jernfattigt-glas.jpeg\" class=\"attachment-large size-large wp-image-2025\" alt=\"jernfattigt glas sikrer transmission og klarhed.\" srcset=\"https:\/\/miritglas.com\/wp-content\/uploads\/2023\/08\/jernfattigt-glas.jpeg 779w, https:\/\/miritglas.com\/wp-content\/uploads\/2023\/08\/jernfattigt-glas-300x225.jpeg 300w, https:\/\/miritglas.com\/wp-content\/uploads\/2023\/08\/jernfattigt-glas-768x576.jpeg 768w\" sizes=\"(max-width: 779px) 100vw, 779px\" title=\"\">\t\t\t\t\t\t\t\t\t\t\t<figcaption class=\"widget-image-caption wp-caption-text\">Jernfattigt glas<\/figcaption>\n\t\t\t\t\t\t\t\t\t\t<\/figure>\n\t\t\t\t\t\t\t\t\t<\/div>\n\t\t\t\t<\/div>\n\t\t\t\t<\/div>\n\t\t\t\t\t<\/div>\n\t\t\t\t<\/div>\n\t\t<div class=\"elementor-element elementor-element-378c2641 e-flex e-con-boxed e-con e-parent\" data-id=\"378c2641\" data-element_type=\"container\" data-e-type=\"container\" data-settings=\"{&quot;background_background&quot;:&quot;classic&quot;}\">\n\t\t\t\t\t<div class=\"e-con-inner\">\n\t\t<div class=\"elementor-element elementor-element-35561e05 e-con-full e-flex e-con e-parent\" data-id=\"35561e05\" data-element_type=\"container\" data-e-type=\"container\">\n\t\t\t\t<div class=\"elementor-element elementor-element-6a10e037 elementor-widget elementor-widget-text-editor\" data-id=\"6a10e037\" data-element_type=\"widget\" data-e-type=\"widget\" data-widget_type=\"text-editor.default\">\n\t\t\t\t<div class=\"elementor-widget-container\">\n\t\t\t\t\t\t\t\t\t<h3><strong>Mirit Glas kan bearbeide jernfattig glass p\u00e5 en rekke forskjellige m\u00e5ter<\/strong>:<\/h3>\n\t\t\t\t\t\t\t\t<\/div>\n\t\t\t\t<\/div>\n\t\t\t\t<div class=\"elementor-element elementor-element-1f7fa99b elementor-widget elementor-widget-text-editor\" data-id=\"1f7fa99b\" data-element_type=\"widget\" data-e-type=\"widget\" data-widget_type=\"text-editor.default\">\n\t\t\t\t<div class=\"elementor-widget-container\">\n\t\t\t\t\t\t\t\t\t<ul>\n<li>Fasong, hull og hakk<\/li>\n<li>Kantbearbeiding<\/li>\n<li>Sandbl\u00e5sing<\/li>\n<li>UV-liming<\/li>\n<li>Maling<\/li>\n<li>Silketrykk<\/li>\n<li>Termisk herding<\/li>\n<li>Kjemisk herding<\/li>\n<li>B\u00f8ying<\/li>\n<li>Laminering<\/li>\n<\/ul>\n\t\t\t\t\t\t\t\t<\/div>\n\t\t\t\t<\/div>\n\t\t\t\t<div class=\"elementor-element elementor-element-1b87c48a elementor-widget elementor-widget-text-editor\" data-id=\"1b87c48a\" data-element_type=\"widget\" data-e-type=\"widget\" data-widget_type=\"text-editor.default\">\n\t\t\t\t<div class=\"elementor-widget-container\">\n\t\t\t\t\t\t\t\t\t<p>Du er velkommen til \u00e5 kontakte oss for mer informasjon p\u00e5 <a href=\"mailto:post@mirit.dk\">post@mirit.dk<\/a> eller <a href=\"tel:+4544944449\">+45 44 94 44 49<\/a>.<\/p>\n\t\t\t\t\t\t\t\t<\/div>\n\t\t\t\t<\/div>\n\t\t\t\t<\/div>\n\t\t\t\t\t<\/div>\n\t\t\t\t<\/div>\n\t\t\t\t<\/div>\n\t\t","protected":false},"featured_media":2025,"template":"","class_list":["post-3088","product","type-product","status-publish","has-post-thumbnail","hentry"],"acf":[],"_links":{"self":[{"href":"https:\/\/miritglas.com\/no\/wp-json\/wp\/v2\/product\/3088","targetHints":{"allow":["GET"]}}],"collection":[{"href":"https:\/\/miritglas.com\/no\/wp-json\/wp\/v2\/product"}],"about":[{"href":"https:\/\/miritglas.com\/no\/wp-json\/wp\/v2\/types\/product"}],"version-history":[{"count":2,"href":"https:\/\/miritglas.com\/no\/wp-json\/wp\/v2\/product\/3088\/revisions"}],"predecessor-version":[{"id":3504,"href":"https:\/\/miritglas.com\/no\/wp-json\/wp\/v2\/product\/3088\/revisions\/3504"}],"wp:featuredmedia":[{"embeddable":true,"href":"https:\/\/miritglas.com\/no\/wp-json\/wp\/v2\/media\/2025"}],"wp:attachment":[{"href":"https:\/\/miritglas.com\/no\/wp-json\/wp\/v2\/media?parent=3088"}],"curies":[{"name":"wp","href":"https:\/\/api.w.org\/{rel}","templated":true}]}}