{"id":3083,"date":"2023-08-09T11:29:42","date_gmt":"2023-08-09T09:29:42","guid":{"rendered":"https:\/\/miritglas.com\/produkter\/herdet-glass\/"},"modified":"2023-09-19T17:59:43","modified_gmt":"2023-09-19T15:59:43","slug":"herdet-glass","status":"publish","type":"product","link":"https:\/\/miritglas.com\/no\/produkter\/herdet-glass\/","title":{"rendered":"Herdet glass"},"content":{"rendered":"\t\t<div data-elementor-type=\"wp-post\" data-elementor-id=\"3083\" class=\"elementor elementor-3083 elementor-296\" data-elementor-post-type=\"product\">\n\t\t\t\t<div class=\"elementor-element elementor-element-157dea9a e-flex e-con-boxed e-con e-parent\" data-id=\"157dea9a\" data-element_type=\"container\" data-e-type=\"container\">\n\t\t\t\t\t<div class=\"e-con-inner\">\n\t\t<div class=\"elementor-element elementor-element-42db1f6f e-con-full e-flex e-con e-parent\" data-id=\"42db1f6f\" data-element_type=\"container\" data-e-type=\"container\">\n\t\t\t\t<div class=\"elementor-element elementor-element-6ace4526 elementor-widget elementor-widget-text-editor\" data-id=\"6ace4526\" data-element_type=\"widget\" data-e-type=\"widget\" data-widget_type=\"text-editor.default\">\n\t\t\t\t<div class=\"elementor-widget-container\">\n\t\t\t\t\t\t\t\t\t<h2>Herdet glass er en sterk sikkerhetsl\u00f8sning<\/h2>\n<p>Mirit Glas produserer herdet glass til alle form\u00e5l og leverer blant annet til industribedrifter som bruker\u00a0<a href=\"https:\/\/miritglas.com\/no\/produkt\/sikkerhetsglass\/\">sikkerhetsglass<\/a>.<br \/>\nHerdet glass kan benyttes til mange forskjellige form\u00e5l. Felles for dem er en forutsetning for en glassl\u00f8sning som har st\u00f8rre motstand mot temperatur og trykk enn ubehandlet glass. I tillegg gir det ufarlige glassk\u00e5r ved brudd, da glasset pulveriseres til sm\u00e5 uskarpe biter n\u00e5r det knuses.<\/p>\n<p>Mirit Glas har evnen til \u00e5 herde glass fra 3 mm i tykkelse til 25 mm.<\/p>\n<p>Ta kontakt med oss og vi finner den rette l\u00f8sningen for herdet glass til dine behov. V\u00e5re glasseksperter st\u00e5r klare til hjelpe deg med \u00e5 velge riktig materiale.<\/p>\n\t\t\t\t\t\t\t\t<\/div>\n\t\t\t\t<\/div>\n\t\t\t\t<div class=\"elementor-element elementor-element-2541d899 elementor-widget elementor-widget-button\" data-id=\"2541d899\" data-element_type=\"widget\" data-e-type=\"widget\" data-widget_type=\"button.default\">\n\t\t\t\t<div class=\"elementor-widget-container\">\n\t\t\t\t\t\t\t\t\t<div class=\"elementor-button-wrapper\">\n\t\t\t\t\t<a class=\"elementor-button elementor-button-link elementor-size-md\" href=\"https:\/\/miritglas.com\/no\/kontakt-oss\/\">\n\t\t\t\t\t\t<span class=\"elementor-button-content-wrapper\">\n\t\t\t\t\t\t\t\t\t<span class=\"elementor-button-text\">Kontakt oss i dag<\/span>\n\t\t\t\t\t<\/span>\n\t\t\t\t\t<\/a>\n\t\t\t\t<\/div>\n\t\t\t\t\t\t\t\t<\/div>\n\t\t\t\t<\/div>\n\t\t\t\t<\/div>\n\t\t<div class=\"elementor-element elementor-element-503f5848 e-con-full e-flex e-con e-parent\" data-id=\"503f5848\" data-element_type=\"container\" data-e-type=\"container\">\n\t\t\t\t<div class=\"elementor-element elementor-element-7ee86bd7 elementor-absolute elementor-widget elementor-widget-image\" data-id=\"7ee86bd7\" data-element_type=\"widget\" data-e-type=\"widget\" data-settings=\"{&quot;_position&quot;:&quot;absolute&quot;}\" data-widget_type=\"image.default\">\n\t\t\t\t<div class=\"elementor-widget-container\">\n\t\t\t\t\t\t\t\t\t\t\t\t\t\t\t<img fetchpriority=\"high\" decoding=\"async\" width=\"230\" height=\"230\" src=\"https:\/\/miritglas.com\/wp-content\/uploads\/2023\/08\/logo-icon.png\" class=\"attachment-medium size-medium wp-image-168\" alt=\"Mirit glas logo.\" srcset=\"https:\/\/miritglas.com\/wp-content\/uploads\/2023\/08\/logo-icon.png 230w, https:\/\/miritglas.com\/wp-content\/uploads\/2023\/08\/logo-icon-150x150.png 150w\" sizes=\"(max-width: 230px) 100vw, 230px\" title=\"\">\t\t\t\t\t\t\t\t\t\t\t\t\t\t\t<\/div>\n\t\t\t\t<\/div>\n\t\t<div class=\"elementor-element elementor-element-5c6b9610 e-flex e-con-boxed e-con e-parent\" data-id=\"5c6b9610\" data-element_type=\"container\" data-e-type=\"container\" data-settings=\"{&quot;background_background&quot;:&quot;classic&quot;}\">\n\t\t\t\t\t<div class=\"e-con-inner\">\n\t\t\t\t<div class=\"elementor-element elementor-element-55ddfcbe elementor-widget elementor-widget-text-editor\" data-id=\"55ddfcbe\" data-element_type=\"widget\" data-e-type=\"widget\" data-widget_type=\"text-editor.default\">\n\t\t\t\t<div class=\"elementor-widget-container\">\n\t\t\t\t\t\t\t\t\t<h4>GLASSETS EGENSKAPER<\/h4>\n<ul>\n<li class=\"li1\"><span class=\"s2\">H\u00f8y motstandsdyktighet mot trykk<\/span><\/li>\n<li class=\"li1\"><span class=\"s2\">T\u00e5ler temperaturforskjeller p\u00e5 opptil ca. 250 grader<\/span><\/li>\n<li class=\"li1\"><span class=\"s2\">Ufarlige glassk\u00e5r ved brudd, da glasset granulerer i sm\u00e5 og uskarpe biter<\/span><\/li>\n<li class=\"li2\"><span class=\"s2\">Brukes ofte til sikkerhetsglass<\/span><\/li>\n<\/ul>\n\t\t\t\t\t\t\t\t<\/div>\n\t\t\t\t<\/div>\n\t\t\t\t\t<\/div>\n\t\t\t\t<\/div>\n\t\t\t\t<\/div>\n\t\t\t\t\t<\/div>\n\t\t\t\t<\/div>\n\t\t<div class=\"elementor-element elementor-element-a11f23 e-flex e-con-boxed e-con e-parent\" data-id=\"a11f23\" data-element_type=\"container\" data-e-type=\"container\" data-settings=\"{&quot;background_background&quot;:&quot;classic&quot;}\">\n\t\t\t\t\t<div class=\"e-con-inner\">\n\t\t<div class=\"elementor-element elementor-element-641bafa9 e-con-full e-flex e-con e-parent\" data-id=\"641bafa9\" data-element_type=\"container\" data-e-type=\"container\">\n\t\t\t\t<div class=\"elementor-element elementor-element-6461834f elementor-widget elementor-widget-text-editor\" data-id=\"6461834f\" data-element_type=\"widget\" data-e-type=\"widget\" data-widget_type=\"text-editor.default\">\n\t\t\t\t<div class=\"elementor-widget-container\">\n\t\t\t\t\t\t\t\t\t<h3>H\u00f8y bruddstyrke<\/h3>\n<p>Mirit Glas var den f\u00f8rste danske virksomheten som produserte herdet glass i Danmark, og vi er fortsatt blant de ledende ekspertene p\u00e5 feltet.\u00a0Som de eneste i Skandinavia tilbyr Mirit Glass n\u00e5 ogs\u00e5\u00a0<span class=\"s2\"><a href=\"https:\/\/miritglas.com\/no\/produkt\/kjemisk-herdet-glass\/\">kjemisk herdet glass<\/a>.<\/span><\/p>\n<p>Glasset er mange ganger sterkere enn uherdet glass, f.eks. har 5 mm herdet glass samme bruddstyrke som 12 mm ubehandlet glass. Glass er vesentlig mer utsatt for strekk enn trykk, og sprekker oftest fra overflaten. Siden herdet glass er forspent med trykkspenninger i overflaten utsettes det kritiske punktet for strekkrefter, og dermed krever det et st\u00f8rre trykk for \u00e5 knuse glasset.<\/p>\n<h3>Sikkerhet<\/h3>\n<p>Dersom glasset knuser, pulveriseres det i sm\u00e5 ufarlige biter. Derfor kan det herdete glasset med fordel brukes som\u00a0<a href=\"https:\/\/miritglas.com\/no\/produkt\/sikkerhetsglass\/\">sikkerhetsglass<\/a>\u00a0p\u00e5 steder hvor knusing av vanlig glass vil medf\u00f8re fare for personer. I tillegg hindres inntrengning eller spredning av glassbiter om to herdete glass lamineres sammen. Etter knusingen vil laminatet holde glassbitene sammen som en sammenhengende enhet.<\/p>\n<h3>Termisk motstandsdyktighet<\/h3>\n<p>Glasset t\u00e5ler temperaturforskjeller opp til ca. 250 grader og er derfor spesielt egnet hvor vanlig glass sprekker p\u00e5 grunn av temperaturforskjeller. Vanlig glass t\u00e5ler temperaturforskjeller p\u00e5 opp til ca. 40 grader.<br \/>\nMirit Glas leverer ogs\u00e5 glasstyper som t\u00e5ler enda h\u00f8yere temperaturforskjeller.<\/p>\n\t\t\t\t\t\t\t\t<\/div>\n\t\t\t\t<\/div>\n\t\t\t\t<\/div>\n\t\t<div class=\"elementor-element elementor-element-661b49f e-con-full e-flex e-con e-parent\" data-id=\"661b49f\" data-element_type=\"container\" data-e-type=\"container\">\n\t\t\t\t<div class=\"elementor-element elementor-element-4ddae723 elementor-widget elementor-widget-image\" data-id=\"4ddae723\" data-element_type=\"widget\" data-e-type=\"widget\" data-widget_type=\"image.default\">\n\t\t\t\t<div class=\"elementor-widget-container\">\n\t\t\t\t\t\t\t\t\t\t\t\t\t\t\t<img decoding=\"async\" width=\"800\" height=\"572\" src=\"https:\/\/miritglas.com\/wp-content\/uploads\/2023\/08\/haerdet-glas-1024x732.jpg\" class=\"attachment-large size-large wp-image-2005\" alt=\"H\u00e6rdet glas p\u00e5 m\u00e5l og p\u00e5 bestilling.\" srcset=\"https:\/\/miritglas.com\/wp-content\/uploads\/2023\/08\/haerdet-glas-1024x732.jpg 1024w, https:\/\/miritglas.com\/wp-content\/uploads\/2023\/08\/haerdet-glas-300x214.jpg 300w, https:\/\/miritglas.com\/wp-content\/uploads\/2023\/08\/haerdet-glas-768x549.jpg 768w, https:\/\/miritglas.com\/wp-content\/uploads\/2023\/08\/haerdet-glas-1536x1097.jpg 1536w, https:\/\/miritglas.com\/wp-content\/uploads\/2023\/08\/haerdet-glas-2048x1463.jpg 2048w\" sizes=\"(max-width: 800px) 100vw, 800px\" title=\"\">\t\t\t\t\t\t\t\t\t\t\t\t\t\t\t<\/div>\n\t\t\t\t<\/div>\n\t\t\t\t<\/div>\n\t\t\t\t\t<\/div>\n\t\t\t\t<\/div>\n\t\t<div class=\"elementor-element elementor-element-9e87556 e-flex e-con-boxed e-con e-parent\" data-id=\"9e87556\" data-element_type=\"container\" data-e-type=\"container\">\n\t\t\t\t\t<div class=\"e-con-inner\">\n\t\t<div class=\"elementor-element elementor-element-589e8e5 e-con-full e-flex e-con e-parent\" data-id=\"589e8e5\" data-element_type=\"container\" data-e-type=\"container\">\n\t\t\t\t<div class=\"elementor-element elementor-element-20bfb00 elementor-widget elementor-widget-image\" data-id=\"20bfb00\" data-element_type=\"widget\" data-e-type=\"widget\" data-widget_type=\"image.default\">\n\t\t\t\t<div class=\"elementor-widget-container\">\n\t\t\t\t\t\t\t\t\t\t\t\t\t\t\t<img decoding=\"async\" width=\"800\" height=\"571\" src=\"https:\/\/miritglas.com\/wp-content\/uploads\/2023\/08\/polariserings_apperat_til_haerdet_glas.jpg\" class=\"attachment-large size-large wp-image-3078\" alt=\"polariseringsapparat til h\u00e6rdet glas\" srcset=\"https:\/\/miritglas.com\/wp-content\/uploads\/2023\/08\/polariserings_apperat_til_haerdet_glas.jpg 1024w, https:\/\/miritglas.com\/wp-content\/uploads\/2023\/08\/polariserings_apperat_til_haerdet_glas-300x214.jpg 300w, https:\/\/miritglas.com\/wp-content\/uploads\/2023\/08\/polariserings_apperat_til_haerdet_glas-768x548.jpg 768w\" sizes=\"(max-width: 800px) 100vw, 800px\" title=\"\">\t\t\t\t\t\t\t\t\t\t\t\t\t\t\t<\/div>\n\t\t\t\t<\/div>\n\t\t\t\t<\/div>\n\t\t<div class=\"elementor-element elementor-element-0abf5ed e-con-full e-flex e-con e-parent\" data-id=\"0abf5ed\" data-element_type=\"container\" data-e-type=\"container\">\n\t\t\t\t<div class=\"elementor-element elementor-element-7a1921d elementor-widget elementor-widget-text-editor\" data-id=\"7a1921d\" data-element_type=\"widget\" data-e-type=\"widget\" data-widget_type=\"text-editor.default\">\n\t\t\t\t<div class=\"elementor-widget-container\">\n\t\t\t\t\t\t\t\t\t<h3><strong>Mer om herding av glass<\/strong><\/h3>\n<p>All bearbeidingen av glasset, slik som kutting, hulltaking, kapping for beslag og kantbearbeiding blir utf\u00f8rt f\u00f8r herdeprosessen da det herdete glasset ikke kan bearbeides.<\/p>\n<p>Under herdeprosessen utsettes glasset for kraftige p\u00e5virkninger. F\u00f8rst blir glasset oppvarmet til ca. 660 \u00b0C, og deretter sjokkavkj\u00f8lt med luft. Dette f\u00f8rer til at overflaten kj\u00f8les ned hurtigere enn kjernen, og det oppst\u00e5r da en permanent trykkspenning i overflaten og strekkspenninger i kjernen. At glasset er herdet kan sees ved \u00e5 se p\u00e5 det i polarisert lys, noe som gj\u00f8r at spenningsnettet blir synlig.<\/p>\n<p>Vil du h\u00f8re mere om, hvordan denne glastype kan v\u00e6re den rette l\u00f8sning for dig, er du velkommen til at kontakte os.<\/p>\n\t\t\t\t\t\t\t\t<\/div>\n\t\t\t\t<\/div>\n\t\t\t\t<div class=\"elementor-element elementor-element-4711746 elementor-widget elementor-widget-button\" data-id=\"4711746\" data-element_type=\"widget\" data-e-type=\"widget\" data-widget_type=\"button.default\">\n\t\t\t\t<div class=\"elementor-widget-container\">\n\t\t\t\t\t\t\t\t\t<div class=\"elementor-button-wrapper\">\n\t\t\t\t\t<a class=\"elementor-button elementor-button-link elementor-size-md\" href=\"https:\/\/miritglas.com\/no\/kontakt-oss\/\">\n\t\t\t\t\t\t<span class=\"elementor-button-content-wrapper\">\n\t\t\t\t\t\t\t\t\t<span class=\"elementor-button-text\">Kontakt oss i dag<\/span>\n\t\t\t\t\t<\/span>\n\t\t\t\t\t<\/a>\n\t\t\t\t<\/div>\n\t\t\t\t\t\t\t\t<\/div>\n\t\t\t\t<\/div>\n\t\t\t\t<\/div>\n\t\t\t\t\t<\/div>\n\t\t\t\t<\/div>\n\t\t\t\t<\/div>\n\t\t","protected":false},"featured_media":327,"template":"","class_list":["post-3083","product","type-product","status-publish","has-post-thumbnail","hentry"],"acf":[],"_links":{"self":[{"href":"https:\/\/miritglas.com\/no\/wp-json\/wp\/v2\/product\/3083","targetHints":{"allow":["GET"]}}],"collection":[{"href":"https:\/\/miritglas.com\/no\/wp-json\/wp\/v2\/product"}],"about":[{"href":"https:\/\/miritglas.com\/no\/wp-json\/wp\/v2\/types\/product"}],"version-history":[{"count":2,"href":"https:\/\/miritglas.com\/no\/wp-json\/wp\/v2\/product\/3083\/revisions"}],"predecessor-version":[{"id":3478,"href":"https:\/\/miritglas.com\/no\/wp-json\/wp\/v2\/product\/3083\/revisions\/3478"}],"wp:featuredmedia":[{"embeddable":true,"href":"https:\/\/miritglas.com\/no\/wp-json\/wp\/v2\/media\/327"}],"wp:attachment":[{"href":"https:\/\/miritglas.com\/no\/wp-json\/wp\/v2\/media?parent=3083"}],"curies":[{"name":"wp","href":"https:\/\/api.w.org\/{rel}","templated":true}]}}