{"id":3072,"date":"2023-08-09T11:29:28","date_gmt":"2023-08-09T09:29:28","guid":{"rendered":"https:\/\/miritglas.com\/produkter\/glassvarer\/"},"modified":"2026-04-14T13:56:47","modified_gmt":"2026-04-14T11:56:47","slug":"glassvarer","status":"publish","type":"product","link":"https:\/\/miritglas.com\/no\/produkter\/glassvarer\/","title":{"rendered":"Glassvarer"},"content":{"rendered":"\t\t<div data-elementor-type=\"wp-post\" data-elementor-id=\"3072\" class=\"elementor elementor-3072 elementor-294\" data-elementor-post-type=\"product\">\n\t\t\t\t<div class=\"elementor-element elementor-element-6df22cf3 e-flex e-con-boxed e-con e-parent\" data-id=\"6df22cf3\" data-element_type=\"container\" data-e-type=\"container\">\n\t\t\t\t\t<div class=\"e-con-inner\">\n\t\t<div class=\"elementor-element elementor-element-16e722aa e-con-full e-flex e-con e-parent\" data-id=\"16e722aa\" data-element_type=\"container\" data-e-type=\"container\">\n\t\t\t\t<div class=\"elementor-element elementor-element-7051969 elementor-widget elementor-widget-text-editor\" data-id=\"7051969\" data-element_type=\"widget\" data-e-type=\"widget\" data-widget_type=\"text-editor.default\">\n\t\t\t\t<div class=\"elementor-widget-container\">\n\t\t\t\t\t\t\t\t\t<h2>Ulike glassvarer og glasskonstruksjoner produseres etter dine behov<\/h2>\n<p>Vi leverer spesielle glasstrukturer som firmalogoer i glass eller munnbl\u00e5ste glassk\u00e5ler til virksomheten.<\/p>\n<p>Glass fra Mirit Glas dekker funksjonelle glassk\u00e5ler til den farmas\u00f8ytiske industrien og til designdekor.<\/p>\n<p>Ta kontakt med oss og vi finner den rette l\u00f8sningen til dine behov. V\u00e5re glasseksperter st\u00e5r klare til hjelpe deg med \u00e5 velge riktig materiale.<\/p>\n\t\t\t\t\t\t\t\t<\/div>\n\t\t\t\t<\/div>\n\t\t\t\t<div class=\"elementor-element elementor-element-7b5a349a elementor-widget elementor-widget-button\" data-id=\"7b5a349a\" data-element_type=\"widget\" data-e-type=\"widget\" data-widget_type=\"button.default\">\n\t\t\t\t<div class=\"elementor-widget-container\">\n\t\t\t\t\t\t\t\t\t<div class=\"elementor-button-wrapper\">\n\t\t\t\t\t<a class=\"elementor-button elementor-button-link elementor-size-md\" href=\"https:\/\/miritglas.com\/no\/kontakt-oss\/\">\n\t\t\t\t\t\t<span class=\"elementor-button-content-wrapper\">\n\t\t\t\t\t\t\t\t\t<span class=\"elementor-button-text\">Kontakt oss i dag<\/span>\n\t\t\t\t\t<\/span>\n\t\t\t\t\t<\/a>\n\t\t\t\t<\/div>\n\t\t\t\t\t\t\t\t<\/div>\n\t\t\t\t<\/div>\n\t\t\t\t<\/div>\n\t\t<div class=\"elementor-element elementor-element-cfa6a5d e-con-full e-flex e-con e-parent\" data-id=\"cfa6a5d\" data-element_type=\"container\" data-e-type=\"container\">\n\t\t\t\t<div class=\"elementor-element elementor-element-12c944d9 elementor-absolute elementor-widget elementor-widget-image\" data-id=\"12c944d9\" data-element_type=\"widget\" data-e-type=\"widget\" data-settings=\"{&quot;_position&quot;:&quot;absolute&quot;}\" data-widget_type=\"image.default\">\n\t\t\t\t<div class=\"elementor-widget-container\">\n\t\t\t\t\t\t\t\t\t\t\t\t\t\t\t<img decoding=\"async\" src=\"https:\/\/miritglas.com\/wp-content\/uploads\/2023\/08\/logo-icon.png\" title=\"\" alt=\"\" loading=\"lazy\">\t\t\t\t\t\t\t\t\t\t\t\t\t\t\t<\/div>\n\t\t\t\t<\/div>\n\t\t\t\t<div class=\"elementor-element elementor-element-5388ba68 elementor-widget elementor-widget-image\" data-id=\"5388ba68\" data-element_type=\"widget\" data-e-type=\"widget\" data-widget_type=\"image.default\">\n\t\t\t\t<div class=\"elementor-widget-container\">\n\t\t\t\t\t\t\t\t\t\t\t\t\t\t\t<img fetchpriority=\"high\" decoding=\"async\" width=\"800\" height=\"571\" src=\"https:\/\/miritglas.com\/wp-content\/uploads\/2023\/08\/glasvarer1.jpeg\" class=\"attachment-large size-large wp-image-1997\" alt=\"Glasvarer efter opgave | Specialfremstillede glasprodukter herunder tekniske komponenter, funktionelle beholdere og kundetilpassede glaskonstruktioner udviklet til industri, laboratorier og designapplikationer med fokus p\u00e5 materialevalg og pr\u00e6cis forarbejdning. Custom glassware | Individually manufactured glass products including technical glass components, functional containers and decorative constructions engineered for industrial, medical and design applications with precise shaping, material selection and performance-driven properties.\" srcset=\"https:\/\/miritglas.com\/wp-content\/uploads\/2023\/08\/glasvarer1.jpeg 1024w, https:\/\/miritglas.com\/wp-content\/uploads\/2023\/08\/glasvarer1-300x214.jpeg 300w, https:\/\/miritglas.com\/wp-content\/uploads\/2023\/08\/glasvarer1-768x548.jpeg 768w\" sizes=\"(max-width: 800px) 100vw, 800px\" title=\"\">\t\t\t\t\t\t\t\t\t\t\t\t\t\t\t<\/div>\n\t\t\t\t<\/div>\n\t\t\t\t<\/div>\n\t\t\t\t\t<\/div>\n\t\t\t\t<\/div>\n\t\t\t\t<\/div>\n\t\t","protected":false},"featured_media":1997,"template":"","class_list":["post-3072","product","type-product","status-publish","has-post-thumbnail","hentry"],"acf":[],"_links":{"self":[{"href":"https:\/\/miritglas.com\/no\/wp-json\/wp\/v2\/product\/3072","targetHints":{"allow":["GET"]}}],"collection":[{"href":"https:\/\/miritglas.com\/no\/wp-json\/wp\/v2\/product"}],"about":[{"href":"https:\/\/miritglas.com\/no\/wp-json\/wp\/v2\/types\/product"}],"version-history":[{"count":3,"href":"https:\/\/miritglas.com\/no\/wp-json\/wp\/v2\/product\/3072\/revisions"}],"predecessor-version":[{"id":6965,"href":"https:\/\/miritglas.com\/no\/wp-json\/wp\/v2\/product\/3072\/revisions\/6965"}],"wp:featuredmedia":[{"embeddable":true,"href":"https:\/\/miritglas.com\/no\/wp-json\/wp\/v2\/media\/1997"}],"wp:attachment":[{"href":"https:\/\/miritglas.com\/no\/wp-json\/wp\/v2\/media?parent=3072"}],"curies":[{"name":"wp","href":"https:\/\/api.w.org\/{rel}","templated":true}]}}