{"id":3068,"date":"2023-08-09T11:29:21","date_gmt":"2023-08-09T09:29:21","guid":{"rendered":"https:\/\/miritglas.com\/produkter\/glassstenger\/"},"modified":"2023-09-19T17:59:47","modified_gmt":"2023-09-19T15:59:47","slug":"glassstenger","status":"publish","type":"product","link":"https:\/\/miritglas.com\/no\/produkter\/glassstenger\/","title":{"rendered":"Glassstenger"},"content":{"rendered":"\t\t<div data-elementor-type=\"wp-post\" data-elementor-id=\"3068\" class=\"elementor elementor-3068 elementor-293\" data-elementor-post-type=\"product\">\n\t\t\t\t<div class=\"elementor-element elementor-element-32b3c55b e-flex e-con-boxed e-con e-parent\" data-id=\"32b3c55b\" data-element_type=\"container\" data-e-type=\"container\">\n\t\t\t\t\t<div class=\"e-con-inner\">\n\t\t<div class=\"elementor-element elementor-element-6f587ed1 e-con-full e-flex e-con e-parent\" data-id=\"6f587ed1\" data-element_type=\"container\" data-e-type=\"container\">\n\t\t\t\t<div class=\"elementor-element elementor-element-616fffbd elementor-widget elementor-widget-text-editor\" data-id=\"616fffbd\" data-element_type=\"widget\" data-e-type=\"widget\" data-widget_type=\"text-editor.default\">\n\t\t\t\t<div class=\"elementor-widget-container\">\n\t\t\t\t\t\t\t\t\t<h2>Glassstenger og glassstaver for design og spesiall\u00f8sninger<\/h2>\n<p>Mirit Glas leverer glass stenger til design og industri. Vi har et allsidig og kanskje det mest velfylte lager av glassstenger i Norden, som vi ogs\u00e5 bearbeider etter kundens \u00f8nsker.<\/p>\n<p>Glassstaver er en variant av glass som mest brukes til design. Det kan ogs\u00e5 v\u00e6re spesielle forhold som gj\u00f8r glassstenger ideelle for \u00e5 l\u00f8se et problem i industrien. Noen ganger kan det v\u00e6re at en glassstang er mer egnet til \u00e5 l\u00f8se et problem enn for eksempel et glassr\u00f8r, som ogs\u00e5 ofte brukes til belysning og design.<\/p>\n<p>V\u00e5rt lager er fokusert p\u00e5 glassstaver i solid borosilikatglass fra \u00f83 til \u00f830. Borosilikatglass, med sin temperaturbestandighet og motstand mot kjemikalier, er et ideelt og allsidig glass til bruk i industrien.<\/p>\n<p>I noen tilfeller, som n\u00e5r det gjelder spesielle UV-l\u00f8sninger, er det fornuftig \u00e5 bruke glassstaver i kvartsglass.<\/p>\n<p>Det er hovedsakelig n\u00e5r det gjelder belysning at det er ettersp\u00f8rsel etter glassstaver eller glassstaver.<\/p>\n<p>Vi har levert glassstenger til l\u00f8sninger der de inng\u00e5r i alt fra lysl\u00f8sninger til kj\u00f8kken og varmeanlegg<\/p>\n<p>Hvis glassstenger kan v\u00e6re l\u00f8sningen. S\u00e5 kontakt oss i dag for \u00e5 finne ut mer om bruken av glassstenger.<\/p>\n\t\t\t\t\t\t\t\t<\/div>\n\t\t\t\t<\/div>\n\t\t\t\t<div class=\"elementor-element elementor-element-7e2f78a elementor-widget elementor-widget-button\" data-id=\"7e2f78a\" data-element_type=\"widget\" data-e-type=\"widget\" data-widget_type=\"button.default\">\n\t\t\t\t<div class=\"elementor-widget-container\">\n\t\t\t\t\t\t\t\t\t<div class=\"elementor-button-wrapper\">\n\t\t\t\t\t<a class=\"elementor-button elementor-button-link elementor-size-md\" href=\"https:\/\/miritglas.com\/no\/kontakt-oss\/\">\n\t\t\t\t\t\t<span class=\"elementor-button-content-wrapper\">\n\t\t\t\t\t\t\t\t\t<span class=\"elementor-button-text\">Kontakt oss i dag<\/span>\n\t\t\t\t\t<\/span>\n\t\t\t\t\t<\/a>\n\t\t\t\t<\/div>\n\t\t\t\t\t\t\t\t<\/div>\n\t\t\t\t<\/div>\n\t\t\t\t<\/div>\n\t\t<div class=\"elementor-element elementor-element-24e28cf7 e-con-full e-flex e-con e-parent\" data-id=\"24e28cf7\" data-element_type=\"container\" data-e-type=\"container\">\n\t\t\t\t<div class=\"elementor-element elementor-element-7d4614af elementor-absolute elementor-widget elementor-widget-image\" data-id=\"7d4614af\" data-element_type=\"widget\" data-e-type=\"widget\" data-settings=\"{&quot;_position&quot;:&quot;absolute&quot;}\" data-widget_type=\"image.default\">\n\t\t\t\t<div class=\"elementor-widget-container\">\n\t\t\t\t\t\t\t\t\t\t\t\t\t\t\t<img fetchpriority=\"high\" decoding=\"async\" width=\"230\" height=\"230\" src=\"https:\/\/miritglas.com\/wp-content\/uploads\/2023\/08\/logo-icon.png\" class=\"attachment-medium size-medium wp-image-168\" alt=\"Mirit glas logo.\" srcset=\"https:\/\/miritglas.com\/wp-content\/uploads\/2023\/08\/logo-icon.png 230w, https:\/\/miritglas.com\/wp-content\/uploads\/2023\/08\/logo-icon-150x150.png 150w\" sizes=\"(max-width: 230px) 100vw, 230px\" title=\"\">\t\t\t\t\t\t\t\t\t\t\t\t\t\t\t<\/div>\n\t\t\t\t<\/div>\n\t\t\t\t<div class=\"elementor-element elementor-element-74d6e8b elementor-widget elementor-widget-image\" data-id=\"74d6e8b\" data-element_type=\"widget\" data-e-type=\"widget\" data-widget_type=\"image.default\">\n\t\t\t\t<div class=\"elementor-widget-container\">\n\t\t\t\t\t\t\t\t\t\t\t\t\t\t\t<img decoding=\"async\" width=\"564\" height=\"306\" src=\"https:\/\/miritglas.com\/wp-content\/uploads\/2023\/08\/glasstaenger-low-res.jpg\" class=\"attachment-large size-large wp-image-1989\" alt=\"glasst\u00e6nger og glasstave til design og indsutri\" srcset=\"https:\/\/miritglas.com\/wp-content\/uploads\/2023\/08\/glasstaenger-low-res.jpg 564w, https:\/\/miritglas.com\/wp-content\/uploads\/2023\/08\/glasstaenger-low-res-300x163.jpg 300w\" sizes=\"(max-width: 564px) 100vw, 564px\" title=\"\">\t\t\t\t\t\t\t\t\t\t\t\t\t\t\t<\/div>\n\t\t\t\t<\/div>\n\t\t\t\t<\/div>\n\t\t\t\t\t<\/div>\n\t\t\t\t<\/div>\n\t\t<div class=\"elementor-element elementor-element-6c4c89c6 e-flex e-con-boxed e-con e-parent\" data-id=\"6c4c89c6\" data-element_type=\"container\" data-e-type=\"container\" data-settings=\"{&quot;background_background&quot;:&quot;classic&quot;}\">\n\t\t\t\t\t<div class=\"e-con-inner\">\n\t\t<div class=\"elementor-element elementor-element-3ebf91bc e-con-full e-flex e-con e-parent\" data-id=\"3ebf91bc\" data-element_type=\"container\" data-e-type=\"container\">\n\t\t\t\t<div class=\"elementor-element elementor-element-47ee89c4 elementor-widget elementor-widget-text-editor\" data-id=\"47ee89c4\" data-element_type=\"widget\" data-e-type=\"widget\" data-widget_type=\"text-editor.default\">\n\t\t\t\t<div class=\"elementor-widget-container\">\n\t\t\t\t\t\t\t\t\t<h3>Glassstenger og glassstaver kun for bedrifter<\/h3>\n<p>Vi arbeider prim\u00e6rt med glassstaver i borosilikatglass og av og til kvartsglass. Dette er glasstyper som egner seg for forretningsl\u00f8sninger.<\/p>\n<p><a href=\"https:\/\/miritglas.com\/no\/produkt\/borosilikatglass\/\">Borsilikatglass<\/a>\u00a0er temperaturbestandig. I praksis betyr dette at glasset t\u00e5ler store temperatursvingninger. Det t\u00e5ler ogs\u00e5 sterke kjemikalier og er mer ripebestandig enn vanlig glass. I milj\u00f8er hvor det for eksempel rengj\u00f8res med sterke vaskemidler, er det derfor praktisk \u00e5 bruke borosilikatglass. Dette gjelder ogs\u00e5 andre milj\u00f8er hvor glasset utsettes for kjemikalier, varme\/kulde eller risikerer \u00e5 bli ripet opp for raskt.<\/p>\n<p>Les mer om v\u00e5re glassr\u00e5varer\u00a0<a href=\"https:\/\/miritglas.com\/no\/raavarer\/\">her<\/a>.<\/p>\n\t\t\t\t\t\t\t\t<\/div>\n\t\t\t\t<\/div>\n\t\t\t\t<div class=\"elementor-element elementor-element-565695b1 elementor-widget elementor-widget-button\" data-id=\"565695b1\" data-element_type=\"widget\" data-e-type=\"widget\" data-widget_type=\"button.default\">\n\t\t\t\t<div class=\"elementor-widget-container\">\n\t\t\t\t\t\t\t\t\t<div class=\"elementor-button-wrapper\">\n\t\t\t\t\t<a class=\"elementor-button elementor-button-link elementor-size-md\" href=\"https:\/\/miritglas.com\/no\/kontakt-oss\/\">\n\t\t\t\t\t\t<span class=\"elementor-button-content-wrapper\">\n\t\t\t\t\t\t\t\t\t<span class=\"elementor-button-text\">Kontakt oss i dag<\/span>\n\t\t\t\t\t<\/span>\n\t\t\t\t\t<\/a>\n\t\t\t\t<\/div>\n\t\t\t\t\t\t\t\t<\/div>\n\t\t\t\t<\/div>\n\t\t\t\t<\/div>\n\t\t\t\t\t<\/div>\n\t\t\t\t<\/div>\n\t\t\t\t<\/div>\n\t\t","protected":false},"featured_media":1989,"template":"","class_list":["post-3068","product","type-product","status-publish","has-post-thumbnail","hentry"],"acf":[],"_links":{"self":[{"href":"https:\/\/miritglas.com\/no\/wp-json\/wp\/v2\/product\/3068","targetHints":{"allow":["GET"]}}],"collection":[{"href":"https:\/\/miritglas.com\/no\/wp-json\/wp\/v2\/product"}],"about":[{"href":"https:\/\/miritglas.com\/no\/wp-json\/wp\/v2\/types\/product"}],"version-history":[{"count":2,"href":"https:\/\/miritglas.com\/no\/wp-json\/wp\/v2\/product\/3068\/revisions"}],"predecessor-version":[{"id":3518,"href":"https:\/\/miritglas.com\/no\/wp-json\/wp\/v2\/product\/3068\/revisions\/3518"}],"wp:featuredmedia":[{"embeddable":true,"href":"https:\/\/miritglas.com\/no\/wp-json\/wp\/v2\/media\/1989"}],"wp:attachment":[{"href":"https:\/\/miritglas.com\/no\/wp-json\/wp\/v2\/media?parent=3068"}],"curies":[{"name":"wp","href":"https:\/\/api.w.org\/{rel}","templated":true}]}}