{"id":3064,"date":"2023-08-09T11:29:14","date_gmt":"2023-08-09T09:29:14","guid":{"rendered":"https:\/\/miritglas.com\/produkter\/glassroer\/"},"modified":"2024-03-15T12:50:49","modified_gmt":"2024-03-15T11:50:49","slug":"glassror","status":"publish","type":"product","link":"https:\/\/miritglas.com\/no\/produkter\/glassror\/","title":{"rendered":"Glassr\u00f8r"},"content":{"rendered":"\t\t<div data-elementor-type=\"wp-post\" data-elementor-id=\"3064\" class=\"elementor elementor-3064 elementor-292\" data-elementor-post-type=\"product\">\n\t\t\t\t<div class=\"elementor-element elementor-element-4ea1decf e-flex e-con-boxed e-con e-parent\" data-id=\"4ea1decf\" data-element_type=\"container\" data-e-type=\"container\">\n\t\t\t\t\t<div class=\"e-con-inner\">\n\t\t<div class=\"elementor-element elementor-element-4ec16532 e-con-full e-flex e-con e-parent\" data-id=\"4ec16532\" data-element_type=\"container\" data-e-type=\"container\">\n\t\t\t\t<div class=\"elementor-element elementor-element-3c0f0db5 elementor-widget elementor-widget-text-editor\" data-id=\"3c0f0db5\" data-element_type=\"widget\" data-e-type=\"widget\" data-widget_type=\"text-editor.default\">\n\t\t\t\t<div class=\"elementor-widget-container\">\n\t\t\t\t\t\t\t\t\t<h2>Glassr\u00f8r for alle bransjer<\/h2>\n<p><strong>Mirit Glas behandler glassr\u00f8r til alle form\u00e5l og har et av Nordens st\u00f8rste og mest velassorterte lagre av glassr\u00f8r<\/strong><\/p>\n<p>Mirit Glas er leverand\u00f8r av glassr\u00f8r til alt fra laboratorier og industri til designbedrifter. R\u00f8rene brukes hovedsakelig til industrielle prosesser, blant annet til olje- og vannstandsglass i skip, tanker, kompressorer m.m. Glassr\u00f8rene gj\u00f8r det mulig \u00e5 overv\u00e5ke prosessen og er derfor anvendelige i mange ulike produksjonsformer.<\/p>\n<p>I design brukes glassr\u00f8r blant annet til belysning \u2013 b\u00e5de til elektronisk belysning og til stearinlys.<\/p>\n<p>Siden vi kun leverer til bedrifter er det hovedsakelig glassr\u00f8r av\u00a0<a href=\"https:\/\/miritglas.com\/no\/produkt\/borosilikatglass\/\">borosilikatglass<\/a>\u00a0og og\u00a0<a href=\"https:\/\/miritglas.com\/no\/produkt\/kvartsglass\/\">kvartsglass<\/a>\u00a0leverer vi, da de er sterkere og har egenskaper som blant annet egner seg til mange industrielle form\u00e5l.<\/p>\n<p>Vi selger ogs\u00e5\u00a0<a href=\"https:\/\/miritglas.com\/no\/produkter\/glassstenger\/\">glassstenger.<\/a><\/p>\n<p>Kontakt oss i dag for \u00e5 finne ut mer om glassr\u00f8r og glassstaver samt glassets potensielle bruksomr\u00e5der.<\/p>\n\t\t\t\t\t\t\t\t<\/div>\n\t\t\t\t<\/div>\n\t\t\t\t<div class=\"elementor-element elementor-element-45ce13c9 elementor-widget elementor-widget-button\" data-id=\"45ce13c9\" data-element_type=\"widget\" data-e-type=\"widget\" data-widget_type=\"button.default\">\n\t\t\t\t<div class=\"elementor-widget-container\">\n\t\t\t\t\t\t\t\t\t<div class=\"elementor-button-wrapper\">\n\t\t\t\t\t<a class=\"elementor-button elementor-button-link elementor-size-md\" href=\"https:\/\/miritglas.com\/no\/kontakt-oss\/\">\n\t\t\t\t\t\t<span class=\"elementor-button-content-wrapper\">\n\t\t\t\t\t\t\t\t\t<span class=\"elementor-button-text\">Kontakt oss i dag<\/span>\n\t\t\t\t\t<\/span>\n\t\t\t\t\t<\/a>\n\t\t\t\t<\/div>\n\t\t\t\t\t\t\t\t<\/div>\n\t\t\t\t<\/div>\n\t\t\t\t<\/div>\n\t\t<div class=\"elementor-element elementor-element-7e9ab308 e-con-full e-flex e-con e-parent\" data-id=\"7e9ab308\" data-element_type=\"container\" data-e-type=\"container\">\n\t\t\t\t<div class=\"elementor-element elementor-element-4cddb394 elementor-absolute elementor-widget elementor-widget-image\" data-id=\"4cddb394\" data-element_type=\"widget\" data-e-type=\"widget\" data-settings=\"{&quot;_position&quot;:&quot;absolute&quot;}\" data-widget_type=\"image.default\">\n\t\t\t\t<div class=\"elementor-widget-container\">\n\t\t\t\t\t\t\t\t\t\t\t\t\t\t\t<img fetchpriority=\"high\" decoding=\"async\" width=\"230\" height=\"230\" src=\"https:\/\/miritglas.com\/wp-content\/uploads\/2023\/08\/logo-icon.png\" class=\"attachment-medium size-medium wp-image-168\" alt=\"Mirit glas logo.\" srcset=\"https:\/\/miritglas.com\/wp-content\/uploads\/2023\/08\/logo-icon.png 230w, https:\/\/miritglas.com\/wp-content\/uploads\/2023\/08\/logo-icon-150x150.png 150w\" sizes=\"(max-width: 230px) 100vw, 230px\" title=\"\">\t\t\t\t\t\t\t\t\t\t\t\t\t\t\t<\/div>\n\t\t\t\t<\/div>\n\t\t\t\t<div class=\"elementor-element elementor-element-660b31ea elementor-widget elementor-widget-image\" data-id=\"660b31ea\" data-element_type=\"widget\" data-e-type=\"widget\" data-widget_type=\"image.default\">\n\t\t\t\t<div class=\"elementor-widget-container\">\n\t\t\t\t\t\t\t\t\t\t\t\t\t\t\t<img decoding=\"async\" width=\"800\" height=\"450\" src=\"https:\/\/miritglas.com\/wp-content\/uploads\/2023\/08\/glasror-1024x576.jpg\" class=\"attachment-large size-large wp-image-1981\" alt=\"Supplier of Glass tubes in all shapes and sizes - Mirit Glas\" srcset=\"https:\/\/miritglas.com\/wp-content\/uploads\/2023\/08\/glasror-1024x576.jpg 1024w, https:\/\/miritglas.com\/wp-content\/uploads\/2023\/08\/glasror-300x169.jpg 300w, https:\/\/miritglas.com\/wp-content\/uploads\/2023\/08\/glasror-768x432.jpg 768w, https:\/\/miritglas.com\/wp-content\/uploads\/2023\/08\/glasror-1536x864.jpg 1536w, https:\/\/miritglas.com\/wp-content\/uploads\/2023\/08\/glasror-2048x1152.jpg 2048w\" sizes=\"(max-width: 800px) 100vw, 800px\" title=\"\">\t\t\t\t\t\t\t\t\t\t\t\t\t\t\t<\/div>\n\t\t\t\t<\/div>\n\t\t<div class=\"elementor-element elementor-element-42c9b915 e-flex e-con-boxed e-con e-parent\" data-id=\"42c9b915\" data-element_type=\"container\" data-e-type=\"container\" data-settings=\"{&quot;background_background&quot;:&quot;classic&quot;}\">\n\t\t\t\t\t<div class=\"e-con-inner\">\n\t\t\t\t<div class=\"elementor-element elementor-element-6e570ede elementor-widget elementor-widget-text-editor\" data-id=\"6e570ede\" data-element_type=\"widget\" data-e-type=\"widget\" data-widget_type=\"text-editor.default\">\n\t\t\t\t<div class=\"elementor-widget-container\">\n\t\t\t\t\t\t\t\t\t<h4>KORT SAGT OM GLASSR\u00d8RENE V\u00c5RE<\/h4>\n<ul>\n<li class=\"p1\">Kan brukes til industrielle prosesser<\/li>\n<li class=\"p1\">Kan brukes til elektronisk belysning og til stearinlys<\/li>\n<li class=\"p1\">Kan varmebehandles hvis en spesiell form \u00f8nskes<\/li>\n<li class=\"p1\">Leveres etter individuelle behov, f.eks. med borede hull, utskj\u00e6ringer og spesiell kantbehandling<\/li>\n<li class=\"p1\">Rask levering av glassr\u00f8r fra \u00f83 mm \u2013 \u00f8400 mm<\/li>\n<\/ul>\n\t\t\t\t\t\t\t\t<\/div>\n\t\t\t\t<\/div>\n\t\t\t\t\t<\/div>\n\t\t\t\t<\/div>\n\t\t\t\t<\/div>\n\t\t\t\t\t<\/div>\n\t\t\t\t<\/div>\n\t\t<div class=\"elementor-element elementor-element-7c7c0bd8 e-flex e-con-boxed e-con e-parent\" data-id=\"7c7c0bd8\" data-element_type=\"container\" data-e-type=\"container\" data-settings=\"{&quot;background_background&quot;:&quot;classic&quot;}\">\n\t\t\t\t\t<div class=\"e-con-inner\">\n\t\t<div class=\"elementor-element elementor-element-44ad2b22 e-con-full e-flex e-con e-parent\" data-id=\"44ad2b22\" data-element_type=\"container\" data-e-type=\"container\">\n\t\t\t\t<div class=\"elementor-element elementor-element-cd65b65 elementor-widget elementor-widget-text-editor\" data-id=\"cd65b65\" data-element_type=\"widget\" data-e-type=\"widget\" data-widget_type=\"text-editor.default\">\n\t\t\t\t<div class=\"elementor-widget-container\">\n\t\t\t\t\t\t\t\t\t<h3>De tekniske egenskapene og funksjonene til glassr\u00f8rene<\/h3>\n<p>P\u00e5 lager har vi som standard et bredt utvalg av st\u00f8rrelser og tykkelser i\u00a0<a href=\"https:\/\/miritglas.com\/no\/produkt\/borosilikatglass\/\">borosilikatglass\u00a0<\/a>(ogs\u00e5 kjent som Pyrex, Tempax, Simax og Duran), som gj\u00f8r at vi kan levere raskt uten \u00e5 g\u00e5 p\u00e5 kompromiss med kvaliteten. Borosilikatglass t\u00e5ler h\u00f8y varme.<\/p>\n<p>Vi lagerf\u00f8rer glassr\u00f8r fra \u00f83 mm \u2013 \u00f8400 mm. Glassr\u00f8r og glassstaver av borosilikatglass har mange ulike bruksomr\u00e5der, da glasset er motstandsdyktig mot kjemikalier og temperaturforskjeller.<\/p>\n<p>Borosilikatglassr\u00f8r er et sterkt produkt som har v\u00e6rt industristandard i mange forskjellige bransjer. Hos Mirit Glas har vi lang erfaring med \u00e5 produsere og levere glassr\u00f8r i borosilikatglass i mange ulike design. V\u00e5re tekniske konsulenter hjelper deg derfor gjerne med \u00e5 finne akkurat det glassr\u00f8ret som passer best for dine n\u00e5v\u00e6rende behov. Vi h\u00e5per derfor at du vil kontakte oss dersom du har sp\u00f8rsm\u00e5l om glassr\u00f8r av noe slag \u2013 for med v\u00e5r ekspertise p\u00e5 teknisk glass er vi blant de beste p\u00e5 \u00e5 finne den rette l\u00f8sningen for deg.<\/p>\n<p>Glassr\u00f8r og glassstenger er ogs\u00e5 tilgjengelig i\u00a0<a href=\"https:\/\/miritglas.com\/no\/produkt\/kvartsglass\/\">quartz-<\/a>\u00a0og\u00a0<a href=\"https:\/\/miritglas.com\/no\/produkt\/floatglass\/\">soda lime glass<\/a>\u00a0(vanlig glass). Vi kan ogs\u00e5 tilby visse r\u00f8r i rektangul\u00e6re former. Kvartsglassr\u00f8r er et av de mest verdifulle verkt\u00f8yene i moderne vitenskap og industri. Grunnen til dette er at glassr\u00f8rene eller stavene av kvartsglass har noen helt uovertruffen egenskaper.Dette gjelder blant annet overf\u00f8ring av lys, kjemisk renhet og varmebestandighet. Derfor brukes kvartsglassr\u00f8r oftest i milj\u00f8er hvor det arbeides under h\u00f8ye temperaturer eller i bedrifter som jobber med avansert teknologi, hvor kjemisk renhet er essensielt, eller n\u00e5r UV-lys m\u00e5 overf\u00f8res. Til den type form\u00e5l \u2013 og mange flere \u2013 har vi muligheten til \u00e5 produsere glassr\u00f8r, stenger og andre krevende glassprodukter i kvartsglass i de m\u00e5l og mengder du trenger.<\/p>\n\t\t\t\t\t\t\t\t<\/div>\n\t\t\t\t<\/div>\n\t\t\t\t<\/div>\n\t\t<div class=\"elementor-element elementor-element-20cddd40 e-con-full e-flex e-con e-parent\" data-id=\"20cddd40\" data-element_type=\"container\" data-e-type=\"container\">\n\t\t\t\t<div class=\"elementor-element elementor-element-2b04a2a2 elementor-widget elementor-widget-image\" data-id=\"2b04a2a2\" data-element_type=\"widget\" data-e-type=\"widget\" data-widget_type=\"image.default\">\n\t\t\t\t<div class=\"elementor-widget-container\">\n\t\t\t\t\t\t\t\t\t\t\t\t\t\t\t<img decoding=\"async\" width=\"800\" height=\"572\" src=\"https:\/\/miritglas.com\/wp-content\/uploads\/2023\/08\/glasror_og_stanger-1024x732.webp\" class=\"attachment-large size-large wp-image-323\" alt=\"Glass tubes in all shapes and sizes\" srcset=\"https:\/\/miritglas.com\/wp-content\/uploads\/2023\/08\/glasror_og_stanger-1024x732.webp 1024w, https:\/\/miritglas.com\/wp-content\/uploads\/2023\/08\/glasror_og_stanger-300x214.webp 300w, https:\/\/miritglas.com\/wp-content\/uploads\/2023\/08\/glasror_og_stanger-768x549.webp 768w, https:\/\/miritglas.com\/wp-content\/uploads\/2023\/08\/glasror_og_stanger-1536x1098.webp 1536w, https:\/\/miritglas.com\/wp-content\/uploads\/2023\/08\/glasror_og_stanger-2048x1464.webp 2048w\" sizes=\"(max-width: 800px) 100vw, 800px\" title=\"\">\t\t\t\t\t\t\t\t\t\t\t\t\t\t\t<\/div>\n\t\t\t\t<\/div>\n\t\t\t\t<div class=\"elementor-element elementor-element-1b080261 elementor-widget elementor-widget-text-editor\" data-id=\"1b080261\" data-element_type=\"widget\" data-e-type=\"widget\" data-widget_type=\"text-editor.default\">\n\t\t\t\t<div class=\"elementor-widget-container\">\n\t\t\t\t\t\t\t\t\t<h3>Spesiell tilpasning av glassr\u00f8r<\/h3>\n<p>Vi leverer glassr\u00f8r og glassstaver etter individuelle behov, f.eks. med borede hull, utskj\u00e6ringer og spesiell kantbehandling. R\u00f8r og stenger kan varmebearbeides dersom en spesiell form \u00f8nskes.<\/p>\n<p>Mirit Glas leverer i hele Skandinavia og n\u00e5r det haster tilbyr vi ogs\u00e5 levering samme dag. \u00d8nsker du \u00e5 h\u00f8re mer om hvordan v\u00e5re glassr\u00f8r og glassstaver kan v\u00e6re den rette l\u00f8sningen for deg, ta gjerne kontakt med oss. Da finner vi den rette l\u00f8sningen for dine behov.<\/p>\n\t\t\t\t\t\t\t\t<\/div>\n\t\t\t\t<\/div>\n\t\t\t\t<div class=\"elementor-element elementor-element-a75c32b elementor-widget elementor-widget-button\" data-id=\"a75c32b\" data-element_type=\"widget\" data-e-type=\"widget\" data-widget_type=\"button.default\">\n\t\t\t\t<div class=\"elementor-widget-container\">\n\t\t\t\t\t\t\t\t\t<div class=\"elementor-button-wrapper\">\n\t\t\t\t\t<a class=\"elementor-button elementor-button-link elementor-size-md\" href=\"https:\/\/miritglas.com\/no\/kontakt-oss\/\">\n\t\t\t\t\t\t<span class=\"elementor-button-content-wrapper\">\n\t\t\t\t\t\t\t\t\t<span class=\"elementor-button-text\">Kontakt oss i dag<\/span>\n\t\t\t\t\t<\/span>\n\t\t\t\t\t<\/a>\n\t\t\t\t<\/div>\n\t\t\t\t\t\t\t\t<\/div>\n\t\t\t\t<\/div>\n\t\t\t\t<\/div>\n\t\t\t\t\t<\/div>\n\t\t\t\t<\/div>\n\t\t\t\t<\/div>\n\t\t","protected":false},"featured_media":323,"template":"","class_list":["post-3064","product","type-product","status-publish","has-post-thumbnail","hentry"],"acf":[],"_links":{"self":[{"href":"https:\/\/miritglas.com\/no\/wp-json\/wp\/v2\/product\/3064","targetHints":{"allow":["GET"]}}],"collection":[{"href":"https:\/\/miritglas.com\/no\/wp-json\/wp\/v2\/product"}],"about":[{"href":"https:\/\/miritglas.com\/no\/wp-json\/wp\/v2\/types\/product"}],"version-history":[{"count":4,"href":"https:\/\/miritglas.com\/no\/wp-json\/wp\/v2\/product\/3064\/revisions"}],"predecessor-version":[{"id":4573,"href":"https:\/\/miritglas.com\/no\/wp-json\/wp\/v2\/product\/3064\/revisions\/4573"}],"wp:featuredmedia":[{"embeddable":true,"href":"https:\/\/miritglas.com\/no\/wp-json\/wp\/v2\/media\/323"}],"wp:attachment":[{"href":"https:\/\/miritglas.com\/no\/wp-json\/wp\/v2\/media?parent=3064"}],"curies":[{"name":"wp","href":"https:\/\/api.w.org\/{rel}","templated":true}]}}