{"id":3056,"date":"2023-08-09T11:28:58","date_gmt":"2023-08-09T09:28:58","guid":{"rendered":"https:\/\/miritglas.com\/produkter\/matkontaktmaterialer\/"},"modified":"2025-10-27T10:28:04","modified_gmt":"2025-10-27T09:28:04","slug":"godkjennelse-som-matkontaktmaterialer","status":"publish","type":"product","link":"https:\/\/miritglas.com\/no\/produkter\/godkjennelse-som-matkontaktmaterialer\/","title":{"rendered":"Matkontaktmaterialer"},"content":{"rendered":"\t\t<div data-elementor-type=\"wp-post\" data-elementor-id=\"3056\" class=\"elementor elementor-3056 elementor-290\" data-elementor-post-type=\"product\">\n\t\t\t\t<div class=\"elementor-element elementor-element-7ea365f e-flex e-con-boxed e-con e-parent\" data-id=\"7ea365f\" data-element_type=\"container\" data-e-type=\"container\">\n\t\t\t\t\t<div class=\"e-con-inner\">\n\t\t<div class=\"elementor-element elementor-element-7921fd70 e-con-full e-flex e-con e-child\" data-id=\"7921fd70\" data-element_type=\"container\" data-e-type=\"container\">\n\t\t\t\t<div class=\"elementor-element elementor-element-5cf6de0d elementor-widget elementor-widget-text-editor\" data-id=\"5cf6de0d\" data-element_type=\"widget\" data-e-type=\"widget\" data-widget_type=\"text-editor.default\">\n\t\t\t\t<div class=\"elementor-widget-container\">\n\t\t\t\t\t\t\t\t\t<h2 class=\"p1\"><span class=\"s1\">FKM-godkjent glass \u2013 n\u00e5r glass kommer i kontakt med n\u00e6ringsmidler<\/span><\/h2>\n<p class=\"p1\">Mirit Glas A\/S har oppn\u00e5dd godkjennelse fra den danske F\u00f8devarestyrelsen (tilsvarende Mattilsynet i Norge) slik at bedriften n\u00e5 kan levere glass som er n\u00e6ringsmiddelgodkjent. Godkjennelsen er i kategorien FKM, som overholder danske og europeiske lovkrav.<\/p>\n<p class=\"p1\">V\u00e5re glasseksperter st\u00e5r klare til hjelpe deg med \u00e5 velge riktig materiale. Kontakt oss for mer informasjon om mulighetene med FKM-glass.<\/p>\n\t\t\t\t\t\t\t\t<\/div>\n\t\t\t\t<\/div>\n\t\t\t\t<div class=\"elementor-element elementor-element-255de021 elementor-widget elementor-widget-button\" data-id=\"255de021\" data-element_type=\"widget\" data-e-type=\"widget\" data-widget_type=\"button.default\">\n\t\t\t\t<div class=\"elementor-widget-container\">\n\t\t\t\t\t\t\t\t\t<div class=\"elementor-button-wrapper\">\n\t\t\t\t\t<a class=\"elementor-button elementor-button-link elementor-size-md\" href=\"https:\/\/miritglas.com\/no\/kontakt-oss\/\">\n\t\t\t\t\t\t<span class=\"elementor-button-content-wrapper\">\n\t\t\t\t\t\t\t\t\t<span class=\"elementor-button-text\">Kontakt oss i dag<\/span>\n\t\t\t\t\t<\/span>\n\t\t\t\t\t<\/a>\n\t\t\t\t<\/div>\n\t\t\t\t\t\t\t\t<\/div>\n\t\t\t\t<\/div>\n\t\t\t\t<\/div>\n\t\t<div class=\"elementor-element elementor-element-6db61a78 e-con-full e-flex e-con e-child\" data-id=\"6db61a78\" data-element_type=\"container\" data-e-type=\"container\">\n\t\t\t\t<div class=\"elementor-element elementor-element-19e9223f elementor-absolute elementor-widget elementor-widget-image\" data-id=\"19e9223f\" data-element_type=\"widget\" data-e-type=\"widget\" data-settings=\"{&quot;_position&quot;:&quot;absolute&quot;}\" data-widget_type=\"image.default\">\n\t\t\t\t<div class=\"elementor-widget-container\">\n\t\t\t\t\t\t\t\t\t\t\t\t\t\t\t<img fetchpriority=\"high\" decoding=\"async\" width=\"230\" height=\"230\" src=\"https:\/\/miritglas.com\/wp-content\/uploads\/2023\/08\/logo-icon.png\" class=\"attachment-medium size-medium wp-image-168\" alt=\"Mirit glas logo.\" srcset=\"https:\/\/miritglas.com\/wp-content\/uploads\/2023\/08\/logo-icon.png 230w, https:\/\/miritglas.com\/wp-content\/uploads\/2023\/08\/logo-icon-150x150.png 150w\" sizes=\"(max-width: 230px) 100vw, 230px\" title=\"\">\t\t\t\t\t\t\t\t\t\t\t\t\t\t\t<\/div>\n\t\t\t\t<\/div>\n\t\t\t\t<div class=\"elementor-element elementor-element-65a0add7 elementor-widget elementor-widget-image\" data-id=\"65a0add7\" data-element_type=\"widget\" data-e-type=\"widget\" data-widget_type=\"image.default\">\n\t\t\t\t<div class=\"elementor-widget-container\">\n\t\t\t\t\t\t\t\t\t\t\t\t\t\t\t<img decoding=\"async\" width=\"262\" height=\"300\" src=\"https:\/\/miritglas.com\/wp-content\/uploads\/2023\/08\/EU_food_contact_material_symbol_text-262x300.png\" class=\"attachment-medium size-medium wp-image-1957\" alt=\"EU_food_contact_material_symbol_text - f\u00f8devarekontaktmateriale\" srcset=\"https:\/\/miritglas.com\/wp-content\/uploads\/2023\/08\/EU_food_contact_material_symbol_text-262x300.png 262w, https:\/\/miritglas.com\/wp-content\/uploads\/2023\/08\/EU_food_contact_material_symbol_text-894x1024.png 894w, https:\/\/miritglas.com\/wp-content\/uploads\/2023\/08\/EU_food_contact_material_symbol_text-768x879.png 768w, https:\/\/miritglas.com\/wp-content\/uploads\/2023\/08\/EU_food_contact_material_symbol_text-1342x1536.png 1342w, https:\/\/miritglas.com\/wp-content\/uploads\/2023\/08\/EU_food_contact_material_symbol_text-1789x2048.png 1789w, https:\/\/miritglas.com\/wp-content\/uploads\/2023\/08\/EU_food_contact_material_symbol_text.png 2028w\" sizes=\"(max-width: 262px) 100vw, 262px\" title=\"\">\t\t\t\t\t\t\t\t\t\t\t\t\t\t\t<\/div>\n\t\t\t\t<\/div>\n\t\t\t\t<div class=\"elementor-element elementor-element-fa0c502 elementor-widget elementor-widget-image\" data-id=\"fa0c502\" data-element_type=\"widget\" data-e-type=\"widget\" data-widget_type=\"image.default\">\n\t\t\t\t<div class=\"elementor-widget-container\">\n\t\t\t\t\t\t\t\t\t\t\t\t\t\t\t<img decoding=\"async\" src=\"https:\/\/miritglas.com\/wp-content\/uploads\/2023\/08\/smiley.svg\" class=\"attachment-full size-full wp-image-1961\" alt=\"smiley - elite - logo til f\u00f8devarekontaktmateriale\" title=\"\">\t\t\t\t\t\t\t\t\t\t\t\t\t\t\t<\/div>\n\t\t\t\t<\/div>\n\t\t\t\t<\/div>\n\t\t\t\t\t<\/div>\n\t\t\t\t<\/div>\n\t\t<div class=\"elementor-element elementor-element-23c072cf e-flex e-con-boxed e-con e-parent\" data-id=\"23c072cf\" data-element_type=\"container\" data-e-type=\"container\" data-settings=\"{&quot;background_background&quot;:&quot;classic&quot;}\">\n\t\t\t\t\t<div class=\"e-con-inner\">\n\t\t<div class=\"elementor-element elementor-element-d5088e4 e-con-full e-flex e-con e-child\" data-id=\"d5088e4\" data-element_type=\"container\" data-e-type=\"container\">\n\t\t\t\t<div class=\"elementor-element elementor-element-1547ab65 elementor-widget elementor-widget-text-editor\" data-id=\"1547ab65\" data-element_type=\"widget\" data-e-type=\"widget\" data-widget_type=\"text-editor.default\">\n\t\t\t\t<div class=\"elementor-widget-container\">\n\t\t\t\t\t\t\t\t\t<h3>N\u00e6ringsmiddelgodkjent<\/h3>\n<p><a href=\"https:\/\/miritglas.com\/no\/produkter\/seglass\/\">Seglass<\/a><span class=\"s2\">\u00a0som matkontaktmateriale var det prim\u00e6re behovet, men n\u00e5 har det ogs\u00e5 \u00e5pnet seg mulighet for \u00e5 levere andre glassgjenstander som under bruk kommer i direkte eller indirekte kontakt med n\u00e6ringsmidler.<\/span><\/p>\n<p class=\"p1\"><span class=\"s1\">Vi kan tilby gjenstander av\u00a0<a href=\"https:\/\/miritglas.com\/no\/produkt\/floatglass\/\"><span class=\"s2\">natrium-kalk-glass<\/span><\/a>\u00a0(vanligvis benevnt\u00a0<a href=\"https:\/\/miritglas.com\/no\/produkt\/floatglass\/\"><span class=\"s2\">floatglass<\/span><\/a>\u00a0eller kalknatronglass) og av\u00a0<a href=\"https:\/\/miritglas.com\/no\/produkt\/borosilikatglass\/\"><span class=\"s2\">borosilikatglass<\/span><\/a>.<\/span><\/p>\n<p class=\"p1\"><span class=\"s1\">V\u00e5re\u00a0<a href=\"https:\/\/miritglas.com\/no\/produkt\/seglass\/\"><span class=\"s2\">seglass<\/span><\/a>\u00a0produsert av vanlig glass stemples iht. DIN 8902 eller DIN 8903, og\u00a0<a href=\"https:\/\/miritglas.com\/no\/produkt\/seglass\/\"><span class=\"s2\">seglass<\/span><\/a>\u00a0i borosilikatglass stemples iht. DIN 7081 eller iht. DIN 7080.\u00a0<\/span><span class=\"s1\">Disse\u00a0<a href=\"https:\/\/miritglas.com\/no\/produkt\/seglass\/\"><span class=\"s2\">seglassene<\/span><\/a>\u00a0brukes i industrien,\u00a0<\/span><span lang=\"no\">noe som er\u00a0<span class=\"s1\">den prim\u00e6re\u00a0<\/span><span class=\"s1\">\u00e5rsaken til at vi s\u00f8kte om FKM-godkjennelse<\/span><\/span><\/p>\n<p class=\"p1\"><strong>Declaration Of Compliance \u2013 Food Contact Material<\/strong><\/p>\n<p class=\"p1\"><span class=\"s1\">Ved levering av matkontaktmaterialer vil ordren inneholde et sertifikat med tittelen \u00abDeclaration Of Compliance \u2013 Food Contact Material\u00bb. Dette sertifikatet inneholder ID-opplysninger til kunden om det brukte r\u00e5glasset, slik at full sporbarhet sikres, noe som er n\u00f8dvendig ved matkontaktmaterialer.<\/span><\/p>\n<p class=\"p1\"><span class=\"s1\">For \u00e5 sikre denne sporbarheten m\u00e5 kundene notere seg hvor produktene fra Mirit Glas A\/S er brukt, slik at r\u00e5vare-ID-numre kan opplyses i forbindelse med eventuelle reklamasjoner. Det er med andre ord viktig \u00e5 ta godt vare p\u00e5 de utstedte sertifikatene.<\/span><\/p>\n<p class=\"p1\">F\u00f8lgende er en kopi av en kontrollrapport fra den danske F\u00f8devarestyrelsen \u2013 nyeste kontrollrapport kan lastes ned her:\u00a0<a href=\"https:\/\/www.findsmiley.dk\/Sider\/Search.aspx?k=mirit%20glas\" target=\"_blank\" rel=\"noopener\"><span class=\"s2\">Lenke til findsmiley<\/span><\/a><\/p>\n\t\t\t\t\t\t\t\t<\/div>\n\t\t\t\t<\/div>\n\t\t\t\t<\/div>\n\t\t<div class=\"elementor-element elementor-element-6e300a4c e-con-full e-flex e-con e-child\" data-id=\"6e300a4c\" data-element_type=\"container\" data-e-type=\"container\">\n\t\t\t\t<div class=\"elementor-element elementor-element-5c3cab6e elementor-widget elementor-widget-image\" data-id=\"5c3cab6e\" data-element_type=\"widget\" data-e-type=\"widget\" data-widget_type=\"image.default\">\n\t\t\t\t<div class=\"elementor-widget-container\">\n\t\t\t\t\t\t\t\t\t\t\t\t\t\t\t<img decoding=\"async\" width=\"726\" height=\"1024\" src=\"https:\/\/miritglas.com\/wp-content\/uploads\/2023\/08\/smiley-2025-726x1024.jpg\" class=\"attachment-large size-large wp-image-6154\" alt=\"\" srcset=\"https:\/\/miritglas.com\/wp-content\/uploads\/2023\/08\/smiley-2025-726x1024.jpg 726w, https:\/\/miritglas.com\/wp-content\/uploads\/2023\/08\/smiley-2025-213x300.jpg 213w, https:\/\/miritglas.com\/wp-content\/uploads\/2023\/08\/smiley-2025-768x1084.jpg 768w, https:\/\/miritglas.com\/wp-content\/uploads\/2023\/08\/smiley-2025.jpg 1016w\" sizes=\"(max-width: 726px) 100vw, 726px\" title=\"\">\t\t\t\t\t\t\t\t\t\t\t\t\t\t\t<\/div>\n\t\t\t\t<\/div>\n\t\t\t\t<\/div>\n\t\t\t\t\t<\/div>\n\t\t\t\t<\/div>\n\t\t\t\t<\/div>\n\t\t","protected":false},"featured_media":1957,"template":"","class_list":["post-3056","product","type-product","status-publish","has-post-thumbnail","hentry"],"acf":[],"_links":{"self":[{"href":"https:\/\/miritglas.com\/no\/wp-json\/wp\/v2\/product\/3056","targetHints":{"allow":["GET"]}}],"collection":[{"href":"https:\/\/miritglas.com\/no\/wp-json\/wp\/v2\/product"}],"about":[{"href":"https:\/\/miritglas.com\/no\/wp-json\/wp\/v2\/types\/product"}],"version-history":[{"count":6,"href":"https:\/\/miritglas.com\/no\/wp-json\/wp\/v2\/product\/3056\/revisions"}],"predecessor-version":[{"id":6164,"href":"https:\/\/miritglas.com\/no\/wp-json\/wp\/v2\/product\/3056\/revisions\/6164"}],"wp:featuredmedia":[{"embeddable":true,"href":"https:\/\/miritglas.com\/no\/wp-json\/wp\/v2\/media\/1957"}],"wp:attachment":[{"href":"https:\/\/miritglas.com\/no\/wp-json\/wp\/v2\/media?parent=3056"}],"curies":[{"name":"wp","href":"https:\/\/api.w.org\/{rel}","templated":true}]}}