{"id":3052,"date":"2023-08-09T11:28:51","date_gmt":"2023-08-09T09:28:51","guid":{"rendered":"https:\/\/miritglas.com\/produkter\/floatglass\/"},"modified":"2024-07-05T11:52:06","modified_gmt":"2024-07-05T09:52:06","slug":"floatglass","status":"publish","type":"product","link":"https:\/\/miritglas.com\/no\/produkter\/floatglass\/","title":{"rendered":"Floatglass"},"content":{"rendered":"\t\t<div data-elementor-type=\"wp-post\" data-elementor-id=\"3052\" class=\"elementor elementor-3052 elementor-289\" data-elementor-post-type=\"product\">\n\t\t\t\t<div class=\"elementor-element elementor-element-200210a0 e-flex e-con-boxed e-con e-parent\" data-id=\"200210a0\" data-element_type=\"container\" data-e-type=\"container\">\n\t\t\t\t\t<div class=\"e-con-inner\">\n\t\t<div class=\"elementor-element elementor-element-1e2e2db6 e-con-full e-flex e-con e-child\" data-id=\"1e2e2db6\" data-element_type=\"container\" data-e-type=\"container\">\n\t\t\t\t<div class=\"elementor-element elementor-element-3a774e elementor-widget elementor-widget-text-editor\" data-id=\"3a774e\" data-element_type=\"widget\" data-e-type=\"widget\" data-widget_type=\"text-editor.default\">\n\t\t\t\t<div class=\"elementor-widget-container\">\n\t\t\t\t\t\t\t\t\t<h2>Floatglass \u2013 Materialet som brukes overalt<\/h2>\n<p>Mirit Glas leverer floatglass til industrien. Floatglass brukes overalt. Fra d\u00f8rer og vinduer, til belysnings- og avskjermingsglass.<\/p>\n<p>Navnet floatglass refererer til fremstillingsprosessen. Prosessen ble oppfunnet p\u00e5 1950-tallet, da man gikk fra \u00e5 \u201drulle\u201d glasset, til \u00e5 smelte det flytende glasset p\u00e5 et underlag av tinn. Ved \u00e5 la glasset flyte ut p\u00e5 tinnet, hvor det spres og planes via tyngdekraften, kan man skape en finere og jevnere overflate og tykkelse p\u00e5 glasset.<\/p>\n<p>Vi lagerf\u00f8rer 1, 2, 3, 4, 5, 6, 8, 10, 12, 15, 19 og 25 mm floatglass.<\/p>\n<p class=\"p1\">V\u00e5re glasseksperter st\u00e5r klare til hjelpe deg med \u00e5 velge riktig materiale. Kontakt oss for mer informasjon om mulighetene.<\/p>\n\t\t\t\t\t\t\t\t<\/div>\n\t\t\t\t<\/div>\n\t\t\t\t<div class=\"elementor-element elementor-element-18d6c51 elementor-widget elementor-widget-button\" data-id=\"18d6c51\" data-element_type=\"widget\" data-e-type=\"widget\" data-widget_type=\"button.default\">\n\t\t\t\t<div class=\"elementor-widget-container\">\n\t\t\t\t\t\t\t\t\t<div class=\"elementor-button-wrapper\">\n\t\t\t\t\t<a class=\"elementor-button elementor-button-link elementor-size-md\" href=\"https:\/\/miritglas.com\/no\/kontakt-oss\/\">\n\t\t\t\t\t\t<span class=\"elementor-button-content-wrapper\">\n\t\t\t\t\t\t\t\t\t<span class=\"elementor-button-text\">Kontakt oss i dag<\/span>\n\t\t\t\t\t<\/span>\n\t\t\t\t\t<\/a>\n\t\t\t\t<\/div>\n\t\t\t\t\t\t\t\t<\/div>\n\t\t\t\t<\/div>\n\t\t\t\t<\/div>\n\t\t<div class=\"elementor-element elementor-element-6aa3e1e8 e-con-full e-flex e-con e-child\" data-id=\"6aa3e1e8\" data-element_type=\"container\" data-e-type=\"container\">\n\t\t\t\t<div class=\"elementor-element elementor-element-824490 elementor-absolute elementor-widget elementor-widget-image\" data-id=\"824490\" data-element_type=\"widget\" data-e-type=\"widget\" data-settings=\"{&quot;_position&quot;:&quot;absolute&quot;}\" data-widget_type=\"image.default\">\n\t\t\t\t<div class=\"elementor-widget-container\">\n\t\t\t\t\t\t\t\t\t\t\t\t\t\t\t<img fetchpriority=\"high\" decoding=\"async\" width=\"230\" height=\"230\" src=\"https:\/\/miritglas.com\/wp-content\/uploads\/2023\/08\/logo-icon.png\" class=\"attachment-medium size-medium wp-image-168\" alt=\"Mirit glas logo.\" srcset=\"https:\/\/miritglas.com\/wp-content\/uploads\/2023\/08\/logo-icon.png 230w, https:\/\/miritglas.com\/wp-content\/uploads\/2023\/08\/logo-icon-150x150.png 150w\" sizes=\"(max-width: 230px) 100vw, 230px\" title=\"\">\t\t\t\t\t\t\t\t\t\t\t\t\t\t\t<\/div>\n\t\t\t\t<\/div>\n\t\t\t\t<div class=\"elementor-element elementor-element-4a3f3a13 elementor-widget elementor-widget-video\" data-id=\"4a3f3a13\" data-element_type=\"widget\" data-e-type=\"widget\" data-settings=\"{&quot;youtube_url&quot;:&quot;https:\\\/\\\/www.youtube.com\\\/watch?v=ML5daXPhmPQ&quot;,&quot;show_image_overlay&quot;:&quot;yes&quot;,&quot;image_overlay&quot;:{&quot;url&quot;:&quot;https:\\\/\\\/miritglas.com\\\/wp-content\\\/uploads\\\/2023\\\/08\\\/ML5daXPhmPQ.jpeg&quot;,&quot;id&quot;:1833,&quot;size&quot;:&quot;&quot;,&quot;alt&quot;:&quot;&quot;,&quot;source&quot;:&quot;library&quot;},&quot;video_type&quot;:&quot;youtube&quot;,&quot;controls&quot;:&quot;yes&quot;}\" data-widget_type=\"video.default\">\n\t\t\t\t<div class=\"elementor-widget-container\">\n\t\t\t\t\t\t\t<div class=\"elementor-wrapper elementor-open-inline\">\n\t\t\t<div class=\"elementor-video\"><\/div>\t\t\t\t<div class=\"elementor-custom-embed-image-overlay\" style=\"background-image: url(https:\/\/miritglas.com\/wp-content\/uploads\/2023\/08\/ML5daXPhmPQ.jpeg);\">\n\t\t\t\t\t\t\t\t\t\t\t\t\t\t\t\t<div class=\"elementor-custom-embed-play\" role=\"button\" aria-label=\"Start video\" tabindex=\"0\">\n\t\t\t\t\t\t\t<svg aria-hidden=\"true\" class=\"e-font-icon-svg e-eicon-play\" viewBox=\"0 0 1000 1000\" xmlns=\"http:\/\/www.w3.org\/2000\/svg\"><path d=\"M838 162C746 71 633 25 500 25 371 25 258 71 163 162 71 254 25 367 25 500 25 633 71 746 163 837 254 929 367 979 500 979 633 979 746 933 838 837 929 746 975 633 975 500 975 367 929 254 838 162M808 192C892 279 933 379 933 500 933 621 892 725 808 808 725 892 621 938 500 938 379 938 279 896 196 808 113 725 67 621 67 500 67 379 108 279 196 192 279 108 383 62 500 62 621 62 721 108 808 192M438 392V642L642 517 438 392Z\"><\/path><\/svg>\t\t\t\t\t\t<\/div>\n\t\t\t\t\t\t\t\t\t<\/div>\n\t\t\t\t\t<\/div>\n\t\t\t\t\t\t<\/div>\n\t\t\t\t<\/div>\n\t\t\t\t<\/div>\n\t\t\t\t\t<\/div>\n\t\t\t\t<\/div>\n\t\t<div class=\"elementor-element elementor-element-9a7ec9c e-flex e-con-boxed e-con e-parent\" data-id=\"9a7ec9c\" data-element_type=\"container\" data-e-type=\"container\" data-settings=\"{&quot;background_background&quot;:&quot;classic&quot;}\">\n\t\t\t\t\t<div class=\"e-con-inner\">\n\t\t<div class=\"elementor-element elementor-element-1926e67 e-con-full e-flex e-con e-child\" data-id=\"1926e67\" data-element_type=\"container\" data-e-type=\"container\">\n\t\t\t\t<div class=\"elementor-element elementor-element-23cb594 elementor-widget elementor-widget-text-editor\" data-id=\"23cb594\" data-element_type=\"widget\" data-e-type=\"widget\" data-widget_type=\"text-editor.default\">\n\t\t\t\t<div class=\"elementor-widget-container\">\n\t\t\t\t\t\t\t\t\t<h3>Glassets egenskaper<\/h3>\n<p>Floatglass t\u00e5ler kun 40 \u00b0C i temperaturforskjell, og n\u00e5r glasset g\u00e5r i stykker, splintrer det i spisse og skarpe deler. Hvis man vil unng\u00e5 at glasset splintres n\u00e5r det knuser, kan man\u00a0<a href=\"https:\/\/miritglas.com\/no\/produkt\/herdet-glass\/\">herde det<\/a>. En herding vil medf\u00f8re at glasset i stedet granulerer, hvis det g\u00e5r i stykker.<\/p>\n<p>Vanlig floatglass har en gr\u00f8nnlig tone pga. glassets jerninnhold. Den gr\u00f8nlige tonen ses mest p\u00e5 kanten og blir tydeligere, n\u00e5r tykkelsen p\u00e5 glasset \u00f8kes.<\/p>\n<p>Ved \u00e5 redusere jerninnholdet i glasset kan man endre fargetonen til et punkt der glasset blir krystallklart. Denne type glass kalles ogs\u00e5\u00a0<a href=\"https:\/\/miritglas.com\/no\/produkt\/jernfattig-glass\/\">jernfattig glass<\/a>. Men denne teknikken fordyrer fremstillingsprosessen og resulterer derfor i en dyrere r\u00e5vare.<\/p>\n\t\t\t\t\t\t\t\t<\/div>\n\t\t\t\t<\/div>\n\t\t\t\t<\/div>\n\t\t<div class=\"elementor-element elementor-element-7b4af70 e-con-full e-flex e-con e-child\" data-id=\"7b4af70\" data-element_type=\"container\" data-e-type=\"container\">\n\t\t<div class=\"elementor-element elementor-element-5e43167 e-flex e-con-boxed e-con e-child\" data-id=\"5e43167\" data-element_type=\"container\" data-e-type=\"container\" data-settings=\"{&quot;background_background&quot;:&quot;classic&quot;}\">\n\t\t\t\t\t<div class=\"e-con-inner\">\n\t\t\t\t<div class=\"elementor-element elementor-element-d9d771a elementor-widget elementor-widget-text-editor\" data-id=\"d9d771a\" data-element_type=\"widget\" data-e-type=\"widget\" data-widget_type=\"text-editor.default\">\n\t\t\t\t<div class=\"elementor-widget-container\">\n\t\t\t\t\t\t\t\t\t<h4>KALKSODASILIKATGLASS, NATRONKALKGLASS OG SODALIMEGLASS<\/h4>\n<p>Floatglass er det mest brukte navnet p\u00e5 vanlig glass. Det g\u00e5r ogs\u00e5 under navnene kalksodasilikatglass, natronkalkglass og sodalimeglass, men i daglig tale kalles det floatglass \u2013 eller bare vanlig glass.<\/p>\n\t\t\t\t\t\t\t\t<\/div>\n\t\t\t\t<\/div>\n\t\t\t\t\t<\/div>\n\t\t\t\t<\/div>\n\t\t\t\t<\/div>\n\t\t\t\t\t<\/div>\n\t\t\t\t<\/div>\n\t\t<div class=\"elementor-element elementor-element-7ce8b8b e-flex e-con-boxed e-con e-parent\" data-id=\"7ce8b8b\" data-element_type=\"container\" data-e-type=\"container\">\n\t\t\t\t\t<div class=\"e-con-inner\">\n\t\t<div class=\"elementor-element elementor-element-1775f78 e-con-full e-flex e-con e-child\" data-id=\"1775f78\" data-element_type=\"container\" data-e-type=\"container\">\n\t\t\t\t<div class=\"elementor-element elementor-element-4d360c4 elementor-widget elementor-widget-text-editor\" data-id=\"4d360c4\" data-element_type=\"widget\" data-e-type=\"widget\" data-widget_type=\"text-editor.default\">\n\t\t\t\t<div class=\"elementor-widget-container\">\n\t\t\t\t\t\t\t\t\t<h3>Hva er fordelene med \u00e5 bruke floatglass?<\/h3>\n<p>Floatglass er et sv\u00e6rt nyttig materiale som er relativt enkelt \u00e5 jobbe med, og kan derfor brukes i en lang rekke funksjoner som passer til mange ulike bruksomr\u00e5der. Det finnes ogs\u00e5 mange metoder for etterbehandling av floatglass, som kan sikre at det f\u00e5r et helt spesifikt utseende. Derfor brukes for eksempel floatglass til utstilling, hvor unike produkter uten problemer kan presenteres gjennom ruter i det klare floatglasset, hvis estetiske muligheter gj\u00f8r det til det optimale materialet for denne typen oppgaver.<\/p>\n\t\t\t\t\t\t\t\t<\/div>\n\t\t\t\t<\/div>\n\t\t\t\t<\/div>\n\t\t<div class=\"elementor-element elementor-element-f28df08 e-con-full e-flex e-con e-child\" data-id=\"f28df08\" data-element_type=\"container\" data-e-type=\"container\">\n\t\t\t\t<div class=\"elementor-element elementor-element-d81507a elementor-absolute elementor-widget elementor-widget-image\" data-id=\"d81507a\" data-element_type=\"widget\" data-e-type=\"widget\" data-settings=\"{&quot;_position&quot;:&quot;absolute&quot;}\" data-widget_type=\"image.default\">\n\t\t\t\t<div class=\"elementor-widget-container\">\n\t\t\t\t\t\t\t\t\t\t\t\t\t\t\t<img fetchpriority=\"high\" decoding=\"async\" width=\"230\" height=\"230\" src=\"https:\/\/miritglas.com\/wp-content\/uploads\/2023\/08\/logo-icon.png\" class=\"attachment-medium size-medium wp-image-168\" alt=\"Mirit glas logo.\" srcset=\"https:\/\/miritglas.com\/wp-content\/uploads\/2023\/08\/logo-icon.png 230w, https:\/\/miritglas.com\/wp-content\/uploads\/2023\/08\/logo-icon-150x150.png 150w\" sizes=\"(max-width: 230px) 100vw, 230px\" title=\"\">\t\t\t\t\t\t\t\t\t\t\t\t\t\t\t<\/div>\n\t\t\t\t<\/div>\n\t\t\t\t<div class=\"elementor-element elementor-element-61af829 elementor-widget elementor-widget-image\" data-id=\"61af829\" data-element_type=\"widget\" data-e-type=\"widget\" data-widget_type=\"image.default\">\n\t\t\t\t<div class=\"elementor-widget-container\">\n\t\t\t\t\t\t\t\t\t\t\t\t\t\t\t<img decoding=\"async\" width=\"779\" height=\"584\" src=\"https:\/\/miritglas.com\/wp-content\/uploads\/2023\/08\/almindeligt-floatglas.jpg\" class=\"attachment-large size-large wp-image-1940\" alt=\"float glas\" srcset=\"https:\/\/miritglas.com\/wp-content\/uploads\/2023\/08\/almindeligt-floatglas.jpg 779w, https:\/\/miritglas.com\/wp-content\/uploads\/2023\/08\/almindeligt-floatglas-300x225.jpg 300w, https:\/\/miritglas.com\/wp-content\/uploads\/2023\/08\/almindeligt-floatglas-768x576.jpg 768w\" sizes=\"(max-width: 779px) 100vw, 779px\" title=\"\">\t\t\t\t\t\t\t\t\t\t\t\t\t\t\t<\/div>\n\t\t\t\t<\/div>\n\t\t\t\t<\/div>\n\t\t\t\t\t<\/div>\n\t\t\t\t<\/div>\n\t\t<div class=\"elementor-element elementor-element-32610afb e-flex e-con-boxed e-con e-parent\" data-id=\"32610afb\" data-element_type=\"container\" data-e-type=\"container\" data-settings=\"{&quot;background_background&quot;:&quot;classic&quot;}\">\n\t\t\t\t\t<div class=\"e-con-inner\">\n\t\t<div class=\"elementor-element elementor-element-24ecb361 e-con-full e-flex e-con e-child\" data-id=\"24ecb361\" data-element_type=\"container\" data-e-type=\"container\">\n\t\t\t\t<div class=\"elementor-element elementor-element-65128ade elementor-widget elementor-widget-text-editor\" data-id=\"65128ade\" data-element_type=\"widget\" data-e-type=\"widget\" data-widget_type=\"text-editor.default\">\n\t\t\t\t<div class=\"elementor-widget-container\">\n\t\t\t\t\t\t\t\t\t<h3>Mirit glas tilbyr<\/h3>\n<p>Vi kan bearbeide floatglass p\u00e5 en rekke forskjellige m\u00e5ter:<\/p>\n\t\t\t\t\t\t\t\t<\/div>\n\t\t\t\t<\/div>\n\t\t\t\t<div class=\"elementor-element elementor-element-139e4077 elementor-widget elementor-widget-text-editor\" data-id=\"139e4077\" data-element_type=\"widget\" data-e-type=\"widget\" data-widget_type=\"text-editor.default\">\n\t\t\t\t<div class=\"elementor-widget-container\">\n\t\t\t\t\t\t\t\t\t<ul>\n<li>Fasong, hull og hakk<\/li>\n<li>Kantbearbeiding<\/li>\n<li>Sandbl\u00e5sing<\/li>\n<li>UV-liming<\/li>\n<li>Maling<\/li>\n<li>Silketrykk<\/li>\n<li><a href=\"https:\/\/miritglas.com\/no\/produkter\/buet-glass\/\">B\u00f8ying<\/a><\/li>\n<li><a href=\"https:\/\/miritglas.com\/no\/produkt\/laminert-glass\/\">Laminering<\/a><\/li>\n<li><a href=\"https:\/\/miritglas.com\/no\/produkter\/buet-glass\/\">Buet og herdet floatglas<\/a><\/li>\n<\/ul>\n\t\t\t\t\t\t\t\t<\/div>\n\t\t\t\t<\/div>\n\t\t\t\t<div class=\"elementor-element elementor-element-3cb6f17d elementor-widget elementor-widget-text-editor\" data-id=\"3cb6f17d\" data-element_type=\"widget\" data-e-type=\"widget\" data-widget_type=\"text-editor.default\">\n\t\t\t\t<div class=\"elementor-widget-container\">\n\t\t\t\t\t\t\t\t\t<p>Vi kan\u00a0<a href=\"https:\/\/miritglas.com\/no\/produkt\/herdet-glass\/\">termisk herde<\/a>\u00a0floatglass ned til 3 mm, noe som betyr at glasset ikke lengre splintrer i spisse, skarpe deler, men derimot granulerer i sm\u00e5 uskarpe stykker \u2013 slik du f.eks. kjenner til det fra sideruten i en bil.<\/p>\n<p>Det er ogs\u00e5 mulig \u00e5\u00a0<a href=\"https:\/\/miritglas.com\/no\/produkt\/kjemisk-herdet-glass\/\">kjemisk herde floatglass<\/a>, som er tynnere enn 3 mm.<\/p>\n<p>Du m\u00e5 gjerne kontakte oss for mer informasjon.<\/p>\n\t\t\t\t\t\t\t\t<\/div>\n\t\t\t\t<\/div>\n\t\t\t\t<\/div>\n\t\t\t\t\t<\/div>\n\t\t\t\t<\/div>\n\t\t\t\t<\/div>\n\t\t","protected":false},"featured_media":1940,"template":"","class_list":["post-3052","product","type-product","status-publish","has-post-thumbnail","hentry"],"acf":[],"_links":{"self":[{"href":"https:\/\/miritglas.com\/no\/wp-json\/wp\/v2\/product\/3052","targetHints":{"allow":["GET"]}}],"collection":[{"href":"https:\/\/miritglas.com\/no\/wp-json\/wp\/v2\/product"}],"about":[{"href":"https:\/\/miritglas.com\/no\/wp-json\/wp\/v2\/types\/product"}],"version-history":[{"count":7,"href":"https:\/\/miritglas.com\/no\/wp-json\/wp\/v2\/product\/3052\/revisions"}],"predecessor-version":[{"id":5014,"href":"https:\/\/miritglas.com\/no\/wp-json\/wp\/v2\/product\/3052\/revisions\/5014"}],"wp:featuredmedia":[{"embeddable":true,"href":"https:\/\/miritglas.com\/no\/wp-json\/wp\/v2\/media\/1940"}],"wp:attachment":[{"href":"https:\/\/miritglas.com\/no\/wp-json\/wp\/v2\/media?parent=3052"}],"curies":[{"name":"wp","href":"https:\/\/api.w.org\/{rel}","templated":true}]}}