{"id":3044,"date":"2023-08-09T11:28:35","date_gmt":"2023-08-09T09:28:35","guid":{"rendered":"https:\/\/miritglas.com\/produkter\/duran-glass\/"},"modified":"2023-11-13T11:51:03","modified_gmt":"2023-11-13T10:51:03","slug":"duran-glass","status":"publish","type":"product","link":"https:\/\/miritglas.com\/no\/produkter\/duran-glass\/","title":{"rendered":"Duran-glass"},"content":{"rendered":"\t\t<div data-elementor-type=\"wp-post\" data-elementor-id=\"3044\" class=\"elementor elementor-3044 elementor-287\" data-elementor-post-type=\"product\">\n\t\t\t\t<div class=\"elementor-element elementor-element-365bb89 e-flex e-con-boxed e-con e-parent\" data-id=\"365bb89\" data-element_type=\"container\" data-e-type=\"container\">\n\t\t\t\t\t<div class=\"e-con-inner\">\n\t\t<div class=\"elementor-element elementor-element-74900272 e-con-full e-flex e-con e-child\" data-id=\"74900272\" data-element_type=\"container\" data-e-type=\"container\">\n\t\t\t\t<div class=\"elementor-element elementor-element-c55f57d elementor-widget elementor-widget-text-editor\" data-id=\"c55f57d\" data-element_type=\"widget\" data-e-type=\"widget\" data-widget_type=\"text-editor.default\">\n\t\t\t\t<div class=\"elementor-widget-container\">\n\t\t\t\t\t\t\t\t\t<h2 class=\"field-item even\">Duran-glass er resistent overfor kjemikalier og temperaturforskjeller<\/h2><p>Duran, Pyrex, Tempax, Simax og Borosilikatglass. Duran-glass har mange navn. Vi leverer duran-glass til industrien.<\/p><p>Mirit Glas er lagerf\u00f8rende i flate tavler p\u00e5 0.7mm \u2013 25 mm ogs\u00e5\u00a0<a href=\"https:\/\/miritglas.com\/no\/produkter\/glassror\/\">glassr\u00f8r fra \u00f83 mm \u2013 \u00f8400 mm<\/a>. Glasset brukes hovedsaklig til mere tekniske applikasjoner, og finnes derfor i flere tykkelser og varianter enn vanlig\u00a0<a href=\"https:\/\/miritglas.com\/no\/produkter\/floatglass\/\">soda-limeglas<\/a>.<br \/>Mirit Glas tilbyr ogs\u00e5 duran-glass med coating.<\/p><p class=\"p1\">V\u00e5re glasseksperter st\u00e5r klare til \u00e5 hjelpe deg med \u00e5 velge riktig materiale. Kontakt oss for mer informasjon om mulighetene med Duran glass.<\/p>\t\t\t\t\t\t\t\t<\/div>\n\t\t\t\t<\/div>\n\t\t\t\t<div class=\"elementor-element elementor-element-523a1303 elementor-widget elementor-widget-button\" data-id=\"523a1303\" data-element_type=\"widget\" data-e-type=\"widget\" data-widget_type=\"button.default\">\n\t\t\t\t<div class=\"elementor-widget-container\">\n\t\t\t\t\t\t\t\t\t<div class=\"elementor-button-wrapper\">\n\t\t\t\t\t<a class=\"elementor-button elementor-button-link elementor-size-md\" href=\"https:\/\/miritglas.com\/no\/kontakt-oss\/\">\n\t\t\t\t\t\t<span class=\"elementor-button-content-wrapper\">\n\t\t\t\t\t\t\t\t\t<span class=\"elementor-button-text\">Kontakt oss i dag<\/span>\n\t\t\t\t\t<\/span>\n\t\t\t\t\t<\/a>\n\t\t\t\t<\/div>\n\t\t\t\t\t\t\t\t<\/div>\n\t\t\t\t<\/div>\n\t\t\t\t<\/div>\n\t\t<div class=\"elementor-element elementor-element-4e1d805e e-con-full e-flex e-con e-child\" data-id=\"4e1d805e\" data-element_type=\"container\" data-e-type=\"container\">\n\t\t\t\t<div class=\"elementor-element elementor-element-410666eb elementor-absolute elementor-widget elementor-widget-image\" data-id=\"410666eb\" data-element_type=\"widget\" data-e-type=\"widget\" data-settings=\"{&quot;_position&quot;:&quot;absolute&quot;}\" data-widget_type=\"image.default\">\n\t\t\t\t<div class=\"elementor-widget-container\">\n\t\t\t\t\t\t\t\t\t\t\t\t\t\t\t<img fetchpriority=\"high\" decoding=\"async\" width=\"230\" height=\"230\" src=\"https:\/\/miritglas.com\/wp-content\/uploads\/2023\/08\/logo-icon.png\" class=\"attachment-medium size-medium wp-image-168\" alt=\"Mirit glas logo.\" srcset=\"https:\/\/miritglas.com\/wp-content\/uploads\/2023\/08\/logo-icon.png 230w, https:\/\/miritglas.com\/wp-content\/uploads\/2023\/08\/logo-icon-150x150.png 150w\" sizes=\"(max-width: 230px) 100vw, 230px\" title=\"\">\t\t\t\t\t\t\t\t\t\t\t\t\t\t\t<\/div>\n\t\t\t\t<\/div>\n\t\t<div class=\"elementor-element elementor-element-45d1bc08 e-flex e-con-boxed e-con e-child\" data-id=\"45d1bc08\" data-element_type=\"container\" data-e-type=\"container\" data-settings=\"{&quot;background_background&quot;:&quot;classic&quot;}\">\n\t\t\t\t\t<div class=\"e-con-inner\">\n\t\t\t\t<div class=\"elementor-element elementor-element-2167a58a elementor-widget elementor-widget-text-editor\" data-id=\"2167a58a\" data-element_type=\"widget\" data-e-type=\"widget\" data-widget_type=\"text-editor.default\">\n\t\t\t\t<div class=\"elementor-widget-container\">\n\t\t\t\t\t\t\t\t\t<h4>TYPISK BRUK<\/h4>\n<p>Duran-glass brukes mange steder \u2013 fra\u00a0<a href=\"https:\/\/miritglas.com\/no\/produkter\/seglass\/\">seglass<\/a>\u00a0og laboratorieutstyr, til\u00a0<a href=\"https:\/\/miritglas.com\/no\/produkter\/belysningsglass\/\">belysningsglass<\/a>\u00a0og forskjellige industriartikler.<\/p>\n<p>Glassets lave utvidelseskoeffisient betyr at det kan t\u00e5le store temperaturforskjeller, og derfor er duran glass sv\u00e6rt velegnet ved h\u00f8y varme. Glassets h\u00f8ye kjemiske resistens gj\u00f8r det dessuten til selvsagt ved bruk i forbindelse med aggressive kjemikalier.<\/p>\n\t\t\t\t\t\t\t\t<\/div>\n\t\t\t\t<\/div>\n\t\t\t\t\t<\/div>\n\t\t\t\t<\/div>\n\t\t\t\t<\/div>\n\t\t\t\t\t<\/div>\n\t\t\t\t<\/div>\n\t\t<div class=\"elementor-element elementor-element-680b60a2 e-flex e-con-boxed e-con e-parent\" data-id=\"680b60a2\" data-element_type=\"container\" data-e-type=\"container\" data-settings=\"{&quot;background_background&quot;:&quot;classic&quot;}\">\n\t\t\t\t\t<div class=\"e-con-inner\">\n\t\t<div class=\"elementor-element elementor-element-4a16feed e-con-full e-flex e-con e-child\" data-id=\"4a16feed\" data-element_type=\"container\" data-e-type=\"container\">\n\t\t\t\t<div class=\"elementor-element elementor-element-54cb305c elementor-widget elementor-widget-text-editor\" data-id=\"54cb305c\" data-element_type=\"widget\" data-e-type=\"widget\" data-widget_type=\"text-editor.default\">\n\t\t\t\t<div class=\"elementor-widget-container\">\n\t\t\t\t\t\t\t\t\t<h3>Glassets egenskaber<\/h3>\n<p>Duran-glass g\u00e5r ogs\u00e5 under navnene Pyrex, Tempax, Simax og Borosilikatglass, og n\u00e5r der er snakk om plant duran glass, omtales det ofte som borofloat.<\/p>\n<p>Det som gj\u00f8r Duran glass til noe spesielt, er glassets resistens over for h\u00f8ye temperaturforskjeller og dets holdbarhet overfor aggressive kjemikalier. Duran-glass har en enest\u00e5ende korrosjonsbestandighet og forblir n\u00f8ytralt \u2013 selv ved kontakt med sv\u00e6rt aggressive kjemikalier. Kun f\u00e5 kjemikalier kan gi merkbar korrosjon i glassoverflaten; flussyre, konsentrert fosforsyre og sterke kaustiske oppl\u00f8sninger ved h\u00f8ye temperaturer (ved romtemperatur kan duran glass t\u00e5le kaustiske oppl\u00f8sningskonsentrasjoner p\u00e5 opptil 30 %).<\/p>\n<p>Duran glass har en fin transmisjon p\u00e5 +90 % fra 380nm (synlig lys) til 2000nm (infrar\u00f8dt lys).<\/p>\n\t\t\t\t\t\t\t\t<\/div>\n\t\t\t\t<\/div>\n\t\t\t\t<\/div>\n\t\t<div class=\"elementor-element elementor-element-7243003d e-con-full e-flex e-con e-child\" data-id=\"7243003d\" data-element_type=\"container\" data-e-type=\"container\">\n\t\t\t\t<div class=\"elementor-element elementor-element-6e74bd04 elementor-widget elementor-widget-image\" data-id=\"6e74bd04\" data-element_type=\"widget\" data-e-type=\"widget\" data-widget_type=\"image.default\">\n\t\t\t\t<div class=\"elementor-widget-container\">\n\t\t\t\t\t\t\t\t\t\t\t\t\t\t\t<img decoding=\"async\" src=\"https:\/\/miritglas.com\/wp-content\/uploads\/elementor\/thumbs\/borosilikatglas_landskab-qbfn2jvec4c1yqi89muxwh1ukl8w5b3gqr0zd2y3ww.jpeg\" title=\"borosilikatglas_landskab\" alt=\"Mirit glas are borosilicate glass suppliers, and we can be of help to anyone looking for borosilicate glass\" loading=\"lazy\" \/>\t\t\t\t\t\t\t\t\t\t\t\t\t\t\t<\/div>\n\t\t\t\t<\/div>\n\t\t\t\t<\/div>\n\t\t\t\t\t<\/div>\n\t\t\t\t<\/div>\n\t\t<div class=\"elementor-element elementor-element-21f9d1a6 e-flex e-con-boxed e-con e-parent\" data-id=\"21f9d1a6\" data-element_type=\"container\" data-e-type=\"container\" data-settings=\"{&quot;background_background&quot;:&quot;classic&quot;}\">\n\t\t\t\t\t<div class=\"e-con-inner\">\n\t\t<div class=\"elementor-element elementor-element-62853c63 e-con-full e-flex e-con e-child\" data-id=\"62853c63\" data-element_type=\"container\" data-e-type=\"container\">\n\t\t\t\t<div class=\"elementor-element elementor-element-40062948 elementor-widget elementor-widget-text-editor\" data-id=\"40062948\" data-element_type=\"widget\" data-e-type=\"widget\" data-widget_type=\"text-editor.default\">\n\t\t\t\t<div class=\"elementor-widget-container\">\n\t\t\t\t\t\t\t\t\t<h3>Mirit Glas tilbyr<\/h3>\n<p>Vi kan bearbeide duranglass p\u00e5 f\u00f8lgende m\u00e5ter:<\/p>\n\t\t\t\t\t\t\t\t<\/div>\n\t\t\t\t<\/div>\n\t\t\t\t<div class=\"elementor-element elementor-element-2a1202a4 elementor-widget elementor-widget-text-editor\" data-id=\"2a1202a4\" data-element_type=\"widget\" data-e-type=\"widget\" data-widget_type=\"text-editor.default\">\n\t\t\t\t<div class=\"elementor-widget-container\">\n\t\t\t\t\t\t\t\t\t<ul><li>Fasong, huller og hakk<\/li><li>Kantbearbeiding<\/li><li>Sandbl\u00e5sing<\/li><li>UV-liming<\/li><li>Maling<\/li><li>Silketrykk<\/li><li>Duran-glass kan\u00a0<a href=\"https:\/\/miritglas.com\/no\/produkter\/herdet-glass\/\">herdes termisk<\/a>. Herding gir enda st\u00f8rre resistens overfor temperaturforskjeller og st\u00f8rre styrke og sikkerhet ved eventuelt brudd.<\/li><li><a href=\"https:\/\/miritglas.com\/no\/produkter\/buet-glass\/\">B\u00f8ying<\/a><\/li><li>Laminering<\/li><li>Coating. Det er mulig \u00e5 p\u00e5virke glassets transmisjon og refleksjon med forskjellige overflatebehandlinger (coating). Dermed kan man f.eks. stenge av for \u201dkaldt\u201d lys eller minimere refleksjonene ved en bestemt b\u00f8lgelengde i en definert vinkel.<\/li><\/ul>\t\t\t\t\t\t\t\t<\/div>\n\t\t\t\t<\/div>\n\t\t\t\t<div class=\"elementor-element elementor-element-4a808729 elementor-widget elementor-widget-text-editor\" data-id=\"4a808729\" data-element_type=\"widget\" data-e-type=\"widget\" data-widget_type=\"text-editor.default\">\n\t\t\t\t<div class=\"elementor-widget-container\">\n\t\t\t\t\t\t\t\t\t<p>Glasset kan ikke\u00a0<a href=\"https:\/\/miritglas.com\/no\/produkter\/kjemisk-herdet-glass\/\">herdes kjemisk<\/a>, fordi natriuminnholdet er for lavt.<\/p>\n<p>Du er hjertelig velkommen til \u00e5 kontakte oss for ytterligere opplysninger.<\/p>\n\t\t\t\t\t\t\t\t<\/div>\n\t\t\t\t<\/div>\n\t\t\t\t<\/div>\n\t\t\t\t\t<\/div>\n\t\t\t\t<\/div>\n\t\t\t\t<\/div>\n\t\t","protected":false},"featured_media":1798,"template":"","class_list":["post-3044","product","type-product","status-publish","has-post-thumbnail","hentry"],"acf":[],"_links":{"self":[{"href":"https:\/\/miritglas.com\/no\/wp-json\/wp\/v2\/product\/3044","targetHints":{"allow":["GET"]}}],"collection":[{"href":"https:\/\/miritglas.com\/no\/wp-json\/wp\/v2\/product"}],"about":[{"href":"https:\/\/miritglas.com\/no\/wp-json\/wp\/v2\/types\/product"}],"version-history":[{"count":8,"href":"https:\/\/miritglas.com\/no\/wp-json\/wp\/v2\/product\/3044\/revisions"}],"predecessor-version":[{"id":4119,"href":"https:\/\/miritglas.com\/no\/wp-json\/wp\/v2\/product\/3044\/revisions\/4119"}],"wp:featuredmedia":[{"embeddable":true,"href":"https:\/\/miritglas.com\/no\/wp-json\/wp\/v2\/media\/1798"}],"wp:attachment":[{"href":"https:\/\/miritglas.com\/no\/wp-json\/wp\/v2\/media?parent=3044"}],"curies":[{"name":"wp","href":"https:\/\/api.w.org\/{rel}","templated":true}]}}