{"id":3040,"date":"2023-08-09T11:28:29","date_gmt":"2023-08-09T09:28:29","guid":{"rendered":"https:\/\/miritglas.com\/produkter\/display-glass\/"},"modified":"2023-10-31T17:08:38","modified_gmt":"2023-10-31T16:08:38","slug":"displayglass","status":"publish","type":"product","link":"https:\/\/miritglas.com\/no\/produkter\/displayglass\/","title":{"rendered":"Display-Glass"},"content":{"rendered":"\t\t<div data-elementor-type=\"wp-post\" data-elementor-id=\"3040\" class=\"elementor elementor-3040 elementor-286\" data-elementor-post-type=\"product\">\n\t\t\t\t<div class=\"elementor-element elementor-element-533db2aa e-flex e-con-boxed e-con e-parent\" data-id=\"533db2aa\" data-element_type=\"container\" data-e-type=\"container\">\n\t\t\t\t\t<div class=\"e-con-inner\">\n\t\t<div class=\"elementor-element elementor-element-367a70db e-con-full e-flex e-con e-parent\" data-id=\"367a70db\" data-element_type=\"container\" data-e-type=\"container\">\n\t\t\t\t<div class=\"elementor-element elementor-element-80462d9 elementor-widget elementor-widget-text-editor\" data-id=\"80462d9\" data-element_type=\"widget\" data-e-type=\"widget\" data-widget_type=\"text-editor.default\">\n\t\t\t\t<div class=\"elementor-widget-container\">\n\t\t\t\t\t\t\t\t\t<h2>Displayglass for elektroniske skjermer og ber\u00f8ringsskjermer \u2013 med og utan antirefleks<\/h2>\n<p>Mirit Glas kan gj\u00f8re ultratynt glass ekstremt sterkt og fleksibelt. Vi produserer etter dine behov, og har et bredt utvalg av forskjellige glasstyper som egner seg godt til displayer.<\/p>\n<p>Mirit Glas er det eneste firmaet i Skandinavia som fremstiller kjemisk herdet glass ned til en tykkelse p\u00e5 0,55 mm (Kemirit\u00a9). Vi kan ogs\u00e5 tilby varmeherdet glass i tykkelser fra 3 mm og opp.<\/p>\n<p>Glass spiller en stadig viktigere rolle i f.eks. elektroniske apparater \u2013 b\u00e5de som innvendige og utvendige elementer.<br \/>\nDisplayglass brukes i mange bransjer, bl.a. innenfor elektronikk, medisin, transport (biler, b\u00e5ter, skip, fly), helse og undervisning.<\/p>\n<p>Displayglass kan integreres i produktutformingen fra begynnelsen av, og det kan st\u00e5 alene eller monteres foran eksisterende plastskjermer. Dermed kan det inng\u00e5 i b\u00e5de nyutviklings- og videreutviklingsprosesser og bidra til bedre ytelse, styrke eller sikkerhet sammenlignet med bruk av vanlig glass eller plast.<br \/>\nKontakt Mirit Glas for \u00e5 h\u00f8re mer om mulighetene i displayglass.<\/p>\n\t\t\t\t\t\t\t\t<\/div>\n\t\t\t\t<\/div>\n\t\t\t\t<div class=\"elementor-element elementor-element-73617df0 elementor-widget elementor-widget-button\" data-id=\"73617df0\" data-element_type=\"widget\" data-e-type=\"widget\" data-widget_type=\"button.default\">\n\t\t\t\t<div class=\"elementor-widget-container\">\n\t\t\t\t\t\t\t\t\t<div class=\"elementor-button-wrapper\">\n\t\t\t\t\t<a class=\"elementor-button elementor-button-link elementor-size-md\" href=\"https:\/\/miritglas.com\/no\/kontakt-oss\/\">\n\t\t\t\t\t\t<span class=\"elementor-button-content-wrapper\">\n\t\t\t\t\t\t\t\t\t<span class=\"elementor-button-text\">Kontakt oss i dag<\/span>\n\t\t\t\t\t<\/span>\n\t\t\t\t\t<\/a>\n\t\t\t\t<\/div>\n\t\t\t\t\t\t\t\t<\/div>\n\t\t\t\t<\/div>\n\t\t\t\t<\/div>\n\t\t<div class=\"elementor-element elementor-element-5621be4d e-con-full e-flex e-con e-parent\" data-id=\"5621be4d\" data-element_type=\"container\" data-e-type=\"container\">\n\t\t\t\t<div class=\"elementor-element elementor-element-d13608d elementor-absolute elementor-widget elementor-widget-global elementor-global-634 elementor-widget-image\" data-id=\"d13608d\" data-element_type=\"widget\" data-e-type=\"widget\" data-settings=\"{&quot;_position&quot;:&quot;absolute&quot;}\" data-widget_type=\"image.default\">\n\t\t\t\t<div class=\"elementor-widget-container\">\n\t\t\t\t\t\t\t\t\t\t\t\t\t\t\t<img fetchpriority=\"high\" decoding=\"async\" width=\"230\" height=\"230\" src=\"https:\/\/miritglas.com\/wp-content\/uploads\/2023\/08\/logo-icon.png\" class=\"attachment-medium size-medium wp-image-168\" alt=\"Mirit glas logo.\" srcset=\"https:\/\/miritglas.com\/wp-content\/uploads\/2023\/08\/logo-icon.png 230w, https:\/\/miritglas.com\/wp-content\/uploads\/2023\/08\/logo-icon-150x150.png 150w\" sizes=\"(max-width: 230px) 100vw, 230px\" title=\"\">\t\t\t\t\t\t\t\t\t\t\t\t\t\t\t<\/div>\n\t\t\t\t<\/div>\n\t\t\t\t<div class=\"elementor-element elementor-element-4ff9182a elementor-widget elementor-widget-image\" data-id=\"4ff9182a\" data-element_type=\"widget\" data-e-type=\"widget\" data-widget_type=\"image.default\">\n\t\t\t\t<div class=\"elementor-widget-container\">\n\t\t\t\t\t\t\t\t\t\t\t\t\t\t\t<img decoding=\"async\" width=\"650\" height=\"576\" src=\"https:\/\/miritglas.com\/wp-content\/uploads\/2023\/08\/displayglass-2.jpg\" class=\"attachment-large size-large wp-image-1829\" alt=\"\" srcset=\"https:\/\/miritglas.com\/wp-content\/uploads\/2023\/08\/displayglass-2.jpg 650w, https:\/\/miritglas.com\/wp-content\/uploads\/2023\/08\/displayglass-2-300x266.jpg 300w\" sizes=\"(max-width: 650px) 100vw, 650px\" title=\"\">\t\t\t\t\t\t\t\t\t\t\t\t\t\t\t<\/div>\n\t\t\t\t<\/div>\n\t\t\t\t<\/div>\n\t\t\t\t\t<\/div>\n\t\t\t\t<\/div>\n\t\t<div class=\"elementor-element elementor-element-0c8ac7a e-flex e-con-boxed e-con e-parent\" data-id=\"0c8ac7a\" data-element_type=\"container\" data-e-type=\"container\" data-settings=\"{&quot;background_background&quot;:&quot;classic&quot;}\">\n\t\t\t\t\t<div class=\"e-con-inner\">\n\t\t<div class=\"elementor-element elementor-element-3d01cf2 e-con-full e-flex e-con e-parent\" data-id=\"3d01cf2\" data-element_type=\"container\" data-e-type=\"container\">\n\t\t\t\t<div class=\"elementor-element elementor-element-473a52e elementor-widget elementor-widget-text-editor\" data-id=\"473a52e\" data-element_type=\"widget\" data-e-type=\"widget\" data-widget_type=\"text-editor.default\">\n\t\t\t\t<div class=\"elementor-widget-container\">\n\t\t\t\t\t\t\t\t\t<h3>Bruk<\/h3>\n<p>Displayglass kalles ogs\u00e5 skjermglass, skjermpanelglass, coverglass, beskyttelsesglass til skjerm, instrumentglass, glass til ber\u00f8ringsskjerm og touchscreen-glass. Uansett jobber vi i Mirit Glas tett sammen med v\u00e5re kunder for \u00e5 utvikle krevende, h\u00f8ytytende displayglass.<\/p>\n\t\t\t\t\t\t\t\t<\/div>\n\t\t\t\t<\/div>\n\t\t\t\t<div class=\"elementor-element elementor-element-81f0f9f elementor-widget elementor-widget-button\" data-id=\"81f0f9f\" data-element_type=\"widget\" data-e-type=\"widget\" data-widget_type=\"button.default\">\n\t\t\t\t<div class=\"elementor-widget-container\">\n\t\t\t\t\t\t\t\t\t<div class=\"elementor-button-wrapper\">\n\t\t\t\t\t<a class=\"elementor-button elementor-button-link elementor-size-md\" href=\"https:\/\/miritglas.com\/no\/kontakt-oss\/\">\n\t\t\t\t\t\t<span class=\"elementor-button-content-wrapper\">\n\t\t\t\t\t\t\t\t\t<span class=\"elementor-button-text\">Kontakt oss i dag<\/span>\n\t\t\t\t\t<\/span>\n\t\t\t\t\t<\/a>\n\t\t\t\t<\/div>\n\t\t\t\t\t\t\t\t<\/div>\n\t\t\t\t<\/div>\n\t\t\t\t<\/div>\n\t\t<div class=\"elementor-element elementor-element-43261b0 e-con-full e-flex e-con e-parent\" data-id=\"43261b0\" data-element_type=\"container\" data-e-type=\"container\">\n\t\t<div class=\"elementor-element elementor-element-918fd1f e-flex e-con-boxed e-con e-parent\" data-id=\"918fd1f\" data-element_type=\"container\" data-e-type=\"container\" data-settings=\"{&quot;background_background&quot;:&quot;classic&quot;}\">\n\t\t\t\t\t<div class=\"e-con-inner\">\n\t\t\t\t<div class=\"elementor-element elementor-element-2d2201c elementor-widget elementor-widget-text-editor\" data-id=\"2d2201c\" data-element_type=\"widget\" data-e-type=\"widget\" data-widget_type=\"text-editor.default\">\n\t\t\t\t<div class=\"elementor-widget-container\">\n\t\t\t\t\t\t\t\t\t<h4>Displayglass brukes vanligvis til \u00e5 beskytte elektronikk, for eksempel p\u00e5:<\/h4>\n<ul>\n<li>Orienteringsskjermer, infostander, infoskjermer<\/li>\n<li>Dataskjermer og nettbrett<\/li>\n<li>Sikkerhetsmaskiner, slik som identifikasjonskameraer for ansiktsgjenkjenning eller h\u00e5ndavtrykksskanning<\/li>\n<li>Industrimaskiner, slik som moderne skurtreskere, som er utstyrt med beskyttelsesglass foran kameraene sine<\/li>\n<li>Navigasjonsskjermer til navigasjonssystemer p\u00e5 f.eks. b\u00e5ter og skip<\/li>\n<li>Diverse touch-knapper<\/li>\n<\/ul>\n\t\t\t\t\t\t\t\t<\/div>\n\t\t\t\t<\/div>\n\t\t\t\t\t<\/div>\n\t\t\t\t<\/div>\n\t\t\t\t<\/div>\n\t\t\t\t\t<\/div>\n\t\t\t\t<\/div>\n\t\t<div class=\"elementor-element elementor-element-18b2039 e-flex e-con-boxed e-con e-parent\" data-id=\"18b2039\" data-element_type=\"container\" data-e-type=\"container\">\n\t\t\t\t\t<div class=\"e-con-inner\">\n\t\t<div class=\"elementor-element elementor-element-1916e9f e-con-full e-flex e-con e-parent\" data-id=\"1916e9f\" data-element_type=\"container\" data-e-type=\"container\">\n\t\t\t\t<div class=\"elementor-element elementor-element-2ade6a5 elementor-widget elementor-widget-text-editor\" data-id=\"2ade6a5\" data-element_type=\"widget\" data-e-type=\"widget\" data-widget_type=\"text-editor.default\">\n\t\t\t\t<div class=\"elementor-widget-container\">\n\t\t\t\t\t\t\t\t\t<h3>Mange nyttige egenskaper<\/h3>\n<p><b>Lengre holdbarhet<br \/>\n<\/b>Holder langt bedre enn plastl\u00f8sninger og brukes ofte i stedet for plast, som ikke t\u00e5ler kraftige rengj\u00f8ringsmidler, lett f\u00e5r riper, ikke t\u00e5ler varme og blir \u00abspr\u00f8tt\u00bb med tiden.<\/p>\n<p><b>Fleksibelt og b\u00f8yelig<br \/>\n<\/b>Vanlig glass har en b\u00f8yestyrke p\u00e5 40 MPa. Varmeherdet glass har en b\u00f8yestyrke p\u00e5 120 MPa. Med kjemisk herding kan vi oppn\u00e5 b\u00f8yestyrker p\u00e5 over 650 MPa. Se demonstrasjon:<\/p>\n<p><b>H\u00f8y transmisjon og fargegjengivelse<br \/>\n<\/b>Spesielle behandlinger kan gj\u00f8re glasset mer eller mindre matt, gi det antirefleks-egenskaper eller andre egenskaper som m\u00e5tte v\u00e6re \u00f8nskelig.<br \/>\nMirit Glas har b\u00e5de antirefleks (coatede) og overflateetsede (anti-glare) r\u00e5varer p\u00e5 lager -\u2013 begge med h\u00f8y lystransmisjon og presis fargegjengivelse.<\/p>\n<p><b>Reaksjonsf\u00f8lsomhet<br \/>\n<\/b>Glasset reagerer effektivt p\u00e5 trykk eller ber\u00f8ring.<\/p>\n<p><b>T\u00e5ler h\u00f8ye temperaturer<br \/>\n<\/b>T\u00e5ler temperaturforskjeller p\u00e5 opptil 250 grader.<\/p>\n\t\t\t\t\t\t\t\t<\/div>\n\t\t\t\t<\/div>\n\t\t\t\t<\/div>\n\t\t<div class=\"elementor-element elementor-element-da15d60 e-con-full e-flex e-con e-parent\" data-id=\"da15d60\" data-element_type=\"container\" data-e-type=\"container\">\n\t\t\t\t<div class=\"elementor-element elementor-element-f7bd67b elementor-absolute elementor-widget elementor-widget-global elementor-global-634 elementor-widget-image\" data-id=\"f7bd67b\" data-element_type=\"widget\" data-e-type=\"widget\" data-settings=\"{&quot;_position&quot;:&quot;absolute&quot;}\" data-widget_type=\"image.default\">\n\t\t\t\t<div class=\"elementor-widget-container\">\n\t\t\t\t\t\t\t\t\t\t\t\t\t\t\t<img fetchpriority=\"high\" decoding=\"async\" width=\"230\" height=\"230\" src=\"https:\/\/miritglas.com\/wp-content\/uploads\/2023\/08\/logo-icon.png\" class=\"attachment-medium size-medium wp-image-168\" alt=\"Mirit glas logo.\" srcset=\"https:\/\/miritglas.com\/wp-content\/uploads\/2023\/08\/logo-icon.png 230w, https:\/\/miritglas.com\/wp-content\/uploads\/2023\/08\/logo-icon-150x150.png 150w\" sizes=\"(max-width: 230px) 100vw, 230px\" title=\"\">\t\t\t\t\t\t\t\t\t\t\t\t\t\t\t<\/div>\n\t\t\t\t<\/div>\n\t\t\t\t<div class=\"elementor-element elementor-element-60a60b8 elementor-widget elementor-widget-video\" data-id=\"60a60b8\" data-element_type=\"widget\" data-e-type=\"widget\" data-settings=\"{&quot;youtube_url&quot;:&quot;https:\\\/\\\/www.youtube.com\\\/watch?v=ML5daXPhmPQ&quot;,&quot;yt_privacy&quot;:&quot;yes&quot;,&quot;lazy_load&quot;:&quot;yes&quot;,&quot;show_image_overlay&quot;:&quot;yes&quot;,&quot;image_overlay&quot;:{&quot;url&quot;:&quot;https:\\\/\\\/miritglas.com\\\/wp-content\\\/uploads\\\/2023\\\/08\\\/ML5daXPhmPQ.jpeg&quot;,&quot;id&quot;:1831,&quot;size&quot;:&quot;&quot;,&quot;alt&quot;:&quot;&quot;,&quot;source&quot;:&quot;library&quot;},&quot;video_type&quot;:&quot;youtube&quot;,&quot;controls&quot;:&quot;yes&quot;}\" data-widget_type=\"video.default\">\n\t\t\t\t<div class=\"elementor-widget-container\">\n\t\t\t\t\t\t\t<div class=\"elementor-wrapper elementor-open-inline\">\n\t\t\t<div class=\"elementor-video\"><\/div>\t\t\t\t<div class=\"elementor-custom-embed-image-overlay\" style=\"background-image: url(https:\/\/miritglas.com\/wp-content\/uploads\/2023\/08\/ML5daXPhmPQ.jpeg);\">\n\t\t\t\t\t\t\t\t\t\t\t\t\t\t\t\t<div class=\"elementor-custom-embed-play\" role=\"button\" aria-label=\"Start video\" tabindex=\"0\">\n\t\t\t\t\t\t\t<svg aria-hidden=\"true\" class=\"e-font-icon-svg e-eicon-play\" viewBox=\"0 0 1000 1000\" xmlns=\"http:\/\/www.w3.org\/2000\/svg\"><path d=\"M838 162C746 71 633 25 500 25 371 25 258 71 163 162 71 254 25 367 25 500 25 633 71 746 163 837 254 929 367 979 500 979 633 979 746 933 838 837 929 746 975 633 975 500 975 367 929 254 838 162M808 192C892 279 933 379 933 500 933 621 892 725 808 808 725 892 621 938 500 938 379 938 279 896 196 808 113 725 67 621 67 500 67 379 108 279 196 192 279 108 383 62 500 62 621 62 721 108 808 192M438 392V642L642 517 438 392Z\"><\/path><\/svg>\t\t\t\t\t\t<\/div>\n\t\t\t\t\t\t\t\t\t<\/div>\n\t\t\t\t\t<\/div>\n\t\t\t\t\t\t<\/div>\n\t\t\t\t<\/div>\n\t\t\t\t<\/div>\n\t\t\t\t\t<\/div>\n\t\t\t\t<\/div>\n\t\t\t\t<\/div>\n\t\t","protected":false},"featured_media":319,"template":"","class_list":["post-3040","product","type-product","status-publish","has-post-thumbnail","hentry"],"acf":[],"_links":{"self":[{"href":"https:\/\/miritglas.com\/no\/wp-json\/wp\/v2\/product\/3040","targetHints":{"allow":["GET"]}}],"collection":[{"href":"https:\/\/miritglas.com\/no\/wp-json\/wp\/v2\/product"}],"about":[{"href":"https:\/\/miritglas.com\/no\/wp-json\/wp\/v2\/types\/product"}],"version-history":[{"count":2,"href":"https:\/\/miritglas.com\/no\/wp-json\/wp\/v2\/product\/3040\/revisions"}],"predecessor-version":[{"id":3452,"href":"https:\/\/miritglas.com\/no\/wp-json\/wp\/v2\/product\/3040\/revisions\/3452"}],"wp:featuredmedia":[{"embeddable":true,"href":"https:\/\/miritglas.com\/no\/wp-json\/wp\/v2\/media\/319"}],"wp:attachment":[{"href":"https:\/\/miritglas.com\/no\/wp-json\/wp\/v2\/media?parent=3040"}],"curies":[{"name":"wp","href":"https:\/\/api.w.org\/{rel}","templated":true}]}}