{"id":3036,"date":"2023-08-09T11:28:19","date_gmt":"2023-08-09T09:28:19","guid":{"rendered":"https:\/\/miritglas.com\/produkter\/buet-glass\/"},"modified":"2025-03-12T10:33:58","modified_gmt":"2025-03-12T09:33:58","slug":"buet-glass","status":"publish","type":"product","link":"https:\/\/miritglas.com\/no\/produkter\/buet-glass\/","title":{"rendered":"Buet glass"},"content":{"rendered":"\t\t<div data-elementor-type=\"wp-post\" data-elementor-id=\"3036\" class=\"elementor elementor-3036 elementor-285\" data-elementor-post-type=\"product\">\n\t\t\t\t<div class=\"elementor-element elementor-element-365f4f39 e-flex e-con-boxed e-con e-parent\" data-id=\"365f4f39\" data-element_type=\"container\" data-e-type=\"container\">\n\t\t\t\t\t<div class=\"e-con-inner\">\n\t\t<div class=\"elementor-element elementor-element-308e6673 e-con-full e-flex e-con e-child\" data-id=\"308e6673\" data-element_type=\"container\" data-e-type=\"container\">\n\t\t\t\t<div class=\"elementor-element elementor-element-1ae6b27d elementor-widget elementor-widget-text-editor\" data-id=\"1ae6b27d\" data-element_type=\"widget\" data-e-type=\"widget\" data-widget_type=\"text-editor.default\">\n\t\t\t\t<div class=\"elementor-widget-container\">\n\t\t\t\t\t\t\t\t\t<h2 data-start=\"53\" data-end=\"143\">Buet glass og produksjon av b\u00f8yd herdet glass krever at b\u00e5de teknikk og utstyr er i orden.<\/h2>\n<p data-start=\"145\" data-end=\"327\">Buet glass inneb\u00e6rer oppvarming til 600 grader, slik at glasset blir mykt nok til at tyngdekraften trekker glasset til \u00f8nsket form, eller at man ved mekanisk trykk kan forme glasset.<\/p>\n<p data-start=\"329\" data-end=\"567\">Mer styrke kan oppn\u00e5s ved \u00e5 laminere to glassplater sammen, og maksimal styrke og sikkerhet oppn\u00e5s ved ogs\u00e5 \u00e5 herde glasset. Buet glass, buet <a href=\"https:\/\/miritglas.com\/no\/produkter\/herdet-glass\/\">herdet glass<\/a> og buet <a href=\"https:\/\/miritglas.com\/no\/produkter\/sikkerhetsglass\/\">herdet\/laminert<\/a> glass kan produseres fra enkeltstykker til serieproduksjon.<\/p>\n<p data-start=\"569\" data-end=\"718\">Typisk brukes herdet glass som sideruter i busser, ruter i trucker og anleggsmaskiner, samt i bygg med spesielle vindusl\u00f8sninger, f.eks. glassdisker.<\/p>\n<p data-start=\"720\" data-end=\"788\" data-is-last-node=\"\" data-is-only-node=\"\">Kontakt Mirit Glass i dag, s\u00e5 finner vi den beste l\u00f8sningen for deg.<\/p>\n\t\t\t\t\t\t\t\t<\/div>\n\t\t\t\t<\/div>\n\t\t\t\t<div class=\"elementor-element elementor-element-18d66902 elementor-widget elementor-widget-button\" data-id=\"18d66902\" data-element_type=\"widget\" data-e-type=\"widget\" data-widget_type=\"button.default\">\n\t\t\t\t<div class=\"elementor-widget-container\">\n\t\t\t\t\t\t\t\t\t<div class=\"elementor-button-wrapper\">\n\t\t\t\t\t<a class=\"elementor-button elementor-button-link elementor-size-md\" href=\"https:\/\/miritglas.com\/no\/kontakt-oss\/\">\n\t\t\t\t\t\t<span class=\"elementor-button-content-wrapper\">\n\t\t\t\t\t\t\t\t\t<span class=\"elementor-button-text\">Kontakt oss i dag<\/span>\n\t\t\t\t\t<\/span>\n\t\t\t\t\t<\/a>\n\t\t\t\t<\/div>\n\t\t\t\t\t\t\t\t<\/div>\n\t\t\t\t<\/div>\n\t\t\t\t<\/div>\n\t\t<div class=\"elementor-element elementor-element-6f161be0 e-con-full e-flex e-con e-child\" data-id=\"6f161be0\" data-element_type=\"container\" data-e-type=\"container\">\n\t\t\t\t<div class=\"elementor-element elementor-element-7fb28d52 elementor-absolute elementor-widget elementor-widget-global elementor-global-634 elementor-widget-image\" data-id=\"7fb28d52\" data-element_type=\"widget\" data-e-type=\"widget\" data-settings=\"{&quot;_position&quot;:&quot;absolute&quot;}\" data-widget_type=\"image.default\">\n\t\t\t\t<div class=\"elementor-widget-container\">\n\t\t\t\t\t\t\t\t\t\t\t\t\t\t\t<img fetchpriority=\"high\" decoding=\"async\" width=\"230\" height=\"230\" src=\"https:\/\/miritglas.com\/wp-content\/uploads\/2023\/08\/logo-icon.png\" class=\"attachment-medium size-medium wp-image-168\" alt=\"Mirit glas logo.\" srcset=\"https:\/\/miritglas.com\/wp-content\/uploads\/2023\/08\/logo-icon.png 230w, https:\/\/miritglas.com\/wp-content\/uploads\/2023\/08\/logo-icon-150x150.png 150w\" sizes=\"(max-width: 230px) 100vw, 230px\" title=\"\">\t\t\t\t\t\t\t\t\t\t\t\t\t\t\t<\/div>\n\t\t\t\t<\/div>\n\t\t\t\t<div class=\"elementor-element elementor-element-52c2f830 elementor-widget elementor-widget-image\" data-id=\"52c2f830\" data-element_type=\"widget\" data-e-type=\"widget\" data-widget_type=\"image.default\">\n\t\t\t\t<div class=\"elementor-widget-container\">\n\t\t\t\t\t\t\t\t\t\t\t\t\t\t\t<img decoding=\"async\" width=\"800\" height=\"572\" src=\"https:\/\/miritglas.com\/wp-content\/uploads\/2023\/08\/buet-og-haerdet-glas.png\" class=\"attachment-large size-large wp-image-1813\" alt=\"bent glass and curved glass supplier, Mirit Glas\" srcset=\"https:\/\/miritglas.com\/wp-content\/uploads\/2023\/08\/buet-og-haerdet-glas.png 1000w, https:\/\/miritglas.com\/wp-content\/uploads\/2023\/08\/buet-og-haerdet-glas-300x215.png 300w, https:\/\/miritglas.com\/wp-content\/uploads\/2023\/08\/buet-og-haerdet-glas-768x549.png 768w\" sizes=\"(max-width: 800px) 100vw, 800px\" title=\"\">\t\t\t\t\t\t\t\t\t\t\t\t\t\t\t<\/div>\n\t\t\t\t<\/div>\n\t\t\t\t<\/div>\n\t\t\t\t\t<\/div>\n\t\t\t\t<\/div>\n\t\t<div class=\"elementor-element elementor-element-456568dd e-flex e-con-boxed e-con e-parent\" data-id=\"456568dd\" data-element_type=\"container\" data-e-type=\"container\" data-settings=\"{&quot;background_background&quot;:&quot;classic&quot;}\">\n\t\t\t\t\t<div class=\"e-con-inner\">\n\t\t<div class=\"elementor-element elementor-element-7055ba11 e-con-full e-flex e-con e-child\" data-id=\"7055ba11\" data-element_type=\"container\" data-e-type=\"container\">\n\t\t\t\t<div class=\"elementor-element elementor-element-27995a1d elementor-widget elementor-widget-text-editor\" data-id=\"27995a1d\" data-element_type=\"widget\" data-e-type=\"widget\" data-widget_type=\"text-editor.default\">\n\t\t\t\t<div class=\"elementor-widget-container\">\n\t\t\t\t\t\t\t\t\t<h3>Vi finner en l\u00f8sning som passer for deg<\/h3>\n<p>Kontakt Mirit Glas slik at vi kan finne den beste l\u00f8sningen, om det er buet glass, buet herdet glass eller buet herdet og laminert glass<\/p>\n<p>Vi trenger f\u00f8lgende m\u00e5l for \u00e5 beregne glasset:<\/p>\n<ul>\n<li>Lengde og glasstykkelse<\/li>\n<li>Enten m\u00e5l Korde og Radius, Korde og Pilh\u00f8yde eller m\u00e5l Radius og Vinkel i grader.<\/li>\n<\/ul>\n\t\t\t\t\t\t\t\t<\/div>\n\t\t\t\t<\/div>\n\t\t\t\t<div class=\"elementor-element elementor-element-1132629f elementor-widget elementor-widget-button\" data-id=\"1132629f\" data-element_type=\"widget\" data-e-type=\"widget\" data-widget_type=\"button.default\">\n\t\t\t\t<div class=\"elementor-widget-container\">\n\t\t\t\t\t\t\t\t\t<div class=\"elementor-button-wrapper\">\n\t\t\t\t\t<a class=\"elementor-button elementor-button-link elementor-size-md\" href=\"https:\/\/miritglas.com\/no\/kontakt-oss\/\">\n\t\t\t\t\t\t<span class=\"elementor-button-content-wrapper\">\n\t\t\t\t\t\t\t\t\t<span class=\"elementor-button-text\">Kontakt oss i dag<\/span>\n\t\t\t\t\t<\/span>\n\t\t\t\t\t<\/a>\n\t\t\t\t<\/div>\n\t\t\t\t\t\t\t\t<\/div>\n\t\t\t\t<\/div>\n\t\t\t\t<\/div>\n\t\t<div class=\"elementor-element elementor-element-1fb2f1ca e-con-full e-flex e-con e-child\" data-id=\"1fb2f1ca\" data-element_type=\"container\" data-e-type=\"container\">\n\t\t<div class=\"elementor-element elementor-element-78fcaefd e-flex e-con-boxed e-con e-child\" data-id=\"78fcaefd\" data-element_type=\"container\" data-e-type=\"container\" data-settings=\"{&quot;background_background&quot;:&quot;classic&quot;}\">\n\t\t\t\t\t<div class=\"e-con-inner\">\n\t\t\t\t<div class=\"elementor-element elementor-element-9b8e178 elementor-widget elementor-widget-image\" data-id=\"9b8e178\" data-element_type=\"widget\" data-e-type=\"widget\" data-widget_type=\"image.default\">\n\t\t\t\t<div class=\"elementor-widget-container\">\n\t\t\t\t\t\t\t\t\t\t\t\t\t\t\t<img decoding=\"async\" width=\"480\" height=\"484\" src=\"https:\/\/miritglas.com\/wp-content\/uploads\/2023\/08\/Buet-glas-norsk.jpg\" class=\"attachment-large size-large wp-image-5480\" alt=\"\" srcset=\"https:\/\/miritglas.com\/wp-content\/uploads\/2023\/08\/Buet-glas-norsk.jpg 480w, https:\/\/miritglas.com\/wp-content\/uploads\/2023\/08\/Buet-glas-norsk-298x300.jpg 298w, https:\/\/miritglas.com\/wp-content\/uploads\/2023\/08\/Buet-glas-norsk-150x150.jpg 150w\" sizes=\"(max-width: 480px) 100vw, 480px\" title=\"\">\t\t\t\t\t\t\t\t\t\t\t\t\t\t\t<\/div>\n\t\t\t\t<\/div>\n\t\t\t\t\t<\/div>\n\t\t\t\t<\/div>\n\t\t\t\t<\/div>\n\t\t\t\t\t<\/div>\n\t\t\t\t<\/div>\n\t\t\t\t<\/div>\n\t\t","protected":false},"featured_media":1813,"template":"","class_list":["post-3036","product","type-product","status-publish","has-post-thumbnail","hentry"],"acf":[],"_links":{"self":[{"href":"https:\/\/miritglas.com\/no\/wp-json\/wp\/v2\/product\/3036","targetHints":{"allow":["GET"]}}],"collection":[{"href":"https:\/\/miritglas.com\/no\/wp-json\/wp\/v2\/product"}],"about":[{"href":"https:\/\/miritglas.com\/no\/wp-json\/wp\/v2\/types\/product"}],"version-history":[{"count":8,"href":"https:\/\/miritglas.com\/no\/wp-json\/wp\/v2\/product\/3036\/revisions"}],"predecessor-version":[{"id":5486,"href":"https:\/\/miritglas.com\/no\/wp-json\/wp\/v2\/product\/3036\/revisions\/5486"}],"wp:featuredmedia":[{"embeddable":true,"href":"https:\/\/miritglas.com\/no\/wp-json\/wp\/v2\/media\/1813"}],"wp:attachment":[{"href":"https:\/\/miritglas.com\/no\/wp-json\/wp\/v2\/media?parent=3036"}],"curies":[{"name":"wp","href":"https:\/\/api.w.org\/{rel}","templated":true}]}}