{"id":3028,"date":"2023-08-09T11:27:54","date_gmt":"2023-08-09T09:27:54","guid":{"rendered":"https:\/\/miritglas.com\/produkter\/blyglass\/"},"modified":"2026-04-14T13:40:40","modified_gmt":"2026-04-14T11:40:40","slug":"blyglass","status":"publish","type":"product","link":"https:\/\/miritglas.com\/no\/produkter\/blyglass\/","title":{"rendered":"Blyglass"},"content":{"rendered":"\t\t<div data-elementor-type=\"wp-post\" data-elementor-id=\"3028\" class=\"elementor elementor-3028 elementor-283\" data-elementor-post-type=\"product\">\n\t\t\t\t<div class=\"elementor-element elementor-element-358fe3aa e-flex e-con-boxed e-con e-parent\" data-id=\"358fe3aa\" data-element_type=\"container\" data-e-type=\"container\">\n\t\t\t\t\t<div class=\"e-con-inner\">\n\t\t<div class=\"elementor-element elementor-element-766cb6 e-con-full e-flex e-con e-parent\" data-id=\"766cb6\" data-element_type=\"container\" data-e-type=\"container\">\n\t\t\t\t<div class=\"elementor-element elementor-element-f408323 elementor-widget elementor-widget-text-editor\" data-id=\"f408323\" data-element_type=\"widget\" data-e-type=\"widget\" data-widget_type=\"text-editor.default\">\n\t\t\t\t<div class=\"elementor-widget-container\">\n\t\t\t\t\t\t\t\t\t<h2>Materialet som stopper radioaktive str\u00e5ler<\/h2>\n<p>Blyglass er spesielt anvendelig n\u00e5r man har behov for \u00e5 f\u00f8lge prosesser der det arbeides med radioaktive str\u00e5ler.<\/p>\n<p>Som utgangspunkt leverer vi blyglass i tykkelser p\u00e5 opptil 11-13 mm med en blyekvivalens p\u00e5 3,5 mm ved en r\u00f8ntgenspenning p\u00e5 150k V.<br \/>\nDet er mulig \u00e5 skaffe blyglass som er tykkere, hvis det skulle v\u00e6re n\u00f8dvendig, men da m\u00e5 det beregnes lengre leveringstid.<\/p>\n<p>Blyglass kan skj\u00e6res etter m\u00e5l og med diverse huller og fasonger. Blyglass kan ikke herdes \u2013 verken kjemisk eller termisk. Det er likevel mulig \u00e5 laminere blyglass sammen og dermed gj\u00f8re det til\u00a0<a href=\"https:\/\/miritglas.com\/no\/produkter\/sikkerhetsglass\/\">sikkerhetsglass<\/a>.<\/p>\n<p class=\"p1\">V\u00e5re glasseksperter st\u00e5r klare til hjelpe deg med \u00e5 velge riktig materiale. Kontakt oss for mer informasjon om mulighetene med beskyttelsesglass.<\/p>\n\t\t\t\t\t\t\t\t<\/div>\n\t\t\t\t<\/div>\n\t\t\t\t<div class=\"elementor-element elementor-element-6f672d7c elementor-widget elementor-widget-button\" data-id=\"6f672d7c\" data-element_type=\"widget\" data-e-type=\"widget\" data-widget_type=\"button.default\">\n\t\t\t\t<div class=\"elementor-widget-container\">\n\t\t\t\t\t\t\t\t\t<div class=\"elementor-button-wrapper\">\n\t\t\t\t\t<a class=\"elementor-button elementor-button-link elementor-size-md\" href=\"https:\/\/miritglas.com\/no\/kontakt-oss\/\">\n\t\t\t\t\t\t<span class=\"elementor-button-content-wrapper\">\n\t\t\t\t\t\t\t\t\t<span class=\"elementor-button-text\">Kontakt oss i dag<\/span>\n\t\t\t\t\t<\/span>\n\t\t\t\t\t<\/a>\n\t\t\t\t<\/div>\n\t\t\t\t\t\t\t\t<\/div>\n\t\t\t\t<\/div>\n\t\t\t\t<\/div>\n\t\t<div class=\"elementor-element elementor-element-65efb9e1 e-con-full e-flex e-con e-parent\" data-id=\"65efb9e1\" data-element_type=\"container\" data-e-type=\"container\">\n\t\t\t\t<div class=\"elementor-element elementor-element-5764eb53 elementor-absolute elementor-widget elementor-widget-global elementor-global-634 elementor-widget-image\" data-id=\"5764eb53\" data-element_type=\"widget\" data-e-type=\"widget\" data-settings=\"{&quot;_position&quot;:&quot;absolute&quot;}\" data-widget_type=\"image.default\">\n\t\t\t\t<div class=\"elementor-widget-container\">\n\t\t\t\t\t\t\t\t\t\t\t\t\t\t\t<img fetchpriority=\"high\" decoding=\"async\" width=\"230\" height=\"230\" src=\"https:\/\/miritglas.com\/wp-content\/uploads\/2023\/08\/logo-icon.png\" class=\"attachment-medium size-medium wp-image-166\" alt=\"Mirit glas logo. Nordens foretrukne glasleverand\u00f8r \u2013 vi fremstiller efter individuelle behov\" srcset=\"https:\/\/miritglas.com\/wp-content\/uploads\/2023\/08\/logo-icon.png 230w, https:\/\/miritglas.com\/wp-content\/uploads\/2023\/08\/logo-icon-150x150.png 150w\" sizes=\"(max-width: 230px) 100vw, 230px\" title=\"\">\t\t\t\t\t\t\t\t\t\t\t\t\t\t\t<\/div>\n\t\t\t\t<\/div>\n\t\t<div class=\"elementor-element elementor-element-e64d233 e-flex e-con-boxed e-con e-parent\" data-id=\"e64d233\" data-element_type=\"container\" data-e-type=\"container\" data-settings=\"{&quot;background_background&quot;:&quot;classic&quot;}\">\n\t\t\t\t\t<div class=\"e-con-inner\">\n\t\t\t\t<div class=\"elementor-element elementor-element-bfccf7a elementor-widget elementor-widget-text-editor\" data-id=\"bfccf7a\" data-element_type=\"widget\" data-e-type=\"widget\" data-widget_type=\"text-editor.default\">\n\t\t\t\t<div class=\"elementor-widget-container\">\n\t\t\t\t\t\t\t\t\t<h4>KORT OPPSUMMERT<\/h4>\n<ul>\n<li class=\"li1\"><span class=\"s2\">Beskytter mot radioaktiv str\u00e5ling<\/span><\/li>\n<li class=\"li1\"><span class=\"s2\">Svak gulaktig fargetone (avhengig av glassets tykkelse)<\/span><\/li>\n<li class=\"li1\"><span class=\"s2\">Kan tilskj\u00e6res etter m\u00e5l<\/span><\/li>\n<li class=\"li1\"><span class=\"s2\">Kan brukes som sikkerhetsglass vha. laminering<\/span><\/li>\n<li class=\"li2\"><span class=\"s2\">Rask levering p\u00e5 tykkelser opptil 13 mm<\/span><\/li>\n<\/ul>\n\t\t\t\t\t\t\t\t<\/div>\n\t\t\t\t<\/div>\n\t\t\t\t\t<\/div>\n\t\t\t\t<\/div>\n\t\t\t\t<\/div>\n\t\t\t\t\t<\/div>\n\t\t\t\t<\/div>\n\t\t<div class=\"elementor-element elementor-element-738feb7 e-flex e-con-boxed e-con e-parent\" data-id=\"738feb7\" data-element_type=\"container\" data-e-type=\"container\" data-settings=\"{&quot;background_background&quot;:&quot;classic&quot;}\">\n\t\t\t\t\t<div class=\"e-con-inner\">\n\t\t<div class=\"elementor-element elementor-element-c872010 e-con-full e-flex e-con e-parent\" data-id=\"c872010\" data-element_type=\"container\" data-e-type=\"container\">\n\t\t\t\t<div class=\"elementor-element elementor-element-a08e9a3 elementor-widget elementor-widget-text-editor\" data-id=\"a08e9a3\" data-element_type=\"widget\" data-e-type=\"widget\" data-widget_type=\"text-editor.default\">\n\t\t\t\t<div class=\"elementor-widget-container\">\n\t\t\t\t\t\t\t\t\t<h3>Glassets egenskaper<\/h3>\n<p>Blyglass beskytter mot radioaktive str\u00e5ler. Avhengig av r\u00e5glassets tykkelse kan man oppn\u00e5 forskjellige beskyttelsesniv\u00e5er.<\/p>\n<p>Blyglass inneholder ca. 48 % bly. Glasset er transparent, men har likevel en svak gullaktig tone, som \u00f8ker med glassets tykkelse. Jo tykkere glass, jo mindre gjennomsiktighet.<\/p>\n<p>Glassets evne til \u00e5 beskytte mot str\u00e5ling kalles \u201dblyekvivalens\u201d og henviser til tykkelsen p\u00e5 en blyplate med tilsvarende beskyttelse. Jo h\u00f8yere blyekvivalens, jo bedre beskyttelse. Blyekvivalensen p\u00e5virkes av spenningen p\u00e5 r\u00f8ntgenstr\u00e5lene, s\u00e5 det kan v\u00e6re n\u00f8dvendig \u00e5 \u00f8ke tykkelsen p\u00e5 glasset for \u00e5 oppn\u00e5 den \u00f8nsket beskyttelse.<\/p>\n<p>For eksempel vil et blyglass med tykkelsen 7- 8,5 mm ha en blyekvivalens p\u00e5 2,1 mm ved en r\u00f8ntgenspenning p\u00e5 150k V. Hvis spenningen \u00f8kes, faller blyekvivalensen.<\/p>\n\t\t\t\t\t\t\t\t<\/div>\n\t\t\t\t<\/div>\n\t\t\t\t<\/div>\n\t\t\t\t\t<\/div>\n\t\t\t\t<\/div>\n\t\t<div class=\"elementor-element elementor-element-04c9ab3 e-flex e-con-boxed e-con e-parent\" data-id=\"04c9ab3\" data-element_type=\"container\" data-e-type=\"container\">\n\t\t\t\t\t<div class=\"e-con-inner\">\n\t\t<div class=\"elementor-element elementor-element-4419495 e-con-full e-flex e-con e-parent\" data-id=\"4419495\" data-element_type=\"container\" data-e-type=\"container\">\n\t\t\t\t<div class=\"elementor-element elementor-element-6de2165 elementor-widget elementor-widget-text-editor\" data-id=\"6de2165\" data-element_type=\"widget\" data-e-type=\"widget\" data-widget_type=\"text-editor.default\">\n\t\t\t\t<div class=\"elementor-widget-container\">\n\t\t\t\t\t\t\t\t\t<h3>Derfor er blyglass et viktig materiale<\/h3>\n<p>Selv om str\u00e5ling brukes til \u00e5 diagnostisere og behandle ulike typer sykdommer, er ikke kontinuerlig eksponering for r\u00f8ntgenstr\u00e5ler ufarlig for mennesker. For vanlige pasienter som kun utsettes for denne typen str\u00e5ling, de f\u00e5 gangene de kan bli r\u00f8ntgenfotografert i livet, er ikke problemet s\u00e5 stort. Men for en r\u00f8ntgenfotograf eller en forsker som jobber med str\u00e5ling i sitt daglige arbeid, er det selvsagt mye st\u00f8rre risiko for varig skade p\u00e5 vevet. Det er derfor viktig at disse personene er forsvarlig beskyttet med blyglass og andre tekniske tiltak.<\/p>\n<p>S\u00e6rlig \u00f8ynene, som er blant de mest utsatte organene p\u00e5 kroppen, er viktige \u00e5 beskytte. Og selv om str\u00e5lingen ikke umiddelbart kan kjennes p\u00e5 noen m\u00e5te, betyr ikke dette at noen upassende ting ikke skjer med kroppen. Str\u00e5lingen som oppst\u00e5r via r\u00f8ntgenfotografering er sterk nok til \u00e5 p\u00e5virke stabiliteten til atomer. Og derfor er det nettopp viktig \u00e5 sikre seg mot p\u00e5virkning av str\u00e5ler gjennom noen blyglass og\/eller spesielle glasstyper, selv om man naturlig nok pr\u00f8ver \u00e5 redusere spredningen av str\u00e5ling i denne typen prosesser.<\/p>\n\t\t\t\t\t\t\t\t<\/div>\n\t\t\t\t<\/div>\n\t\t\t\t<div class=\"elementor-element elementor-element-d7cccbf elementor-widget elementor-widget-button\" data-id=\"d7cccbf\" data-element_type=\"widget\" data-e-type=\"widget\" data-widget_type=\"button.default\">\n\t\t\t\t<div class=\"elementor-widget-container\">\n\t\t\t\t\t\t\t\t\t<div class=\"elementor-button-wrapper\">\n\t\t\t\t\t<a class=\"elementor-button elementor-button-link elementor-size-md\" href=\"https:\/\/miritglas.com\/no\/kontakt-oss\/\">\n\t\t\t\t\t\t<span class=\"elementor-button-content-wrapper\">\n\t\t\t\t\t\t\t\t\t<span class=\"elementor-button-text\">Kontakt oss i dag<\/span>\n\t\t\t\t\t<\/span>\n\t\t\t\t\t<\/a>\n\t\t\t\t<\/div>\n\t\t\t\t\t\t\t\t<\/div>\n\t\t\t\t<\/div>\n\t\t\t\t<\/div>\n\t\t<div class=\"elementor-element elementor-element-fcc42c8 e-con-full e-flex e-con e-parent\" data-id=\"fcc42c8\" data-element_type=\"container\" data-e-type=\"container\">\n\t\t\t\t<div class=\"elementor-element elementor-element-d06ae9f elementor-absolute elementor-widget elementor-widget-global elementor-global-634 elementor-widget-image\" data-id=\"d06ae9f\" data-element_type=\"widget\" data-e-type=\"widget\" data-settings=\"{&quot;_position&quot;:&quot;absolute&quot;}\" data-widget_type=\"image.default\">\n\t\t\t\t<div class=\"elementor-widget-container\">\n\t\t\t\t\t\t\t\t\t\t\t\t\t\t\t<img fetchpriority=\"high\" decoding=\"async\" width=\"230\" height=\"230\" src=\"https:\/\/miritglas.com\/wp-content\/uploads\/2023\/08\/logo-icon.png\" class=\"attachment-medium size-medium wp-image-166\" alt=\"Mirit glas logo. Nordens foretrukne glasleverand\u00f8r \u2013 vi fremstiller efter individuelle behov\" srcset=\"https:\/\/miritglas.com\/wp-content\/uploads\/2023\/08\/logo-icon.png 230w, https:\/\/miritglas.com\/wp-content\/uploads\/2023\/08\/logo-icon-150x150.png 150w\" sizes=\"(max-width: 230px) 100vw, 230px\" title=\"\">\t\t\t\t\t\t\t\t\t\t\t\t\t\t\t<\/div>\n\t\t\t\t<\/div>\n\t\t<div class=\"elementor-element elementor-element-a915ff0 e-flex e-con-boxed e-con e-parent\" data-id=\"a915ff0\" data-element_type=\"container\" data-e-type=\"container\" data-settings=\"{&quot;background_background&quot;:&quot;classic&quot;}\">\n\t\t\t\t\t<div class=\"e-con-inner\">\n\t\t\t\t<div class=\"elementor-element elementor-element-262cf8b elementor-widget elementor-widget-text-editor\" data-id=\"262cf8b\" data-element_type=\"widget\" data-e-type=\"widget\" data-widget_type=\"text-editor.default\">\n\t\t\t\t<div class=\"elementor-widget-container\">\n\t\t\t\t\t\t\t\t\t<h4>Blyekvivalens er evnen til \u00e5 beskytte mennesker mot skadelig str\u00e5ling<\/h4>\n<p>Blyglass inneholder ca. 48 % bly. Glasset er gjennomsiktig, men har en svak gulaktig tone som \u00f8ker med tykkelsen p\u00e5 glasset. Jo tykkere glass, jo mindre gjennomsiktighet er det i glasset.<\/p>\n<p>Glassets evne til \u00e5 beskytte mot str\u00e5ling kalles blyekvivalens og refererer til tykkelsen p\u00e5 en blyplate med tilsvarende beskyttelse. Jo h\u00f8yere blyekvivalens, jo mer beskyttelse gir glasset. Blyekvivalensen p\u00e5virkes av spenningen til r\u00f8ntgenstr\u00e5lene, s\u00e5 det kan v\u00e6re n\u00f8dvendig \u00e5 \u00f8ke tykkelsen p\u00e5 glasset for \u00e5 oppn\u00e5 \u00f8nsket beskyttelse.<\/p>\n<p>For eksempel vil et blyglass med en tykkelse p\u00e5 7-8,5 mm ha en blyekvivalens p\u00e5 2,1 mm ved en r\u00f8ntgenspenning p\u00e5 150k V. \u00d8kes spenningen, synker blyekvivalensen.<\/p>\n\t\t\t\t\t\t\t\t<\/div>\n\t\t\t\t<\/div>\n\t\t\t\t\t<\/div>\n\t\t\t\t<\/div>\n\t\t\t\t<\/div>\n\t\t\t\t\t<\/div>\n\t\t\t\t<\/div>\n\t\t\t\t<\/div>\n\t\t","protected":false},"featured_media":0,"template":"","class_list":["post-3028","product","type-product","status-publish","hentry"],"acf":[],"_links":{"self":[{"href":"https:\/\/miritglas.com\/no\/wp-json\/wp\/v2\/product\/3028","targetHints":{"allow":["GET"]}}],"collection":[{"href":"https:\/\/miritglas.com\/no\/wp-json\/wp\/v2\/product"}],"about":[{"href":"https:\/\/miritglas.com\/no\/wp-json\/wp\/v2\/types\/product"}],"version-history":[{"count":3,"href":"https:\/\/miritglas.com\/no\/wp-json\/wp\/v2\/product\/3028\/revisions"}],"predecessor-version":[{"id":6960,"href":"https:\/\/miritglas.com\/no\/wp-json\/wp\/v2\/product\/3028\/revisions\/6960"}],"wp:attachment":[{"href":"https:\/\/miritglas.com\/no\/wp-json\/wp\/v2\/media?parent=3028"}],"curies":[{"name":"wp","href":"https:\/\/api.w.org\/{rel}","templated":true}]}}