{"id":3020,"date":"2023-08-09T11:27:36","date_gmt":"2023-08-09T09:27:36","guid":{"rendered":"https:\/\/miritglas.com\/produkter\/belysningsglass\/"},"modified":"2023-09-19T17:59:43","modified_gmt":"2023-09-19T15:59:43","slug":"belysningsglass","status":"publish","type":"product","link":"https:\/\/miritglas.com\/no\/produkter\/belysningsglass\/","title":{"rendered":"Belysningsglass"},"content":{"rendered":"\t\t<div data-elementor-type=\"wp-post\" data-elementor-id=\"3020\" class=\"elementor elementor-3020 elementor-281\" data-elementor-post-type=\"product\">\n\t\t\t\t<div class=\"elementor-element elementor-element-17a2d0d2 e-flex e-con-boxed e-con e-parent\" data-id=\"17a2d0d2\" data-element_type=\"container\" data-e-type=\"container\">\n\t\t\t\t\t<div class=\"e-con-inner\">\n\t\t<div class=\"elementor-element elementor-element-4e58ef9f e-con-full e-flex e-con e-parent\" data-id=\"4e58ef9f\" data-element_type=\"container\" data-e-type=\"container\">\n\t\t\t\t<div class=\"elementor-element elementor-element-31569cad elementor-widget elementor-widget-text-editor\" data-id=\"31569cad\" data-element_type=\"widget\" data-e-type=\"widget\" data-widget_type=\"text-editor.default\">\n\t\t\t\t<div class=\"elementor-widget-container\">\n\t\t\t\t\t\t\t\t\t<h2>Belysningsglass og lampeglass som fullf\u00f8rer design og st\u00f8tter funksjoner<\/h2>\n<p>Mirit Glas er eksperter p\u00e5 glassl\u00f8sninger for belysning og tilbyr tjenester til b\u00e5de sm\u00e5 og store lampeprodusenter i Danmark og i utlandet.<\/p>\n<p>Kontakt Mirit Glas for mer informasjon om mulighetene med belysningsglass og lampeglass.<\/p>\n\t\t\t\t\t\t\t\t<\/div>\n\t\t\t\t<\/div>\n\t\t\t\t<div class=\"elementor-element elementor-element-5166fe0c elementor-widget elementor-widget-button\" data-id=\"5166fe0c\" data-element_type=\"widget\" data-e-type=\"widget\" data-widget_type=\"button.default\">\n\t\t\t\t<div class=\"elementor-widget-container\">\n\t\t\t\t\t\t\t\t\t<div class=\"elementor-button-wrapper\">\n\t\t\t\t\t<a class=\"elementor-button elementor-button-link elementor-size-md\" href=\"https:\/\/miritglas.com\/no\/kontakt-oss\/\">\n\t\t\t\t\t\t<span class=\"elementor-button-content-wrapper\">\n\t\t\t\t\t\t\t\t\t<span class=\"elementor-button-text\">Kontakt oss i dag<\/span>\n\t\t\t\t\t<\/span>\n\t\t\t\t\t<\/a>\n\t\t\t\t<\/div>\n\t\t\t\t\t\t\t\t<\/div>\n\t\t\t\t<\/div>\n\t\t\t\t<\/div>\n\t\t<div class=\"elementor-element elementor-element-5cd505e e-con-full e-flex e-con e-parent\" data-id=\"5cd505e\" data-element_type=\"container\" data-e-type=\"container\">\n\t\t\t\t<div class=\"elementor-element elementor-element-350752b elementor-absolute elementor-widget elementor-widget-global elementor-global-634 elementor-widget-image\" data-id=\"350752b\" data-element_type=\"widget\" data-e-type=\"widget\" data-settings=\"{&quot;_position&quot;:&quot;absolute&quot;}\" data-widget_type=\"image.default\">\n\t\t\t\t<div class=\"elementor-widget-container\">\n\t\t\t\t\t\t\t\t\t\t\t\t\t\t\t<img fetchpriority=\"high\" decoding=\"async\" width=\"230\" height=\"230\" src=\"https:\/\/miritglas.com\/wp-content\/uploads\/2023\/08\/logo-icon.png\" class=\"attachment-medium size-medium wp-image-168\" alt=\"Mirit glas logo.\" srcset=\"https:\/\/miritglas.com\/wp-content\/uploads\/2023\/08\/logo-icon.png 230w, https:\/\/miritglas.com\/wp-content\/uploads\/2023\/08\/logo-icon-150x150.png 150w\" sizes=\"(max-width: 230px) 100vw, 230px\" title=\"\">\t\t\t\t\t\t\t\t\t\t\t\t\t\t\t<\/div>\n\t\t\t\t<\/div>\n\t\t<div class=\"elementor-element elementor-element-52a94511 e-flex e-con-boxed e-con e-parent\" data-id=\"52a94511\" data-element_type=\"container\" data-e-type=\"container\" data-settings=\"{&quot;background_background&quot;:&quot;classic&quot;}\">\n\t\t\t\t\t<div class=\"e-con-inner\">\n\t\t\t\t<div class=\"elementor-element elementor-element-5947b8f2 elementor-widget elementor-widget-text-editor\" data-id=\"5947b8f2\" data-element_type=\"widget\" data-e-type=\"widget\" data-widget_type=\"text-editor.default\">\n\t\t\t\t<div class=\"elementor-widget-container\">\n\t\t\t\t\t\t\t\t\t<h4>Belysningsglass tilpasset ditt behov<\/h4>\n<ul>\n<li>Farget glas<\/li>\n<li>Diffust glas<\/li>\n<li>H\u00f8y lystransmisjon<\/li>\n<li>Motstandsdyktig mot store temperaturforskjeller<\/li>\n<li>Glass som matkontaktmateriale<\/li>\n<li>Filtrering av b\u00f8lgelengder<\/li>\n<li>Munnbl\u00e5st glass<\/li>\n<\/ul>\n\t\t\t\t\t\t\t\t<\/div>\n\t\t\t\t<\/div>\n\t\t\t\t\t<\/div>\n\t\t\t\t<\/div>\n\t\t\t\t<\/div>\n\t\t\t\t\t<\/div>\n\t\t\t\t<\/div>\n\t\t<div class=\"elementor-element elementor-element-fd463de e-flex e-con-boxed e-con e-parent\" data-id=\"fd463de\" data-element_type=\"container\" data-e-type=\"container\" data-settings=\"{&quot;background_background&quot;:&quot;classic&quot;}\">\n\t\t\t\t\t<div class=\"e-con-inner\">\n\t\t<div class=\"elementor-element elementor-element-1c3f503 e-flex e-con-boxed e-con e-parent\" data-id=\"1c3f503\" data-element_type=\"container\" data-e-type=\"container\">\n\t\t\t\t\t<div class=\"e-con-inner\">\n\t\t\t\t<div class=\"elementor-element elementor-element-6b7013e elementor-widget elementor-widget-text-editor\" data-id=\"6b7013e\" data-element_type=\"widget\" data-e-type=\"widget\" data-widget_type=\"text-editor.default\">\n\t\t\t\t<div class=\"elementor-widget-container\">\n\t\t\t\t\t\t\t\t\t<h3>Eksempler p\u00e5 belysningsglass fra Mirit Glas<\/h3>\n<h4>Diffust eller farget lys<\/h4>\n<p>Kan v\u00e6re b\u00e5de et sp\u00f8rsm\u00e5l om stil eller funksjonalitet. Glasset kan mattes ned gjennom etsning eller sandbl\u00e5sing, slik at lyskilder skjules og \/ eller lyset spres.<br \/>\nDet finnes ulike typer farget glass, og hvis en bestemt farge er \u00f8nsket, er det mulig \u00e5 trykke r\u00f8ret med en semi-transparent farge.<\/p>\n<h4>H\u00f8y lystransmisjon<\/h4>\n<p>Glasset beskytter lyskilden beskytter og hindrer utilsiktet ber\u00f8ring samtidig som den tillater maksimal overf\u00f8ring av synlig lys.<\/p>\n<h4>Herding av belysningsglass<\/h4>\n<p><a href=\"https:\/\/miritglas.com\/no\/produkter\/herdet-glass\/\">Herdet glass<\/a>\u00a0er et godt valg n\u00e5r sikkerhet er en prioritet. Herdet glass er ogs\u00e5 motstandsdyktig mot store temperaturforskjeller og er betydelig sterkere enn uherdet.<\/p>\n<h4>Filtrering av b\u00f8lgelengder<\/h4>\n<p>Behandling av glass som enten begrenser eller stanser visse b\u00f8lgelengder i lyset. F. eks. UV-str\u00e5ler for \u00e5 hindre falming av materialer eller at mat raskt blir fordervet.<br \/>\nBelegget p\u00e5 glasset kan fremheve eller tone ned visse b\u00f8lgelengder for \u00e5 fremheve bestemte farger.<\/p>\n<h4>Munnbl\u00e5st glass<\/h4>\n<p>Vi samarbeider med ulike selskaper som munnbl\u00e5ser glass. Avhengig av oppgaven, velger vi den mest passende partneren.<\/p>\n<h4>Belagt varmerute \/ varmeglass<\/h4>\n<p>I forbindelse med den p\u00e5g\u00e5ende utskiftingen av gl\u00f8dep\u00e6rer med LED-lyskilder, spesielt i utebelysning, vil det v\u00e6re perioder der is, sn\u00f8, dugg eller lignende p\u00e5virker lysets gjennomtrengelighet. Dette problemet kan avhjelpes ved \u00e5 bruke\u00a0<a href=\"https:\/\/miritglas.com\/no\/produkter\/varmeruter\/\">varmeruter\/varmeglass<\/a>\u00a0som er fremstilt med belagt glass.<\/p>\n\t\t\t\t\t\t\t\t<\/div>\n\t\t\t\t<\/div>\n\t\t\t\t\t<\/div>\n\t\t\t\t<\/div>\n\t\t\t\t\t<\/div>\n\t\t\t\t<\/div>\n\t\t<div class=\"elementor-element elementor-element-2e7dc697 e-flex e-con-boxed e-con e-parent\" data-id=\"2e7dc697\" data-element_type=\"container\" data-e-type=\"container\">\n\t\t\t\t\t<div class=\"e-con-inner\">\n\t\t<div class=\"elementor-element elementor-element-4577fddd e-con-full e-flex e-con e-parent\" data-id=\"4577fddd\" data-element_type=\"container\" data-e-type=\"container\">\n\t\t\t\t<div class=\"elementor-element elementor-element-12e049f elementor-widget elementor-widget-text-editor\" data-id=\"12e049f\" data-element_type=\"widget\" data-e-type=\"widget\" data-widget_type=\"text-editor.default\">\n\t\t\t\t<div class=\"elementor-widget-container\">\n\t\t\t\t\t\t\t\t\t<h3>Den riktige l\u00f8sningen for det spesifikke behovet<\/h3>\n<p>Belysningsglass kan fungere som en del av et lampedesign eller ha egenskaper som gir lampen en spesiell funksjon. Mirit Glas leverer alle typer spesialiserte belysningsglass og lampeglass, og vi s\u00f8rger for at v\u00e5re kunder f\u00e5r den l\u00f8sningen som gir det \u00f8nskede sluttproduktet.<\/p>\n<p>N\u00e5r kravet om belysningsglass er mer enn bare de stilistiske aspektene, finnes det en rekke ulike alternativer. Mirit Glas gir naturligvis faglige r\u00e5d i tvilstilfeller.<\/p>\n<p class=\"p1\">V\u00e5re glasseksperter st\u00e5r klare til hjelpe deg med \u00e5 velge riktig materiale. Kontakt oss for mer informasjon om mulighetene med beskyttelsesglass.<\/p>\n\t\t\t\t\t\t\t\t<\/div>\n\t\t\t\t<\/div>\n\t\t\t\t<div class=\"elementor-element elementor-element-60e50a98 elementor-widget elementor-widget-button\" data-id=\"60e50a98\" data-element_type=\"widget\" data-e-type=\"widget\" data-widget_type=\"button.default\">\n\t\t\t\t<div class=\"elementor-widget-container\">\n\t\t\t\t\t\t\t\t\t<div class=\"elementor-button-wrapper\">\n\t\t\t\t\t<a class=\"elementor-button elementor-button-link elementor-size-md\" href=\"https:\/\/miritglas.com\/no\/kontakt-oss\/\">\n\t\t\t\t\t\t<span class=\"elementor-button-content-wrapper\">\n\t\t\t\t\t\t\t\t\t<span class=\"elementor-button-text\">Kontakt oss i dag<\/span>\n\t\t\t\t\t<\/span>\n\t\t\t\t\t<\/a>\n\t\t\t\t<\/div>\n\t\t\t\t\t\t\t\t<\/div>\n\t\t\t\t<\/div>\n\t\t\t\t<\/div>\n\t\t<div class=\"elementor-element elementor-element-5ee9813 e-con-full e-flex e-con e-parent\" data-id=\"5ee9813\" data-element_type=\"container\" data-e-type=\"container\">\n\t\t\t\t<div class=\"elementor-element elementor-element-3b14492 elementor-widget elementor-widget-image\" data-id=\"3b14492\" data-element_type=\"widget\" data-e-type=\"widget\" data-widget_type=\"image.default\">\n\t\t\t\t<div class=\"elementor-widget-container\">\n\t\t\t\t\t\t\t\t\t\t\t\t\t\t\t<img decoding=\"async\" width=\"800\" height=\"572\" src=\"https:\/\/miritglas.com\/wp-content\/uploads\/2023\/08\/beslysningsglas.png\" class=\"attachment-large size-large wp-image-1760\" alt=\"belysningsglas og lampeglas til pragmatisk design der underst\u00f8tter erhvervs- og inustrifuntioner.\" srcset=\"https:\/\/miritglas.com\/wp-content\/uploads\/2023\/08\/beslysningsglas.png 1000w, https:\/\/miritglas.com\/wp-content\/uploads\/2023\/08\/beslysningsglas-300x215.png 300w, https:\/\/miritglas.com\/wp-content\/uploads\/2023\/08\/beslysningsglas-768x549.png 768w\" sizes=\"(max-width: 800px) 100vw, 800px\" title=\"\">\t\t\t\t\t\t\t\t\t\t\t\t\t\t\t<\/div>\n\t\t\t\t<\/div>\n\t\t\t\t<\/div>\n\t\t\t\t\t<\/div>\n\t\t\t\t<\/div>\n\t\t\t\t<\/div>\n\t\t","protected":false},"featured_media":1760,"template":"","class_list":["post-3020","product","type-product","status-publish","has-post-thumbnail","hentry"],"acf":[],"_links":{"self":[{"href":"https:\/\/miritglas.com\/no\/wp-json\/wp\/v2\/product\/3020","targetHints":{"allow":["GET"]}}],"collection":[{"href":"https:\/\/miritglas.com\/no\/wp-json\/wp\/v2\/product"}],"about":[{"href":"https:\/\/miritglas.com\/no\/wp-json\/wp\/v2\/types\/product"}],"version-history":[{"count":2,"href":"https:\/\/miritglas.com\/no\/wp-json\/wp\/v2\/product\/3020\/revisions"}],"predecessor-version":[{"id":3484,"href":"https:\/\/miritglas.com\/no\/wp-json\/wp\/v2\/product\/3020\/revisions\/3484"}],"wp:featuredmedia":[{"embeddable":true,"href":"https:\/\/miritglas.com\/no\/wp-json\/wp\/v2\/media\/1760"}],"wp:attachment":[{"href":"https:\/\/miritglas.com\/no\/wp-json\/wp\/v2\/media?parent=3020"}],"curies":[{"name":"wp","href":"https:\/\/api.w.org\/{rel}","templated":true}]}}