{"id":3016,"date":"2023-08-09T11:27:26","date_gmt":"2023-08-09T09:27:26","guid":{"rendered":"https:\/\/miritglas.com\/produkter\/antirefleks-glass\/"},"modified":"2026-04-14T13:33:48","modified_gmt":"2026-04-14T11:33:48","slug":"antirefleksglass","status":"publish","type":"product","link":"https:\/\/miritglas.com\/no\/produkter\/antirefleksglass\/","title":{"rendered":"Antirefleks glass"},"content":{"rendered":"\t\t<div data-elementor-type=\"wp-post\" data-elementor-id=\"3016\" class=\"elementor elementor-3016 elementor-280\" data-elementor-post-type=\"product\">\n\t\t\t\t<div class=\"elementor-element elementor-element-79a606c1 e-flex e-con-boxed e-con e-parent\" data-id=\"79a606c1\" data-element_type=\"container\" data-e-type=\"container\">\n\t\t\t\t\t<div class=\"e-con-inner\">\n\t\t<div class=\"elementor-element elementor-element-4876576b e-con-full e-flex e-con e-child\" data-id=\"4876576b\" data-element_type=\"container\" data-e-type=\"container\">\n\t\t\t\t<div class=\"elementor-element elementor-element-5bcbc1a1 elementor-widget elementor-widget-text-editor\" data-id=\"5bcbc1a1\" data-element_type=\"widget\" data-e-type=\"widget\" data-widget_type=\"text-editor.default\">\n\t\t\t\t<div class=\"elementor-widget-container\">\n\t\t\t\t\t\t\t\t\t<h2>Antirefleksglass \u2013 N\u00e5r refleksene erter<\/h2>\n<p><strong>Antirefleksglass, lavreflekterende eller anti-glare glass er l\u00f8sningen for kunder der gjenskinn i glasset er et problem. Glasset kan brukes fra bedrifter som jobber med skjermer i milj\u00f8er hvor gjenskinn eller reflekser forstyrrer arbeidet, til museer som trenger glass som b\u00e5de beskytter, men ogs\u00e5 gir de bes\u00f8kende mulighet til \u00e5 se verkene.<\/strong><br \/>\nAvhengig av form\u00e5let brukes to forskjellige teknologier for \u00e5 fjerne lysrefleksjoner i glass. Antirefleksglass reduserer gjenskinn ved \u00e5 belegge glasset, mens anti-glare-teknologien er basert p\u00e5 \u00e5 etse glasset veldig fint slik at det ikke kan reflektere lys eller omgivelser.<br \/>\nVanligvis n\u00e5r n\u00e6ringslivet eller industrien trenger glass, er det glass med en praktisk hensikt. Og selv om det kan v\u00e6re herlig med solskinn og v\u00e6re et formidabelt pittoresk syn, \u00e5 se travel produksjon med lyset fra flomlys og sveiseprosesser, er det et helt annet problem \u00e5 m\u00e5tte jobbe ved en skjerm eller et kontrollpanel i de omgivelsene. Her er antirefleksglass eller antirefleksglass l\u00f8sningen.<\/p>\n\t\t\t\t\t\t\t\t<\/div>\n\t\t\t\t<\/div>\n\t\t\t\t<div class=\"elementor-element elementor-element-702deae6 elementor-widget elementor-widget-button\" data-id=\"702deae6\" data-element_type=\"widget\" data-e-type=\"widget\" data-widget_type=\"button.default\">\n\t\t\t\t<div class=\"elementor-widget-container\">\n\t\t\t\t\t\t\t\t\t<div class=\"elementor-button-wrapper\">\n\t\t\t\t\t<a class=\"elementor-button elementor-button-link elementor-size-md\" href=\"https:\/\/miritglas.com\/no\/kontakt-oss\/\">\n\t\t\t\t\t\t<span class=\"elementor-button-content-wrapper\">\n\t\t\t\t\t\t\t\t\t<span class=\"elementor-button-text\">Kontakt oss i dag<\/span>\n\t\t\t\t\t<\/span>\n\t\t\t\t\t<\/a>\n\t\t\t\t<\/div>\n\t\t\t\t\t\t\t\t<\/div>\n\t\t\t\t<\/div>\n\t\t\t\t<\/div>\n\t\t<div class=\"elementor-element elementor-element-47655b0 e-con-full e-flex e-con e-child\" data-id=\"47655b0\" data-element_type=\"container\" data-e-type=\"container\">\n\t\t\t\t<div class=\"elementor-element elementor-element-6924ab9e elementor-absolute elementor-widget elementor-widget-global elementor-global-634 elementor-widget-image\" data-id=\"6924ab9e\" data-element_type=\"widget\" data-e-type=\"widget\" data-settings=\"{&quot;_position&quot;:&quot;absolute&quot;}\" data-widget_type=\"image.default\">\n\t\t\t\t<div class=\"elementor-widget-container\">\n\t\t\t\t\t\t\t\t\t\t\t\t\t\t\t<img fetchpriority=\"high\" decoding=\"async\" width=\"230\" height=\"230\" src=\"https:\/\/miritglas.com\/wp-content\/uploads\/2023\/08\/logo-icon.png\" class=\"attachment-medium size-medium wp-image-6972\" alt=\"Mirit glas logo.\" srcset=\"https:\/\/miritglas.com\/wp-content\/uploads\/2023\/08\/logo-icon.png 230w, https:\/\/miritglas.com\/wp-content\/uploads\/2023\/08\/logo-icon-150x150.png 150w\" sizes=\"(max-width: 230px) 100vw, 230px\" title=\"\">\t\t\t\t\t\t\t\t\t\t\t\t\t\t\t<\/div>\n\t\t\t\t<\/div>\n\t\t\t\t<div class=\"elementor-element elementor-element-2e6e901 elementor-widget elementor-widget-image\" data-id=\"2e6e901\" data-element_type=\"widget\" data-e-type=\"widget\" data-widget_type=\"image.default\">\n\t\t\t\t<div class=\"elementor-widget-container\">\n\t\t\t\t\t\t\t\t\t\t\t\t\t\t\t<img decoding=\"async\" width=\"800\" height=\"294\" src=\"https:\/\/miritglas.com\/wp-content\/uploads\/2023\/08\/anti-refleks-vs-alm-glas-1024x376.jpg\" class=\"attachment-large size-large wp-image-1719\" alt=\"anti reflective and anti glare glass for your company\" srcset=\"https:\/\/miritglas.com\/wp-content\/uploads\/2023\/08\/anti-refleks-vs-alm-glas-1024x376.jpg 1024w, https:\/\/miritglas.com\/wp-content\/uploads\/2023\/08\/anti-refleks-vs-alm-glas-300x110.jpg 300w, https:\/\/miritglas.com\/wp-content\/uploads\/2023\/08\/anti-refleks-vs-alm-glas-768x282.jpg 768w, https:\/\/miritglas.com\/wp-content\/uploads\/2023\/08\/anti-refleks-vs-alm-glas.jpg 1200w\" sizes=\"(max-width: 800px) 100vw, 800px\" title=\"\">\t\t\t\t\t\t\t\t\t\t\t\t\t\t\t<\/div>\n\t\t\t\t<\/div>\n\t\t<div class=\"elementor-element elementor-element-17a60355 e-flex e-con-boxed e-con e-child\" data-id=\"17a60355\" data-element_type=\"container\" data-e-type=\"container\" data-settings=\"{&quot;background_background&quot;:&quot;classic&quot;}\">\n\t\t\t\t\t<div class=\"e-con-inner\">\n\t\t\t\t<div class=\"elementor-element elementor-element-6358e56c elementor-widget elementor-widget-text-editor\" data-id=\"6358e56c\" data-element_type=\"widget\" data-e-type=\"widget\" data-widget_type=\"text-editor.default\">\n\t\t\t\t<div class=\"elementor-widget-container\">\n\t\t\t\t\t\t\t\t\t<p>Antirefleksglass, lavreflekterende glass og anti-glare-glass er den fornuftige forretningsl\u00f8sningen som b\u00e5de sikrer og effektiviserer produksjonen. Bruk av riktig glass kan forbedre arbeidsmilj\u00f8et betraktelig fordi det kan sikre at produksjonslederen har full oversikt og kan overv\u00e5ke produksjonskvaliteten p\u00e5 skjermen sin. Riktig glass uten forstyrrende refleksjoner i skjermen gj\u00f8r at en ansatt kan betjene en maskin b\u00e5de bedre og mer effektivt.<br \/>\nVi kjenner alle til problemet fra PC-skjermene v\u00e5re n\u00e5r reflekterende lys gj\u00f8r det vanskelig \u00e5 se ordentlig p\u00e5 skjermen og holde produktiviteten oppe. Riktig glass kan gj\u00f8re en forskjell og redusere plagene med refleksjoner fra skjermen.<br \/>\nI den andre enden av skalaen ligger museer og luksusbutikker, som trenger glasset for b\u00e5de \u00e5 beskytte kunstverkene eller luksusgjenstandene, og samtidig gj\u00f8re det mulig for gjestene\/kundene \u00e5 ha fri sikt til gjenstandene uten \u00e5 bli plaget. ved refleksjoner. Det ideelle glasset i et museum kan ikke sees og er fritt for forstyrrende refleksjoner som \u00f8delegger museumsopplevelsen. Derfor bruker mange museer belagt antirefleksglass, som b\u00e5de fjerner refleksjoner, filtrerer ut skadelig UV-lys og beskytter kunstgjenstandene. Det er glass hvor belegget b\u00e5de s\u00f8rger for en utrolig god lysstr\u00f8m og samtidig s\u00f8rger for at du kan se gjennom glasset b\u00e5de p\u00e5 kort og lang avstand uten \u00e5 bli forstyrret av reflekser.<\/p>\n\t\t\t\t\t\t\t\t<\/div>\n\t\t\t\t<\/div>\n\t\t\t\t\t<\/div>\n\t\t\t\t<\/div>\n\t\t\t\t<\/div>\n\t\t\t\t\t<\/div>\n\t\t\t\t<\/div>\n\t\t<div class=\"elementor-element elementor-element-914fd19 e-flex e-con-boxed e-con e-parent\" data-id=\"914fd19\" data-element_type=\"container\" data-e-type=\"container\" data-settings=\"{&quot;background_background&quot;:&quot;classic&quot;}\">\n\t\t\t\t\t<div class=\"e-con-inner\">\n\t\t<div class=\"elementor-element elementor-element-71935b5 e-flex e-con-boxed e-con e-child\" data-id=\"71935b5\" data-element_type=\"container\" data-e-type=\"container\">\n\t\t\t\t\t<div class=\"e-con-inner\">\n\t\t\t\t<div class=\"elementor-element elementor-element-60bc839 elementor-widget elementor-widget-text-editor\" data-id=\"60bc839\" data-element_type=\"widget\" data-e-type=\"widget\" data-widget_type=\"text-editor.default\">\n\t\t\t\t<div class=\"elementor-widget-container\">\n\t\t\t\t\t\t\t\t\t<h3>L\u00f8sningen m\u00e5 passe til oppgaven<\/h3>\n<p>En glassl\u00f8sning skal alltid tilpasses problemet. N\u00e5r det gjelder antirefleks og anti-glare-sglass snakker vi om ulike glass med ulike egenskaper, hvor oppgaven ofte velger glasset.<\/p>\n<p>Hos Mirit Glas har vi lang erfaring med \u00e5 produsere antirefleksglass eller anti-glare-glass som passer til form\u00e5let. Det kan v\u00e6re glass til for eksempel informasjonsstander eller kontrollskjermer som skal kunne betjenes i utfordrende milj\u00f8er.<\/p>\n<p>Det kan ogs\u00e5 v\u00e6re glass som brukes til \u00e5 vise gjenstander, og i mange tilfeller ogs\u00e5 beskytte disse gjenstandene mot UV-lys. Eller det kan v\u00e6re glass som skal kunne fungere foran kamera eller andre typer optiske sensorer.<\/p>\n<p>Derfor kan det v\u00e6re ulike forslag til hvilken type glass som velges for \u00e5 l\u00f8se problemet.<\/p>\n<p>Generelt sett skiller vi mellom to typer glass n\u00e5r vi skal behandle glass hvor refleksjon m\u00e5 unng\u00e5s. De to glasstypene produseres forskjellig og har ulike fordeler og ulemper.<br \/>\nDe to glasstypene er fundamentalt forskjellige n\u00e5r det kommer til hvilken teknologi som brukes for \u00e5 fjerne gjenskinn og reflekser. Den ene metoden g\u00e5r ut p\u00e5 \u00e5 redusere gjenskinn ved \u00e5 belegge glasset, mens den andre teknologien g\u00e5r ut p\u00e5 \u00e5 etse glasset veldig fint, slik at det ikke blir flate overflater som kan reflektere lys eller omgivelser. En vesentlig forskjell mellom disse typene er at den etsede antirefleksen er vanskeligere \u00e5 skrape opp enn den belagte antirefleksen.<\/p>\n<p>Samtidig finnes det mange varianter innenfor de to glasstypene. Derfor er det viktig \u00e5 se p\u00e5 form\u00e5let.<\/p>\n\t\t\t\t\t\t\t\t<\/div>\n\t\t\t\t<\/div>\n\t\t\t\t\t<\/div>\n\t\t\t\t<\/div>\n\t\t\t\t\t<\/div>\n\t\t\t\t<\/div>\n\t\t<div class=\"elementor-element elementor-element-36efb70 e-flex e-con-boxed e-con e-parent\" data-id=\"36efb70\" data-element_type=\"container\" data-e-type=\"container\">\n\t\t\t\t\t<div class=\"e-con-inner\">\n\t\t<div class=\"elementor-element elementor-element-a6f080c e-con-full e-flex e-con e-child\" data-id=\"a6f080c\" data-element_type=\"container\" data-e-type=\"container\">\n\t\t\t\t<div class=\"elementor-element elementor-element-843176e elementor-widget elementor-widget-image\" data-id=\"843176e\" data-element_type=\"widget\" data-e-type=\"widget\" data-widget_type=\"image.default\">\n\t\t\t\t<div class=\"elementor-widget-container\">\n\t\t\t\t\t\t\t\t\t\t\t\t\t\t\t<img decoding=\"async\" width=\"800\" height=\"571\" src=\"https:\/\/miritglas.com\/wp-content\/uploads\/2023\/08\/anti-refleks-foto-1024x731.jpg\" class=\"attachment-large size-large wp-image-1732\" alt=\"Antirefleksglas | Optisk glas med avanceret multilags coating eller kemisk overfladebehandling der reducerer refleksion fra ca. 4\u20138 % til under 1\u20132 %, \u00f8ger lystransmission og kontrast, minimerer genskin i displays, kontrolpaneler og udstillingsglas, samt sikrer h\u00f8j visuel klarhed i industrielle milj\u00f8er med kraftig belysning Anti-reflective glass | High-transmission optical glass with precision-engineered thin-film coatings applied on one or both surfaces to suppress surface reflectance, improve light throughput and visual clarity, and enable accurate readability in display systems, optical devices and technical installations exposed to strong ambient light\" srcset=\"https:\/\/miritglas.com\/wp-content\/uploads\/2023\/08\/anti-refleks-foto-1024x731.jpg 1024w, https:\/\/miritglas.com\/wp-content\/uploads\/2023\/08\/anti-refleks-foto-300x214.jpg 300w, https:\/\/miritglas.com\/wp-content\/uploads\/2023\/08\/anti-refleks-foto-768x549.jpg 768w, https:\/\/miritglas.com\/wp-content\/uploads\/2023\/08\/anti-refleks-foto-1536x1097.jpg 1536w, https:\/\/miritglas.com\/wp-content\/uploads\/2023\/08\/anti-refleks-foto-2048x1463.jpg 2048w\" sizes=\"(max-width: 800px) 100vw, 800px\" title=\"\">\t\t\t\t\t\t\t\t\t\t\t\t\t\t\t<\/div>\n\t\t\t\t<\/div>\n\t\t\t\t<div class=\"elementor-element elementor-element-c465170 elementor-widget elementor-widget-text-editor\" data-id=\"c465170\" data-element_type=\"widget\" data-e-type=\"widget\" data-widget_type=\"text-editor.default\">\n\t\t\t\t<div class=\"elementor-widget-container\">\n\t\t\t\t\t\t\t\t\t<h3>Antirefleksglass<\/h3>\n<p><strong>N\u00e5r man snakker om Anti-reflekterende glass , er det en egenskap som oppn\u00e5s ved \u00e5 belegge glasset. Det betyr at det er p\u00e5f\u00f8rt et antirefleksbelegg p\u00e5 toppen av glasset som reduserer refleksjoner og overflaterefleks. Belegget kan ogs\u00e5 filtrere visse b\u00f8lgelengder. Belegget best\u00e5r ofte av flere lag, hvis tykkelse m\u00e5les i nanometer.<\/strong><\/p>\n<p>Ideen om \u00e5 belegge et glass med en tynn film oppsto i 1886 med den engelske fysikeren og nobelprisvinneren Lord Rayleigh. Under sine eksperimenter og studier av hvordan lys oppf\u00f8rer seg, oppdaget Lord Rayleigh at et skittent belegg p\u00e5 toppen av et glass reduserte refleksjoner samtidig som det tillot en st\u00f8rre mengde lys \u00e5 passere gjennom glasset. Oppdagelsen f\u00f8rte til en rekke nye teorier om optikk, som har blitt foredlet over tid. Derfor kan vi i dag legge til utrolige egenskaper til glass ved \u00e5 belegge dem.<\/p>\n<p>Et belegg kan forbedre egenskapene til glasset og \u00f8ke for eksempel lysgjennomgangen opp til mer enn 98 %. Glasset vil virke nesten usynlig.<br \/>\nAnti-reflekterende glass er vanligvis belagt p\u00e5 to sider, fordi det er lettest \u00e5 belegge glass ved \u00e5 dyppe glassplaten i v\u00e6ske. Men i noen tilfeller brukes et vakuumkammer for \u00e5 belegge bare \u00e9n side, eller til \u00e5 belegge glasset med et annet belegg p\u00e5 hver side av glasset \u2013 noe som gj\u00f8r det mulig \u00e5 tilf\u00f8re glasset mer sofistikerte og m\u00e5lrettede egenskaper.<br \/>\nMange varianter av belagt glass kalles museumsglass, men \u2013 i hvert fall i forhold til mange av Mirit Glass kunder \u2013 gir dette et litt misvisende bilde av hvilke kunder som kan ha nytte av glasset.<br \/>\nFordi vi i Mirit Glas har spesialisert oss p\u00e5 \u00e5 levere skreddersydde l\u00f8sninger for industri og n\u00e6ringsliv, har vi en rekke kunder som trenger antirefleksglass av helt andre grunner enn utstilling og presentasjon av kunstverk og produkter.<br \/>\nFor selv om det er riktig at museer og butikker med dyre luksusprodukter bruker antirefleksglass for \u00e5 skape den beste opplevelsen av kunstverk, smykker og andre produkter, er antirefleksglass ogs\u00e5 ganske ofte brukt i industrielle og kommersielle l\u00f8sninger. Og her er belegget ofte mer komplekst og tilpasset et praktisk form\u00e5l.<br \/>\nEt eksempel kan v\u00e6re visuelle systemer, hvor antirefleksglass er alfa og omega for at bildekvaliteten blir h\u00f8y nok til \u00e5 forhindre feilproduksjon eller feilm\u00e5linger. Antirefleksjon brukes ikke bare i industrielle systemer, men ogs\u00e5 i frittst\u00e5ende kameral\u00f8sninger, hvor det er krav om h\u00f8y lysf\u00f8lsomhet og i enkelte situasjoner til og med kombinert med sekund\u00e6re belegg, som blokkerer visse deler av lysspekteret.<br \/>\nEt tilsvarende segment av kunder bruker ogs\u00e5 antirefleksglass for \u00e5 beskytte skjermer der det stilles h\u00f8ye krav til oppl\u00f8sning, fargespekter og kontraster. Det kan v\u00e6re i medisinske, tekniske og mediemilj\u00f8er, som trenger best mulige forhold for \u00e5 kunne utf\u00f8re arbeidet sitt.<br \/>\nDet er ogs\u00e5 kunder som trenger \u00e5 oppgradere tradisjonelle display- og infostandl\u00f8sninger slik at de kan fungere problemfritt i utfordrende milj\u00f8er. Det kan for eksempel v\u00e6re ber\u00f8ringsskjermer, hvor de normalt gode l\u00f8sningene bare ikke er gode nok.<br \/>\nEn mer vanlig bruk av antirefleksglass er enkle eller avanserte bilderammer for museer som \u00f8nsker \u00e5 beskytte malerier og eldre kunst- eller kulturgjenstander \u2013 gjerne krydret med et belegg som blokkerer skadelig UV-lys. Samme form\u00e5l er for gullsmeder, luksusbutikker eller andre som har behov for \u00e5 stille ut varer i et milj\u00f8 hvor glasset ikke skal forstyrre.<br \/>\nN\u00e5r Mirit Glass kunder velger en l\u00f8sning med antirefleksglass, er det ofte fordi de kan se en forretningsmessig fordel. Dette er profesjonelle kunder som enten av praktiske eller vitenskapelige \u00e5rsaker trenger den helt spesifikke kvaliteten, eller kunder som ser et konkurransefortrinn som klart oppveies av investeringen i \u00e5 f\u00e5 antirefleksglass, som kanskje til og med har dobbeltbelegg, som gir glasset ytterligere tilpassede egenskaper. Det kan v\u00e6re utfiltrering av UV, men det kan ogs\u00e5 v\u00e6re andre spesifikke egenskaper, for eksempel optimalisering av visse b\u00f8lgelengder i det synlige omr\u00e5det eller til og med i det infrar\u00f8de lysrommet (IR).<br \/>\nAntirefleksglass er glasset for den krevende kunden.<\/p>\n\t\t\t\t\t\t\t\t<\/div>\n\t\t\t\t<\/div>\n\t\t\t\t<\/div>\n\t\t<div class=\"elementor-element elementor-element-0412243 e-con-full e-flex e-con e-child\" data-id=\"0412243\" data-element_type=\"container\" data-e-type=\"container\">\n\t\t\t\t<div class=\"elementor-element elementor-element-55922f6 elementor-widget elementor-widget-image\" data-id=\"55922f6\" data-element_type=\"widget\" data-e-type=\"widget\" data-widget_type=\"image.default\">\n\t\t\t\t<div class=\"elementor-widget-container\">\n\t\t\t\t\t\t\t\t\t\t\t\t\t\t\t<img loading=\"lazy\" decoding=\"async\" width=\"800\" height=\"571\" src=\"https:\/\/miritglas.com\/wp-content\/uploads\/2023\/08\/anti-glare-foto-1024x731.jpg\" class=\"attachment-large size-large wp-image-1739\" alt=\"When in need of anti reflective glass or anti glare glass, contact Mirit Glas. We do supply companies with anti reflective glass and anti glare glass | anti-refleks glas\" srcset=\"https:\/\/miritglas.com\/wp-content\/uploads\/2023\/08\/anti-glare-foto-1024x731.jpg 1024w, https:\/\/miritglas.com\/wp-content\/uploads\/2023\/08\/anti-glare-foto-300x214.jpg 300w, https:\/\/miritglas.com\/wp-content\/uploads\/2023\/08\/anti-glare-foto-768x549.jpg 768w, https:\/\/miritglas.com\/wp-content\/uploads\/2023\/08\/anti-glare-foto-1536x1097.jpg 1536w, https:\/\/miritglas.com\/wp-content\/uploads\/2023\/08\/anti-glare-foto-2048x1463.jpg 2048w\" sizes=\"(max-width: 800px) 100vw, 800px\" title=\"\">\t\t\t\t\t\t\t\t\t\t\t\t\t\t\t<\/div>\n\t\t\t\t<\/div>\n\t\t\t\t<div class=\"elementor-element elementor-element-dea9771 elementor-widget elementor-widget-text-editor\" data-id=\"dea9771\" data-element_type=\"widget\" data-e-type=\"widget\" data-widget_type=\"text-editor.default\">\n\t\t\t\t<div class=\"elementor-widget-container\">\n\t\t\t\t\t\t\t\t\t<h3>Anti-glare glass<\/h3>\n<p><strong>Der antirefleksglass bruker et belegg for \u00e5 fjerne refleksjoner, er teknologien bak anti-glare-glass en helt annen. For \u00e5 fjerne refleksjonene bruker anti-glare-glass ikke belegg, glasset er i stedet lett etset inn i overflaten.<\/strong><\/p>\n<p>Etsingen av glasset skaper bittesm\u00e5 forskjeller i glassets overflate, noe som gj\u00f8r at det ikke er en flat overflate som kan reflektere lys, men uten at det g\u00e5r utover glassets overf\u00f8ringsevne. Anti-glare-lasset slipper vanligvis gjennom samme mengde lys som et vanlig glass, noe som betyr rundt 92 %.<\/p>\n<p>Akkurat som antirefleksglass kommer etset anti-glare-glass i mange varianter med ulike egenskaper, som er tilpasset ulike form\u00e5l.<\/p>\n<p>I forretningssammenheng kan anti-glare-glass l\u00f8se lysrefleksjonsproblemet i langt flere milj\u00f8er enn antirefleksglass, fordi glasset ikke er like s\u00e5rbart. Det kan brukes i mange flere sammenhenger \u2013 ogs\u00e5 i produksjonsmilj\u00f8er, hvor oljefingre kan komme p\u00e5 glasset. Samtidig er anti-glare-glasset typisk mer motstandsdyktig mot riper i glasset sammenlignet med et belagt antirefleksglass.<\/p>\n<p>Typisk velger kunden etset anti-glare n\u00e5r ber\u00f8ringsl\u00f8sninger skal lages i et produksjonsmilj\u00f8 hvor smuss og kontakt med skitne fingre ikke kan unng\u00e5s. I slike milj\u00f8er er det ogs\u00e5 typisk mange ulike ukontrollerbare lyskilder, p\u00e5 samme m\u00e5te som glasset kan risikere \u00e5 bli ripet opp.<\/p>\n<p>Anti-glare-glass brukes ikke bare for \u00e5 beskytte skjermer. Den brukes ogs\u00e5 for eksempel i forbindelse med belysningsl\u00f8sninger. Det etsede anti-glare-glasset kan ogs\u00e5 brukes til \u00e5 spre lys. Den kan monteres slik at den skjermer en lampe og brukes i enkelte l\u00f8sninger direkte som lampeglass. Anti-glare-glass produseres i mange ulike kvaliteter, avhengig av hva glasset skal brukes til. Skal glasset brukes til lampe gj\u00f8r det ikke noe at gjennomsiktigheten er lav, s\u00e5 lenge det sendes mest mulig lys gjennom glasset.<\/p>\n<p>Skal glasset derimot brukes til \u00e5 beskytte en ber\u00f8ringsskjerm i et produksjonsmilj\u00f8, s\u00e5 brukes et etset glass som i n\u00e6rkontakt med skjermen har stor gjennomsiktighet og gjengir farger klart og tydelig.<\/p>\n<p>Ruheten i etsningen har ofte betydning for hvordan glasset brukes best. Jo grovere etsningen er (st\u00f8rre ruhet), desto mer diffus er lysinntrengningen. Derfor jobber Mirit Glas alltid med ulike kategorier av \u00abruhet\u00bb n\u00e5r vi velger glasset som passer til v\u00e5re kunders l\u00f8sning.<\/p>\n<p><strong>Derfor velger industrikunder typisk anti-glare-glass.<\/strong><\/p>\n<p>Anti-glare-glass har universelle bruksomr\u00e5der. Anti-glare-glass brukes vanligvis foran skjermer, for skjermer, medisinske instrumenter eller ber\u00f8ringsskjermer. Den kan ogs\u00e5 brukes til arkadespillmaskiner og sm\u00e5 LED-skjermer.<br \/>\nOgs\u00e5 utend\u00f8rs er anti-glare-glass et popul\u00e6rt valg n\u00e5r du skal beskytte for eksempel skjermer og infostativ. Rett og slett fordi anti-glare-glass er den praktiske, fornuftige og ofte \u00f8konomisk beste l\u00f8sningen.<\/p>\n\t\t\t\t\t\t\t\t<\/div>\n\t\t\t\t<\/div>\n\t\t\t\t<\/div>\n\t\t\t\t\t<\/div>\n\t\t\t\t<\/div>\n\t\t<div class=\"elementor-element elementor-element-5614700 e-flex e-con-boxed e-con e-parent\" data-id=\"5614700\" data-element_type=\"container\" data-e-type=\"container\" data-settings=\"{&quot;background_background&quot;:&quot;classic&quot;}\">\n\t\t\t\t\t<div class=\"e-con-inner\">\n\t\t<div class=\"elementor-element elementor-element-34ffd5b e-con-full e-flex e-con e-child\" data-id=\"34ffd5b\" data-element_type=\"container\" data-e-type=\"container\">\n\t\t\t\t<div class=\"elementor-element elementor-element-decc9f7 elementor-widget elementor-widget-image\" data-id=\"decc9f7\" data-element_type=\"widget\" data-e-type=\"widget\" data-widget_type=\"image.default\">\n\t\t\t\t<div class=\"elementor-widget-container\">\n\t\t\t\t\t\t\t\t\t\t\t\t\t\t\t<img loading=\"lazy\" decoding=\"async\" width=\"270\" height=\"300\" src=\"https:\/\/miritglas.com\/wp-content\/uploads\/2023\/08\/antiglare-270x300.png\" class=\"attachment-medium size-medium wp-image-1746\" alt=\"anti glare glass technical presentation\" srcset=\"https:\/\/miritglas.com\/wp-content\/uploads\/2023\/08\/antiglare-270x300.png 270w, https:\/\/miritglas.com\/wp-content\/uploads\/2023\/08\/antiglare-921x1024.png 921w, https:\/\/miritglas.com\/wp-content\/uploads\/2023\/08\/antiglare-768x853.png 768w, https:\/\/miritglas.com\/wp-content\/uploads\/2023\/08\/antiglare.png 1060w\" sizes=\"(max-width: 270px) 100vw, 270px\" title=\"\">\t\t\t\t\t\t\t\t\t\t\t\t\t\t\t<\/div>\n\t\t\t\t<\/div>\n\t\t\t\t<div class=\"elementor-element elementor-element-eec7a40 elementor-widget elementor-widget-text-editor\" data-id=\"eec7a40\" data-element_type=\"widget\" data-e-type=\"widget\" data-widget_type=\"text-editor.default\">\n\t\t\t\t<div class=\"elementor-widget-container\">\n\t\t\t\t\t\t\t\t\t<p>Anti-glare-glass motvirker refleksjoner og blending p\u00e5 grunn av en overflate som er lett etset. Etsningen fra ganske lett til grov. Som en tommelfingerregel slipper imidlertid rundt 92 % av alt lys gjennom. Det er det samme som vanlig vindusglass. Dette betyr at rundt 8 % av lyset reflekteres og spres og mindre enn 1 % absorberes av glasset.<\/p>\n\t\t\t\t\t\t\t\t<\/div>\n\t\t\t\t<\/div>\n\t\t\t\t<\/div>\n\t\t<div class=\"elementor-element elementor-element-ed922cf e-con-full e-flex e-con e-child\" data-id=\"ed922cf\" data-element_type=\"container\" data-e-type=\"container\">\n\t\t\t\t<div class=\"elementor-element elementor-element-38697f4 elementor-widget elementor-widget-image\" data-id=\"38697f4\" data-element_type=\"widget\" data-e-type=\"widget\" data-widget_type=\"image.default\">\n\t\t\t\t<div class=\"elementor-widget-container\">\n\t\t\t\t\t\t\t\t\t\t\t\t\t\t\t<img loading=\"lazy\" decoding=\"async\" width=\"270\" height=\"300\" src=\"https:\/\/miritglas.com\/wp-content\/uploads\/2025\/03\/Unknown-3-270x300.png\" class=\"attachment-medium size-medium wp-image-5523\" alt=\"NO: Teknisk presentasjon av antirefleksglass med opptil over 99 % lystransmisjon.\" srcset=\"https:\/\/miritglas.com\/wp-content\/uploads\/2025\/03\/Unknown-3-270x300.png 270w, https:\/\/miritglas.com\/wp-content\/uploads\/2025\/03\/Unknown-3.png 578w\" sizes=\"(max-width: 270px) 100vw, 270px\" title=\"\">\t\t\t\t\t\t\t\t\t\t\t\t\t\t\t<\/div>\n\t\t\t\t<\/div>\n\t\t\t\t<div class=\"elementor-element elementor-element-a55336b elementor-widget elementor-widget-text-editor\" data-id=\"a55336b\" data-element_type=\"widget\" data-e-type=\"widget\" data-widget_type=\"text-editor.default\">\n\t\t\t\t<div class=\"elementor-widget-container\">\n\t\t\t\t\t\t\t\t\t<p>Antirefleksglass er glass som er belagt med en tynn film som s\u00f8rger for at lyset ikke reflekteres tilbake fra glasset, men i stedet str\u00f8mmer gjennom glasset. Det betyr at antirefleksglass slipper mer enn 98 prosent av lyset gjennom glasset, og med spesialbelegg opptil mer enn 99 %.<\/p>\n\t\t\t\t\t\t\t\t<\/div>\n\t\t\t\t<\/div>\n\t\t\t\t<\/div>\n\t\t\t\t\t<\/div>\n\t\t\t\t<\/div>\n\t\t\t\t<\/div>\n\t\t","protected":false},"featured_media":1732,"template":"","class_list":["post-3016","product","type-product","status-publish","has-post-thumbnail","hentry"],"acf":[],"_links":{"self":[{"href":"https:\/\/miritglas.com\/no\/wp-json\/wp\/v2\/product\/3016","targetHints":{"allow":["GET"]}}],"collection":[{"href":"https:\/\/miritglas.com\/no\/wp-json\/wp\/v2\/product"}],"about":[{"href":"https:\/\/miritglas.com\/no\/wp-json\/wp\/v2\/types\/product"}],"version-history":[{"count":10,"href":"https:\/\/miritglas.com\/no\/wp-json\/wp\/v2\/product\/3016\/revisions"}],"predecessor-version":[{"id":5537,"href":"https:\/\/miritglas.com\/no\/wp-json\/wp\/v2\/product\/3016\/revisions\/5537"}],"wp:featuredmedia":[{"embeddable":true,"href":"https:\/\/miritglas.com\/no\/wp-json\/wp\/v2\/media\/1732"}],"wp:attachment":[{"href":"https:\/\/miritglas.com\/no\/wp-json\/wp\/v2\/media?parent=3016"}],"curies":[{"name":"wp","href":"https:\/\/api.w.org\/{rel}","templated":true}]}}